{"id":11,"date":"2019-11-17T18:21:46","date_gmt":"2019-11-17T18:21:46","guid":{"rendered":"https:\/\/gamblingsam.com\/de\/?page_id=11"},"modified":"2025-09-04T07:35:32","modified_gmt":"2025-09-04T07:35:32","slug":"casino-boni","status":"publish","type":"page","link":"https:\/\/gamblingsam.com\/de\/casino-boni\/","title":{"rendered":"Casino boni"},"content":{"rendered":"\n<h1 class=\"wp-block-heading\">Casino Boni &#8211; Alles \u00fcber deutsche Casino Bonus<\/h1>\n\n\n\n<p>Deutsche Spieler, die online Casino spielen, lieben einen guten Bonus. Daher ist es kein Wunder, dass es bei deutschen Casinos eine F\u00fclle verschiedener Boni gibt. Da es heutzutage viele verschiedene Casino Boni gibt, ist es gut, die verschiedenen Versionen im Auge zu behalten. Der h\u00e4ufigste Bonus ist ein Willkommensboni, den Sie erhalten, wenn Sie ein neuer Kunde in einem Online Casino werden.<\/p>\n\n\n\n<p>Es dient als Willkommens Geschenk f\u00fcr Sie. Aber es gibt noch viel mehr Spa\u00df unter den Casino Boni in deutschen Casinos. Machen Sie mit bei GamblingSam und profitieren Sie von den verschiedenen Boni in Deutsche Online Casinos.<\/p>\n\n\n\n<h2 class=\"wp-block-heading\">Verschiedene Casino Boni bei deutschen Casinos<\/h2>\n\n\n\n<p>Heutzutage gibt es in deutschen Casinos verschiedene Casino Boni. Wir bei GamblingSam haben die h\u00e4ufigsten Varianten aufgelistet. Finden Sie einen Bonus, der zu Ihnen passt, und starten Sie in Ihr n\u00e4chstes Online Casino.<\/p>\n\n\n\n<h3 class=\"wp-block-heading\">Casino Bonus Einzahlung &#8211; Spielen Sie gratis Casino<\/h3>\n\n\n\n<p>Wenn Sie einen <a href=\"\/de\/casino-kostenlos\/\">kostenlosen<\/a> Bonus erhalten, k\u00f6nnen Sie ohne Risiko spielen. Das Online Casino gibt Ihnen einen kleinen Euro, um die Spielpalette mit zu erkunden. Das Beste an diesem Bonus ist, dass keine Einzahlung erforderlich ist. So k\u00f6nnen Sie gratis Casino spielen, aber gro\u00dfe Summen gewinnen. Bei deutschen Casinos ist ein Bonus ohne Einzahlung sehr verbreitet. Online Casinos wissen, wie sehr die Deutschen Boni lieben, sie tun alles, um ein gutes Angebot zu machen.<\/p>\n\n\n\n<p>Sie k\u00f6nnen dies als Spieler verwenden. Da Sie kein Geld einzahlen m\u00fcssen, k\u00f6nnen Sie das Online Casino testen. Da der Bonus v\u00f6llig kostenlos ist, k\u00f6nnen Sie das Casino wechseln, wenn Sie nicht zufrieden sind. Es ist nicht erforderlich, dass Sie Geld einzahlen m\u00fcssen. F\u00fcr Ihren Bonus k\u00f6nnen jedoch zus\u00e4tzliche Wettanforderungen gelten.<\/p>\n\n\n\n<h3 class=\"wp-block-heading\">Einzahlungsbonus &#8211; Das Casino entspricht Ihrer ersten Einzahlung<\/h3>\n\n\n\n<p>Wenn Sie zum ersten Mal Geld in einem Online Casino einzahlen, verdoppeln oder verdreifachen sie h\u00e4ufig Ihren Einsatz. Ein klassischer deutscher Casino Bonus betr\u00e4gt 100% bis zu 200 \u20ac. Wenn Sie eine Einzahlung von 200 \u20ac t\u00e4tigen, erhalten Sie 400 \u20ac zum Spielen. Es gibt Online Casinos, die wesentlich h\u00f6here Betr\u00e4ge anbieten.<\/p>\n\n\n\n<p>Mit einem Bonus bekommen Sie einen guten Start im Casino. Wenn Sie Ihren Einsatz verdoppeln, erhalten Sie deutlich mehr Geld zum Spielen. Dieses Geld muss auf jeden Fall umgesetzt werden, \u00fcberpr\u00fcfen Sie also immer die Wettanforderungen. Aber da das Casino Ihnen kostenloses Geld gibt, lohnt es sich.<\/p>\n\n\n\n<h3 class=\"wp-block-heading\">Freispiele &#8211; Spielen Sie kostenlos an Spielautomaten<\/h3>\n\n\n\n<p>Der h\u00e4ufigste Casino Bonus von allen sind <a href=\"\/de\/freispiele\/\">Free spins<\/a>. Dann erhalten Sie kostenlose Spins vom Online Casino, die Sie f\u00fcr Slots verwenden k\u00f6nnen. Wie viele Freispiele Sie erhalten, h\u00e4ngt davon ab, welches Casino Sie w\u00e4hlen. Einige geben Hunderte von Freispielen, andere deutlich weniger.<\/p>\n\n\n\n<p>Fast alle deutschen Casinos haben Freispiele in ihrem Willkommensboni. Das hei\u00dft, Sie k\u00f6nnen Tausende von Freispielen erhalten, wenn Sie m\u00f6chten. Wenn Sie einen Slot drehen, nimmt Ihre Registrierkasse normalerweise ab. Aber wenn Sie mit Free spins spielen, ist der Kontostand intakt, aber Sie k\u00f6nnen trotzdem gewinnen. Kein Wunder, dass Free spins so beliebt geworden sind, oder?<\/p>\n\n\n\n<h3 class=\"wp-block-heading\">Cashback Boni &#8211; Holen Sie sich Ihre Verluste zur\u00fcck<\/h3>\n\n\n\n<p>Mit Cashback erhalten Sie Teile Ihrer Verluste zur\u00fcck. Viele deutsche Casinos bieten heute Cashback an. Viele glauben nicht, dass dies der angenehmste Bonus ist. Gleichzeitig ist es gut, vom Online Casino Geld zur\u00fcck zu bekommen.<\/p>\n\n\n\n<p>Daher haben Sie beim Spielen mit Cashback eine etwas gr\u00f6\u00dfere Sicherheit. Zum Beispiel kann ein Casino 10% Cashback anbieten. Wenn Sie f\u00fcr 50 \u20ac spielen, erhalten Sie 5 \u20ac zur\u00fcck.<\/p>\n\n\n\n<h3 class=\"wp-block-heading\">Reload Boni bei Deutscher Casinos und Wettseiten<\/h3>\n\n\n\n<p>Es sind nicht nur Neukunden, die in deutschen Casinos Pr\u00e4mien erhalten k\u00f6nnen. Als bestehender Kunde k\u00f6nnen Sie mehrere <a href=\"\/de\/neue-online-casinos\/\">neue Casino<\/a> Boni auf Ihre Einzahlungen erhalten. Diese Boni werden Reload Boni genannt und bedeuten, dass das Casino Ihren bevorstehenden Einzahlungen entspricht. Auf diese Weise erhalten Sie jedes Mal mehr Bonus, wenn Sie spielen und eine Einzahlung t\u00e4tigen.<\/p>\n\n\n\n<p>Reload Boni sind eine M\u00f6glichkeit f\u00fcr <a href=\"http:\/\/gamblingsam.com\/de\/\">Online Casinos<\/a> und Wettseiten, ihre Kunden zu binden. Daher k\u00f6nnen Sie davon ausgehen, dass der Bonus auch in Zukunft in deutschen Casinos zu sehen sein wird.<\/p>\n\n\n<div class=\"wp-block-image\">\n<figure class=\"aligncenter size-large\"><img loading=\"lazy\" decoding=\"async\" width=\"1024\" height=\"481\" src=\"https:\/\/gamblingsam.com\/de\/wp-content\/media\/sites\/4\/2020\/01\/iStock-999385298-1-1024x481.png\" alt=\"Casino Boni - Alles \u00fcber deutsche Casino Bonus\" class=\"wp-image-103\" srcset=\"https:\/\/gamblingsam.com\/de\/wp-content\/media\/sites\/4\/2020\/01\/iStock-999385298-1-1024x481.png 1024w, https:\/\/gamblingsam.com\/de\/wp-content\/media\/sites\/4\/2020\/01\/iStock-999385298-1-300x141.png 300w, https:\/\/gamblingsam.com\/de\/wp-content\/media\/sites\/4\/2020\/01\/iStock-999385298-1-768x361.png 768w, https:\/\/gamblingsam.com\/de\/wp-content\/media\/sites\/4\/2020\/01\/iStock-999385298-1.png 1310w\" sizes=\"auto, (max-width: 1024px) 100vw, 1024px\" \/><\/figure><\/div>\n\n\n<h3 class=\"wp-block-heading\">Bonus ohne Wettanforderungen<\/h3>\n\n\n\n<p>Normalerweise gibt es immer Wettanforderungen f\u00fcr Ihre Gewinne. Aber mit einem Bonus ohne Umsatz vermeiden Sie dies. Daher genie\u00dfen viele deutsche Spieler bonusfreie Boni.<\/p>\n\n\n\n<p>Heutzutage sind Boni ohne Wettanforderungen keine Seltenheit mehr. Erhalten Sie noch heute einen Bonus, f\u00fcr den kein Umsatz erforderlich ist. Es besteht die Gefahr, dass Sie Ihr Geld verlieren, wenn Sie mit ihnen handeln m\u00fcssen. Mit einem Bonus ohne Umsatz vermeiden Sie dies.<\/p>\n","protected":false},"excerpt":{"rendered":"<p>Casino Boni &#8211; Alles \u00fcber deutsche Casino Bonus Deutsche Spieler, die online Casino spielen, lieben einen guten Bonus. Daher ist es kein Wunder, dass es bei deutschen Casinos eine F\u00fclle <a href=\"https:\/\/gamblingsam.com\/de\/casino-boni\/\">&#8230;.<\/a><\/p>\n","protected":false},"author":1,"featured_media":0,"parent":0,"menu_order":0,"comment_status":"closed","ping_status":"closed","template":"","meta":{"footnotes":""},"class_list":["post-11","page","type-page","status-publish","hentry"],"yoast_head":"<!-- This site is optimized with the Yoast SEO plugin v27.4 - https:\/\/yoast.com\/product\/yoast-seo-wordpress\/ -->\n<title>Casino Boni - Alles \u00fcber deutsche Casino Bonus<\/title>\n<meta name=\"description\" content=\"Spielen Sie in deutschen Online Casinos mit einem Casino Boni. Wir geben Ihnen alles \u00fcber Casino Boni ohne Einzahlung, kostenloses Casino und Freispiele.\" \/>\n<meta name=\"robots\" content=\"index, follow, max-snippet:-1, max-image-preview:large, max-video-preview:-1\" \/>\n<link rel=\"canonical\" href=\"https:\/\/gamblingsam.com\/de\/casino-boni\/\" \/>\n<meta property=\"og:locale\" content=\"de_DE\" \/>\n<meta property=\"og:type\" content=\"article\" \/>\n<meta property=\"og:title\" content=\"Casino Boni - Alles \u00fcber deutsche Casino Bonus\" \/>\n<meta property=\"og:description\" content=\"Spielen Sie in deutschen Online Casinos mit einem Casino Boni. Wir geben Ihnen alles \u00fcber Casino Boni ohne Einzahlung, kostenloses Casino und Freispiele.\" \/>\n<meta property=\"og:url\" content=\"https:\/\/gamblingsam.com\/de\/casino-boni\/\" \/>\n<meta property=\"og:site_name\" content=\"GamblingSam.com\" \/>\n<meta property=\"article:modified_time\" content=\"2025-09-04T07:35:32+00:00\" \/>\n<meta property=\"og:image\" content=\"https:\/\/gamblingsam.com\/de\/wp-content\/media\/sites\/4\/2020\/01\/iStock-999385298-1.png\" \/>\n\t<meta property=\"og:image:width\" content=\"1310\" \/>\n\t<meta property=\"og:image:height\" content=\"615\" \/>\n\t<meta property=\"og:image:type\" content=\"image\/png\" \/>\n<meta name=\"twitter:card\" content=\"summary_large_image\" \/>\n<meta name=\"twitter:label1\" content=\"Gesch\u00e4tzte Lesezeit\" \/>\n\t<meta name=\"twitter:data1\" content=\"5\u00a0Minuten\" \/>\n<script type=\"application\/ld+json\" class=\"yoast-schema-graph\">{\"@context\":\"https:\\\/\\\/schema.org\",\"@graph\":[{\"@type\":\"WebPage\",\"@id\":\"https:\\\/\\\/gamblingsam.com\\\/de\\\/casino-boni\\\/\",\"url\":\"https:\\\/\\\/gamblingsam.com\\\/de\\\/casino-boni\\\/\",\"name\":\"Casino Boni - Alles \u00fcber deutsche Casino Bonus\",\"isPartOf\":{\"@id\":\"https:\\\/\\\/gamblingsam.com\\\/de\\\/#website\"},\"primaryImageOfPage\":{\"@id\":\"https:\\\/\\\/gamblingsam.com\\\/de\\\/casino-boni\\\/#primaryimage\"},\"image\":{\"@id\":\"https:\\\/\\\/gamblingsam.com\\\/de\\\/casino-boni\\\/#primaryimage\"},\"thumbnailUrl\":\"https:\\\/\\\/gamblingsam.com\\\/de\\\/wp-content\\\/media\\\/sites\\\/4\\\/2020\\\/01\\\/iStock-999385298-1-1024x481.png\",\"datePublished\":\"2019-11-17T18:21:46+00:00\",\"dateModified\":\"2025-09-04T07:35:32+00:00\",\"description\":\"Spielen Sie in deutschen Online Casinos mit einem Casino Boni. Wir geben Ihnen alles \u00fcber Casino Boni ohne Einzahlung, kostenloses Casino und Freispiele.\",\"breadcrumb\":{\"@id\":\"https:\\\/\\\/gamblingsam.com\\\/de\\\/casino-boni\\\/#breadcrumb\"},\"inLanguage\":\"de\",\"potentialAction\":[{\"@type\":\"ReadAction\",\"target\":[\"https:\\\/\\\/gamblingsam.com\\\/de\\\/casino-boni\\\/\"]}]},{\"@type\":\"ImageObject\",\"inLanguage\":\"de\",\"@id\":\"https:\\\/\\\/gamblingsam.com\\\/de\\\/casino-boni\\\/#primaryimage\",\"url\":\"https:\\\/\\\/gamblingsam.com\\\/de\\\/wp-content\\\/media\\\/sites\\\/4\\\/2020\\\/01\\\/iStock-999385298-1.png\",\"contentUrl\":\"https:\\\/\\\/gamblingsam.com\\\/de\\\/wp-content\\\/media\\\/sites\\\/4\\\/2020\\\/01\\\/iStock-999385298-1.png\",\"width\":1310,\"height\":615},{\"@type\":\"BreadcrumbList\",\"@id\":\"https:\\\/\\\/gamblingsam.com\\\/de\\\/casino-boni\\\/#breadcrumb\",\"itemListElement\":[{\"@type\":\"ListItem\",\"position\":1,\"name\":\"Home\",\"item\":\"https:\\\/\\\/gamblingsam.com\\\/de\\\/\"},{\"@type\":\"ListItem\",\"position\":2,\"name\":\"Casino boni\"}]},{\"@type\":\"WebSite\",\"@id\":\"https:\\\/\\\/gamblingsam.com\\\/de\\\/#website\",\"url\":\"https:\\\/\\\/gamblingsam.com\\\/de\\\/\",\"name\":\"GamblingSam.com\",\"description\":\"\",\"potentialAction\":[{\"@type\":\"SearchAction\",\"target\":{\"@type\":\"EntryPoint\",\"urlTemplate\":\"https:\\\/\\\/gamblingsam.com\\\/de\\\/?s={search_term_string}\"},\"query-input\":{\"@type\":\"PropertyValueSpecification\",\"valueRequired\":true,\"valueName\":\"search_term_string\"}}],\"inLanguage\":\"de\"}]}<\/script>\n<!-- \/ Yoast SEO plugin. -->","yoast_head_json":{"title":"Casino Boni - Alles \u00fcber deutsche Casino Bonus","description":"Spielen Sie in deutschen Online Casinos mit einem Casino Boni. Wir geben Ihnen alles \u00fcber Casino Boni ohne Einzahlung, kostenloses Casino und Freispiele.","robots":{"index":"index","follow":"follow","max-snippet":"max-snippet:-1","max-image-preview":"max-image-preview:large","max-video-preview":"max-video-preview:-1"},"canonical":"https:\/\/gamblingsam.com\/de\/casino-boni\/","og_locale":"de_DE","og_type":"article","og_title":"Casino Boni - Alles \u00fcber deutsche Casino Bonus","og_description":"Spielen Sie in deutschen Online Casinos mit einem Casino Boni. Wir geben Ihnen alles \u00fcber Casino Boni ohne Einzahlung, kostenloses Casino und Freispiele.","og_url":"https:\/\/gamblingsam.com\/de\/casino-boni\/","og_site_name":"GamblingSam.com","article_modified_time":"2025-09-04T07:35:32+00:00","og_image":[{"width":1310,"height":615,"url":"https:\/\/gamblingsam.com\/de\/wp-content\/media\/sites\/4\/2020\/01\/iStock-999385298-1.png","type":"image\/png"}],"twitter_card":"summary_large_image","twitter_misc":{"Gesch\u00e4tzte Lesezeit":"5\u00a0Minuten"},"schema":{"@context":"https:\/\/schema.org","@graph":[{"@type":"WebPage","@id":"https:\/\/gamblingsam.com\/de\/casino-boni\/","url":"https:\/\/gamblingsam.com\/de\/casino-boni\/","name":"Casino Boni - Alles \u00fcber deutsche Casino Bonus","isPartOf":{"@id":"https:\/\/gamblingsam.com\/de\/#website"},"primaryImageOfPage":{"@id":"https:\/\/gamblingsam.com\/de\/casino-boni\/#primaryimage"},"image":{"@id":"https:\/\/gamblingsam.com\/de\/casino-boni\/#primaryimage"},"thumbnailUrl":"https:\/\/gamblingsam.com\/de\/wp-content\/media\/sites\/4\/2020\/01\/iStock-999385298-1-1024x481.png","datePublished":"2019-11-17T18:21:46+00:00","dateModified":"2025-09-04T07:35:32+00:00","description":"Spielen Sie in deutschen Online Casinos mit einem Casino Boni. Wir geben Ihnen alles \u00fcber Casino Boni ohne Einzahlung, kostenloses Casino und Freispiele.","breadcrumb":{"@id":"https:\/\/gamblingsam.com\/de\/casino-boni\/#breadcrumb"},"inLanguage":"de","potentialAction":[{"@type":"ReadAction","target":["https:\/\/gamblingsam.com\/de\/casino-boni\/"]}]},{"@type":"ImageObject","inLanguage":"de","@id":"https:\/\/gamblingsam.com\/de\/casino-boni\/#primaryimage","url":"https:\/\/gamblingsam.com\/de\/wp-content\/media\/sites\/4\/2020\/01\/iStock-999385298-1.png","contentUrl":"https:\/\/gamblingsam.com\/de\/wp-content\/media\/sites\/4\/2020\/01\/iStock-999385298-1.png","width":1310,"height":615},{"@type":"BreadcrumbList","@id":"https:\/\/gamblingsam.com\/de\/casino-boni\/#breadcrumb","itemListElement":[{"@type":"ListItem","position":1,"name":"Home","item":"https:\/\/gamblingsam.com\/de\/"},{"@type":"ListItem","position":2,"name":"Casino boni"}]},{"@type":"WebSite","@id":"https:\/\/gamblingsam.com\/de\/#website","url":"https:\/\/gamblingsam.com\/de\/","name":"GamblingSam.com","description":"","potentialAction":[{"@type":"SearchAction","target":{"@type":"EntryPoint","urlTemplate":"https:\/\/gamblingsam.com\/de\/?s={search_term_string}"},"query-input":{"@type":"PropertyValueSpecification","valueRequired":true,"valueName":"search_term_string"}}],"inLanguage":"de"}]}},"_links":{"self":[{"href":"https:\/\/gamblingsam.com\/de\/wp-json\/wp\/v2\/pages\/11","targetHints":{"allow":["GET"]}}],"collection":[{"href":"https:\/\/gamblingsam.com\/de\/wp-json\/wp\/v2\/pages"}],"about":[{"href":"https:\/\/gamblingsam.com\/de\/wp-json\/wp\/v2\/types\/page"}],"author":[{"embeddable":true,"href":"https:\/\/gamblingsam.com\/de\/wp-json\/wp\/v2\/users\/1"}],"replies":[{"embeddable":true,"href":"https:\/\/gamblingsam.com\/de\/wp-json\/wp\/v2\/comments?post=11"}],"version-history":[{"count":7,"href":"https:\/\/gamblingsam.com\/de\/wp-json\/wp\/v2\/pages\/11\/revisions"}],"predecessor-version":[{"id":264,"href":"https:\/\/gamblingsam.com\/de\/wp-json\/wp\/v2\/pages\/11\/revisions\/264"}],"wp:attachment":[{"href":"https:\/\/gamblingsam.com\/de\/wp-json\/wp\/v2\/media?parent=11"}],"curies":[{"name":"wp","href":"https:\/\/api.w.org\/{rel}","templated":true}]}}