{"id":122,"date":"2020-03-31T07:25:04","date_gmt":"2020-03-31T07:25:04","guid":{"rendered":"https:\/\/gamblingsam.com\/de\/?page_id=122"},"modified":"2025-09-04T07:39:39","modified_gmt":"2025-09-04T07:39:39","slug":"slots","status":"publish","type":"page","link":"https:\/\/gamblingsam.com\/de\/slots\/","title":{"rendered":"Slots"},"content":{"rendered":"\n<h1 class=\"wp-block-heading\">Slots online &#8211; Spin on Spielautomaten<\/h1>\n\n\n\n<p>Spielautomaten sind wohl die Art von Casinospielen, die bei deutschen Casinos und bei deutschen Spielern am beliebtesten sind. In einem Online-Casino gibt es normalerweise Tausende verschiedener Slots in all ihren Formen. Das ist ein Beweis daf\u00fcr, wie beliebt diese Spieleart ist. Die meisten Spielehersteller bringen neue Spielautomaten wie auf dem Laufband auf den Markt. Und das Interesse an Spielautomaten w\u00e4chst weiter, so dass es dieser Trend wohl auch fortgef\u00fchrt werden wird. W\u00e4hlen Sie noch heute einen Spielautomaten und beginnen Sie mit Ihrem Gl\u00fccksspiel. Wenn Sie noch keinen Slot getestet haben, ist es heute h\u00f6chste Zeit, dies zu tun. Und vielleicht werden Sie der Besitzer des n\u00e4chsten gro\u00dfen Jackpots in einem <a href=\"https:\/\/gamblingsam.com\/de\/neue-online-casinos\/\">deutschen Online-Casino<\/a>.<\/p>\n\n\n\n<h2 class=\"wp-block-heading\">Der Weg des Spielautomaten zum Online-Casino<\/h2>\n\n\n\n<p>Lange Zeit gab es nur physische Orte, in denen man an Spielautomaten sein Gl\u00fcck probieren konnte. Pubs, Restaurants, Casinos und Pizzerien sind seit langem Orte, an welche sich deutsche Spieler wenden konnten, wenn sie etwas Zeit an einem Slot verbringen wollten. Das waren noch vor einigen Jahren die einzigen M\u00f6glichkeiten daf\u00fcr, aber heute sieht es anders aus. Fr\u00fcher gab es nur physische Maschinen, heute jedoch spielen die meisten Menschen in Online Casinos.<\/p>\n\n\n\n<p>Als Ende der neunziger Jahre deutsche Online Casinos entstanden, waren die Spielautomaten auch die ersten Features, die sich etablierten. Die Popularit\u00e4t der Spielautomaten ist seitdem stetig gestiegen und heute ist es die Spielform, die bei Deutschen Spielern am beliebtesten ist. Starten Sie noch heute in einem deutschen Casino und spielen Sie online Slots. Spa\u00df ist dabei garantiert.<\/p>\n\n\n\n<h3 class=\"wp-block-heading\">Die Struktur der Spielautomaten<\/h3>\n\n\n\n<p>Ein Spielautomat besteht aus R\u00e4dern und Reihen. Die genaue Anzahl h\u00e4ngt vom Spielehersteller ab, der den Spielautomaten erstellt hat. Am h\u00e4ufigsten ist die Anzahl der R\u00e4der vier oder f\u00fcnf, w\u00e4hrend die Anzahl der Reihen normalerweise zwischen drei und f\u00fcnf variiert. Verschiedene Spielehersteller bevorzugen unterschiedliche Builds an einem Spielautomaten.<\/p>\n\n\n\n<p>Dar\u00fcber hinaus gibt es normalerweise Joker-Symbole und Bonus-Sybole. Ein Joker Symbol fungiert im Kartenspiel als Joker, dh es ersetzt alle anderen Symbole. Dies erh\u00f6ht die Gewinnchance bei jeder Drehung. Ein Bonus-symbol ist ebenfalls etwas Besonderes, jedoch aus einem anderen Grund. In den meisten Spielautomaten bedeuten drei Bonus-Symbole, dass Sie den Freispielmodus aktivieren. Dann erhalten Sie eine bestimmte Anzahl von Freispielen in einem Spielautomaten, die Ihnen die Chance geben, zu gewinnen, w\u00e4hrend Ihr Guthaben nicht sinkt.<\/p>\n\n\n\n<h3 class=\"wp-block-heading\">Progressive Jackpots sind eine beliebte Variante<\/h3>\n\n\n\n<p>Eine \u00e4u\u00dferst beliebte Art von Spielautomaten sind die mit progressiven Jackpots. Dann nimmt der Spielehersteller einen Teil vom Umsatz und legt diesen in einen f\u00fcr den Jackpot bestimmten Side Pot. Dieser w\u00e4chst mit jedem Spiel, solange bis jemand gewinnt. Daher werden bei den beliebtesten progressiven Jackpot Spielen die Betr\u00e4ge oft in astronomischen Summen enden. Aus progressiven Jackpots wurden Gewinne in H\u00f6he von mehreren hundert Millionen Euro ausgezahlt. Der Rekord wurde bei Microgamings Mega Moolah gewonnen, als ein Brite alleine \u00fcber 18 Millionen Euro gewann. Andere beliebte Slots mit progressiven Jackpots sind Mega Fortune, Joker Millions und Hall of Gods.<\/p>\n\n\n\n<p>Die meisten Slots in einem <a href=\"https:\/\/gamblingsam.com\/de\">Online Casino<\/a> haben aber feste Jackpots. Dann ist ein gro\u00dfer Gewinn von Anbeginn in den Spielautomaten eingebaut. Dieser bleibt allerdings immer gleich hoch. Daher wird der Jackpot als fest bezeichnet, da er sich nicht \u00e4ndert. Die meisten Leute bevorzugen progressive Jackpots ohne Grenze nach oben. Dennoch gibt es noch immer viel Grund zur Freude, wenn man sich als Gewinner von einem festen Jackpot bezeichnen darf. Was Sie am Ende w\u00e4hlen, liegt bei Ihnen.<\/p>\n\n\n\n<h3 class=\"wp-block-heading\">Megaways Slots<\/h3>\n\n\n\n<p>Eines der derzeit beliebtesten Konzepte eines Spielautomaten bei deutschen Spielern sind Megaways-Spielautomaten. In dieser Art von Slot gibt es keine feste Anzahl von Zeilen, jedoch variieren diese mit jeder Drehung und k\u00f6nnen sich erweitern. Auf diese Weise variiert die Anzahl der Gewinnpfade auch in Abh\u00e4ngigkeit von der Anzahl der Linien, die in einem Spin erscheinen. Um es Ihnen einfacher zu machen, ist normalerweise immer klar, wie viele Gewinnpfade an jedem Slot verf\u00fcgbar sind. Dies geht aus dem Informationsbeschreibung eines jeden Spiels hervor. Es war der australische Spielehersteller Big Time Gaming, der das Konzept entwickelte, das heute auf der ganzen Welt unglaublich popul\u00e4r geworden ist.<\/p>\n\n\n\n<p>Bei einer Gewinnlinie geht es einfach darum, wie die Symbole positioniert werden sollten, um einen Gewinn zu erzielen. Alle Gewinnlinien haben unterschiedliche Werte. In einem Megaways-Slot sind die Gewinnlinien h\u00f6her, was die Gewinnchance auch erh\u00f6ht. Gleichzeitig kann ein Spielautomat mit wenigen Gewinnlinien auch Gewinne erzielen, vielleicht sogar gr\u00f6\u00dfere Gewinne, selbst wenn dies nicht so h\u00e4ufig vorkommt.<\/p>\n","protected":false},"excerpt":{"rendered":"<p>Slots online &#8211; Spin on Spielautomaten Spielautomaten sind wohl die Art von Casinospielen, die bei deutschen Casinos und bei deutschen Spielern am beliebtesten sind. In einem Online-Casino gibt es normalerweise <a href=\"https:\/\/gamblingsam.com\/de\/slots\/\">&#8230;.<\/a><\/p>\n","protected":false},"author":1,"featured_media":0,"parent":0,"menu_order":0,"comment_status":"closed","ping_status":"closed","template":"","meta":{"footnotes":""},"class_list":["post-122","page","type-page","status-publish","hentry"],"yoast_head":"<!-- This site is optimized with the Yoast SEO plugin v27.6 - https:\/\/yoast.com\/product\/yoast-seo-wordpress\/ -->\n<title>Slots online - drehen Sie noch heute an einem Spielautomaten<\/title>\n<meta name=\"description\" content=\"Mit Slots Online erhalten Sie die weltweit beliebtesten Online- Casinospiele. Lesen Sie hier alles \u00fcber Spielautomaten.\" \/>\n<meta name=\"robots\" content=\"index, follow, max-snippet:-1, max-image-preview:large, max-video-preview:-1\" \/>\n<link rel=\"canonical\" href=\"https:\/\/gamblingsam.com\/de\/slots\/\" \/>\n<meta property=\"og:locale\" content=\"de_DE\" \/>\n<meta property=\"og:type\" content=\"article\" \/>\n<meta property=\"og:title\" content=\"Slots online - drehen Sie noch heute an einem Spielautomaten\" \/>\n<meta property=\"og:description\" content=\"Mit Slots Online erhalten Sie die weltweit beliebtesten Online- Casinospiele. Lesen Sie hier alles \u00fcber Spielautomaten.\" \/>\n<meta property=\"og:url\" content=\"https:\/\/gamblingsam.com\/de\/slots\/\" \/>\n<meta property=\"og:site_name\" content=\"GamblingSam.com\" \/>\n<meta property=\"article:modified_time\" content=\"2025-09-04T07:39:39+00:00\" \/>\n<meta name=\"twitter:card\" content=\"summary_large_image\" \/>\n<meta name=\"twitter:label1\" content=\"Gesch\u00e4tzte Lesezeit\" \/>\n\t<meta name=\"twitter:data1\" content=\"5\u00a0Minuten\" \/>\n<script type=\"application\/ld+json\" class=\"yoast-schema-graph\">{\"@context\":\"https:\\\/\\\/schema.org\",\"@graph\":[{\"@type\":\"WebPage\",\"@id\":\"https:\\\/\\\/gamblingsam.com\\\/de\\\/slots\\\/\",\"url\":\"https:\\\/\\\/gamblingsam.com\\\/de\\\/slots\\\/\",\"name\":\"Slots online - drehen Sie noch heute an einem Spielautomaten\",\"isPartOf\":{\"@id\":\"https:\\\/\\\/gamblingsam.com\\\/de\\\/#website\"},\"datePublished\":\"2020-03-31T07:25:04+00:00\",\"dateModified\":\"2025-09-04T07:39:39+00:00\",\"description\":\"Mit Slots Online erhalten Sie die weltweit beliebtesten Online- Casinospiele. Lesen Sie hier alles \u00fcber Spielautomaten.\",\"breadcrumb\":{\"@id\":\"https:\\\/\\\/gamblingsam.com\\\/de\\\/slots\\\/#breadcrumb\"},\"inLanguage\":\"de\",\"potentialAction\":[{\"@type\":\"ReadAction\",\"target\":[\"https:\\\/\\\/gamblingsam.com\\\/de\\\/slots\\\/\"]}]},{\"@type\":\"BreadcrumbList\",\"@id\":\"https:\\\/\\\/gamblingsam.com\\\/de\\\/slots\\\/#breadcrumb\",\"itemListElement\":[{\"@type\":\"ListItem\",\"position\":1,\"name\":\"Home\",\"item\":\"https:\\\/\\\/gamblingsam.com\\\/de\\\/\"},{\"@type\":\"ListItem\",\"position\":2,\"name\":\"Slots\"}]},{\"@type\":\"WebSite\",\"@id\":\"https:\\\/\\\/gamblingsam.com\\\/de\\\/#website\",\"url\":\"https:\\\/\\\/gamblingsam.com\\\/de\\\/\",\"name\":\"GamblingSam.com\",\"description\":\"\",\"potentialAction\":[{\"@type\":\"SearchAction\",\"target\":{\"@type\":\"EntryPoint\",\"urlTemplate\":\"https:\\\/\\\/gamblingsam.com\\\/de\\\/?s={search_term_string}\"},\"query-input\":{\"@type\":\"PropertyValueSpecification\",\"valueRequired\":true,\"valueName\":\"search_term_string\"}}],\"inLanguage\":\"de\"}]}<\/script>\n<!-- \/ Yoast SEO plugin. -->","yoast_head_json":{"title":"Slots online - drehen Sie noch heute an einem Spielautomaten","description":"Mit Slots Online erhalten Sie die weltweit beliebtesten Online- Casinospiele. Lesen Sie hier alles \u00fcber Spielautomaten.","robots":{"index":"index","follow":"follow","max-snippet":"max-snippet:-1","max-image-preview":"max-image-preview:large","max-video-preview":"max-video-preview:-1"},"canonical":"https:\/\/gamblingsam.com\/de\/slots\/","og_locale":"de_DE","og_type":"article","og_title":"Slots online - drehen Sie noch heute an einem Spielautomaten","og_description":"Mit Slots Online erhalten Sie die weltweit beliebtesten Online- Casinospiele. Lesen Sie hier alles \u00fcber Spielautomaten.","og_url":"https:\/\/gamblingsam.com\/de\/slots\/","og_site_name":"GamblingSam.com","article_modified_time":"2025-09-04T07:39:39+00:00","twitter_card":"summary_large_image","twitter_misc":{"Gesch\u00e4tzte Lesezeit":"5\u00a0Minuten"},"schema":{"@context":"https:\/\/schema.org","@graph":[{"@type":"WebPage","@id":"https:\/\/gamblingsam.com\/de\/slots\/","url":"https:\/\/gamblingsam.com\/de\/slots\/","name":"Slots online - drehen Sie noch heute an einem Spielautomaten","isPartOf":{"@id":"https:\/\/gamblingsam.com\/de\/#website"},"datePublished":"2020-03-31T07:25:04+00:00","dateModified":"2025-09-04T07:39:39+00:00","description":"Mit Slots Online erhalten Sie die weltweit beliebtesten Online- Casinospiele. Lesen Sie hier alles \u00fcber Spielautomaten.","breadcrumb":{"@id":"https:\/\/gamblingsam.com\/de\/slots\/#breadcrumb"},"inLanguage":"de","potentialAction":[{"@type":"ReadAction","target":["https:\/\/gamblingsam.com\/de\/slots\/"]}]},{"@type":"BreadcrumbList","@id":"https:\/\/gamblingsam.com\/de\/slots\/#breadcrumb","itemListElement":[{"@type":"ListItem","position":1,"name":"Home","item":"https:\/\/gamblingsam.com\/de\/"},{"@type":"ListItem","position":2,"name":"Slots"}]},{"@type":"WebSite","@id":"https:\/\/gamblingsam.com\/de\/#website","url":"https:\/\/gamblingsam.com\/de\/","name":"GamblingSam.com","description":"","potentialAction":[{"@type":"SearchAction","target":{"@type":"EntryPoint","urlTemplate":"https:\/\/gamblingsam.com\/de\/?s={search_term_string}"},"query-input":{"@type":"PropertyValueSpecification","valueRequired":true,"valueName":"search_term_string"}}],"inLanguage":"de"}]}},"_links":{"self":[{"href":"https:\/\/gamblingsam.com\/de\/wp-json\/wp\/v2\/pages\/122","targetHints":{"allow":["GET"]}}],"collection":[{"href":"https:\/\/gamblingsam.com\/de\/wp-json\/wp\/v2\/pages"}],"about":[{"href":"https:\/\/gamblingsam.com\/de\/wp-json\/wp\/v2\/types\/page"}],"author":[{"embeddable":true,"href":"https:\/\/gamblingsam.com\/de\/wp-json\/wp\/v2\/users\/1"}],"replies":[{"embeddable":true,"href":"https:\/\/gamblingsam.com\/de\/wp-json\/wp\/v2\/comments?post=122"}],"version-history":[{"count":3,"href":"https:\/\/gamblingsam.com\/de\/wp-json\/wp\/v2\/pages\/122\/revisions"}],"predecessor-version":[{"id":269,"href":"https:\/\/gamblingsam.com\/de\/wp-json\/wp\/v2\/pages\/122\/revisions\/269"}],"wp:attachment":[{"href":"https:\/\/gamblingsam.com\/de\/wp-json\/wp\/v2\/media?parent=122"}],"curies":[{"name":"wp","href":"https:\/\/api.w.org\/{rel}","templated":true}]}}