{"id":125,"date":"2020-03-31T07:30:31","date_gmt":"2020-03-31T07:30:31","guid":{"rendered":"https:\/\/gamblingsam.com\/de\/?page_id=125"},"modified":"2025-09-04T07:42:05","modified_gmt":"2025-09-04T07:42:05","slug":"sportwetten-boni","status":"publish","type":"page","link":"https:\/\/gamblingsam.com\/de\/sportwetten-boni\/","title":{"rendered":"Sportwetten boni"},"content":{"rendered":"\n<h1 class=\"wp-block-heading\">Sportwetten Boni &#8211; Mehr Wetten mit einem Bonus<\/h1>\n\n\n\n<p>Deutsche Spieler, die mehr aus ihren Wetten herausholen m\u00f6chten, fangen am besten mit einem Willkommensbonus in einem neuen tollen Online Casino an. Dann besteht die M\u00f6glichkeit, die Bandbreite der Gewinnchancen und M\u00e4rkte zu erkunden, ohne ausschlie\u00dflich Ihr eigenes Geld zu riskieren. In der Regel verdoppeln Online Casinos Ihren Ersteinzahlungsbetrag bis zu 100 EUR. Auf dem deutschen Markt gibt es heute viele verschiedene Boni, die Sie nutzen k\u00f6nnen. Wir f\u00fchren Sie durch die g\u00e4ngigsten Bonusangebote, die heute verf\u00fcgbar sind. Erhalten Sie noch heute einen Bonus f\u00fcr Sport und legen Sie los.<\/p>\n\n\n\n<h2 class=\"wp-block-heading\">Einzahlungsbonus als Neukunde<\/h2>\n\n\n\n<p>Der h\u00e4ufigste Bonus, den man als Sportfanatiker erh\u00e4lt, ist ein Willkommensbonus. Das ist der g\u00e4ngigste Weg, mit dem sich deutsche Buchmacher bei frisch angemeldeten Spielern bedanken. Dieser Willkommensbonus wird oft auch Einzahlungsbonus genannt. Dies bedeutet, dass Wettunternehmen Ihre erste Einzahlung bis zu einem bestimmten Betrag abgleichen. 100% bis zu 100 \u20ac ist wohl der Bonus und Betrag, den die meisten Gl\u00fccksspielunternehmen an neue Mitglieder verteilen. Dann gibt eine Einzahlung von 100 \u20ac ganze 200 \u20ac zum Spielen. Deutsche Spieler lieben diese Starthilfe in Form von Einzahlungsboni. Deshalb gibt auch so viele verschiedene Spielefirmen, die diese anbieten und aus denen Sie als Spieler ausw\u00e4hlen k\u00f6nnen. Mit einem Bonus k\u00f6nnen Sie die verschiedenen Optionen erkunden, ohne richtig viel von Ihrem eigenen Geld riskieren zu m\u00fcssen.<\/p>\n\n\n\n<h3 class=\"wp-block-heading\">Auch risikofreie Spiele sind beliebt<\/h3>\n\n\n\n<p>Ein risikofreies Spiel ist auch eine Art Bonus, den viele Spieler genie\u00dfen. Viele deutsche Spieler entscheiden sich heute f\u00fcr ein risikofreies Spiel, weil es einfach sehr verlockend ist. Das Konzept lautet wie folgt: Sie setzen erst einmal Ihr eigenes Geld ein, um eine Wette zu platzieren. Der gro\u00dfe Vorteil ist jedoch, dass die Spielefirma Ihnen das Geld zur\u00fcckgibt, wenn Ihre Wette nicht gewinnt. Daher haben Sie beim Spielen kein Risiko und daher auch der Name risikofreies Spiel. Der angebotene Betrag, den Sie zur\u00fcckerhalten, variiert. Einige Anbieter geben risikofreie Wetten von 100 \u20ac an Spieler, w\u00e4hrend andere einen etwas geringeren Betrag vergeben. In jedem Fall sind risikofreie Spiele ein g\u00fcnstiger Bonus, nach dem Sie auf jeden Fall immer Ausschau halten sollten.<\/p>\n\n\n\n<h3 class=\"wp-block-heading\">Manchmal sind gratis Wetten verf\u00fcgbar<\/h3>\n\n\n\n<p>F\u00fcr diejenigen, die eine Spielefirma ausprobieren m\u00f6chten, sich aber nicht sicher sind, ob sie eine Einzahlung t\u00e4tigen sollen, ist die Gratiswette eine gro\u00dfartige Option. Dann gibt Ihnen die Spielefirma einen bestimmten Geldbetrag, den Sie f\u00fcr eine Sportwette ausgeben k\u00f6nnen, ohne eine Einzahlung vornehmen zu m\u00fcssen.<\/p>\n\n\n\n<p>Entweder erhalten Sie einen kleinen Geldbetrag, den Sie zu den von Ihnen gew\u00fcnschten Quoten frei verwenden k\u00f6nnen. Oder der Buchmacher gibt Ihnen eine Gratiswette, bei der Sie eine Wette bis zu einem bestimmten Betrag kostenlos platzieren k\u00f6nnen. In jedem Fall ist es eine perfekte Gelegenheit, einen Buchmacher zu testen und ein Gef\u00fchl daf\u00fcr zu<\/p>\n\n\n\n<p>bekommen, ob Sie sich bei diesem wohl f\u00fchlen. Wenn Ihnen gef\u00e4llt, was Sie erleben, k\u00f6nnen Sie dann eine erste Einzahlung t\u00e4tigen. Andernfalls k\u00f6nnen Sie einfach weitersuchen, bis Sie eine neue Spielefirma finden, die zu Ihnen passt.<\/p>\n\n\n\n<h3 class=\"wp-block-heading\">Cashback beim Wetten<\/h3>\n\n\n\n<p>Einige Spielefirmen bieten keinen regul\u00e4ren Bonus an, sondern haben Cashback im <a href=\"https:\/\/gamblingsam.com\/de\">Angebot<\/a>. Dann gibt die Spielefirma einen bestimmten Betrag Ihrer Verluste zur\u00fcck. Wenn beispielsweise ein Spieleunternehmen 10% Cashback anbietet und Sie 100 Euro verlieren, erhalten Sie 10 Euro zur\u00fcck. Cashback ist ein gesch\u00e4tzter Bonus, der von Langzeitspielern besonders gesch\u00e4tzt wird. So haben Sie das Gef\u00fchl, einen kleinen Fallschirm zu bekommen, wenn sie mit deutschen Buchmachern spielen.<\/p>\n\n\n\n<h3 class=\"wp-block-heading\">Verfolgen Sie die Umsatzanforderungen<\/h3>\n\n\n\n<p>Eine Sache, die unglaublich wichtig ist, wenn Sie einen Wettbonus erhalten, ist es, die Wettanforderungen im genau unter die Lupe zu nehmen. Der Vorteil eines Sportbonus ist, dass die Wettanforderungen normalerweise viel freundlicher sind als bei einem Casino-Bonus. Es gibt dennoch auch hier Umsatzanforderungen, und es ist wichtig, diese im Auge zu behalten. Zum Beispiel kann ein Casino Ihnen einen 100% <a href=\"https:\/\/gamblingsam.com\/de\/casino-boni\/\">Bonus<\/a> bis zu 100 \u20ac mit einer 6x Bonus-Wettanforderung geben. Dann m\u00fcssen Sie insgesamt 600 \u20ac setzen, bevor Sie Gewinne abheben k\u00f6nnen. Oft werden auch Mindestquoten daf\u00fcr vorgegeben. Dies bedeutet, dass Ihre Wette h\u00f6her sein muss als die Mindestquote, um zu den Umsatzanforderungen beizutragen. \u00dcberpr\u00fcfen Sie die Anforderungen und Mindestquoten immer genau, bevor Sie ein Einzahlung f\u00fcr Ihren Bonuserhalt t\u00e4tigen. Dann wird Ihr Spielerlebnis nie zur Entt\u00e4uschung. W\u00e4hlen Sie noch heute einen Bonus und genie\u00dfen Sie alles, was dazu geh\u00f6rt.<\/p>\n","protected":false},"excerpt":{"rendered":"<p>Sportwetten Boni &#8211; Mehr Wetten mit einem Bonus Deutsche Spieler, die mehr aus ihren Wetten herausholen m\u00f6chten, fangen am besten mit einem Willkommensbonus in einem neuen tollen Online Casino an. <a href=\"https:\/\/gamblingsam.com\/de\/sportwetten-boni\/\">&#8230;.<\/a><\/p>\n","protected":false},"author":1,"featured_media":0,"parent":0,"menu_order":0,"comment_status":"closed","ping_status":"closed","template":"","meta":{"footnotes":""},"class_list":["post-125","page","type-page","status-publish","hentry"],"yoast_head":"<!-- This site is optimized with the Yoast SEO plugin v27.5 - https:\/\/yoast.com\/product\/yoast-seo-wordpress\/ -->\n<title>Sportwetten Boni - Mehr Spa\u00df beim Wetten mit einem Bonus<\/title>\n<meta name=\"description\" content=\"Holen Sie sich einen Sportwettenbonus und holen Sie mehr aus Ihrem Gl\u00fccksspiel heraus. Lesen Sie hier alles \u00fcber Boni und Sportwetten.\" \/>\n<meta name=\"robots\" content=\"index, follow, max-snippet:-1, max-image-preview:large, max-video-preview:-1\" \/>\n<link rel=\"canonical\" href=\"https:\/\/gamblingsam.com\/de\/sportwetten-boni\/\" \/>\n<meta property=\"og:locale\" content=\"de_DE\" \/>\n<meta property=\"og:type\" content=\"article\" \/>\n<meta property=\"og:title\" content=\"Sportwetten Boni - Mehr Spa\u00df beim Wetten mit einem Bonus\" \/>\n<meta property=\"og:description\" content=\"Holen Sie sich einen Sportwettenbonus und holen Sie mehr aus Ihrem Gl\u00fccksspiel heraus. Lesen Sie hier alles \u00fcber Boni und Sportwetten.\" \/>\n<meta property=\"og:url\" content=\"https:\/\/gamblingsam.com\/de\/sportwetten-boni\/\" \/>\n<meta property=\"og:site_name\" content=\"GamblingSam.com\" \/>\n<meta property=\"article:modified_time\" content=\"2025-09-04T07:42:05+00:00\" \/>\n<meta name=\"twitter:card\" content=\"summary_large_image\" \/>\n<meta name=\"twitter:label1\" content=\"Gesch\u00e4tzte Lesezeit\" \/>\n\t<meta name=\"twitter:data1\" content=\"4\u00a0Minuten\" \/>\n<script type=\"application\/ld+json\" class=\"yoast-schema-graph\">{\"@context\":\"https:\\\/\\\/schema.org\",\"@graph\":[{\"@type\":\"WebPage\",\"@id\":\"https:\\\/\\\/gamblingsam.com\\\/de\\\/sportwetten-boni\\\/\",\"url\":\"https:\\\/\\\/gamblingsam.com\\\/de\\\/sportwetten-boni\\\/\",\"name\":\"Sportwetten Boni - Mehr Spa\u00df beim Wetten mit einem Bonus\",\"isPartOf\":{\"@id\":\"https:\\\/\\\/gamblingsam.com\\\/de\\\/#website\"},\"datePublished\":\"2020-03-31T07:30:31+00:00\",\"dateModified\":\"2025-09-04T07:42:05+00:00\",\"description\":\"Holen Sie sich einen Sportwettenbonus und holen Sie mehr aus Ihrem Gl\u00fccksspiel heraus. Lesen Sie hier alles \u00fcber Boni und Sportwetten.\",\"breadcrumb\":{\"@id\":\"https:\\\/\\\/gamblingsam.com\\\/de\\\/sportwetten-boni\\\/#breadcrumb\"},\"inLanguage\":\"de\",\"potentialAction\":[{\"@type\":\"ReadAction\",\"target\":[\"https:\\\/\\\/gamblingsam.com\\\/de\\\/sportwetten-boni\\\/\"]}]},{\"@type\":\"BreadcrumbList\",\"@id\":\"https:\\\/\\\/gamblingsam.com\\\/de\\\/sportwetten-boni\\\/#breadcrumb\",\"itemListElement\":[{\"@type\":\"ListItem\",\"position\":1,\"name\":\"Home\",\"item\":\"https:\\\/\\\/gamblingsam.com\\\/de\\\/\"},{\"@type\":\"ListItem\",\"position\":2,\"name\":\"Sportwetten boni\"}]},{\"@type\":\"WebSite\",\"@id\":\"https:\\\/\\\/gamblingsam.com\\\/de\\\/#website\",\"url\":\"https:\\\/\\\/gamblingsam.com\\\/de\\\/\",\"name\":\"GamblingSam.com\",\"description\":\"\",\"potentialAction\":[{\"@type\":\"SearchAction\",\"target\":{\"@type\":\"EntryPoint\",\"urlTemplate\":\"https:\\\/\\\/gamblingsam.com\\\/de\\\/?s={search_term_string}\"},\"query-input\":{\"@type\":\"PropertyValueSpecification\",\"valueRequired\":true,\"valueName\":\"search_term_string\"}}],\"inLanguage\":\"de\"}]}<\/script>\n<!-- \/ Yoast SEO plugin. -->","yoast_head_json":{"title":"Sportwetten Boni - Mehr Spa\u00df beim Wetten mit einem Bonus","description":"Holen Sie sich einen Sportwettenbonus und holen Sie mehr aus Ihrem Gl\u00fccksspiel heraus. Lesen Sie hier alles \u00fcber Boni und Sportwetten.","robots":{"index":"index","follow":"follow","max-snippet":"max-snippet:-1","max-image-preview":"max-image-preview:large","max-video-preview":"max-video-preview:-1"},"canonical":"https:\/\/gamblingsam.com\/de\/sportwetten-boni\/","og_locale":"de_DE","og_type":"article","og_title":"Sportwetten Boni - Mehr Spa\u00df beim Wetten mit einem Bonus","og_description":"Holen Sie sich einen Sportwettenbonus und holen Sie mehr aus Ihrem Gl\u00fccksspiel heraus. Lesen Sie hier alles \u00fcber Boni und Sportwetten.","og_url":"https:\/\/gamblingsam.com\/de\/sportwetten-boni\/","og_site_name":"GamblingSam.com","article_modified_time":"2025-09-04T07:42:05+00:00","twitter_card":"summary_large_image","twitter_misc":{"Gesch\u00e4tzte Lesezeit":"4\u00a0Minuten"},"schema":{"@context":"https:\/\/schema.org","@graph":[{"@type":"WebPage","@id":"https:\/\/gamblingsam.com\/de\/sportwetten-boni\/","url":"https:\/\/gamblingsam.com\/de\/sportwetten-boni\/","name":"Sportwetten Boni - Mehr Spa\u00df beim Wetten mit einem Bonus","isPartOf":{"@id":"https:\/\/gamblingsam.com\/de\/#website"},"datePublished":"2020-03-31T07:30:31+00:00","dateModified":"2025-09-04T07:42:05+00:00","description":"Holen Sie sich einen Sportwettenbonus und holen Sie mehr aus Ihrem Gl\u00fccksspiel heraus. Lesen Sie hier alles \u00fcber Boni und Sportwetten.","breadcrumb":{"@id":"https:\/\/gamblingsam.com\/de\/sportwetten-boni\/#breadcrumb"},"inLanguage":"de","potentialAction":[{"@type":"ReadAction","target":["https:\/\/gamblingsam.com\/de\/sportwetten-boni\/"]}]},{"@type":"BreadcrumbList","@id":"https:\/\/gamblingsam.com\/de\/sportwetten-boni\/#breadcrumb","itemListElement":[{"@type":"ListItem","position":1,"name":"Home","item":"https:\/\/gamblingsam.com\/de\/"},{"@type":"ListItem","position":2,"name":"Sportwetten boni"}]},{"@type":"WebSite","@id":"https:\/\/gamblingsam.com\/de\/#website","url":"https:\/\/gamblingsam.com\/de\/","name":"GamblingSam.com","description":"","potentialAction":[{"@type":"SearchAction","target":{"@type":"EntryPoint","urlTemplate":"https:\/\/gamblingsam.com\/de\/?s={search_term_string}"},"query-input":{"@type":"PropertyValueSpecification","valueRequired":true,"valueName":"search_term_string"}}],"inLanguage":"de"}]}},"_links":{"self":[{"href":"https:\/\/gamblingsam.com\/de\/wp-json\/wp\/v2\/pages\/125","targetHints":{"allow":["GET"]}}],"collection":[{"href":"https:\/\/gamblingsam.com\/de\/wp-json\/wp\/v2\/pages"}],"about":[{"href":"https:\/\/gamblingsam.com\/de\/wp-json\/wp\/v2\/types\/page"}],"author":[{"embeddable":true,"href":"https:\/\/gamblingsam.com\/de\/wp-json\/wp\/v2\/users\/1"}],"replies":[{"embeddable":true,"href":"https:\/\/gamblingsam.com\/de\/wp-json\/wp\/v2\/comments?post=125"}],"version-history":[{"count":3,"href":"https:\/\/gamblingsam.com\/de\/wp-json\/wp\/v2\/pages\/125\/revisions"}],"predecessor-version":[{"id":273,"href":"https:\/\/gamblingsam.com\/de\/wp-json\/wp\/v2\/pages\/125\/revisions\/273"}],"wp:attachment":[{"href":"https:\/\/gamblingsam.com\/de\/wp-json\/wp\/v2\/media?parent=125"}],"curies":[{"name":"wp","href":"https:\/\/api.w.org\/{rel}","templated":true}]}}