{"id":52,"date":"2019-12-02T14:48:04","date_gmt":"2019-12-02T14:48:04","guid":{"rendered":"https:\/\/gamblingsam.com\/de\/?page_id=52"},"modified":"2025-09-04T07:40:25","modified_gmt":"2025-09-04T07:40:25","slug":"mobiles-casino","status":"publish","type":"page","link":"https:\/\/gamblingsam.com\/de\/mobiles-casino\/","title":{"rendered":"Mobiles casino"},"content":{"rendered":"\n<h1 class=\"wp-block-heading\">Mobiles Casino &#8211; Spielen Sie das Casino von Ihrem Handy oder Tablet aus<\/h1>\n\n\n\n<p>Nur wenige Dinge geben den Deutschen die Freiheit, vom Handy aus zu spielen. Mobiles Casino ist zu einem der wichtigsten Merkmale eines Online Casinos geworden. Ohne perfekte mobile Bedingungen f\u00e4llt es einem Casino schwer, zu \u00fcberleben. Daher investieren alle deutschen Casinos in die Bereitstellung einer guten mobilen Plattform f\u00fcr das Casino. Indem Sie spielen, wo immer Sie sind, entscheiden Sie, wann Sie spielen m\u00f6chten. Sie sind von niemandem abh\u00e4ngig, sondern k\u00f6nnen sich daf\u00fcr entscheiden, von Ihrem Handy aus zu spielen, egal was Sie sind. Wir von GamblingSam f\u00fchren Sie von Ihrem Handy oder iPad aus durch alles, was Sie \u00fcber Casino wissen m\u00fcssen.<\/p>\n\n\n\n<h2 class=\"wp-block-heading\">Spielen Sie Casino von Ihrem Handy<\/h2>\n\n\n\n<p>Viele Spieler in deutschen Casinos halten Mobile f\u00fcr das beste Ger\u00e4t zum Spielen. Der Grund ist, dass Sie als Spieler mehr \u00fcber ihr Spiel entscheiden. Mit Ihrem Handy oder Tablet k\u00f6nnen Sie das Casino spielen, egal wo Sie sind. Vielleicht sitzt du in der U-Bahn in Berlin auf dem Heimweg von der Arbeit und willst ein bisschen spielen. Oder sind Sie nur eine Person, die viel reist und daher das Casino in die Tasche stecken m\u00f6chte? Bei Mobile Casino k\u00f6nnen Sie Ihre Bedingungen festlegen. Die Wahl eines Mobiltelefons ist einer der vielen Gr\u00fcnde f\u00fcr das Spielen.<\/p>\n\n\n\n<h3 class=\"wp-block-heading\">iPhone Casino vs Android Casino &#8211; Was ist wirklich das Beste?<\/h3>\n\n\n\n<p>Die Deutschen diskutieren gerne, was das Beste an iPhone oder Samsung ist. Es gibt auch andere Marken, die gut sind, wenn es darum geht, Casino auf Mobilger\u00e4ten zu spielen. Vor allem aber bevorzugen deutsche Spieler Apple und Samsung. Es ist weniger wichtig, was Sie f\u00fcr das Ger\u00e4t haben, solange auf Ihrem Ger\u00e4t Internet verf\u00fcgbar ist. Spielen Sie Casino vom iPhone, Samsung oder einem anderen Anbieter. Sie haben das gleiche Gef\u00fchl, egal f\u00fcr welches Mobilger\u00e4t Sie sich entscheiden.<\/p>\n\n\n\n<h3 class=\"wp-block-heading\">Einige Casino Boni k\u00f6nnen nur auf dem Handy empfangen werden<\/h3>\n\n\n\n<p>Wenn Sie beim Spielen im Casino <a href=\"\/de\/casino-boni\/\">einen Boni<\/a> erhalten m\u00f6chten, ist das Handy eine gute Option. Viele Spieler bevorzugen eine Art Bonus, wenn sie ein neues Mitglied werden. Manchmal k\u00f6nnen Sie einen Bonus ohne Einzahlung erhalten. Zu anderen Zeiten ist eine Einzahlung von Ihnen erforderlich, um einen Bonus in einem Online Casino zu erhalten. Da viele Spieler Mobilger\u00e4te bevorzugen, bieten immer mehr deutsche Casinos und Gl\u00fccksspielunternehmen Boni f\u00fcr Mobilger\u00e4te an. Dann k\u00f6nnen Sie einen Boni direkt von Ihrem Handy erhalten. Mit einem Casino Boni wird Ihr Gl\u00fccksspiel besser. Daher ist es gut, einen Bonus von Ihrem Handy zu erhalten. Dann k\u00f6nnen Sie gut anfangen, aber auch nach Ihren Vorstellungen spielen. Eine schwierige Kombination f\u00fcr deutsche Spieler.<\/p>\n\n\n\n<h3 class=\"wp-block-heading\">NetEnt beherrscht das mobile Casino<\/h3>\n\n\n\n<p>Da es heutzutage viele verschiedene Spielehersteller gibt, k\u00e4mpfen Unternehmen darum, das beste mobile Casino anzubieten. Ein Spielehersteller, den viele f\u00fcr mobiles Spielen sch\u00e4tzen, ist NetEnt aus Schweden. Das Unternehmen war schon immer an der Spitze der <a href=\"\/de\/roulette\/\">Spiele f\u00fcr Handys<\/a>. <\/p>\n\n\n\n<p>Sie hatten zuerst einen NetEnt-Touch, der die Art und Weise revolutionierte, wie Spieler mobile Casinos betrachteten. Heute gibt es einen gro\u00dfen Unterschied, wenn alle Spiele f\u00fcr Handys verf\u00fcgbar sind. Von Anfang an entwickeln NetEnt und andere Spielehersteller die Spiele f\u00fcr Handys und iPads. Die Spiele funktionieren auf allen Bildschirmgr\u00f6\u00dfen, sodass Sie unabh\u00e4ngig vom Ger\u00e4t eine gute und fl\u00fcssige Spielzeit haben. W\u00e4hlen Sie NetEnt, Microgaming oder einen anderen etablierten Spielehersteller, wenn Sie ein gutes Casino auf Ihrem Handy garantieren m\u00f6chten<\/p>\n\n\n\n<h3 class=\"wp-block-heading\">Spielen Sie \u00fcber eine App oder direkt \u00fcber Chrome oder Safari<\/h3>\n\n\n\n<p>Es gibt haupts\u00e4chlich zwei verschiedene Arten von mobilen Casinos. <a href=\"http:\/\/gamblingsam.com\/de\/\">Deutschlands gr\u00f6\u00dftes Online Casino<\/a> bietet eine App zum Download an. Es ist bei Google Play oder im App Store erh\u00e4ltlich. Ansonsten besteht eine Alternative darin, stattdessen \u00fcber einen mobilen Browser zu spielen. Dann m\u00fcssen Sie keine App herunterladen. Stattdessen k\u00f6nnen Sie von Chrome oder Safari aus spielen, den beiden beliebtesten Browsern in Deutschland.<\/p>\n\n\n<div class=\"wp-block-image\">\n<figure class=\"aligncenter size-large\"><img loading=\"lazy\" decoding=\"async\" width=\"994\" height=\"311\" src=\"https:\/\/gamblingsam.com\/de\/wp-content\/media\/sites\/4\/2020\/01\/dreamstime_s_94758735-2.png\" alt=\"Mobiles Casino - Spielen Sie das Casino von Ihrem Handy oder Tablet aus\" class=\"wp-image-112\" srcset=\"https:\/\/gamblingsam.com\/de\/wp-content\/media\/sites\/4\/2020\/01\/dreamstime_s_94758735-2.png 994w, https:\/\/gamblingsam.com\/de\/wp-content\/media\/sites\/4\/2020\/01\/dreamstime_s_94758735-2-300x94.png 300w, https:\/\/gamblingsam.com\/de\/wp-content\/media\/sites\/4\/2020\/01\/dreamstime_s_94758735-2-768x240.png 768w\" sizes=\"auto, (max-width: 994px) 100vw, 994px\" \/><\/figure><\/div>\n\n\n<h3 class=\"wp-block-heading\">Ein Tablet gibt ein gr\u00f6\u00dferes Bild und mehr Casino<\/h3>\n\n\n\n<p>Wenn Sie als Spieler ein Tablet haben, ist es oft dem Handy vorzuziehen. Der Grund ist, dass der Bildschirm etwas gr\u00f6\u00dfer ist, was das Gef\u00fchl etwas erh\u00f6ht. Gleichzeitig haben Sie die gleiche Freiheit wie mit dem Handy. Sie k\u00f6nnen Ihr Tablet \u00fcberall hin mitnehmen. Hoffentlich werden Sie Ihr Handy und Tablet genie\u00dfen. Eine Alternative besteht darin, Ihr Gl\u00fccksspiel zu variieren und daher beide Einheiten auszuprobieren. Dann k\u00f6nnen Sie sich selbst ein Bild davon machen, was das Beste ist.<\/p>\n","protected":false},"excerpt":{"rendered":"<p>Mobiles Casino &#8211; Spielen Sie das Casino von Ihrem Handy oder Tablet aus Nur wenige Dinge geben den Deutschen die Freiheit, vom Handy aus zu spielen. Mobiles Casino ist zu <a href=\"https:\/\/gamblingsam.com\/de\/mobiles-casino\/\">&#8230;.<\/a><\/p>\n","protected":false},"author":1,"featured_media":0,"parent":0,"menu_order":0,"comment_status":"closed","ping_status":"closed","template":"","meta":{"footnotes":""},"class_list":["post-52","page","type-page","status-publish","hentry"],"yoast_head":"<!-- This site is optimized with the Yoast SEO plugin v27.4 - https:\/\/yoast.com\/product\/yoast-seo-wordpress\/ -->\n<title>Mobiles Casino - Spielen Sie das Casino von Ihrem Handy oder Tablet aus<\/title>\n<meta name=\"description\" content=\"Mit Mobile Casino erhalten Sie mehr Freiheit und k\u00f6nnen das Casino spielen, wo immer Sie sind. Lesen Sie alles \u00fcber das Casino von mobilen Ger\u00e4ten und alles, was es f\u00fcr Sie als Spieler bedeutet.\" \/>\n<meta name=\"robots\" content=\"index, follow, max-snippet:-1, max-image-preview:large, max-video-preview:-1\" \/>\n<link rel=\"canonical\" href=\"https:\/\/gamblingsam.com\/de\/mobiles-casino\/\" \/>\n<meta property=\"og:locale\" content=\"de_DE\" \/>\n<meta property=\"og:type\" content=\"article\" \/>\n<meta property=\"og:title\" content=\"Mobiles Casino - Spielen Sie das Casino von Ihrem Handy oder Tablet aus\" \/>\n<meta property=\"og:description\" content=\"Mit Mobile Casino erhalten Sie mehr Freiheit und k\u00f6nnen das Casino spielen, wo immer Sie sind. Lesen Sie alles \u00fcber das Casino von mobilen Ger\u00e4ten und alles, was es f\u00fcr Sie als Spieler bedeutet.\" \/>\n<meta property=\"og:url\" content=\"https:\/\/gamblingsam.com\/de\/mobiles-casino\/\" \/>\n<meta property=\"og:site_name\" content=\"GamblingSam.com\" \/>\n<meta property=\"article:modified_time\" content=\"2025-09-04T07:40:25+00:00\" \/>\n<meta property=\"og:image\" content=\"https:\/\/gamblingsam.com\/de\/wp-content\/media\/sites\/4\/2020\/01\/dreamstime_s_94758735-2.png\" \/>\n\t<meta property=\"og:image:width\" content=\"994\" \/>\n\t<meta property=\"og:image:height\" content=\"311\" \/>\n\t<meta property=\"og:image:type\" content=\"image\/png\" \/>\n<meta name=\"twitter:card\" content=\"summary_large_image\" \/>\n<meta name=\"twitter:label1\" content=\"Gesch\u00e4tzte Lesezeit\" \/>\n\t<meta name=\"twitter:data1\" content=\"5\u00a0Minuten\" \/>\n<script type=\"application\/ld+json\" class=\"yoast-schema-graph\">{\"@context\":\"https:\\\/\\\/schema.org\",\"@graph\":[{\"@type\":\"WebPage\",\"@id\":\"https:\\\/\\\/gamblingsam.com\\\/de\\\/mobiles-casino\\\/\",\"url\":\"https:\\\/\\\/gamblingsam.com\\\/de\\\/mobiles-casino\\\/\",\"name\":\"Mobiles Casino - Spielen Sie das Casino von Ihrem Handy oder Tablet aus\",\"isPartOf\":{\"@id\":\"https:\\\/\\\/gamblingsam.com\\\/de\\\/#website\"},\"primaryImageOfPage\":{\"@id\":\"https:\\\/\\\/gamblingsam.com\\\/de\\\/mobiles-casino\\\/#primaryimage\"},\"image\":{\"@id\":\"https:\\\/\\\/gamblingsam.com\\\/de\\\/mobiles-casino\\\/#primaryimage\"},\"thumbnailUrl\":\"https:\\\/\\\/gamblingsam.com\\\/de\\\/wp-content\\\/media\\\/sites\\\/4\\\/2020\\\/01\\\/dreamstime_s_94758735-2.png\",\"datePublished\":\"2019-12-02T14:48:04+00:00\",\"dateModified\":\"2025-09-04T07:40:25+00:00\",\"description\":\"Mit Mobile Casino erhalten Sie mehr Freiheit und k\u00f6nnen das Casino spielen, wo immer Sie sind. Lesen Sie alles \u00fcber das Casino von mobilen Ger\u00e4ten und alles, was es f\u00fcr Sie als Spieler bedeutet.\",\"breadcrumb\":{\"@id\":\"https:\\\/\\\/gamblingsam.com\\\/de\\\/mobiles-casino\\\/#breadcrumb\"},\"inLanguage\":\"de\",\"potentialAction\":[{\"@type\":\"ReadAction\",\"target\":[\"https:\\\/\\\/gamblingsam.com\\\/de\\\/mobiles-casino\\\/\"]}]},{\"@type\":\"ImageObject\",\"inLanguage\":\"de\",\"@id\":\"https:\\\/\\\/gamblingsam.com\\\/de\\\/mobiles-casino\\\/#primaryimage\",\"url\":\"https:\\\/\\\/gamblingsam.com\\\/de\\\/wp-content\\\/media\\\/sites\\\/4\\\/2020\\\/01\\\/dreamstime_s_94758735-2.png\",\"contentUrl\":\"https:\\\/\\\/gamblingsam.com\\\/de\\\/wp-content\\\/media\\\/sites\\\/4\\\/2020\\\/01\\\/dreamstime_s_94758735-2.png\",\"width\":994,\"height\":311},{\"@type\":\"BreadcrumbList\",\"@id\":\"https:\\\/\\\/gamblingsam.com\\\/de\\\/mobiles-casino\\\/#breadcrumb\",\"itemListElement\":[{\"@type\":\"ListItem\",\"position\":1,\"name\":\"Home\",\"item\":\"https:\\\/\\\/gamblingsam.com\\\/de\\\/\"},{\"@type\":\"ListItem\",\"position\":2,\"name\":\"Mobiles casino\"}]},{\"@type\":\"WebSite\",\"@id\":\"https:\\\/\\\/gamblingsam.com\\\/de\\\/#website\",\"url\":\"https:\\\/\\\/gamblingsam.com\\\/de\\\/\",\"name\":\"GamblingSam.com\",\"description\":\"\",\"potentialAction\":[{\"@type\":\"SearchAction\",\"target\":{\"@type\":\"EntryPoint\",\"urlTemplate\":\"https:\\\/\\\/gamblingsam.com\\\/de\\\/?s={search_term_string}\"},\"query-input\":{\"@type\":\"PropertyValueSpecification\",\"valueRequired\":true,\"valueName\":\"search_term_string\"}}],\"inLanguage\":\"de\"}]}<\/script>\n<!-- \/ Yoast SEO plugin. -->","yoast_head_json":{"title":"Mobiles Casino - Spielen Sie das Casino von Ihrem Handy oder Tablet aus","description":"Mit Mobile Casino erhalten Sie mehr Freiheit und k\u00f6nnen das Casino spielen, wo immer Sie sind. Lesen Sie alles \u00fcber das Casino von mobilen Ger\u00e4ten und alles, was es f\u00fcr Sie als Spieler bedeutet.","robots":{"index":"index","follow":"follow","max-snippet":"max-snippet:-1","max-image-preview":"max-image-preview:large","max-video-preview":"max-video-preview:-1"},"canonical":"https:\/\/gamblingsam.com\/de\/mobiles-casino\/","og_locale":"de_DE","og_type":"article","og_title":"Mobiles Casino - Spielen Sie das Casino von Ihrem Handy oder Tablet aus","og_description":"Mit Mobile Casino erhalten Sie mehr Freiheit und k\u00f6nnen das Casino spielen, wo immer Sie sind. Lesen Sie alles \u00fcber das Casino von mobilen Ger\u00e4ten und alles, was es f\u00fcr Sie als Spieler bedeutet.","og_url":"https:\/\/gamblingsam.com\/de\/mobiles-casino\/","og_site_name":"GamblingSam.com","article_modified_time":"2025-09-04T07:40:25+00:00","og_image":[{"width":994,"height":311,"url":"https:\/\/gamblingsam.com\/de\/wp-content\/media\/sites\/4\/2020\/01\/dreamstime_s_94758735-2.png","type":"image\/png"}],"twitter_card":"summary_large_image","twitter_misc":{"Gesch\u00e4tzte Lesezeit":"5\u00a0Minuten"},"schema":{"@context":"https:\/\/schema.org","@graph":[{"@type":"WebPage","@id":"https:\/\/gamblingsam.com\/de\/mobiles-casino\/","url":"https:\/\/gamblingsam.com\/de\/mobiles-casino\/","name":"Mobiles Casino - Spielen Sie das Casino von Ihrem Handy oder Tablet aus","isPartOf":{"@id":"https:\/\/gamblingsam.com\/de\/#website"},"primaryImageOfPage":{"@id":"https:\/\/gamblingsam.com\/de\/mobiles-casino\/#primaryimage"},"image":{"@id":"https:\/\/gamblingsam.com\/de\/mobiles-casino\/#primaryimage"},"thumbnailUrl":"https:\/\/gamblingsam.com\/de\/wp-content\/media\/sites\/4\/2020\/01\/dreamstime_s_94758735-2.png","datePublished":"2019-12-02T14:48:04+00:00","dateModified":"2025-09-04T07:40:25+00:00","description":"Mit Mobile Casino erhalten Sie mehr Freiheit und k\u00f6nnen das Casino spielen, wo immer Sie sind. Lesen Sie alles \u00fcber das Casino von mobilen Ger\u00e4ten und alles, was es f\u00fcr Sie als Spieler bedeutet.","breadcrumb":{"@id":"https:\/\/gamblingsam.com\/de\/mobiles-casino\/#breadcrumb"},"inLanguage":"de","potentialAction":[{"@type":"ReadAction","target":["https:\/\/gamblingsam.com\/de\/mobiles-casino\/"]}]},{"@type":"ImageObject","inLanguage":"de","@id":"https:\/\/gamblingsam.com\/de\/mobiles-casino\/#primaryimage","url":"https:\/\/gamblingsam.com\/de\/wp-content\/media\/sites\/4\/2020\/01\/dreamstime_s_94758735-2.png","contentUrl":"https:\/\/gamblingsam.com\/de\/wp-content\/media\/sites\/4\/2020\/01\/dreamstime_s_94758735-2.png","width":994,"height":311},{"@type":"BreadcrumbList","@id":"https:\/\/gamblingsam.com\/de\/mobiles-casino\/#breadcrumb","itemListElement":[{"@type":"ListItem","position":1,"name":"Home","item":"https:\/\/gamblingsam.com\/de\/"},{"@type":"ListItem","position":2,"name":"Mobiles casino"}]},{"@type":"WebSite","@id":"https:\/\/gamblingsam.com\/de\/#website","url":"https:\/\/gamblingsam.com\/de\/","name":"GamblingSam.com","description":"","potentialAction":[{"@type":"SearchAction","target":{"@type":"EntryPoint","urlTemplate":"https:\/\/gamblingsam.com\/de\/?s={search_term_string}"},"query-input":{"@type":"PropertyValueSpecification","valueRequired":true,"valueName":"search_term_string"}}],"inLanguage":"de"}]}},"_links":{"self":[{"href":"https:\/\/gamblingsam.com\/de\/wp-json\/wp\/v2\/pages\/52","targetHints":{"allow":["GET"]}}],"collection":[{"href":"https:\/\/gamblingsam.com\/de\/wp-json\/wp\/v2\/pages"}],"about":[{"href":"https:\/\/gamblingsam.com\/de\/wp-json\/wp\/v2\/types\/page"}],"author":[{"embeddable":true,"href":"https:\/\/gamblingsam.com\/de\/wp-json\/wp\/v2\/users\/1"}],"replies":[{"embeddable":true,"href":"https:\/\/gamblingsam.com\/de\/wp-json\/wp\/v2\/comments?post=52"}],"version-history":[{"count":5,"href":"https:\/\/gamblingsam.com\/de\/wp-json\/wp\/v2\/pages\/52\/revisions"}],"predecessor-version":[{"id":270,"href":"https:\/\/gamblingsam.com\/de\/wp-json\/wp\/v2\/pages\/52\/revisions\/270"}],"wp:attachment":[{"href":"https:\/\/gamblingsam.com\/de\/wp-json\/wp\/v2\/media?parent=52"}],"curies":[{"name":"wp","href":"https:\/\/api.w.org\/{rel}","templated":true}]}}