{"id":55,"date":"2019-12-04T14:47:26","date_gmt":"2019-12-04T14:47:26","guid":{"rendered":"https:\/\/gamblingsam.com\/de\/?page_id=55"},"modified":"2025-09-04T07:37:26","modified_gmt":"2025-09-04T07:37:26","slug":"blackjack","status":"publish","type":"page","link":"https:\/\/gamblingsam.com\/de\/blackjack\/","title":{"rendered":"Blackjack"},"content":{"rendered":"\n<h1 class=\"wp-block-heading\">Blackjack online &#8211; Alles \u00fcber das beliebte Tischspiel<\/h1>\n\n\n\n<p>Eines der \u00e4ltesten Casinospiele ist Blackjack. Das Kartenspiel Blackjack ist auch ein gro\u00dfer Teil der Filmgeschichte, da das Spiel in mehreren Filmen auftrat. Obwohl das Spiel mehrere hundert Jahre alt ist, suchen deutsche Spieler weiterhin nach den Blackjack Tischen. Fr\u00fcher war dies in landgest\u00fctzten Casinos der Fall, heute werden die meisten Gl\u00fccksspiele jedoch online abgewickelt. Die Bedingungen und die Flexibilit\u00e4t, die online verf\u00fcgbar sind, machen Blackjack zu einer perfekten Erg\u00e4nzung. Spielen Sie gegen den Computer oder gegen einen echten Dealer im Live Casino. Beginnen Sie mit Blackjack und erfahren Sie alles \u00fcber das beliebte Casino Spiel.<\/p>\n\n\n\n<h2 class=\"wp-block-heading\">Blackjack Geschichte<\/h2>\n\n\n\n<p>Nach Angaben von Geschichtsforschern begann unser Nachbarland Frankreich zuerst mit Blackjack. Dann hie\u00df das Spiel 21, was angesichts der Spielregeln logisch ist. Blackjack erreichte dann die Vereinigten Staaten im gro\u00dfen Exodus und als sich die Kasinos in Las Vegas \u00f6ffneten, waren sie schnell im Spiel. Nach einem etwas schleppenden Start w\u00fcrde sich Blackjack als eines der beliebtesten Spiele herausstellen.<\/p>\n\n\n\n<p>Heute ist Blackjack auf der ganzen Welt verf\u00fcgbar. Von landbasierten Casinos in Monaco zu Internet <a href=\"http:\/\/gamblingsam.com\/de\/\">Casinos in Deutschland<\/a>. Wie bei allen anderen Casinospielen hat das Internet immer mehr Einzug gehalten. Die Anzahl der Spieler, die vom Computer oder Mobiltelefon aus spielen, ist erheblich h\u00f6her als die, die ein echtes Casino besuchen.<\/p>\n\n\n\n<h3 class=\"wp-block-heading\">Blackjack Regeln<\/h3>\n\n\n\n<p>Bevor Sie mit dem Spielen beginnen, m\u00fcssen Sie zun\u00e4chst Ihren Einsatz bestimmen wie viel Geld Sie investieren sollten. Dann wird das Spiel vom Geber gestartet, der zun\u00e4chst zwei Karten an Sie, die anderen Spieler und schlie\u00dflich zwei Karten an sich selbst austeilt. Sobald Sie die zwei Karten erhalten, entscheiden Sie, ob Sie mehr Karten w\u00fcnschen, um sich 21 zu n\u00e4hern, oder ob Sie stoppen sollten.<\/p>\n\n\n\n<p>Denken Sie daran, dass der Dealer gewinnt, wenn sowohl Sie als auch der Dealer 17.18 oder 19 erhalten. Wenn anstelle von Spielern und Dealern 20 oder 21 gesetzt werden, wird die <a href=\"\/de\/sportwetten\/\">Wette<\/a> zur\u00fcckgezahlt und niemand gewinnt. Wenn der Dealer 17 ist, muss er aufh\u00f6ren und wenn dieselbe Karte unter 17 angezeigt wird, muss der Dealer weitere Karten nehmen.<\/p>\n\n\n\n<p>Ihr Ziel ist es also, so nahe wie m\u00f6glich an 21 heranzukommen und dabei bessere Karten als Ihr Croupier zu haben. Wenn Sie gewinnen, verdoppeln Sie Ihren Einsatz, w\u00e4hrend Sie mit Blackjack (21) das 1,5-fache Ihres Einsatzes f\u00fcr den Gewinn erhalten.<\/p>\n\n\n\n<h3 class=\"wp-block-heading\">Blackjack mit echtem Dealer im Live Casino<\/h3>\n\n\n\n<p>Wenn Sie Blackjack spielen, k\u00f6nnen Sie noch mehr aus Ihrem Spiel herausholen. Wenn Sie sich f\u00fcr ein Live Casino entscheiden, bekommen Sie einen echten Croupier und ein besseres Gef\u00fchl. Live Casino gibt Ihnen das Gef\u00fchl von Vegas direkt auf Ihrem Computer oder Mobiltelefon. Heute gibt es sehr gute Live Casinos, die deutschen Spielern angeboten werden. Daher gibt es perfekte Bedingungen, um Blackjack live zu spielen.<\/p>\n\n\n\n<p>Je nachdem, auf welcher Ebene Sie sich befinden, gibt es unterschiedliche R\u00e4ume. Alles vom Anf\u00e4nger bis zum VIP-Raum f\u00fcr die gro\u00dfen Geldb\u00f6rsen. Was sich unterscheidet, ist der maximale Einsatz und der minimale Einsatz, ansonsten gelten die gleichen Regeln, unabh\u00e4ngig vom Blackjack Tisch. Alle deutschen Casinos bieten Blackjack in ihrem Live Casino an.<\/p>\n\n\n\n<h3 class=\"wp-block-heading\">Mit dem Blackjack Boni macht das Spielen noch mehr Spa\u00df<\/h3>\n\n\n\n<p>Wenn Sie mehr Blackjack f\u00fcr Ihr Geld wollen, k\u00f6nnen Sie <a href=\"\/de\/casino-boni\/\">einen Bonus<\/a> erhalten. Deutsche Casinos geben gerne Boni an neue Kunden aus. Es ist im Allgemeinen ein Willkommens Boni, den Sie erhalten, wenn Ihre erste Einzahlung vom Online Casino verdoppelt wird. Dieser Bonus kann in den meisten F\u00e4llen f\u00fcr Blackjack verwendet werden. Indem Sie die Regeln f\u00fcr Ihren Bonus \u00fcberpr\u00fcfen, k\u00f6nnen Sie feststellen, ob dieser bei Blackjack verf\u00fcgbar ist oder nicht.<\/p>\n\n\n\n<p>Es gibt auch Live Casino Boni zu erhalten. Dann gilt der Bonus f\u00fcr die Live Spiele, die von Vorteil sein k\u00f6nnen. Im Live Casino zeigt sich Blackjack von seiner besten Seite, und mit einem bestimmten Bonus f\u00fcr diesen Bonus k\u00f6nnen Sie Ihr Spiel garantiert genie\u00dfen.<\/p>\n\n\n<div class=\"wp-block-image\">\n<figure class=\"aligncenter size-large\"><img loading=\"lazy\" decoding=\"async\" width=\"1024\" height=\"493\" src=\"https:\/\/gamblingsam.com\/de\/wp-content\/media\/sites\/4\/2020\/01\/iStock-182190199-1024x493.jpg\" alt=\"Blackjack online - Alles \u00fcber das beliebte Tischspiel\" class=\"wp-image-119\" srcset=\"https:\/\/gamblingsam.com\/de\/wp-content\/media\/sites\/4\/2020\/01\/iStock-182190199-1024x493.jpg 1024w, https:\/\/gamblingsam.com\/de\/wp-content\/media\/sites\/4\/2020\/01\/iStock-182190199-300x145.jpg 300w, https:\/\/gamblingsam.com\/de\/wp-content\/media\/sites\/4\/2020\/01\/iStock-182190199-768x370.jpg 768w, https:\/\/gamblingsam.com\/de\/wp-content\/media\/sites\/4\/2020\/01\/iStock-182190199.jpg 1476w\" sizes=\"auto, (max-width: 1024px) 100vw, 1024px\" \/><\/figure><\/div>\n\n\n<h3 class=\"wp-block-heading\">Blackjack im Handy<\/h3>\n\n\n\n<p>Wenn Sie Blackjack auf <a href=\"\/de\/mobiles-casino\/\">Ihrem Handy<\/a> spielen, k\u00f6nnen Sie spielen, wo immer Sie sind. Sie entscheiden, wo Sie spielen m\u00f6chten, solange Sie \u00fcber das Internet verf\u00fcgen. Blackjack ist ein sehr einfaches, aber unterhaltsames Spiel und daher ist das Handy ein gutes Ger\u00e4t f\u00fcr das Spiel. Wenn Sie m\u00f6chten, k\u00f6nnen Sie Ihr Tablet verwenden und alle Casinos sind sowohl mit Apple als auch mit Android kompatibel. Genie\u00dfen Sie Blackjack, wo immer Sie sind, in Deutschlands besten mobilen Casinos.<\/p>\n","protected":false},"excerpt":{"rendered":"<p>Blackjack online &#8211; Alles \u00fcber das beliebte Tischspiel Eines der \u00e4ltesten Casinospiele ist Blackjack. Das Kartenspiel Blackjack ist auch ein gro\u00dfer Teil der Filmgeschichte, da das Spiel in mehreren Filmen <a href=\"https:\/\/gamblingsam.com\/de\/blackjack\/\">&#8230;.<\/a><\/p>\n","protected":false},"author":1,"featured_media":0,"parent":0,"menu_order":0,"comment_status":"closed","ping_status":"closed","template":"","meta":{"footnotes":""},"class_list":["post-55","page","type-page","status-publish","hentry"],"yoast_head":"<!-- This site is optimized with the Yoast SEO plugin v27.6 - https:\/\/yoast.com\/product\/yoast-seo-wordpress\/ -->\n<title>Blackjack online - Alles \u00fcber das beliebte Tischspiel<\/title>\n<meta name=\"description\" content=\"Spielen Sie Blackjack gegen einen echten Dealer im Live Casino oder gegen den Computer. Wir bringen Ihnen alles \u00fcber Blackjack bei und wie Sie am einfachsten an die 21 kommen.\" \/>\n<meta name=\"robots\" content=\"index, follow, max-snippet:-1, max-image-preview:large, max-video-preview:-1\" \/>\n<link rel=\"canonical\" href=\"https:\/\/gamblingsam.com\/de\/blackjack\/\" \/>\n<meta property=\"og:locale\" content=\"de_DE\" \/>\n<meta property=\"og:type\" content=\"article\" \/>\n<meta property=\"og:title\" content=\"Blackjack online - Alles \u00fcber das beliebte Tischspiel\" \/>\n<meta property=\"og:description\" content=\"Spielen Sie Blackjack gegen einen echten Dealer im Live Casino oder gegen den Computer. Wir bringen Ihnen alles \u00fcber Blackjack bei und wie Sie am einfachsten an die 21 kommen.\" \/>\n<meta property=\"og:url\" content=\"https:\/\/gamblingsam.com\/de\/blackjack\/\" \/>\n<meta property=\"og:site_name\" content=\"GamblingSam.com\" \/>\n<meta property=\"article:modified_time\" content=\"2025-09-04T07:37:26+00:00\" \/>\n<meta property=\"og:image\" content=\"https:\/\/gamblingsam.com\/de\/wp-content\/media\/sites\/4\/2020\/01\/iStock-182190199.jpg\" \/>\n\t<meta property=\"og:image:width\" content=\"1476\" \/>\n\t<meta property=\"og:image:height\" content=\"711\" \/>\n\t<meta property=\"og:image:type\" content=\"image\/jpeg\" \/>\n<meta name=\"twitter:card\" content=\"summary_large_image\" \/>\n<meta name=\"twitter:label1\" content=\"Gesch\u00e4tzte Lesezeit\" \/>\n\t<meta name=\"twitter:data1\" content=\"5\u00a0Minuten\" \/>\n<script type=\"application\/ld+json\" class=\"yoast-schema-graph\">{\"@context\":\"https:\\\/\\\/schema.org\",\"@graph\":[{\"@type\":\"WebPage\",\"@id\":\"https:\\\/\\\/gamblingsam.com\\\/de\\\/blackjack\\\/\",\"url\":\"https:\\\/\\\/gamblingsam.com\\\/de\\\/blackjack\\\/\",\"name\":\"Blackjack online - Alles \u00fcber das beliebte Tischspiel\",\"isPartOf\":{\"@id\":\"https:\\\/\\\/gamblingsam.com\\\/de\\\/#website\"},\"primaryImageOfPage\":{\"@id\":\"https:\\\/\\\/gamblingsam.com\\\/de\\\/blackjack\\\/#primaryimage\"},\"image\":{\"@id\":\"https:\\\/\\\/gamblingsam.com\\\/de\\\/blackjack\\\/#primaryimage\"},\"thumbnailUrl\":\"https:\\\/\\\/gamblingsam.com\\\/de\\\/wp-content\\\/media\\\/sites\\\/4\\\/2020\\\/01\\\/iStock-182190199-1024x493.jpg\",\"datePublished\":\"2019-12-04T14:47:26+00:00\",\"dateModified\":\"2025-09-04T07:37:26+00:00\",\"description\":\"Spielen Sie Blackjack gegen einen echten Dealer im Live Casino oder gegen den Computer. Wir bringen Ihnen alles \u00fcber Blackjack bei und wie Sie am einfachsten an die 21 kommen.\",\"breadcrumb\":{\"@id\":\"https:\\\/\\\/gamblingsam.com\\\/de\\\/blackjack\\\/#breadcrumb\"},\"inLanguage\":\"de\",\"potentialAction\":[{\"@type\":\"ReadAction\",\"target\":[\"https:\\\/\\\/gamblingsam.com\\\/de\\\/blackjack\\\/\"]}]},{\"@type\":\"ImageObject\",\"inLanguage\":\"de\",\"@id\":\"https:\\\/\\\/gamblingsam.com\\\/de\\\/blackjack\\\/#primaryimage\",\"url\":\"https:\\\/\\\/gamblingsam.com\\\/de\\\/wp-content\\\/media\\\/sites\\\/4\\\/2020\\\/01\\\/iStock-182190199.jpg\",\"contentUrl\":\"https:\\\/\\\/gamblingsam.com\\\/de\\\/wp-content\\\/media\\\/sites\\\/4\\\/2020\\\/01\\\/iStock-182190199.jpg\",\"width\":1476,\"height\":711},{\"@type\":\"BreadcrumbList\",\"@id\":\"https:\\\/\\\/gamblingsam.com\\\/de\\\/blackjack\\\/#breadcrumb\",\"itemListElement\":[{\"@type\":\"ListItem\",\"position\":1,\"name\":\"Home\",\"item\":\"https:\\\/\\\/gamblingsam.com\\\/de\\\/\"},{\"@type\":\"ListItem\",\"position\":2,\"name\":\"Blackjack\"}]},{\"@type\":\"WebSite\",\"@id\":\"https:\\\/\\\/gamblingsam.com\\\/de\\\/#website\",\"url\":\"https:\\\/\\\/gamblingsam.com\\\/de\\\/\",\"name\":\"GamblingSam.com\",\"description\":\"\",\"potentialAction\":[{\"@type\":\"SearchAction\",\"target\":{\"@type\":\"EntryPoint\",\"urlTemplate\":\"https:\\\/\\\/gamblingsam.com\\\/de\\\/?s={search_term_string}\"},\"query-input\":{\"@type\":\"PropertyValueSpecification\",\"valueRequired\":true,\"valueName\":\"search_term_string\"}}],\"inLanguage\":\"de\"}]}<\/script>\n<!-- \/ Yoast SEO plugin. -->","yoast_head_json":{"title":"Blackjack online - Alles \u00fcber das beliebte Tischspiel","description":"Spielen Sie Blackjack gegen einen echten Dealer im Live Casino oder gegen den Computer. Wir bringen Ihnen alles \u00fcber Blackjack bei und wie Sie am einfachsten an die 21 kommen.","robots":{"index":"index","follow":"follow","max-snippet":"max-snippet:-1","max-image-preview":"max-image-preview:large","max-video-preview":"max-video-preview:-1"},"canonical":"https:\/\/gamblingsam.com\/de\/blackjack\/","og_locale":"de_DE","og_type":"article","og_title":"Blackjack online - Alles \u00fcber das beliebte Tischspiel","og_description":"Spielen Sie Blackjack gegen einen echten Dealer im Live Casino oder gegen den Computer. Wir bringen Ihnen alles \u00fcber Blackjack bei und wie Sie am einfachsten an die 21 kommen.","og_url":"https:\/\/gamblingsam.com\/de\/blackjack\/","og_site_name":"GamblingSam.com","article_modified_time":"2025-09-04T07:37:26+00:00","og_image":[{"width":1476,"height":711,"url":"https:\/\/gamblingsam.com\/de\/wp-content\/media\/sites\/4\/2020\/01\/iStock-182190199.jpg","type":"image\/jpeg"}],"twitter_card":"summary_large_image","twitter_misc":{"Gesch\u00e4tzte Lesezeit":"5\u00a0Minuten"},"schema":{"@context":"https:\/\/schema.org","@graph":[{"@type":"WebPage","@id":"https:\/\/gamblingsam.com\/de\/blackjack\/","url":"https:\/\/gamblingsam.com\/de\/blackjack\/","name":"Blackjack online - Alles \u00fcber das beliebte Tischspiel","isPartOf":{"@id":"https:\/\/gamblingsam.com\/de\/#website"},"primaryImageOfPage":{"@id":"https:\/\/gamblingsam.com\/de\/blackjack\/#primaryimage"},"image":{"@id":"https:\/\/gamblingsam.com\/de\/blackjack\/#primaryimage"},"thumbnailUrl":"https:\/\/gamblingsam.com\/de\/wp-content\/media\/sites\/4\/2020\/01\/iStock-182190199-1024x493.jpg","datePublished":"2019-12-04T14:47:26+00:00","dateModified":"2025-09-04T07:37:26+00:00","description":"Spielen Sie Blackjack gegen einen echten Dealer im Live Casino oder gegen den Computer. Wir bringen Ihnen alles \u00fcber Blackjack bei und wie Sie am einfachsten an die 21 kommen.","breadcrumb":{"@id":"https:\/\/gamblingsam.com\/de\/blackjack\/#breadcrumb"},"inLanguage":"de","potentialAction":[{"@type":"ReadAction","target":["https:\/\/gamblingsam.com\/de\/blackjack\/"]}]},{"@type":"ImageObject","inLanguage":"de","@id":"https:\/\/gamblingsam.com\/de\/blackjack\/#primaryimage","url":"https:\/\/gamblingsam.com\/de\/wp-content\/media\/sites\/4\/2020\/01\/iStock-182190199.jpg","contentUrl":"https:\/\/gamblingsam.com\/de\/wp-content\/media\/sites\/4\/2020\/01\/iStock-182190199.jpg","width":1476,"height":711},{"@type":"BreadcrumbList","@id":"https:\/\/gamblingsam.com\/de\/blackjack\/#breadcrumb","itemListElement":[{"@type":"ListItem","position":1,"name":"Home","item":"https:\/\/gamblingsam.com\/de\/"},{"@type":"ListItem","position":2,"name":"Blackjack"}]},{"@type":"WebSite","@id":"https:\/\/gamblingsam.com\/de\/#website","url":"https:\/\/gamblingsam.com\/de\/","name":"GamblingSam.com","description":"","potentialAction":[{"@type":"SearchAction","target":{"@type":"EntryPoint","urlTemplate":"https:\/\/gamblingsam.com\/de\/?s={search_term_string}"},"query-input":{"@type":"PropertyValueSpecification","valueRequired":true,"valueName":"search_term_string"}}],"inLanguage":"de"}]}},"_links":{"self":[{"href":"https:\/\/gamblingsam.com\/de\/wp-json\/wp\/v2\/pages\/55","targetHints":{"allow":["GET"]}}],"collection":[{"href":"https:\/\/gamblingsam.com\/de\/wp-json\/wp\/v2\/pages"}],"about":[{"href":"https:\/\/gamblingsam.com\/de\/wp-json\/wp\/v2\/types\/page"}],"author":[{"embeddable":true,"href":"https:\/\/gamblingsam.com\/de\/wp-json\/wp\/v2\/users\/1"}],"replies":[{"embeddable":true,"href":"https:\/\/gamblingsam.com\/de\/wp-json\/wp\/v2\/comments?post=55"}],"version-history":[{"count":6,"href":"https:\/\/gamblingsam.com\/de\/wp-json\/wp\/v2\/pages\/55\/revisions"}],"predecessor-version":[{"id":267,"href":"https:\/\/gamblingsam.com\/de\/wp-json\/wp\/v2\/pages\/55\/revisions\/267"}],"wp:attachment":[{"href":"https:\/\/gamblingsam.com\/de\/wp-json\/wp\/v2\/media?parent=55"}],"curies":[{"name":"wp","href":"https:\/\/api.w.org\/{rel}","templated":true}]}}