{"id":64,"date":"2019-12-19T10:14:20","date_gmt":"2019-12-19T10:14:20","guid":{"rendered":"https:\/\/gamblingsam.com\/de\/?page_id=64"},"modified":"2025-09-04T07:40:49","modified_gmt":"2025-09-04T07:40:49","slug":"live-casino","status":"publish","type":"page","link":"https:\/\/gamblingsam.com\/de\/live-casino\/","title":{"rendered":"Live casino"},"content":{"rendered":"\n<h1 class=\"wp-block-heading\">Live Casino &#8211; Spielen Sie gegen einen echten Croupier<\/h1>\n\n\n\n<p>Durch das Spielen von Live Casinos erhalten die Spieler eine viel realere Erfahrung. Mit Live Casino wird das Gef\u00fchl eines landbasierten Casinos in Las Vegas oder einer anderen Stadt vermittelt. Dies ist mit der Freiheit eines Online Casinos gemischt. Das Ergebnis ist ein Live Casino und es macht extrem viel Spa\u00df, in einem deutschen Online Casino zu spielen, das auch Live Casino anbietet.<\/p>\n\n\n\n<p>Mit einem echten Croupier m\u00fcssen Sie nicht gegen ein RNG spielen. Stattdessen steht eine lebende Person am Tisch. Die Tische, die Sie spielen, sind auch real und identisch mit denen die Sie in einem landbasierten Casino finden. Alle deutschen Spieler sollten das Live Casino testen, falls dies noch nicht geschehen ist. Nur wenige Dinge werden Ihnen die gleiche Liebe und Freude bereiten, die das Live Casino bietet.<\/p>\n\n\n\n<h2 class=\"wp-block-heading\">Live Casino auf dem Handy<\/h2>\n\n\n\n<p>Wenn Sie spielen m\u00f6chten, wann immer Sie m\u00f6chten, wird Live Casino auf Mobilger\u00e4ten empfohlen. Alle Live Casinos sind per <a href=\"\/de\/mobiles-casino\/\">Handy oder Tablet<\/a> verf\u00fcgbar. Dann k\u00f6nnen Sie das Casino Live auf Ihrer Reise mitnehmen. Schlie\u00dflich steht es einem Computer nicht immer zur Verf\u00fcgung, und in diesen Zeiten ist es gut vom Handy aus spielen zu k\u00f6nnen. Ihre Live-Dealer und Casino Tische sind rund um die Uhr auf Ihrem Mobilger\u00e4t verf\u00fcgbar. Wenn Sie mit 4G oder WIFI verbunden sind, gibt es immer ein Live Casino in Ihrer N\u00e4he.<\/p>\n\n\n\n<p>Live Casinos sind auch mit Android und Apple kompatibel. Auf diese Weise k\u00f6nnen Sie von all Ihren Ger\u00e4ten aus spielen. Viele Spieler spielen lieber live \u00fcber ein Tablet. Dann wird der Bildschirm gr\u00f6\u00dfer und Sie erhalten als Spieler einen besseren \u00dcberblick.<\/p>\n\n\n\n<h3 class=\"wp-block-heading\">Spiele f\u00fcr Live Casino<\/h3>\n\n\n\n<p>In einem Live Casino gibt es viele verschiedene Spiele. Nicht jeder wird besonders benutzt, aber es gibt drei Spiele, die auffallen. Es sind diese Spiele, die die meisten <a href=\"http:\/\/gamblingsam.com\/de\/\">deutschen Spieler<\/a> bevorzugen. Aber nur weil es nicht hei\u00dft, dass andere Spiele keinen Spa\u00df machen. Sie sollten verschiedene Spiele ausprobieren und herausfinden, welches Ihrer Meinung nach das beste ist. Nachdem Sie viele verschiedene Spiele getestet haben, finden Sie ganz einfach Ihre Favoriten.<\/p>\n\n\n\n<h3 class=\"wp-block-heading\">Roulette Live Casino<\/h3>\n\n\n\n<p><a href=\"\/de\/roulette\/\">Roulette<\/a> ist vielleicht das erste Spiel, an das Sie denken, wenn Sie Live Casino h\u00f6ren. Das beliebte Spiel gibt es in jedem zweiten Live Casino in deutschen Casinos. Setzen Sie auf Rot oder Schwarz und erleben Sie die Aufregung die entsteht wenn sich der Ball auf dem Rad dreht. Wenn Sie Gl\u00fcck haben endet der Ball richtig und Sie erhalten Ihren Einsatz verdoppelt. Neben Rot\/Schwarz gibt es noch andere Dinge, auf die man wetten kann. Sie k\u00f6nnen auf bestimmten Zahlen oder h\u00f6her\/niedriger spielen wenn Sie es vorziehen.<\/p>\n\n\n\n<p>Roulette im Live Casino wurde unter anderem von Evolution Gaming und NetEnt ver\u00f6ffentlicht. Es gibt mehr Anbieter die Roulette spielen aber sie sind die beiden bekanntesten. Da es sich um internationale Unternehmen handelt, gibt es Croupiers die Deutsch sprechen. Das wissen deutsche Spieler sehr zu sch\u00e4tzen.<\/p>\n\n\n\n<p>Es gibt verschiedene Roulette Varianten. Sie k\u00f6nnen zwischen amerikanischem oder franz\u00f6sischem\/europ\u00e4ischem Roulette w\u00e4hlen. Der Unterschied besteht darin, dass es neben der \u00fcblichen Null beim amerikanischen Roulette noch eine weitere gr\u00fcne Tonne mit zwei Nullen gibt. Dies ist f\u00fcr die Bank von gr\u00f6\u00dferem Vorteil. Daher sollten Sie stattdessen franz\u00f6sisches Roulette spielen da die Gewinnchancen dort gr\u00f6\u00dfer sind.<\/p>\n\n\n\n<h3 class=\"wp-block-heading\">Blackjack Live Casino<\/h3>\n\n\n\n<p><a href=\"\/de\/blackjack\/\">Blackjack<\/a> ist wie Roulette ein weit verbreitetes Tischspiel. Gemeinsam ist ihnen auch, dass es mehr Spa\u00df macht mit einem echten Dealer zu spielen. Dann bekommen Sie das Gef\u00fchl von Las Vegas direkt auf Ihren Computer oder Ihr Handy. Wenn Sie es schaffen, 21 zu bekommen, gewinnen Sie 1,5 x Ihren Einsatz, aber wenn Sie den Dealer schlagen, bekommen Sie 1x Ihren Einsatz. Hoffentlich ist dies etwas mit dem Sie Erfolg haben werden wenn Sie Live Casino spielen.<\/p>\n\n\n<div class=\"wp-block-image\">\n<figure class=\"aligncenter size-large\"><img loading=\"lazy\" decoding=\"async\" width=\"989\" height=\"374\" src=\"https:\/\/gamblingsam.com\/de\/wp-content\/media\/sites\/4\/2020\/01\/dreamstime_s_91432257-2.png\" alt=\"Live Casino - Spielen Sie das Casino gegen einen echten Croupier\" class=\"wp-image-110\" srcset=\"https:\/\/gamblingsam.com\/de\/wp-content\/media\/sites\/4\/2020\/01\/dreamstime_s_91432257-2.png 989w, https:\/\/gamblingsam.com\/de\/wp-content\/media\/sites\/4\/2020\/01\/dreamstime_s_91432257-2-300x113.png 300w, https:\/\/gamblingsam.com\/de\/wp-content\/media\/sites\/4\/2020\/01\/dreamstime_s_91432257-2-768x290.png 768w\" sizes=\"auto, (max-width: 989px) 100vw, 989px\" \/><\/figure><\/div>\n\n\n<p>Blackjack macht Spa\u00df, weil es Gl\u00fcck und K\u00f6nnen vereint. Es ist wichtig zu wissen, wann man investiert und wann man folden muss. Die meisten Leute haben die gleichen Regeln f\u00fcr Blackjack, diese k\u00f6nnen sich jedoch zwischen den verschiedenen Spielen geringf\u00fcgig unterscheiden. Was variiert, ist, auf welchen Karten der Croupier aufh\u00f6ren muss und welche Karten er eine neue Karte nehmen muss.<\/p>\n\n\n\n<h3 class=\"wp-block-heading\">Baccarat Live Casino<\/h3>\n\n\n\n<p>Baccarat ist ein Spiel, das in die Dunkelheit von Roulette und Blackjack gefallen ist. Aber Baccarat ist ein lustiges Kartenspiel. Im Gegensatz zu Blackjack spielen Sie nicht nur gegen einen Croupier, sondern wetten auch darauf dass die Bank gewinnt. Punto Banco ist ein anderes Wort f\u00fcr Baccarat, das in allen Live Casinos auf dem deutschen Markt zu finden ist.<\/p>\n","protected":false},"excerpt":{"rendered":"<p>Live Casino &#8211; Spielen Sie gegen einen echten Croupier Durch das Spielen von Live Casinos erhalten die Spieler eine viel realere Erfahrung. Mit Live Casino wird das Gef\u00fchl eines landbasierten <a href=\"https:\/\/gamblingsam.com\/de\/live-casino\/\">&#8230;.<\/a><\/p>\n","protected":false},"author":1,"featured_media":0,"parent":0,"menu_order":0,"comment_status":"closed","ping_status":"closed","template":"","meta":{"footnotes":""},"class_list":["post-64","page","type-page","status-publish","hentry"],"yoast_head":"<!-- This site is optimized with the Yoast SEO plugin v27.6 - https:\/\/yoast.com\/product\/yoast-seo-wordpress\/ -->\n<title>Live Casino - Spielen Sie das Casino gegen einen echten Croupier<\/title>\n<meta name=\"description\" content=\"Mit dem Live Casino bekommen Sie das Gef\u00fchl von Las Vegas direkt zu Ihnen. Spielen Sie Roulette, Blackjack und vieles mehr im Live Casino.\" \/>\n<meta name=\"robots\" content=\"index, follow, max-snippet:-1, max-image-preview:large, max-video-preview:-1\" \/>\n<link rel=\"canonical\" href=\"https:\/\/gamblingsam.com\/de\/live-casino\/\" \/>\n<meta property=\"og:locale\" content=\"de_DE\" \/>\n<meta property=\"og:type\" content=\"article\" \/>\n<meta property=\"og:title\" content=\"Live Casino - Spielen Sie das Casino gegen einen echten Croupier\" \/>\n<meta property=\"og:description\" content=\"Mit dem Live Casino bekommen Sie das Gef\u00fchl von Las Vegas direkt zu Ihnen. Spielen Sie Roulette, Blackjack und vieles mehr im Live Casino.\" \/>\n<meta property=\"og:url\" content=\"https:\/\/gamblingsam.com\/de\/live-casino\/\" \/>\n<meta property=\"og:site_name\" content=\"GamblingSam.com\" \/>\n<meta property=\"article:modified_time\" content=\"2025-09-04T07:40:49+00:00\" \/>\n<meta property=\"og:image\" content=\"https:\/\/gamblingsam.com\/de\/wp-content\/media\/sites\/4\/2020\/01\/dreamstime_s_91432257-2.png\" \/>\n\t<meta property=\"og:image:width\" content=\"989\" \/>\n\t<meta property=\"og:image:height\" content=\"374\" \/>\n\t<meta property=\"og:image:type\" content=\"image\/png\" \/>\n<meta name=\"twitter:card\" content=\"summary_large_image\" \/>\n<meta name=\"twitter:label1\" content=\"Gesch\u00e4tzte Lesezeit\" \/>\n\t<meta name=\"twitter:data1\" content=\"5\u00a0Minuten\" \/>\n<script type=\"application\/ld+json\" class=\"yoast-schema-graph\">{\"@context\":\"https:\\\/\\\/schema.org\",\"@graph\":[{\"@type\":\"WebPage\",\"@id\":\"https:\\\/\\\/gamblingsam.com\\\/de\\\/live-casino\\\/\",\"url\":\"https:\\\/\\\/gamblingsam.com\\\/de\\\/live-casino\\\/\",\"name\":\"Live Casino - Spielen Sie das Casino gegen einen echten Croupier\",\"isPartOf\":{\"@id\":\"https:\\\/\\\/gamblingsam.com\\\/de\\\/#website\"},\"primaryImageOfPage\":{\"@id\":\"https:\\\/\\\/gamblingsam.com\\\/de\\\/live-casino\\\/#primaryimage\"},\"image\":{\"@id\":\"https:\\\/\\\/gamblingsam.com\\\/de\\\/live-casino\\\/#primaryimage\"},\"thumbnailUrl\":\"https:\\\/\\\/gamblingsam.com\\\/de\\\/wp-content\\\/media\\\/sites\\\/4\\\/2020\\\/01\\\/dreamstime_s_91432257-2.png\",\"datePublished\":\"2019-12-19T10:14:20+00:00\",\"dateModified\":\"2025-09-04T07:40:49+00:00\",\"description\":\"Mit dem Live Casino bekommen Sie das Gef\u00fchl von Las Vegas direkt zu Ihnen. Spielen Sie Roulette, Blackjack und vieles mehr im Live Casino.\",\"breadcrumb\":{\"@id\":\"https:\\\/\\\/gamblingsam.com\\\/de\\\/live-casino\\\/#breadcrumb\"},\"inLanguage\":\"de\",\"potentialAction\":[{\"@type\":\"ReadAction\",\"target\":[\"https:\\\/\\\/gamblingsam.com\\\/de\\\/live-casino\\\/\"]}]},{\"@type\":\"ImageObject\",\"inLanguage\":\"de\",\"@id\":\"https:\\\/\\\/gamblingsam.com\\\/de\\\/live-casino\\\/#primaryimage\",\"url\":\"https:\\\/\\\/gamblingsam.com\\\/de\\\/wp-content\\\/media\\\/sites\\\/4\\\/2020\\\/01\\\/dreamstime_s_91432257-2.png\",\"contentUrl\":\"https:\\\/\\\/gamblingsam.com\\\/de\\\/wp-content\\\/media\\\/sites\\\/4\\\/2020\\\/01\\\/dreamstime_s_91432257-2.png\",\"width\":989,\"height\":374},{\"@type\":\"BreadcrumbList\",\"@id\":\"https:\\\/\\\/gamblingsam.com\\\/de\\\/live-casino\\\/#breadcrumb\",\"itemListElement\":[{\"@type\":\"ListItem\",\"position\":1,\"name\":\"Home\",\"item\":\"https:\\\/\\\/gamblingsam.com\\\/de\\\/\"},{\"@type\":\"ListItem\",\"position\":2,\"name\":\"Live casino\"}]},{\"@type\":\"WebSite\",\"@id\":\"https:\\\/\\\/gamblingsam.com\\\/de\\\/#website\",\"url\":\"https:\\\/\\\/gamblingsam.com\\\/de\\\/\",\"name\":\"GamblingSam.com\",\"description\":\"\",\"potentialAction\":[{\"@type\":\"SearchAction\",\"target\":{\"@type\":\"EntryPoint\",\"urlTemplate\":\"https:\\\/\\\/gamblingsam.com\\\/de\\\/?s={search_term_string}\"},\"query-input\":{\"@type\":\"PropertyValueSpecification\",\"valueRequired\":true,\"valueName\":\"search_term_string\"}}],\"inLanguage\":\"de\"}]}<\/script>\n<!-- \/ Yoast SEO plugin. -->","yoast_head_json":{"title":"Live Casino - Spielen Sie das Casino gegen einen echten Croupier","description":"Mit dem Live Casino bekommen Sie das Gef\u00fchl von Las Vegas direkt zu Ihnen. Spielen Sie Roulette, Blackjack und vieles mehr im Live Casino.","robots":{"index":"index","follow":"follow","max-snippet":"max-snippet:-1","max-image-preview":"max-image-preview:large","max-video-preview":"max-video-preview:-1"},"canonical":"https:\/\/gamblingsam.com\/de\/live-casino\/","og_locale":"de_DE","og_type":"article","og_title":"Live Casino - Spielen Sie das Casino gegen einen echten Croupier","og_description":"Mit dem Live Casino bekommen Sie das Gef\u00fchl von Las Vegas direkt zu Ihnen. Spielen Sie Roulette, Blackjack und vieles mehr im Live Casino.","og_url":"https:\/\/gamblingsam.com\/de\/live-casino\/","og_site_name":"GamblingSam.com","article_modified_time":"2025-09-04T07:40:49+00:00","og_image":[{"width":989,"height":374,"url":"https:\/\/gamblingsam.com\/de\/wp-content\/media\/sites\/4\/2020\/01\/dreamstime_s_91432257-2.png","type":"image\/png"}],"twitter_card":"summary_large_image","twitter_misc":{"Gesch\u00e4tzte Lesezeit":"5\u00a0Minuten"},"schema":{"@context":"https:\/\/schema.org","@graph":[{"@type":"WebPage","@id":"https:\/\/gamblingsam.com\/de\/live-casino\/","url":"https:\/\/gamblingsam.com\/de\/live-casino\/","name":"Live Casino - Spielen Sie das Casino gegen einen echten Croupier","isPartOf":{"@id":"https:\/\/gamblingsam.com\/de\/#website"},"primaryImageOfPage":{"@id":"https:\/\/gamblingsam.com\/de\/live-casino\/#primaryimage"},"image":{"@id":"https:\/\/gamblingsam.com\/de\/live-casino\/#primaryimage"},"thumbnailUrl":"https:\/\/gamblingsam.com\/de\/wp-content\/media\/sites\/4\/2020\/01\/dreamstime_s_91432257-2.png","datePublished":"2019-12-19T10:14:20+00:00","dateModified":"2025-09-04T07:40:49+00:00","description":"Mit dem Live Casino bekommen Sie das Gef\u00fchl von Las Vegas direkt zu Ihnen. Spielen Sie Roulette, Blackjack und vieles mehr im Live Casino.","breadcrumb":{"@id":"https:\/\/gamblingsam.com\/de\/live-casino\/#breadcrumb"},"inLanguage":"de","potentialAction":[{"@type":"ReadAction","target":["https:\/\/gamblingsam.com\/de\/live-casino\/"]}]},{"@type":"ImageObject","inLanguage":"de","@id":"https:\/\/gamblingsam.com\/de\/live-casino\/#primaryimage","url":"https:\/\/gamblingsam.com\/de\/wp-content\/media\/sites\/4\/2020\/01\/dreamstime_s_91432257-2.png","contentUrl":"https:\/\/gamblingsam.com\/de\/wp-content\/media\/sites\/4\/2020\/01\/dreamstime_s_91432257-2.png","width":989,"height":374},{"@type":"BreadcrumbList","@id":"https:\/\/gamblingsam.com\/de\/live-casino\/#breadcrumb","itemListElement":[{"@type":"ListItem","position":1,"name":"Home","item":"https:\/\/gamblingsam.com\/de\/"},{"@type":"ListItem","position":2,"name":"Live casino"}]},{"@type":"WebSite","@id":"https:\/\/gamblingsam.com\/de\/#website","url":"https:\/\/gamblingsam.com\/de\/","name":"GamblingSam.com","description":"","potentialAction":[{"@type":"SearchAction","target":{"@type":"EntryPoint","urlTemplate":"https:\/\/gamblingsam.com\/de\/?s={search_term_string}"},"query-input":{"@type":"PropertyValueSpecification","valueRequired":true,"valueName":"search_term_string"}}],"inLanguage":"de"}]}},"_links":{"self":[{"href":"https:\/\/gamblingsam.com\/de\/wp-json\/wp\/v2\/pages\/64","targetHints":{"allow":["GET"]}}],"collection":[{"href":"https:\/\/gamblingsam.com\/de\/wp-json\/wp\/v2\/pages"}],"about":[{"href":"https:\/\/gamblingsam.com\/de\/wp-json\/wp\/v2\/types\/page"}],"author":[{"embeddable":true,"href":"https:\/\/gamblingsam.com\/de\/wp-json\/wp\/v2\/users\/1"}],"replies":[{"embeddable":true,"href":"https:\/\/gamblingsam.com\/de\/wp-json\/wp\/v2\/comments?post=64"}],"version-history":[{"count":5,"href":"https:\/\/gamblingsam.com\/de\/wp-json\/wp\/v2\/pages\/64\/revisions"}],"predecessor-version":[{"id":271,"href":"https:\/\/gamblingsam.com\/de\/wp-json\/wp\/v2\/pages\/64\/revisions\/271"}],"wp:attachment":[{"href":"https:\/\/gamblingsam.com\/de\/wp-json\/wp\/v2\/media?parent=64"}],"curies":[{"name":"wp","href":"https:\/\/api.w.org\/{rel}","templated":true}]}}