{"id":68,"date":"2019-12-19T10:21:53","date_gmt":"2019-12-19T10:21:53","guid":{"rendered":"https:\/\/gamblingsam.com\/de\/?page_id=68"},"modified":"2025-09-04T07:37:58","modified_gmt":"2025-09-04T07:37:58","slug":"roulette","status":"publish","type":"page","link":"https:\/\/gamblingsam.com\/de\/roulette\/","title":{"rendered":"Roulette"},"content":{"rendered":"\n<h1 class=\"wp-block-heading\">Roulette &#8211; Alles um Roulette und wie man spielt <\/h1>\n\n\n\n<p>Online Casinos sind mittlerweile in ganz Deutschland sehr beliebt. Eines der am h\u00e4ufigsten gespielten Spiele ist Roulette. Obwohl es aufregend ist in ein richtiges Casino zu gehen ist es einfacher, vor dem Computer zu sitzen und zu spielen. Roulette ist heute in einem Online Casino genauso selbstverst\u00e4ndlich wie Slots und Blackjack. Wenn Sie in einem Casino Online Roulette spielen, spielen Sie gegen einen Zufallsgenerator.<\/p>\n\n\n\n<p>Sie sprechen normalerweise \u00fcber zwei verschiedene Versionen von Roulette. Eines ist das franz\u00f6sische\/europ\u00e4ische Roulette bei dem die Regeln gleich sind. Es gibt auch amerikanisches Roulette bei dem eine zus\u00e4tzliche gr\u00fcne Null hinzugef\u00fcgt wird. Somit hat die Bank einen etwas gr\u00f6\u00dferen Vorteil beim amerikanischen Roulette. F\u00fcr diejenigen, die Online Roulette in deutschen Casinos spielen, k\u00f6nnen Sie stattdessen franz\u00f6sisches Roulette w\u00e4hlen. Dann haben Sie mehr Gewinnchancen.<\/p>\n\n\n\n<h2 class=\"wp-block-heading\">Roulette live casino<\/h2>\n\n\n\n<p>Wenn Sie gegen echte Croupiers spielen m\u00f6chten, gilt das <a href=\"\/de\/live-casino\/\">Live Casino<\/a>. Es gibt eine ganz andere Art von Gef\u00fchl beim Spielen gegen einen Zufallsgenerator. Holen Sie sich das Gef\u00fchl, in Las Vegas zu sein, und haben Sie trotzdem die Freiheit zu spielen wo immer Sie wollen.<\/p>\n\n\n\n<p>Sie erhalten ein erstklassiges Spielerlebnis, wenn Sie Live Roulette spielen. Sie k\u00f6nnen nicht nur verschiedene Kamerawinkel ausw\u00e4hlen. In der Regel haben die Spielmacher auch Chat, Spielverlauf, Statistiken, hei\u00dfe und kalte Zahlen und vieles mehr hinzugef\u00fcgt, um mehr von Ihrem Spiel am Roulette Tisch zu bekommen.<\/p>\n\n\n\n<p>Da Sie w\u00e4hrend des Spiels mit anderen Spielern chatten k\u00f6nnen, erhalten Sie eine geselligere Spielzeit, die normalerweise von den meisten gesch\u00e4tzt wird. Sie k\u00f6nnen den n\u00e4chsten Ball, die neuesten Ergebnisse oder alles andere besprechen, was Ihr Spiel betrifft. Durch die Interaktion mit anderen Spielern wird Ihre Erfahrung noch besser.<\/p>\n\n\n\n<h3 class=\"wp-block-heading\">Roulette Boni<\/h3>\n\n\n\n<p>Wenn Sie mehr Roulette f\u00fcr weniger Geld spielen m\u00f6chten, k\u00f6nnen Sie einen <a href=\"\/de\/casino-boni\/\">Casino Boni<\/a> erhalten. Das einzige was Sie tun m\u00fcssen ist auszuhecken damit Sie Ihren Bonus beim Roulette einsetzen k\u00f6nnen. Die meisten Boni gelten f\u00fcr Spielautomaten. Aber die meisten Boni k\u00f6nnen beim Roulette eingesetzt werden. Das einzige ist dass es normalerweise nicht zu 100% auf die Wettanforderungen ankommt. Stattdessen tragen vielleicht 10% zum Wettanforderungen bei.<\/p>\n\n\n\n<p>Die deutschen Spieler lieben Roulette Boni, weil sie mehr Casino f\u00fcr weniger Geld spielen k\u00f6nnen. Der h\u00e4ufigste Bonus f\u00fcr Roulette ist ein klassischer Willkommens Boni. Dann passt das Online Casino Ihre erste Einzahlung auf einen bestimmten Betrag an. Zum Beispiel k\u00f6nnen Sie einen Willkommens Bonus von 100% bis zu 200 Euro erhalten. Wenn Sie eine Einzahlung von 200 Euro machen, bekommen Sie volle 400 Euro, um am Roulette Tisch zu spielen. Ein Willkommens Boni wird normalerweise Neukunden gew\u00e4hrt die sich bei einem Online Casino anmelden. Dies als Dankesch\u00f6n und als Willkommens Geschenk vom Internet Casino.<\/p>\n\n\n\n<h3 class=\"wp-block-heading\">Roulette auf Ihrem Handy<\/h3>\n\n\n\n<p>M\u00f6glicherweise haben Sie nicht immer Zugriff auf einen Computer. Vielleicht sitzen Sie in der U-Bahn in Berlin oder auf dem R\u00fccksitz des Taxis in M\u00fcnchen. Wenn Sie es gewohnt sind Roulette zu spielen k\u00f6nnte dies fr\u00fcher ein Problem sein. Aber heute sind diese Probleme weggeblasen. Stattdessen k\u00f6nnen Sie Roulette auf Ihrem Handy spielen, solange Sie WIFI oder 4G haben. Wir gehen davon aus, dass Sie ein Smartphone haben und somit \u00fcberall auf dem Land einen gem\u00fctlichen Roulette Tisch schaffen k\u00f6nnen.<\/p>\n\n\n\n<p>iPhone oder Android sind beide f\u00fcr das mobile Casino verf\u00fcgbar. Gleiches gilt f\u00fcr andere Marken wie Samsung und Google. Alle Smartphones funktionieren einfach mit <a href=\"http:\/\/gamblingsam.com\/de\/\">deutschen Casinos<\/a>. Deshalb haben Sie Roulette immer zur Hand.<\/p>\n\n\n\n<h3 class=\"wp-block-heading\">Roulette &#8211; Ein Blick zur\u00fcck<\/h3>\n\n\n\n<p>Die Geschichte hinter dem Roulette online ist sehr interessant. Im Jahr 1600 begann das Spiel in Frankreich und es wird gesagt, dass der Gr\u00fcnder Blaise Pascal ist. Wenn er eins mit einem Projekt machte, machte er eine Pause und erfand dann das Roulette Rad. Obwohl es einige hundert Jahre dauerte bis das Spiel die Casinos erreichte ist es eine Selbstverst\u00e4ndlichkeit, Roulette online spielen zu k\u00f6nnen.<\/p>\n\n\n<div class=\"wp-block-image\">\n<figure class=\"aligncenter size-large is-resized\"><img loading=\"lazy\" decoding=\"async\" width=\"979\" height=\"310\" src=\"https:\/\/gamblingsam.com\/de\/wp-content\/media\/sites\/4\/2020\/01\/dreamstime_s_1506762-2.png\" alt=\"Roulette - Alles um Roulette und wie man spielt\" class=\"wp-image-114\" style=\"width:999px\" srcset=\"https:\/\/gamblingsam.com\/de\/wp-content\/media\/sites\/4\/2020\/01\/dreamstime_s_1506762-2.png 979w, https:\/\/gamblingsam.com\/de\/wp-content\/media\/sites\/4\/2020\/01\/dreamstime_s_1506762-2-300x95.png 300w, https:\/\/gamblingsam.com\/de\/wp-content\/media\/sites\/4\/2020\/01\/dreamstime_s_1506762-2-768x243.png 768w\" sizes=\"auto, (max-width: 979px) 100vw, 979px\" \/><\/figure><\/div>\n\n\n<p>Der Trend war bemerkenswert von Pascals Idee zu deutschen Online Casinos. Obwohl es sch\u00f6n war, das Kost\u00fcm anzuziehen und zum Casino zu gehen ist es bequemer online zu spielen. Nur die Freiheit ist der gr\u00f6\u00dfte Unterschied denn wie wir im Abschnitt \u00fcber Mobilger\u00e4te erw\u00e4hnt haben, k\u00f6nnen Sie spielen wo immer Sie sind.<\/p>\n","protected":false},"excerpt":{"rendered":"<p>Roulette &#8211; Alles um Roulette und wie man spielt Online Casinos sind mittlerweile in ganz Deutschland sehr beliebt. Eines der am h\u00e4ufigsten gespielten Spiele ist Roulette. Obwohl es aufregend ist <a href=\"https:\/\/gamblingsam.com\/de\/roulette\/\">&#8230;.<\/a><\/p>\n","protected":false},"author":1,"featured_media":0,"parent":0,"menu_order":0,"comment_status":"closed","ping_status":"closed","template":"","meta":{"footnotes":""},"class_list":["post-68","page","type-page","status-publish","hentry"],"yoast_head":"<!-- This site is optimized with the Yoast SEO plugin v27.3 - https:\/\/yoast.com\/product\/yoast-seo-wordpress\/ -->\n<title>Roulette - Alles um Roulette und wie man spielt<\/title>\n<meta name=\"description\" content=\"Drehen Sie den Ball im Roulette und vielleicht gewinnen Sie. W\u00e4hlen Sie zwischen Online Roulette oder Live Casino mit einem echten Croupier.\" \/>\n<meta name=\"robots\" content=\"index, follow, max-snippet:-1, max-image-preview:large, max-video-preview:-1\" \/>\n<link rel=\"canonical\" href=\"https:\/\/gamblingsam.com\/de\/roulette\/\" \/>\n<meta property=\"og:locale\" content=\"de_DE\" \/>\n<meta property=\"og:type\" content=\"article\" \/>\n<meta property=\"og:title\" content=\"Roulette - Alles um Roulette und wie man spielt\" \/>\n<meta property=\"og:description\" content=\"Drehen Sie den Ball im Roulette und vielleicht gewinnen Sie. W\u00e4hlen Sie zwischen Online Roulette oder Live Casino mit einem echten Croupier.\" \/>\n<meta property=\"og:url\" content=\"https:\/\/gamblingsam.com\/de\/roulette\/\" \/>\n<meta property=\"og:site_name\" content=\"GamblingSam.com\" \/>\n<meta property=\"article:modified_time\" content=\"2025-09-04T07:37:58+00:00\" \/>\n<meta property=\"og:image\" content=\"https:\/\/gamblingsam.com\/de\/wp-content\/media\/sites\/4\/2020\/01\/dreamstime_s_1506762-2.png\" \/>\n\t<meta property=\"og:image:width\" content=\"979\" \/>\n\t<meta property=\"og:image:height\" content=\"310\" \/>\n\t<meta property=\"og:image:type\" content=\"image\/png\" \/>\n<meta name=\"twitter:card\" content=\"summary_large_image\" \/>\n<meta name=\"twitter:label1\" content=\"Gesch\u00e4tzte Lesezeit\" \/>\n\t<meta name=\"twitter:data1\" content=\"4\u00a0Minuten\" \/>\n<script type=\"application\/ld+json\" class=\"yoast-schema-graph\">{\"@context\":\"https:\\\/\\\/schema.org\",\"@graph\":[{\"@type\":\"WebPage\",\"@id\":\"https:\\\/\\\/gamblingsam.com\\\/de\\\/roulette\\\/\",\"url\":\"https:\\\/\\\/gamblingsam.com\\\/de\\\/roulette\\\/\",\"name\":\"Roulette - Alles um Roulette und wie man spielt\",\"isPartOf\":{\"@id\":\"https:\\\/\\\/gamblingsam.com\\\/de\\\/#website\"},\"primaryImageOfPage\":{\"@id\":\"https:\\\/\\\/gamblingsam.com\\\/de\\\/roulette\\\/#primaryimage\"},\"image\":{\"@id\":\"https:\\\/\\\/gamblingsam.com\\\/de\\\/roulette\\\/#primaryimage\"},\"thumbnailUrl\":\"https:\\\/\\\/gamblingsam.com\\\/de\\\/wp-content\\\/media\\\/sites\\\/4\\\/2020\\\/01\\\/dreamstime_s_1506762-2.png\",\"datePublished\":\"2019-12-19T10:21:53+00:00\",\"dateModified\":\"2025-09-04T07:37:58+00:00\",\"description\":\"Drehen Sie den Ball im Roulette und vielleicht gewinnen Sie. W\u00e4hlen Sie zwischen Online Roulette oder Live Casino mit einem echten Croupier.\",\"breadcrumb\":{\"@id\":\"https:\\\/\\\/gamblingsam.com\\\/de\\\/roulette\\\/#breadcrumb\"},\"inLanguage\":\"de\",\"potentialAction\":[{\"@type\":\"ReadAction\",\"target\":[\"https:\\\/\\\/gamblingsam.com\\\/de\\\/roulette\\\/\"]}]},{\"@type\":\"ImageObject\",\"inLanguage\":\"de\",\"@id\":\"https:\\\/\\\/gamblingsam.com\\\/de\\\/roulette\\\/#primaryimage\",\"url\":\"https:\\\/\\\/gamblingsam.com\\\/de\\\/wp-content\\\/media\\\/sites\\\/4\\\/2020\\\/01\\\/dreamstime_s_1506762-2.png\",\"contentUrl\":\"https:\\\/\\\/gamblingsam.com\\\/de\\\/wp-content\\\/media\\\/sites\\\/4\\\/2020\\\/01\\\/dreamstime_s_1506762-2.png\",\"width\":979,\"height\":310},{\"@type\":\"BreadcrumbList\",\"@id\":\"https:\\\/\\\/gamblingsam.com\\\/de\\\/roulette\\\/#breadcrumb\",\"itemListElement\":[{\"@type\":\"ListItem\",\"position\":1,\"name\":\"Home\",\"item\":\"https:\\\/\\\/gamblingsam.com\\\/de\\\/\"},{\"@type\":\"ListItem\",\"position\":2,\"name\":\"Roulette\"}]},{\"@type\":\"WebSite\",\"@id\":\"https:\\\/\\\/gamblingsam.com\\\/de\\\/#website\",\"url\":\"https:\\\/\\\/gamblingsam.com\\\/de\\\/\",\"name\":\"GamblingSam.com\",\"description\":\"\",\"potentialAction\":[{\"@type\":\"SearchAction\",\"target\":{\"@type\":\"EntryPoint\",\"urlTemplate\":\"https:\\\/\\\/gamblingsam.com\\\/de\\\/?s={search_term_string}\"},\"query-input\":{\"@type\":\"PropertyValueSpecification\",\"valueRequired\":true,\"valueName\":\"search_term_string\"}}],\"inLanguage\":\"de\"}]}<\/script>\n<!-- \/ Yoast SEO plugin. -->","yoast_head_json":{"title":"Roulette - Alles um Roulette und wie man spielt","description":"Drehen Sie den Ball im Roulette und vielleicht gewinnen Sie. W\u00e4hlen Sie zwischen Online Roulette oder Live Casino mit einem echten Croupier.","robots":{"index":"index","follow":"follow","max-snippet":"max-snippet:-1","max-image-preview":"max-image-preview:large","max-video-preview":"max-video-preview:-1"},"canonical":"https:\/\/gamblingsam.com\/de\/roulette\/","og_locale":"de_DE","og_type":"article","og_title":"Roulette - Alles um Roulette und wie man spielt","og_description":"Drehen Sie den Ball im Roulette und vielleicht gewinnen Sie. W\u00e4hlen Sie zwischen Online Roulette oder Live Casino mit einem echten Croupier.","og_url":"https:\/\/gamblingsam.com\/de\/roulette\/","og_site_name":"GamblingSam.com","article_modified_time":"2025-09-04T07:37:58+00:00","og_image":[{"width":979,"height":310,"url":"https:\/\/gamblingsam.com\/de\/wp-content\/media\/sites\/4\/2020\/01\/dreamstime_s_1506762-2.png","type":"image\/png"}],"twitter_card":"summary_large_image","twitter_misc":{"Gesch\u00e4tzte Lesezeit":"4\u00a0Minuten"},"schema":{"@context":"https:\/\/schema.org","@graph":[{"@type":"WebPage","@id":"https:\/\/gamblingsam.com\/de\/roulette\/","url":"https:\/\/gamblingsam.com\/de\/roulette\/","name":"Roulette - Alles um Roulette und wie man spielt","isPartOf":{"@id":"https:\/\/gamblingsam.com\/de\/#website"},"primaryImageOfPage":{"@id":"https:\/\/gamblingsam.com\/de\/roulette\/#primaryimage"},"image":{"@id":"https:\/\/gamblingsam.com\/de\/roulette\/#primaryimage"},"thumbnailUrl":"https:\/\/gamblingsam.com\/de\/wp-content\/media\/sites\/4\/2020\/01\/dreamstime_s_1506762-2.png","datePublished":"2019-12-19T10:21:53+00:00","dateModified":"2025-09-04T07:37:58+00:00","description":"Drehen Sie den Ball im Roulette und vielleicht gewinnen Sie. W\u00e4hlen Sie zwischen Online Roulette oder Live Casino mit einem echten Croupier.","breadcrumb":{"@id":"https:\/\/gamblingsam.com\/de\/roulette\/#breadcrumb"},"inLanguage":"de","potentialAction":[{"@type":"ReadAction","target":["https:\/\/gamblingsam.com\/de\/roulette\/"]}]},{"@type":"ImageObject","inLanguage":"de","@id":"https:\/\/gamblingsam.com\/de\/roulette\/#primaryimage","url":"https:\/\/gamblingsam.com\/de\/wp-content\/media\/sites\/4\/2020\/01\/dreamstime_s_1506762-2.png","contentUrl":"https:\/\/gamblingsam.com\/de\/wp-content\/media\/sites\/4\/2020\/01\/dreamstime_s_1506762-2.png","width":979,"height":310},{"@type":"BreadcrumbList","@id":"https:\/\/gamblingsam.com\/de\/roulette\/#breadcrumb","itemListElement":[{"@type":"ListItem","position":1,"name":"Home","item":"https:\/\/gamblingsam.com\/de\/"},{"@type":"ListItem","position":2,"name":"Roulette"}]},{"@type":"WebSite","@id":"https:\/\/gamblingsam.com\/de\/#website","url":"https:\/\/gamblingsam.com\/de\/","name":"GamblingSam.com","description":"","potentialAction":[{"@type":"SearchAction","target":{"@type":"EntryPoint","urlTemplate":"https:\/\/gamblingsam.com\/de\/?s={search_term_string}"},"query-input":{"@type":"PropertyValueSpecification","valueRequired":true,"valueName":"search_term_string"}}],"inLanguage":"de"}]}},"_links":{"self":[{"href":"https:\/\/gamblingsam.com\/de\/wp-json\/wp\/v2\/pages\/68","targetHints":{"allow":["GET"]}}],"collection":[{"href":"https:\/\/gamblingsam.com\/de\/wp-json\/wp\/v2\/pages"}],"about":[{"href":"https:\/\/gamblingsam.com\/de\/wp-json\/wp\/v2\/types\/page"}],"author":[{"embeddable":true,"href":"https:\/\/gamblingsam.com\/de\/wp-json\/wp\/v2\/users\/1"}],"replies":[{"embeddable":true,"href":"https:\/\/gamblingsam.com\/de\/wp-json\/wp\/v2\/comments?post=68"}],"version-history":[{"count":6,"href":"https:\/\/gamblingsam.com\/de\/wp-json\/wp\/v2\/pages\/68\/revisions"}],"predecessor-version":[{"id":268,"href":"https:\/\/gamblingsam.com\/de\/wp-json\/wp\/v2\/pages\/68\/revisions\/268"}],"wp:attachment":[{"href":"https:\/\/gamblingsam.com\/de\/wp-json\/wp\/v2\/media?parent=68"}],"curies":[{"name":"wp","href":"https:\/\/api.w.org\/{rel}","templated":true}]}}