{"id":74,"date":"2019-12-26T14:58:09","date_gmt":"2019-12-26T14:58:09","guid":{"rendered":"https:\/\/gamblingsam.com\/de\/?page_id=74"},"modified":"2025-09-04T07:41:30","modified_gmt":"2025-09-04T07:41:30","slug":"sportwetten","status":"publish","type":"page","link":"https:\/\/gamblingsam.com\/de\/sportwetten\/","title":{"rendered":"Sportwetten"},"content":{"rendered":"\n<h1 class=\"wp-block-heading\">Sportwetten &#8211; Wetten Sie auf Sport bei deutschen Buchmachern<\/h1>\n\n\n\n<p>Wenn Sie gerne wetten, sind Sie genau richtig gelandet. Es spielt keine Rolle, ob Sie Anf\u00e4nger oder Fortgeschrittener sind. Bei uns k\u00f6nnen Sie t\u00e4glich Wett Tipps und Quoten Boni nutzen. Wir haben au\u00dferdem \u00fcber hundert verschiedene deutsche Wettanbieter analysiert und die besten f\u00fcr Sie ausgew\u00e4hlt. Willkommen auf einer Website, auf der Wetten so behandelt werden wie sie behandelt werden sollten. Erfahren Sie alles \u00fcber Sportwetten und stellen Sie sicher dass Sie die perfekten Voraussetzungen f\u00fcr den Einstieg haben.<\/p>\n\n\n\n<h2 class=\"wp-block-heading\">Wetten auf Sport bei Buchmachern mit einer Lizenz<\/h2>\n\n\n\n<p>Wenige Dinge besch\u00e4ftigen die Deutschen mehr als der Sport. Um mehr aus dem Sport herauszuholen macht es Spa\u00df zu wetten. Sie k\u00f6nnen heute auf alles M\u00f6gliche Flecken setzen. Von der eigenen Bundesliga im Fu\u00dfball \u00fcber Skifahren bis zum Tennis. Wenn Sie wetten ist es gut eine lizenzierte Spielefirma zu w\u00e4hlen. Es gibt keine deutsche Nationallizenz, sondern es gilt die Lizenz aus Malta. Es ist ein EU-Land und deutsche Buchmacher werden in der Regel von Malta aus lizenziert. Mit einer EU Lizenz m\u00fcssen Sie sich keine Sorgen machen. Sie haben ein von der EU zugelassenes europ\u00e4isches Unternehmen, das Bookies Lizenzen ausstellt. W\u00e4hlen Sie immer eine lizenzierte Wettanbieter. Ansonsten gibt es keine Garantie f\u00fcr Ihre Sicherheit.<\/p>\n\n\n\n<h3 class=\"wp-block-heading\">Wetten Boni &#8211; Wetten Sie mehr mit einem Bonus<\/h3>\n\n\n\n<p>In unserer Liste finden Sie verschiedene Boni. Wenn Sie einen Wetten <a href=\"\/de\/casino-boni\/\">Bonus erhalten<\/a>, werden Ihre Wetten noch besser. Das erste was Sie kennenlernen ist ein Willkommensbonus, den Sie erhalten, wenn Sie sich auf einer neuen Wettanbieter registrieren. Dies ist eine M\u00f6glichkeit f\u00fcr die Buchmacher neue Spieler in dem harten Wettbewerb der vorherrscht anzuziehen. Der h\u00e4ufigste Bonus ist ein Einzahlungsbonus, bei dem Sie Ihre erste Einzahlung verdoppeln. Oft sind es 100% bis zu 100 Euro, aber es gibt Buchmacher die mehr als das geben.<\/p>\n\n\n\n<p>Nachdem Sie Ihren Willkommensbonus verwendet haben werden auf den Wettanbieter verschiedene andere Aktionen angeboten. Risikofreie Spiele sind in Deutschland genauso beliebt wie erh\u00f6hte Gewinnchancen. Bei risikofreien Wetten haben Sie kein Risiko aber Sie erhalten das Geld vom Buchmacher zur\u00fcck wenn Ihre Wette nicht eingeht. Andere bieten <a href=\"\/de\/casino-kostenlos\/\">kostenlose Spiele<\/a> an bei denen Sie Geld von der Wettgesellschaft erhalten, um es f\u00fcr eine Wette abzugeben. Unabh\u00e4ngig davon ist es sch\u00f6n einen Bonus von einer deutschen Wettanbieter zu erhalten.<\/p>\n\n\n<div class=\"wp-block-image\">\n<figure class=\"alignright size-large is-resized\"><img loading=\"lazy\" decoding=\"async\" width=\"1024\" height=\"683\" src=\"https:\/\/gamblingsam.com\/de\/wp-content\/media\/sites\/4\/2020\/01\/iStock-1152425277-1-1024x683.jpg\" alt=\"Wetten Sie auf Sport bei deutschen Buchmachern\" class=\"wp-image-96\" style=\"width:335px;height:223px\" srcset=\"https:\/\/gamblingsam.com\/de\/wp-content\/media\/sites\/4\/2020\/01\/iStock-1152425277-1-1024x683.jpg 1024w, https:\/\/gamblingsam.com\/de\/wp-content\/media\/sites\/4\/2020\/01\/iStock-1152425277-1-300x200.jpg 300w, https:\/\/gamblingsam.com\/de\/wp-content\/media\/sites\/4\/2020\/01\/iStock-1152425277-1-768x512.jpg 768w, https:\/\/gamblingsam.com\/de\/wp-content\/media\/sites\/4\/2020\/01\/iStock-1152425277-1.jpg 1254w\" sizes=\"auto, (max-width: 1024px) 100vw, 1024px\" \/><\/figure><\/div>\n\n\n<h3 class=\"wp-block-heading\">Spielen Sie an verschiedenen Wettanbieter<\/h3>\n\n\n\n<p>Es gibt viele Vorteile bei verschiedenen Buchmachers zu spielen. Sie k\u00f6nnen die Quoten vergleichen und die h\u00f6chsten erhalten. Die Buchmacher bieten verschiedene Arten von Gewinnchancen f\u00fcr verschiedene Spiele an. Sie sind nicht immer gleich aber es liegt an Ihnen die besten Quoten zu finden und beim Buchmacher zu spielen, der die besten Quoten anbietet. Es ist nicht erforderlich bei einem Buchmacher zu spielen wenn der Nachbar bei derselben Wette bessere Quoten bietet. Um sich nicht zu vergleichen k\u00f6nnen Sie uns stattdessen den Job machen lassen. Wenn wir Wetten Tipps ausliefern, erhalten Sie immer die besten verf\u00fcgbaren Quoten.<\/p>\n\n\n\n<h3 class=\"wp-block-heading\">T\u00e4gliche Angebote bei Buchmachern<\/h3>\n\n\n\n<p>Es sind nicht nur Willkommens Boni die deutsche Spieler erhalten k\u00f6nnen. Es gibt viele weitere Angebote. Wir stellen sicher dass Sie die besten verf\u00fcgbaren Angebote bei deutschen Buchmachern erhalten. Manchmal handelt es sich um exklusive Boni, manchmal um ein Angebot f\u00fcr ein bestimmtes Spiel. Wenn es gro\u00dfe Spiele wie das Finale des Deutschen Pokals oder das Weltcup-Finale gibt, gibt es normalerweise wirklich gute Aktionen. Bei uns k\u00f6nnen Sie immer zuerst dar\u00fcber lesen, denn wir haben einen guten \u00dcberblick \u00fcber alle gro\u00dfen Ereignisse.<\/p>\n\n\n\n<h3 class=\"wp-block-heading\">Wetten auf Fu\u00dfball<\/h3>\n\n\n\n<p>Fu\u00dfball ist die Nummer eins in Deutschland und wird es immer sein. Sowohl die Mannschaft als auch unsere deutschen Vereinsmannschaften haben \u00fcber die Jahre enorme Erfolge erzielt. Obwohl die WM 2018 in Russland \u00fcbersehen wird, freuen wir uns auf die kommenden Turniere der Nationalmannschaft. Auch in der Champions League, wo sowohl Bayern M\u00fcnchen als auch Borussia Dortmund bereits mehrere Endspiele bestritten haben, sind die deutschen gut unterwegs.<\/p>\n\n\n\n<p>Fu\u00dfball ist der Sport, auf den sich auch die Spielefirmen konzentrieren. Hier finden Sie die meisten Wett Optionen und die besten Live Wetten. F\u00fcr diejenigen unter Ihnen die sich f\u00fcr Fu\u00dfball interessieren macht das Wetten auf den Sport viel Spa\u00df. Das sollten Sie testen.<\/p>\n\n\n\n<h3 class=\"wp-block-heading\">Wetten auf andere Sportarten<\/h3>\n\n\n\n<p>Tennis, Skifahren und Basketball! Ein Wettb\u00fcro bietet normalerweise verschiedene Sportarten an, auf die man wetten kann. Es kann Spa\u00df machen, Abwechslung in ihren Wetten zu finden und nicht nur auf Fu\u00dfball zu wetten. Einige lieben Leichtathletik und Pferdespringen andere bevorzugen Radfahren oder Golf. Es gibt auch kleinere Sportarten wie Darts, Billard und Snooker. Die Hauptsache ist dass Sie ein Gleichgewicht in Ihren Wetten finden und auf Sportarten spielen, die Sie m\u00f6gen und an denen Sie ein Interesse haben. Je mehr Sie k\u00f6nnen desto mehr Gewinnchancen haben Sie bei Ihren Wetten.<\/p>\n\n\n\n<h3 class=\"wp-block-heading\">Live Wetten<\/h3>\n\n\n\n<p>Wetten Sie live wenn es sich um ein bereits begonnenes Spiel handelt. Alle deutschen Wettanbieter haben laufende Spiele direkt beim Besuch eines Buchmachers platziert. Live Wetten bieten mehr Spannung und h\u00f6here Gewinnchancen als regul\u00e4re Wetten. <a href=\"\/de\/mobiles-casino\/\">Spielen Sie direkt von Ihrem Handy<\/a> oder Computer und setzen Sie wenn das Spiel beendet ist. Der Buchmacher haben auch gute Statistiken die Sie nutzen k\u00f6nnen um Ihr Spiel zu erleichtern. Je mehr Fakten und Kenntnisse Sie haben, desto besser wird es bei Ihren Live Wetten. Es gibt keine Garantien, aber schauen Sie sich die Statistiken an und Ihre Wetten werden viel besser.<\/p>\n\n\n\n<h3 class=\"wp-block-heading\">Auszahlung<\/h3>\n\n\n\n<p>Eines der hei\u00dfesten Features bei Sportwetten ist cash out. Die gesch\u00e4tzte Funktion erm\u00f6glicht es Kunden ein Spiel zu schlie\u00dfen bevor das Spiel vorbei ist. Sie k\u00f6nnen also auf<\/p>\n\n\n\n<p>einen bestimmten Ausgang des Spiels setzen und dann das Spiel beenden, obwohl das Spiel noch nicht vorbei ist. Wie viel Sie beim Cash Out von Geld gewinnen k\u00f6nnen, h\u00e4ngt ganz davon ab, ob Ihre Wette gerade eingeht oder nicht. Aber eines ist sicher! Cash out sind etwas das die <a href=\"http:\/\/gamblingsam.com\/de\/\">deutschen Spieler<\/a> lieben weil Sie die Wahl haben, einen Teil des Gewinns herauszusuchen oder den ganzen Weg zu warten, um den vollen Gewinn zu erzielen.<\/p>\n\n\n<div class=\"wp-block-image\">\n<figure class=\"aligncenter size-large\"><img loading=\"lazy\" decoding=\"async\" width=\"1024\" height=\"482\" src=\"https:\/\/gamblingsam.com\/de\/wp-content\/media\/sites\/4\/2020\/01\/1233253451234-1024x482.png\" alt=\"Wetten auf Sport bei Deutschlands besten Buchmachern\" class=\"wp-image-99\" srcset=\"https:\/\/gamblingsam.com\/de\/wp-content\/media\/sites\/4\/2020\/01\/1233253451234-1024x482.png 1024w, https:\/\/gamblingsam.com\/de\/wp-content\/media\/sites\/4\/2020\/01\/1233253451234-300x141.png 300w, https:\/\/gamblingsam.com\/de\/wp-content\/media\/sites\/4\/2020\/01\/1233253451234-768x361.png 768w, https:\/\/gamblingsam.com\/de\/wp-content\/media\/sites\/4\/2020\/01\/1233253451234.png 1337w\" sizes=\"auto, (max-width: 1024px) 100vw, 1024px\" \/><\/figure><\/div>\n\n\n<h3 class=\"wp-block-heading\">Betta auf Unterhaltung<\/h3>\n\n\n\n<p>Man kann nicht nur auf Sport wetten. Unterhaltung, Fernsehsendungen, politische Entscheidungen und vieles mehr stehen zur Verf\u00fcgung. Wenn Ihnen ein Markt fehlt, k\u00f6nnen Sie sich jederzeit an den Support wenden. Vielleicht haben Sie Gl\u00fcck, dass die Wettanbieter f\u00fcr Sie einen neuen Markt betritt!<\/p>\n","protected":false},"excerpt":{"rendered":"<p>Sportwetten &#8211; Wetten Sie auf Sport bei deutschen Buchmachern Wenn Sie gerne wetten, sind Sie genau richtig gelandet. Es spielt keine Rolle, ob Sie Anf\u00e4nger oder Fortgeschrittener sind. Bei uns <a href=\"https:\/\/gamblingsam.com\/de\/sportwetten\/\">&#8230;.<\/a><\/p>\n","protected":false},"author":1,"featured_media":0,"parent":0,"menu_order":0,"comment_status":"closed","ping_status":"closed","template":"","meta":{"footnotes":""},"class_list":["post-74","page","type-page","status-publish","hentry"],"yoast_head":"<!-- This site is optimized with the Yoast SEO plugin v27.4 - https:\/\/yoast.com\/product\/yoast-seo-wordpress\/ -->\n<title>Sportwetten - Wetten Sie auf Sport bei deutschen Buchmachern<\/title>\n<meta name=\"description\" content=\"Wetten auf Sport bei Deutschlands besten Buchmachern. Wir bringen Ihnen alles \u00fcber Wetten mit Bonus und maximalen Gewinnchancen bei.\" \/>\n<meta name=\"robots\" content=\"index, follow, max-snippet:-1, max-image-preview:large, max-video-preview:-1\" \/>\n<link rel=\"canonical\" href=\"https:\/\/gamblingsam.com\/de\/sportwetten\/\" \/>\n<meta property=\"og:locale\" content=\"de_DE\" \/>\n<meta property=\"og:type\" content=\"article\" \/>\n<meta property=\"og:title\" content=\"Sportwetten - Wetten Sie auf Sport bei deutschen Buchmachern\" \/>\n<meta property=\"og:description\" content=\"Wetten auf Sport bei Deutschlands besten Buchmachern. Wir bringen Ihnen alles \u00fcber Wetten mit Bonus und maximalen Gewinnchancen bei.\" \/>\n<meta property=\"og:url\" content=\"https:\/\/gamblingsam.com\/de\/sportwetten\/\" \/>\n<meta property=\"og:site_name\" content=\"GamblingSam.com\" \/>\n<meta property=\"article:modified_time\" content=\"2025-09-04T07:41:30+00:00\" \/>\n<meta property=\"og:image\" content=\"https:\/\/gamblingsam.com\/de\/wp-content\/media\/sites\/4\/2020\/01\/iStock-1152425277-1.jpg\" \/>\n\t<meta property=\"og:image:width\" content=\"1254\" \/>\n\t<meta property=\"og:image:height\" content=\"836\" \/>\n\t<meta property=\"og:image:type\" content=\"image\/jpeg\" \/>\n<meta name=\"twitter:card\" content=\"summary_large_image\" \/>\n<meta name=\"twitter:label1\" content=\"Gesch\u00e4tzte Lesezeit\" \/>\n\t<meta name=\"twitter:data1\" content=\"7\u00a0Minuten\" \/>\n<script type=\"application\/ld+json\" class=\"yoast-schema-graph\">{\"@context\":\"https:\\\/\\\/schema.org\",\"@graph\":[{\"@type\":\"WebPage\",\"@id\":\"https:\\\/\\\/gamblingsam.com\\\/de\\\/sportwetten\\\/\",\"url\":\"https:\\\/\\\/gamblingsam.com\\\/de\\\/sportwetten\\\/\",\"name\":\"Sportwetten - Wetten Sie auf Sport bei deutschen Buchmachern\",\"isPartOf\":{\"@id\":\"https:\\\/\\\/gamblingsam.com\\\/de\\\/#website\"},\"primaryImageOfPage\":{\"@id\":\"https:\\\/\\\/gamblingsam.com\\\/de\\\/sportwetten\\\/#primaryimage\"},\"image\":{\"@id\":\"https:\\\/\\\/gamblingsam.com\\\/de\\\/sportwetten\\\/#primaryimage\"},\"thumbnailUrl\":\"https:\\\/\\\/gamblingsam.com\\\/de\\\/wp-content\\\/media\\\/sites\\\/4\\\/2020\\\/01\\\/iStock-1152425277-1-1024x683.jpg\",\"datePublished\":\"2019-12-26T14:58:09+00:00\",\"dateModified\":\"2025-09-04T07:41:30+00:00\",\"description\":\"Wetten auf Sport bei Deutschlands besten Buchmachern. Wir bringen Ihnen alles \u00fcber Wetten mit Bonus und maximalen Gewinnchancen bei.\",\"breadcrumb\":{\"@id\":\"https:\\\/\\\/gamblingsam.com\\\/de\\\/sportwetten\\\/#breadcrumb\"},\"inLanguage\":\"de\",\"potentialAction\":[{\"@type\":\"ReadAction\",\"target\":[\"https:\\\/\\\/gamblingsam.com\\\/de\\\/sportwetten\\\/\"]}]},{\"@type\":\"ImageObject\",\"inLanguage\":\"de\",\"@id\":\"https:\\\/\\\/gamblingsam.com\\\/de\\\/sportwetten\\\/#primaryimage\",\"url\":\"https:\\\/\\\/gamblingsam.com\\\/de\\\/wp-content\\\/media\\\/sites\\\/4\\\/2020\\\/01\\\/iStock-1152425277-1.jpg\",\"contentUrl\":\"https:\\\/\\\/gamblingsam.com\\\/de\\\/wp-content\\\/media\\\/sites\\\/4\\\/2020\\\/01\\\/iStock-1152425277-1.jpg\",\"width\":1254,\"height\":836},{\"@type\":\"BreadcrumbList\",\"@id\":\"https:\\\/\\\/gamblingsam.com\\\/de\\\/sportwetten\\\/#breadcrumb\",\"itemListElement\":[{\"@type\":\"ListItem\",\"position\":1,\"name\":\"Home\",\"item\":\"https:\\\/\\\/gamblingsam.com\\\/de\\\/\"},{\"@type\":\"ListItem\",\"position\":2,\"name\":\"Sportwetten\"}]},{\"@type\":\"WebSite\",\"@id\":\"https:\\\/\\\/gamblingsam.com\\\/de\\\/#website\",\"url\":\"https:\\\/\\\/gamblingsam.com\\\/de\\\/\",\"name\":\"GamblingSam.com\",\"description\":\"\",\"potentialAction\":[{\"@type\":\"SearchAction\",\"target\":{\"@type\":\"EntryPoint\",\"urlTemplate\":\"https:\\\/\\\/gamblingsam.com\\\/de\\\/?s={search_term_string}\"},\"query-input\":{\"@type\":\"PropertyValueSpecification\",\"valueRequired\":true,\"valueName\":\"search_term_string\"}}],\"inLanguage\":\"de\"}]}<\/script>\n<!-- \/ Yoast SEO plugin. -->","yoast_head_json":{"title":"Sportwetten - Wetten Sie auf Sport bei deutschen Buchmachern","description":"Wetten auf Sport bei Deutschlands besten Buchmachern. Wir bringen Ihnen alles \u00fcber Wetten mit Bonus und maximalen Gewinnchancen bei.","robots":{"index":"index","follow":"follow","max-snippet":"max-snippet:-1","max-image-preview":"max-image-preview:large","max-video-preview":"max-video-preview:-1"},"canonical":"https:\/\/gamblingsam.com\/de\/sportwetten\/","og_locale":"de_DE","og_type":"article","og_title":"Sportwetten - Wetten Sie auf Sport bei deutschen Buchmachern","og_description":"Wetten auf Sport bei Deutschlands besten Buchmachern. Wir bringen Ihnen alles \u00fcber Wetten mit Bonus und maximalen Gewinnchancen bei.","og_url":"https:\/\/gamblingsam.com\/de\/sportwetten\/","og_site_name":"GamblingSam.com","article_modified_time":"2025-09-04T07:41:30+00:00","og_image":[{"width":1254,"height":836,"url":"https:\/\/gamblingsam.com\/de\/wp-content\/media\/sites\/4\/2020\/01\/iStock-1152425277-1.jpg","type":"image\/jpeg"}],"twitter_card":"summary_large_image","twitter_misc":{"Gesch\u00e4tzte Lesezeit":"7\u00a0Minuten"},"schema":{"@context":"https:\/\/schema.org","@graph":[{"@type":"WebPage","@id":"https:\/\/gamblingsam.com\/de\/sportwetten\/","url":"https:\/\/gamblingsam.com\/de\/sportwetten\/","name":"Sportwetten - Wetten Sie auf Sport bei deutschen Buchmachern","isPartOf":{"@id":"https:\/\/gamblingsam.com\/de\/#website"},"primaryImageOfPage":{"@id":"https:\/\/gamblingsam.com\/de\/sportwetten\/#primaryimage"},"image":{"@id":"https:\/\/gamblingsam.com\/de\/sportwetten\/#primaryimage"},"thumbnailUrl":"https:\/\/gamblingsam.com\/de\/wp-content\/media\/sites\/4\/2020\/01\/iStock-1152425277-1-1024x683.jpg","datePublished":"2019-12-26T14:58:09+00:00","dateModified":"2025-09-04T07:41:30+00:00","description":"Wetten auf Sport bei Deutschlands besten Buchmachern. Wir bringen Ihnen alles \u00fcber Wetten mit Bonus und maximalen Gewinnchancen bei.","breadcrumb":{"@id":"https:\/\/gamblingsam.com\/de\/sportwetten\/#breadcrumb"},"inLanguage":"de","potentialAction":[{"@type":"ReadAction","target":["https:\/\/gamblingsam.com\/de\/sportwetten\/"]}]},{"@type":"ImageObject","inLanguage":"de","@id":"https:\/\/gamblingsam.com\/de\/sportwetten\/#primaryimage","url":"https:\/\/gamblingsam.com\/de\/wp-content\/media\/sites\/4\/2020\/01\/iStock-1152425277-1.jpg","contentUrl":"https:\/\/gamblingsam.com\/de\/wp-content\/media\/sites\/4\/2020\/01\/iStock-1152425277-1.jpg","width":1254,"height":836},{"@type":"BreadcrumbList","@id":"https:\/\/gamblingsam.com\/de\/sportwetten\/#breadcrumb","itemListElement":[{"@type":"ListItem","position":1,"name":"Home","item":"https:\/\/gamblingsam.com\/de\/"},{"@type":"ListItem","position":2,"name":"Sportwetten"}]},{"@type":"WebSite","@id":"https:\/\/gamblingsam.com\/de\/#website","url":"https:\/\/gamblingsam.com\/de\/","name":"GamblingSam.com","description":"","potentialAction":[{"@type":"SearchAction","target":{"@type":"EntryPoint","urlTemplate":"https:\/\/gamblingsam.com\/de\/?s={search_term_string}"},"query-input":{"@type":"PropertyValueSpecification","valueRequired":true,"valueName":"search_term_string"}}],"inLanguage":"de"}]}},"_links":{"self":[{"href":"https:\/\/gamblingsam.com\/de\/wp-json\/wp\/v2\/pages\/74","targetHints":{"allow":["GET"]}}],"collection":[{"href":"https:\/\/gamblingsam.com\/de\/wp-json\/wp\/v2\/pages"}],"about":[{"href":"https:\/\/gamblingsam.com\/de\/wp-json\/wp\/v2\/types\/page"}],"author":[{"embeddable":true,"href":"https:\/\/gamblingsam.com\/de\/wp-json\/wp\/v2\/users\/1"}],"replies":[{"embeddable":true,"href":"https:\/\/gamblingsam.com\/de\/wp-json\/wp\/v2\/comments?post=74"}],"version-history":[{"count":7,"href":"https:\/\/gamblingsam.com\/de\/wp-json\/wp\/v2\/pages\/74\/revisions"}],"predecessor-version":[{"id":272,"href":"https:\/\/gamblingsam.com\/de\/wp-json\/wp\/v2\/pages\/74\/revisions\/272"}],"wp:attachment":[{"href":"https:\/\/gamblingsam.com\/de\/wp-json\/wp\/v2\/media?parent=74"}],"curies":[{"name":"wp","href":"https:\/\/api.w.org\/{rel}","templated":true}]}}