{"id":31,"date":"2020-04-21T07:25:41","date_gmt":"2020-04-21T07:25:41","guid":{"rendered":"https:\/\/gamblingsam.com\/es\/?page_id=31"},"modified":"2020-04-21T07:25:42","modified_gmt":"2020-04-21T07:25:42","slug":"giros-gratis","status":"publish","type":"page","link":"https:\/\/gamblingsam.com\/es\/giros-gratis\/","title":{"rendered":"Giros gratis"},"content":{"rendered":"\n<h1 class=\"wp-block-heading\">Giros gratis &#8211; c\u00f3mo funciona<\/h1>\n\n\n\n<p>El concepto b\u00e1sico de los giros gratis no es realmente complicado y es muy f\u00e1cil de entender. Gira una m\u00e1quina tragaperras y puede ganar dinero real sin afectar el saldo de su juego. Dependiendo del tipo de giros gratis que reciba, los requisitos y las reglas var\u00edan. Por ejemplo, si obtiene giros gratis sin dep\u00f3sito, ni siquiera tiene que depositar dinero en su cuenta. Con este tipo, sin embargo, las condiciones de pago son a menudo relativamente dif\u00edciles de cumplir. Tambi\u00e9n hay otros giros gratis sin requisitos de apuesta.<\/p>\n\n\n\n<p>Muchos jugadores prefieren los giros gratis, que est\u00e1n integrados en una m\u00e1quina tragaperras y que puedes girar en el juego normal. Independientemente de sus preferencias personales, estamos seguros de que encontrar\u00e1 una variante de giro gratis con la que se sienta m\u00e1s c\u00f3modo.<\/p>\n\n\n\n<h2 class=\"wp-block-heading\">Giros gratis como parte del bono de bienvenida<\/h2>\n\n\n\n<p>La forma m\u00e1s com\u00fan de giros gratis es cuando los recibes como parte de un bono de bienvenida. No es imposible que reciba un bono de casino + giros gratis en el paquete de bienvenida. A menudo obtiene parte de los giros gratis directamente cuando se registra y hace un primer dep\u00f3sito. El resto generalmente se divide en un cierto n\u00famero de d\u00edas. Por ejemplo, un casino puede ofrecer 200 nuevos giros a un nuevo cliente. Entonces puede obtener 20 giros gratis el primer d\u00eda y 20 giros gratis por d\u00eda durante otros 9 d\u00edas. El casino quiere asegurarse de que regrese al sitio todos los d\u00edas. Y le da la ventaja de poder probar su suerte de forma gratuita durante un per\u00edodo de tiempo m\u00e1s largo.<\/p>\n\n\n\n<p>Como hay reglas y condiciones para un <a href=\"https:\/\/gamblingsam.com\/es\/bonos\">bono<\/a> de bienvenida, siempre debe leerlas antes de aceptar la oferta. A veces, los requisitos de apuesta son demasiado altos, por lo que no vale la pena. Cuando observa los requisitos de ventas, siempre tiene una idea completa de qu\u00e9 esperar. De esta forma puede evitar sorpresas no deseadas.<\/p>\n\n\n\n<h3 class=\"wp-block-heading\">Giros gratis sin requisito de dep\u00f3sito<\/h3>\n\n\n\n<p>Un tipo de bonificaci\u00f3n que es m\u00e1s popular en t\u00e9rminos de giros gratis son los giros gratis sin dep\u00f3sito. Algunos casinos en l\u00ednea ofrecen a los jugadores espa\u00f1oles giros gratis sin un dep\u00f3sito para atraer a nuevos clientes potenciales que pueden disfrutar del sitio y luego convertirse en miembros. Es una situaci\u00f3n de ganar-ganar para los jugadores. Un jugador puede probar un nuevo casino en l\u00ednea gratis y a\u00fan as\u00ed tener la oportunidad de ganar dinero real. Esta combinaci\u00f3n es dif\u00edcil de superar y por eso es com\u00fan que los casinos en l\u00ednea lo ofrezcan tener giros gratis sin dep\u00f3sito.<\/p>\n\n\n\n<p>Si un casino en l\u00ednea no regala giros gratis sin un dep\u00f3sito, generalmente los encontrar\u00e1 en tragaperras conocidas como Starburst. La m\u00e1quina Space es, por mucho, el juego de casino con los giros gratis m\u00e1s incorporados y sin dep\u00f3sito.<\/p>\n\n\n\n<h3 class=\"wp-block-heading\">Giros gratis sin requisitos de apuesta<\/h3>\n\n\n\n<p>Otro tipo de giros gratis que se est\u00e1 volviendo cada vez m\u00e1s popular en los <a href=\"https:\/\/gamblingsam.com\/es\">casinos<\/a> espa\u00f1oles son los giros gratis sin requisitos de apuesta. En t\u00e9rminos generales, los jugadores espa\u00f1oles est\u00e1n cansados de perder todas sus ganancias debido a los altos<\/p>\n\n\n\n<p>requisitos de apuesta. Por lo tanto, cada vez hay m\u00e1s casinos en l\u00ednea en Espa\u00f1a que ofrecen giros gratis donde las ganancias no tienen que apostarse varias veces. Esto significa que tiene la opci\u00f3n de retirar todas las ganancias inmediatamente despu\u00e9s de haber agotado sus giros gratis. Como resultado, el riesgo para el jugador es mucho menor.<\/p>\n\n\n\n<h3 class=\"wp-block-heading\">Tiradas gratis sin dep\u00f3sito y requisitos de apuesta<\/h3>\n\n\n\n<p>\u00bfQu\u00e9 es mejor que los giros gratis? Por supuesto, giros gratis sin dep\u00f3sito y requisitos de apuesta. Entonces obtienes lo mejor de ambos mundos. No tiene que hacer un dep\u00f3sito para recibir sus giros gratis, ni tiene que apostar sus ganancias varias veces antes de poder retirarlas. De esta forma, puede registrarse, obtener sus giros gratis y retirar sus ganancias directamente. Entonces no hay nada que perder. Su dinero nunca ser\u00e1 bloqueado y no tiene que hacer un dep\u00f3sito para recibir los giros gratis en primer lugar.<\/p>\n\n\n\n<p>Sin embargo, esta oferta es extremadamente rara porque es muy riesgosa para el proveedor. Si tiene la suerte de encontrar una oferta de este tipo, no lo dude, porque las oportunidades como esta son escasas en el mundo de los casinos. Aproveche al m\u00e1ximo sus giros gratis sin requisitos de dep\u00f3sito y apuesta cuando tenga la oportunidad.<\/p>\n","protected":false},"excerpt":{"rendered":"<p>Giros gratis &#8211; c\u00f3mo funciona El concepto b\u00e1sico de los giros gratis no es realmente complicado y es muy f\u00e1cil de entender. Gira una m\u00e1quina tragaperras y puede ganar dinero <a href=\"https:\/\/gamblingsam.com\/es\/giros-gratis\/\">&#8230;.<\/a><\/p>\n","protected":false},"author":1,"featured_media":0,"parent":0,"menu_order":0,"comment_status":"closed","ping_status":"closed","template":"","meta":{"footnotes":""},"class_list":["post-31","page","type-page","status-publish","hentry"],"yoast_head":"<!-- This site is optimized with the Yoast SEO plugin v27.5 - https:\/\/yoast.com\/product\/yoast-seo-wordpress\/ -->\n<title>Giros gratis - Giros gratis en casinos espa\u00f1oles<\/title>\n<meta name=\"description\" content=\"Todo sobre Free Spins 2020 y c\u00f3mo puedes maximizar tu juego con Giros Gratis. Lea todo sobre el fen\u00f3meno de nosotros. Buena suerte!\" \/>\n<meta name=\"robots\" content=\"index, follow, max-snippet:-1, max-image-preview:large, max-video-preview:-1\" \/>\n<link rel=\"canonical\" href=\"https:\/\/gamblingsam.com\/es\/giros-gratis\/\" \/>\n<meta property=\"og:locale\" content=\"es_ES\" \/>\n<meta property=\"og:type\" content=\"article\" \/>\n<meta property=\"og:title\" content=\"Giros gratis - Giros gratis en casinos espa\u00f1oles\" \/>\n<meta property=\"og:description\" content=\"Todo sobre Free Spins 2020 y c\u00f3mo puedes maximizar tu juego con Giros Gratis. Lea todo sobre el fen\u00f3meno de nosotros. Buena suerte!\" \/>\n<meta property=\"og:url\" content=\"https:\/\/gamblingsam.com\/es\/giros-gratis\/\" \/>\n<meta property=\"og:site_name\" content=\"GamblingSam.com\" \/>\n<meta property=\"article:modified_time\" content=\"2020-04-21T07:25:42+00:00\" \/>\n<meta name=\"twitter:card\" content=\"summary_large_image\" \/>\n<meta name=\"twitter:label1\" content=\"Tiempo de lectura\" \/>\n\t<meta name=\"twitter:data1\" content=\"4 minutos\" \/>\n<script type=\"application\/ld+json\" class=\"yoast-schema-graph\">{\"@context\":\"https:\\\/\\\/schema.org\",\"@graph\":[{\"@type\":\"WebPage\",\"@id\":\"https:\\\/\\\/gamblingsam.com\\\/es\\\/giros-gratis\\\/\",\"url\":\"https:\\\/\\\/gamblingsam.com\\\/es\\\/giros-gratis\\\/\",\"name\":\"Giros gratis - Giros gratis en casinos espa\u00f1oles\",\"isPartOf\":{\"@id\":\"https:\\\/\\\/gamblingsam.com\\\/es\\\/#website\"},\"datePublished\":\"2020-04-21T07:25:41+00:00\",\"dateModified\":\"2020-04-21T07:25:42+00:00\",\"description\":\"Todo sobre Free Spins 2020 y c\u00f3mo puedes maximizar tu juego con Giros Gratis. Lea todo sobre el fen\u00f3meno de nosotros. Buena suerte!\",\"breadcrumb\":{\"@id\":\"https:\\\/\\\/gamblingsam.com\\\/es\\\/giros-gratis\\\/#breadcrumb\"},\"inLanguage\":\"es\",\"potentialAction\":[{\"@type\":\"ReadAction\",\"target\":[\"https:\\\/\\\/gamblingsam.com\\\/es\\\/giros-gratis\\\/\"]}]},{\"@type\":\"BreadcrumbList\",\"@id\":\"https:\\\/\\\/gamblingsam.com\\\/es\\\/giros-gratis\\\/#breadcrumb\",\"itemListElement\":[{\"@type\":\"ListItem\",\"position\":1,\"name\":\"Home\",\"item\":\"https:\\\/\\\/gamblingsam.com\\\/es\\\/\"},{\"@type\":\"ListItem\",\"position\":2,\"name\":\"Giros gratis\"}]},{\"@type\":\"WebSite\",\"@id\":\"https:\\\/\\\/gamblingsam.com\\\/es\\\/#website\",\"url\":\"https:\\\/\\\/gamblingsam.com\\\/es\\\/\",\"name\":\"GamblingSam.com\",\"description\":\"\",\"potentialAction\":[{\"@type\":\"SearchAction\",\"target\":{\"@type\":\"EntryPoint\",\"urlTemplate\":\"https:\\\/\\\/gamblingsam.com\\\/es\\\/?s={search_term_string}\"},\"query-input\":{\"@type\":\"PropertyValueSpecification\",\"valueRequired\":true,\"valueName\":\"search_term_string\"}}],\"inLanguage\":\"es\"}]}<\/script>\n<!-- \/ Yoast SEO plugin. -->","yoast_head_json":{"title":"Giros gratis - Giros gratis en casinos espa\u00f1oles","description":"Todo sobre Free Spins 2020 y c\u00f3mo puedes maximizar tu juego con Giros Gratis. Lea todo sobre el fen\u00f3meno de nosotros. Buena suerte!","robots":{"index":"index","follow":"follow","max-snippet":"max-snippet:-1","max-image-preview":"max-image-preview:large","max-video-preview":"max-video-preview:-1"},"canonical":"https:\/\/gamblingsam.com\/es\/giros-gratis\/","og_locale":"es_ES","og_type":"article","og_title":"Giros gratis - Giros gratis en casinos espa\u00f1oles","og_description":"Todo sobre Free Spins 2020 y c\u00f3mo puedes maximizar tu juego con Giros Gratis. Lea todo sobre el fen\u00f3meno de nosotros. Buena suerte!","og_url":"https:\/\/gamblingsam.com\/es\/giros-gratis\/","og_site_name":"GamblingSam.com","article_modified_time":"2020-04-21T07:25:42+00:00","twitter_card":"summary_large_image","twitter_misc":{"Tiempo de lectura":"4 minutos"},"schema":{"@context":"https:\/\/schema.org","@graph":[{"@type":"WebPage","@id":"https:\/\/gamblingsam.com\/es\/giros-gratis\/","url":"https:\/\/gamblingsam.com\/es\/giros-gratis\/","name":"Giros gratis - Giros gratis en casinos espa\u00f1oles","isPartOf":{"@id":"https:\/\/gamblingsam.com\/es\/#website"},"datePublished":"2020-04-21T07:25:41+00:00","dateModified":"2020-04-21T07:25:42+00:00","description":"Todo sobre Free Spins 2020 y c\u00f3mo puedes maximizar tu juego con Giros Gratis. Lea todo sobre el fen\u00f3meno de nosotros. Buena suerte!","breadcrumb":{"@id":"https:\/\/gamblingsam.com\/es\/giros-gratis\/#breadcrumb"},"inLanguage":"es","potentialAction":[{"@type":"ReadAction","target":["https:\/\/gamblingsam.com\/es\/giros-gratis\/"]}]},{"@type":"BreadcrumbList","@id":"https:\/\/gamblingsam.com\/es\/giros-gratis\/#breadcrumb","itemListElement":[{"@type":"ListItem","position":1,"name":"Home","item":"https:\/\/gamblingsam.com\/es\/"},{"@type":"ListItem","position":2,"name":"Giros gratis"}]},{"@type":"WebSite","@id":"https:\/\/gamblingsam.com\/es\/#website","url":"https:\/\/gamblingsam.com\/es\/","name":"GamblingSam.com","description":"","potentialAction":[{"@type":"SearchAction","target":{"@type":"EntryPoint","urlTemplate":"https:\/\/gamblingsam.com\/es\/?s={search_term_string}"},"query-input":{"@type":"PropertyValueSpecification","valueRequired":true,"valueName":"search_term_string"}}],"inLanguage":"es"}]}},"_links":{"self":[{"href":"https:\/\/gamblingsam.com\/es\/wp-json\/wp\/v2\/pages\/31","targetHints":{"allow":["GET"]}}],"collection":[{"href":"https:\/\/gamblingsam.com\/es\/wp-json\/wp\/v2\/pages"}],"about":[{"href":"https:\/\/gamblingsam.com\/es\/wp-json\/wp\/v2\/types\/page"}],"author":[{"embeddable":true,"href":"https:\/\/gamblingsam.com\/es\/wp-json\/wp\/v2\/users\/1"}],"replies":[{"embeddable":true,"href":"https:\/\/gamblingsam.com\/es\/wp-json\/wp\/v2\/comments?post=31"}],"version-history":[{"count":1,"href":"https:\/\/gamblingsam.com\/es\/wp-json\/wp\/v2\/pages\/31\/revisions"}],"predecessor-version":[{"id":32,"href":"https:\/\/gamblingsam.com\/es\/wp-json\/wp\/v2\/pages\/31\/revisions\/32"}],"wp:attachment":[{"href":"https:\/\/gamblingsam.com\/es\/wp-json\/wp\/v2\/media?parent=31"}],"curies":[{"name":"wp","href":"https:\/\/api.w.org\/{rel}","templated":true}]}}