{"id":49,"date":"2020-04-22T09:28:27","date_gmt":"2020-04-22T09:28:27","guid":{"rendered":"https:\/\/gamblingsam.com\/es\/?page_id=49"},"modified":"2020-04-22T09:28:27","modified_gmt":"2020-04-22T09:28:27","slug":"blackjack","status":"publish","type":"page","link":"https:\/\/gamblingsam.com\/es\/blackjack\/","title":{"rendered":"Blackjack"},"content":{"rendered":"\n<h1 class=\"wp-block-heading\">Blackjack en l\u00ednea &#8211; juegos de mesa en casinos espa\u00f1oles<\/h1>\n\n\n\n<p>Bienvenido a la p\u00e1gina de inicio que le brinda todo lo que necesita saber sobre el Blackjack en Espa\u00f1a. Aqu\u00ed encontrar\u00e1 los mejores sitios para explorar y encontrar su experiencia preferida de Blackjack en l\u00ednea en Espa\u00f1a. Aqu\u00ed explicamos qu\u00e9 es el Blackjack y por qu\u00e9 supera con creces a otros juegos de casino. El Blackjack es un juego de cartas cl\u00e1sico que se puede encontrar en todos los <a href=\"https:\/\/gamblingsam.com\/es\">casinos<\/a> en l\u00ednea en esta p\u00e1gina, pero algunos son mejores que otros cuando se trata de diferentes tipos de Blackjack y Blackjack en vivo. Tambi\u00e9n destacaremos las diferencias clave entre el Blackjack en vivo versus el Blackjack regular y las cosas a tener en cuenta cuando los jugadores eligen su operador de casino de Blackjack preferido.<\/p>\n\n\n\n<h2 class=\"wp-block-heading\">Historia del blackjack<\/h2>\n\n\n\n<p>Pocos juegos tienen la fascinante historia que el Blackjack. El juego de cartas se remonta a Francia del siglo XVIII,hoy y siempre se puede encontrar en todos los casinos en l\u00ednea i y en todo el mundo. Al jugar Blackjack en l\u00ednea a trav\u00e9s de un generador virtual de n\u00fameros aleatorios, el jugador puede experimentar el juego en toda su autenticidad. El Blackjack se desarroll\u00f3 a trav\u00e9s del juego franc\u00e9s \u00abVingt-et-Un\u00bb, que significa 21. Esto tiene l\u00f3gica ya que 21 es la clave del juego en s\u00ed. Si un jugador obtiene 21 en sus dos primeras cartas, obtiene un Blackjack y gana 1.5 veces la apuesta.<\/p>\n\n\n\n<p>Hoy en d\u00eda, el Blackjack se juega en todo el mundo tanto en casinos terrestres como en casinos en l\u00ednea. Como jugador espa\u00f1ol, por lo tanto, es f\u00e1cil encontrar una alternativa al Blackjack. Algunos prefieren Blackjack en l\u00ednea mientras que otros prefieren Blackjack en vivo. Lo principal es que un casino en l\u00ednea ofrece ambos.<\/p>\n\n\n\n<h3 class=\"wp-block-heading\">\u00bfC\u00f3mo se juega el blackjack?<\/h3>\n\n\n\n<p>El objetivo del juego es vencer al crupier y para hacer esto se requiere que el jugador obtenga una mejor mano que el crupier. Lo primero que debe tener en cuenta es obtener no m\u00e1s de 21 como el total en las tarjetas. Luego el jugador puede mostrar sus cartas para exponer cu\u00e1nto tiene en total . Se trata de acercarse a 21 antes de que lo haga el crupier . Entonces el jugador gana 1x su apuesta. Si tiene la suerte de obtener 21 en sus dos primeras cartas, tiene un Blackjack y vuelve a casa 1,5 veces m\u00e1s afortunado y ganando la apuesta.<\/p>\n\n\n\n<p>El juego comienza con el repartidor entregando dos cartas a todos los participantes y una para \u00e9l. Luego, un jugador tiene que decidir si quiere otra carta o si es la posici\u00f3n para quedarse. Si un jugador elige quedarse, es el turno del crupier para entregar cartas adicionales a s\u00ed mismo. El crupier debe continuar tomando cartas hasta que la cantidad total llegue a 17 o m\u00e1s, luego el crupier debe detenerse. Una ventaja de Blackjack en vivo es que el jugador recupera su apuesta si hay un empate. Si el jugador tiene una mejor carta que el crupier y est\u00e1 m\u00e1s cerca de 21, tambi\u00e9n ganar\u00e1 la ronda. De lo contrario, el banco gana y la apuesta se pierde.<\/p>\n\n\n\n<h3 class=\"wp-block-heading\">Live Blackjack &#8211; \u00bfQu\u00e9 es el Blackjack Live?<\/h3>\n\n\n\n<p>La gran diferencia entre jugar Blackjack en vivo en comparaci\u00f3n con jugar en l\u00ednea es que el jugador se enfrenta a un distribuidor real en lugar de una m\u00e1quina. Esto significa que el casino est\u00e1 en una ubicaci\u00f3n f\u00edsica donde el crupier se entretiene de la mejor manera. Todo se filma y se transmite directamente al jugador y, dada la tecnolog\u00eda inigualable disponible hoy en d\u00eda, todos los que juegan Blackjack en vivo obtienen la mejor calidad sin importar desde qu\u00e9 dispositivo est\u00e9 jugando el jugador.<\/p>\n\n\n\n<p>A muchas personas les resulta m\u00e1s entretenido jugar contra un crupier real en comparaci\u00f3n con un generador de n\u00fameros aleatorios y el jugador vive la acci\u00f3n real que cuando juega blackjack en vivo contra un crupier en vivo.<\/p>\n\n\n\n<p>Una de las caracter\u00edsticas m\u00e1s apreciadas es que puedes chatear con otros jugadores y con el crupier. Cada mesa tiene un chatbox y con esto, cada jugador obtiene una experiencia de juego m\u00e1s social. Por supuesto, se ofrecen distribuidores de habla hispana para que la comunicaci\u00f3n f\u00e1cil siempre sea posible para los jugadores espa\u00f1oles.<\/p>\n","protected":false},"excerpt":{"rendered":"<p>Blackjack en l\u00ednea &#8211; juegos de mesa en casinos espa\u00f1oles Bienvenido a la p\u00e1gina de inicio que le brinda todo lo que necesita saber sobre el Blackjack en Espa\u00f1a. Aqu\u00ed <a href=\"https:\/\/gamblingsam.com\/es\/blackjack\/\">&#8230;.<\/a><\/p>\n","protected":false},"author":1,"featured_media":0,"parent":0,"menu_order":0,"comment_status":"closed","ping_status":"closed","template":"","meta":{"footnotes":""},"class_list":["post-49","page","type-page","status-publish","hentry"],"yoast_head":"<!-- This site is optimized with the Yoast SEO plugin v27.5 - https:\/\/yoast.com\/product\/yoast-seo-wordpress\/ -->\n<title>Blackjack en l\u00ednea - la mayor\u00eda de los amantes del juego de mesa<\/title>\n<meta name=\"description\" content=\"Juega al Blackjack en l\u00ednea y experimenta lo divertido que es el juego de mesa. Puede elegir entre el Blackjack contra su computadora o el Blackjack en vivo.\" \/>\n<meta name=\"robots\" content=\"index, follow, max-snippet:-1, max-image-preview:large, max-video-preview:-1\" \/>\n<link rel=\"canonical\" href=\"https:\/\/gamblingsam.com\/es\/blackjack\/\" \/>\n<meta property=\"og:locale\" content=\"es_ES\" \/>\n<meta property=\"og:type\" content=\"article\" \/>\n<meta property=\"og:title\" content=\"Blackjack en l\u00ednea - la mayor\u00eda de los amantes del juego de mesa\" \/>\n<meta property=\"og:description\" content=\"Juega al Blackjack en l\u00ednea y experimenta lo divertido que es el juego de mesa. Puede elegir entre el Blackjack contra su computadora o el Blackjack en vivo.\" \/>\n<meta property=\"og:url\" content=\"https:\/\/gamblingsam.com\/es\/blackjack\/\" \/>\n<meta property=\"og:site_name\" content=\"GamblingSam.com\" \/>\n<meta name=\"twitter:card\" content=\"summary_large_image\" \/>\n<meta name=\"twitter:label1\" content=\"Tiempo de lectura\" \/>\n\t<meta name=\"twitter:data1\" content=\"4 minutos\" \/>\n<script type=\"application\/ld+json\" class=\"yoast-schema-graph\">{\"@context\":\"https:\\\/\\\/schema.org\",\"@graph\":[{\"@type\":\"WebPage\",\"@id\":\"https:\\\/\\\/gamblingsam.com\\\/es\\\/blackjack\\\/\",\"url\":\"https:\\\/\\\/gamblingsam.com\\\/es\\\/blackjack\\\/\",\"name\":\"Blackjack en l\u00ednea - la mayor\u00eda de los amantes del juego de mesa\",\"isPartOf\":{\"@id\":\"https:\\\/\\\/gamblingsam.com\\\/es\\\/#website\"},\"datePublished\":\"2020-04-22T09:28:27+00:00\",\"description\":\"Juega al Blackjack en l\u00ednea y experimenta lo divertido que es el juego de mesa. Puede elegir entre el Blackjack contra su computadora o el Blackjack en vivo.\",\"breadcrumb\":{\"@id\":\"https:\\\/\\\/gamblingsam.com\\\/es\\\/blackjack\\\/#breadcrumb\"},\"inLanguage\":\"es\",\"potentialAction\":[{\"@type\":\"ReadAction\",\"target\":[\"https:\\\/\\\/gamblingsam.com\\\/es\\\/blackjack\\\/\"]}]},{\"@type\":\"BreadcrumbList\",\"@id\":\"https:\\\/\\\/gamblingsam.com\\\/es\\\/blackjack\\\/#breadcrumb\",\"itemListElement\":[{\"@type\":\"ListItem\",\"position\":1,\"name\":\"Home\",\"item\":\"https:\\\/\\\/gamblingsam.com\\\/es\\\/\"},{\"@type\":\"ListItem\",\"position\":2,\"name\":\"Blackjack\"}]},{\"@type\":\"WebSite\",\"@id\":\"https:\\\/\\\/gamblingsam.com\\\/es\\\/#website\",\"url\":\"https:\\\/\\\/gamblingsam.com\\\/es\\\/\",\"name\":\"GamblingSam.com\",\"description\":\"\",\"potentialAction\":[{\"@type\":\"SearchAction\",\"target\":{\"@type\":\"EntryPoint\",\"urlTemplate\":\"https:\\\/\\\/gamblingsam.com\\\/es\\\/?s={search_term_string}\"},\"query-input\":{\"@type\":\"PropertyValueSpecification\",\"valueRequired\":true,\"valueName\":\"search_term_string\"}}],\"inLanguage\":\"es\"}]}<\/script>\n<!-- \/ Yoast SEO plugin. -->","yoast_head_json":{"title":"Blackjack en l\u00ednea - la mayor\u00eda de los amantes del juego de mesa","description":"Juega al Blackjack en l\u00ednea y experimenta lo divertido que es el juego de mesa. Puede elegir entre el Blackjack contra su computadora o el Blackjack en vivo.","robots":{"index":"index","follow":"follow","max-snippet":"max-snippet:-1","max-image-preview":"max-image-preview:large","max-video-preview":"max-video-preview:-1"},"canonical":"https:\/\/gamblingsam.com\/es\/blackjack\/","og_locale":"es_ES","og_type":"article","og_title":"Blackjack en l\u00ednea - la mayor\u00eda de los amantes del juego de mesa","og_description":"Juega al Blackjack en l\u00ednea y experimenta lo divertido que es el juego de mesa. Puede elegir entre el Blackjack contra su computadora o el Blackjack en vivo.","og_url":"https:\/\/gamblingsam.com\/es\/blackjack\/","og_site_name":"GamblingSam.com","twitter_card":"summary_large_image","twitter_misc":{"Tiempo de lectura":"4 minutos"},"schema":{"@context":"https:\/\/schema.org","@graph":[{"@type":"WebPage","@id":"https:\/\/gamblingsam.com\/es\/blackjack\/","url":"https:\/\/gamblingsam.com\/es\/blackjack\/","name":"Blackjack en l\u00ednea - la mayor\u00eda de los amantes del juego de mesa","isPartOf":{"@id":"https:\/\/gamblingsam.com\/es\/#website"},"datePublished":"2020-04-22T09:28:27+00:00","description":"Juega al Blackjack en l\u00ednea y experimenta lo divertido que es el juego de mesa. Puede elegir entre el Blackjack contra su computadora o el Blackjack en vivo.","breadcrumb":{"@id":"https:\/\/gamblingsam.com\/es\/blackjack\/#breadcrumb"},"inLanguage":"es","potentialAction":[{"@type":"ReadAction","target":["https:\/\/gamblingsam.com\/es\/blackjack\/"]}]},{"@type":"BreadcrumbList","@id":"https:\/\/gamblingsam.com\/es\/blackjack\/#breadcrumb","itemListElement":[{"@type":"ListItem","position":1,"name":"Home","item":"https:\/\/gamblingsam.com\/es\/"},{"@type":"ListItem","position":2,"name":"Blackjack"}]},{"@type":"WebSite","@id":"https:\/\/gamblingsam.com\/es\/#website","url":"https:\/\/gamblingsam.com\/es\/","name":"GamblingSam.com","description":"","potentialAction":[{"@type":"SearchAction","target":{"@type":"EntryPoint","urlTemplate":"https:\/\/gamblingsam.com\/es\/?s={search_term_string}"},"query-input":{"@type":"PropertyValueSpecification","valueRequired":true,"valueName":"search_term_string"}}],"inLanguage":"es"}]}},"_links":{"self":[{"href":"https:\/\/gamblingsam.com\/es\/wp-json\/wp\/v2\/pages\/49","targetHints":{"allow":["GET"]}}],"collection":[{"href":"https:\/\/gamblingsam.com\/es\/wp-json\/wp\/v2\/pages"}],"about":[{"href":"https:\/\/gamblingsam.com\/es\/wp-json\/wp\/v2\/types\/page"}],"author":[{"embeddable":true,"href":"https:\/\/gamblingsam.com\/es\/wp-json\/wp\/v2\/users\/1"}],"replies":[{"embeddable":true,"href":"https:\/\/gamblingsam.com\/es\/wp-json\/wp\/v2\/comments?post=49"}],"version-history":[{"count":1,"href":"https:\/\/gamblingsam.com\/es\/wp-json\/wp\/v2\/pages\/49\/revisions"}],"predecessor-version":[{"id":50,"href":"https:\/\/gamblingsam.com\/es\/wp-json\/wp\/v2\/pages\/49\/revisions\/50"}],"wp:attachment":[{"href":"https:\/\/gamblingsam.com\/es\/wp-json\/wp\/v2\/media?parent=49"}],"curies":[{"name":"wp","href":"https:\/\/api.w.org\/{rel}","templated":true}]}}