{"id":52,"date":"2020-04-22T09:37:00","date_gmt":"2020-04-22T09:37:00","guid":{"rendered":"https:\/\/gamblingsam.com\/es\/?page_id=52"},"modified":"2020-04-22T09:37:01","modified_gmt":"2020-04-22T09:37:01","slug":"ruleta","status":"publish","type":"page","link":"https:\/\/gamblingsam.com\/es\/ruleta\/","title":{"rendered":"Ruleta"},"content":{"rendered":"\n<h1 class=\"wp-block-heading\">Ruleta en l\u00ednea &#8211; El mejor juego de ruleta de Espa\u00f1a<\/h1>\n\n\n\n<p>La ruleta es uno de los juegos de casino m\u00e1s apreciados entre los jugadores espa\u00f1oles en la actualidad. En esta p\u00e1gina, se analizan todos los aspectos del juego de ruleta, incluido el n\u00famero de variaciones del aclamado juego de mesa en varios operadores de juegos. Adem\u00e1s, los apostadores pueden encontrar y comparar las mejores opciones de pago para la ruleta y tambi\u00e9n le recomendaremos las mejores casas de apuestas para comenzar con la mejor experiencia de juego en l\u00ednea de la ruleta.<\/p>\n\n\n\n<h2 class=\"wp-block-heading\">Pagos de ruleta<\/h2>\n\n\n\n<p>Hay varias apuestas diferentes en la ruleta que pagan mucho. A continuaci\u00f3n hemos reunido apuestas internas y externas dentro del juego.<\/p>\n\n\n\n<h3 class=\"wp-block-heading\">Apuestas internas<\/h3>\n\n\n\n<p><strong>Apuestas internas<\/strong>: en este m\u00e9todo se juegan de 0 a 36 n\u00fameros diferentes del juego. Hay cinco tipos de opciones; En l\u00ednea recta, Split, Street, Corner y Line.<\/p>\n\n\n\n<p><strong>Straight up<\/strong>: Straight Up se juega con un n\u00famero espec\u00edfico y los apostadores colocan las fichas en el n\u00famero en el que creen que es probable que la rueda caiga. Las probabilidades de obtener esta apuesta son bajas, pero si tiene \u00e9xito, el pago es alto ya que el pago es de 53: 1. Para aumentar ligeramente las probabilidades, un jugador puede jugar en m\u00faltiples n\u00fameros durante la misma ronda.<\/p>\n\n\n\n<p><strong>Split<\/strong>: en split, un jugador juega con dos n\u00fameros uno al lado del otro colocando fichas en la l\u00ednea entre estos dos n\u00fameros. Por ejemplo, si un jugador quiere jugar en los n\u00fameros 22 y 23, coloca las fichas entre estos n\u00fameros. En Split, el jugador recibe un pago de 17: 1.<\/p>\n\n\n\n<p><strong>Calle<\/strong>: apostando en la calle, un jugador juega en tres n\u00fameros diferentes colocando fichas a la izquierda de los tres n\u00fameros en los que quiere jugar. Si se logra la calle, el pago es de 11: 1.<\/p>\n\n\n\n<p><strong>Esquina<\/strong>: si un apostador quiere jugar en cuatro n\u00fameros que forman un cuadrado, las fichas se colocan en la esquina donde se encuentran los cuatro n\u00fameros. Los pagos en las esquinas son 8: 1.<\/p>\n\n\n\n<p><strong>L\u00ednea<\/strong>: En la estrategia de l\u00ednea, los jugadores eligen seis n\u00fameros simult\u00e1neamente. Coloque las fichas a la izquierda de los n\u00fameros en la l\u00ednea central que divide seis n\u00fameros. Por ejemplo, si alguien quiere jugar en los n\u00fameros 22-27, las fichas se colocan a la izquierda de la l\u00ednea entre 22 y 25.<\/p>\n\n\n\n<h3 class=\"wp-block-heading\">Apuestas externas<\/h3>\n\n\n\n<p>En las apuestas externas, juegas con las alternativas que son todos los factores fuera de los n\u00fameros. Hay cinco opciones diferentes para elegir: columna, docena, alto \/ bajo, rojo \/ negro o impar \/ par.<\/p>\n\n\n\n<p><strong>Columna<\/strong>: Hay tres filas \/ columnas verticales diferentes en la ruleta. Al colocar una ficha en el cuadro debajo de la l\u00ednea, juegas en estos doce n\u00fameros al mismo tiempo. Esto da un pago de 2: 1.<\/p>\n\n\n\n<p><strong>Docena<\/strong>: Aqu\u00ed tambi\u00e9n se juega con doce n\u00fameros, pero no en sucesi\u00f3n. Hay tres opciones: la primera docena, la segunda docena y la tercera docena. Al igual que la estrategia de columna, el pago para Dozen da 2: 1.<\/p>\n\n\n\n<p><strong>Alto \/ bajo<\/strong>: Betta en 1-18 (bajo) o 19-36 (alto). El pago aqu\u00ed es 1: 1, lo que significa que el jugador dobla su dinero.<\/p>\n\n\n\n<p><strong>Rojo \/ Negro<\/strong>: Jugar en color es la apuesta m\u00e1s com\u00fan en una ruleta. En lugar de jugar en un n\u00famero, un jugador juega en rojo o negro. Al igual que alta \/ baja, la estrategia de color tambi\u00e9n paga 1: 1.<\/p>\n\n\n\n<p><strong>Par \/ impar<\/strong>: aqu\u00ed se juega si la pelota se detiene en un n\u00famero par o impar. Nuevamente, al igual que alto \/ bajo y rojo \/ negro, el pago es 1: 1.<\/p>\n\n\n\n<h3 class=\"wp-block-heading\">Ruleta en vivo<\/h3>\n\n\n\n<p>El juego comienza con el distribuidor girando la rueda en una direcci\u00f3n y luego haciendo rodar una peque\u00f1a bola en la direcci\u00f3n opuesta. La pelota se quedar\u00e1 atascada en uno de los 37 compartimentos disponibles y es importante adivinar en qu\u00e9 compartimento numerado terminar\u00e1 la pelota. Hoy es mucho m\u00e1s popular jugar contra un crupier real. Entonces tienes la misma sensaci\u00f3n que en un casino en tierra, que muchos jugadores espa\u00f1oles aprecian hoy cuando juegan.<\/p>\n","protected":false},"excerpt":{"rendered":"<p>Ruleta en l\u00ednea &#8211; El mejor juego de ruleta de Espa\u00f1a La ruleta es uno de los juegos de casino m\u00e1s apreciados entre los jugadores espa\u00f1oles en la actualidad. En <a href=\"https:\/\/gamblingsam.com\/es\/ruleta\/\">&#8230;.<\/a><\/p>\n","protected":false},"author":1,"featured_media":0,"parent":0,"menu_order":0,"comment_status":"closed","ping_status":"closed","template":"","meta":{"footnotes":""},"class_list":["post-52","page","type-page","status-publish","hentry"],"yoast_head":"<!-- This site is optimized with the Yoast SEO plugin v27.5 - https:\/\/yoast.com\/product\/yoast-seo-wordpress\/ -->\n<title>Ruleta en l\u00ednea - experimente la pasi\u00f3n del juego de mesa<\/title>\n<meta name=\"description\" content=\"En los casinos espa\u00f1oles siempre hay una ruleta en l\u00ednea para probar. Lea todo sobre el popular juego de mesa con nosotros y c\u00f3mo obtener un bono.\" \/>\n<meta name=\"robots\" content=\"index, follow, max-snippet:-1, max-image-preview:large, max-video-preview:-1\" \/>\n<link rel=\"canonical\" href=\"https:\/\/gamblingsam.com\/es\/ruleta\/\" \/>\n<meta property=\"og:locale\" content=\"es_ES\" \/>\n<meta property=\"og:type\" content=\"article\" \/>\n<meta property=\"og:title\" content=\"Ruleta en l\u00ednea - experimente la pasi\u00f3n del juego de mesa\" \/>\n<meta property=\"og:description\" content=\"En los casinos espa\u00f1oles siempre hay una ruleta en l\u00ednea para probar. Lea todo sobre el popular juego de mesa con nosotros y c\u00f3mo obtener un bono.\" \/>\n<meta property=\"og:url\" content=\"https:\/\/gamblingsam.com\/es\/ruleta\/\" \/>\n<meta property=\"og:site_name\" content=\"GamblingSam.com\" \/>\n<meta property=\"article:modified_time\" content=\"2020-04-22T09:37:01+00:00\" \/>\n<meta name=\"twitter:card\" content=\"summary_large_image\" \/>\n<meta name=\"twitter:label1\" content=\"Tiempo de lectura\" \/>\n\t<meta name=\"twitter:data1\" content=\"4 minutos\" \/>\n<script type=\"application\/ld+json\" class=\"yoast-schema-graph\">{\"@context\":\"https:\\\/\\\/schema.org\",\"@graph\":[{\"@type\":\"WebPage\",\"@id\":\"https:\\\/\\\/gamblingsam.com\\\/es\\\/ruleta\\\/\",\"url\":\"https:\\\/\\\/gamblingsam.com\\\/es\\\/ruleta\\\/\",\"name\":\"Ruleta en l\u00ednea - experimente la pasi\u00f3n del juego de mesa\",\"isPartOf\":{\"@id\":\"https:\\\/\\\/gamblingsam.com\\\/es\\\/#website\"},\"datePublished\":\"2020-04-22T09:37:00+00:00\",\"dateModified\":\"2020-04-22T09:37:01+00:00\",\"description\":\"En los casinos espa\u00f1oles siempre hay una ruleta en l\u00ednea para probar. Lea todo sobre el popular juego de mesa con nosotros y c\u00f3mo obtener un bono.\",\"breadcrumb\":{\"@id\":\"https:\\\/\\\/gamblingsam.com\\\/es\\\/ruleta\\\/#breadcrumb\"},\"inLanguage\":\"es\",\"potentialAction\":[{\"@type\":\"ReadAction\",\"target\":[\"https:\\\/\\\/gamblingsam.com\\\/es\\\/ruleta\\\/\"]}]},{\"@type\":\"BreadcrumbList\",\"@id\":\"https:\\\/\\\/gamblingsam.com\\\/es\\\/ruleta\\\/#breadcrumb\",\"itemListElement\":[{\"@type\":\"ListItem\",\"position\":1,\"name\":\"Home\",\"item\":\"https:\\\/\\\/gamblingsam.com\\\/es\\\/\"},{\"@type\":\"ListItem\",\"position\":2,\"name\":\"Ruleta\"}]},{\"@type\":\"WebSite\",\"@id\":\"https:\\\/\\\/gamblingsam.com\\\/es\\\/#website\",\"url\":\"https:\\\/\\\/gamblingsam.com\\\/es\\\/\",\"name\":\"GamblingSam.com\",\"description\":\"\",\"potentialAction\":[{\"@type\":\"SearchAction\",\"target\":{\"@type\":\"EntryPoint\",\"urlTemplate\":\"https:\\\/\\\/gamblingsam.com\\\/es\\\/?s={search_term_string}\"},\"query-input\":{\"@type\":\"PropertyValueSpecification\",\"valueRequired\":true,\"valueName\":\"search_term_string\"}}],\"inLanguage\":\"es\"}]}<\/script>\n<!-- \/ Yoast SEO plugin. -->","yoast_head_json":{"title":"Ruleta en l\u00ednea - experimente la pasi\u00f3n del juego de mesa","description":"En los casinos espa\u00f1oles siempre hay una ruleta en l\u00ednea para probar. Lea todo sobre el popular juego de mesa con nosotros y c\u00f3mo obtener un bono.","robots":{"index":"index","follow":"follow","max-snippet":"max-snippet:-1","max-image-preview":"max-image-preview:large","max-video-preview":"max-video-preview:-1"},"canonical":"https:\/\/gamblingsam.com\/es\/ruleta\/","og_locale":"es_ES","og_type":"article","og_title":"Ruleta en l\u00ednea - experimente la pasi\u00f3n del juego de mesa","og_description":"En los casinos espa\u00f1oles siempre hay una ruleta en l\u00ednea para probar. Lea todo sobre el popular juego de mesa con nosotros y c\u00f3mo obtener un bono.","og_url":"https:\/\/gamblingsam.com\/es\/ruleta\/","og_site_name":"GamblingSam.com","article_modified_time":"2020-04-22T09:37:01+00:00","twitter_card":"summary_large_image","twitter_misc":{"Tiempo de lectura":"4 minutos"},"schema":{"@context":"https:\/\/schema.org","@graph":[{"@type":"WebPage","@id":"https:\/\/gamblingsam.com\/es\/ruleta\/","url":"https:\/\/gamblingsam.com\/es\/ruleta\/","name":"Ruleta en l\u00ednea - experimente la pasi\u00f3n del juego de mesa","isPartOf":{"@id":"https:\/\/gamblingsam.com\/es\/#website"},"datePublished":"2020-04-22T09:37:00+00:00","dateModified":"2020-04-22T09:37:01+00:00","description":"En los casinos espa\u00f1oles siempre hay una ruleta en l\u00ednea para probar. Lea todo sobre el popular juego de mesa con nosotros y c\u00f3mo obtener un bono.","breadcrumb":{"@id":"https:\/\/gamblingsam.com\/es\/ruleta\/#breadcrumb"},"inLanguage":"es","potentialAction":[{"@type":"ReadAction","target":["https:\/\/gamblingsam.com\/es\/ruleta\/"]}]},{"@type":"BreadcrumbList","@id":"https:\/\/gamblingsam.com\/es\/ruleta\/#breadcrumb","itemListElement":[{"@type":"ListItem","position":1,"name":"Home","item":"https:\/\/gamblingsam.com\/es\/"},{"@type":"ListItem","position":2,"name":"Ruleta"}]},{"@type":"WebSite","@id":"https:\/\/gamblingsam.com\/es\/#website","url":"https:\/\/gamblingsam.com\/es\/","name":"GamblingSam.com","description":"","potentialAction":[{"@type":"SearchAction","target":{"@type":"EntryPoint","urlTemplate":"https:\/\/gamblingsam.com\/es\/?s={search_term_string}"},"query-input":{"@type":"PropertyValueSpecification","valueRequired":true,"valueName":"search_term_string"}}],"inLanguage":"es"}]}},"_links":{"self":[{"href":"https:\/\/gamblingsam.com\/es\/wp-json\/wp\/v2\/pages\/52","targetHints":{"allow":["GET"]}}],"collection":[{"href":"https:\/\/gamblingsam.com\/es\/wp-json\/wp\/v2\/pages"}],"about":[{"href":"https:\/\/gamblingsam.com\/es\/wp-json\/wp\/v2\/types\/page"}],"author":[{"embeddable":true,"href":"https:\/\/gamblingsam.com\/es\/wp-json\/wp\/v2\/users\/1"}],"replies":[{"embeddable":true,"href":"https:\/\/gamblingsam.com\/es\/wp-json\/wp\/v2\/comments?post=52"}],"version-history":[{"count":1,"href":"https:\/\/gamblingsam.com\/es\/wp-json\/wp\/v2\/pages\/52\/revisions"}],"predecessor-version":[{"id":53,"href":"https:\/\/gamblingsam.com\/es\/wp-json\/wp\/v2\/pages\/52\/revisions\/53"}],"wp:attachment":[{"href":"https:\/\/gamblingsam.com\/es\/wp-json\/wp\/v2\/media?parent=52"}],"curies":[{"name":"wp","href":"https:\/\/api.w.org\/{rel}","templated":true}]}}