{"id":90,"date":"2020-05-06T17:05:29","date_gmt":"2020-05-06T17:05:29","guid":{"rendered":"https:\/\/gamblingsam.com\/es\/?page_id=90"},"modified":"2020-05-06T17:05:30","modified_gmt":"2020-05-06T17:05:30","slug":"bono-sin-deposito","status":"publish","type":"page","link":"https:\/\/gamblingsam.com\/es\/bono-sin-deposito\/","title":{"rendered":"Bono sin deposito"},"content":{"rendered":"\n<h1 class=\"wp-block-heading\">Los Mejores Bonos Sin Deposito en Espa\u00f1a<\/h1>\n\n\n\n<p>Como probablemente usted habr\u00e1 notado, los <a href=\"https:\/\/gamblingsam.com\/es\">casinos<\/a> en l\u00ednea hoy en d\u00eda utilizan bonos de bienvenida para atraer nuevos jugadores y hacer que disfruten de una nueva experiencia en l\u00ednea. Estos bonos de casino son generalmente bonos de dep\u00f3sito y giros gratis. Pero algunos casinos en l\u00ednea en realidad ofrecen algo m\u00e1s, un extra para mantener al cliente cautivo. Una peque\u00f1a prueba es ofrecerle al jugador del casino en l\u00ednea, una ventaja para conocer al casino y los m\u00faltiples juegos con los que cuenta, esta ventaja son los bonos sin deposito.<\/p>\n\n\n\n<h2 class=\"wp-block-heading\">Bono de Casino Sin Deposito<\/h2>\n\n\n\n<p>Normalmente est\u00e1 dirigido a nuevos jugadores esto significa que simplemente obtiene un bono de un casino en l\u00ednea, sin tener que depositar dinero. Generalmente, es una suma relativamente baja para que el jugador pueda intentar jugar en el casino en l\u00ednea e ir en la profundidad de la oferta del juego primero para que pueda conocer cu\u00e1les son sus gustos de juego, antes de que sea hora de hacer un dep\u00f3sito.<\/p>\n\n\n\n<p>Este bono se encuentra en varios casinos en l\u00ednea que quieren dar la bienvenida a los jugadores de la mejor manera.<\/p>\n\n\n\n<h3 class=\"wp-block-heading\">\u00bfQu\u00e9 ventajas tiene un bono sin deposito?<\/h3>\n\n\n\n<p>La gran ventaja que recibe usted con este bono es, por supuesto, que no hay ning\u00fan riesgo en absoluto y el jugador no tiene que hacer un dep\u00f3sito y as\u00ed no pone en riesgo su dinero, pero todav\u00eda puede jugar y vivir la experiencia total de un casino en l\u00ednea. Tambi\u00e9n podr\u00e1 identificar con que juego es con el que se sentiria comodo apostando y as\u00ed poder saber sus oportunidades de ganancia para un futuro.<\/p>\n\n\n\n<h3 class=\"wp-block-heading\">\u00bfC\u00f3mo obtener un bono de casino sin deposito?<\/h3>\n\n\n\n<p>Elegir un casino en l\u00ednea a veces puede ser dif\u00edcil y para aquellos que no tienen gran experiencia con los casinos en l\u00ednea es importante que juegue en un casino que usted disfrute y conf\u00ede, ya que es su propio dinero que usted arriesga. Sin embargo, con un bono de casino sin dep\u00f3sito, usted no arriesga nada, pero en realidad obtiene un <a href=\"https:\/\/gamblingsam.com\/es\/bono\">bono<\/a> con el cual puede tener grandes ganancias.<\/p>\n\n\n\n<h3 class=\"wp-block-heading\">\u00bfPor qu\u00e9 los casino dan a los jugadores un bono?<\/h3>\n\n\n\n<p>La raz\u00f3n por la que usted consigue un bono sin deposito, es para que el casino le da la oportunidad de conocer la oferta de juego primero y pueda convertirse en un jugador recurrente. Generalmente, un casino en l\u00ednea contiene cientos de juegos diferentes y no siempre se ajustan a la experiencia que busca cada jugador.<\/p>\n\n\n\n<p>De esta manera por lo menos usted tiene el conocimiento que no ha perdido ninguna cantidad de dinero dado que no tiene ning\u00fan riesgo.Hay muchos dise\u00f1os de juegos diferentes que var\u00edan y seguro tenemos alguno que se adapta mejor a usted, pero gracias al bono sin dep\u00f3sito usted consigue la oportunidad de probar jugando,incluso decidir que casino se acomoda m\u00e1s a su preferencia.<\/p>\n\n\n\n<h3 class=\"wp-block-heading\">Requisitos del Casino al dar un bono sin deposito.<\/h3>\n\n\n\n<p>Cuando reciba su bono, se a\u00f1aden autom\u00e1ticamente requisitos de apuesta. C\u00f3mo se ven estos var\u00eda mucho, pero nuestro consejo es siempre comprobar las reglas y condiciones, para siempre seguir jugando de manera segura y divertida.<\/p>\n\n\n\n<p>Dado que obtienes el dinero completamente gratis, tiene sentido que cualquier ganancia venga con los requisitos de apuesta. Los bonos que no requieren dep\u00f3sitos suelen tener requisitos de apuesta ligeramente m\u00e1s altos en comparaci\u00f3n con los bonos de dep\u00f3sito. \u00a1Esto es simplemente un regalo de la compa\u00f1\u00eda de juegos!<\/p>\n\n\n\n<h3 class=\"wp-block-heading\">Giros.Sin.Deposito<\/h3>\n\n\n\n<p>Algo que tambi\u00e9n es muy popular entre los casinos en l\u00ednea son los giros gratis sin dep\u00f3sito. Este es un giro en una m\u00e1quina tragaperras. Pero los giros gratis sin dep\u00f3sito tambi\u00e9n son una cosa que funciona bien para el jugador dado que funciona como un bono en efectivo con la gran diferencia de que son giros gratis en su lugar.<\/p>\n\n\n\n<h3 class=\"wp-block-heading\">Usted tambi\u00e9n puede probar<\/h3>\n\n\n\n<p>Starburst de NetEnt es una ranura regular que los casinos en l\u00ednea suelen proporcionar giros gratis sin dep\u00f3sito. Probablemente nunca se quedar\u00e1 sin tiempo y debido a que es el cl\u00e1sico m\u00e1s grande, es excelente para cualquiera que quiera probar las m\u00e1quinas tragaperras. Los giros gratis lo hacen a\u00fan mejor, ya que el riesgo desaparece por completo, y puede tener ganancias importantes.<\/p>\n","protected":false},"excerpt":{"rendered":"<p>Los Mejores Bonos Sin Deposito en Espa\u00f1a Como probablemente usted habr\u00e1 notado, los casinos en l\u00ednea hoy en d\u00eda utilizan bonos de bienvenida para atraer nuevos jugadores y hacer que <a href=\"https:\/\/gamblingsam.com\/es\/bono-sin-deposito\/\">&#8230;.<\/a><\/p>\n","protected":false},"author":1,"featured_media":0,"parent":0,"menu_order":0,"comment_status":"closed","ping_status":"closed","template":"","meta":{"footnotes":""},"class_list":["post-90","page","type-page","status-publish","hentry"],"yoast_head":"<!-- This site is optimized with the Yoast SEO plugin v27.5 - https:\/\/yoast.com\/product\/yoast-seo-wordpress\/ -->\n<title>Bono sin dep\u00f3sito - los mejores bonos de Espa\u00f1a<\/title>\n<meta name=\"description\" content=\"Con un bono sin dep\u00f3sito, puede probar el casino en l\u00ednea en el que juega sin depositar dinero. Lea todo sobre bonos con nosotros.\" \/>\n<meta name=\"robots\" content=\"index, follow, max-snippet:-1, max-image-preview:large, max-video-preview:-1\" \/>\n<link rel=\"canonical\" href=\"https:\/\/gamblingsam.com\/es\/bono-sin-deposito\/\" \/>\n<meta property=\"og:locale\" content=\"es_ES\" \/>\n<meta property=\"og:type\" content=\"article\" \/>\n<meta property=\"og:title\" content=\"Bono sin dep\u00f3sito - los mejores bonos de Espa\u00f1a\" \/>\n<meta property=\"og:description\" content=\"Con un bono sin dep\u00f3sito, puede probar el casino en l\u00ednea en el que juega sin depositar dinero. Lea todo sobre bonos con nosotros.\" \/>\n<meta property=\"og:url\" content=\"https:\/\/gamblingsam.com\/es\/bono-sin-deposito\/\" \/>\n<meta property=\"og:site_name\" content=\"GamblingSam.com\" \/>\n<meta property=\"article:modified_time\" content=\"2020-05-06T17:05:30+00:00\" \/>\n<meta name=\"twitter:card\" content=\"summary_large_image\" \/>\n<meta name=\"twitter:label1\" content=\"Tiempo de lectura\" \/>\n\t<meta name=\"twitter:data1\" content=\"4 minutos\" \/>\n<script type=\"application\/ld+json\" class=\"yoast-schema-graph\">{\"@context\":\"https:\\\/\\\/schema.org\",\"@graph\":[{\"@type\":\"WebPage\",\"@id\":\"https:\\\/\\\/gamblingsam.com\\\/es\\\/bono-sin-deposito\\\/\",\"url\":\"https:\\\/\\\/gamblingsam.com\\\/es\\\/bono-sin-deposito\\\/\",\"name\":\"Bono sin dep\u00f3sito - los mejores bonos de Espa\u00f1a\",\"isPartOf\":{\"@id\":\"https:\\\/\\\/gamblingsam.com\\\/es\\\/#website\"},\"datePublished\":\"2020-05-06T17:05:29+00:00\",\"dateModified\":\"2020-05-06T17:05:30+00:00\",\"description\":\"Con un bono sin dep\u00f3sito, puede probar el casino en l\u00ednea en el que juega sin depositar dinero. Lea todo sobre bonos con nosotros.\",\"breadcrumb\":{\"@id\":\"https:\\\/\\\/gamblingsam.com\\\/es\\\/bono-sin-deposito\\\/#breadcrumb\"},\"inLanguage\":\"es\",\"potentialAction\":[{\"@type\":\"ReadAction\",\"target\":[\"https:\\\/\\\/gamblingsam.com\\\/es\\\/bono-sin-deposito\\\/\"]}]},{\"@type\":\"BreadcrumbList\",\"@id\":\"https:\\\/\\\/gamblingsam.com\\\/es\\\/bono-sin-deposito\\\/#breadcrumb\",\"itemListElement\":[{\"@type\":\"ListItem\",\"position\":1,\"name\":\"Home\",\"item\":\"https:\\\/\\\/gamblingsam.com\\\/es\\\/\"},{\"@type\":\"ListItem\",\"position\":2,\"name\":\"Bono sin deposito\"}]},{\"@type\":\"WebSite\",\"@id\":\"https:\\\/\\\/gamblingsam.com\\\/es\\\/#website\",\"url\":\"https:\\\/\\\/gamblingsam.com\\\/es\\\/\",\"name\":\"GamblingSam.com\",\"description\":\"\",\"potentialAction\":[{\"@type\":\"SearchAction\",\"target\":{\"@type\":\"EntryPoint\",\"urlTemplate\":\"https:\\\/\\\/gamblingsam.com\\\/es\\\/?s={search_term_string}\"},\"query-input\":{\"@type\":\"PropertyValueSpecification\",\"valueRequired\":true,\"valueName\":\"search_term_string\"}}],\"inLanguage\":\"es\"}]}<\/script>\n<!-- \/ Yoast SEO plugin. -->","yoast_head_json":{"title":"Bono sin dep\u00f3sito - los mejores bonos de Espa\u00f1a","description":"Con un bono sin dep\u00f3sito, puede probar el casino en l\u00ednea en el que juega sin depositar dinero. Lea todo sobre bonos con nosotros.","robots":{"index":"index","follow":"follow","max-snippet":"max-snippet:-1","max-image-preview":"max-image-preview:large","max-video-preview":"max-video-preview:-1"},"canonical":"https:\/\/gamblingsam.com\/es\/bono-sin-deposito\/","og_locale":"es_ES","og_type":"article","og_title":"Bono sin dep\u00f3sito - los mejores bonos de Espa\u00f1a","og_description":"Con un bono sin dep\u00f3sito, puede probar el casino en l\u00ednea en el que juega sin depositar dinero. Lea todo sobre bonos con nosotros.","og_url":"https:\/\/gamblingsam.com\/es\/bono-sin-deposito\/","og_site_name":"GamblingSam.com","article_modified_time":"2020-05-06T17:05:30+00:00","twitter_card":"summary_large_image","twitter_misc":{"Tiempo de lectura":"4 minutos"},"schema":{"@context":"https:\/\/schema.org","@graph":[{"@type":"WebPage","@id":"https:\/\/gamblingsam.com\/es\/bono-sin-deposito\/","url":"https:\/\/gamblingsam.com\/es\/bono-sin-deposito\/","name":"Bono sin dep\u00f3sito - los mejores bonos de Espa\u00f1a","isPartOf":{"@id":"https:\/\/gamblingsam.com\/es\/#website"},"datePublished":"2020-05-06T17:05:29+00:00","dateModified":"2020-05-06T17:05:30+00:00","description":"Con un bono sin dep\u00f3sito, puede probar el casino en l\u00ednea en el que juega sin depositar dinero. Lea todo sobre bonos con nosotros.","breadcrumb":{"@id":"https:\/\/gamblingsam.com\/es\/bono-sin-deposito\/#breadcrumb"},"inLanguage":"es","potentialAction":[{"@type":"ReadAction","target":["https:\/\/gamblingsam.com\/es\/bono-sin-deposito\/"]}]},{"@type":"BreadcrumbList","@id":"https:\/\/gamblingsam.com\/es\/bono-sin-deposito\/#breadcrumb","itemListElement":[{"@type":"ListItem","position":1,"name":"Home","item":"https:\/\/gamblingsam.com\/es\/"},{"@type":"ListItem","position":2,"name":"Bono sin deposito"}]},{"@type":"WebSite","@id":"https:\/\/gamblingsam.com\/es\/#website","url":"https:\/\/gamblingsam.com\/es\/","name":"GamblingSam.com","description":"","potentialAction":[{"@type":"SearchAction","target":{"@type":"EntryPoint","urlTemplate":"https:\/\/gamblingsam.com\/es\/?s={search_term_string}"},"query-input":{"@type":"PropertyValueSpecification","valueRequired":true,"valueName":"search_term_string"}}],"inLanguage":"es"}]}},"_links":{"self":[{"href":"https:\/\/gamblingsam.com\/es\/wp-json\/wp\/v2\/pages\/90","targetHints":{"allow":["GET"]}}],"collection":[{"href":"https:\/\/gamblingsam.com\/es\/wp-json\/wp\/v2\/pages"}],"about":[{"href":"https:\/\/gamblingsam.com\/es\/wp-json\/wp\/v2\/types\/page"}],"author":[{"embeddable":true,"href":"https:\/\/gamblingsam.com\/es\/wp-json\/wp\/v2\/users\/1"}],"replies":[{"embeddable":true,"href":"https:\/\/gamblingsam.com\/es\/wp-json\/wp\/v2\/comments?post=90"}],"version-history":[{"count":1,"href":"https:\/\/gamblingsam.com\/es\/wp-json\/wp\/v2\/pages\/90\/revisions"}],"predecessor-version":[{"id":91,"href":"https:\/\/gamblingsam.com\/es\/wp-json\/wp\/v2\/pages\/90\/revisions\/91"}],"wp:attachment":[{"href":"https:\/\/gamblingsam.com\/es\/wp-json\/wp\/v2\/media?parent=90"}],"curies":[{"name":"wp","href":"https:\/\/api.w.org\/{rel}","templated":true}]}}