{"id":11,"date":"2019-11-11T12:20:54","date_gmt":"2019-11-11T12:20:54","guid":{"rendered":"https:\/\/gamblingsam.com\/no\/?page_id=11"},"modified":"2023-09-19T14:06:02","modified_gmt":"2023-09-19T14:06:02","slug":"casino-bonus-uten-innskudd","status":"publish","type":"page","link":"https:\/\/gamblingsam.com\/no\/casino-bonus-uten-innskudd\/","title":{"rendered":"Casino bonus uten innskudd"},"content":{"rendered":"\n<h1 class=\"wp-block-heading\">Casino bonus uten innskudd &#8211; Spille casino gratis<\/h1>\n\n\n\n<p>De som spiller hos casinoene har mye flott \u00e5 velge mellom. For det f\u00f8rste er det alle de forskjellige spillene som kan by p\u00e5 masse underholdning samt sm\u00e5 og store gevinster. Ikke minst kan casinospillere velge og vrake i bonustilbud siden nettcasinoene bruker dette som et aktivt virkemiddel overfor spillerne. B\u00e5de for \u00e5 tiltrekke seg nye spillere, holde dem aktive og ikke minst beholde dem som kunder. De fleste slike tilbud er koblet til pengeinnskudd, men det er ogs\u00e5 mulig \u00e5 f\u00e5 casinobonuser uten \u00e5 sette inn en eneste krone p\u00e5 kontoen sin.<\/p>\n\n\n\n  <div class=\"top-sites-wrap\">\n\t\t<div class=\"top-sites-row top-sites-heading\"><div class=\"casinocol \">\tCasino<\/div><div class=\"featcol\">Fordeler<\/div><div  class=\"depcol\">Bonus<\/div><div  class=\"ratecol\">Omtale<\/div><div class=\"visitcol \">Spill<\/div>\n       <\/div>\n\n<div class=\"top-sites-row top-sites-body row-1 \">\n         <div  class=\"casinocol\"><span class=\"rankcir\">1<\/span>\n\t\t <a target=\"_blank\" href=\"https:\/\/gamblingsam.com\/no\/go\/casumo\">\n\t\t  <img loading=\"lazy\" decoding=\"async\" width=\"175\" height=\"105\" src=\"https:\/\/gamblingsam.com\/no\/wp-content\/media\/sites\/3\/2020\/04\/casumo.png\" class=\"logocomp wp-post-image\" alt=\"\" \/>\n\t\t\t<\/a>\n\t\t<\/div><div class=\"featcol\"><ul><li>God bonus <\/li><li> Casino eventyr <\/li><li> Mange casinospill<\/li><\/ul>\t<\/div><div class=\"depcol\"><span class=\"hilite\">\u20ac2000<\/span><\/div><div  class=\"ratecol\"><span class=\"rate cen\"> <span class=\"ratetotal\" style=\"width: 98%\"><\/span><\/span><a href=\"https:\/\/gamblingsam.com\/no\/anmeldelse\/casumo\/\" class=\"revlink\">Recension<\/a> <\/div><div class=\"visitcol\"><a target=\"_blank\" href=\"https:\/\/gamblingsam.com\/no\/go\/casumo\" class=\"visbutton\">Spill<\/a><\/div>\n <\/div>\n<div class=\"termsrow\">\n<small>* 18+ | Spela ansvarsfullt | <a href=\"http:\/\/www.stodlinjen.se\" target=\"_blank\" rel=\"nofollow noopener\">St\u00f6dlinjen.se<\/a> | <a href=\"https:\/\/www.spelpaus.se\" target=\"_blank\" rel=\"nofollow noopener\">Spelpaus.se.se<\/a> | <a href=\"\" target=\"_blank\" rel=\"nofollow noopener\">Regler &amp; villkor g\u00e4ller<\/a><\/small><\/div>\n<div class=\"top-sites-row top-sites-body row-2 \">\n         <div  class=\"casinocol\"><span class=\"rankcir\">2<\/span>\n\t\t <a target=\"_blank\" href=\"https:\/\/gamblingsam.com\/no\/go\/mrgreen\">\n\t\t  <img loading=\"lazy\" decoding=\"async\" width=\"300\" height=\"86\" src=\"https:\/\/gamblingsam.com\/no\/wp-content\/media\/sites\/3\/2019\/11\/mr-green-300x86.png\" class=\"logocomp wp-post-image\" alt=\"\" srcset=\"https:\/\/gamblingsam.com\/no\/wp-content\/media\/sites\/3\/2019\/11\/mr-green-300x86.png 300w, https:\/\/gamblingsam.com\/no\/wp-content\/media\/sites\/3\/2019\/11\/mr-green.png 700w\" sizes=\"auto, (max-width: 300px) 100vw, 300px\" \/>\n\t\t\t<\/a>\n\t\t<\/div><div class=\"featcol\"><ul><li>Mange free spins <\/li><li> Godt spillutvalg <\/li><li> Norskspr\u00e5klig kundeservice<\/li><\/ul>\t<\/div><div class=\"depcol\"><span class=\"hilite\">2000 KR<\/span><\/div><div  class=\"ratecol\"><span class=\"rate cen\"> <span class=\"ratetotal\" style=\"width: 96%\"><\/span><\/span><a href=\"https:\/\/gamblingsam.com\/no\/anmeldelse\/mr-green\/\" class=\"revlink\">Recension<\/a> <\/div><div class=\"visitcol\"><a target=\"_blank\" href=\"https:\/\/gamblingsam.com\/no\/go\/mrgreen\" class=\"visbutton\">Spill<\/a><\/div>\n <\/div>\n<div class=\"termsrow\">\n<small>* 18+ | Spela ansvarsfullt | <a href=\"http:\/\/www.stodlinjen.se\" target=\"_blank\" rel=\"nofollow noopener\">St\u00f6dlinjen.se<\/a> | <a href=\"https:\/\/www.spelpaus.se\" target=\"_blank\" rel=\"nofollow noopener\">Spelpaus.se.se<\/a> | <a href=\"\" target=\"_blank\" rel=\"nofollow noopener\">Regler &amp; villkor g\u00e4ller<\/a><\/small><\/div><\/div>\n\n\n\n<h2 class=\"wp-block-heading\">Casino bonus uten innskudd til nye spillere<\/h2>\n\n\n\n<p>Free spins, gratispenger og rene <a href=\"https:\/\/gamblingsam.com\/no\/casino-bonus\">casinobonuser<\/a> brukes aktivt for \u00e5 tiltrekke seg nye spillere. Konkurransen i casinobransjen er knallhard og derfor m\u00e5 man bruke virkemidler slik at potensielle spillere velger et konkret nettcasino fremfor en av de mange konkurrentene. Som oftest m\u00e5 man sette inn penger for \u00e5 f\u00e5 et velkomsttilbud, men det er ogs\u00e5 mulig \u00e5 f\u00e5 det uten at man setter inn egne penger. Dette kalles no-deposit eller bonus uten innskudd. Enkelte <a href=\"https:\/\/gamblingsam.com\/no\/\">nettcasinoer<\/a> bruker dette for \u00e5 ligge et hestehode foran konkurrentene ved \u00e5 gi dem noe gratis. Bonus uten innskudd er noe nye spillere f\u00e5r n\u00e5r de registrerer seg. Rett og slett som en liten p\u00e5skj\u00f8nnelse for at de har lagt igjen personlig informasjon og \u00e5pnet konto hos nettcasinoet. Slike typer bonuser er aldri store da det dreier seg om et lite pengebel\u00f8p eller noen free spins. Typisk 8-50 kroner eller 3-12 gratisspinn. Pengebel\u00f8pet kalles ofte gratispenger siden det ikke er en bonus i prosent av et pengeinnskudd.<\/p>\n\n\n\n<p>Slike bonuser uten innskudd gir en super anledning til \u00e5 bli bedre kjent i casinoet uten noen form for \u00f8konomisk risiko. Dermed er det bare \u00e5 titte litt rundt omkring og benytte frispinnene og gratispengene p\u00e5 spilleautomater. P\u00e5 en grei og risikofri m\u00e5te blir man da kjent med hvordan casinoet fungerer. Frister det med mer er det bare \u00e5 sette inn egne penger. Da vanker det ogs\u00e5 en velkomstbonus. Om det holdt med gratisturen er man ikke blitt en krone fattigere. Det eneste man har mistet er litt tid.<\/p>\n\n\n\n<h3 class=\"wp-block-heading\">Registrerte spillere kan ogs\u00e5 f\u00e5 casino bonus uten innskudd<\/h3>\n\n\n\n<p>De aller fleste bonuser man kan sikre seg gjennom kampanjer og tilbud er som oftest koblet til et pengeinnskudd, men det finnes jo som kjent ingen regel uten unntak. Dette gjelder ogs\u00e5 p\u00e5 dette omr\u00e5det. Ogs\u00e5 registrerte spillere kan hente bonuser uten innskudd hos nettcasinoene. Slike tilbud kommer med jevne mellomrom, s\u00e5 det handler om \u00e5 f\u00f8lge med p\u00e5 hva som finnes av tilbud til enhver tid.<\/p>\n\n\n\n<h3 class=\"wp-block-heading\">Bonuser via VIP- og lojalitetsprogram<\/h3>\n\n\n\n<p>Mange nettcasinoer har kundeprogrammer til de mest dedikerte spillerne. Via lojalitets- eller VIP-programmer er det ofte mulig \u00e5 sikre seg godt med bonuser. Og som vanlig er det slik at desto mer dedikert man er desto h\u00f8yere opp i hierarkiet kommer man og desto flere goder og bel\u00f8nninger kan man forvente seg. Via lojalitet f\u00e5r man dermed tilbud om bonuser som ikke er tilgjengelige for alle. Dette beh\u00f8ver ikke n\u00f8dvendigvis \u00e5 v\u00e6re de store bonusene, men en p\u00e5skj\u00f8nnelse fordi man ikke melder overgang til en av konkurrentene. Slike bonuser uten innskudd kan v\u00e6re et pengebel\u00f8p eller et visst antall free spins p\u00e5 f\u00f8dselsdagen. Eller en bonus som deles ut n\u00e5r man klatrer til et h\u00f8yere niv\u00e5 i kundeprogrammet.<\/p>\n\n\n<div class=\"wp-block-image\">\n<figure class=\"aligncenter size-large\"><img loading=\"lazy\" decoding=\"async\" width=\"1024\" height=\"278\" src=\"https:\/\/gamblingsam.com\/no\/wp-content\/media\/sites\/3\/2020\/01\/iStock-492285386-2-1024x278.png\" alt=\"Casino bonus uten innskudd - F\u00e5 en bonus &amp; spille casino gratis\" class=\"wp-image-155\" srcset=\"https:\/\/gamblingsam.com\/no\/wp-content\/media\/sites\/3\/2020\/01\/iStock-492285386-2-1024x278.png 1024w, https:\/\/gamblingsam.com\/no\/wp-content\/media\/sites\/3\/2020\/01\/iStock-492285386-2-300x81.png 300w, https:\/\/gamblingsam.com\/no\/wp-content\/media\/sites\/3\/2020\/01\/iStock-492285386-2-768x208.png 768w, https:\/\/gamblingsam.com\/no\/wp-content\/media\/sites\/3\/2020\/01\/iStock-492285386-2.png 1330w\" sizes=\"auto, (max-width: 1024px) 100vw, 1024px\" \/><\/figure><\/div>\n\n\n<h3 class=\"wp-block-heading\">Vervekampanjer kan gi bonuser uten innskudd<\/h3>\n\n\n\n<p>Tilslutt er det slik at nettcasinoene gjerne vil ha flere nye spillere og derfor har vervekampanjer. Det gir en str\u00e5lende mulighet til \u00e5 sikre seg en casinobonus uten innskudd. Er man selv forn\u00f8yd med nettcasinoet er det vel ingen grunn til at venner og bekjente ikke skal f\u00e5 den samme muligheten. Er det en vervekampanje p\u00e5 gang er det dermed bare \u00e5 anbefale det til omgangskretsen. Om noen av disse registrerer seg som ny spiller deler nettcasinoet ut en vervebonus. Ofte er dette 1500 kroner per person. Siden nettcasinoet tillater opptil 15-20 nyvervinger kan det bli mange penger av det. Verver man femten stykker gir det hele 22.500 bonuskroner. Det betyr mange vinnersjanser uten at man har brukt en krone p\u00e5 det.<\/p>\n","protected":false},"excerpt":{"rendered":"<p>Casino bonus uten innskudd &#8211; Spille casino gratis De som spiller hos casinoene har mye flott \u00e5 velge mellom. For det f\u00f8rste er det alle de forskjellige spillene som kan <a href=\"https:\/\/gamblingsam.com\/no\/casino-bonus-uten-innskudd\/\">&#8230;.<\/a><\/p>\n","protected":false},"author":1,"featured_media":0,"parent":0,"menu_order":0,"comment_status":"closed","ping_status":"closed","template":"","meta":{"footnotes":""},"class_list":["post-11","page","type-page","status-publish","hentry"],"yoast_head":"<!-- This site is optimized with the Yoast SEO plugin v27.5 - https:\/\/yoast.com\/product\/yoast-seo-wordpress\/ -->\n<title>Casino bonus uten innskudd - F\u00e5 en bonus &amp; spille casino gratis<\/title>\n<meta name=\"description\" content=\"Hent en casino bonus uten innskudd! Her kan du lese mer om hvorfor nettcasinoene deler ut casinobonuser uten innskudd samt n\u00e5r du kan sikre deg en av disse.\" \/>\n<meta name=\"robots\" content=\"index, follow, max-snippet:-1, max-image-preview:large, max-video-preview:-1\" \/>\n<link rel=\"canonical\" href=\"https:\/\/gamblingsam.com\/no\/casino-bonus-uten-innskudd\/\" \/>\n<meta property=\"og:locale\" content=\"nb_NO\" \/>\n<meta property=\"og:type\" content=\"article\" \/>\n<meta property=\"og:title\" content=\"Casino bonus uten innskudd - F\u00e5 en bonus &amp; spille casino gratis\" \/>\n<meta property=\"og:description\" content=\"Hent en casino bonus uten innskudd! Her kan du lese mer om hvorfor nettcasinoene deler ut casinobonuser uten innskudd samt n\u00e5r du kan sikre deg en av disse.\" \/>\n<meta property=\"og:url\" content=\"https:\/\/gamblingsam.com\/no\/casino-bonus-uten-innskudd\/\" \/>\n<meta property=\"og:site_name\" content=\"GamblingSam.com\" \/>\n<meta property=\"article:modified_time\" content=\"2023-09-19T14:06:02+00:00\" \/>\n<meta property=\"og:image\" content=\"https:\/\/gamblingsam.com\/no\/wp-content\/media\/sites\/3\/2020\/01\/iStock-492285386-2-1024x278.png\" \/>\n<meta name=\"twitter:card\" content=\"summary_large_image\" \/>\n<meta name=\"twitter:label1\" content=\"Ansl. lesetid\" \/>\n\t<meta name=\"twitter:data1\" content=\"4 minutter\" \/>\n<script type=\"application\/ld+json\" class=\"yoast-schema-graph\">{\"@context\":\"https:\\\/\\\/schema.org\",\"@graph\":[{\"@type\":\"WebPage\",\"@id\":\"https:\\\/\\\/gamblingsam.com\\\/no\\\/casino-bonus-uten-innskudd\\\/\",\"url\":\"https:\\\/\\\/gamblingsam.com\\\/no\\\/casino-bonus-uten-innskudd\\\/\",\"name\":\"Casino bonus uten innskudd - F\u00e5 en bonus & spille casino gratis\",\"isPartOf\":{\"@id\":\"https:\\\/\\\/gamblingsam.com\\\/no\\\/#website\"},\"primaryImageOfPage\":{\"@id\":\"https:\\\/\\\/gamblingsam.com\\\/no\\\/casino-bonus-uten-innskudd\\\/#primaryimage\"},\"image\":{\"@id\":\"https:\\\/\\\/gamblingsam.com\\\/no\\\/casino-bonus-uten-innskudd\\\/#primaryimage\"},\"thumbnailUrl\":\"https:\\\/\\\/gamblingsam.com\\\/no\\\/wp-content\\\/media\\\/sites\\\/3\\\/2020\\\/01\\\/iStock-492285386-2-1024x278.png\",\"datePublished\":\"2019-11-11T12:20:54+00:00\",\"dateModified\":\"2023-09-19T14:06:02+00:00\",\"description\":\"Hent en casino bonus uten innskudd! Her kan du lese mer om hvorfor nettcasinoene deler ut casinobonuser uten innskudd samt n\u00e5r du kan sikre deg en av disse.\",\"breadcrumb\":{\"@id\":\"https:\\\/\\\/gamblingsam.com\\\/no\\\/casino-bonus-uten-innskudd\\\/#breadcrumb\"},\"inLanguage\":\"nb-NO\",\"potentialAction\":[{\"@type\":\"ReadAction\",\"target\":[\"https:\\\/\\\/gamblingsam.com\\\/no\\\/casino-bonus-uten-innskudd\\\/\"]}]},{\"@type\":\"ImageObject\",\"inLanguage\":\"nb-NO\",\"@id\":\"https:\\\/\\\/gamblingsam.com\\\/no\\\/casino-bonus-uten-innskudd\\\/#primaryimage\",\"url\":\"https:\\\/\\\/gamblingsam.com\\\/no\\\/wp-content\\\/media\\\/sites\\\/3\\\/2020\\\/01\\\/iStock-492285386-2.png\",\"contentUrl\":\"https:\\\/\\\/gamblingsam.com\\\/no\\\/wp-content\\\/media\\\/sites\\\/3\\\/2020\\\/01\\\/iStock-492285386-2.png\",\"width\":1330,\"height\":361},{\"@type\":\"BreadcrumbList\",\"@id\":\"https:\\\/\\\/gamblingsam.com\\\/no\\\/casino-bonus-uten-innskudd\\\/#breadcrumb\",\"itemListElement\":[{\"@type\":\"ListItem\",\"position\":1,\"name\":\"Home\",\"item\":\"https:\\\/\\\/gamblingsam.com\\\/no\\\/\"},{\"@type\":\"ListItem\",\"position\":2,\"name\":\"Casino bonus uten innskudd\"}]},{\"@type\":\"WebSite\",\"@id\":\"https:\\\/\\\/gamblingsam.com\\\/no\\\/#website\",\"url\":\"https:\\\/\\\/gamblingsam.com\\\/no\\\/\",\"name\":\"GamblingSam.com\",\"description\":\"\",\"potentialAction\":[{\"@type\":\"SearchAction\",\"target\":{\"@type\":\"EntryPoint\",\"urlTemplate\":\"https:\\\/\\\/gamblingsam.com\\\/no\\\/?s={search_term_string}\"},\"query-input\":{\"@type\":\"PropertyValueSpecification\",\"valueRequired\":true,\"valueName\":\"search_term_string\"}}],\"inLanguage\":\"nb-NO\"}]}<\/script>\n<!-- \/ Yoast SEO plugin. -->","yoast_head_json":{"title":"Casino bonus uten innskudd - F\u00e5 en bonus & spille casino gratis","description":"Hent en casino bonus uten innskudd! Her kan du lese mer om hvorfor nettcasinoene deler ut casinobonuser uten innskudd samt n\u00e5r du kan sikre deg en av disse.","robots":{"index":"index","follow":"follow","max-snippet":"max-snippet:-1","max-image-preview":"max-image-preview:large","max-video-preview":"max-video-preview:-1"},"canonical":"https:\/\/gamblingsam.com\/no\/casino-bonus-uten-innskudd\/","og_locale":"nb_NO","og_type":"article","og_title":"Casino bonus uten innskudd - F\u00e5 en bonus & spille casino gratis","og_description":"Hent en casino bonus uten innskudd! Her kan du lese mer om hvorfor nettcasinoene deler ut casinobonuser uten innskudd samt n\u00e5r du kan sikre deg en av disse.","og_url":"https:\/\/gamblingsam.com\/no\/casino-bonus-uten-innskudd\/","og_site_name":"GamblingSam.com","article_modified_time":"2023-09-19T14:06:02+00:00","og_image":[{"url":"https:\/\/gamblingsam.com\/no\/wp-content\/media\/sites\/3\/2020\/01\/iStock-492285386-2-1024x278.png","type":"","width":"","height":""}],"twitter_card":"summary_large_image","twitter_misc":{"Ansl. lesetid":"4 minutter"},"schema":{"@context":"https:\/\/schema.org","@graph":[{"@type":"WebPage","@id":"https:\/\/gamblingsam.com\/no\/casino-bonus-uten-innskudd\/","url":"https:\/\/gamblingsam.com\/no\/casino-bonus-uten-innskudd\/","name":"Casino bonus uten innskudd - F\u00e5 en bonus & spille casino gratis","isPartOf":{"@id":"https:\/\/gamblingsam.com\/no\/#website"},"primaryImageOfPage":{"@id":"https:\/\/gamblingsam.com\/no\/casino-bonus-uten-innskudd\/#primaryimage"},"image":{"@id":"https:\/\/gamblingsam.com\/no\/casino-bonus-uten-innskudd\/#primaryimage"},"thumbnailUrl":"https:\/\/gamblingsam.com\/no\/wp-content\/media\/sites\/3\/2020\/01\/iStock-492285386-2-1024x278.png","datePublished":"2019-11-11T12:20:54+00:00","dateModified":"2023-09-19T14:06:02+00:00","description":"Hent en casino bonus uten innskudd! Her kan du lese mer om hvorfor nettcasinoene deler ut casinobonuser uten innskudd samt n\u00e5r du kan sikre deg en av disse.","breadcrumb":{"@id":"https:\/\/gamblingsam.com\/no\/casino-bonus-uten-innskudd\/#breadcrumb"},"inLanguage":"nb-NO","potentialAction":[{"@type":"ReadAction","target":["https:\/\/gamblingsam.com\/no\/casino-bonus-uten-innskudd\/"]}]},{"@type":"ImageObject","inLanguage":"nb-NO","@id":"https:\/\/gamblingsam.com\/no\/casino-bonus-uten-innskudd\/#primaryimage","url":"https:\/\/gamblingsam.com\/no\/wp-content\/media\/sites\/3\/2020\/01\/iStock-492285386-2.png","contentUrl":"https:\/\/gamblingsam.com\/no\/wp-content\/media\/sites\/3\/2020\/01\/iStock-492285386-2.png","width":1330,"height":361},{"@type":"BreadcrumbList","@id":"https:\/\/gamblingsam.com\/no\/casino-bonus-uten-innskudd\/#breadcrumb","itemListElement":[{"@type":"ListItem","position":1,"name":"Home","item":"https:\/\/gamblingsam.com\/no\/"},{"@type":"ListItem","position":2,"name":"Casino bonus uten innskudd"}]},{"@type":"WebSite","@id":"https:\/\/gamblingsam.com\/no\/#website","url":"https:\/\/gamblingsam.com\/no\/","name":"GamblingSam.com","description":"","potentialAction":[{"@type":"SearchAction","target":{"@type":"EntryPoint","urlTemplate":"https:\/\/gamblingsam.com\/no\/?s={search_term_string}"},"query-input":{"@type":"PropertyValueSpecification","valueRequired":true,"valueName":"search_term_string"}}],"inLanguage":"nb-NO"}]}},"_links":{"self":[{"href":"https:\/\/gamblingsam.com\/no\/wp-json\/wp\/v2\/pages\/11","targetHints":{"allow":["GET"]}}],"collection":[{"href":"https:\/\/gamblingsam.com\/no\/wp-json\/wp\/v2\/pages"}],"about":[{"href":"https:\/\/gamblingsam.com\/no\/wp-json\/wp\/v2\/types\/page"}],"author":[{"embeddable":true,"href":"https:\/\/gamblingsam.com\/no\/wp-json\/wp\/v2\/users\/1"}],"replies":[{"embeddable":true,"href":"https:\/\/gamblingsam.com\/no\/wp-json\/wp\/v2\/comments?post=11"}],"version-history":[{"count":5,"href":"https:\/\/gamblingsam.com\/no\/wp-json\/wp\/v2\/pages\/11\/revisions"}],"predecessor-version":[{"id":294,"href":"https:\/\/gamblingsam.com\/no\/wp-json\/wp\/v2\/pages\/11\/revisions\/294"}],"wp:attachment":[{"href":"https:\/\/gamblingsam.com\/no\/wp-json\/wp\/v2\/media?parent=11"}],"curies":[{"name":"wp","href":"https:\/\/api.w.org\/{rel}","templated":true}]}}