{"id":13,"date":"2019-11-11T12:23:57","date_gmt":"2019-11-11T12:23:57","guid":{"rendered":"https:\/\/gamblingsam.com\/no\/?page_id=13"},"modified":"2023-09-19T14:06:28","modified_gmt":"2023-09-19T14:06:28","slug":"norske-casinoer","status":"publish","type":"page","link":"https:\/\/gamblingsam.com\/no\/norske-casinoer\/","title":{"rendered":"Norske casinoer"},"content":{"rendered":"\n<h1 class=\"wp-block-heading\">Norske casinoer &#8211; Pr\u00f8v lykken hos et norsk nettcasino<\/h1>\n\n\n\n<p>I Norge er det som kjent duopol n\u00e5r det kommer til spilling. Hva casinospill ang\u00e5r er det faktisk monopol siden det kun er Norsk Tipping som kan tilby dette her i landet. Casinoet til Norsk Tipping heter Kong Kasino og der finner man igjen mange kjente casinospill fra anerkjente spillutviklere. At det er spillemonopol n\u00e5r det kommer til casinospill i Norge er en politisk vedtatt l\u00f8sning av de folkevalgte p\u00e5 Stortinget. Imidlertid er det jo ogs\u00e5 slik at dette bare gjelder hvem som har tillatelse til \u00e5 tilby spill fra base i Norge. Ingen kan nekte nettcasinoer \u00e5 tilby nordmenn casinospill fra baser i utlandet.<\/p>\n\n\n\n  <div class=\"top-sites-wrap\">\n\t\t<div class=\"top-sites-row top-sites-heading\"><div class=\"casinocol \">\tCasino<\/div><div class=\"featcol\">Fordeler<\/div><div  class=\"depcol\">Bonus<\/div><div  class=\"ratecol\">Omtale<\/div><div class=\"visitcol \">Spill<\/div>\n       <\/div>\n\n<div class=\"top-sites-row top-sites-body row-1 \">\n         <div  class=\"casinocol\"><span class=\"rankcir\">1<\/span>\n\t\t <a target=\"_blank\" href=\"https:\/\/gamblingsam.com\/no\/go\/casumo\">\n\t\t  <img loading=\"lazy\" decoding=\"async\" width=\"175\" height=\"105\" src=\"https:\/\/gamblingsam.com\/no\/wp-content\/media\/sites\/3\/2020\/04\/casumo.png\" class=\"logocomp wp-post-image\" alt=\"\" \/>\n\t\t\t<\/a>\n\t\t<\/div><div class=\"featcol\"><ul><li>God bonus <\/li><li> Casino eventyr <\/li><li> Mange casinospill<\/li><\/ul>\t<\/div><div class=\"depcol\"><span class=\"hilite\">\u20ac2000<\/span><\/div><div  class=\"ratecol\"><span class=\"rate cen\"> <span class=\"ratetotal\" style=\"width: 98%\"><\/span><\/span><a href=\"https:\/\/gamblingsam.com\/no\/anmeldelse\/casumo\/\" class=\"revlink\">Recension<\/a> <\/div><div class=\"visitcol\"><a target=\"_blank\" href=\"https:\/\/gamblingsam.com\/no\/go\/casumo\" class=\"visbutton\">Spill<\/a><\/div>\n <\/div>\n<div class=\"termsrow\">\n<small>* 18+ | Spela ansvarsfullt | <a href=\"http:\/\/www.stodlinjen.se\" target=\"_blank\" rel=\"nofollow noopener\">St\u00f6dlinjen.se<\/a> | <a href=\"https:\/\/www.spelpaus.se\" target=\"_blank\" rel=\"nofollow noopener\">Spelpaus.se.se<\/a> | <a href=\"\" target=\"_blank\" rel=\"nofollow noopener\">Regler &amp; villkor g\u00e4ller<\/a><\/small><\/div>\n<div class=\"top-sites-row top-sites-body row-2 \">\n         <div  class=\"casinocol\"><span class=\"rankcir\">2<\/span>\n\t\t <a target=\"_blank\" href=\"https:\/\/gamblingsam.com\/no\/go\/mrgreen\">\n\t\t  <img loading=\"lazy\" decoding=\"async\" width=\"300\" height=\"86\" src=\"https:\/\/gamblingsam.com\/no\/wp-content\/media\/sites\/3\/2019\/11\/mr-green-300x86.png\" class=\"logocomp wp-post-image\" alt=\"\" srcset=\"https:\/\/gamblingsam.com\/no\/wp-content\/media\/sites\/3\/2019\/11\/mr-green-300x86.png 300w, https:\/\/gamblingsam.com\/no\/wp-content\/media\/sites\/3\/2019\/11\/mr-green.png 700w\" sizes=\"auto, (max-width: 300px) 100vw, 300px\" \/>\n\t\t\t<\/a>\n\t\t<\/div><div class=\"featcol\"><ul><li>Mange free spins <\/li><li> Godt spillutvalg <\/li><li> Norskspr\u00e5klig kundeservice<\/li><\/ul>\t<\/div><div class=\"depcol\"><span class=\"hilite\">2000 KR<\/span><\/div><div  class=\"ratecol\"><span class=\"rate cen\"> <span class=\"ratetotal\" style=\"width: 96%\"><\/span><\/span><a href=\"https:\/\/gamblingsam.com\/no\/anmeldelse\/mr-green\/\" class=\"revlink\">Recension<\/a> <\/div><div class=\"visitcol\"><a target=\"_blank\" href=\"https:\/\/gamblingsam.com\/no\/go\/mrgreen\" class=\"visbutton\">Spill<\/a><\/div>\n <\/div>\n<div class=\"termsrow\">\n<small>* 18+ | Spela ansvarsfullt | <a href=\"http:\/\/www.stodlinjen.se\" target=\"_blank\" rel=\"nofollow noopener\">St\u00f6dlinjen.se<\/a> | <a href=\"https:\/\/www.spelpaus.se\" target=\"_blank\" rel=\"nofollow noopener\">Spelpaus.se.se<\/a> | <a href=\"\" target=\"_blank\" rel=\"nofollow noopener\">Regler &amp; villkor g\u00e4ller<\/a><\/small><\/div><\/div>\n\n\n\n<p class=\"has-text-align-left\">Om norske myndigheter nektet dette vil det blant annet komme i konflikt med regleverket for landene som er tilsluttet E\u00d8S. Norske spillmyndigheter legger restriksjoner i veien for spill hos de utenlandske akt\u00f8rene, men de kan ikke forhindre at nordmenn spiller casino andre steder enn i Kong Kasino. Dermed har norske spillere i praksis mange akt\u00f8rer \u00e5 velge mellom n\u00e5r det kommer til casinospill. Som et resultat av dette er det ogs\u00e5 mange utenlandske nettcasinoer som har et ekstra fokus p\u00e5 \u00e5 gj\u00f8re casinoet sitt ekstra norskt. P\u00e5 det viset kan de appellere ekstra til nordmenn.<\/p>\n\n\n\n<h2 class=\"wp-block-heading\">Nordmenn spiller gjerne hos nettcasinoer med et norsk utseende<\/h2>\n\n\n\n<p>Norske casinospillere velger \u00e5 spille hos de aller fleste casinoene som tilbyr spill overfor nordmenn, men det er ikke til \u00e5 legge skjul p\u00e5 at noen casinoer gjennom design og tilbud satser p\u00e5 \u00e5 gj\u00f8re seg ekstra attraktive overfor nordmenn. Derfor er det ogs\u00e5 nettcasinoer som har mer bes\u00f8k av nordmenn enn hva andre har. For \u00e5 tiltrekke seg norske spillere er det mange nettcasinoer som velger \u00e5 designe nettsidene sine slik at de ser norske eller nordiske ut. Dette g\u00e5r blant annet p\u00e5 \u00e5 velge nordiske natur eller vikinger som gjennomgangstema p\u00e5 nettsidene sine. En annen ting er \u00e5 bruke norsk flagg og fargene r\u00f8dt, hvitt og bl\u00e5tt p\u00e5 sidene slik at nordmenn f\u00f8ler at dette er et norsk <a href=\"https:\/\/gamblingsam.com\/no\/\">nettcasino<\/a>.<\/p>\n\n\n\n<p>Et godt eksempel p\u00e5 slike norske casinoer er Scandibet som med sitt vikingtema i fargene r\u00f8d, hvitt og bl\u00e5tt garantert tiltrekker seg nordmenn p\u00e5 det. Et annet eksempel er Coolbet med store norske eierinteresser, som med isbj\u00f8rn som logo og tema ser ekstra norskt ut. Andre nettcasinoer drar dette enda lengre ved \u00e5 bruke norske eller norske i selve casinonavnet. Dette er velkjente akt\u00f8rer som NorgesSpill, NorskeSpill, Norskeautomater og NorgesAutomaten. Ved \u00e5 velge slike navn dukker de enkelt opp n\u00e5r nordmenn s\u00f8ker etter norske casinoer p\u00e5 nettet. Disse casinoene har ofte norske eierinteresser og tiltrekker seg nordmenn som \u00f8nsker \u00e5 spille casino ved sine tilbud og l\u00f8sninger med et norskt preg.<\/p>\n\n\n\n<p>Det finnes ogs\u00e5 andre casinoer p\u00e5 nettet som er mer popul\u00e6re blant nordmenn enn andre casinoer uten at de gj\u00f8r noe for at de skal virke spesielt norske. Eksempler p\u00e5 slike nettcasinoer er Unibet, Betsson, Bethard, Mr Green, ComeOn og NordicBet. Det eneste som kanskje g\u00e5r igjen hos disse er at de er aktive p\u00e5 markedsf\u00f8ring og at de sv\u00e6rt ofte har norske ambassad\u00f8rer.<\/p>\n\n\n\n<h3 class=\"wp-block-heading\">Dette g\u00e5r igjen hos norske casinoer<\/h3>\n\n\n\n<p>Nettcasinoer som frister nordmenn ekstra har en del fellesfaktorer. En fellesfaktor er at casinoer med ekstra fokus o\u00e5 norske spillere gjerne er veletablerte og har solide eiere med finansielle muskler. En annen faktor er at mange av dem ogs\u00e5 har norske eiere og\/eller grunnleggere. Disse norske casinoene har ogs\u00e5 en god og variert portef\u00f8lje av casinospill. Blant spillene finner man naturlig nok mange spill som med design og tematikk frister nordmenn ekstra. Samtidig kan man ogs\u00e5 si at nordmenn generelt liker at spillutvalget er stort. Sannsynligvis er dette ogs\u00e5 hovedgrunnen til at norske spillere velger de norske nettcasinoene.<\/p>\n\n\n<div class=\"wp-block-image\">\n<figure class=\"aligncenter size-large is-resized\"><img decoding=\"async\" src=\"https:\/\/gamblingsam.com\/no\/wp-content\/media\/sites\/3\/2020\/01\/norske-casino.png\" alt=\"Norske casinoer - Pr\u00f8v lykken hos et norsk nettcasino\" class=\"wp-image-143\" style=\"width:999px\" width=\"999\" srcset=\"https:\/\/gamblingsam.com\/no\/wp-content\/media\/sites\/3\/2020\/01\/norske-casino.png 737w, https:\/\/gamblingsam.com\/no\/wp-content\/media\/sites\/3\/2020\/01\/norske-casino-300x96.png 300w\" sizes=\"(max-width: 737px) 100vw, 737px\" \/><\/figure><\/div>\n\n\n<p>Spillutvalget er viktig, men samtidig velger nordmenn nettcasinoer som har ting p\u00e5 stell. Det betyr at casinoer med hele infrastrukturen p\u00e5 plass foretrekkes n\u00e5r man velger casino. Dette inneb\u00e6rer gode, raske og sikre betalingsmetoder, godt mobilcasino og kundeservice i flere kanaler 24\/7. Det er heller ingen ulempe om casinoet har godt med kampanjer som gir muligheter for \u00e5 sikre seg casinobonuser og <a href=\"https:\/\/gamblingsam.com\/no\/free-spins\">gratisspinn<\/a>. Oversiktlige og brukervennlige nettsider er heller ingen ulempe. Norske spillere vil gjerne finne det de er ute etter b\u00e5de raskt og enkelt. Konklusjonen er dermed at norske spillere velger de \u00abnorske\u00bb nettcasinoene som har alt p\u00e5 plass fra A til \u00c5. Nordmenn spiller for mye hos nettcasinoene og derfor vil de ogs\u00e5 ha kvalitet i alle ledd.<\/p>\n","protected":false},"excerpt":{"rendered":"<p>Norske casinoer &#8211; Pr\u00f8v lykken hos et norsk nettcasino I Norge er det som kjent duopol n\u00e5r det kommer til spilling. Hva casinospill ang\u00e5r er det faktisk monopol siden det <a href=\"https:\/\/gamblingsam.com\/no\/norske-casinoer\/\">&#8230;.<\/a><\/p>\n","protected":false},"author":1,"featured_media":0,"parent":0,"menu_order":0,"comment_status":"closed","ping_status":"closed","template":"","meta":{"footnotes":""},"class_list":["post-13","page","type-page","status-publish","hentry"],"yoast_head":"<!-- This site is optimized with the Yoast SEO plugin v27.5 - https:\/\/yoast.com\/product\/yoast-seo-wordpress\/ -->\n<title>Norske casinoer - Pr\u00f8v lykken hos et norsk nettcasino<\/title>\n<meta name=\"description\" content=\"Finn et norsk casino p\u00e5 nettet. Her leser du mer om nettcasinoer som fokuserer ekstra mye p\u00e5 norske spillere og hva som kjennetegner norske casinoer.\" \/>\n<meta name=\"robots\" content=\"index, follow, max-snippet:-1, max-image-preview:large, max-video-preview:-1\" \/>\n<link rel=\"canonical\" href=\"https:\/\/gamblingsam.com\/no\/norske-casinoer\/\" \/>\n<meta property=\"og:locale\" content=\"nb_NO\" \/>\n<meta property=\"og:type\" content=\"article\" \/>\n<meta property=\"og:title\" content=\"Norske casinoer - Pr\u00f8v lykken hos et norsk nettcasino\" \/>\n<meta property=\"og:description\" content=\"Finn et norsk casino p\u00e5 nettet. Her leser du mer om nettcasinoer som fokuserer ekstra mye p\u00e5 norske spillere og hva som kjennetegner norske casinoer.\" \/>\n<meta property=\"og:url\" content=\"https:\/\/gamblingsam.com\/no\/norske-casinoer\/\" \/>\n<meta property=\"og:site_name\" content=\"GamblingSam.com\" \/>\n<meta property=\"article:modified_time\" content=\"2023-09-19T14:06:28+00:00\" \/>\n<meta property=\"og:image\" content=\"https:\/\/gamblingsam.com\/no\/wp-content\/media\/sites\/3\/2020\/01\/norske-casino.png\" \/>\n<meta name=\"twitter:card\" content=\"summary_large_image\" \/>\n<meta name=\"twitter:label1\" content=\"Ansl. lesetid\" \/>\n\t<meta name=\"twitter:data1\" content=\"5 minutter\" \/>\n<script type=\"application\/ld+json\" class=\"yoast-schema-graph\">{\"@context\":\"https:\\\/\\\/schema.org\",\"@graph\":[{\"@type\":\"WebPage\",\"@id\":\"https:\\\/\\\/gamblingsam.com\\\/no\\\/norske-casinoer\\\/\",\"url\":\"https:\\\/\\\/gamblingsam.com\\\/no\\\/norske-casinoer\\\/\",\"name\":\"Norske casinoer - Pr\u00f8v lykken hos et norsk nettcasino\",\"isPartOf\":{\"@id\":\"https:\\\/\\\/gamblingsam.com\\\/no\\\/#website\"},\"primaryImageOfPage\":{\"@id\":\"https:\\\/\\\/gamblingsam.com\\\/no\\\/norske-casinoer\\\/#primaryimage\"},\"image\":{\"@id\":\"https:\\\/\\\/gamblingsam.com\\\/no\\\/norske-casinoer\\\/#primaryimage\"},\"thumbnailUrl\":\"https:\\\/\\\/gamblingsam.com\\\/no\\\/wp-content\\\/media\\\/sites\\\/3\\\/2020\\\/01\\\/norske-casino.png\",\"datePublished\":\"2019-11-11T12:23:57+00:00\",\"dateModified\":\"2023-09-19T14:06:28+00:00\",\"description\":\"Finn et norsk casino p\u00e5 nettet. Her leser du mer om nettcasinoer som fokuserer ekstra mye p\u00e5 norske spillere og hva som kjennetegner norske casinoer.\",\"breadcrumb\":{\"@id\":\"https:\\\/\\\/gamblingsam.com\\\/no\\\/norske-casinoer\\\/#breadcrumb\"},\"inLanguage\":\"nb-NO\",\"potentialAction\":[{\"@type\":\"ReadAction\",\"target\":[\"https:\\\/\\\/gamblingsam.com\\\/no\\\/norske-casinoer\\\/\"]}]},{\"@type\":\"ImageObject\",\"inLanguage\":\"nb-NO\",\"@id\":\"https:\\\/\\\/gamblingsam.com\\\/no\\\/norske-casinoer\\\/#primaryimage\",\"url\":\"https:\\\/\\\/gamblingsam.com\\\/no\\\/wp-content\\\/media\\\/sites\\\/3\\\/2020\\\/01\\\/norske-casino.png\",\"contentUrl\":\"https:\\\/\\\/gamblingsam.com\\\/no\\\/wp-content\\\/media\\\/sites\\\/3\\\/2020\\\/01\\\/norske-casino.png\",\"width\":737,\"height\":235},{\"@type\":\"BreadcrumbList\",\"@id\":\"https:\\\/\\\/gamblingsam.com\\\/no\\\/norske-casinoer\\\/#breadcrumb\",\"itemListElement\":[{\"@type\":\"ListItem\",\"position\":1,\"name\":\"Home\",\"item\":\"https:\\\/\\\/gamblingsam.com\\\/no\\\/\"},{\"@type\":\"ListItem\",\"position\":2,\"name\":\"Norske casinoer\"}]},{\"@type\":\"WebSite\",\"@id\":\"https:\\\/\\\/gamblingsam.com\\\/no\\\/#website\",\"url\":\"https:\\\/\\\/gamblingsam.com\\\/no\\\/\",\"name\":\"GamblingSam.com\",\"description\":\"\",\"potentialAction\":[{\"@type\":\"SearchAction\",\"target\":{\"@type\":\"EntryPoint\",\"urlTemplate\":\"https:\\\/\\\/gamblingsam.com\\\/no\\\/?s={search_term_string}\"},\"query-input\":{\"@type\":\"PropertyValueSpecification\",\"valueRequired\":true,\"valueName\":\"search_term_string\"}}],\"inLanguage\":\"nb-NO\"}]}<\/script>\n<!-- \/ Yoast SEO plugin. -->","yoast_head_json":{"title":"Norske casinoer - Pr\u00f8v lykken hos et norsk nettcasino","description":"Finn et norsk casino p\u00e5 nettet. Her leser du mer om nettcasinoer som fokuserer ekstra mye p\u00e5 norske spillere og hva som kjennetegner norske casinoer.","robots":{"index":"index","follow":"follow","max-snippet":"max-snippet:-1","max-image-preview":"max-image-preview:large","max-video-preview":"max-video-preview:-1"},"canonical":"https:\/\/gamblingsam.com\/no\/norske-casinoer\/","og_locale":"nb_NO","og_type":"article","og_title":"Norske casinoer - Pr\u00f8v lykken hos et norsk nettcasino","og_description":"Finn et norsk casino p\u00e5 nettet. Her leser du mer om nettcasinoer som fokuserer ekstra mye p\u00e5 norske spillere og hva som kjennetegner norske casinoer.","og_url":"https:\/\/gamblingsam.com\/no\/norske-casinoer\/","og_site_name":"GamblingSam.com","article_modified_time":"2023-09-19T14:06:28+00:00","og_image":[{"url":"https:\/\/gamblingsam.com\/no\/wp-content\/media\/sites\/3\/2020\/01\/norske-casino.png","type":"","width":"","height":""}],"twitter_card":"summary_large_image","twitter_misc":{"Ansl. lesetid":"5 minutter"},"schema":{"@context":"https:\/\/schema.org","@graph":[{"@type":"WebPage","@id":"https:\/\/gamblingsam.com\/no\/norske-casinoer\/","url":"https:\/\/gamblingsam.com\/no\/norske-casinoer\/","name":"Norske casinoer - Pr\u00f8v lykken hos et norsk nettcasino","isPartOf":{"@id":"https:\/\/gamblingsam.com\/no\/#website"},"primaryImageOfPage":{"@id":"https:\/\/gamblingsam.com\/no\/norske-casinoer\/#primaryimage"},"image":{"@id":"https:\/\/gamblingsam.com\/no\/norske-casinoer\/#primaryimage"},"thumbnailUrl":"https:\/\/gamblingsam.com\/no\/wp-content\/media\/sites\/3\/2020\/01\/norske-casino.png","datePublished":"2019-11-11T12:23:57+00:00","dateModified":"2023-09-19T14:06:28+00:00","description":"Finn et norsk casino p\u00e5 nettet. Her leser du mer om nettcasinoer som fokuserer ekstra mye p\u00e5 norske spillere og hva som kjennetegner norske casinoer.","breadcrumb":{"@id":"https:\/\/gamblingsam.com\/no\/norske-casinoer\/#breadcrumb"},"inLanguage":"nb-NO","potentialAction":[{"@type":"ReadAction","target":["https:\/\/gamblingsam.com\/no\/norske-casinoer\/"]}]},{"@type":"ImageObject","inLanguage":"nb-NO","@id":"https:\/\/gamblingsam.com\/no\/norske-casinoer\/#primaryimage","url":"https:\/\/gamblingsam.com\/no\/wp-content\/media\/sites\/3\/2020\/01\/norske-casino.png","contentUrl":"https:\/\/gamblingsam.com\/no\/wp-content\/media\/sites\/3\/2020\/01\/norske-casino.png","width":737,"height":235},{"@type":"BreadcrumbList","@id":"https:\/\/gamblingsam.com\/no\/norske-casinoer\/#breadcrumb","itemListElement":[{"@type":"ListItem","position":1,"name":"Home","item":"https:\/\/gamblingsam.com\/no\/"},{"@type":"ListItem","position":2,"name":"Norske casinoer"}]},{"@type":"WebSite","@id":"https:\/\/gamblingsam.com\/no\/#website","url":"https:\/\/gamblingsam.com\/no\/","name":"GamblingSam.com","description":"","potentialAction":[{"@type":"SearchAction","target":{"@type":"EntryPoint","urlTemplate":"https:\/\/gamblingsam.com\/no\/?s={search_term_string}"},"query-input":{"@type":"PropertyValueSpecification","valueRequired":true,"valueName":"search_term_string"}}],"inLanguage":"nb-NO"}]}},"_links":{"self":[{"href":"https:\/\/gamblingsam.com\/no\/wp-json\/wp\/v2\/pages\/13","targetHints":{"allow":["GET"]}}],"collection":[{"href":"https:\/\/gamblingsam.com\/no\/wp-json\/wp\/v2\/pages"}],"about":[{"href":"https:\/\/gamblingsam.com\/no\/wp-json\/wp\/v2\/types\/page"}],"author":[{"embeddable":true,"href":"https:\/\/gamblingsam.com\/no\/wp-json\/wp\/v2\/users\/1"}],"replies":[{"embeddable":true,"href":"https:\/\/gamblingsam.com\/no\/wp-json\/wp\/v2\/comments?post=13"}],"version-history":[{"count":6,"href":"https:\/\/gamblingsam.com\/no\/wp-json\/wp\/v2\/pages\/13\/revisions"}],"predecessor-version":[{"id":296,"href":"https:\/\/gamblingsam.com\/no\/wp-json\/wp\/v2\/pages\/13\/revisions\/296"}],"wp:attachment":[{"href":"https:\/\/gamblingsam.com\/no\/wp-json\/wp\/v2\/media?parent=13"}],"curies":[{"name":"wp","href":"https:\/\/api.w.org\/{rel}","templated":true}]}}