{"id":18,"date":"2019-11-11T12:40:26","date_gmt":"2019-11-11T12:40:26","guid":{"rendered":"https:\/\/gamblingsam.com\/no\/?page_id=18"},"modified":"2023-09-19T14:06:40","modified_gmt":"2023-09-19T14:06:40","slug":"blackjack","status":"publish","type":"page","link":"https:\/\/gamblingsam.com\/no\/blackjack\/","title":{"rendered":"Blackjack"},"content":{"rendered":"\n<h1 class=\"wp-block-heading\">Blackjack online &#8211; Spill bordspillet blackjack hos et nettcasino<\/h1>\n\n\n\n<p>Et av de mest popul\u00e6re casinospillene er blackjack. Spillet er opprinnelig fra Frankrike og ble kalt Vingt-et-Un som betyr 21. Dette er meget beskrivende for spillet. Da franskmennene emigrerte til USA tok de med seg spillet, og det var der det skiftet navn til blackjack. Spillet er kjent fra mange filmscener i fysiske casinoer, men i dag er det nok mange flere som velger \u00e5 spille blackjack hos nettcasinoene enn i de landbaserte casinoene.<\/p>\n\n\n\n  <div class=\"top-sites-wrap\">\n\t\t<div class=\"top-sites-row top-sites-heading\"><div class=\"casinocol \">\tCasino<\/div><div class=\"featcol\">Fordeler<\/div><div  class=\"depcol\">Bonus<\/div><div  class=\"ratecol\">Omtale<\/div><div class=\"visitcol \">Spill<\/div>\n       <\/div>\n\n<div class=\"top-sites-row top-sites-body row-1 \">\n         <div  class=\"casinocol\"><span class=\"rankcir\">1<\/span>\n\t\t <a target=\"_blank\" href=\"https:\/\/gamblingsam.com\/no\/go\/casumo\">\n\t\t  <img loading=\"lazy\" decoding=\"async\" width=\"175\" height=\"105\" src=\"https:\/\/gamblingsam.com\/no\/wp-content\/media\/sites\/3\/2020\/04\/casumo.png\" class=\"logocomp wp-post-image\" alt=\"\" \/>\n\t\t\t<\/a>\n\t\t<\/div><div class=\"featcol\"><ul><li>God bonus <\/li><li> Casino eventyr <\/li><li> Mange casinospill<\/li><\/ul>\t<\/div><div class=\"depcol\"><span class=\"hilite\">\u20ac2000<\/span><\/div><div  class=\"ratecol\"><span class=\"rate cen\"> <span class=\"ratetotal\" style=\"width: 98%\"><\/span><\/span><a href=\"https:\/\/gamblingsam.com\/no\/anmeldelse\/casumo\/\" class=\"revlink\">Recension<\/a> <\/div><div class=\"visitcol\"><a target=\"_blank\" href=\"https:\/\/gamblingsam.com\/no\/go\/casumo\" class=\"visbutton\">Spill<\/a><\/div>\n <\/div>\n<div class=\"termsrow\">\n<small>* 18+ | Spela ansvarsfullt | <a href=\"http:\/\/www.stodlinjen.se\" target=\"_blank\" rel=\"nofollow noopener\">St\u00f6dlinjen.se<\/a> | <a href=\"https:\/\/www.spelpaus.se\" target=\"_blank\" rel=\"nofollow noopener\">Spelpaus.se.se<\/a> | <a href=\"\" target=\"_blank\" rel=\"nofollow noopener\">Regler &amp; villkor g\u00e4ller<\/a><\/small><\/div>\n<div class=\"top-sites-row top-sites-body row-2 \">\n         <div  class=\"casinocol\"><span class=\"rankcir\">2<\/span>\n\t\t <a target=\"_blank\" href=\"https:\/\/gamblingsam.com\/no\/go\/mrgreen\">\n\t\t  <img loading=\"lazy\" decoding=\"async\" width=\"300\" height=\"86\" src=\"https:\/\/gamblingsam.com\/no\/wp-content\/media\/sites\/3\/2019\/11\/mr-green-300x86.png\" class=\"logocomp wp-post-image\" alt=\"\" srcset=\"https:\/\/gamblingsam.com\/no\/wp-content\/media\/sites\/3\/2019\/11\/mr-green-300x86.png 300w, https:\/\/gamblingsam.com\/no\/wp-content\/media\/sites\/3\/2019\/11\/mr-green.png 700w\" sizes=\"auto, (max-width: 300px) 100vw, 300px\" \/>\n\t\t\t<\/a>\n\t\t<\/div><div class=\"featcol\"><ul><li>Mange free spins <\/li><li> Godt spillutvalg <\/li><li> Norskspr\u00e5klig kundeservice<\/li><\/ul>\t<\/div><div class=\"depcol\"><span class=\"hilite\">2000 KR<\/span><\/div><div  class=\"ratecol\"><span class=\"rate cen\"> <span class=\"ratetotal\" style=\"width: 96%\"><\/span><\/span><a href=\"https:\/\/gamblingsam.com\/no\/anmeldelse\/mr-green\/\" class=\"revlink\">Recension<\/a> <\/div><div class=\"visitcol\"><a target=\"_blank\" href=\"https:\/\/gamblingsam.com\/no\/go\/mrgreen\" class=\"visbutton\">Spill<\/a><\/div>\n <\/div>\n<div class=\"termsrow\">\n<small>* 18+ | Spela ansvarsfullt | <a href=\"http:\/\/www.stodlinjen.se\" target=\"_blank\" rel=\"nofollow noopener\">St\u00f6dlinjen.se<\/a> | <a href=\"https:\/\/www.spelpaus.se\" target=\"_blank\" rel=\"nofollow noopener\">Spelpaus.se.se<\/a> | <a href=\"\" target=\"_blank\" rel=\"nofollow noopener\">Regler &amp; villkor g\u00e4ller<\/a><\/small><\/div><\/div>\n\n\n\n<h2 class=\"wp-block-heading\">Blackjack er et kortspill med f\u00e5 og enkle regler<\/h2>\n\n\n\n<p>Reglene for blackjack er f\u00e5 og enkle. Det handler om tallet 21 og det \u00e5 f\u00e5 summen 21 ved hjelp av to eller flere kort. I blackjack bruker man 1 til 8 kortstokker med 52 kort i stokken. Kortene har ulike verdier. Et ess er verdt enten 11 eller 1. Billedkortene knekt, dame og konge er verdt 10, mens alle de andre kortene i kortstokken er verdt p\u00e5lydende. Et billedkort og et ess danner dermed en perfekt blackjack med to kort.<\/p>\n\n\n\n<h3 class=\"wp-block-heading\">I blackjack vinner man p\u00e5 tre m\u00e5ter<\/h3>\n\n\n\n<p>Det er tre m\u00e5ter \u00e5 vinne p\u00e5 blackjack. Den ene er at man f\u00e5r 21 eller blackjack uten at croupieren gj\u00f8r det samme. Den andre er at man f\u00e5r en bedre h\u00e5nd en dealeren uten at den overstiger 21. Den tredje m\u00e5ten \u00e5 vinne p\u00e5 er om h\u00e5nden er lavere enn 21, samtidig som dealerens h\u00e5nd overstiger 21.<\/p>\n\n\n\n<h3 class=\"wp-block-heading\">Slik spilles blackjack i praksis<\/h3>\n\n\n\n<p>Rundt blackjack-bordet st\u00e5r dealeren p\u00e5 den ene siden vendt mot alle spillerne. Alle spillerne befinner seg p\u00e5 motsatt side av bordet. Ved fysiske bord er det fra 1 til 6 spillere. Disse spiller ikke mot hverandre, men mot dealeren\/huset. Er det fullt ved bordet betyr det seks enkeltspill mellom en spiller og giveren. Foran seg p\u00e5 bordet har alle spillerne et felt hvor kort og innsats plasseres. P\u00e5 motsatt side av bordet har giveren det samme. I tillegg har dealeren ogs\u00e5 en boks som kalles sko for en eller flere kortstokker.<\/p>\n\n\n\n<p>N\u00e5r det spilles blackjack deler giveren f\u00f8rst ut et kort til alle spillerne og tilslutt et kort til seg selv. Alle disse kortene har billedsiden opp. Deretter gjentas dette med et kort til alle spillerne og et til giveren til slutt. Kort nummer to til b\u00e5de spillerne og giveren legges med billedsiden ned. Dermed er spiller i gang og det gjelder \u00e5 tenke taktikk, huske kort, analysere spillet samt se p\u00e5 hva de andre spillerne gj\u00f8r. Det fine ved \u00e5 spille blackjack online er at man ikke beh\u00f8ver \u00e5 tenke p\u00e5 hva de andre spillerne gj\u00f8r.<\/p>\n\n\n\n<p>Satser man p\u00e5 en bedre h\u00e5nd enn giveren velger man stand og tar ikke flere kort. \u00d8nsker man et kort til velges hit. Kort kan man f\u00e5 over flere runder, men man m\u00e5 for all del ikke g\u00e5 over summen 21. Da er man bust, er ute og har tapt alt. Rundt et blackjack-bord fortsetter dette til alle spillerne har valgt stand eller er bust. F\u00f8rst da avsl\u00f8rer giveren sitt andre kort og velger enten stand eller hit. I blackjack er det ogs\u00e5 slik ved de fleste bord at giveren m\u00e5 velge stand p\u00e5 summen 17 eller h\u00f8yere. <\/p>\n\n\n\n<p>Klarer en spiller \u00e5 sl\u00e5 giverens h\u00e5nd uten \u00e5 g\u00e5 over 21 har spilleren vunnet. Ender croupieren og spilleren p\u00e5 samme sum er det push eller uavgjort. Da f\u00e5r man tilbake innsatsen om ikke casinoet har spesielle regler for push. N\u00e5r man spiller blackjack kan man ogs\u00e5 bruke andre valg som Double Down, split, surrender og forsikring, men disse kan ikke benyttes p\u00e5 alle bord. Reglene for dette er skrevet p\u00e5 hvert enkelt bord.<\/p>\n\n\n<div class=\"wp-block-image\">\n<figure class=\"aligncenter size-large\"><img loading=\"lazy\" decoding=\"async\" width=\"1024\" height=\"397\" src=\"https:\/\/gamblingsam.com\/no\/wp-content\/media\/sites\/3\/2020\/01\/iStock-1136558137-2-1024x397.png\" alt=\"Blackjack online - Spill bordspillet blackjack hos et nettcasino\" class=\"wp-image-127\" srcset=\"https:\/\/gamblingsam.com\/no\/wp-content\/media\/sites\/3\/2020\/01\/iStock-1136558137-2-1024x397.png 1024w, https:\/\/gamblingsam.com\/no\/wp-content\/media\/sites\/3\/2020\/01\/iStock-1136558137-2-300x116.png 300w, https:\/\/gamblingsam.com\/no\/wp-content\/media\/sites\/3\/2020\/01\/iStock-1136558137-2-768x298.png 768w, https:\/\/gamblingsam.com\/no\/wp-content\/media\/sites\/3\/2020\/01\/iStock-1136558137-2.png 1320w\" sizes=\"auto, (max-width: 1024px) 100vw, 1024px\" \/><\/figure><\/div>\n\n\n<h3 class=\"wp-block-heading\">Det er enkelt \u00e5 spill blackjack p\u00e5 nettet<\/h3>\n\n\n\n<p>Hos de fleste <a href=\"https:\/\/gamblingsam.com\/no\/\">nettcasinoene<\/a> er det ofte et veldig godt utvalg av blackjack-spill. De enkleste av disse finner man i casinoseksjonen hvor alt av spill er mot automater. Det finnes mange varianter og spill som passer for alle typer spillere med b\u00e5de h\u00f8y og lav limit. Den som \u00f8nsker en mer reell og virkelighetsn\u00e6r casinosetting spiller blackjack mot ekte dealere i Live Casino. N\u00e5r man skal spille blackjack er det en fordel \u00e5 sette seg inn i reglene for det aktuelle bordet f\u00f8r man spiller. Det kan v\u00e6re forskjeller p\u00e5 minsteinnsats, gevinstutbetaling, regler ved push og om giveren st\u00e5r ved 17 eller ikke. For suksess m\u00e5 man ogs\u00e5 kunne de generelle blackjack-reglene samt l\u00e6re seg spillstrategier basert p\u00e5 sannsynlighetsberegning. Egne strategikort for de forskjellige bordtypene gir suksess over tid.<\/p>\n","protected":false},"excerpt":{"rendered":"<p>Blackjack online &#8211; Spill bordspillet blackjack hos et nettcasino Et av de mest popul\u00e6re casinospillene er blackjack. Spillet er opprinnelig fra Frankrike og ble kalt Vingt-et-Un som betyr 21. Dette <a href=\"https:\/\/gamblingsam.com\/no\/blackjack\/\">&#8230;.<\/a><\/p>\n","protected":false},"author":1,"featured_media":0,"parent":0,"menu_order":0,"comment_status":"closed","ping_status":"closed","template":"","meta":{"footnotes":""},"class_list":["post-18","page","type-page","status-publish","hentry"],"yoast_head":"<!-- This site is optimized with the Yoast SEO plugin v27.5 - https:\/\/yoast.com\/product\/yoast-seo-wordpress\/ -->\n<title>Blackjack online - Spill bordspillet blackjack hos et nettcasino<\/title>\n<meta name=\"description\" content=\"Blackjack er et popul\u00e6rt spill. Her kan du lese hva blackjack er, hvilke regler som gjelder for spillet, hvordan du vinner og at spill blackjack online.\" \/>\n<meta name=\"robots\" content=\"index, follow, max-snippet:-1, max-image-preview:large, max-video-preview:-1\" \/>\n<link rel=\"canonical\" href=\"https:\/\/gamblingsam.com\/no\/blackjack\/\" \/>\n<meta property=\"og:locale\" content=\"nb_NO\" \/>\n<meta property=\"og:type\" content=\"article\" \/>\n<meta property=\"og:title\" content=\"Blackjack online - Spill bordspillet blackjack hos et nettcasino\" \/>\n<meta property=\"og:description\" content=\"Blackjack er et popul\u00e6rt spill. Her kan du lese hva blackjack er, hvilke regler som gjelder for spillet, hvordan du vinner og at spill blackjack online.\" \/>\n<meta property=\"og:url\" content=\"https:\/\/gamblingsam.com\/no\/blackjack\/\" \/>\n<meta property=\"og:site_name\" content=\"GamblingSam.com\" \/>\n<meta property=\"article:modified_time\" content=\"2023-09-19T14:06:40+00:00\" \/>\n<meta property=\"og:image\" content=\"https:\/\/gamblingsam.com\/no\/wp-content\/media\/sites\/3\/2020\/01\/iStock-1136558137-2-1024x397.png\" \/>\n<meta name=\"twitter:card\" content=\"summary_large_image\" \/>\n<script type=\"application\/ld+json\" class=\"yoast-schema-graph\">{\"@context\":\"https:\\\/\\\/schema.org\",\"@graph\":[{\"@type\":\"WebPage\",\"@id\":\"https:\\\/\\\/gamblingsam.com\\\/no\\\/blackjack\\\/\",\"url\":\"https:\\\/\\\/gamblingsam.com\\\/no\\\/blackjack\\\/\",\"name\":\"Blackjack online - Spill bordspillet blackjack hos et nettcasino\",\"isPartOf\":{\"@id\":\"https:\\\/\\\/gamblingsam.com\\\/no\\\/#website\"},\"primaryImageOfPage\":{\"@id\":\"https:\\\/\\\/gamblingsam.com\\\/no\\\/blackjack\\\/#primaryimage\"},\"image\":{\"@id\":\"https:\\\/\\\/gamblingsam.com\\\/no\\\/blackjack\\\/#primaryimage\"},\"thumbnailUrl\":\"https:\\\/\\\/gamblingsam.com\\\/no\\\/wp-content\\\/media\\\/sites\\\/3\\\/2020\\\/01\\\/iStock-1136558137-2-1024x397.png\",\"datePublished\":\"2019-11-11T12:40:26+00:00\",\"dateModified\":\"2023-09-19T14:06:40+00:00\",\"description\":\"Blackjack er et popul\u00e6rt spill. Her kan du lese hva blackjack er, hvilke regler som gjelder for spillet, hvordan du vinner og at spill blackjack online.\",\"breadcrumb\":{\"@id\":\"https:\\\/\\\/gamblingsam.com\\\/no\\\/blackjack\\\/#breadcrumb\"},\"inLanguage\":\"nb-NO\",\"potentialAction\":[{\"@type\":\"ReadAction\",\"target\":[\"https:\\\/\\\/gamblingsam.com\\\/no\\\/blackjack\\\/\"]}]},{\"@type\":\"ImageObject\",\"inLanguage\":\"nb-NO\",\"@id\":\"https:\\\/\\\/gamblingsam.com\\\/no\\\/blackjack\\\/#primaryimage\",\"url\":\"https:\\\/\\\/gamblingsam.com\\\/no\\\/wp-content\\\/media\\\/sites\\\/3\\\/2020\\\/01\\\/iStock-1136558137-2.png\",\"contentUrl\":\"https:\\\/\\\/gamblingsam.com\\\/no\\\/wp-content\\\/media\\\/sites\\\/3\\\/2020\\\/01\\\/iStock-1136558137-2.png\",\"width\":1320,\"height\":512},{\"@type\":\"BreadcrumbList\",\"@id\":\"https:\\\/\\\/gamblingsam.com\\\/no\\\/blackjack\\\/#breadcrumb\",\"itemListElement\":[{\"@type\":\"ListItem\",\"position\":1,\"name\":\"Home\",\"item\":\"https:\\\/\\\/gamblingsam.com\\\/no\\\/\"},{\"@type\":\"ListItem\",\"position\":2,\"name\":\"Blackjack\"}]},{\"@type\":\"WebSite\",\"@id\":\"https:\\\/\\\/gamblingsam.com\\\/no\\\/#website\",\"url\":\"https:\\\/\\\/gamblingsam.com\\\/no\\\/\",\"name\":\"GamblingSam.com\",\"description\":\"\",\"potentialAction\":[{\"@type\":\"SearchAction\",\"target\":{\"@type\":\"EntryPoint\",\"urlTemplate\":\"https:\\\/\\\/gamblingsam.com\\\/no\\\/?s={search_term_string}\"},\"query-input\":{\"@type\":\"PropertyValueSpecification\",\"valueRequired\":true,\"valueName\":\"search_term_string\"}}],\"inLanguage\":\"nb-NO\"}]}<\/script>\n<!-- \/ Yoast SEO plugin. -->","yoast_head_json":{"title":"Blackjack online - Spill bordspillet blackjack hos et nettcasino","description":"Blackjack er et popul\u00e6rt spill. Her kan du lese hva blackjack er, hvilke regler som gjelder for spillet, hvordan du vinner og at spill blackjack online.","robots":{"index":"index","follow":"follow","max-snippet":"max-snippet:-1","max-image-preview":"max-image-preview:large","max-video-preview":"max-video-preview:-1"},"canonical":"https:\/\/gamblingsam.com\/no\/blackjack\/","og_locale":"nb_NO","og_type":"article","og_title":"Blackjack online - Spill bordspillet blackjack hos et nettcasino","og_description":"Blackjack er et popul\u00e6rt spill. Her kan du lese hva blackjack er, hvilke regler som gjelder for spillet, hvordan du vinner og at spill blackjack online.","og_url":"https:\/\/gamblingsam.com\/no\/blackjack\/","og_site_name":"GamblingSam.com","article_modified_time":"2023-09-19T14:06:40+00:00","og_image":[{"url":"https:\/\/gamblingsam.com\/no\/wp-content\/media\/sites\/3\/2020\/01\/iStock-1136558137-2-1024x397.png","type":"","width":"","height":""}],"twitter_card":"summary_large_image","schema":{"@context":"https:\/\/schema.org","@graph":[{"@type":"WebPage","@id":"https:\/\/gamblingsam.com\/no\/blackjack\/","url":"https:\/\/gamblingsam.com\/no\/blackjack\/","name":"Blackjack online - Spill bordspillet blackjack hos et nettcasino","isPartOf":{"@id":"https:\/\/gamblingsam.com\/no\/#website"},"primaryImageOfPage":{"@id":"https:\/\/gamblingsam.com\/no\/blackjack\/#primaryimage"},"image":{"@id":"https:\/\/gamblingsam.com\/no\/blackjack\/#primaryimage"},"thumbnailUrl":"https:\/\/gamblingsam.com\/no\/wp-content\/media\/sites\/3\/2020\/01\/iStock-1136558137-2-1024x397.png","datePublished":"2019-11-11T12:40:26+00:00","dateModified":"2023-09-19T14:06:40+00:00","description":"Blackjack er et popul\u00e6rt spill. Her kan du lese hva blackjack er, hvilke regler som gjelder for spillet, hvordan du vinner og at spill blackjack online.","breadcrumb":{"@id":"https:\/\/gamblingsam.com\/no\/blackjack\/#breadcrumb"},"inLanguage":"nb-NO","potentialAction":[{"@type":"ReadAction","target":["https:\/\/gamblingsam.com\/no\/blackjack\/"]}]},{"@type":"ImageObject","inLanguage":"nb-NO","@id":"https:\/\/gamblingsam.com\/no\/blackjack\/#primaryimage","url":"https:\/\/gamblingsam.com\/no\/wp-content\/media\/sites\/3\/2020\/01\/iStock-1136558137-2.png","contentUrl":"https:\/\/gamblingsam.com\/no\/wp-content\/media\/sites\/3\/2020\/01\/iStock-1136558137-2.png","width":1320,"height":512},{"@type":"BreadcrumbList","@id":"https:\/\/gamblingsam.com\/no\/blackjack\/#breadcrumb","itemListElement":[{"@type":"ListItem","position":1,"name":"Home","item":"https:\/\/gamblingsam.com\/no\/"},{"@type":"ListItem","position":2,"name":"Blackjack"}]},{"@type":"WebSite","@id":"https:\/\/gamblingsam.com\/no\/#website","url":"https:\/\/gamblingsam.com\/no\/","name":"GamblingSam.com","description":"","potentialAction":[{"@type":"SearchAction","target":{"@type":"EntryPoint","urlTemplate":"https:\/\/gamblingsam.com\/no\/?s={search_term_string}"},"query-input":{"@type":"PropertyValueSpecification","valueRequired":true,"valueName":"search_term_string"}}],"inLanguage":"nb-NO"}]}},"_links":{"self":[{"href":"https:\/\/gamblingsam.com\/no\/wp-json\/wp\/v2\/pages\/18","targetHints":{"allow":["GET"]}}],"collection":[{"href":"https:\/\/gamblingsam.com\/no\/wp-json\/wp\/v2\/pages"}],"about":[{"href":"https:\/\/gamblingsam.com\/no\/wp-json\/wp\/v2\/types\/page"}],"author":[{"embeddable":true,"href":"https:\/\/gamblingsam.com\/no\/wp-json\/wp\/v2\/users\/1"}],"replies":[{"embeddable":true,"href":"https:\/\/gamblingsam.com\/no\/wp-json\/wp\/v2\/comments?post=18"}],"version-history":[{"count":5,"href":"https:\/\/gamblingsam.com\/no\/wp-json\/wp\/v2\/pages\/18\/revisions"}],"predecessor-version":[{"id":297,"href":"https:\/\/gamblingsam.com\/no\/wp-json\/wp\/v2\/pages\/18\/revisions\/297"}],"wp:attachment":[{"href":"https:\/\/gamblingsam.com\/no\/wp-json\/wp\/v2\/media?parent=18"}],"curies":[{"name":"wp","href":"https:\/\/api.w.org\/{rel}","templated":true}]}}