{"id":188,"date":"2020-04-05T10:27:45","date_gmt":"2020-04-05T10:27:45","guid":{"rendered":"https:\/\/gamblingsam.com\/no\/?page_id=188"},"modified":"2023-09-19T14:06:51","modified_gmt":"2023-09-19T14:06:51","slug":"live-casino","status":"publish","type":"page","link":"https:\/\/gamblingsam.com\/no\/live-casino\/","title":{"rendered":"Live casino"},"content":{"rendered":"\n<h1 class=\"wp-block-heading\">Live casino &#8211; spill mot en ekte dealer<\/h1>\n\n\n\n<p>Norske spillere begynner \u00e5 f\u00e5 flere \u00f8yne p\u00e5 livecasinoet ettersom det gir en mer ekte spillopplevelse som ser ut til \u00e5 bli satt stor pris p\u00e5. Hos norske casinoer i dag er det standard med live casino, og det er flere spill \u00e5 velge mellom. Dette er n\u00e5r kundene krever et godt live <a href=\"https:\/\/gamblingsam.com\/no\">casino<\/a> i dag. Det har tvunget spillerne til \u00e5 utvide spekteret av live-spill, og ingenting tyder p\u00e5 at interessen vil avta, i stedet forventes det \u00e5 \u00f8ke. Velg et online casino i dag og kom i gang med \u00e5 spille live. Du kan ogs\u00e5 motta en bonus for \u00e5 f\u00e5 enda flere live casino for ditt innskudd. Velg et casino fra listen nedenfor og kom direkte i gang med live casino.<\/p>\n\n\n\n  <div class=\"top-sites-wrap\">\n\t\t<div class=\"top-sites-row top-sites-heading\"><div class=\"casinocol \">\tCasino<\/div><div class=\"featcol\">Fordeler<\/div><div  class=\"depcol\">Bonus<\/div><div  class=\"ratecol\">Omtale<\/div><div class=\"visitcol \">Spill<\/div>\n       <\/div>\n\n<div class=\"top-sites-row top-sites-body row-1 \">\n         <div  class=\"casinocol\"><span class=\"rankcir\">1<\/span>\n\t\t <a target=\"_blank\" href=\"https:\/\/gamblingsam.com\/no\/go\/casumo\">\n\t\t  <img loading=\"lazy\" decoding=\"async\" width=\"175\" height=\"105\" src=\"https:\/\/gamblingsam.com\/no\/wp-content\/media\/sites\/3\/2020\/04\/casumo.png\" class=\"logocomp wp-post-image\" alt=\"\" \/>\n\t\t\t<\/a>\n\t\t<\/div><div class=\"featcol\"><ul><li>God bonus <\/li><li> Casino eventyr <\/li><li> Mange casinospill<\/li><\/ul>\t<\/div><div class=\"depcol\"><span class=\"hilite\">\u20ac2000<\/span><\/div><div  class=\"ratecol\"><span class=\"rate cen\"> <span class=\"ratetotal\" style=\"width: 98%\"><\/span><\/span><a href=\"https:\/\/gamblingsam.com\/no\/anmeldelse\/casumo\/\" class=\"revlink\">Recension<\/a> <\/div><div class=\"visitcol\"><a target=\"_blank\" href=\"https:\/\/gamblingsam.com\/no\/go\/casumo\" class=\"visbutton\">Spill<\/a><\/div>\n <\/div>\n<div class=\"termsrow\">\n<small>* 18+ | Spela ansvarsfullt | <a href=\"http:\/\/www.stodlinjen.se\" target=\"_blank\" rel=\"nofollow noopener\">St\u00f6dlinjen.se<\/a> | <a href=\"https:\/\/www.spelpaus.se\" target=\"_blank\" rel=\"nofollow noopener\">Spelpaus.se.se<\/a> | <a href=\"\" target=\"_blank\" rel=\"nofollow noopener\">Regler &amp; villkor g\u00e4ller<\/a><\/small><\/div>\n<div class=\"top-sites-row top-sites-body row-2 \">\n         <div  class=\"casinocol\"><span class=\"rankcir\">2<\/span>\n\t\t <a target=\"_blank\" href=\"https:\/\/gamblingsam.com\/no\/go\/mrgreen\">\n\t\t  <img loading=\"lazy\" decoding=\"async\" width=\"300\" height=\"86\" src=\"https:\/\/gamblingsam.com\/no\/wp-content\/media\/sites\/3\/2019\/11\/mr-green-300x86.png\" class=\"logocomp wp-post-image\" alt=\"\" srcset=\"https:\/\/gamblingsam.com\/no\/wp-content\/media\/sites\/3\/2019\/11\/mr-green-300x86.png 300w, https:\/\/gamblingsam.com\/no\/wp-content\/media\/sites\/3\/2019\/11\/mr-green.png 700w\" sizes=\"auto, (max-width: 300px) 100vw, 300px\" \/>\n\t\t\t<\/a>\n\t\t<\/div><div class=\"featcol\"><ul><li>Mange free spins <\/li><li> Godt spillutvalg <\/li><li> Norskspr\u00e5klig kundeservice<\/li><\/ul>\t<\/div><div class=\"depcol\"><span class=\"hilite\">2000 KR<\/span><\/div><div  class=\"ratecol\"><span class=\"rate cen\"> <span class=\"ratetotal\" style=\"width: 96%\"><\/span><\/span><a href=\"https:\/\/gamblingsam.com\/no\/anmeldelse\/mr-green\/\" class=\"revlink\">Recension<\/a> <\/div><div class=\"visitcol\"><a target=\"_blank\" href=\"https:\/\/gamblingsam.com\/no\/go\/mrgreen\" class=\"visbutton\">Spill<\/a><\/div>\n <\/div>\n<div class=\"termsrow\">\n<small>* 18+ | Spela ansvarsfullt | <a href=\"http:\/\/www.stodlinjen.se\" target=\"_blank\" rel=\"nofollow noopener\">St\u00f6dlinjen.se<\/a> | <a href=\"https:\/\/www.spelpaus.se\" target=\"_blank\" rel=\"nofollow noopener\">Spelpaus.se.se<\/a> | <a href=\"\" target=\"_blank\" rel=\"nofollow noopener\">Regler &amp; villkor g\u00e4ller<\/a><\/small><\/div><\/div>\n\n\n\n<h2 class=\"wp-block-heading\">Flere live casino med en bonus<\/h2>\n\n\n\n<p>For de som \u00f8nsker \u00e5 f\u00e5 enda flere live casino for pengene sine, er det smart \u00e5 motta en bonus. Flere og flere nettkasinoer i dag tilbyr en bonus for live casinoer. Det er en bonus designet for bruk p\u00e5 live casino. Dette betyr at hvis du mottar en bonus, kan du utforske Baccarat, <a href=\"https:\/\/gamblingsam.com\/no\/blackjack\">Blackjack<\/a>, <a href=\"https:\/\/gamblingsam.com\/no\/roulette\">Roulette<\/a> og alle andre live dealer-spill. Husk imidlertid at omsetningskravene kan v\u00e6re veldig h\u00f8ye n\u00e5r det er en bonus for live casino. \u00c5rsaken er at huset har en lavere fordel p\u00e5 disse spillene sammenlignet med for eksempel spilleautomater. Dette betyr at du har bedre vinnersjanser, men ogs\u00e5 at du m\u00e5 satse flere spill for \u00e5 kunne ta ut eventuelle overskudd.<\/p>\n\n\n\n<h3 class=\"wp-block-heading\">Ekte forhandler som gj\u00f8r live casino unikt<\/h3>\n\n\n\n<p>Det er ektheten til live casino som gj\u00f8r det til et s\u00e5 verdsatt fenomen. Du f\u00e5r den samme f\u00f8lelsen som i Las Vegas eller Monte Carlo med den forskjellen at du kan spille uansett hvor du er. Hos en ekte forhandler er det alltid noe spennende som skjer. Forhandleren din s\u00f8rger for at du alltid f\u00e5r den beste servicen, og gjennom chatfunksjonen kan du kommunisere med forhandleren din. Siden det er flere forskjellige spr\u00e5k, kan du velge om du vil at den norske forhandleren skal f\u00f8le seg hjemme eller en internasjonal croupier for \u00e5 f\u00e5 f\u00f8lelsen av utlandet direkte til datamaskinen, mobilen eller nettbrettet. Uansett er det morsommere med en skikkelig croupier.<\/p>\n\n\n\n<h3 class=\"wp-block-heading\">Evolution Gaming dominerer tilbudet<\/h3>\n\n\n\n<p>Det er en spillprodusent som er bedre enn noen andre n\u00e5r det gjelder \u00e5 lage spill for live casino. Det er selvf\u00f8lgelig Evolution Gaming vi tenker p\u00e5. Den popul\u00e6re spillprodusenten har laget live casinospill for alle de beste norske casinoene som er tilgjengelige. De har egne forhandlere p\u00e5 flere forskjellige spr\u00e5k, inkludert norsk. Du kan ogs\u00e5 chatte med andre spillere og f\u00e5 en mer sosial opplevelse. Alle Evolution Gaming-spill er godt laget og tilgjengelig for deg p\u00e5 norske kasinoer. Pr\u00f8v et av de unike spillene som Speed Roulette, Double Ball Roulette og VIP Blackjack. Hvis du finner spill fra Evolution Gaming p\u00e5 et online casino vet du at det er et trygt casino du endte opp med.<\/p>\n\n\n\n<h3 class=\"wp-block-heading\">Live casino fra mobil<\/h3>\n\n\n\n<p>For \u00e5 spille hvor som helst m\u00e5 du ha et godt live casino for mobilen din. Alle norske casinoer i dag har investert i \u00e5 tilby mobilcasinoer til spillerne sine. Du f\u00e5r tilgang til den via din mobiltelefon eller nettbrett. Fordelen er at du ikke trenger \u00e5 v\u00e6re begrenset til en datamaskin og i stedet kan spille p\u00e5 en hyttetur, p\u00e5 bussen eller n\u00e5r du har en pause p\u00e5 jobb eller skole. Du setter grensene for hvor du kan spille fra. Spill fra mobilen eller nettbrettet ditt, og nyt hele spekteret direkte fra smarttelefonen. Alle spill som er tilgjengelige p\u00e5 en online caisno, er tilgjengelige i dag via mobile enheter inkludert spill til live casino.<\/p>\n\n\n\n<h3 class=\"wp-block-heading\">Popul\u00e6re spill for live casino<\/h3>\n\n\n\n<p>Det er noen forskjellige spill for live casino. De tre mest popul\u00e6re er Blackjack, Roulette og Baccarat. Disse finnes p\u00e5 alle norske kasinoer, men det er vanligvis flere spill enn det. Three Card Poker, Live Football Studio og MONOPOLY Live er andre spill som g\u00e5r varmt p\u00e5 online kasinoer. Pr\u00f8v deg gjennom de forskjellige spillene for \u00e5 finne din favoritt.<\/p>\n","protected":false},"excerpt":{"rendered":"<p>Live casino &#8211; spill mot en ekte dealer Norske spillere begynner \u00e5 f\u00e5 flere \u00f8yne p\u00e5 livecasinoet ettersom det gir en mer ekte spillopplevelse som ser ut til \u00e5 bli <a href=\"https:\/\/gamblingsam.com\/no\/live-casino\/\">&#8230;.<\/a><\/p>\n","protected":false},"author":1,"featured_media":0,"parent":0,"menu_order":0,"comment_status":"closed","ping_status":"closed","template":"","meta":{"footnotes":""},"class_list":["post-188","page","type-page","status-publish","hentry"],"yoast_head":"<!-- This site is optimized with the Yoast SEO plugin v27.5 - https:\/\/yoast.com\/product\/yoast-seo-wordpress\/ -->\n<title>Live casino - Spill mot en ekte croupier<\/title>\n<meta name=\"description\" content=\"Spill live casino mot en ekte forhandler og f\u00e5 et mer autentisk preg i ditt pengespill. Les alt om spill med ekte croupier hos oss.\" \/>\n<meta name=\"robots\" content=\"index, follow, max-snippet:-1, max-image-preview:large, max-video-preview:-1\" \/>\n<link rel=\"canonical\" href=\"https:\/\/gamblingsam.com\/no\/live-casino\/\" \/>\n<meta property=\"og:locale\" content=\"nb_NO\" \/>\n<meta property=\"og:type\" content=\"article\" \/>\n<meta property=\"og:title\" content=\"Live casino - Spill mot en ekte croupier\" \/>\n<meta property=\"og:description\" content=\"Spill live casino mot en ekte forhandler og f\u00e5 et mer autentisk preg i ditt pengespill. Les alt om spill med ekte croupier hos oss.\" \/>\n<meta property=\"og:url\" content=\"https:\/\/gamblingsam.com\/no\/live-casino\/\" \/>\n<meta property=\"og:site_name\" content=\"GamblingSam.com\" \/>\n<meta property=\"article:modified_time\" content=\"2023-09-19T14:06:51+00:00\" \/>\n<meta name=\"twitter:card\" content=\"summary_large_image\" \/>\n<meta name=\"twitter:label1\" content=\"Ansl. lesetid\" \/>\n\t<meta name=\"twitter:data1\" content=\"4 minutter\" \/>\n<script type=\"application\/ld+json\" class=\"yoast-schema-graph\">{\"@context\":\"https:\\\/\\\/schema.org\",\"@graph\":[{\"@type\":\"WebPage\",\"@id\":\"https:\\\/\\\/gamblingsam.com\\\/no\\\/live-casino\\\/\",\"url\":\"https:\\\/\\\/gamblingsam.com\\\/no\\\/live-casino\\\/\",\"name\":\"Live casino - Spill mot en ekte croupier\",\"isPartOf\":{\"@id\":\"https:\\\/\\\/gamblingsam.com\\\/no\\\/#website\"},\"datePublished\":\"2020-04-05T10:27:45+00:00\",\"dateModified\":\"2023-09-19T14:06:51+00:00\",\"description\":\"Spill live casino mot en ekte forhandler og f\u00e5 et mer autentisk preg i ditt pengespill. Les alt om spill med ekte croupier hos oss.\",\"breadcrumb\":{\"@id\":\"https:\\\/\\\/gamblingsam.com\\\/no\\\/live-casino\\\/#breadcrumb\"},\"inLanguage\":\"nb-NO\",\"potentialAction\":[{\"@type\":\"ReadAction\",\"target\":[\"https:\\\/\\\/gamblingsam.com\\\/no\\\/live-casino\\\/\"]}]},{\"@type\":\"BreadcrumbList\",\"@id\":\"https:\\\/\\\/gamblingsam.com\\\/no\\\/live-casino\\\/#breadcrumb\",\"itemListElement\":[{\"@type\":\"ListItem\",\"position\":1,\"name\":\"Home\",\"item\":\"https:\\\/\\\/gamblingsam.com\\\/no\\\/\"},{\"@type\":\"ListItem\",\"position\":2,\"name\":\"Live casino\"}]},{\"@type\":\"WebSite\",\"@id\":\"https:\\\/\\\/gamblingsam.com\\\/no\\\/#website\",\"url\":\"https:\\\/\\\/gamblingsam.com\\\/no\\\/\",\"name\":\"GamblingSam.com\",\"description\":\"\",\"potentialAction\":[{\"@type\":\"SearchAction\",\"target\":{\"@type\":\"EntryPoint\",\"urlTemplate\":\"https:\\\/\\\/gamblingsam.com\\\/no\\\/?s={search_term_string}\"},\"query-input\":{\"@type\":\"PropertyValueSpecification\",\"valueRequired\":true,\"valueName\":\"search_term_string\"}}],\"inLanguage\":\"nb-NO\"}]}<\/script>\n<!-- \/ Yoast SEO plugin. -->","yoast_head_json":{"title":"Live casino - Spill mot en ekte croupier","description":"Spill live casino mot en ekte forhandler og f\u00e5 et mer autentisk preg i ditt pengespill. Les alt om spill med ekte croupier hos oss.","robots":{"index":"index","follow":"follow","max-snippet":"max-snippet:-1","max-image-preview":"max-image-preview:large","max-video-preview":"max-video-preview:-1"},"canonical":"https:\/\/gamblingsam.com\/no\/live-casino\/","og_locale":"nb_NO","og_type":"article","og_title":"Live casino - Spill mot en ekte croupier","og_description":"Spill live casino mot en ekte forhandler og f\u00e5 et mer autentisk preg i ditt pengespill. Les alt om spill med ekte croupier hos oss.","og_url":"https:\/\/gamblingsam.com\/no\/live-casino\/","og_site_name":"GamblingSam.com","article_modified_time":"2023-09-19T14:06:51+00:00","twitter_card":"summary_large_image","twitter_misc":{"Ansl. lesetid":"4 minutter"},"schema":{"@context":"https:\/\/schema.org","@graph":[{"@type":"WebPage","@id":"https:\/\/gamblingsam.com\/no\/live-casino\/","url":"https:\/\/gamblingsam.com\/no\/live-casino\/","name":"Live casino - Spill mot en ekte croupier","isPartOf":{"@id":"https:\/\/gamblingsam.com\/no\/#website"},"datePublished":"2020-04-05T10:27:45+00:00","dateModified":"2023-09-19T14:06:51+00:00","description":"Spill live casino mot en ekte forhandler og f\u00e5 et mer autentisk preg i ditt pengespill. Les alt om spill med ekte croupier hos oss.","breadcrumb":{"@id":"https:\/\/gamblingsam.com\/no\/live-casino\/#breadcrumb"},"inLanguage":"nb-NO","potentialAction":[{"@type":"ReadAction","target":["https:\/\/gamblingsam.com\/no\/live-casino\/"]}]},{"@type":"BreadcrumbList","@id":"https:\/\/gamblingsam.com\/no\/live-casino\/#breadcrumb","itemListElement":[{"@type":"ListItem","position":1,"name":"Home","item":"https:\/\/gamblingsam.com\/no\/"},{"@type":"ListItem","position":2,"name":"Live casino"}]},{"@type":"WebSite","@id":"https:\/\/gamblingsam.com\/no\/#website","url":"https:\/\/gamblingsam.com\/no\/","name":"GamblingSam.com","description":"","potentialAction":[{"@type":"SearchAction","target":{"@type":"EntryPoint","urlTemplate":"https:\/\/gamblingsam.com\/no\/?s={search_term_string}"},"query-input":{"@type":"PropertyValueSpecification","valueRequired":true,"valueName":"search_term_string"}}],"inLanguage":"nb-NO"}]}},"_links":{"self":[{"href":"https:\/\/gamblingsam.com\/no\/wp-json\/wp\/v2\/pages\/188","targetHints":{"allow":["GET"]}}],"collection":[{"href":"https:\/\/gamblingsam.com\/no\/wp-json\/wp\/v2\/pages"}],"about":[{"href":"https:\/\/gamblingsam.com\/no\/wp-json\/wp\/v2\/types\/page"}],"author":[{"embeddable":true,"href":"https:\/\/gamblingsam.com\/no\/wp-json\/wp\/v2\/users\/1"}],"replies":[{"embeddable":true,"href":"https:\/\/gamblingsam.com\/no\/wp-json\/wp\/v2\/comments?post=188"}],"version-history":[{"count":3,"href":"https:\/\/gamblingsam.com\/no\/wp-json\/wp\/v2\/pages\/188\/revisions"}],"predecessor-version":[{"id":298,"href":"https:\/\/gamblingsam.com\/no\/wp-json\/wp\/v2\/pages\/188\/revisions\/298"}],"wp:attachment":[{"href":"https:\/\/gamblingsam.com\/no\/wp-json\/wp\/v2\/media?parent=188"}],"curies":[{"name":"wp","href":"https:\/\/api.w.org\/{rel}","templated":true}]}}