{"id":193,"date":"2020-04-07T06:58:32","date_gmt":"2020-04-07T06:58:32","guid":{"rendered":"https:\/\/gamblingsam.com\/no\/?page_id=193"},"modified":"2023-09-19T14:09:45","modified_gmt":"2023-09-19T14:09:45","slug":"sportsspill","status":"publish","type":"page","link":"https:\/\/gamblingsam.com\/no\/sportsspill\/","title":{"rendered":"Sportsspill"},"content":{"rendered":"\n<h1 class=\"wp-block-heading\">Sportsspill &#8211; Spill hos norske spillselskaper<\/h1>\n\n\n\n<p>Nordmennene er veldig glade i sportsspill og det er hovedsakelig fotball og ski som tiltrekker den st\u00f8rste interessen. Tidligere var det Norsk Tipping som gjaldt da nordmennene dro til de fysiske agentene for \u00e5 spille p\u00e5 forskjellige kamper. I dag, i stedet, gjelder nettet ettersom oddsen og utvalget av kamper og markeder er betydelig bedre online enn hos Norsk Tipping. Nedenfor er en liste over noen av v\u00e5re favoritter til norske spillselskaper som tilbyr gode odds og gode oddsbonuser. Kom i gang med et av disse i dag og nyt en god start med en oddsbonus.<\/p>\n\n\n\n  <div class=\"top-sites-wrap\">\n\t\t<div class=\"top-sites-row top-sites-heading\"><div class=\"casinocol \">\tCasino<\/div><div class=\"featcol\">Fordeler<\/div><div  class=\"depcol\">Bonus<\/div><div  class=\"ratecol\">Omtale<\/div><div class=\"visitcol \">Spill<\/div>\n       <\/div>\n\n<div class=\"top-sites-row top-sites-body row-1 \">\n         <div  class=\"casinocol\"><span class=\"rankcir\">1<\/span>\n\t\t <a target=\"_blank\" href=\"https:\/\/gamblingsam.com\/no\/go\/casumo\">\n\t\t  <img loading=\"lazy\" decoding=\"async\" width=\"175\" height=\"105\" src=\"https:\/\/gamblingsam.com\/no\/wp-content\/media\/sites\/3\/2020\/04\/casumo.png\" class=\"logocomp wp-post-image\" alt=\"\" \/>\n\t\t\t<\/a>\n\t\t<\/div><div class=\"featcol\"><ul><li>God bonus <\/li><li> Casino eventyr <\/li><li> Mange casinospill<\/li><\/ul>\t<\/div><div class=\"depcol\"><span class=\"hilite\">\u20ac2000<\/span><\/div><div  class=\"ratecol\"><span class=\"rate cen\"> <span class=\"ratetotal\" style=\"width: 98%\"><\/span><\/span><a href=\"https:\/\/gamblingsam.com\/no\/anmeldelse\/casumo\/\" class=\"revlink\">Recension<\/a> <\/div><div class=\"visitcol\"><a target=\"_blank\" href=\"https:\/\/gamblingsam.com\/no\/go\/casumo\" class=\"visbutton\">Spill<\/a><\/div>\n <\/div>\n<div class=\"termsrow\">\n<small>* 18+ | Spela ansvarsfullt | <a href=\"http:\/\/www.stodlinjen.se\" target=\"_blank\" rel=\"nofollow noopener\">St\u00f6dlinjen.se<\/a> | <a href=\"https:\/\/www.spelpaus.se\" target=\"_blank\" rel=\"nofollow noopener\">Spelpaus.se.se<\/a> | <a href=\"\" target=\"_blank\" rel=\"nofollow noopener\">Regler &amp; villkor g\u00e4ller<\/a><\/small><\/div>\n<div class=\"top-sites-row top-sites-body row-2 \">\n         <div  class=\"casinocol\"><span class=\"rankcir\">2<\/span>\n\t\t <a target=\"_blank\" href=\"https:\/\/gamblingsam.com\/no\/go\/mrgreen\">\n\t\t  <img loading=\"lazy\" decoding=\"async\" width=\"300\" height=\"86\" src=\"https:\/\/gamblingsam.com\/no\/wp-content\/media\/sites\/3\/2019\/11\/mr-green-300x86.png\" class=\"logocomp wp-post-image\" alt=\"\" srcset=\"https:\/\/gamblingsam.com\/no\/wp-content\/media\/sites\/3\/2019\/11\/mr-green-300x86.png 300w, https:\/\/gamblingsam.com\/no\/wp-content\/media\/sites\/3\/2019\/11\/mr-green.png 700w\" sizes=\"auto, (max-width: 300px) 100vw, 300px\" \/>\n\t\t\t<\/a>\n\t\t<\/div><div class=\"featcol\"><ul><li>Mange free spins <\/li><li> Godt spillutvalg <\/li><li> Norskspr\u00e5klig kundeservice<\/li><\/ul>\t<\/div><div class=\"depcol\"><span class=\"hilite\">2000 KR<\/span><\/div><div  class=\"ratecol\"><span class=\"rate cen\"> <span class=\"ratetotal\" style=\"width: 96%\"><\/span><\/span><a href=\"https:\/\/gamblingsam.com\/no\/anmeldelse\/mr-green\/\" class=\"revlink\">Recension<\/a> <\/div><div class=\"visitcol\"><a target=\"_blank\" href=\"https:\/\/gamblingsam.com\/no\/go\/mrgreen\" class=\"visbutton\">Spill<\/a><\/div>\n <\/div>\n<div class=\"termsrow\">\n<small>* 18+ | Spela ansvarsfullt | <a href=\"http:\/\/www.stodlinjen.se\" target=\"_blank\" rel=\"nofollow noopener\">St\u00f6dlinjen.se<\/a> | <a href=\"https:\/\/www.spelpaus.se\" target=\"_blank\" rel=\"nofollow noopener\">Spelpaus.se.se<\/a> | <a href=\"\" target=\"_blank\" rel=\"nofollow noopener\">Regler &amp; villkor g\u00e4ller<\/a><\/small><\/div><\/div>\n\n\n\n<h2 class=\"wp-block-heading\">Kom i gang med en oddsbonus hos norske bookmakere<\/h2>\n\n\n\n<p>En god m\u00e5te \u00e5 komme i gang med et spillefirma er ved \u00e5 bruke en oddsbonus. Da gir spillselskapet deg en bonus p\u00e5 ditt f\u00f8rste innskudd som takk for at du valgte akkurat det. En vanlig oddsbonus med norske spillselskaper er 100% opp til 1000 norske kroner. Hvis du gj\u00f8r et innskudd p\u00e5 1000 NOK, vil du motta 2000 NOK \u00e5 spille for. Det er perfekt for \u00e5 se p\u00e5 spillutvalget og utforske p\u00e5 den m\u00e5ten du synes er best. Andre oddsbonuser foruten innskuddsbonuser er risikofrie spill, gratisspill og \u00f8kte odds.<\/p>\n\n\n\n<h3 class=\"wp-block-heading\">Velg et norsk spillselskap om du liker norsk sport<\/h3>\n\n\n\n<p>For den som setter stor pris p\u00e5 \u00e5 vedde p\u00e5 langrenn, alpint og andre vintersporter der Norge dominerer, er det bra \u00e5 velge et norsk <a href=\"https:\/\/gamblingsam.com\/no\">spillselskap<\/a>. Internasjonale bookmakere har ikke samme tilbud og like mange markeder p\u00e5 norske sporter og ligaer ettersom de ikke har noen spesiell stor interesse. Derfor er det smart \u00e5 velge et norsk eller i alle fall et <a href=\"https:\/\/norskebettingsider.eu\/\">skandinavisk spillselskap<\/a> om du skal spille p\u00e5 dette. Da blir alltid spillopplevelsen din den beste.<\/p>\n\n\n\n<h3 class=\"wp-block-heading\">Premier League og fotball tiltrekker stor interesse<\/h3>\n\n\n\n<p>Nordmenn elsker Premier League, og slik har det alltid v\u00e6rt. Med stjerner som Ole Gunnar Solskj\u00e6r og Tore Andre Flo har Norge en fin kultur i engelsk ligafotball. I dag dominerer andre spillerne, mens Solskj\u00e6r i stedet befinner seg p\u00e5 Manchester Uniteds trenerbenk som manager. Norge har en utrolig spennende generasjon fotballspillere med H\u00e5land som \u00f8yeblikkets st\u00f8rste skinnende stjerne. Som et resultat setter mange norske spillere pris p\u00e5 \u00e5 satse p\u00e5 norske spillere. De som spilte H\u00e5land som m\u00e5lscorer under introduksjonen i Dortmund, m\u00e5 i alle fall ha g\u00e5tt pluss.<\/p>\n\n\n\n<h3 class=\"wp-block-heading\">Vanlige markeder innen sportsbetting<\/h3>\n\n\n\n<p>Forskjellen mellom markedene varierer veldig avhengig av hvilken idrett du spiller. Hvis det er fotball, er 1X2, resultater, m\u00e5l, hj\u00f8rnespark og vinnende spill de vanligste markedene. P\u00e5 ski er det mer popul\u00e6rt \u00e5 satse p\u00e5 hvem som skal vinne l\u00f8pet, head 2 head mellom forskjellige deltagere eller satse p\u00e5 hvilke nasjoner som tar flest medaljer under et mesterskap.<\/p>\n\n\n\n<p>Hvis du spiller en sport i stedet for uavgjort, er det mer vanlig \u00e5 plassere Money Line. Da telles ikke sluttresultatet, men i stedet telles resultatet etter en eventuell forlengelse og straffer ogs\u00e5. Det er veldig moro \u00e5 satse p\u00e5, og ikke v\u00e6r redd for \u00e5 pr\u00f8ve forskjellige markeder. Et tips er ogs\u00e5 \u00e5 skrive ned resultatene n\u00e5r du satser, slik at du ser hvilke markeder du vanligvis vinner.<\/p>\n\n\n\n<h3 class=\"wp-block-heading\">Live-spill og live-stream gj\u00f8r opplevelsen bedre<\/h3>\n\n\n\n<p>Flere og flere norske spillere i dag foretrekker \u00e5 satse live. \u00c5rsaken er at det blir mer action og spenning n\u00e5r du er midt i det som skjer. Med live betting spiller du p\u00e5 en p\u00e5g\u00e5ende kamp i stedet for f\u00f8r kampen. Dette gir flere markeder som ikke er tilgjengelige for en kamp, samtidig som de gir h\u00f8yere puls og mer spenning n\u00e5r oddsen beveger seg hele tiden. Under visse deler av en kamp, for eksempel et straffespark i fotball, s\u00e5 fryses oddsen, men det tar ikke lang tid f\u00f8r spillet ditt er tilgjengelig igjen.<\/p>\n\n\n\n<p>Mange spillselskaper velger ogs\u00e5 \u00e5 streame sport gratis til kundene sine. Da blir det en enda bedre spillopplevelse n\u00e5r du kan se kampene mens du plasserer spillene dine. I tillegg vil det v\u00e6re lettere \u00e5 gj\u00f8re analyser og forutsi hva som vil skje videre n\u00e5r du ser hva som skjer foran deg. Det er grunnen til at mange mennesker kombinerer live streaming av sport og live betting n\u00e5r de spiller p\u00e5 odds.<\/p>\n\n\n\n<h3 class=\"wp-block-heading\">Sportsspill fra mobil<\/h3>\n\n\n\n<p>Hvis du vil v\u00e6re i stand til \u00e5 plassere spill til gode odds uansett hvor du er, kan du laste ned en app til et spillselskap. Da har du alltid en komplett sportsbok for h\u00e5nden. Fordelene med <a href=\"https:\/\/gamblingsam.com\/no\/mobil-casino\">mobil<\/a> er at du aldri er begrenset til en datamaskin som gir deg mer frihet. De st\u00f8rste spillselskapene har apper, men ellers er det like bra \u00e5 spille fra mobilnettlesere. Du bestemmer selv hva du velger.<\/p>\n","protected":false},"excerpt":{"rendered":"<p>Sportsspill &#8211; Spill hos norske spillselskaper Nordmennene er veldig glade i sportsspill og det er hovedsakelig fotball og ski som tiltrekker den st\u00f8rste interessen. Tidligere var det Norsk Tipping som <a href=\"https:\/\/gamblingsam.com\/no\/sportsspill\/\">&#8230;.<\/a><\/p>\n","protected":false},"author":1,"featured_media":0,"parent":0,"menu_order":0,"comment_status":"closed","ping_status":"closed","template":"","meta":{"footnotes":""},"class_list":["post-193","page","type-page","status-publish","hentry"],"yoast_head":"<!-- This site is optimized with the Yoast SEO plugin v27.5 - https:\/\/yoast.com\/product\/yoast-seo-wordpress\/ -->\n<title>Sportsspill - Spill p\u00e5 norsk og internasjonal sport<\/title>\n<meta name=\"description\" content=\"Vi gir deg alt om sportsspill og hvor du f\u00e5r de beste oddsene. Les alt om de beste sportene og markedene du kan satse p\u00e5 for norske spillere.\" \/>\n<meta name=\"robots\" content=\"index, follow, max-snippet:-1, max-image-preview:large, max-video-preview:-1\" \/>\n<link rel=\"canonical\" href=\"https:\/\/gamblingsam.com\/no\/sportsspill\/\" \/>\n<meta property=\"og:locale\" content=\"nb_NO\" \/>\n<meta property=\"og:type\" content=\"article\" \/>\n<meta property=\"og:title\" content=\"Sportsspill - Spill p\u00e5 norsk og internasjonal sport\" \/>\n<meta property=\"og:description\" content=\"Vi gir deg alt om sportsspill og hvor du f\u00e5r de beste oddsene. Les alt om de beste sportene og markedene du kan satse p\u00e5 for norske spillere.\" \/>\n<meta property=\"og:url\" content=\"https:\/\/gamblingsam.com\/no\/sportsspill\/\" \/>\n<meta property=\"og:site_name\" content=\"GamblingSam.com\" \/>\n<meta property=\"article:modified_time\" content=\"2023-09-19T14:09:45+00:00\" \/>\n<meta name=\"twitter:card\" content=\"summary_large_image\" \/>\n<script type=\"application\/ld+json\" class=\"yoast-schema-graph\">{\"@context\":\"https:\\\/\\\/schema.org\",\"@graph\":[{\"@type\":\"WebPage\",\"@id\":\"https:\\\/\\\/gamblingsam.com\\\/no\\\/sportsspill\\\/\",\"url\":\"https:\\\/\\\/gamblingsam.com\\\/no\\\/sportsspill\\\/\",\"name\":\"Sportsspill - Spill p\u00e5 norsk og internasjonal sport\",\"isPartOf\":{\"@id\":\"https:\\\/\\\/gamblingsam.com\\\/no\\\/#website\"},\"datePublished\":\"2020-04-07T06:58:32+00:00\",\"dateModified\":\"2023-09-19T14:09:45+00:00\",\"description\":\"Vi gir deg alt om sportsspill og hvor du f\u00e5r de beste oddsene. Les alt om de beste sportene og markedene du kan satse p\u00e5 for norske spillere.\",\"breadcrumb\":{\"@id\":\"https:\\\/\\\/gamblingsam.com\\\/no\\\/sportsspill\\\/#breadcrumb\"},\"inLanguage\":\"nb-NO\",\"potentialAction\":[{\"@type\":\"ReadAction\",\"target\":[\"https:\\\/\\\/gamblingsam.com\\\/no\\\/sportsspill\\\/\"]}]},{\"@type\":\"BreadcrumbList\",\"@id\":\"https:\\\/\\\/gamblingsam.com\\\/no\\\/sportsspill\\\/#breadcrumb\",\"itemListElement\":[{\"@type\":\"ListItem\",\"position\":1,\"name\":\"Home\",\"item\":\"https:\\\/\\\/gamblingsam.com\\\/no\\\/\"},{\"@type\":\"ListItem\",\"position\":2,\"name\":\"Sportsspill\"}]},{\"@type\":\"WebSite\",\"@id\":\"https:\\\/\\\/gamblingsam.com\\\/no\\\/#website\",\"url\":\"https:\\\/\\\/gamblingsam.com\\\/no\\\/\",\"name\":\"GamblingSam.com\",\"description\":\"\",\"potentialAction\":[{\"@type\":\"SearchAction\",\"target\":{\"@type\":\"EntryPoint\",\"urlTemplate\":\"https:\\\/\\\/gamblingsam.com\\\/no\\\/?s={search_term_string}\"},\"query-input\":{\"@type\":\"PropertyValueSpecification\",\"valueRequired\":true,\"valueName\":\"search_term_string\"}}],\"inLanguage\":\"nb-NO\"}]}<\/script>\n<!-- \/ Yoast SEO plugin. -->","yoast_head_json":{"title":"Sportsspill - Spill p\u00e5 norsk og internasjonal sport","description":"Vi gir deg alt om sportsspill og hvor du f\u00e5r de beste oddsene. Les alt om de beste sportene og markedene du kan satse p\u00e5 for norske spillere.","robots":{"index":"index","follow":"follow","max-snippet":"max-snippet:-1","max-image-preview":"max-image-preview:large","max-video-preview":"max-video-preview:-1"},"canonical":"https:\/\/gamblingsam.com\/no\/sportsspill\/","og_locale":"nb_NO","og_type":"article","og_title":"Sportsspill - Spill p\u00e5 norsk og internasjonal sport","og_description":"Vi gir deg alt om sportsspill og hvor du f\u00e5r de beste oddsene. Les alt om de beste sportene og markedene du kan satse p\u00e5 for norske spillere.","og_url":"https:\/\/gamblingsam.com\/no\/sportsspill\/","og_site_name":"GamblingSam.com","article_modified_time":"2023-09-19T14:09:45+00:00","twitter_card":"summary_large_image","schema":{"@context":"https:\/\/schema.org","@graph":[{"@type":"WebPage","@id":"https:\/\/gamblingsam.com\/no\/sportsspill\/","url":"https:\/\/gamblingsam.com\/no\/sportsspill\/","name":"Sportsspill - Spill p\u00e5 norsk og internasjonal sport","isPartOf":{"@id":"https:\/\/gamblingsam.com\/no\/#website"},"datePublished":"2020-04-07T06:58:32+00:00","dateModified":"2023-09-19T14:09:45+00:00","description":"Vi gir deg alt om sportsspill og hvor du f\u00e5r de beste oddsene. Les alt om de beste sportene og markedene du kan satse p\u00e5 for norske spillere.","breadcrumb":{"@id":"https:\/\/gamblingsam.com\/no\/sportsspill\/#breadcrumb"},"inLanguage":"nb-NO","potentialAction":[{"@type":"ReadAction","target":["https:\/\/gamblingsam.com\/no\/sportsspill\/"]}]},{"@type":"BreadcrumbList","@id":"https:\/\/gamblingsam.com\/no\/sportsspill\/#breadcrumb","itemListElement":[{"@type":"ListItem","position":1,"name":"Home","item":"https:\/\/gamblingsam.com\/no\/"},{"@type":"ListItem","position":2,"name":"Sportsspill"}]},{"@type":"WebSite","@id":"https:\/\/gamblingsam.com\/no\/#website","url":"https:\/\/gamblingsam.com\/no\/","name":"GamblingSam.com","description":"","potentialAction":[{"@type":"SearchAction","target":{"@type":"EntryPoint","urlTemplate":"https:\/\/gamblingsam.com\/no\/?s={search_term_string}"},"query-input":{"@type":"PropertyValueSpecification","valueRequired":true,"valueName":"search_term_string"}}],"inLanguage":"nb-NO"}]}},"_links":{"self":[{"href":"https:\/\/gamblingsam.com\/no\/wp-json\/wp\/v2\/pages\/193","targetHints":{"allow":["GET"]}}],"collection":[{"href":"https:\/\/gamblingsam.com\/no\/wp-json\/wp\/v2\/pages"}],"about":[{"href":"https:\/\/gamblingsam.com\/no\/wp-json\/wp\/v2\/types\/page"}],"author":[{"embeddable":true,"href":"https:\/\/gamblingsam.com\/no\/wp-json\/wp\/v2\/users\/1"}],"replies":[{"embeddable":true,"href":"https:\/\/gamblingsam.com\/no\/wp-json\/wp\/v2\/comments?post=193"}],"version-history":[{"count":4,"href":"https:\/\/gamblingsam.com\/no\/wp-json\/wp\/v2\/pages\/193\/revisions"}],"predecessor-version":[{"id":310,"href":"https:\/\/gamblingsam.com\/no\/wp-json\/wp\/v2\/pages\/193\/revisions\/310"}],"wp:attachment":[{"href":"https:\/\/gamblingsam.com\/no\/wp-json\/wp\/v2\/media?parent=193"}],"curies":[{"name":"wp","href":"https:\/\/api.w.org\/{rel}","templated":true}]}}