{"id":22,"date":"2019-11-11T13:57:47","date_gmt":"2019-11-11T13:57:47","guid":{"rendered":"https:\/\/gamblingsam.com\/no\/?page_id=22"},"modified":"2023-09-19T14:07:03","modified_gmt":"2023-09-19T14:07:03","slug":"roulette","status":"publish","type":"page","link":"https:\/\/gamblingsam.com\/no\/roulette\/","title":{"rendered":"Roulette"},"content":{"rendered":"\n<h1 class=\"wp-block-heading\">Roulette online &#8211; Test ut spenningen med roulette hos nettcasinoe<\/h1>\n\n\n\n<p>Hos nettcasinoene er det <a href=\"https:\/\/gamblingsam.com\/no\/slots\">spilleautomater<\/a> som er mest popul\u00e6rt blant spillerne. Blant de som ikke bruker tiden p\u00e5 slots er det bord- og kortspill som er mest popul\u00e6rt. Blant de mest popul\u00e6re av disse finner man det klassiske bordspillet roulette. Et spill som er kjent fra mange filmer med blant annet agent 007 James Bond. I roulette er det klare regler for spillet, men det er likevel et rent sjansespill. Det er dermed helt tilfeldig om du vinner eller ikke uansett om du spiller p\u00e5 intuisjon eller velger et av de mange systemene som finnes for spillet. Siden det er et sjansespill kan du like s\u00e5 godt vinne ti runder p\u00e5 rad som at du taper ti runder p\u00e5 rad. I roulette er det mulig \u00e5 \u00f8ke vinnersjansene ved valg av m\u00e5te \u00e5 spille p\u00e5, men det er uansett bare flaks om du vinner.<\/p>\n\n\n\n  <div class=\"top-sites-wrap\">\n\t\t<div class=\"top-sites-row top-sites-heading\"><div class=\"casinocol \">\tCasino<\/div><div class=\"featcol\">Fordeler<\/div><div  class=\"depcol\">Bonus<\/div><div  class=\"ratecol\">Omtale<\/div><div class=\"visitcol \">Spill<\/div>\n       <\/div>\n\n<div class=\"top-sites-row top-sites-body row-1 \">\n         <div  class=\"casinocol\"><span class=\"rankcir\">1<\/span>\n\t\t <a target=\"_blank\" href=\"https:\/\/gamblingsam.com\/no\/go\/casumo\">\n\t\t  <img loading=\"lazy\" decoding=\"async\" width=\"175\" height=\"105\" src=\"https:\/\/gamblingsam.com\/no\/wp-content\/media\/sites\/3\/2020\/04\/casumo.png\" class=\"logocomp wp-post-image\" alt=\"\" \/>\n\t\t\t<\/a>\n\t\t<\/div><div class=\"featcol\"><ul><li>God bonus <\/li><li> Casino eventyr <\/li><li> Mange casinospill<\/li><\/ul>\t<\/div><div class=\"depcol\"><span class=\"hilite\">\u20ac2000<\/span><\/div><div  class=\"ratecol\"><span class=\"rate cen\"> <span class=\"ratetotal\" style=\"width: 98%\"><\/span><\/span><a href=\"https:\/\/gamblingsam.com\/no\/anmeldelse\/casumo\/\" class=\"revlink\">Recension<\/a> <\/div><div class=\"visitcol\"><a target=\"_blank\" href=\"https:\/\/gamblingsam.com\/no\/go\/casumo\" class=\"visbutton\">Spill<\/a><\/div>\n <\/div>\n<div class=\"termsrow\">\n<small>* 18+ | Spela ansvarsfullt | <a href=\"http:\/\/www.stodlinjen.se\" target=\"_blank\" rel=\"nofollow noopener\">St\u00f6dlinjen.se<\/a> | <a href=\"https:\/\/www.spelpaus.se\" target=\"_blank\" rel=\"nofollow noopener\">Spelpaus.se.se<\/a> | <a href=\"\" target=\"_blank\" rel=\"nofollow noopener\">Regler &amp; villkor g\u00e4ller<\/a><\/small><\/div>\n<div class=\"top-sites-row top-sites-body row-2 \">\n         <div  class=\"casinocol\"><span class=\"rankcir\">2<\/span>\n\t\t <a target=\"_blank\" href=\"https:\/\/gamblingsam.com\/no\/go\/mrgreen\">\n\t\t  <img loading=\"lazy\" decoding=\"async\" width=\"300\" height=\"86\" src=\"https:\/\/gamblingsam.com\/no\/wp-content\/media\/sites\/3\/2019\/11\/mr-green-300x86.png\" class=\"logocomp wp-post-image\" alt=\"\" srcset=\"https:\/\/gamblingsam.com\/no\/wp-content\/media\/sites\/3\/2019\/11\/mr-green-300x86.png 300w, https:\/\/gamblingsam.com\/no\/wp-content\/media\/sites\/3\/2019\/11\/mr-green.png 700w\" sizes=\"auto, (max-width: 300px) 100vw, 300px\" \/>\n\t\t\t<\/a>\n\t\t<\/div><div class=\"featcol\"><ul><li>Mange free spins <\/li><li> Godt spillutvalg <\/li><li> Norskspr\u00e5klig kundeservice<\/li><\/ul>\t<\/div><div class=\"depcol\"><span class=\"hilite\">2000 KR<\/span><\/div><div  class=\"ratecol\"><span class=\"rate cen\"> <span class=\"ratetotal\" style=\"width: 96%\"><\/span><\/span><a href=\"https:\/\/gamblingsam.com\/no\/anmeldelse\/mr-green\/\" class=\"revlink\">Recension<\/a> <\/div><div class=\"visitcol\"><a target=\"_blank\" href=\"https:\/\/gamblingsam.com\/no\/go\/mrgreen\" class=\"visbutton\">Spill<\/a><\/div>\n <\/div>\n<div class=\"termsrow\">\n<small>* 18+ | Spela ansvarsfullt | <a href=\"http:\/\/www.stodlinjen.se\" target=\"_blank\" rel=\"nofollow noopener\">St\u00f6dlinjen.se<\/a> | <a href=\"https:\/\/www.spelpaus.se\" target=\"_blank\" rel=\"nofollow noopener\">Spelpaus.se.se<\/a> | <a href=\"\" target=\"_blank\" rel=\"nofollow noopener\">Regler &amp; villkor g\u00e4ller<\/a><\/small><\/div><\/div>\n\n\n\n<h2 class=\"wp-block-heading\">S\u00e5nn er et roulette-bord oppbygd<\/h2>\n\n\n\n<p>Roulette er fransk og betyr lite hjul. P\u00e5 roulette-bordet er det omr\u00e5det hvor man satser dekket av filt. Dette omr\u00e5det kalles layout. Et roulette-ord er enten singel 0 eller dobbel 0. De europeiske bordene er singel 0, mens de amerikanske bordene ogs\u00e5 har et felt med 00. En annen forskjell mellom de europeiske og amerikanske bordene er at p\u00e5 de europeiske s\u00e5 er hjulet plassert p\u00e5 midten av bordet, mens det p\u00e5 de amerikanske er plassert ved enden av bordet. P\u00e5 b\u00e5de hjulet og layouten har man felter med tallene 1 til 36. Disse er i r\u00f8d og svart farge. 1-tallet er r\u00f8dt og s\u00e5 er det annenhver gang p\u00e5 svart og r\u00f8dt. Feltene med 0 og 00 er gr\u00f8nne p\u00e5 b\u00e5de bordet og hjulet.<\/p>\n\n\n\n<h3 class=\"wp-block-heading\">Slik spiller du roulette<\/h3>\n\n\n\n<p>Alt spill i roulette er mot huset og ikke mot eventuelle andre spillere rundt bordet. Giveren tar imot innsatsen. Deretter snurrer dealeren hjulet samtidig som kulen sendes i motsatt retning p\u00e5 hjulet. Det tallet som kulen ligger p\u00e5 n\u00e5r hjulet slutter \u00e5 spinne er vinnertallet. I roulette kan du spille p\u00e5 flere m\u00e5ter. Det kan v\u00e6re enkelttall, partall, oddetall, farger, flere tall og kombinasjoner. Uansett hva du spiller p\u00e5 s\u00e5 lander kulen kun p\u00e5 ett vinnertall. Det betyr dermed at du bare f\u00e5r en gevinst uansett om vinnertallet er en del av en kombinasjon. Det er selvsagt slik at vinnersjansen er st\u00f8rre desto flere tall du satser p\u00e5, men samtidig er det ogs\u00e5 slik at utbetalingen g\u00e5r ned.<\/p>\n\n\n\n<h3 class=\"wp-block-heading\">I roulette har du disse vinnersjansene<\/h3>\n\n\n\n<p>P\u00e5 europeiske roulette-bord er vinnersannsynligheten 1 til 37, mens den p\u00e5 de amerikanske er p\u00e5 1 til 38. Sagt p\u00e5 en annen m\u00e5te er sannsynligheten for tap p\u00e5 henholdsvis 36:1 og 37:1 p\u00e5 de europeiske og amerikanske bordene. Som spiller har du dermed st\u00f8rst sjanse for gevinst p\u00e5 de europeiske bordene siden husets fordel er mindre p\u00e5 disse bordene. Den er p\u00e5 2,70 prosent og 5,26 prosent p\u00e5 henholdsvis europeiske og amerikanske roulette-bord. <\/p>\n\n\n\n<p>Det er det ekstra feltet med 00 som utgj\u00f8r forskjellen i fordel til huset. Siden roulette er et rent sjansespill er dermed den beste strategien \u00e5 spille p\u00e5 de europeiske bordene. P\u00e5 amerikanske bord kan det satses p\u00e5 21 m\u00e5ter, mens det er 19 p\u00e5 de europeiske. Spill p\u00e5 europeiske roulette-bord med tallene 1-36 samt 0 gir alts\u00e5 en sjanse for tap p\u00e5 36:1. Desto flere tall det spilles p\u00e5 desto st\u00f8rre blir vinnersannsynligheten. En kombinasjon med 12 tall reduserer tapssjansen ned til 2,083:1. Spill p\u00e5 halvparten av tallene som er det maksimale det kan satses p\u00e5, gir en sannsynlighet for tap p\u00e5 1,555:1<\/p>\n\n\n<div class=\"wp-block-image\">\n<figure class=\"aligncenter size-large\"><img loading=\"lazy\" decoding=\"async\" width=\"1024\" height=\"326\" src=\"https:\/\/gamblingsam.com\/no\/wp-content\/media\/sites\/3\/2020\/01\/iStock-1082856110-2-1024x326.png\" alt=\"Roulette online - Test ut spenningen med roulette hos nettcasinoe\" class=\"wp-image-141\" srcset=\"https:\/\/gamblingsam.com\/no\/wp-content\/media\/sites\/3\/2020\/01\/iStock-1082856110-2-1024x326.png 1024w, https:\/\/gamblingsam.com\/no\/wp-content\/media\/sites\/3\/2020\/01\/iStock-1082856110-2-300x95.png 300w, https:\/\/gamblingsam.com\/no\/wp-content\/media\/sites\/3\/2020\/01\/iStock-1082856110-2-768x244.png 768w, https:\/\/gamblingsam.com\/no\/wp-content\/media\/sites\/3\/2020\/01\/iStock-1082856110-2.png 1336w\" sizes=\"auto, (max-width: 1024px) 100vw, 1024px\" \/><\/figure><\/div>\n\n\n<h3 class=\"wp-block-heading\">Dette kan du vinne i roulette<\/h3>\n\n\n\n<p>Spill p\u00e5 flere tall \u00f8ker alts\u00e5 vinnersjansen samtidig som man sitter igjen med mindre om man vinner. Spill p\u00e5 enkelttall gir en gevinst p\u00e5 35:1 pluss innsatsen. Eller 36 ganger det man spilte for. Spill p\u00e5 12 tall gir en utbetaling p\u00e5 2:1 pluss innsatsen. Satser du p\u00e5 halvparten av tallene blir utbetalingen din p\u00e5 1:1 pluss innsatsen. Andre kombinasjoner gir utbetalinger i omr\u00e5det 17:1 og 5:1 pluss innsatsen. Hvor stor den faktiske utbetalingen blir kommer dermed an p\u00e5 hva du spiller for i kroner<\/p>\n","protected":false},"excerpt":{"rendered":"<p>Roulette online &#8211; Test ut spenningen med roulette hos nettcasinoe Hos nettcasinoene er det spilleautomater som er mest popul\u00e6rt blant spillerne. Blant de som ikke bruker tiden p\u00e5 slots er <a href=\"https:\/\/gamblingsam.com\/no\/roulette\/\">&#8230;.<\/a><\/p>\n","protected":false},"author":1,"featured_media":0,"parent":0,"menu_order":0,"comment_status":"closed","ping_status":"closed","template":"","meta":{"footnotes":""},"class_list":["post-22","page","type-page","status-publish","hentry"],"yoast_head":"<!-- This site is optimized with the Yoast SEO plugin v27.5 - https:\/\/yoast.com\/product\/yoast-seo-wordpress\/ -->\n<title>Roulette online - Test ut spenningen med roulette hos nettcasinoe<\/title>\n<meta name=\"description\" content=\"Det klassiske bordspillet roulette byr p\u00e5 spenning. Her kan du lese mer om roulette, hvilke vinnersannsynligheter som finnes, strategier og gevinstutbetalinger.\" \/>\n<meta name=\"robots\" content=\"index, follow, max-snippet:-1, max-image-preview:large, max-video-preview:-1\" \/>\n<link rel=\"canonical\" href=\"https:\/\/gamblingsam.com\/no\/roulette\/\" \/>\n<meta property=\"og:locale\" content=\"nb_NO\" \/>\n<meta property=\"og:type\" content=\"article\" \/>\n<meta property=\"og:title\" content=\"Roulette online - Test ut spenningen med roulette hos nettcasinoe\" \/>\n<meta property=\"og:description\" content=\"Det klassiske bordspillet roulette byr p\u00e5 spenning. Her kan du lese mer om roulette, hvilke vinnersannsynligheter som finnes, strategier og gevinstutbetalinger.\" \/>\n<meta property=\"og:url\" content=\"https:\/\/gamblingsam.com\/no\/roulette\/\" \/>\n<meta property=\"og:site_name\" content=\"GamblingSam.com\" \/>\n<meta property=\"article:modified_time\" content=\"2023-09-19T14:07:03+00:00\" \/>\n<meta property=\"og:image\" content=\"https:\/\/gamblingsam.com\/no\/wp-content\/media\/sites\/3\/2020\/01\/iStock-1082856110-2-1024x326.png\" \/>\n<meta name=\"twitter:card\" content=\"summary_large_image\" \/>\n<meta name=\"twitter:label1\" content=\"Ansl. lesetid\" \/>\n\t<meta name=\"twitter:data1\" content=\"4 minutter\" \/>\n<script type=\"application\/ld+json\" class=\"yoast-schema-graph\">{\"@context\":\"https:\\\/\\\/schema.org\",\"@graph\":[{\"@type\":\"WebPage\",\"@id\":\"https:\\\/\\\/gamblingsam.com\\\/no\\\/roulette\\\/\",\"url\":\"https:\\\/\\\/gamblingsam.com\\\/no\\\/roulette\\\/\",\"name\":\"Roulette online - Test ut spenningen med roulette hos nettcasinoe\",\"isPartOf\":{\"@id\":\"https:\\\/\\\/gamblingsam.com\\\/no\\\/#website\"},\"primaryImageOfPage\":{\"@id\":\"https:\\\/\\\/gamblingsam.com\\\/no\\\/roulette\\\/#primaryimage\"},\"image\":{\"@id\":\"https:\\\/\\\/gamblingsam.com\\\/no\\\/roulette\\\/#primaryimage\"},\"thumbnailUrl\":\"https:\\\/\\\/gamblingsam.com\\\/no\\\/wp-content\\\/media\\\/sites\\\/3\\\/2020\\\/01\\\/iStock-1082856110-2-1024x326.png\",\"datePublished\":\"2019-11-11T13:57:47+00:00\",\"dateModified\":\"2023-09-19T14:07:03+00:00\",\"description\":\"Det klassiske bordspillet roulette byr p\u00e5 spenning. Her kan du lese mer om roulette, hvilke vinnersannsynligheter som finnes, strategier og gevinstutbetalinger.\",\"breadcrumb\":{\"@id\":\"https:\\\/\\\/gamblingsam.com\\\/no\\\/roulette\\\/#breadcrumb\"},\"inLanguage\":\"nb-NO\",\"potentialAction\":[{\"@type\":\"ReadAction\",\"target\":[\"https:\\\/\\\/gamblingsam.com\\\/no\\\/roulette\\\/\"]}]},{\"@type\":\"ImageObject\",\"inLanguage\":\"nb-NO\",\"@id\":\"https:\\\/\\\/gamblingsam.com\\\/no\\\/roulette\\\/#primaryimage\",\"url\":\"https:\\\/\\\/gamblingsam.com\\\/no\\\/wp-content\\\/media\\\/sites\\\/3\\\/2020\\\/01\\\/iStock-1082856110-2.png\",\"contentUrl\":\"https:\\\/\\\/gamblingsam.com\\\/no\\\/wp-content\\\/media\\\/sites\\\/3\\\/2020\\\/01\\\/iStock-1082856110-2.png\",\"width\":1336,\"height\":425},{\"@type\":\"BreadcrumbList\",\"@id\":\"https:\\\/\\\/gamblingsam.com\\\/no\\\/roulette\\\/#breadcrumb\",\"itemListElement\":[{\"@type\":\"ListItem\",\"position\":1,\"name\":\"Home\",\"item\":\"https:\\\/\\\/gamblingsam.com\\\/no\\\/\"},{\"@type\":\"ListItem\",\"position\":2,\"name\":\"Roulette\"}]},{\"@type\":\"WebSite\",\"@id\":\"https:\\\/\\\/gamblingsam.com\\\/no\\\/#website\",\"url\":\"https:\\\/\\\/gamblingsam.com\\\/no\\\/\",\"name\":\"GamblingSam.com\",\"description\":\"\",\"potentialAction\":[{\"@type\":\"SearchAction\",\"target\":{\"@type\":\"EntryPoint\",\"urlTemplate\":\"https:\\\/\\\/gamblingsam.com\\\/no\\\/?s={search_term_string}\"},\"query-input\":{\"@type\":\"PropertyValueSpecification\",\"valueRequired\":true,\"valueName\":\"search_term_string\"}}],\"inLanguage\":\"nb-NO\"}]}<\/script>\n<!-- \/ Yoast SEO plugin. -->","yoast_head_json":{"title":"Roulette online - Test ut spenningen med roulette hos nettcasinoe","description":"Det klassiske bordspillet roulette byr p\u00e5 spenning. Her kan du lese mer om roulette, hvilke vinnersannsynligheter som finnes, strategier og gevinstutbetalinger.","robots":{"index":"index","follow":"follow","max-snippet":"max-snippet:-1","max-image-preview":"max-image-preview:large","max-video-preview":"max-video-preview:-1"},"canonical":"https:\/\/gamblingsam.com\/no\/roulette\/","og_locale":"nb_NO","og_type":"article","og_title":"Roulette online - Test ut spenningen med roulette hos nettcasinoe","og_description":"Det klassiske bordspillet roulette byr p\u00e5 spenning. Her kan du lese mer om roulette, hvilke vinnersannsynligheter som finnes, strategier og gevinstutbetalinger.","og_url":"https:\/\/gamblingsam.com\/no\/roulette\/","og_site_name":"GamblingSam.com","article_modified_time":"2023-09-19T14:07:03+00:00","og_image":[{"url":"https:\/\/gamblingsam.com\/no\/wp-content\/media\/sites\/3\/2020\/01\/iStock-1082856110-2-1024x326.png","type":"","width":"","height":""}],"twitter_card":"summary_large_image","twitter_misc":{"Ansl. lesetid":"4 minutter"},"schema":{"@context":"https:\/\/schema.org","@graph":[{"@type":"WebPage","@id":"https:\/\/gamblingsam.com\/no\/roulette\/","url":"https:\/\/gamblingsam.com\/no\/roulette\/","name":"Roulette online - Test ut spenningen med roulette hos nettcasinoe","isPartOf":{"@id":"https:\/\/gamblingsam.com\/no\/#website"},"primaryImageOfPage":{"@id":"https:\/\/gamblingsam.com\/no\/roulette\/#primaryimage"},"image":{"@id":"https:\/\/gamblingsam.com\/no\/roulette\/#primaryimage"},"thumbnailUrl":"https:\/\/gamblingsam.com\/no\/wp-content\/media\/sites\/3\/2020\/01\/iStock-1082856110-2-1024x326.png","datePublished":"2019-11-11T13:57:47+00:00","dateModified":"2023-09-19T14:07:03+00:00","description":"Det klassiske bordspillet roulette byr p\u00e5 spenning. Her kan du lese mer om roulette, hvilke vinnersannsynligheter som finnes, strategier og gevinstutbetalinger.","breadcrumb":{"@id":"https:\/\/gamblingsam.com\/no\/roulette\/#breadcrumb"},"inLanguage":"nb-NO","potentialAction":[{"@type":"ReadAction","target":["https:\/\/gamblingsam.com\/no\/roulette\/"]}]},{"@type":"ImageObject","inLanguage":"nb-NO","@id":"https:\/\/gamblingsam.com\/no\/roulette\/#primaryimage","url":"https:\/\/gamblingsam.com\/no\/wp-content\/media\/sites\/3\/2020\/01\/iStock-1082856110-2.png","contentUrl":"https:\/\/gamblingsam.com\/no\/wp-content\/media\/sites\/3\/2020\/01\/iStock-1082856110-2.png","width":1336,"height":425},{"@type":"BreadcrumbList","@id":"https:\/\/gamblingsam.com\/no\/roulette\/#breadcrumb","itemListElement":[{"@type":"ListItem","position":1,"name":"Home","item":"https:\/\/gamblingsam.com\/no\/"},{"@type":"ListItem","position":2,"name":"Roulette"}]},{"@type":"WebSite","@id":"https:\/\/gamblingsam.com\/no\/#website","url":"https:\/\/gamblingsam.com\/no\/","name":"GamblingSam.com","description":"","potentialAction":[{"@type":"SearchAction","target":{"@type":"EntryPoint","urlTemplate":"https:\/\/gamblingsam.com\/no\/?s={search_term_string}"},"query-input":{"@type":"PropertyValueSpecification","valueRequired":true,"valueName":"search_term_string"}}],"inLanguage":"nb-NO"}]}},"_links":{"self":[{"href":"https:\/\/gamblingsam.com\/no\/wp-json\/wp\/v2\/pages\/22","targetHints":{"allow":["GET"]}}],"collection":[{"href":"https:\/\/gamblingsam.com\/no\/wp-json\/wp\/v2\/pages"}],"about":[{"href":"https:\/\/gamblingsam.com\/no\/wp-json\/wp\/v2\/types\/page"}],"author":[{"embeddable":true,"href":"https:\/\/gamblingsam.com\/no\/wp-json\/wp\/v2\/users\/1"}],"replies":[{"embeddable":true,"href":"https:\/\/gamblingsam.com\/no\/wp-json\/wp\/v2\/comments?post=22"}],"version-history":[{"count":5,"href":"https:\/\/gamblingsam.com\/no\/wp-json\/wp\/v2\/pages\/22\/revisions"}],"predecessor-version":[{"id":299,"href":"https:\/\/gamblingsam.com\/no\/wp-json\/wp\/v2\/pages\/22\/revisions\/299"}],"wp:attachment":[{"href":"https:\/\/gamblingsam.com\/no\/wp-json\/wp\/v2\/media?parent=22"}],"curies":[{"name":"wp","href":"https:\/\/api.w.org\/{rel}","templated":true}]}}