{"id":25,"date":"2019-11-11T14:33:56","date_gmt":"2019-11-11T14:33:56","guid":{"rendered":"https:\/\/gamblingsam.com\/no\/?page_id=25"},"modified":"2023-09-19T14:06:11","modified_gmt":"2023-09-19T14:06:11","slug":"free-spins","status":"publish","type":"page","link":"https:\/\/gamblingsam.com\/no\/free-spins\/","title":{"rendered":"Free spins"},"content":{"rendered":"\n<h1 class=\"wp-block-heading\">Free spins &#8211; Hent free spins hos et nettcasino<\/h1>\n\n\n\n<p>Casinospillere vet \u00e5 sette pris p\u00e5 spilleautomater og <a href=\"https:\/\/gamblingsam.com\/no\/\">casinobonuser<\/a>. Like stor pris setter de ogs\u00e5 p\u00e5 free spins som de kan spinne i vei med p\u00e5 spilleautomatene i jakten p\u00e5 sm\u00e5 og store gevinster. Free spins kalles ogs\u00e5 for frispinn, gratisspinn eller bare spinn. Dette kan man som spiller sikre seg gjennom tilbud og kampanjer, men man kan ogs\u00e5 f\u00e5 det n\u00e5r man spiller p\u00e5 automater.<\/p>\n\n\n\n  <div class=\"top-sites-wrap\">\n\t\t<div class=\"top-sites-row top-sites-heading\"><div class=\"casinocol \">\tCasino<\/div><div class=\"featcol\">Fordeler<\/div><div  class=\"depcol\">Bonus<\/div><div  class=\"ratecol\">Omtale<\/div><div class=\"visitcol \">Spill<\/div>\n       <\/div>\n\n<div class=\"top-sites-row top-sites-body row-1 \">\n         <div  class=\"casinocol\"><span class=\"rankcir\">1<\/span>\n\t\t <a target=\"_blank\" href=\"https:\/\/gamblingsam.com\/no\/go\/casumo\">\n\t\t  <img loading=\"lazy\" decoding=\"async\" width=\"175\" height=\"105\" src=\"https:\/\/gamblingsam.com\/no\/wp-content\/media\/sites\/3\/2020\/04\/casumo.png\" class=\"logocomp wp-post-image\" alt=\"\" \/>\n\t\t\t<\/a>\n\t\t<\/div><div class=\"featcol\"><ul><li>God bonus <\/li><li> Casino eventyr <\/li><li> Mange casinospill<\/li><\/ul>\t<\/div><div class=\"depcol\"><span class=\"hilite\">\u20ac2000<\/span><\/div><div  class=\"ratecol\"><span class=\"rate cen\"> <span class=\"ratetotal\" style=\"width: 98%\"><\/span><\/span><a href=\"https:\/\/gamblingsam.com\/no\/anmeldelse\/casumo\/\" class=\"revlink\">Recension<\/a> <\/div><div class=\"visitcol\"><a target=\"_blank\" href=\"https:\/\/gamblingsam.com\/no\/go\/casumo\" class=\"visbutton\">Spill<\/a><\/div>\n <\/div>\n<div class=\"termsrow\">\n<small>* 18+ | Spela ansvarsfullt | <a href=\"http:\/\/www.stodlinjen.se\" target=\"_blank\" rel=\"nofollow noopener\">St\u00f6dlinjen.se<\/a> | <a href=\"https:\/\/www.spelpaus.se\" target=\"_blank\" rel=\"nofollow noopener\">Spelpaus.se.se<\/a> | <a href=\"\" target=\"_blank\" rel=\"nofollow noopener\">Regler &amp; villkor g\u00e4ller<\/a><\/small><\/div>\n<div class=\"top-sites-row top-sites-body row-2 \">\n         <div  class=\"casinocol\"><span class=\"rankcir\">2<\/span>\n\t\t <a target=\"_blank\" href=\"https:\/\/gamblingsam.com\/no\/go\/mrgreen\">\n\t\t  <img loading=\"lazy\" decoding=\"async\" width=\"300\" height=\"86\" src=\"https:\/\/gamblingsam.com\/no\/wp-content\/media\/sites\/3\/2019\/11\/mr-green-300x86.png\" class=\"logocomp wp-post-image\" alt=\"\" srcset=\"https:\/\/gamblingsam.com\/no\/wp-content\/media\/sites\/3\/2019\/11\/mr-green-300x86.png 300w, https:\/\/gamblingsam.com\/no\/wp-content\/media\/sites\/3\/2019\/11\/mr-green.png 700w\" sizes=\"auto, (max-width: 300px) 100vw, 300px\" \/>\n\t\t\t<\/a>\n\t\t<\/div><div class=\"featcol\"><ul><li>Mange free spins <\/li><li> Godt spillutvalg <\/li><li> Norskspr\u00e5klig kundeservice<\/li><\/ul>\t<\/div><div class=\"depcol\"><span class=\"hilite\">2000 KR<\/span><\/div><div  class=\"ratecol\"><span class=\"rate cen\"> <span class=\"ratetotal\" style=\"width: 96%\"><\/span><\/span><a href=\"https:\/\/gamblingsam.com\/no\/anmeldelse\/mr-green\/\" class=\"revlink\">Recension<\/a> <\/div><div class=\"visitcol\"><a target=\"_blank\" href=\"https:\/\/gamblingsam.com\/no\/go\/mrgreen\" class=\"visbutton\">Spill<\/a><\/div>\n <\/div>\n<div class=\"termsrow\">\n<small>* 18+ | Spela ansvarsfullt | <a href=\"http:\/\/www.stodlinjen.se\" target=\"_blank\" rel=\"nofollow noopener\">St\u00f6dlinjen.se<\/a> | <a href=\"https:\/\/www.spelpaus.se\" target=\"_blank\" rel=\"nofollow noopener\">Spelpaus.se.se<\/a> | <a href=\"\" target=\"_blank\" rel=\"nofollow noopener\">Regler &amp; villkor g\u00e4ller<\/a><\/small><\/div><\/div>\n\n\n\n<h2 class=\"wp-block-heading\">Dette er free spins<\/h2>\n\n\n\n<p>Den som aldri har bes\u00f8kt et nettcasino vet kanskje ikke hva free spins er, men ingen casinospiller kan ha unng\u00e5tt \u00e5 forst\u00e5 hva dette er for noe. Gratisspinn er ganske enkelt gratisrunder eller gratissnurr som man f\u00e5r p\u00e5 en konkret eller valgfri <a href=\"https:\/\/gamblingsam.com\/no\/slots\">spilleautomat<\/a> eller p\u00e5 et annet casinospill. Sv\u00e6rt ofte deles free spins ut p\u00e5 en konkret automat, men ikke alltid. Uansett er det fine med dem at dette gir ekstra vinnersjanser p\u00e5 casinoets regning.<\/p>\n\n\n\n<h3 class=\"wp-block-heading\">Free spins deles ut til nye spillere<\/h3>\n\n\n\n<p>P\u00e5 grunn av den harde konkurransesituasjonen i casinobransjen benyttes free spins som et virkemiddel for \u00e5 lokke til seg nye spillere. For casinospillerne kan det bety fripinn ved registrering, i forbindelse med det f\u00f8rste innskuddet eller som en del av st\u00f8rre velkomstpakke koblet til flere av de f\u00f8rste pengeinnskuddene man gj\u00f8r hos nettcasinoet.<\/p>\n\n\n\n<h3 class=\"wp-block-heading\">Gratisspinn f\u00f8r det f\u00f8rste pengeinnskuddet<\/h3>\n\n\n\n<p>Den t\u00f8ffe konkurransen mellom nettcasinoene gj\u00f8r at noen av dem pr\u00f8ver \u00e5 ligge foran konkurrentene ved \u00e5 tilby gratisspinn f\u00f8r man i det hele tatt har satt inn penger hos dem. I slike tilfeller tildeles man noen f\u00e5 free spins som bel\u00f8nning for at man har registrert seg og \u00e5pnet konto. Dette kan dreie seg om 4-10 frispinn. Slik frispinn f\u00f8r innskudd gir ogs\u00e5 en flott sjanse til \u00e5 bli bedre kjent i casinoet uten at man tar noen form for personlig risiko, siden man ikke bruker egne penger til dette.<\/p>\n\n\n\n<h3 class=\"wp-block-heading\">Gratisspinn til nye spillere gjennom ett eller flere pengeinnskudd<\/h3>\n\n\n\n<p>Frister det med mer etter disse gratisspinnene uten innskudd setter man bare inn egne penger p\u00e5 spillkontoen. Da vanker det garantert enten en casinobonus eller flere free spins. Deles det ut frisspinn i forbindelse med det f\u00f8rste innskuddet kan dette v\u00e6re alt fra 10 til flere hundre. Deles det ikke ut en casinobonus samtidig er sjansen desto st\u00f8rre for at det blir mange gratisspinn. Ofte kombinerer nettcasinoene free spins og casinobonuser i velkomsttilbudene sine. Enkelte av dem har store velkomstpakker som gjelder for inntil det femte innskuddet. N\u00e5r gratisspinn kombineres med bonuser kan det v\u00e6re alt fra 10 til 75 stykker per innskudd. Disse utdeles enten med en gang eller de porsjoneres ut over et visst antall dager med like mange hver dag.<\/p>\n\n\n\n<h3 class=\"wp-block-heading\">Kampanjer og turneringer kan by p\u00e5 free spins<\/h3>\n\n\n\n<p>Spinnfesten er ikke over selv om velkomstspinnene har sluttet \u00e5 snurre. <a href=\"https:\/\/gamblingsam.com\/no\/\">Nettcasinoene<\/a> gir etablerte spillere muligheter til \u00e5 sikre seg flere gratisspinn gjennom kampanjer, turneringer og konkurranser. Slike tilbud har casinoene p\u00e5 mer eller mindre jevnlig basis. Det er en smart m\u00e5te \u00e5 holde spillerne<\/p>\n\n\n\n<p>aktive p\u00e5. For spillerne kan det bety godt med frispinn om man er aktiv eller dyktig. Konkurranser kan gi premier med flere hundre free spins. Enkelte konkurranser er s\u00e5 spenstige at man bel\u00f8nnes med mange gratisspinn hver eneste uke gjennom et helt \u00e5r. Andre varianter er at pengeinnskudd p\u00e5 minst 500 kroner i en kalenderm\u00e5ned gir 75 gratisspinn p\u00e5 kontoen den f\u00f8rste dagen i den neste m\u00e5neden.<\/p>\n\n\n\n<p>Registrerte spillere som har tatt det rolig i en periode kan plutselig f\u00e5 et personlig tilbud p\u00e5 sms eller e-post om at de har frispinn som venter p\u00e5 dem. Dette kan v\u00e6re uten innskudd, men som oftest er det koblet til at de foretar et pengeinnskudd p\u00e5 et minstebel\u00f8p i l\u00f8pet av dagen eller uken. P\u00e5 dette viset f\u00e5r nettcasinoene reaktivert spillerne igjen.<\/p>\n\n\n\n<h3 class=\"wp-block-heading\">Free spins gjennom kundeprogrammer<\/h3>\n\n\n\n<p>For \u00e5 opparbeide lojalitet hos spillerne er det mange casinoer som har kundeprogrammer. Slike VIP-programmer kan by p\u00e5 frispinn. Enten n\u00e5r man har f\u00f8dselsdag eller ved endring av status i programmet. Hos enkelte nettcasinoer opptjener man poeng p\u00e5 aktiviteten, poeng som ofte kan veksles inn i gratisspinn.<\/p>\n\n\n<div class=\"wp-block-image\">\n<figure class=\"aligncenter size-large\"><img loading=\"lazy\" decoding=\"async\" width=\"1024\" height=\"523\" src=\"https:\/\/gamblingsam.com\/no\/wp-content\/media\/sites\/3\/2020\/01\/iStock-499754159-1-1024x523.png\" alt=\"Free spins - Hent free spins hos et nettcasino med GamblingSam\" class=\"wp-image-150\" srcset=\"https:\/\/gamblingsam.com\/no\/wp-content\/media\/sites\/3\/2020\/01\/iStock-499754159-1-1024x523.png 1024w, https:\/\/gamblingsam.com\/no\/wp-content\/media\/sites\/3\/2020\/01\/iStock-499754159-1-300x153.png 300w, https:\/\/gamblingsam.com\/no\/wp-content\/media\/sites\/3\/2020\/01\/iStock-499754159-1-768x392.png 768w, https:\/\/gamblingsam.com\/no\/wp-content\/media\/sites\/3\/2020\/01\/iStock-499754159-1.png 1320w\" sizes=\"auto, (max-width: 1024px) 100vw, 1024px\" \/><\/figure><\/div>\n\n\n<h3 class=\"wp-block-heading\">Free spins fra spilling p\u00e5 spilleautomater<\/h3>\n\n\n\n<p>Til slutt m\u00e5 det ogs\u00e5 nevnes at man kan sikre seg gratisspinn uten at nettcasinoene kan p\u00e5virke dette. Det skjer n\u00e5r man spiller p\u00e5 spilleautomater. Ganske mange av disse har re-spinn og frispinnrunder og utl\u00f8ser man disse betyr det nye gratismuligheter for \u00e5 vinne gevinster.<\/p>\n","protected":false},"excerpt":{"rendered":"<p>Free spins &#8211; Hent free spins hos et nettcasino Casinospillere vet \u00e5 sette pris p\u00e5 spilleautomater og casinobonuser. Like stor pris setter de ogs\u00e5 p\u00e5 free spins som de kan <a href=\"https:\/\/gamblingsam.com\/no\/free-spins\/\">&#8230;.<\/a><\/p>\n","protected":false},"author":1,"featured_media":0,"parent":0,"menu_order":0,"comment_status":"closed","ping_status":"closed","template":"","meta":{"footnotes":""},"class_list":["post-25","page","type-page","status-publish","hentry"],"yoast_head":"<!-- This site is optimized with the Yoast SEO plugin v27.5 - https:\/\/yoast.com\/product\/yoast-seo-wordpress\/ -->\n<title>Free spins - Hent free spins hos et nettcasino med GamblingSam<\/title>\n<meta name=\"description\" content=\"Hos nettcasinoene kan du sikre deg mange free spins. Les mer om hvordan du som spiller kan f\u00e5 gratisspinn p\u00e5 mange m\u00e5ter b\u00e5de som ny og etablert spiller.\" \/>\n<meta name=\"robots\" content=\"index, follow, max-snippet:-1, max-image-preview:large, max-video-preview:-1\" \/>\n<link rel=\"canonical\" href=\"https:\/\/gamblingsam.com\/no\/free-spins\/\" \/>\n<meta property=\"og:locale\" content=\"nb_NO\" \/>\n<meta property=\"og:type\" content=\"article\" \/>\n<meta property=\"og:title\" content=\"Free spins - Hent free spins hos et nettcasino med GamblingSam\" \/>\n<meta property=\"og:description\" content=\"Hos nettcasinoene kan du sikre deg mange free spins. Les mer om hvordan du som spiller kan f\u00e5 gratisspinn p\u00e5 mange m\u00e5ter b\u00e5de som ny og etablert spiller.\" \/>\n<meta property=\"og:url\" content=\"https:\/\/gamblingsam.com\/no\/free-spins\/\" \/>\n<meta property=\"og:site_name\" content=\"GamblingSam.com\" \/>\n<meta property=\"article:modified_time\" content=\"2023-09-19T14:06:11+00:00\" \/>\n<meta property=\"og:image\" content=\"https:\/\/gamblingsam.com\/no\/wp-content\/media\/sites\/3\/2020\/01\/iStock-499754159-1-1024x523.png\" \/>\n<meta name=\"twitter:card\" content=\"summary_large_image\" \/>\n<meta name=\"twitter:label1\" content=\"Ansl. lesetid\" \/>\n\t<meta name=\"twitter:data1\" content=\"5 minutter\" \/>\n<script type=\"application\/ld+json\" class=\"yoast-schema-graph\">{\"@context\":\"https:\\\/\\\/schema.org\",\"@graph\":[{\"@type\":\"WebPage\",\"@id\":\"https:\\\/\\\/gamblingsam.com\\\/no\\\/free-spins\\\/\",\"url\":\"https:\\\/\\\/gamblingsam.com\\\/no\\\/free-spins\\\/\",\"name\":\"Free spins - Hent free spins hos et nettcasino med GamblingSam\",\"isPartOf\":{\"@id\":\"https:\\\/\\\/gamblingsam.com\\\/no\\\/#website\"},\"primaryImageOfPage\":{\"@id\":\"https:\\\/\\\/gamblingsam.com\\\/no\\\/free-spins\\\/#primaryimage\"},\"image\":{\"@id\":\"https:\\\/\\\/gamblingsam.com\\\/no\\\/free-spins\\\/#primaryimage\"},\"thumbnailUrl\":\"https:\\\/\\\/gamblingsam.com\\\/no\\\/wp-content\\\/media\\\/sites\\\/3\\\/2020\\\/01\\\/iStock-499754159-1-1024x523.png\",\"datePublished\":\"2019-11-11T14:33:56+00:00\",\"dateModified\":\"2023-09-19T14:06:11+00:00\",\"description\":\"Hos nettcasinoene kan du sikre deg mange free spins. Les mer om hvordan du som spiller kan f\u00e5 gratisspinn p\u00e5 mange m\u00e5ter b\u00e5de som ny og etablert spiller.\",\"breadcrumb\":{\"@id\":\"https:\\\/\\\/gamblingsam.com\\\/no\\\/free-spins\\\/#breadcrumb\"},\"inLanguage\":\"nb-NO\",\"potentialAction\":[{\"@type\":\"ReadAction\",\"target\":[\"https:\\\/\\\/gamblingsam.com\\\/no\\\/free-spins\\\/\"]}]},{\"@type\":\"ImageObject\",\"inLanguage\":\"nb-NO\",\"@id\":\"https:\\\/\\\/gamblingsam.com\\\/no\\\/free-spins\\\/#primaryimage\",\"url\":\"https:\\\/\\\/gamblingsam.com\\\/no\\\/wp-content\\\/media\\\/sites\\\/3\\\/2020\\\/01\\\/iStock-499754159-1.png\",\"contentUrl\":\"https:\\\/\\\/gamblingsam.com\\\/no\\\/wp-content\\\/media\\\/sites\\\/3\\\/2020\\\/01\\\/iStock-499754159-1.png\",\"width\":1320,\"height\":674},{\"@type\":\"BreadcrumbList\",\"@id\":\"https:\\\/\\\/gamblingsam.com\\\/no\\\/free-spins\\\/#breadcrumb\",\"itemListElement\":[{\"@type\":\"ListItem\",\"position\":1,\"name\":\"Home\",\"item\":\"https:\\\/\\\/gamblingsam.com\\\/no\\\/\"},{\"@type\":\"ListItem\",\"position\":2,\"name\":\"Free spins\"}]},{\"@type\":\"WebSite\",\"@id\":\"https:\\\/\\\/gamblingsam.com\\\/no\\\/#website\",\"url\":\"https:\\\/\\\/gamblingsam.com\\\/no\\\/\",\"name\":\"GamblingSam.com\",\"description\":\"\",\"potentialAction\":[{\"@type\":\"SearchAction\",\"target\":{\"@type\":\"EntryPoint\",\"urlTemplate\":\"https:\\\/\\\/gamblingsam.com\\\/no\\\/?s={search_term_string}\"},\"query-input\":{\"@type\":\"PropertyValueSpecification\",\"valueRequired\":true,\"valueName\":\"search_term_string\"}}],\"inLanguage\":\"nb-NO\"}]}<\/script>\n<!-- \/ Yoast SEO plugin. -->","yoast_head_json":{"title":"Free spins - Hent free spins hos et nettcasino med GamblingSam","description":"Hos nettcasinoene kan du sikre deg mange free spins. Les mer om hvordan du som spiller kan f\u00e5 gratisspinn p\u00e5 mange m\u00e5ter b\u00e5de som ny og etablert spiller.","robots":{"index":"index","follow":"follow","max-snippet":"max-snippet:-1","max-image-preview":"max-image-preview:large","max-video-preview":"max-video-preview:-1"},"canonical":"https:\/\/gamblingsam.com\/no\/free-spins\/","og_locale":"nb_NO","og_type":"article","og_title":"Free spins - Hent free spins hos et nettcasino med GamblingSam","og_description":"Hos nettcasinoene kan du sikre deg mange free spins. Les mer om hvordan du som spiller kan f\u00e5 gratisspinn p\u00e5 mange m\u00e5ter b\u00e5de som ny og etablert spiller.","og_url":"https:\/\/gamblingsam.com\/no\/free-spins\/","og_site_name":"GamblingSam.com","article_modified_time":"2023-09-19T14:06:11+00:00","og_image":[{"url":"https:\/\/gamblingsam.com\/no\/wp-content\/media\/sites\/3\/2020\/01\/iStock-499754159-1-1024x523.png","type":"","width":"","height":""}],"twitter_card":"summary_large_image","twitter_misc":{"Ansl. lesetid":"5 minutter"},"schema":{"@context":"https:\/\/schema.org","@graph":[{"@type":"WebPage","@id":"https:\/\/gamblingsam.com\/no\/free-spins\/","url":"https:\/\/gamblingsam.com\/no\/free-spins\/","name":"Free spins - Hent free spins hos et nettcasino med GamblingSam","isPartOf":{"@id":"https:\/\/gamblingsam.com\/no\/#website"},"primaryImageOfPage":{"@id":"https:\/\/gamblingsam.com\/no\/free-spins\/#primaryimage"},"image":{"@id":"https:\/\/gamblingsam.com\/no\/free-spins\/#primaryimage"},"thumbnailUrl":"https:\/\/gamblingsam.com\/no\/wp-content\/media\/sites\/3\/2020\/01\/iStock-499754159-1-1024x523.png","datePublished":"2019-11-11T14:33:56+00:00","dateModified":"2023-09-19T14:06:11+00:00","description":"Hos nettcasinoene kan du sikre deg mange free spins. Les mer om hvordan du som spiller kan f\u00e5 gratisspinn p\u00e5 mange m\u00e5ter b\u00e5de som ny og etablert spiller.","breadcrumb":{"@id":"https:\/\/gamblingsam.com\/no\/free-spins\/#breadcrumb"},"inLanguage":"nb-NO","potentialAction":[{"@type":"ReadAction","target":["https:\/\/gamblingsam.com\/no\/free-spins\/"]}]},{"@type":"ImageObject","inLanguage":"nb-NO","@id":"https:\/\/gamblingsam.com\/no\/free-spins\/#primaryimage","url":"https:\/\/gamblingsam.com\/no\/wp-content\/media\/sites\/3\/2020\/01\/iStock-499754159-1.png","contentUrl":"https:\/\/gamblingsam.com\/no\/wp-content\/media\/sites\/3\/2020\/01\/iStock-499754159-1.png","width":1320,"height":674},{"@type":"BreadcrumbList","@id":"https:\/\/gamblingsam.com\/no\/free-spins\/#breadcrumb","itemListElement":[{"@type":"ListItem","position":1,"name":"Home","item":"https:\/\/gamblingsam.com\/no\/"},{"@type":"ListItem","position":2,"name":"Free spins"}]},{"@type":"WebSite","@id":"https:\/\/gamblingsam.com\/no\/#website","url":"https:\/\/gamblingsam.com\/no\/","name":"GamblingSam.com","description":"","potentialAction":[{"@type":"SearchAction","target":{"@type":"EntryPoint","urlTemplate":"https:\/\/gamblingsam.com\/no\/?s={search_term_string}"},"query-input":{"@type":"PropertyValueSpecification","valueRequired":true,"valueName":"search_term_string"}}],"inLanguage":"nb-NO"}]}},"_links":{"self":[{"href":"https:\/\/gamblingsam.com\/no\/wp-json\/wp\/v2\/pages\/25","targetHints":{"allow":["GET"]}}],"collection":[{"href":"https:\/\/gamblingsam.com\/no\/wp-json\/wp\/v2\/pages"}],"about":[{"href":"https:\/\/gamblingsam.com\/no\/wp-json\/wp\/v2\/types\/page"}],"author":[{"embeddable":true,"href":"https:\/\/gamblingsam.com\/no\/wp-json\/wp\/v2\/users\/1"}],"replies":[{"embeddable":true,"href":"https:\/\/gamblingsam.com\/no\/wp-json\/wp\/v2\/comments?post=25"}],"version-history":[{"count":5,"href":"https:\/\/gamblingsam.com\/no\/wp-json\/wp\/v2\/pages\/25\/revisions"}],"predecessor-version":[{"id":295,"href":"https:\/\/gamblingsam.com\/no\/wp-json\/wp\/v2\/pages\/25\/revisions\/295"}],"wp:attachment":[{"href":"https:\/\/gamblingsam.com\/no\/wp-json\/wp\/v2\/media?parent=25"}],"curies":[{"name":"wp","href":"https:\/\/api.w.org\/{rel}","templated":true}]}}