{"id":274,"date":"2020-05-23T06:48:07","date_gmt":"2020-05-23T06:48:07","guid":{"rendered":"https:\/\/gamblingsam.com\/no\/?page_id=274"},"modified":"2023-09-19T14:09:58","modified_gmt":"2023-09-19T14:09:58","slug":"betting-bonus","status":"publish","type":"page","link":"https:\/\/gamblingsam.com\/no\/betting-bonus\/","title":{"rendered":"Betting bonus"},"content":{"rendered":"\n<h1 class=\"wp-block-heading\">Odds bonus &#8211; Bettingbonuser \u00e4r vanlig hos Bettingsellskapene<\/h1>\n\n\n\n<p>N\u00e5r du spiller odds er det lite som sl\u00e5r det \u00e5 kunne spille gratis. Gratis i form av at du spiller p\u00e5 bookmakerens regning og\/eller risiko. Som oddsspiller vet du ogs\u00e5 at du kan f\u00e5 denne muligheten i mange sammenhenger. Konkurransen mellom spillselskapene er stor og det betyr at bettingbonuser brukes mye. Det er et effektivt og s\u00e6rdeles mye brukt virkemiddel overfor oddsspillerne. B\u00e5de for \u00e5 tiltrekke seg nye spillere, men i minst like stor grad for \u00e5 holde eksisterende spillere aktive og ikke minst forhindre at de melder overgang til en av konkurrentene.<\/p>\n\n\n\n  <div class=\"top-sites-wrap\">\n\t\t<div class=\"top-sites-row top-sites-heading\"><div class=\"casinocol \">\tCasino<\/div><div class=\"featcol\">Fordeler<\/div><div  class=\"depcol\">Bonus<\/div><div  class=\"ratecol\">Omtale<\/div><div class=\"visitcol \">Spill<\/div>\n       <\/div>\n\n<div class=\"top-sites-row top-sites-body row-1 \">\n         <div  class=\"casinocol\"><span class=\"rankcir\">1<\/span>\n\t\t <a target=\"_blank\" href=\"https:\/\/gamblingsam.com\/no\/go\/casumo\">\n\t\t  <img loading=\"lazy\" decoding=\"async\" width=\"175\" height=\"105\" src=\"https:\/\/gamblingsam.com\/no\/wp-content\/media\/sites\/3\/2020\/04\/casumo.png\" class=\"logocomp wp-post-image\" alt=\"\" \/>\n\t\t\t<\/a>\n\t\t<\/div><div class=\"featcol\"><ul><li>God bonus <\/li><li> Casino eventyr <\/li><li> Mange casinospill<\/li><\/ul>\t<\/div><div class=\"depcol\"><span class=\"hilite\">\u20ac2000<\/span><\/div><div  class=\"ratecol\"><span class=\"rate cen\"> <span class=\"ratetotal\" style=\"width: 98%\"><\/span><\/span><a href=\"https:\/\/gamblingsam.com\/no\/anmeldelse\/casumo\/\" class=\"revlink\">Recension<\/a> <\/div><div class=\"visitcol\"><a target=\"_blank\" href=\"https:\/\/gamblingsam.com\/no\/go\/casumo\" class=\"visbutton\">Spill<\/a><\/div>\n <\/div>\n<div class=\"termsrow\">\n<small>* 18+ | Spela ansvarsfullt | <a href=\"http:\/\/www.stodlinjen.se\" target=\"_blank\" rel=\"nofollow noopener\">St\u00f6dlinjen.se<\/a> | <a href=\"https:\/\/www.spelpaus.se\" target=\"_blank\" rel=\"nofollow noopener\">Spelpaus.se.se<\/a> | <a href=\"\" target=\"_blank\" rel=\"nofollow noopener\">Regler &amp; villkor g\u00e4ller<\/a><\/small><\/div>\n<div class=\"top-sites-row top-sites-body row-2 \">\n         <div  class=\"casinocol\"><span class=\"rankcir\">2<\/span>\n\t\t <a target=\"_blank\" href=\"https:\/\/gamblingsam.com\/no\/go\/mrgreen\">\n\t\t  <img loading=\"lazy\" decoding=\"async\" width=\"300\" height=\"86\" src=\"https:\/\/gamblingsam.com\/no\/wp-content\/media\/sites\/3\/2019\/11\/mr-green-300x86.png\" class=\"logocomp wp-post-image\" alt=\"\" srcset=\"https:\/\/gamblingsam.com\/no\/wp-content\/media\/sites\/3\/2019\/11\/mr-green-300x86.png 300w, https:\/\/gamblingsam.com\/no\/wp-content\/media\/sites\/3\/2019\/11\/mr-green.png 700w\" sizes=\"auto, (max-width: 300px) 100vw, 300px\" \/>\n\t\t\t<\/a>\n\t\t<\/div><div class=\"featcol\"><ul><li>Mange free spins <\/li><li> Godt spillutvalg <\/li><li> Norskspr\u00e5klig kundeservice<\/li><\/ul>\t<\/div><div class=\"depcol\"><span class=\"hilite\">2000 KR<\/span><\/div><div  class=\"ratecol\"><span class=\"rate cen\"> <span class=\"ratetotal\" style=\"width: 96%\"><\/span><\/span><a href=\"https:\/\/gamblingsam.com\/no\/anmeldelse\/mr-green\/\" class=\"revlink\">Recension<\/a> <\/div><div class=\"visitcol\"><a target=\"_blank\" href=\"https:\/\/gamblingsam.com\/no\/go\/mrgreen\" class=\"visbutton\">Spill<\/a><\/div>\n <\/div>\n<div class=\"termsrow\">\n<small>* 18+ | Spela ansvarsfullt | <a href=\"http:\/\/www.stodlinjen.se\" target=\"_blank\" rel=\"nofollow noopener\">St\u00f6dlinjen.se<\/a> | <a href=\"https:\/\/www.spelpaus.se\" target=\"_blank\" rel=\"nofollow noopener\">Spelpaus.se.se<\/a> | <a href=\"\" target=\"_blank\" rel=\"nofollow noopener\">Regler &amp; villkor g\u00e4ller<\/a><\/small><\/div><\/div>\n\n\n\n<h2 class=\"wp-block-heading\">Det utvidede bettingbonusbegrepet<\/h2>\n\n\n\n<p>Har du litt erfaring med <a href=\"https:\/\/gamblingsam.com\/no\">oddsspill<\/a> s\u00e5 vet du at denne konkurransesituasjonen kan du utnytte til din fordel. Det gir deg mange anledninger til \u00e5 kunne vinne med veddem\u00e5l p\u00e5 sport uten at du bruker egne penger til det. I og med at bettingbonuser brukes mye, kommer de ogs\u00e5 i forskjellige forkledninger. Du har sikkert h\u00f8rt navn som gratispenger, oddsbonus, gratisspill, cashback og risikofritt spill tidligere. Dette er forskjellige ting, men felles er at de alle er en form for bettingbonus.<\/p>\n\n\n\n<h3 class=\"wp-block-heading\">Gratispenger<\/h3>\n\n\n\n<p>Den enkleste og kanskje minst benyttede bettingbonusen er gratispenger. Den gis til nye spillere som en liten p\u00e5skj\u00f8nnelse for at du har registrert deg som spiller. Typisk er dette et lite bel\u00f8p mellom 10-50 kroner. Femtilappen er nok det vanligste. Disse pengene f\u00e5r du no-deposit, som betyr at du ikke m\u00e5 gj\u00f8re et pengeinnskudd selv for \u00e5 f\u00e5 dem. Med disse kan du spille litt odds og finne ut hvordan det er hos den aktuelle bookmakeren f\u00f8r du setter inn egne penger for mer oddsspill.<\/p>\n\n\n\n<h3 class=\"wp-block-heading\">Vinn med en sportsbonus<\/h3>\n\n\n\n<p>Nye spillere f\u00e5r ofte et velkomsttilbud fra spillselskapene som er koblet til det f\u00f8rste eller flere av de f\u00f8rste innskuddene. Dette er gjerne en matchende bonus p\u00e5 100% i forbindelse med det f\u00f8rste innskuddet, og gir en bettingbonus mellom 1000-5000 kroner. Disse kan v\u00e6re b\u00e5de st\u00f8rre og mindre. Er prosenten h\u00f8y er gjerne bonusbel\u00f8pet lavere. En popul\u00e6r klassiker er velkomstbonusen p\u00e5 500% opptil 500 kroner. Da gir en hundrelapp deg 600 kroner til oddsspill.<\/p>\n\n\n\n<p>Dette er den den reneste formen for bettingbonus du kan f\u00e5. Og bonuser koblet til innskudd kan ogs\u00e5 etablerte spillere f\u00e5 b\u00e5de i forbindelse med generelle kampanjer eller som personlige tilbud. Uansett n\u00e5r og hvordan er dynamikken den samme. Det gir bonuspenger som du kan bruke til oddsspill p\u00e5 den sporten du \u00f8nsker.<\/p>\n\n\n\n<h3 class=\"wp-block-heading\">Gratisspill til betting<\/h3>\n\n\n\n<p>Dette er ogs\u00e5 en bettingbonus som brukes mer og mer. B\u00e5de til nye spillere og som en del av kampanjer. Det er ikke en ren bonus i den forstand at du f\u00e5r penger p\u00e5 kontoen din, men du f\u00e5r et gratisspill til en viss verdi som du kan bruke p\u00e5 oddsspill. Disse er vanligvis verdt 50 til 200 kroner, og gratisspill til 100 kroner er mest vanlig. Dette kan tildeles for spill p\u00e5 en konkret sport, men i st\u00f8rre og st\u00f8rre grad st\u00e5r du fritt til \u00e5 bruke det p\u00e5 den sporten du selv \u00f8nsker \u00e5 spille odds p\u00e5. Den eneste forskjellen er at du m\u00e5 bruke spillet i sin helhet. Det kan ikke deles p\u00e5 for eksempel to spill. Det kan du gj\u00f8re med en sportsbonus til samme verdi.<\/p>\n\n\n\n<h3 class=\"wp-block-heading\">Risikofrie spill inneb\u00e6rer null risiko for deg om du taper<\/h3>\n\n\n\n<p>Etter hvert er det blitt vanlig \u00e5 tilby risikofrie spill for mellom 200-500 kroner i forbindelse med spesielle idrettsbegivenheter som en landskamp i fotball eller en finale i tennis. Noen ganger kan du ogs\u00e5 f\u00e5 disse til bruk p\u00e5 en hvilken som helst kamp i en fotballiga gjennom sesongen. Et risikofritt spill fungerer p\u00e5 det viset at du bruker dine egne penger til \u00e5 plassere spillet, men om det ender med tap f\u00e5r du innsatsen tilbake. Dermed l\u00f8per du ingen \u00f8konomisk risiko og spiller p\u00e5 bookmakerens risiko.<\/p>\n\n\n\n<h3 class=\"wp-block-heading\">Cashback<\/h3>\n\n\n\n<p>Den siste varianten av bettingbonuser er det som kalles for cashback. Som navnet beskriver er det penger du f\u00e5r tilbake. Har du tapt penger p\u00e5 spillingen over en periode er dette en fin <a href=\"https:\/\/gamblingsam.com\/no\/casino-bonus\">bonus<\/a>. Du f\u00e5r tilbake en andel av nettotapet ditt. Disse er gjerne p\u00e5 10% av nettotapet, og kan gi bonusbel\u00f8p p\u00e5 mellom 3000-5000 kroner. P\u00e5 dette viset f\u00e5r du tilbake litt av det tapte, og kan eventuelt bruke denne bonusen til \u00e5 vinne tilbake tapet.<\/p>\n","protected":false},"excerpt":{"rendered":"<p>Odds bonus &#8211; Bettingbonuser \u00e4r vanlig hos Bettingsellskapene N\u00e5r du spiller odds er det lite som sl\u00e5r det \u00e5 kunne spille gratis. Gratis i form av at du spiller p\u00e5 <a href=\"https:\/\/gamblingsam.com\/no\/betting-bonus\/\">&#8230;.<\/a><\/p>\n","protected":false},"author":1,"featured_media":0,"parent":0,"menu_order":0,"comment_status":"closed","ping_status":"closed","template":"","meta":{"footnotes":""},"class_list":["post-274","page","type-page","status-publish","hentry"],"yoast_head":"<!-- This site is optimized with the Yoast SEO plugin v27.5 - https:\/\/yoast.com\/product\/yoast-seo-wordpress\/ -->\n<title>Betting bonus \u2013 vinn med en sportsbonus fra bookmakeren<\/title>\n<meta name=\"description\" content=\"Les mer om alle betting bonuser du finner hos bettingselskaper i form av gratispenger, sportsbonus, gratisspill, cashback og risikofritt spill.\" \/>\n<meta name=\"robots\" content=\"index, follow, max-snippet:-1, max-image-preview:large, max-video-preview:-1\" \/>\n<link rel=\"canonical\" href=\"https:\/\/gamblingsam.com\/no\/betting-bonus\/\" \/>\n<meta property=\"og:locale\" content=\"nb_NO\" \/>\n<meta property=\"og:type\" content=\"article\" \/>\n<meta property=\"og:title\" content=\"Betting bonus \u2013 vinn med en sportsbonus fra bookmakeren\" \/>\n<meta property=\"og:description\" content=\"Les mer om alle betting bonuser du finner hos bettingselskaper i form av gratispenger, sportsbonus, gratisspill, cashback og risikofritt spill.\" \/>\n<meta property=\"og:url\" content=\"https:\/\/gamblingsam.com\/no\/betting-bonus\/\" \/>\n<meta property=\"og:site_name\" content=\"GamblingSam.com\" \/>\n<meta property=\"article:modified_time\" content=\"2023-09-19T14:09:58+00:00\" \/>\n<meta name=\"twitter:card\" content=\"summary_large_image\" \/>\n<meta name=\"twitter:label1\" content=\"Ansl. lesetid\" \/>\n\t<meta name=\"twitter:data1\" content=\"4 minutter\" \/>\n<script type=\"application\/ld+json\" class=\"yoast-schema-graph\">{\"@context\":\"https:\\\/\\\/schema.org\",\"@graph\":[{\"@type\":\"WebPage\",\"@id\":\"https:\\\/\\\/gamblingsam.com\\\/no\\\/betting-bonus\\\/\",\"url\":\"https:\\\/\\\/gamblingsam.com\\\/no\\\/betting-bonus\\\/\",\"name\":\"Betting bonus \u2013 vinn med en sportsbonus fra bookmakeren\",\"isPartOf\":{\"@id\":\"https:\\\/\\\/gamblingsam.com\\\/no\\\/#website\"},\"datePublished\":\"2020-05-23T06:48:07+00:00\",\"dateModified\":\"2023-09-19T14:09:58+00:00\",\"description\":\"Les mer om alle betting bonuser du finner hos bettingselskaper i form av gratispenger, sportsbonus, gratisspill, cashback og risikofritt spill.\",\"breadcrumb\":{\"@id\":\"https:\\\/\\\/gamblingsam.com\\\/no\\\/betting-bonus\\\/#breadcrumb\"},\"inLanguage\":\"nb-NO\",\"potentialAction\":[{\"@type\":\"ReadAction\",\"target\":[\"https:\\\/\\\/gamblingsam.com\\\/no\\\/betting-bonus\\\/\"]}]},{\"@type\":\"BreadcrumbList\",\"@id\":\"https:\\\/\\\/gamblingsam.com\\\/no\\\/betting-bonus\\\/#breadcrumb\",\"itemListElement\":[{\"@type\":\"ListItem\",\"position\":1,\"name\":\"Home\",\"item\":\"https:\\\/\\\/gamblingsam.com\\\/no\\\/\"},{\"@type\":\"ListItem\",\"position\":2,\"name\":\"Betting bonus\"}]},{\"@type\":\"WebSite\",\"@id\":\"https:\\\/\\\/gamblingsam.com\\\/no\\\/#website\",\"url\":\"https:\\\/\\\/gamblingsam.com\\\/no\\\/\",\"name\":\"GamblingSam.com\",\"description\":\"\",\"potentialAction\":[{\"@type\":\"SearchAction\",\"target\":{\"@type\":\"EntryPoint\",\"urlTemplate\":\"https:\\\/\\\/gamblingsam.com\\\/no\\\/?s={search_term_string}\"},\"query-input\":{\"@type\":\"PropertyValueSpecification\",\"valueRequired\":true,\"valueName\":\"search_term_string\"}}],\"inLanguage\":\"nb-NO\"}]}<\/script>\n<!-- \/ Yoast SEO plugin. -->","yoast_head_json":{"title":"Betting bonus \u2013 vinn med en sportsbonus fra bookmakeren","description":"Les mer om alle betting bonuser du finner hos bettingselskaper i form av gratispenger, sportsbonus, gratisspill, cashback og risikofritt spill.","robots":{"index":"index","follow":"follow","max-snippet":"max-snippet:-1","max-image-preview":"max-image-preview:large","max-video-preview":"max-video-preview:-1"},"canonical":"https:\/\/gamblingsam.com\/no\/betting-bonus\/","og_locale":"nb_NO","og_type":"article","og_title":"Betting bonus \u2013 vinn med en sportsbonus fra bookmakeren","og_description":"Les mer om alle betting bonuser du finner hos bettingselskaper i form av gratispenger, sportsbonus, gratisspill, cashback og risikofritt spill.","og_url":"https:\/\/gamblingsam.com\/no\/betting-bonus\/","og_site_name":"GamblingSam.com","article_modified_time":"2023-09-19T14:09:58+00:00","twitter_card":"summary_large_image","twitter_misc":{"Ansl. lesetid":"4 minutter"},"schema":{"@context":"https:\/\/schema.org","@graph":[{"@type":"WebPage","@id":"https:\/\/gamblingsam.com\/no\/betting-bonus\/","url":"https:\/\/gamblingsam.com\/no\/betting-bonus\/","name":"Betting bonus \u2013 vinn med en sportsbonus fra bookmakeren","isPartOf":{"@id":"https:\/\/gamblingsam.com\/no\/#website"},"datePublished":"2020-05-23T06:48:07+00:00","dateModified":"2023-09-19T14:09:58+00:00","description":"Les mer om alle betting bonuser du finner hos bettingselskaper i form av gratispenger, sportsbonus, gratisspill, cashback og risikofritt spill.","breadcrumb":{"@id":"https:\/\/gamblingsam.com\/no\/betting-bonus\/#breadcrumb"},"inLanguage":"nb-NO","potentialAction":[{"@type":"ReadAction","target":["https:\/\/gamblingsam.com\/no\/betting-bonus\/"]}]},{"@type":"BreadcrumbList","@id":"https:\/\/gamblingsam.com\/no\/betting-bonus\/#breadcrumb","itemListElement":[{"@type":"ListItem","position":1,"name":"Home","item":"https:\/\/gamblingsam.com\/no\/"},{"@type":"ListItem","position":2,"name":"Betting bonus"}]},{"@type":"WebSite","@id":"https:\/\/gamblingsam.com\/no\/#website","url":"https:\/\/gamblingsam.com\/no\/","name":"GamblingSam.com","description":"","potentialAction":[{"@type":"SearchAction","target":{"@type":"EntryPoint","urlTemplate":"https:\/\/gamblingsam.com\/no\/?s={search_term_string}"},"query-input":{"@type":"PropertyValueSpecification","valueRequired":true,"valueName":"search_term_string"}}],"inLanguage":"nb-NO"}]}},"_links":{"self":[{"href":"https:\/\/gamblingsam.com\/no\/wp-json\/wp\/v2\/pages\/274","targetHints":{"allow":["GET"]}}],"collection":[{"href":"https:\/\/gamblingsam.com\/no\/wp-json\/wp\/v2\/pages"}],"about":[{"href":"https:\/\/gamblingsam.com\/no\/wp-json\/wp\/v2\/types\/page"}],"author":[{"embeddable":true,"href":"https:\/\/gamblingsam.com\/no\/wp-json\/wp\/v2\/users\/1"}],"replies":[{"embeddable":true,"href":"https:\/\/gamblingsam.com\/no\/wp-json\/wp\/v2\/comments?post=274"}],"version-history":[{"count":3,"href":"https:\/\/gamblingsam.com\/no\/wp-json\/wp\/v2\/pages\/274\/revisions"}],"predecessor-version":[{"id":311,"href":"https:\/\/gamblingsam.com\/no\/wp-json\/wp\/v2\/pages\/274\/revisions\/311"}],"wp:attachment":[{"href":"https:\/\/gamblingsam.com\/no\/wp-json\/wp\/v2\/media?parent=274"}],"curies":[{"name":"wp","href":"https:\/\/api.w.org\/{rel}","templated":true}]}}