{"id":33,"date":"2019-11-12T13:08:31","date_gmt":"2019-11-12T13:08:31","guid":{"rendered":"https:\/\/gamblingsam.com\/no\/?page_id=33"},"modified":"2023-09-19T14:08:01","modified_gmt":"2023-09-19T14:08:01","slug":"mobil-casino","status":"publish","type":"page","link":"https:\/\/gamblingsam.com\/no\/mobil-casino\/","title":{"rendered":"Mobil casino"},"content":{"rendered":"\n<h1 class=\"wp-block-heading\">Mobil casino &#8211; Kjenn fra friheten med mobil casino<\/h1>\n\n\n\n<p>De f\u00f8rste nettcasinoene kom p\u00e5 banen i en tid da raskt og billig internett ikke var tilgjengelig for alle. Dette har forandret seg og dyre og trege linjer er forlengst historie. I nettcasinoenes spede begynnelse foregikk alt spill p\u00e5 en stasjon\u00e6r pc som folk hadde st\u00e5ende hjemme og alt hos nettcasinoene var designet for og tilpasset datamaskiner. Tidene har forandret seg og m\u00e5ten man spiller casino p\u00e5 med dem. Takten i den teknologiske utviklingen g\u00e5r ikke senere og i dag spiller over halvparten casino p\u00e5 mobile enheter. Grunnen til det er at casinospillerne vil ha det b\u00e5de enkelt og fleksibelt slik at de kan spille uansett tidspunkt og n\u00e5r de er p\u00e5 farten. For nettcasinoene er det kjempeviktig \u00e5 tilby spillerne sine l\u00f8sninger som fungerer like godt p\u00e5 alle typer enheter.<\/p>\n\n\n\n  <div class=\"top-sites-wrap\">\n\t\t<div class=\"top-sites-row top-sites-heading\"><div class=\"casinocol \">\tCasino<\/div><div class=\"featcol\">Fordeler<\/div><div  class=\"depcol\">Bonus<\/div><div  class=\"ratecol\">Omtale<\/div><div class=\"visitcol \">Spill<\/div>\n       <\/div>\n\n<div class=\"top-sites-row top-sites-body row-1 \">\n         <div  class=\"casinocol\"><span class=\"rankcir\">1<\/span>\n\t\t <a target=\"_blank\" href=\"https:\/\/gamblingsam.com\/no\/go\/casumo\">\n\t\t  <img loading=\"lazy\" decoding=\"async\" width=\"175\" height=\"105\" src=\"https:\/\/gamblingsam.com\/no\/wp-content\/media\/sites\/3\/2020\/04\/casumo.png\" class=\"logocomp wp-post-image\" alt=\"\" \/>\n\t\t\t<\/a>\n\t\t<\/div><div class=\"featcol\"><ul><li>God bonus <\/li><li> Casino eventyr <\/li><li> Mange casinospill<\/li><\/ul>\t<\/div><div class=\"depcol\"><span class=\"hilite\">\u20ac2000<\/span><\/div><div  class=\"ratecol\"><span class=\"rate cen\"> <span class=\"ratetotal\" style=\"width: 98%\"><\/span><\/span><a href=\"https:\/\/gamblingsam.com\/no\/anmeldelse\/casumo\/\" class=\"revlink\">Recension<\/a> <\/div><div class=\"visitcol\"><a target=\"_blank\" href=\"https:\/\/gamblingsam.com\/no\/go\/casumo\" class=\"visbutton\">Spill<\/a><\/div>\n <\/div>\n<div class=\"termsrow\">\n<small>* 18+ | Spela ansvarsfullt | <a href=\"http:\/\/www.stodlinjen.se\" target=\"_blank\" rel=\"nofollow noopener\">St\u00f6dlinjen.se<\/a> | <a href=\"https:\/\/www.spelpaus.se\" target=\"_blank\" rel=\"nofollow noopener\">Spelpaus.se.se<\/a> | <a href=\"\" target=\"_blank\" rel=\"nofollow noopener\">Regler &amp; villkor g\u00e4ller<\/a><\/small><\/div>\n<div class=\"top-sites-row top-sites-body row-2 \">\n         <div  class=\"casinocol\"><span class=\"rankcir\">2<\/span>\n\t\t <a target=\"_blank\" href=\"https:\/\/gamblingsam.com\/no\/go\/mrgreen\">\n\t\t  <img loading=\"lazy\" decoding=\"async\" width=\"300\" height=\"86\" src=\"https:\/\/gamblingsam.com\/no\/wp-content\/media\/sites\/3\/2019\/11\/mr-green-300x86.png\" class=\"logocomp wp-post-image\" alt=\"\" srcset=\"https:\/\/gamblingsam.com\/no\/wp-content\/media\/sites\/3\/2019\/11\/mr-green-300x86.png 300w, https:\/\/gamblingsam.com\/no\/wp-content\/media\/sites\/3\/2019\/11\/mr-green.png 700w\" sizes=\"auto, (max-width: 300px) 100vw, 300px\" \/>\n\t\t\t<\/a>\n\t\t<\/div><div class=\"featcol\"><ul><li>Mange free spins <\/li><li> Godt spillutvalg <\/li><li> Norskspr\u00e5klig kundeservice<\/li><\/ul>\t<\/div><div class=\"depcol\"><span class=\"hilite\">2000 KR<\/span><\/div><div  class=\"ratecol\"><span class=\"rate cen\"> <span class=\"ratetotal\" style=\"width: 96%\"><\/span><\/span><a href=\"https:\/\/gamblingsam.com\/no\/anmeldelse\/mr-green\/\" class=\"revlink\">Recension<\/a> <\/div><div class=\"visitcol\"><a target=\"_blank\" href=\"https:\/\/gamblingsam.com\/no\/go\/mrgreen\" class=\"visbutton\">Spill<\/a><\/div>\n <\/div>\n<div class=\"termsrow\">\n<small>* 18+ | Spela ansvarsfullt | <a href=\"http:\/\/www.stodlinjen.se\" target=\"_blank\" rel=\"nofollow noopener\">St\u00f6dlinjen.se<\/a> | <a href=\"https:\/\/www.spelpaus.se\" target=\"_blank\" rel=\"nofollow noopener\">Spelpaus.se.se<\/a> | <a href=\"\" target=\"_blank\" rel=\"nofollow noopener\">Regler &amp; villkor g\u00e4ller<\/a><\/small><\/div><\/div>\n\n\n\n<h2 class=\"wp-block-heading\">Stadig flere velger \u00e5 spille mobil casino<\/h2>\n\n\n\n<p>De aller fleste av oss er ikke rakettforskere, og det er neppe n\u00f8dvendig \u00e5 v\u00e6re en heller for \u00e5 forst\u00e5 at utviklingen og trenden med casinospill p\u00e5 mobil bare vil forsterke seg. I dag velger litt over halvparten \u00e5 bruke mobile enheter som plattform n\u00e5r de gjester et <a href=\"https:\/\/gamblingsam.com\/no\/\">nettcasino<\/a>. Nettcasinoer som \u00f8nsker \u00e5 ligge i front av utviklingen for \u00e5 tiltrekke seg nye spillere og beholde de spillerne som de allerede har, m\u00e5 ha teknologiske l\u00f8sninger som m\u00f8ter krav og forutsetninger fra spillerne. Det betyr at nettsider som et minstekrav m\u00e5 ha responsivt design slik at de gir det samme inntrykket uansett hvilken type enhet man spiller p\u00e5. P\u00e5 h\u00e5ndholdte enheter som smarttelefon og nettbrett inneb\u00e6rer det et godt grensesnitt og et mobilcasino som gir en flott spillopplevelse.<\/p>\n\n\n\n<p>I dag har de aller fleste spillutviklere optimalisert alle spillene for mobil casino, og alle nye spill som designes er i utgangspunktet optimalisert for mobile enheter. Nye casinoer b\u00f8r ha fokus p\u00e5 mobil casino allerede n\u00e5r nettcasinoet er p\u00e5 tegnebrettet. Uten en tankegang basert p\u00e5 mobil first vil man neppe ha en sjanse til \u00e5 oppn\u00e5 suksess i markedet over tid. Den samme tankegangen b\u00f8r spillutviklere ha om de skal vinne og beholde markedsandeler.<\/p>\n\n\n\n<h3 class=\"wp-block-heading\">Spill mobil casino via App eller nettleser<\/h3>\n\n\n\n<p>Alle som spiller mobil casino uansett hvilken type enhet man benytter seg av, \u00f8nsker at grensesnittet skal v\u00e6re godt slik at man beveger seg s\u00f8ml\u00f8st fra den ene siden til den andre. Dette skal g\u00e5 raskt og enkelt unna. N\u00e5r du spiller mobil casino kan dette gj\u00f8res p\u00e5 to m\u00e5ter. Enten via nettleseren p\u00e5 den mobile enheten eller ved \u00e5 laste ned en app. Frem til n\u00e5 har det v\u00e6rt mest vanlig \u00e5 spille mobil casino gjennom nettleseren uten at du som spiller har lastet ned noen form for programvare.<\/p>\n\n\n\n<p>Dette har fungert godt for de fleste, men i fremtiden er nok de casinoene som skal ligge i front n\u00e5r det kommer til mobil casino n\u00f8dt til \u00e5 utvikle en egen app. Mange <a href=\"https:\/\/gamblingsam.com\/no\/nye-casinoer\">nye casinoer<\/a> har allerede investert i dette og mange flere vil garantert f\u00f8lge etter. Slike applikasjoner gir flere muligheter for b\u00e5de spillerne og casinoene. For casinoene kan man skreddersy tilbud som man kun f\u00e5r i app-en, mens spillerne ved bruk av en app kan personifisere casinospillingen i enda st\u00f8rre grad. En god og velfungerende app tar garantert spillingen til nye h\u00f8yder.<\/p>\n\n\n\n<h3 class=\"wp-block-heading\">Frihet og fleksibilitet med mobil casino<\/h3>\n\n\n\n<p>For casinospillerne er det ingen tvil om at det beste med mobil casino er at det gir b\u00e5de frihet og fleksibilitet. Med mobilen i lommen kan du spille casino uansett hvor du befinner deg, s\u00e5fremt du har nok str\u00f8m p\u00e5 batteriet og du befinner deg i et omr\u00e5de hvor nettdekningen er tilfredsstillende. Det at du kan spill uansett tidspunkt og uavhengig av hvor du befinner deg gir uten tvil en stor frihet som betyr mye.<\/p>\n\n\n<div class=\"wp-block-image\">\n<figure class=\"aligncenter size-large\"><img loading=\"lazy\" decoding=\"async\" width=\"1024\" height=\"512\" src=\"https:\/\/gamblingsam.com\/no\/wp-content\/media\/sites\/3\/2020\/01\/iStock-1073189298-1-1024x512.jpg\" alt=\"Mobil casino - Kjenn fra friheten med mobil casino\" class=\"wp-image-148\" srcset=\"https:\/\/gamblingsam.com\/no\/wp-content\/media\/sites\/3\/2020\/01\/iStock-1073189298-1-1024x512.jpg 1024w, https:\/\/gamblingsam.com\/no\/wp-content\/media\/sites\/3\/2020\/01\/iStock-1073189298-1-300x150.jpg 300w, https:\/\/gamblingsam.com\/no\/wp-content\/media\/sites\/3\/2020\/01\/iStock-1073189298-1-768x384.jpg 768w, https:\/\/gamblingsam.com\/no\/wp-content\/media\/sites\/3\/2020\/01\/iStock-1073189298-1.jpg 1448w\" sizes=\"auto, (max-width: 1024px) 100vw, 1024px\" \/><\/figure><\/div>\n\n\n<p>Akkurat dette er uten tvil en av hovedgrunnene til at mobil casino har overtatt som den mest benyttede m\u00e5ten \u00e5 spille casino p\u00e5. Samtidig gir det ogs\u00e5 full fleksibilitet siden du kan spille n\u00e5r det passer deg om abstinensene for et casinobes\u00f8k blir for store. Vil du spille <a href=\"https:\/\/gamblingsam.com\/no\/blackjack\">blackjack<\/a> i Live Casino n\u00e5r du sitter p\u00e5 trikken til trening er det ingenting i veien for \u00e5 gj\u00f8re det. Det samme gjelder \u00e5 bruke noen free spins p\u00e5 favorittautomaten n\u00e5r du venter p\u00e5 tur p\u00e5 apoteket. Mobil casino gir frihet og fleksibilitet og er fremtidens m\u00e5te \u00e5 spille casino p\u00e5.<\/p>\n","protected":false},"excerpt":{"rendered":"<p>Mobil casino &#8211; Kjenn fra friheten med mobil casino De f\u00f8rste nettcasinoene kom p\u00e5 banen i en tid da raskt og billig internett ikke var tilgjengelig for alle. Dette har <a href=\"https:\/\/gamblingsam.com\/no\/mobil-casino\/\">&#8230;.<\/a><\/p>\n","protected":false},"author":1,"featured_media":0,"parent":0,"menu_order":0,"comment_status":"closed","ping_status":"closed","template":"","meta":{"footnotes":""},"class_list":["post-33","page","type-page","status-publish","hentry"],"yoast_head":"<!-- This site is optimized with the Yoast SEO plugin v27.5 - https:\/\/yoast.com\/product\/yoast-seo-wordpress\/ -->\n<title>Mobil casino - Kjenn fra friheten med mobil casino<\/title>\n<meta name=\"description\" content=\"Mobil casino gir b\u00e5de frihet og fleksibilitet n\u00e5r du spiller casino. Her kan du lese hvilke muligheter som mobil casino gir n\u00e5r du spiller hos nettcasinoer, samt at dette blir mer og mer vanlig.\" \/>\n<meta name=\"robots\" content=\"index, follow, max-snippet:-1, max-image-preview:large, max-video-preview:-1\" \/>\n<link rel=\"canonical\" href=\"https:\/\/gamblingsam.com\/no\/mobil-casino\/\" \/>\n<meta property=\"og:locale\" content=\"nb_NO\" \/>\n<meta property=\"og:type\" content=\"article\" \/>\n<meta property=\"og:title\" content=\"Mobil casino - Kjenn fra friheten med mobil casino\" \/>\n<meta property=\"og:description\" content=\"Mobil casino gir b\u00e5de frihet og fleksibilitet n\u00e5r du spiller casino. Her kan du lese hvilke muligheter som mobil casino gir n\u00e5r du spiller hos nettcasinoer, samt at dette blir mer og mer vanlig.\" \/>\n<meta property=\"og:url\" content=\"https:\/\/gamblingsam.com\/no\/mobil-casino\/\" \/>\n<meta property=\"og:site_name\" content=\"GamblingSam.com\" \/>\n<meta property=\"article:modified_time\" content=\"2023-09-19T14:08:01+00:00\" \/>\n<meta property=\"og:image\" content=\"https:\/\/gamblingsam.com\/no\/wp-content\/media\/sites\/3\/2020\/01\/iStock-1073189298-1-1024x512.jpg\" \/>\n<meta name=\"twitter:card\" content=\"summary_large_image\" \/>\n<script type=\"application\/ld+json\" class=\"yoast-schema-graph\">{\"@context\":\"https:\\\/\\\/schema.org\",\"@graph\":[{\"@type\":\"WebPage\",\"@id\":\"https:\\\/\\\/gamblingsam.com\\\/no\\\/mobil-casino\\\/\",\"url\":\"https:\\\/\\\/gamblingsam.com\\\/no\\\/mobil-casino\\\/\",\"name\":\"Mobil casino - Kjenn fra friheten med mobil casino\",\"isPartOf\":{\"@id\":\"https:\\\/\\\/gamblingsam.com\\\/no\\\/#website\"},\"primaryImageOfPage\":{\"@id\":\"https:\\\/\\\/gamblingsam.com\\\/no\\\/mobil-casino\\\/#primaryimage\"},\"image\":{\"@id\":\"https:\\\/\\\/gamblingsam.com\\\/no\\\/mobil-casino\\\/#primaryimage\"},\"thumbnailUrl\":\"https:\\\/\\\/gamblingsam.com\\\/no\\\/wp-content\\\/media\\\/sites\\\/3\\\/2020\\\/01\\\/iStock-1073189298-1-1024x512.jpg\",\"datePublished\":\"2019-11-12T13:08:31+00:00\",\"dateModified\":\"2023-09-19T14:08:01+00:00\",\"description\":\"Mobil casino gir b\u00e5de frihet og fleksibilitet n\u00e5r du spiller casino. Her kan du lese hvilke muligheter som mobil casino gir n\u00e5r du spiller hos nettcasinoer, samt at dette blir mer og mer vanlig.\",\"breadcrumb\":{\"@id\":\"https:\\\/\\\/gamblingsam.com\\\/no\\\/mobil-casino\\\/#breadcrumb\"},\"inLanguage\":\"nb-NO\",\"potentialAction\":[{\"@type\":\"ReadAction\",\"target\":[\"https:\\\/\\\/gamblingsam.com\\\/no\\\/mobil-casino\\\/\"]}]},{\"@type\":\"ImageObject\",\"inLanguage\":\"nb-NO\",\"@id\":\"https:\\\/\\\/gamblingsam.com\\\/no\\\/mobil-casino\\\/#primaryimage\",\"url\":\"https:\\\/\\\/gamblingsam.com\\\/no\\\/wp-content\\\/media\\\/sites\\\/3\\\/2020\\\/01\\\/iStock-1073189298-1.jpg\",\"contentUrl\":\"https:\\\/\\\/gamblingsam.com\\\/no\\\/wp-content\\\/media\\\/sites\\\/3\\\/2020\\\/01\\\/iStock-1073189298-1.jpg\",\"width\":1448,\"height\":724},{\"@type\":\"BreadcrumbList\",\"@id\":\"https:\\\/\\\/gamblingsam.com\\\/no\\\/mobil-casino\\\/#breadcrumb\",\"itemListElement\":[{\"@type\":\"ListItem\",\"position\":1,\"name\":\"Home\",\"item\":\"https:\\\/\\\/gamblingsam.com\\\/no\\\/\"},{\"@type\":\"ListItem\",\"position\":2,\"name\":\"Mobil casino\"}]},{\"@type\":\"WebSite\",\"@id\":\"https:\\\/\\\/gamblingsam.com\\\/no\\\/#website\",\"url\":\"https:\\\/\\\/gamblingsam.com\\\/no\\\/\",\"name\":\"GamblingSam.com\",\"description\":\"\",\"potentialAction\":[{\"@type\":\"SearchAction\",\"target\":{\"@type\":\"EntryPoint\",\"urlTemplate\":\"https:\\\/\\\/gamblingsam.com\\\/no\\\/?s={search_term_string}\"},\"query-input\":{\"@type\":\"PropertyValueSpecification\",\"valueRequired\":true,\"valueName\":\"search_term_string\"}}],\"inLanguage\":\"nb-NO\"}]}<\/script>\n<!-- \/ Yoast SEO plugin. -->","yoast_head_json":{"title":"Mobil casino - Kjenn fra friheten med mobil casino","description":"Mobil casino gir b\u00e5de frihet og fleksibilitet n\u00e5r du spiller casino. Her kan du lese hvilke muligheter som mobil casino gir n\u00e5r du spiller hos nettcasinoer, samt at dette blir mer og mer vanlig.","robots":{"index":"index","follow":"follow","max-snippet":"max-snippet:-1","max-image-preview":"max-image-preview:large","max-video-preview":"max-video-preview:-1"},"canonical":"https:\/\/gamblingsam.com\/no\/mobil-casino\/","og_locale":"nb_NO","og_type":"article","og_title":"Mobil casino - Kjenn fra friheten med mobil casino","og_description":"Mobil casino gir b\u00e5de frihet og fleksibilitet n\u00e5r du spiller casino. Her kan du lese hvilke muligheter som mobil casino gir n\u00e5r du spiller hos nettcasinoer, samt at dette blir mer og mer vanlig.","og_url":"https:\/\/gamblingsam.com\/no\/mobil-casino\/","og_site_name":"GamblingSam.com","article_modified_time":"2023-09-19T14:08:01+00:00","og_image":[{"url":"https:\/\/gamblingsam.com\/no\/wp-content\/media\/sites\/3\/2020\/01\/iStock-1073189298-1-1024x512.jpg","type":"","width":"","height":""}],"twitter_card":"summary_large_image","schema":{"@context":"https:\/\/schema.org","@graph":[{"@type":"WebPage","@id":"https:\/\/gamblingsam.com\/no\/mobil-casino\/","url":"https:\/\/gamblingsam.com\/no\/mobil-casino\/","name":"Mobil casino - Kjenn fra friheten med mobil casino","isPartOf":{"@id":"https:\/\/gamblingsam.com\/no\/#website"},"primaryImageOfPage":{"@id":"https:\/\/gamblingsam.com\/no\/mobil-casino\/#primaryimage"},"image":{"@id":"https:\/\/gamblingsam.com\/no\/mobil-casino\/#primaryimage"},"thumbnailUrl":"https:\/\/gamblingsam.com\/no\/wp-content\/media\/sites\/3\/2020\/01\/iStock-1073189298-1-1024x512.jpg","datePublished":"2019-11-12T13:08:31+00:00","dateModified":"2023-09-19T14:08:01+00:00","description":"Mobil casino gir b\u00e5de frihet og fleksibilitet n\u00e5r du spiller casino. Her kan du lese hvilke muligheter som mobil casino gir n\u00e5r du spiller hos nettcasinoer, samt at dette blir mer og mer vanlig.","breadcrumb":{"@id":"https:\/\/gamblingsam.com\/no\/mobil-casino\/#breadcrumb"},"inLanguage":"nb-NO","potentialAction":[{"@type":"ReadAction","target":["https:\/\/gamblingsam.com\/no\/mobil-casino\/"]}]},{"@type":"ImageObject","inLanguage":"nb-NO","@id":"https:\/\/gamblingsam.com\/no\/mobil-casino\/#primaryimage","url":"https:\/\/gamblingsam.com\/no\/wp-content\/media\/sites\/3\/2020\/01\/iStock-1073189298-1.jpg","contentUrl":"https:\/\/gamblingsam.com\/no\/wp-content\/media\/sites\/3\/2020\/01\/iStock-1073189298-1.jpg","width":1448,"height":724},{"@type":"BreadcrumbList","@id":"https:\/\/gamblingsam.com\/no\/mobil-casino\/#breadcrumb","itemListElement":[{"@type":"ListItem","position":1,"name":"Home","item":"https:\/\/gamblingsam.com\/no\/"},{"@type":"ListItem","position":2,"name":"Mobil casino"}]},{"@type":"WebSite","@id":"https:\/\/gamblingsam.com\/no\/#website","url":"https:\/\/gamblingsam.com\/no\/","name":"GamblingSam.com","description":"","potentialAction":[{"@type":"SearchAction","target":{"@type":"EntryPoint","urlTemplate":"https:\/\/gamblingsam.com\/no\/?s={search_term_string}"},"query-input":{"@type":"PropertyValueSpecification","valueRequired":true,"valueName":"search_term_string"}}],"inLanguage":"nb-NO"}]}},"_links":{"self":[{"href":"https:\/\/gamblingsam.com\/no\/wp-json\/wp\/v2\/pages\/33","targetHints":{"allow":["GET"]}}],"collection":[{"href":"https:\/\/gamblingsam.com\/no\/wp-json\/wp\/v2\/pages"}],"about":[{"href":"https:\/\/gamblingsam.com\/no\/wp-json\/wp\/v2\/types\/page"}],"author":[{"embeddable":true,"href":"https:\/\/gamblingsam.com\/no\/wp-json\/wp\/v2\/users\/1"}],"replies":[{"embeddable":true,"href":"https:\/\/gamblingsam.com\/no\/wp-json\/wp\/v2\/comments?post=33"}],"version-history":[{"count":6,"href":"https:\/\/gamblingsam.com\/no\/wp-json\/wp\/v2\/pages\/33\/revisions"}],"predecessor-version":[{"id":302,"href":"https:\/\/gamblingsam.com\/no\/wp-json\/wp\/v2\/pages\/33\/revisions\/302"}],"wp:attachment":[{"href":"https:\/\/gamblingsam.com\/no\/wp-json\/wp\/v2\/media?parent=33"}],"curies":[{"name":"wp","href":"https:\/\/api.w.org\/{rel}","templated":true}]}}