{"id":37,"date":"2019-11-12T13:13:52","date_gmt":"2019-11-12T13:13:52","guid":{"rendered":"https:\/\/gamblingsam.com\/no\/?page_id=37"},"modified":"2023-09-19T14:07:51","modified_gmt":"2023-09-19T14:07:51","slug":"nye-casinoer","status":"publish","type":"page","link":"https:\/\/gamblingsam.com\/no\/nye-casinoer\/","title":{"rendered":"Nye casinoer"},"content":{"rendered":"\n<h1 class=\"wp-block-heading\">Nye casinoer &#8211; Pr\u00f8v lykken hos et nytt nettcasino<\/h1>\n\n\n\n<p>I en bransje preget av hard konkurranse lanseres det hele tiden nye nettcasinoer. Noen klarer seg i konkurransen, mens andre dukker under eller blir kj\u00f8pt opp av en konkurrent. Slik er det ogs\u00e5 med de etablerte akt\u00f8rene. Mange gj\u00f8r det godt og vokser jevnt og trutt slik at de f\u00e5r en solid markedsposisjon. Andre kaster inn \u00e5rene etter mange \u00e5r eller kj\u00f8pes opp fordi de ikke lenger klarer konkurransen. Det kan v\u00e6re flere \u00e5rsaker til dette, men ofte er det fordi de ikke klarer \u00e5 modernisere seg og virke attraktive p\u00e5 spillerne. I casinobransjen er innovasjonsevnen stor og mange etablerte akt\u00f8rer passer p\u00e5 \u00e5 utvikle nettcasinoet sitt i takt med den teknoligiske utviklingen og spillernes preferanser. De som ikke gj\u00f8r det, forsvinner. Nye nettcasinoer har dermed en fordel siden de kan implementere nye trender og l\u00f8sninger n\u00e5r de utvikles. P\u00e5 den m\u00e5ten fremst\u00e5r de ofte som fristende for spillerne fordi de har l\u00f8sninger og tilbud som er moderne.<\/p>\n\n\n\n  <div class=\"top-sites-wrap\">\n\t\t<div class=\"top-sites-row top-sites-heading\"><div class=\"casinocol \">\tCasino<\/div><div class=\"featcol\">Fordeler<\/div><div  class=\"depcol\">Bonus<\/div><div  class=\"ratecol\">Omtale<\/div><div class=\"visitcol \">Spill<\/div>\n       <\/div>\n\n<div class=\"top-sites-row top-sites-body row-1 \">\n         <div  class=\"casinocol\"><span class=\"rankcir\">1<\/span>\n\t\t <a target=\"_blank\" href=\"https:\/\/gamblingsam.com\/no\/go\/casumo\">\n\t\t  <img loading=\"lazy\" decoding=\"async\" width=\"175\" height=\"105\" src=\"https:\/\/gamblingsam.com\/no\/wp-content\/media\/sites\/3\/2020\/04\/casumo.png\" class=\"logocomp wp-post-image\" alt=\"\" \/>\n\t\t\t<\/a>\n\t\t<\/div><div class=\"featcol\"><ul><li>God bonus <\/li><li> Casino eventyr <\/li><li> Mange casinospill<\/li><\/ul>\t<\/div><div class=\"depcol\"><span class=\"hilite\">\u20ac2000<\/span><\/div><div  class=\"ratecol\"><span class=\"rate cen\"> <span class=\"ratetotal\" style=\"width: 98%\"><\/span><\/span><a href=\"https:\/\/gamblingsam.com\/no\/anmeldelse\/casumo\/\" class=\"revlink\">Recension<\/a> <\/div><div class=\"visitcol\"><a target=\"_blank\" href=\"https:\/\/gamblingsam.com\/no\/go\/casumo\" class=\"visbutton\">Spill<\/a><\/div>\n <\/div>\n<div class=\"termsrow\">\n<small>* 18+ | Spela ansvarsfullt | <a href=\"http:\/\/www.stodlinjen.se\" target=\"_blank\" rel=\"nofollow noopener\">St\u00f6dlinjen.se<\/a> | <a href=\"https:\/\/www.spelpaus.se\" target=\"_blank\" rel=\"nofollow noopener\">Spelpaus.se.se<\/a> | <a href=\"\" target=\"_blank\" rel=\"nofollow noopener\">Regler &amp; villkor g\u00e4ller<\/a><\/small><\/div>\n<div class=\"top-sites-row top-sites-body row-2 \">\n         <div  class=\"casinocol\"><span class=\"rankcir\">2<\/span>\n\t\t <a target=\"_blank\" href=\"https:\/\/gamblingsam.com\/no\/go\/mrgreen\">\n\t\t  <img loading=\"lazy\" decoding=\"async\" width=\"300\" height=\"86\" src=\"https:\/\/gamblingsam.com\/no\/wp-content\/media\/sites\/3\/2019\/11\/mr-green-300x86.png\" class=\"logocomp wp-post-image\" alt=\"\" srcset=\"https:\/\/gamblingsam.com\/no\/wp-content\/media\/sites\/3\/2019\/11\/mr-green-300x86.png 300w, https:\/\/gamblingsam.com\/no\/wp-content\/media\/sites\/3\/2019\/11\/mr-green.png 700w\" sizes=\"auto, (max-width: 300px) 100vw, 300px\" \/>\n\t\t\t<\/a>\n\t\t<\/div><div class=\"featcol\"><ul><li>Mange free spins <\/li><li> Godt spillutvalg <\/li><li> Norskspr\u00e5klig kundeservice<\/li><\/ul>\t<\/div><div class=\"depcol\"><span class=\"hilite\">2000 KR<\/span><\/div><div  class=\"ratecol\"><span class=\"rate cen\"> <span class=\"ratetotal\" style=\"width: 96%\"><\/span><\/span><a href=\"https:\/\/gamblingsam.com\/no\/anmeldelse\/mr-green\/\" class=\"revlink\">Recension<\/a> <\/div><div class=\"visitcol\"><a target=\"_blank\" href=\"https:\/\/gamblingsam.com\/no\/go\/mrgreen\" class=\"visbutton\">Spill<\/a><\/div>\n <\/div>\n<div class=\"termsrow\">\n<small>* 18+ | Spela ansvarsfullt | <a href=\"http:\/\/www.stodlinjen.se\" target=\"_blank\" rel=\"nofollow noopener\">St\u00f6dlinjen.se<\/a> | <a href=\"https:\/\/www.spelpaus.se\" target=\"_blank\" rel=\"nofollow noopener\">Spelpaus.se.se<\/a> | <a href=\"\" target=\"_blank\" rel=\"nofollow noopener\">Regler &amp; villkor g\u00e4ller<\/a><\/small><\/div><\/div>\n\n\n\n<h2 class=\"wp-block-heading\">Nyheter og innovasjon kjennetegner mange nye casinoer<\/h2>\n\n\n\n<p>Sv\u00e6rt mange av nettcasinoene er sv\u00e6rt like n\u00e5r det kommer til design. Selv om de er forskjellige ser de likevel ganske like ut. En grunn til dette er at mange <a href=\"https:\/\/gamblingsam.com\/no\/\">casinoer<\/a> driftes av de samme selskapene og dermed benytter den samme tekniske plattformen. Dermed blir mye likt n\u00e5r det kommer til tilbud og spill. For \u00e5 skille seg ut og tiltrekke seg spillere er det derfor viktig for nye casinoer \u00e5 ha det nyeste av det nye. De er n\u00f8dt til \u00e5 ligge i forkant n\u00e5r det gjelder innovasjon, teknologi og det generelle tilbudet.<\/p>\n\n\n\n<h3 class=\"wp-block-heading\">Momenter som kjennetegner nye casinoer<\/h3>\n\n\n\n<p>Statistikk viser at casinospillere i stadig st\u00f8rre og st\u00f8rre grad velger \u00e5 spille casino p\u00e5 mobil. Allerede i dag foreg\u00e5r over halvparten av spillingen p\u00e5 mobile enheter. Grunnen til dette er at man \u00f8nsker \u00e5 spille uansett hvor man befinner seg. N\u00e5r man utvikler et nytt nettcasino er det sv\u00e6rt viktig \u00e5 ta hensyn til dette. Denne utviklingen vil bare forsterke seg i \u00e5rene fremover, og derfor b\u00f8r det v\u00e6re mobile f\u00f8rst n\u00e5r man designer et nytt nettcasino. Det betyr at nettsidene m\u00e5 ha responsivt design slik at det visuelle inntrykket blir like godt p\u00e5 alle enheter. Helst b\u00f8r man ta utgangpunkt i <a href=\"https:\/\/gamblingsam.com\/no\/mobil-casino\">mobilcasino<\/a> n\u00e5r nettcasinoet utvikles, og utvikling av en app som tar spillingen til nye h\u00f8yder er fornuftig. Det samme gjelder \u00e5 velge spill fra utviklere som har spill som er optimaliserte for mobilcasino. I dag utvikles stort sett alle spill med tanke p\u00e5 dette.<\/p>\n\n\n\n<p>Virtual Reality er ogs\u00e5 noe som kommer mer og mer og som er enklere \u00e5 implementere n\u00e5r man utvikler et nytt nettcasino. Med denne teknologien blir casinospillingen enda mer virkelighetsn\u00e6r. VR-briller lar spilleren g\u00e5 inn i et virtuelt nettcasino. Med brillene p\u00e5 blir det som \u00e5 bevege seg rundt i et ekte casino og g\u00e5 fra spill til spill eller casinobord til casinobord. VR-casinoer gir en dyp og autentisk opplevelse som er vanskelig \u00e5 skille fra den virkelige verden. Har man f\u00f8rst pr\u00f8vd dette vil man neppe g\u00e5 tilbake til et \u00abgammeldags\u00bb nettcasino for \u00e5 spille. Derfor er det smart av helt nye nettcasinoer \u00e5 implemtere VR n\u00e5r de utvikler og lanserer et casino. P\u00e5 det viset f\u00e5r de en stor fordel og et forsprang p\u00e5 konkurrentene som ikke har dette. VR blir som virkeligheten og det sosiale aspektet med casinospillingen blir mer fremtredende i fremtiden. N\u00e6r relatert til VR m\u00e5 man ogs\u00e5 se ting som gamification og ferdighetsspill. Dette kommer i stadig st\u00f8rre grad og er noe som yngre spillere foretrekker. Skal man tiltrekke seg disse er det viktig med spill som gir resultater via ferdigheter og ikke flaks.<\/p>\n\n\n<div class=\"wp-block-image\">\n<figure class=\"aligncenter size-large\"><img loading=\"lazy\" decoding=\"async\" width=\"990\" height=\"413\" src=\"https:\/\/gamblingsam.com\/no\/wp-content\/media\/sites\/3\/2020\/01\/norske-onlinespill-p\u00e5-nett.png\" alt=\"Nye casinoer - Pr\u00f8v lykken hos et nytt nettcasino\" class=\"wp-image-146\" srcset=\"https:\/\/gamblingsam.com\/no\/wp-content\/media\/sites\/3\/2020\/01\/norske-onlinespill-p\u00e5-nett.png 990w, https:\/\/gamblingsam.com\/no\/wp-content\/media\/sites\/3\/2020\/01\/norske-onlinespill-p\u00e5-nett-300x125.png 300w, https:\/\/gamblingsam.com\/no\/wp-content\/media\/sites\/3\/2020\/01\/norske-onlinespill-p\u00e5-nett-768x320.png 768w\" sizes=\"auto, (max-width: 990px) 100vw, 990px\" \/><\/figure><\/div>\n\n\n<h3 class=\"wp-block-heading\">Andre tilbud hos nye casinoer<\/h3>\n\n\n\n<p>Ny teknologi som gj\u00f8r det enkelt for spillerne kjennetegner mange nye casinoer. En av disse tingene er enkel p\u00e5logging samtidig som sikkerheten ikke blir d\u00e5rligere. Flere og flere casinoer vil derfor tilby dette. Siden stadig flere bruker mobilen til casinospill og man allerede bruker fingeravtrykk til p\u00e5logging p\u00e5 den, er slik p\u00e5loggingsteknologi ogs\u00e5 rett rundt hj\u00f8rnet hos nye nettcasinoer. Hvor folk har pengene sine endrer seg ogs\u00e5 og derfor tilbyr nye casinoer betaling i form av kryptovaluta. De fleste gamle nettcasinoene har ikke tilbud om betaling i valuta som er tilvirket med blockchain-teknologien, og derfor har nye casinoer som tilbyr dette som betalingsmetode en stor fordel i konkurransen. Kvinner er mest komfortable med \u00e5 spille hos nettcasinoene og derfor utgj\u00f8r de snart halvparten av spillerne. Denne trenden medf\u00f8rer at nye casinoer derfor utvikles slik at de appellerer mer til kvinnelige spillere.<\/p>\n","protected":false},"excerpt":{"rendered":"<p>Nye casinoer &#8211; Pr\u00f8v lykken hos et nytt nettcasino I en bransje preget av hard konkurranse lanseres det hele tiden nye nettcasinoer. Noen klarer seg i konkurransen, mens andre dukker <a href=\"https:\/\/gamblingsam.com\/no\/nye-casinoer\/\">&#8230;.<\/a><\/p>\n","protected":false},"author":1,"featured_media":0,"parent":0,"menu_order":0,"comment_status":"closed","ping_status":"closed","template":"","meta":{"footnotes":""},"class_list":["post-37","page","type-page","status-publish","hentry"],"yoast_head":"<!-- This site is optimized with the Yoast SEO plugin v27.5 - https:\/\/yoast.com\/product\/yoast-seo-wordpress\/ -->\n<title>Nye casinoer - Pr\u00f8v lykken hos et nytt nettcasino<\/title>\n<meta name=\"description\" content=\"Spill hos et nytt casino p\u00e5 nettet i dag. Her kan du lese mer om hva som skiller nye nettcasinoer fra mange av de etablerte casinoene med tanke p\u00e5 teknologiske l\u00f8sninger og tilbud.\" \/>\n<meta name=\"robots\" content=\"index, follow, max-snippet:-1, max-image-preview:large, max-video-preview:-1\" \/>\n<link rel=\"canonical\" href=\"https:\/\/gamblingsam.com\/no\/nye-casinoer\/\" \/>\n<meta property=\"og:locale\" content=\"nb_NO\" \/>\n<meta property=\"og:type\" content=\"article\" \/>\n<meta property=\"og:title\" content=\"Nye casinoer - Pr\u00f8v lykken hos et nytt nettcasino\" \/>\n<meta property=\"og:description\" content=\"Spill hos et nytt casino p\u00e5 nettet i dag. Her kan du lese mer om hva som skiller nye nettcasinoer fra mange av de etablerte casinoene med tanke p\u00e5 teknologiske l\u00f8sninger og tilbud.\" \/>\n<meta property=\"og:url\" content=\"https:\/\/gamblingsam.com\/no\/nye-casinoer\/\" \/>\n<meta property=\"og:site_name\" content=\"GamblingSam.com\" \/>\n<meta property=\"article:modified_time\" content=\"2023-09-19T14:07:51+00:00\" \/>\n<meta name=\"twitter:card\" content=\"summary_large_image\" \/>\n<meta name=\"twitter:label1\" content=\"Ansl. lesetid\" \/>\n\t<meta name=\"twitter:data1\" content=\"5 minutter\" \/>\n<script type=\"application\/ld+json\" class=\"yoast-schema-graph\">{\"@context\":\"https:\\\/\\\/schema.org\",\"@graph\":[{\"@type\":\"WebPage\",\"@id\":\"https:\\\/\\\/gamblingsam.com\\\/no\\\/nye-casinoer\\\/\",\"url\":\"https:\\\/\\\/gamblingsam.com\\\/no\\\/nye-casinoer\\\/\",\"name\":\"Nye casinoer - Pr\u00f8v lykken hos et nytt nettcasino\",\"isPartOf\":{\"@id\":\"https:\\\/\\\/gamblingsam.com\\\/no\\\/#website\"},\"datePublished\":\"2019-11-12T13:13:52+00:00\",\"dateModified\":\"2023-09-19T14:07:51+00:00\",\"description\":\"Spill hos et nytt casino p\u00e5 nettet i dag. Her kan du lese mer om hva som skiller nye nettcasinoer fra mange av de etablerte casinoene med tanke p\u00e5 teknologiske l\u00f8sninger og tilbud.\",\"breadcrumb\":{\"@id\":\"https:\\\/\\\/gamblingsam.com\\\/no\\\/nye-casinoer\\\/#breadcrumb\"},\"inLanguage\":\"nb-NO\",\"potentialAction\":[{\"@type\":\"ReadAction\",\"target\":[\"https:\\\/\\\/gamblingsam.com\\\/no\\\/nye-casinoer\\\/\"]}]},{\"@type\":\"BreadcrumbList\",\"@id\":\"https:\\\/\\\/gamblingsam.com\\\/no\\\/nye-casinoer\\\/#breadcrumb\",\"itemListElement\":[{\"@type\":\"ListItem\",\"position\":1,\"name\":\"Home\",\"item\":\"https:\\\/\\\/gamblingsam.com\\\/no\\\/\"},{\"@type\":\"ListItem\",\"position\":2,\"name\":\"Nye casinoer\"}]},{\"@type\":\"WebSite\",\"@id\":\"https:\\\/\\\/gamblingsam.com\\\/no\\\/#website\",\"url\":\"https:\\\/\\\/gamblingsam.com\\\/no\\\/\",\"name\":\"GamblingSam.com\",\"description\":\"\",\"potentialAction\":[{\"@type\":\"SearchAction\",\"target\":{\"@type\":\"EntryPoint\",\"urlTemplate\":\"https:\\\/\\\/gamblingsam.com\\\/no\\\/?s={search_term_string}\"},\"query-input\":{\"@type\":\"PropertyValueSpecification\",\"valueRequired\":true,\"valueName\":\"search_term_string\"}}],\"inLanguage\":\"nb-NO\"}]}<\/script>\n<!-- \/ Yoast SEO plugin. -->","yoast_head_json":{"title":"Nye casinoer - Pr\u00f8v lykken hos et nytt nettcasino","description":"Spill hos et nytt casino p\u00e5 nettet i dag. Her kan du lese mer om hva som skiller nye nettcasinoer fra mange av de etablerte casinoene med tanke p\u00e5 teknologiske l\u00f8sninger og tilbud.","robots":{"index":"index","follow":"follow","max-snippet":"max-snippet:-1","max-image-preview":"max-image-preview:large","max-video-preview":"max-video-preview:-1"},"canonical":"https:\/\/gamblingsam.com\/no\/nye-casinoer\/","og_locale":"nb_NO","og_type":"article","og_title":"Nye casinoer - Pr\u00f8v lykken hos et nytt nettcasino","og_description":"Spill hos et nytt casino p\u00e5 nettet i dag. Her kan du lese mer om hva som skiller nye nettcasinoer fra mange av de etablerte casinoene med tanke p\u00e5 teknologiske l\u00f8sninger og tilbud.","og_url":"https:\/\/gamblingsam.com\/no\/nye-casinoer\/","og_site_name":"GamblingSam.com","article_modified_time":"2023-09-19T14:07:51+00:00","twitter_card":"summary_large_image","twitter_misc":{"Ansl. lesetid":"5 minutter"},"schema":{"@context":"https:\/\/schema.org","@graph":[{"@type":"WebPage","@id":"https:\/\/gamblingsam.com\/no\/nye-casinoer\/","url":"https:\/\/gamblingsam.com\/no\/nye-casinoer\/","name":"Nye casinoer - Pr\u00f8v lykken hos et nytt nettcasino","isPartOf":{"@id":"https:\/\/gamblingsam.com\/no\/#website"},"datePublished":"2019-11-12T13:13:52+00:00","dateModified":"2023-09-19T14:07:51+00:00","description":"Spill hos et nytt casino p\u00e5 nettet i dag. Her kan du lese mer om hva som skiller nye nettcasinoer fra mange av de etablerte casinoene med tanke p\u00e5 teknologiske l\u00f8sninger og tilbud.","breadcrumb":{"@id":"https:\/\/gamblingsam.com\/no\/nye-casinoer\/#breadcrumb"},"inLanguage":"nb-NO","potentialAction":[{"@type":"ReadAction","target":["https:\/\/gamblingsam.com\/no\/nye-casinoer\/"]}]},{"@type":"BreadcrumbList","@id":"https:\/\/gamblingsam.com\/no\/nye-casinoer\/#breadcrumb","itemListElement":[{"@type":"ListItem","position":1,"name":"Home","item":"https:\/\/gamblingsam.com\/no\/"},{"@type":"ListItem","position":2,"name":"Nye casinoer"}]},{"@type":"WebSite","@id":"https:\/\/gamblingsam.com\/no\/#website","url":"https:\/\/gamblingsam.com\/no\/","name":"GamblingSam.com","description":"","potentialAction":[{"@type":"SearchAction","target":{"@type":"EntryPoint","urlTemplate":"https:\/\/gamblingsam.com\/no\/?s={search_term_string}"},"query-input":{"@type":"PropertyValueSpecification","valueRequired":true,"valueName":"search_term_string"}}],"inLanguage":"nb-NO"}]}},"_links":{"self":[{"href":"https:\/\/gamblingsam.com\/no\/wp-json\/wp\/v2\/pages\/37","targetHints":{"allow":["GET"]}}],"collection":[{"href":"https:\/\/gamblingsam.com\/no\/wp-json\/wp\/v2\/pages"}],"about":[{"href":"https:\/\/gamblingsam.com\/no\/wp-json\/wp\/v2\/types\/page"}],"author":[{"embeddable":true,"href":"https:\/\/gamblingsam.com\/no\/wp-json\/wp\/v2\/users\/1"}],"replies":[{"embeddable":true,"href":"https:\/\/gamblingsam.com\/no\/wp-json\/wp\/v2\/comments?post=37"}],"version-history":[{"count":5,"href":"https:\/\/gamblingsam.com\/no\/wp-json\/wp\/v2\/pages\/37\/revisions"}],"predecessor-version":[{"id":301,"href":"https:\/\/gamblingsam.com\/no\/wp-json\/wp\/v2\/pages\/37\/revisions\/301"}],"wp:attachment":[{"href":"https:\/\/gamblingsam.com\/no\/wp-json\/wp\/v2\/media?parent=37"}],"curies":[{"name":"wp","href":"https:\/\/api.w.org\/{rel}","templated":true}]}}