{"id":40,"date":"2019-11-12T13:43:56","date_gmt":"2019-11-12T13:43:56","guid":{"rendered":"https:\/\/gamblingsam.com\/no\/?page_id=40"},"modified":"2023-09-19T14:08:33","modified_gmt":"2023-09-19T14:08:33","slug":"skrill","status":"publish","type":"page","link":"https:\/\/gamblingsam.com\/no\/skrill\/","title":{"rendered":"Skrill"},"content":{"rendered":"\n<h1 class=\"wp-block-heading\">Skrill casino &#8211; Bruk Skrill ved innskudd og uttak hos nettcasinoer<\/h1>\n\n\n\n<p>Nordmenn som spiller hos nettcasinoene kan p\u00e5 grunn av de norske reglene som forbyr norske banker og finansinstitusjoner \u00e5 sende eller motta penger fra utenlandske spillselskaper, oppleve utfordringer n\u00e5r det kommer til betalingstransaksjoner. Likevel finnes det betalingsmetoder som gj\u00f8r at man kommer forbi disse reglene. Det gjelder \u00e5 spille hos nettcasinoer som tilbyr godt med betalingsl\u00f8sninger som kredittkort, forh\u00e5ndsbetalte kort, bankoverf\u00f8ringer og elektroniske lommeb\u00f8ker. For nordmenn er det jevnt over e-lommeb\u00f8ker som funger enklest og raskest n\u00e5r man skal sette inn og ta ut penger hos casinoene p\u00e5 nettet.<\/p>\n\n\n\n  <div class=\"top-sites-wrap\">\n\t\t<div class=\"top-sites-row top-sites-heading\"><div class=\"casinocol \">\tCasino<\/div><div class=\"featcol\">Fordeler<\/div><div  class=\"depcol\">Bonus<\/div><div  class=\"ratecol\">Omtale<\/div><div class=\"visitcol \">Spill<\/div>\n       <\/div>\n\n<div class=\"top-sites-row top-sites-body row-1 \">\n         <div  class=\"casinocol\"><span class=\"rankcir\">1<\/span>\n\t\t <a target=\"_blank\" href=\"https:\/\/gamblingsam.com\/no\/go\/casumo\">\n\t\t  <img loading=\"lazy\" decoding=\"async\" width=\"175\" height=\"105\" src=\"https:\/\/gamblingsam.com\/no\/wp-content\/media\/sites\/3\/2020\/04\/casumo.png\" class=\"logocomp wp-post-image\" alt=\"\" \/>\n\t\t\t<\/a>\n\t\t<\/div><div class=\"featcol\"><ul><li>God bonus <\/li><li> Casino eventyr <\/li><li> Mange casinospill<\/li><\/ul>\t<\/div><div class=\"depcol\"><span class=\"hilite\">\u20ac2000<\/span><\/div><div  class=\"ratecol\"><span class=\"rate cen\"> <span class=\"ratetotal\" style=\"width: 98%\"><\/span><\/span><a href=\"https:\/\/gamblingsam.com\/no\/anmeldelse\/casumo\/\" class=\"revlink\">Recension<\/a> <\/div><div class=\"visitcol\"><a target=\"_blank\" href=\"https:\/\/gamblingsam.com\/no\/go\/casumo\" class=\"visbutton\">Spill<\/a><\/div>\n <\/div>\n<div class=\"termsrow\">\n<small>* 18+ | Spela ansvarsfullt | <a href=\"http:\/\/www.stodlinjen.se\" target=\"_blank\" rel=\"nofollow noopener\">St\u00f6dlinjen.se<\/a> | <a href=\"https:\/\/www.spelpaus.se\" target=\"_blank\" rel=\"nofollow noopener\">Spelpaus.se.se<\/a> | <a href=\"\" target=\"_blank\" rel=\"nofollow noopener\">Regler &amp; villkor g\u00e4ller<\/a><\/small><\/div>\n<div class=\"top-sites-row top-sites-body row-2 \">\n         <div  class=\"casinocol\"><span class=\"rankcir\">2<\/span>\n\t\t <a target=\"_blank\" href=\"https:\/\/gamblingsam.com\/no\/go\/mrgreen\">\n\t\t  <img loading=\"lazy\" decoding=\"async\" width=\"300\" height=\"86\" src=\"https:\/\/gamblingsam.com\/no\/wp-content\/media\/sites\/3\/2019\/11\/mr-green-300x86.png\" class=\"logocomp wp-post-image\" alt=\"\" srcset=\"https:\/\/gamblingsam.com\/no\/wp-content\/media\/sites\/3\/2019\/11\/mr-green-300x86.png 300w, https:\/\/gamblingsam.com\/no\/wp-content\/media\/sites\/3\/2019\/11\/mr-green.png 700w\" sizes=\"auto, (max-width: 300px) 100vw, 300px\" \/>\n\t\t\t<\/a>\n\t\t<\/div><div class=\"featcol\"><ul><li>Mange free spins <\/li><li> Godt spillutvalg <\/li><li> Norskspr\u00e5klig kundeservice<\/li><\/ul>\t<\/div><div class=\"depcol\"><span class=\"hilite\">2000 KR<\/span><\/div><div  class=\"ratecol\"><span class=\"rate cen\"> <span class=\"ratetotal\" style=\"width: 96%\"><\/span><\/span><a href=\"https:\/\/gamblingsam.com\/no\/anmeldelse\/mr-green\/\" class=\"revlink\">Recension<\/a> <\/div><div class=\"visitcol\"><a target=\"_blank\" href=\"https:\/\/gamblingsam.com\/no\/go\/mrgreen\" class=\"visbutton\">Spill<\/a><\/div>\n <\/div>\n<div class=\"termsrow\">\n<small>* 18+ | Spela ansvarsfullt | <a href=\"http:\/\/www.stodlinjen.se\" target=\"_blank\" rel=\"nofollow noopener\">St\u00f6dlinjen.se<\/a> | <a href=\"https:\/\/www.spelpaus.se\" target=\"_blank\" rel=\"nofollow noopener\">Spelpaus.se.se<\/a> | <a href=\"\" target=\"_blank\" rel=\"nofollow noopener\">Regler &amp; villkor g\u00e4ller<\/a><\/small><\/div><\/div>\n\n\n\n<h2 class=\"wp-block-heading\">Skrill er verdens st\u00f8rste e-lommebok<\/h2>\n\n\n\n<p>En av e-lommeb\u00f8kene som man finner som betalingsmetode hos nesten alle nettcasinoer er Skrill. Selskapet ble etablert i 2001 som Moneybookers, men endret navn i 2013. Skrill kan man bruke til \u00e5 sette inn penger hos nettcasinoene, men det fungerer like godt n\u00e5r man skal ta ut gevinster. Sammen med Neteller er dette en av de mest kjente og jevnt over aksepterte transaksjonsmetodene for norske nettspillere. Med over 36 millioner brukere verden over og flere hundre tusen brukersteder er Skrill blitt en ekstremt popul\u00e6r betalingsmetode. Gjennom \u00e5rene har Skrill kj\u00f8pt opp b\u00e5de PaysafeCard og UKASH. For tiden eies de av Paysage Group og dermed er de n\u00e5 i samme gruppe som deres tidligere st\u00f8rste konkurrent Neteller.<\/p>\n\n\n\n<h3 class=\"wp-block-heading\">Slik fungerer Skrill hos nettcasinoene<\/h3>\n\n\n\n<p>N\u00e5r du skal gj\u00f8re et innskudd ved bruk av Skrill bestemmer du om du skal ta penger fra bankkontoen din, eller om du skal benytte penger som du eventuelt har p\u00e5 din Skrill-konto eller overf\u00f8re fra ditt bank- eller kredittkort. Det fine med Skrill er at du heller ikke beh\u00f8ver \u00e5 gi i fra deg noen som helst bank- eller kortdetaljer til nettcasinoet. Alt som beh\u00f8ves h\u00e5ndteres av Skrill. N\u00e5r du skal benytte Skrill oppretter du f\u00f8rst en konto ved \u00e5 oppgi e-postadressen din. Deretter m\u00e5 kontoen hos Skrill fylles opp med dine penger enten ved en bank- og kortoverf\u00f8ring. Det raskest er med kort da en bankoverf\u00f8ring fort kan ta 2-5 virkedager. For nordmenn er det gratis \u00e5 benytte bankoverf\u00f8ring til Skrill, men du man alts\u00e5 ha litt god tid. Overf\u00f8res penger med debet- eller kredittkort belastes et gebyr.<\/p>\n\n\n\n<p>N\u00e5r du har penger p\u00e5 Skrill-kontoen din kan du g\u00e5 til betaling hos nettcasinoet og velge Skrill i listen over betalingsmetodene som nettcasinoet aksepterer. S\u00e5 er det bare \u00e5 f\u00f8lge nettcasinoets instruksjoner for \u00e5 fullf\u00f8re et innskudd. N\u00e5r man overf\u00f8rer fra Skrill til en spillekonto hos et <a href=\"https:\/\/gamblingsam.com\/no\/\">nettcasino<\/a> skjer overf\u00f8ringen umiddelbart. Det betyr at man dermed ikke beh\u00f8ver \u00e5 vente p\u00e5 pengene f\u00f8r man kan starte \u00e5 spille. Om det skulle bli gevinster og du \u00f8nsker \u00e5 ta ut disse er det bare \u00e5 overf\u00f8re disse til Skrill-kontoen din. Der kan du ha pengene st\u00e5ende eller overf\u00f8re dem til en bankkonto eller et debet- eller kredittkort.<\/p>\n\n\n\n<h3 class=\"wp-block-heading\">Fordeler og ulemper med Skrill<\/h3>\n\n\n\n<p>Skrill er en brukervennlig tjeneste som lar deg sende og motta penger til\/fra bankkontoer verden rundt helt uten avgifter, betale p\u00e5 massevis av nettsteder samt ta ut penger til din private bankkonto lynraskt eller foreta fysiske kj\u00f8p med Skrills forh\u00e5ndsbetalte bankkort. For <a href=\"https:\/\/gamblingsam.com\/no\/norske-casinoer\">norske casinospillere<\/a> er den st\u00f8rste fordelen at Skrill er et mellomledd mellom deg og nettcasinoet. Dermed kan heller ikke norske banker stoppe overf\u00f8ringer til og fra Skrill-kontoen. Innskudd og uttak g\u00e5r raskt til og fra nettcasinoene.<\/p>\n\n\n\n<p>Avgifter og gebyrer er den eneste ulempen med Skrill. Noen av disse kan virke overfl\u00f8dige, og det kan v\u00e6re surt \u00e5 miste 8-10% av gevinstene sine etter at de er tatt ut. N\u00e5r du setter inn penger koster det 1% i gebyr uansett metode unntatt bankoverf\u00f8ring. For overf\u00f8ringen til nettcasinoet tar Skrill 1,45%. Ved uttak tar Skrill hele 7,5% ved overf\u00f8ring til VISA-kortet. Velger du i stedet en bankoverf\u00f8ring koster det 50 kroner.<\/p>\n\n\n<div class=\"wp-block-image\">\n<figure class=\"aligncenter size-large\"><img loading=\"lazy\" decoding=\"async\" width=\"835\" height=\"300\" src=\"https:\/\/gamblingsam.com\/no\/wp-content\/media\/sites\/3\/2020\/01\/Skrill.png\" alt=\"Skrill casino - Bruk Skrill ved innskudd og uttak hos nettcasinoer\" class=\"wp-image-139\" srcset=\"https:\/\/gamblingsam.com\/no\/wp-content\/media\/sites\/3\/2020\/01\/Skrill.png 835w, https:\/\/gamblingsam.com\/no\/wp-content\/media\/sites\/3\/2020\/01\/Skrill-300x108.png 300w, https:\/\/gamblingsam.com\/no\/wp-content\/media\/sites\/3\/2020\/01\/Skrill-768x276.png 768w\" sizes=\"auto, (max-width: 835px) 100vw, 835px\" \/><\/figure><\/div>\n\n\n<h3 class=\"wp-block-heading\">Skrill oppsummert<\/h3>\n\n\n\n<p>Skrill har masse fordeler som gj\u00f8r e-lommeboken til en gunstig betalingsmetode. Casinobetalinger skjer lynraskt og gevinsten kan brukes umiddelbart om du har et Skrill-kort. For anonymitet er det ogs\u00e5 mye bedre enn l\u00f8sninger som VISA\/MasterCard. Skrill er en popul\u00e6r betalingsmetode hvor transaksjoner til nettcasinoene alltid g\u00e5r smertefritt begge veier om du er villig til \u00e5 betale kostnadene.<\/p>\n","protected":false},"excerpt":{"rendered":"<p>Skrill casino &#8211; Bruk Skrill ved innskudd og uttak hos nettcasinoer Nordmenn som spiller hos nettcasinoene kan p\u00e5 grunn av de norske reglene som forbyr norske banker og finansinstitusjoner \u00e5 <a href=\"https:\/\/gamblingsam.com\/no\/skrill\/\">&#8230;.<\/a><\/p>\n","protected":false},"author":1,"featured_media":0,"parent":0,"menu_order":0,"comment_status":"closed","ping_status":"closed","template":"","meta":{"footnotes":""},"class_list":["post-40","page","type-page","status-publish","hentry"],"yoast_head":"<!-- This site is optimized with the Yoast SEO plugin v27.5 - https:\/\/yoast.com\/product\/yoast-seo-wordpress\/ -->\n<title>Skrill casino - Bruk Skrill ved innskudd og uttak hos nettcasinoer<\/title>\n<meta name=\"description\" content=\"\u00c5pne konto hos Skrill og bruk det som betalingsmetode n\u00e5r du spiller casino. Her kan du lese mer om e-lommeboken Skrill, hvordan du bruker den samt fordeler og ulemper med Skrill.\" \/>\n<meta name=\"robots\" content=\"index, follow, max-snippet:-1, max-image-preview:large, max-video-preview:-1\" \/>\n<link rel=\"canonical\" href=\"https:\/\/gamblingsam.com\/no\/skrill\/\" \/>\n<meta property=\"og:locale\" content=\"nb_NO\" \/>\n<meta property=\"og:type\" content=\"article\" \/>\n<meta property=\"og:title\" content=\"Skrill casino - Bruk Skrill ved innskudd og uttak hos nettcasinoer\" \/>\n<meta property=\"og:description\" content=\"\u00c5pne konto hos Skrill og bruk det som betalingsmetode n\u00e5r du spiller casino. Her kan du lese mer om e-lommeboken Skrill, hvordan du bruker den samt fordeler og ulemper med Skrill.\" \/>\n<meta property=\"og:url\" content=\"https:\/\/gamblingsam.com\/no\/skrill\/\" \/>\n<meta property=\"og:site_name\" content=\"GamblingSam.com\" \/>\n<meta property=\"article:modified_time\" content=\"2023-09-19T14:08:33+00:00\" \/>\n<meta property=\"og:image\" content=\"https:\/\/gamblingsam.com\/no\/wp-content\/media\/sites\/3\/2020\/01\/Skrill.png\" \/>\n<meta name=\"twitter:card\" content=\"summary_large_image\" \/>\n<script type=\"application\/ld+json\" class=\"yoast-schema-graph\">{\"@context\":\"https:\\\/\\\/schema.org\",\"@graph\":[{\"@type\":\"WebPage\",\"@id\":\"https:\\\/\\\/gamblingsam.com\\\/no\\\/skrill\\\/\",\"url\":\"https:\\\/\\\/gamblingsam.com\\\/no\\\/skrill\\\/\",\"name\":\"Skrill casino - Bruk Skrill ved innskudd og uttak hos nettcasinoer\",\"isPartOf\":{\"@id\":\"https:\\\/\\\/gamblingsam.com\\\/no\\\/#website\"},\"primaryImageOfPage\":{\"@id\":\"https:\\\/\\\/gamblingsam.com\\\/no\\\/skrill\\\/#primaryimage\"},\"image\":{\"@id\":\"https:\\\/\\\/gamblingsam.com\\\/no\\\/skrill\\\/#primaryimage\"},\"thumbnailUrl\":\"https:\\\/\\\/gamblingsam.com\\\/no\\\/wp-content\\\/media\\\/sites\\\/3\\\/2020\\\/01\\\/Skrill.png\",\"datePublished\":\"2019-11-12T13:43:56+00:00\",\"dateModified\":\"2023-09-19T14:08:33+00:00\",\"description\":\"\u00c5pne konto hos Skrill og bruk det som betalingsmetode n\u00e5r du spiller casino. Her kan du lese mer om e-lommeboken Skrill, hvordan du bruker den samt fordeler og ulemper med Skrill.\",\"breadcrumb\":{\"@id\":\"https:\\\/\\\/gamblingsam.com\\\/no\\\/skrill\\\/#breadcrumb\"},\"inLanguage\":\"nb-NO\",\"potentialAction\":[{\"@type\":\"ReadAction\",\"target\":[\"https:\\\/\\\/gamblingsam.com\\\/no\\\/skrill\\\/\"]}]},{\"@type\":\"ImageObject\",\"inLanguage\":\"nb-NO\",\"@id\":\"https:\\\/\\\/gamblingsam.com\\\/no\\\/skrill\\\/#primaryimage\",\"url\":\"https:\\\/\\\/gamblingsam.com\\\/no\\\/wp-content\\\/media\\\/sites\\\/3\\\/2020\\\/01\\\/Skrill.png\",\"contentUrl\":\"https:\\\/\\\/gamblingsam.com\\\/no\\\/wp-content\\\/media\\\/sites\\\/3\\\/2020\\\/01\\\/Skrill.png\",\"width\":835,\"height\":300},{\"@type\":\"BreadcrumbList\",\"@id\":\"https:\\\/\\\/gamblingsam.com\\\/no\\\/skrill\\\/#breadcrumb\",\"itemListElement\":[{\"@type\":\"ListItem\",\"position\":1,\"name\":\"Home\",\"item\":\"https:\\\/\\\/gamblingsam.com\\\/no\\\/\"},{\"@type\":\"ListItem\",\"position\":2,\"name\":\"Skrill\"}]},{\"@type\":\"WebSite\",\"@id\":\"https:\\\/\\\/gamblingsam.com\\\/no\\\/#website\",\"url\":\"https:\\\/\\\/gamblingsam.com\\\/no\\\/\",\"name\":\"GamblingSam.com\",\"description\":\"\",\"potentialAction\":[{\"@type\":\"SearchAction\",\"target\":{\"@type\":\"EntryPoint\",\"urlTemplate\":\"https:\\\/\\\/gamblingsam.com\\\/no\\\/?s={search_term_string}\"},\"query-input\":{\"@type\":\"PropertyValueSpecification\",\"valueRequired\":true,\"valueName\":\"search_term_string\"}}],\"inLanguage\":\"nb-NO\"}]}<\/script>\n<!-- \/ Yoast SEO plugin. -->","yoast_head_json":{"title":"Skrill casino - Bruk Skrill ved innskudd og uttak hos nettcasinoer","description":"\u00c5pne konto hos Skrill og bruk det som betalingsmetode n\u00e5r du spiller casino. Her kan du lese mer om e-lommeboken Skrill, hvordan du bruker den samt fordeler og ulemper med Skrill.","robots":{"index":"index","follow":"follow","max-snippet":"max-snippet:-1","max-image-preview":"max-image-preview:large","max-video-preview":"max-video-preview:-1"},"canonical":"https:\/\/gamblingsam.com\/no\/skrill\/","og_locale":"nb_NO","og_type":"article","og_title":"Skrill casino - Bruk Skrill ved innskudd og uttak hos nettcasinoer","og_description":"\u00c5pne konto hos Skrill og bruk det som betalingsmetode n\u00e5r du spiller casino. Her kan du lese mer om e-lommeboken Skrill, hvordan du bruker den samt fordeler og ulemper med Skrill.","og_url":"https:\/\/gamblingsam.com\/no\/skrill\/","og_site_name":"GamblingSam.com","article_modified_time":"2023-09-19T14:08:33+00:00","og_image":[{"url":"https:\/\/gamblingsam.com\/no\/wp-content\/media\/sites\/3\/2020\/01\/Skrill.png","type":"","width":"","height":""}],"twitter_card":"summary_large_image","schema":{"@context":"https:\/\/schema.org","@graph":[{"@type":"WebPage","@id":"https:\/\/gamblingsam.com\/no\/skrill\/","url":"https:\/\/gamblingsam.com\/no\/skrill\/","name":"Skrill casino - Bruk Skrill ved innskudd og uttak hos nettcasinoer","isPartOf":{"@id":"https:\/\/gamblingsam.com\/no\/#website"},"primaryImageOfPage":{"@id":"https:\/\/gamblingsam.com\/no\/skrill\/#primaryimage"},"image":{"@id":"https:\/\/gamblingsam.com\/no\/skrill\/#primaryimage"},"thumbnailUrl":"https:\/\/gamblingsam.com\/no\/wp-content\/media\/sites\/3\/2020\/01\/Skrill.png","datePublished":"2019-11-12T13:43:56+00:00","dateModified":"2023-09-19T14:08:33+00:00","description":"\u00c5pne konto hos Skrill og bruk det som betalingsmetode n\u00e5r du spiller casino. Her kan du lese mer om e-lommeboken Skrill, hvordan du bruker den samt fordeler og ulemper med Skrill.","breadcrumb":{"@id":"https:\/\/gamblingsam.com\/no\/skrill\/#breadcrumb"},"inLanguage":"nb-NO","potentialAction":[{"@type":"ReadAction","target":["https:\/\/gamblingsam.com\/no\/skrill\/"]}]},{"@type":"ImageObject","inLanguage":"nb-NO","@id":"https:\/\/gamblingsam.com\/no\/skrill\/#primaryimage","url":"https:\/\/gamblingsam.com\/no\/wp-content\/media\/sites\/3\/2020\/01\/Skrill.png","contentUrl":"https:\/\/gamblingsam.com\/no\/wp-content\/media\/sites\/3\/2020\/01\/Skrill.png","width":835,"height":300},{"@type":"BreadcrumbList","@id":"https:\/\/gamblingsam.com\/no\/skrill\/#breadcrumb","itemListElement":[{"@type":"ListItem","position":1,"name":"Home","item":"https:\/\/gamblingsam.com\/no\/"},{"@type":"ListItem","position":2,"name":"Skrill"}]},{"@type":"WebSite","@id":"https:\/\/gamblingsam.com\/no\/#website","url":"https:\/\/gamblingsam.com\/no\/","name":"GamblingSam.com","description":"","potentialAction":[{"@type":"SearchAction","target":{"@type":"EntryPoint","urlTemplate":"https:\/\/gamblingsam.com\/no\/?s={search_term_string}"},"query-input":{"@type":"PropertyValueSpecification","valueRequired":true,"valueName":"search_term_string"}}],"inLanguage":"nb-NO"}]}},"_links":{"self":[{"href":"https:\/\/gamblingsam.com\/no\/wp-json\/wp\/v2\/pages\/40","targetHints":{"allow":["GET"]}}],"collection":[{"href":"https:\/\/gamblingsam.com\/no\/wp-json\/wp\/v2\/pages"}],"about":[{"href":"https:\/\/gamblingsam.com\/no\/wp-json\/wp\/v2\/types\/page"}],"author":[{"embeddable":true,"href":"https:\/\/gamblingsam.com\/no\/wp-json\/wp\/v2\/users\/1"}],"replies":[{"embeddable":true,"href":"https:\/\/gamblingsam.com\/no\/wp-json\/wp\/v2\/comments?post=40"}],"version-history":[{"count":5,"href":"https:\/\/gamblingsam.com\/no\/wp-json\/wp\/v2\/pages\/40\/revisions"}],"predecessor-version":[{"id":305,"href":"https:\/\/gamblingsam.com\/no\/wp-json\/wp\/v2\/pages\/40\/revisions\/305"}],"wp:attachment":[{"href":"https:\/\/gamblingsam.com\/no\/wp-json\/wp\/v2\/media?parent=40"}],"curies":[{"name":"wp","href":"https:\/\/api.w.org\/{rel}","templated":true}]}}