{"id":44,"date":"2019-11-13T07:43:44","date_gmt":"2019-11-13T07:43:44","guid":{"rendered":"https:\/\/gamblingsam.com\/no\/?page_id=44"},"modified":"2023-09-19T14:07:34","modified_gmt":"2023-09-19T14:07:34","slug":"slots","status":"publish","type":"page","link":"https:\/\/gamblingsam.com\/no\/slots\/","title":{"rendered":"Slots"},"content":{"rendered":"\n<h1 class=\"wp-block-heading\">Online slots &#8211; Spinn p\u00e5 spilleautomater hos et nettcasino<\/h1>\n\n\n\n<p>Du bruker ikke mange sekundene n\u00e5r du ser p\u00e5 spillutvalget hos <a href=\"https:\/\/gamblingsam.com\/no\/\">casinoene p\u00e5 nettet<\/a> f\u00f8r du oppdager at det er en type spill som utgj\u00f8r majoriteten av spillene. Dette er spill med samlebetegnelsen spilleautomater eller slots. I denne kategorien spill finner man ogs\u00e5 automater med progressive jackpotter. Hvorfor det er slik er det nok flere grunner til. En av \u00e5rsakene kan v\u00e6re at alle som utvikler spill for casino helst vil utvikle slots siden dette er automater med forskjellig tematikk. P\u00e5 det viset kan spilleverand\u00f8rene lettere skille seg fra konkurrentene. Hoved\u00e5rsaken er nok likevel at casinospillere rett og slett foretrekker \u00e5 spille p\u00e5 denne typen casinospill. Dermed gj\u00f8r den store ettersp\u00f8rselen etter slots at de aller fleste spillutviklerne prioriteter \u00e5 designe denne typen spill. Samtidig henger nok ogs\u00e5 spilleautomatenes popularitet sammen med at det er enkelt \u00e5 spille p\u00e5 dem og at de ikke krever noen som helst forh\u00e5ndskunnskap om regler. P\u00e5 slots er det rett og slett bare \u00e5 logge seg inn og trykke p\u00e5 spillknappen.<\/p>\n\n\n\n  <div class=\"top-sites-wrap\">\n\t\t<div class=\"top-sites-row top-sites-heading\"><div class=\"casinocol \">\tCasino<\/div><div class=\"featcol\">Fordeler<\/div><div  class=\"depcol\">Bonus<\/div><div  class=\"ratecol\">Omtale<\/div><div class=\"visitcol \">Spill<\/div>\n       <\/div>\n\n<div class=\"top-sites-row top-sites-body row-1 \">\n         <div  class=\"casinocol\"><span class=\"rankcir\">1<\/span>\n\t\t <a target=\"_blank\" href=\"https:\/\/gamblingsam.com\/no\/go\/casumo\">\n\t\t  <img loading=\"lazy\" decoding=\"async\" width=\"175\" height=\"105\" src=\"https:\/\/gamblingsam.com\/no\/wp-content\/media\/sites\/3\/2020\/04\/casumo.png\" class=\"logocomp wp-post-image\" alt=\"\" \/>\n\t\t\t<\/a>\n\t\t<\/div><div class=\"featcol\"><ul><li>God bonus <\/li><li> Casino eventyr <\/li><li> Mange casinospill<\/li><\/ul>\t<\/div><div class=\"depcol\"><span class=\"hilite\">\u20ac2000<\/span><\/div><div  class=\"ratecol\"><span class=\"rate cen\"> <span class=\"ratetotal\" style=\"width: 98%\"><\/span><\/span><a href=\"https:\/\/gamblingsam.com\/no\/anmeldelse\/casumo\/\" class=\"revlink\">Recension<\/a> <\/div><div class=\"visitcol\"><a target=\"_blank\" href=\"https:\/\/gamblingsam.com\/no\/go\/casumo\" class=\"visbutton\">Spill<\/a><\/div>\n <\/div>\n<div class=\"termsrow\">\n<small>* 18+ | Spela ansvarsfullt | <a href=\"http:\/\/www.stodlinjen.se\" target=\"_blank\" rel=\"nofollow noopener\">St\u00f6dlinjen.se<\/a> | <a href=\"https:\/\/www.spelpaus.se\" target=\"_blank\" rel=\"nofollow noopener\">Spelpaus.se.se<\/a> | <a href=\"\" target=\"_blank\" rel=\"nofollow noopener\">Regler &amp; villkor g\u00e4ller<\/a><\/small><\/div>\n<div class=\"top-sites-row top-sites-body row-2 \">\n         <div  class=\"casinocol\"><span class=\"rankcir\">2<\/span>\n\t\t <a target=\"_blank\" href=\"https:\/\/gamblingsam.com\/no\/go\/mrgreen\">\n\t\t  <img loading=\"lazy\" decoding=\"async\" width=\"300\" height=\"86\" src=\"https:\/\/gamblingsam.com\/no\/wp-content\/media\/sites\/3\/2019\/11\/mr-green-300x86.png\" class=\"logocomp wp-post-image\" alt=\"\" srcset=\"https:\/\/gamblingsam.com\/no\/wp-content\/media\/sites\/3\/2019\/11\/mr-green-300x86.png 300w, https:\/\/gamblingsam.com\/no\/wp-content\/media\/sites\/3\/2019\/11\/mr-green.png 700w\" sizes=\"auto, (max-width: 300px) 100vw, 300px\" \/>\n\t\t\t<\/a>\n\t\t<\/div><div class=\"featcol\"><ul><li>Mange free spins <\/li><li> Godt spillutvalg <\/li><li> Norskspr\u00e5klig kundeservice<\/li><\/ul>\t<\/div><div class=\"depcol\"><span class=\"hilite\">2000 KR<\/span><\/div><div  class=\"ratecol\"><span class=\"rate cen\"> <span class=\"ratetotal\" style=\"width: 96%\"><\/span><\/span><a href=\"https:\/\/gamblingsam.com\/no\/anmeldelse\/mr-green\/\" class=\"revlink\">Recension<\/a> <\/div><div class=\"visitcol\"><a target=\"_blank\" href=\"https:\/\/gamblingsam.com\/no\/go\/mrgreen\" class=\"visbutton\">Spill<\/a><\/div>\n <\/div>\n<div class=\"termsrow\">\n<small>* 18+ | Spela ansvarsfullt | <a href=\"http:\/\/www.stodlinjen.se\" target=\"_blank\" rel=\"nofollow noopener\">St\u00f6dlinjen.se<\/a> | <a href=\"https:\/\/www.spelpaus.se\" target=\"_blank\" rel=\"nofollow noopener\">Spelpaus.se.se<\/a> | <a href=\"\" target=\"_blank\" rel=\"nofollow noopener\">Regler &amp; villkor g\u00e4ller<\/a><\/small><\/div><\/div>\n\n\n\n<h2 class=\"wp-block-heading\">Det er enkelt \u00e5 spille p\u00e5 slots<\/h2>\n\n\n\n<p>Siden slots er lett tilgjengelig for alle spillere uansett utdannelse og kunnskapsniv\u00e5, medf\u00f8rer det at de fleste casinospillerne bruker mest tid p\u00e5 denne typen spill. Det finnes regler for hver automat som det er greit \u00e5 sette seg inn i, men det er ikke n\u00f8dvendig for \u00e5 spille. P\u00e5 alle automater er det bare \u00e5 velge hvor mye man vil satse p\u00e5 hver runde og deretter trykke p\u00e5 start. P\u00e5 automatene beh\u00f8ver man ikke engang \u00e5 trykke for hver runde siden det ogs\u00e5 er en knapp for autospill, som gj\u00f8r at man kan velge hvor mange runder det skal spilles f\u00f8r man tar pause og eventuelt spinner p\u00e5 nytt igjen. Siden det ikke er spesielle regler for hvordan man spiller og man ikke trenger \u00e5 tenke taktikk og strategi, er spilleautomater lett tilgjengelige for alle og passer for alle typer spillere. Derfor er de popul\u00e6re og etterspurte, og derfor ser man ogs\u00e5 mange forskjellige av dem i spillportef\u00f8ljene hos nettcasinoene.<\/p>\n\n\n\n<h3 class=\"wp-block-heading\">Spilleautomater er en fellesbetegnelse for flere typer automater<\/h3>\n\n\n\n<p>Strengt tatt er vel alle spill hos nettcasinoene spilleautomater, men det er automater med rader og hjul som plasseres i denne kategorien. Innenfor spilleautomatkategorien kan man igjen dele opp i klassiske spilleautomater og videoautomater. Klassikerne er som oftest de automatene som kom f\u00f8rst hos nettcasinoene. De er enkle i designet og minner mye om de fysiske spilleautomatene man fant rundt omkring p\u00e5 kiosker, butikk, arkader og caf\u00e8er. Etter nettcasinones spede begynnelse har den teknologiske utviklingen v\u00e6rt stor og det er dermed blitt utviklet stadig mer avanserte slots. Slike moderne videoautomater utgj\u00f8r forlengst st\u00f8rsteparten av spilleautomatene, og det er ingen grunn til \u00e5 tro at det vil forandre seg. Mesteparten av det som utvikles av nye slots i dag er videoautomater og skillet mellom disse to typene automater vil forsvinne slik at fellesbetegnelsen hos <a href=\"https:\/\/gamblingsam.com\/no\/norske-casinoer\">nettcasinoene<\/a> blir spilleautomater.<\/p>\n\n\n\n<h3 class=\"wp-block-heading\">Slik er spilleautomater designet og oppbygd<\/h3>\n\n\n<div class=\"wp-block-image\">\n<figure class=\"alignright size-large is-resized\"><img loading=\"lazy\" decoding=\"async\" src=\"https:\/\/gamblingsam.com\/no\/wp-content\/media\/sites\/3\/2020\/01\/Mega-Joker-SWE-NO-1024x555.png\" alt=\"Online slots - Spinn p\u00e5 spilleautomater hos et nettcasino\" class=\"wp-image-135\" style=\"width:446px;height:241px\" width=\"446\" height=\"241\" srcset=\"https:\/\/gamblingsam.com\/no\/wp-content\/media\/sites\/3\/2020\/01\/Mega-Joker-SWE-NO-1024x555.png 1024w, https:\/\/gamblingsam.com\/no\/wp-content\/media\/sites\/3\/2020\/01\/Mega-Joker-SWE-NO-300x162.png 300w, https:\/\/gamblingsam.com\/no\/wp-content\/media\/sites\/3\/2020\/01\/Mega-Joker-SWE-NO-768x416.png 768w, https:\/\/gamblingsam.com\/no\/wp-content\/media\/sites\/3\/2020\/01\/Mega-Joker-SWE-NO.png 1418w\" sizes=\"auto, (max-width: 446px) 100vw, 446px\" \/><\/figure><\/div>\n\n\n<p>Alle spilleautomater har rader, hjul og gevinstlinjer. Slik er det uansett om det benyttes avalanche- eller Megaways-teknologi. Klassikere er enkle i designet og har f\u00e5 gevinstlinjer, mens moderne kan ha over hundretusen m\u00e5ter \u00e5 vinne p\u00e5. Dermed vinner man i dag p\u00e5 kryss og tvers og i alle retninger, mens man p\u00e5 klassikerne vant p\u00e5 f\u00e5 gevinstlinjer fra venstre til h\u00f8yre p\u00e5 automaten. Dette inneb\u00e6rer ogs\u00e5 at du kan vinne mye st\u00f8rre gevinster p\u00e5 spilleautomatene. P\u00e5 moderne slots velger man hvor mye man skal spille for p\u00e5 hvert spinn. Mange automater tillater 1000-4000 kroner per spinn. Dette i motsetning til klassikeren Kroneautomaten hvor maksimal innsats er 1 krone. Slots som utvikles i dag<\/p>\n\n\n\n<p>har ofte imponerende lyd og grafikk og dette gj\u00f8r det enkelt \u00e5 leve seg inn i spillene. N\u00e5r man samtidig velger tematikk som appellerer til en blir det ofte veldig reelt og virkelighetsn\u00e6rt. Det kan ogs\u00e5 legges til at moderne slots nesten alltid har tilleggsfunksjoner som gir flere muligheter for gevinst og st\u00f8rre gevinster. Det kan v\u00e6re funksjoner som respinn, <a href=\"https:\/\/gamblingsam.com\/no\/free-spins\">gratisspinnrunder<\/a> og multiplikatorer. En god del slots har ogs\u00e5 et eget spill i spillet.<\/p>\n\n\n\n<h3 class=\"wp-block-heading\">Slots med jackpot kan endre livet ditt<\/h3>\n\n\n\n<p>Gevinsten kan bli stor p\u00e5 mange av de vanlige spilleautomatene, men skal man f\u00e5 en livsendrende gevinst m\u00e5 det spilles p\u00e5 automater med progressive jackpotter. En progressiv jackpot fortsetter \u00e5 vokse frem til en heldig spiller tar den. Disse spiller man p\u00e5 som andre spilleautomater, men kommer man inn i jackpotspillet kan man alts\u00e5 sikre seg en megagevinst om man har lykken med seg. Norgesrekorden er p\u00e5 over 92 millioner kroner.<\/p>\n","protected":false},"excerpt":{"rendered":"<p>Online slots &#8211; Spinn p\u00e5 spilleautomater hos et nettcasino Du bruker ikke mange sekundene n\u00e5r du ser p\u00e5 spillutvalget hos casinoene p\u00e5 nettet f\u00f8r du oppdager at det er en <a href=\"https:\/\/gamblingsam.com\/no\/slots\/\">&#8230;.<\/a><\/p>\n","protected":false},"author":1,"featured_media":0,"parent":0,"menu_order":0,"comment_status":"closed","ping_status":"closed","template":"","meta":{"footnotes":""},"class_list":["post-44","page","type-page","status-publish","hentry"],"yoast_head":"<!-- This site is optimized with the Yoast SEO plugin v27.5 - https:\/\/yoast.com\/product\/yoast-seo-wordpress\/ -->\n<title>Online slots - Spinn p\u00e5 spilleautomater hos et nettcasino<\/title>\n<meta name=\"description\" content=\"Pr\u00f8v lykken p\u00e5 slots hos casinoer p\u00e5 nettet. Her kan du lese mer om de forskjellige typene slots. Hvordan klassiske spilleautomater, moderne videoautomater og jackpot-automater er designet.\" \/>\n<meta name=\"robots\" content=\"index, follow, max-snippet:-1, max-image-preview:large, max-video-preview:-1\" \/>\n<link rel=\"canonical\" href=\"https:\/\/gamblingsam.com\/no\/slots\/\" \/>\n<meta property=\"og:locale\" content=\"nb_NO\" \/>\n<meta property=\"og:type\" content=\"article\" \/>\n<meta property=\"og:title\" content=\"Online slots - Spinn p\u00e5 spilleautomater hos et nettcasino\" \/>\n<meta property=\"og:description\" content=\"Pr\u00f8v lykken p\u00e5 slots hos casinoer p\u00e5 nettet. Her kan du lese mer om de forskjellige typene slots. Hvordan klassiske spilleautomater, moderne videoautomater og jackpot-automater er designet.\" \/>\n<meta property=\"og:url\" content=\"https:\/\/gamblingsam.com\/no\/slots\/\" \/>\n<meta property=\"og:site_name\" content=\"GamblingSam.com\" \/>\n<meta property=\"article:modified_time\" content=\"2023-09-19T14:07:34+00:00\" \/>\n<meta property=\"og:image\" content=\"https:\/\/gamblingsam.com\/no\/wp-content\/media\/sites\/3\/2020\/01\/Mega-Joker-SWE-NO-1024x555.png\" \/>\n<meta name=\"twitter:card\" content=\"summary_large_image\" \/>\n<meta name=\"twitter:label1\" content=\"Ansl. lesetid\" \/>\n\t<meta name=\"twitter:data1\" content=\"5 minutter\" \/>\n<script type=\"application\/ld+json\" class=\"yoast-schema-graph\">{\"@context\":\"https:\\\/\\\/schema.org\",\"@graph\":[{\"@type\":\"WebPage\",\"@id\":\"https:\\\/\\\/gamblingsam.com\\\/no\\\/slots\\\/\",\"url\":\"https:\\\/\\\/gamblingsam.com\\\/no\\\/slots\\\/\",\"name\":\"Online slots - Spinn p\u00e5 spilleautomater hos et nettcasino\",\"isPartOf\":{\"@id\":\"https:\\\/\\\/gamblingsam.com\\\/no\\\/#website\"},\"primaryImageOfPage\":{\"@id\":\"https:\\\/\\\/gamblingsam.com\\\/no\\\/slots\\\/#primaryimage\"},\"image\":{\"@id\":\"https:\\\/\\\/gamblingsam.com\\\/no\\\/slots\\\/#primaryimage\"},\"thumbnailUrl\":\"https:\\\/\\\/gamblingsam.com\\\/no\\\/wp-content\\\/media\\\/sites\\\/3\\\/2020\\\/01\\\/Mega-Joker-SWE-NO-1024x555.png\",\"datePublished\":\"2019-11-13T07:43:44+00:00\",\"dateModified\":\"2023-09-19T14:07:34+00:00\",\"description\":\"Pr\u00f8v lykken p\u00e5 slots hos casinoer p\u00e5 nettet. Her kan du lese mer om de forskjellige typene slots. Hvordan klassiske spilleautomater, moderne videoautomater og jackpot-automater er designet.\",\"breadcrumb\":{\"@id\":\"https:\\\/\\\/gamblingsam.com\\\/no\\\/slots\\\/#breadcrumb\"},\"inLanguage\":\"nb-NO\",\"potentialAction\":[{\"@type\":\"ReadAction\",\"target\":[\"https:\\\/\\\/gamblingsam.com\\\/no\\\/slots\\\/\"]}]},{\"@type\":\"ImageObject\",\"inLanguage\":\"nb-NO\",\"@id\":\"https:\\\/\\\/gamblingsam.com\\\/no\\\/slots\\\/#primaryimage\",\"url\":\"https:\\\/\\\/gamblingsam.com\\\/no\\\/wp-content\\\/media\\\/sites\\\/3\\\/2020\\\/01\\\/Mega-Joker-SWE-NO.png\",\"contentUrl\":\"https:\\\/\\\/gamblingsam.com\\\/no\\\/wp-content\\\/media\\\/sites\\\/3\\\/2020\\\/01\\\/Mega-Joker-SWE-NO.png\",\"width\":1418,\"height\":768},{\"@type\":\"BreadcrumbList\",\"@id\":\"https:\\\/\\\/gamblingsam.com\\\/no\\\/slots\\\/#breadcrumb\",\"itemListElement\":[{\"@type\":\"ListItem\",\"position\":1,\"name\":\"Home\",\"item\":\"https:\\\/\\\/gamblingsam.com\\\/no\\\/\"},{\"@type\":\"ListItem\",\"position\":2,\"name\":\"Slots\"}]},{\"@type\":\"WebSite\",\"@id\":\"https:\\\/\\\/gamblingsam.com\\\/no\\\/#website\",\"url\":\"https:\\\/\\\/gamblingsam.com\\\/no\\\/\",\"name\":\"GamblingSam.com\",\"description\":\"\",\"potentialAction\":[{\"@type\":\"SearchAction\",\"target\":{\"@type\":\"EntryPoint\",\"urlTemplate\":\"https:\\\/\\\/gamblingsam.com\\\/no\\\/?s={search_term_string}\"},\"query-input\":{\"@type\":\"PropertyValueSpecification\",\"valueRequired\":true,\"valueName\":\"search_term_string\"}}],\"inLanguage\":\"nb-NO\"}]}<\/script>\n<!-- \/ Yoast SEO plugin. -->","yoast_head_json":{"title":"Online slots - Spinn p\u00e5 spilleautomater hos et nettcasino","description":"Pr\u00f8v lykken p\u00e5 slots hos casinoer p\u00e5 nettet. Her kan du lese mer om de forskjellige typene slots. Hvordan klassiske spilleautomater, moderne videoautomater og jackpot-automater er designet.","robots":{"index":"index","follow":"follow","max-snippet":"max-snippet:-1","max-image-preview":"max-image-preview:large","max-video-preview":"max-video-preview:-1"},"canonical":"https:\/\/gamblingsam.com\/no\/slots\/","og_locale":"nb_NO","og_type":"article","og_title":"Online slots - Spinn p\u00e5 spilleautomater hos et nettcasino","og_description":"Pr\u00f8v lykken p\u00e5 slots hos casinoer p\u00e5 nettet. Her kan du lese mer om de forskjellige typene slots. Hvordan klassiske spilleautomater, moderne videoautomater og jackpot-automater er designet.","og_url":"https:\/\/gamblingsam.com\/no\/slots\/","og_site_name":"GamblingSam.com","article_modified_time":"2023-09-19T14:07:34+00:00","og_image":[{"url":"https:\/\/gamblingsam.com\/no\/wp-content\/media\/sites\/3\/2020\/01\/Mega-Joker-SWE-NO-1024x555.png","type":"","width":"","height":""}],"twitter_card":"summary_large_image","twitter_misc":{"Ansl. lesetid":"5 minutter"},"schema":{"@context":"https:\/\/schema.org","@graph":[{"@type":"WebPage","@id":"https:\/\/gamblingsam.com\/no\/slots\/","url":"https:\/\/gamblingsam.com\/no\/slots\/","name":"Online slots - Spinn p\u00e5 spilleautomater hos et nettcasino","isPartOf":{"@id":"https:\/\/gamblingsam.com\/no\/#website"},"primaryImageOfPage":{"@id":"https:\/\/gamblingsam.com\/no\/slots\/#primaryimage"},"image":{"@id":"https:\/\/gamblingsam.com\/no\/slots\/#primaryimage"},"thumbnailUrl":"https:\/\/gamblingsam.com\/no\/wp-content\/media\/sites\/3\/2020\/01\/Mega-Joker-SWE-NO-1024x555.png","datePublished":"2019-11-13T07:43:44+00:00","dateModified":"2023-09-19T14:07:34+00:00","description":"Pr\u00f8v lykken p\u00e5 slots hos casinoer p\u00e5 nettet. Her kan du lese mer om de forskjellige typene slots. Hvordan klassiske spilleautomater, moderne videoautomater og jackpot-automater er designet.","breadcrumb":{"@id":"https:\/\/gamblingsam.com\/no\/slots\/#breadcrumb"},"inLanguage":"nb-NO","potentialAction":[{"@type":"ReadAction","target":["https:\/\/gamblingsam.com\/no\/slots\/"]}]},{"@type":"ImageObject","inLanguage":"nb-NO","@id":"https:\/\/gamblingsam.com\/no\/slots\/#primaryimage","url":"https:\/\/gamblingsam.com\/no\/wp-content\/media\/sites\/3\/2020\/01\/Mega-Joker-SWE-NO.png","contentUrl":"https:\/\/gamblingsam.com\/no\/wp-content\/media\/sites\/3\/2020\/01\/Mega-Joker-SWE-NO.png","width":1418,"height":768},{"@type":"BreadcrumbList","@id":"https:\/\/gamblingsam.com\/no\/slots\/#breadcrumb","itemListElement":[{"@type":"ListItem","position":1,"name":"Home","item":"https:\/\/gamblingsam.com\/no\/"},{"@type":"ListItem","position":2,"name":"Slots"}]},{"@type":"WebSite","@id":"https:\/\/gamblingsam.com\/no\/#website","url":"https:\/\/gamblingsam.com\/no\/","name":"GamblingSam.com","description":"","potentialAction":[{"@type":"SearchAction","target":{"@type":"EntryPoint","urlTemplate":"https:\/\/gamblingsam.com\/no\/?s={search_term_string}"},"query-input":{"@type":"PropertyValueSpecification","valueRequired":true,"valueName":"search_term_string"}}],"inLanguage":"nb-NO"}]}},"_links":{"self":[{"href":"https:\/\/gamblingsam.com\/no\/wp-json\/wp\/v2\/pages\/44","targetHints":{"allow":["GET"]}}],"collection":[{"href":"https:\/\/gamblingsam.com\/no\/wp-json\/wp\/v2\/pages"}],"about":[{"href":"https:\/\/gamblingsam.com\/no\/wp-json\/wp\/v2\/types\/page"}],"author":[{"embeddable":true,"href":"https:\/\/gamblingsam.com\/no\/wp-json\/wp\/v2\/users\/1"}],"replies":[{"embeddable":true,"href":"https:\/\/gamblingsam.com\/no\/wp-json\/wp\/v2\/comments?post=44"}],"version-history":[{"count":7,"href":"https:\/\/gamblingsam.com\/no\/wp-json\/wp\/v2\/pages\/44\/revisions"}],"predecessor-version":[{"id":300,"href":"https:\/\/gamblingsam.com\/no\/wp-json\/wp\/v2\/pages\/44\/revisions\/300"}],"wp:attachment":[{"href":"https:\/\/gamblingsam.com\/no\/wp-json\/wp\/v2\/media?parent=44"}],"curies":[{"name":"wp","href":"https:\/\/api.w.org\/{rel}","templated":true}]}}