{"id":47,"date":"2019-11-13T08:11:45","date_gmt":"2019-11-13T08:11:45","guid":{"rendered":"https:\/\/gamblingsam.com\/no\/?page_id=47"},"modified":"2023-09-19T14:09:12","modified_gmt":"2023-09-19T14:09:12","slug":"playtech","status":"publish","type":"page","link":"https:\/\/gamblingsam.com\/no\/playtech\/","title":{"rendered":"Playtech"},"content":{"rendered":"\n<h1 class=\"wp-block-heading\">Playtech &#8211; Pr\u00f8v et casinospill fra spilleverand\u00f8ren Playtech<\/h1>\n\n\n\n<p>Det finnes mange store softwareselskaper innenfor casinoindustrien. Ett av disse er Playtech som ble grunnlagt i 1999. Selskapet leverer et stort og variert utvalg av spill for nettcasinoer. Det inneb\u00e6rer casinospill, pokerrom, bingorom, sport, skrapelodd, <a href=\"https:\/\/gamblingsam.com\/no\/mobil-casino\">mobil casino<\/a> og Live Casino. Selskapet har base p\u00e5 Isle of Man og er notert p\u00e5 London-b\u00f8rsen. Playtech lanserte sitt f\u00f8rste casinoprodukt i 2001 og siden har det g\u00e5tt slag i slag frem til at selskapet i dag er blitt verdens ledende og st\u00f8rste internasjonale designer, utvikler og lisensgiver for nett- og mobilprogramvare til den digitale spillindustrien. I mai 2016 kj\u00f8pte de den svenske spillutvikleren Quickspin. Selv om Playtech i l\u00f8pet av \u00e5rene er blitt et av verdens st\u00f8rste casinoselskaper er det ikke n\u00f8dvendigvis s\u00e5 kjent blant norske casinospillere. Det er fordi selskapet gjennom \u00e5rene har kj\u00f8pt opp akt\u00f8rer som fortsetter med \u00e5 utvikle og lansere spill i eget navn.<\/p>\n\n\n\n  <div class=\"top-sites-wrap\">\n\t\t<div class=\"top-sites-row top-sites-heading\"><div class=\"casinocol \">\tCasino<\/div><div class=\"featcol\">Fordeler<\/div><div  class=\"depcol\">Bonus<\/div><div  class=\"ratecol\">Omtale<\/div><div class=\"visitcol \">Spill<\/div>\n       <\/div>\n\n<div class=\"top-sites-row top-sites-body row-1 \">\n         <div  class=\"casinocol\"><span class=\"rankcir\">1<\/span>\n\t\t <a target=\"_blank\" href=\"https:\/\/gamblingsam.com\/no\/go\/casumo\">\n\t\t  <img loading=\"lazy\" decoding=\"async\" width=\"175\" height=\"105\" src=\"https:\/\/gamblingsam.com\/no\/wp-content\/media\/sites\/3\/2020\/04\/casumo.png\" class=\"logocomp wp-post-image\" alt=\"\" \/>\n\t\t\t<\/a>\n\t\t<\/div><div class=\"featcol\"><ul><li>God bonus <\/li><li> Casino eventyr <\/li><li> Mange casinospill<\/li><\/ul>\t<\/div><div class=\"depcol\"><span class=\"hilite\">\u20ac2000<\/span><\/div><div  class=\"ratecol\"><span class=\"rate cen\"> <span class=\"ratetotal\" style=\"width: 98%\"><\/span><\/span><a href=\"https:\/\/gamblingsam.com\/no\/anmeldelse\/casumo\/\" class=\"revlink\">Recension<\/a> <\/div><div class=\"visitcol\"><a target=\"_blank\" href=\"https:\/\/gamblingsam.com\/no\/go\/casumo\" class=\"visbutton\">Spill<\/a><\/div>\n <\/div>\n<div class=\"termsrow\">\n<small>* 18+ | Spela ansvarsfullt | <a href=\"http:\/\/www.stodlinjen.se\" target=\"_blank\" rel=\"nofollow noopener\">St\u00f6dlinjen.se<\/a> | <a href=\"https:\/\/www.spelpaus.se\" target=\"_blank\" rel=\"nofollow noopener\">Spelpaus.se.se<\/a> | <a href=\"\" target=\"_blank\" rel=\"nofollow noopener\">Regler &amp; villkor g\u00e4ller<\/a><\/small><\/div>\n<div class=\"top-sites-row top-sites-body row-2 \">\n         <div  class=\"casinocol\"><span class=\"rankcir\">2<\/span>\n\t\t <a target=\"_blank\" href=\"https:\/\/gamblingsam.com\/no\/go\/mrgreen\">\n\t\t  <img loading=\"lazy\" decoding=\"async\" width=\"300\" height=\"86\" src=\"https:\/\/gamblingsam.com\/no\/wp-content\/media\/sites\/3\/2019\/11\/mr-green-300x86.png\" class=\"logocomp wp-post-image\" alt=\"\" srcset=\"https:\/\/gamblingsam.com\/no\/wp-content\/media\/sites\/3\/2019\/11\/mr-green-300x86.png 300w, https:\/\/gamblingsam.com\/no\/wp-content\/media\/sites\/3\/2019\/11\/mr-green.png 700w\" sizes=\"auto, (max-width: 300px) 100vw, 300px\" \/>\n\t\t\t<\/a>\n\t\t<\/div><div class=\"featcol\"><ul><li>Mange free spins <\/li><li> Godt spillutvalg <\/li><li> Norskspr\u00e5klig kundeservice<\/li><\/ul>\t<\/div><div class=\"depcol\"><span class=\"hilite\">2000 KR<\/span><\/div><div  class=\"ratecol\"><span class=\"rate cen\"> <span class=\"ratetotal\" style=\"width: 96%\"><\/span><\/span><a href=\"https:\/\/gamblingsam.com\/no\/anmeldelse\/mr-green\/\" class=\"revlink\">Recension<\/a> <\/div><div class=\"visitcol\"><a target=\"_blank\" href=\"https:\/\/gamblingsam.com\/no\/go\/mrgreen\" class=\"visbutton\">Spill<\/a><\/div>\n <\/div>\n<div class=\"termsrow\">\n<small>* 18+ | Spela ansvarsfullt | <a href=\"http:\/\/www.stodlinjen.se\" target=\"_blank\" rel=\"nofollow noopener\">St\u00f6dlinjen.se<\/a> | <a href=\"https:\/\/www.spelpaus.se\" target=\"_blank\" rel=\"nofollow noopener\">Spelpaus.se.se<\/a> | <a href=\"\" target=\"_blank\" rel=\"nofollow noopener\">Regler &amp; villkor g\u00e4ller<\/a><\/small><\/div><\/div>\n\n\n\n<h2 class=\"wp-block-heading\">Mange velger \u00e5 benytte seg av tjenestene til Playtech<\/h2>\n\n\n\n<p>Playtech har en stor portef\u00f8lje av spill og selskaper som \u00f8nsker det kan velge \u00e5 f\u00e5 hjelp av Playtech til administrasjon, markedsf\u00f8ring, transaksjonsh\u00e5ndtering, hosting av server, sikkerhet og mer til. Det er ogs\u00e5 vanlig at selskaper som ikke er p\u00e5 internett, men som \u00f8nsker \u00e5 etablere seg p\u00e5 nettet henvender seg til Playtech. Gode eksempler p\u00e5 dette er Casino Soleil, Estonian Olympic Casino, Casino Hotel Madrid og det serbiske statslotteriet. <\/p>\n\n\n\n<p>I tillegg til alle spillene som Playtech har utviklet og tilbyr nettcasinoene, er det ogs\u00e5 slik at de utvikler unike slots p\u00e5 anmodning fra nettcasinoene. Vegas Red Casino har for eksempel f\u00e5tt sine unike automater Vegas Red Slot og Red Canyon Slot utviklet av Playtech. Som en stor akt\u00f8r er det ogs\u00e5 slik at selskapet ofte samarbeider med akt\u00f8rer innen underholdningsbransjen og dermed har utviklet mange lisensierte produkter. Eksempler p\u00e5 slike spill er Ironman, Pink Panther, The X Factor, Rocky, Gladiator og Britain\u2019s Got Talent<\/p>\n\n\n\n<h3 class=\"wp-block-heading\">Spilleautomater fra Playtech<\/h3>\n\n\n\n<p>Playtech har utviklet mange kjente <a href=\"https:\/\/gamblingsam.com\/no\/slots\">spilleautomater<\/a> gjennom \u00e5rene og disse er popul\u00e6re blant casinospillerne. Dette er automater med god variasjon i design og tematikk. Noen kjente slots fra Playtech er Temple of Treasures, Tomb of the Pharaoh, Alien Alert, Tres Amigos, Speed-o-Meter, Garden of Eden, Seas of Battle, Ocean Princess, Happy Fruits, Jungle Boogie, Captains Treasure og Vacation Station.<\/p>\n\n\n\n<h3 class=\"wp-block-heading\">Mange jackpotter fra Playtech<\/h3>\n\n\n\n<p>Playtecjh har ogs\u00e5 utviklet spill for de som liker \u00e5 jakte p\u00e5 de store gevinstene. Det betyr mange automater med progressive jackpotter. Nettverket som Playtech opererer n\u00e5r det kommer til jackpot-automater er stort og heter WinAJackpot. I dette nettverket blir de forskjellige jackpottene tilf\u00f8rt penger fra mange forskjellige nettcasinoer til enhver tid. Selskapets st\u00f8rste utbetaling hittil er 8,2 millioner dollar p\u00e5 Palace Beach Life i 2012. Et annet eksempel p\u00e5 en nettverksjackpot er Marvel Ultimate Power. Den er vanligvis stor n\u00e5r den utbetales. Denne jackpotten kan blant vinnes p\u00e5 automater som Iron Man, Daredevil, X-Men, The Incredible Hulk, Elektra og Fantastic Four. Andre automater med progressive jackpotter fra Playtech er Gold Rally, Beach Life, Wall Street Fever, Diamond Valley, Queen of Pyramids, Cinerama og Fruitmania.<\/p>\n\n\n\n<h3 class=\"wp-block-heading\">Playtech byr p\u00e5 mange bordspill og videopoker<\/h3>\n\n\n\n<p>De som setter pris p\u00e5 bordspill og videopoker vet at Playtech tilbyr mange slike spill. N\u00e5r det kommer til bordspill gjelder det klassikere som poker, baccarat, <a href=\"https:\/\/gamblingsam.com\/no\/roulette\">roulette<\/a> og blackjack. Det betyr spill fra Playtech som American Roulette, Roulette Pro, European Roulette, Blackjack Progressive, Blackjack Surrender, 21 Duel Blackjack, Pontoon, Baccarat, Casino Hold\u2019em, Red Dog Poker og Pai Gow Poker. Fra Playtech f\u00e5r man ogs\u00e5 Craps, Sic Bo og Casino War. N\u00e5r det kommer til videopoker er det mange varianter av dette. Playtech har velkjente spill som Jacks or Better, Deuces Wild, Joker Poker, Aces and Faces, Jacks or Better samt 2 Ways Royal.<\/p>\n\n\n<div class=\"wp-block-image\">\n<figure class=\"aligncenter size-large\"><img loading=\"lazy\" decoding=\"async\" width=\"1024\" height=\"214\" src=\"https:\/\/gamblingsam.com\/no\/wp-content\/media\/sites\/3\/2020\/01\/Playtech_logo-1024x214.png\" alt=\"Playtech - Pr\u00f8v et casinospill fra spilleverand\u00f8ren Playtech\" class=\"wp-image-133\" srcset=\"https:\/\/gamblingsam.com\/no\/wp-content\/media\/sites\/3\/2020\/01\/Playtech_logo-1024x214.png 1024w, https:\/\/gamblingsam.com\/no\/wp-content\/media\/sites\/3\/2020\/01\/Playtech_logo-300x63.png 300w, https:\/\/gamblingsam.com\/no\/wp-content\/media\/sites\/3\/2020\/01\/Playtech_logo-768x161.png 768w, https:\/\/gamblingsam.com\/no\/wp-content\/media\/sites\/3\/2020\/01\/Playtech_logo-1536x321.png 1536w, https:\/\/gamblingsam.com\/no\/wp-content\/media\/sites\/3\/2020\/01\/Playtech_logo-2048x428.png 2048w\" sizes=\"auto, (max-width: 1024px) 100vw, 1024px\" \/><\/figure><\/div>\n\n\n<h3 class=\"wp-block-heading\">Playtech Live Casino<\/h3>\n\n\n\n<p>Playtech har utviklet livespill med studioer i b\u00e5de Asia og Europa. For de som liker virkelighetsn\u00e6rt spill og casinostemning i spill mot ekte givere, s\u00e5 inneb\u00e6rer det \u00e5 pr\u00f8ve lykken p\u00e5 kort- og bordspill som poker, baccarat, blackjack og roulette. Utover dette har Playtech ogs\u00e5 bord med Mahjong Paigow, Keno og terningspillet Sic Bo. Det kan ogs\u00e5 nevnes at spillene fra Playtech fungerere supert p\u00e5 mobil casino da selskapet var tidlig ute med \u00e5 optimalisere spillene sine for mobile enheter.<\/p>\n","protected":false},"excerpt":{"rendered":"<p>Playtech &#8211; Pr\u00f8v et casinospill fra spilleverand\u00f8ren Playtech Det finnes mange store softwareselskaper innenfor casinoindustrien. Ett av disse er Playtech som ble grunnlagt i 1999. Selskapet leverer et stort og <a href=\"https:\/\/gamblingsam.com\/no\/playtech\/\">&#8230;.<\/a><\/p>\n","protected":false},"author":1,"featured_media":0,"parent":0,"menu_order":0,"comment_status":"closed","ping_status":"closed","template":"","meta":{"footnotes":""},"class_list":["post-47","page","type-page","status-publish","hentry"],"yoast_head":"<!-- This site is optimized with the Yoast SEO plugin v27.6 - https:\/\/yoast.com\/product\/yoast-seo-wordpress\/ -->\n<title>Playtech - Pr\u00f8v et casinospill fra spilleverand\u00f8ren Playtech<\/title>\n<meta name=\"description\" content=\"Bes\u00f8k et nettcasino i dag og test ut noen av spillene fra spillutvikleren Playtech. Her leser du mer om Playtech og alle de forskjellige typene spill som selskapet tilbyr hos nettcasinoene.\" \/>\n<meta name=\"robots\" content=\"index, follow, max-snippet:-1, max-image-preview:large, max-video-preview:-1\" \/>\n<link rel=\"canonical\" href=\"https:\/\/gamblingsam.com\/no\/playtech\/\" \/>\n<meta property=\"og:locale\" content=\"nb_NO\" \/>\n<meta property=\"og:type\" content=\"article\" \/>\n<meta property=\"og:title\" content=\"Playtech - Pr\u00f8v et casinospill fra spilleverand\u00f8ren Playtech\" \/>\n<meta property=\"og:description\" content=\"Bes\u00f8k et nettcasino i dag og test ut noen av spillene fra spillutvikleren Playtech. Her leser du mer om Playtech og alle de forskjellige typene spill som selskapet tilbyr hos nettcasinoene.\" \/>\n<meta property=\"og:url\" content=\"https:\/\/gamblingsam.com\/no\/playtech\/\" \/>\n<meta property=\"og:site_name\" content=\"GamblingSam.com\" \/>\n<meta property=\"article:modified_time\" content=\"2023-09-19T14:09:12+00:00\" \/>\n<meta property=\"og:image\" content=\"https:\/\/gamblingsam.com\/no\/wp-content\/media\/sites\/3\/2020\/01\/Playtech_logo-1024x214.png\" \/>\n<meta name=\"twitter:card\" content=\"summary_large_image\" \/>\n<script type=\"application\/ld+json\" class=\"yoast-schema-graph\">{\"@context\":\"https:\\\/\\\/schema.org\",\"@graph\":[{\"@type\":\"WebPage\",\"@id\":\"https:\\\/\\\/gamblingsam.com\\\/no\\\/playtech\\\/\",\"url\":\"https:\\\/\\\/gamblingsam.com\\\/no\\\/playtech\\\/\",\"name\":\"Playtech - Pr\u00f8v et casinospill fra spilleverand\u00f8ren Playtech\",\"isPartOf\":{\"@id\":\"https:\\\/\\\/gamblingsam.com\\\/no\\\/#website\"},\"primaryImageOfPage\":{\"@id\":\"https:\\\/\\\/gamblingsam.com\\\/no\\\/playtech\\\/#primaryimage\"},\"image\":{\"@id\":\"https:\\\/\\\/gamblingsam.com\\\/no\\\/playtech\\\/#primaryimage\"},\"thumbnailUrl\":\"https:\\\/\\\/gamblingsam.com\\\/no\\\/wp-content\\\/media\\\/sites\\\/3\\\/2020\\\/01\\\/Playtech_logo-1024x214.png\",\"datePublished\":\"2019-11-13T08:11:45+00:00\",\"dateModified\":\"2023-09-19T14:09:12+00:00\",\"description\":\"Bes\u00f8k et nettcasino i dag og test ut noen av spillene fra spillutvikleren Playtech. Her leser du mer om Playtech og alle de forskjellige typene spill som selskapet tilbyr hos nettcasinoene.\",\"breadcrumb\":{\"@id\":\"https:\\\/\\\/gamblingsam.com\\\/no\\\/playtech\\\/#breadcrumb\"},\"inLanguage\":\"nb-NO\",\"potentialAction\":[{\"@type\":\"ReadAction\",\"target\":[\"https:\\\/\\\/gamblingsam.com\\\/no\\\/playtech\\\/\"]}]},{\"@type\":\"ImageObject\",\"inLanguage\":\"nb-NO\",\"@id\":\"https:\\\/\\\/gamblingsam.com\\\/no\\\/playtech\\\/#primaryimage\",\"url\":\"https:\\\/\\\/gamblingsam.com\\\/no\\\/wp-content\\\/media\\\/sites\\\/3\\\/2020\\\/01\\\/Playtech_logo.png\",\"contentUrl\":\"https:\\\/\\\/gamblingsam.com\\\/no\\\/wp-content\\\/media\\\/sites\\\/3\\\/2020\\\/01\\\/Playtech_logo.png\",\"width\":5000,\"height\":1046},{\"@type\":\"BreadcrumbList\",\"@id\":\"https:\\\/\\\/gamblingsam.com\\\/no\\\/playtech\\\/#breadcrumb\",\"itemListElement\":[{\"@type\":\"ListItem\",\"position\":1,\"name\":\"Home\",\"item\":\"https:\\\/\\\/gamblingsam.com\\\/no\\\/\"},{\"@type\":\"ListItem\",\"position\":2,\"name\":\"Playtech\"}]},{\"@type\":\"WebSite\",\"@id\":\"https:\\\/\\\/gamblingsam.com\\\/no\\\/#website\",\"url\":\"https:\\\/\\\/gamblingsam.com\\\/no\\\/\",\"name\":\"GamblingSam.com\",\"description\":\"\",\"potentialAction\":[{\"@type\":\"SearchAction\",\"target\":{\"@type\":\"EntryPoint\",\"urlTemplate\":\"https:\\\/\\\/gamblingsam.com\\\/no\\\/?s={search_term_string}\"},\"query-input\":{\"@type\":\"PropertyValueSpecification\",\"valueRequired\":true,\"valueName\":\"search_term_string\"}}],\"inLanguage\":\"nb-NO\"}]}<\/script>\n<!-- \/ Yoast SEO plugin. -->","yoast_head_json":{"title":"Playtech - Pr\u00f8v et casinospill fra spilleverand\u00f8ren Playtech","description":"Bes\u00f8k et nettcasino i dag og test ut noen av spillene fra spillutvikleren Playtech. Her leser du mer om Playtech og alle de forskjellige typene spill som selskapet tilbyr hos nettcasinoene.","robots":{"index":"index","follow":"follow","max-snippet":"max-snippet:-1","max-image-preview":"max-image-preview:large","max-video-preview":"max-video-preview:-1"},"canonical":"https:\/\/gamblingsam.com\/no\/playtech\/","og_locale":"nb_NO","og_type":"article","og_title":"Playtech - Pr\u00f8v et casinospill fra spilleverand\u00f8ren Playtech","og_description":"Bes\u00f8k et nettcasino i dag og test ut noen av spillene fra spillutvikleren Playtech. Her leser du mer om Playtech og alle de forskjellige typene spill som selskapet tilbyr hos nettcasinoene.","og_url":"https:\/\/gamblingsam.com\/no\/playtech\/","og_site_name":"GamblingSam.com","article_modified_time":"2023-09-19T14:09:12+00:00","og_image":[{"url":"https:\/\/gamblingsam.com\/no\/wp-content\/media\/sites\/3\/2020\/01\/Playtech_logo-1024x214.png","type":"","width":"","height":""}],"twitter_card":"summary_large_image","schema":{"@context":"https:\/\/schema.org","@graph":[{"@type":"WebPage","@id":"https:\/\/gamblingsam.com\/no\/playtech\/","url":"https:\/\/gamblingsam.com\/no\/playtech\/","name":"Playtech - Pr\u00f8v et casinospill fra spilleverand\u00f8ren Playtech","isPartOf":{"@id":"https:\/\/gamblingsam.com\/no\/#website"},"primaryImageOfPage":{"@id":"https:\/\/gamblingsam.com\/no\/playtech\/#primaryimage"},"image":{"@id":"https:\/\/gamblingsam.com\/no\/playtech\/#primaryimage"},"thumbnailUrl":"https:\/\/gamblingsam.com\/no\/wp-content\/media\/sites\/3\/2020\/01\/Playtech_logo-1024x214.png","datePublished":"2019-11-13T08:11:45+00:00","dateModified":"2023-09-19T14:09:12+00:00","description":"Bes\u00f8k et nettcasino i dag og test ut noen av spillene fra spillutvikleren Playtech. Her leser du mer om Playtech og alle de forskjellige typene spill som selskapet tilbyr hos nettcasinoene.","breadcrumb":{"@id":"https:\/\/gamblingsam.com\/no\/playtech\/#breadcrumb"},"inLanguage":"nb-NO","potentialAction":[{"@type":"ReadAction","target":["https:\/\/gamblingsam.com\/no\/playtech\/"]}]},{"@type":"ImageObject","inLanguage":"nb-NO","@id":"https:\/\/gamblingsam.com\/no\/playtech\/#primaryimage","url":"https:\/\/gamblingsam.com\/no\/wp-content\/media\/sites\/3\/2020\/01\/Playtech_logo.png","contentUrl":"https:\/\/gamblingsam.com\/no\/wp-content\/media\/sites\/3\/2020\/01\/Playtech_logo.png","width":5000,"height":1046},{"@type":"BreadcrumbList","@id":"https:\/\/gamblingsam.com\/no\/playtech\/#breadcrumb","itemListElement":[{"@type":"ListItem","position":1,"name":"Home","item":"https:\/\/gamblingsam.com\/no\/"},{"@type":"ListItem","position":2,"name":"Playtech"}]},{"@type":"WebSite","@id":"https:\/\/gamblingsam.com\/no\/#website","url":"https:\/\/gamblingsam.com\/no\/","name":"GamblingSam.com","description":"","potentialAction":[{"@type":"SearchAction","target":{"@type":"EntryPoint","urlTemplate":"https:\/\/gamblingsam.com\/no\/?s={search_term_string}"},"query-input":{"@type":"PropertyValueSpecification","valueRequired":true,"valueName":"search_term_string"}}],"inLanguage":"nb-NO"}]}},"_links":{"self":[{"href":"https:\/\/gamblingsam.com\/no\/wp-json\/wp\/v2\/pages\/47","targetHints":{"allow":["GET"]}}],"collection":[{"href":"https:\/\/gamblingsam.com\/no\/wp-json\/wp\/v2\/pages"}],"about":[{"href":"https:\/\/gamblingsam.com\/no\/wp-json\/wp\/v2\/types\/page"}],"author":[{"embeddable":true,"href":"https:\/\/gamblingsam.com\/no\/wp-json\/wp\/v2\/users\/1"}],"replies":[{"embeddable":true,"href":"https:\/\/gamblingsam.com\/no\/wp-json\/wp\/v2\/comments?post=47"}],"version-history":[{"count":5,"href":"https:\/\/gamblingsam.com\/no\/wp-json\/wp\/v2\/pages\/47\/revisions"}],"predecessor-version":[{"id":308,"href":"https:\/\/gamblingsam.com\/no\/wp-json\/wp\/v2\/pages\/47\/revisions\/308"}],"wp:attachment":[{"href":"https:\/\/gamblingsam.com\/no\/wp-json\/wp\/v2\/media?parent=47"}],"curies":[{"name":"wp","href":"https:\/\/api.w.org\/{rel}","templated":true}]}}