{"id":49,"date":"2019-11-13T08:15:09","date_gmt":"2019-11-13T08:15:09","guid":{"rendered":"https:\/\/gamblingsam.com\/no\/?page_id=49"},"modified":"2023-09-19T14:09:35","modified_gmt":"2023-09-19T14:09:35","slug":"yggdrasil","status":"publish","type":"page","link":"https:\/\/gamblingsam.com\/no\/yggdrasil\/","title":{"rendered":"Yggdrasil"},"content":{"rendered":"\n<h1 class=\"wp-block-heading\">Yggdrasil &#8211; Spinn i vei p\u00e5 automater fra Yggdrasil<\/h1>\n\n\n\n<p>Yggdrasil Gaming er et svensk selskap som ble etablert i 2013 og som utvikler spill for casinospill p\u00e5 nettet. Selskapet hovedfokus er p\u00e5 spilleautomater, men du finner ogs\u00e5 andre spill som skrapelodd, bingo og lotto. Yggdrasil leverer spill til over 80 av de mest popul\u00e6re nettcasinoene. Selskapet har i l\u00f8pet av f\u00e5 \u00e5r opparbeidet seg et rykte som en av de mest seri\u00f8se spillutviklerne, og selskapet er blitt prisbel\u00f8nnet for arbeidet mange ganger. Cherry-gruppen som blant annet eier nettcasinoene NorgesSpill og Cherry Casino, kj\u00f8pte seg inn med 86 prosents eierandel i Yggdrasil i 2013. Selskapet operer med lisenser i hele \u00e5tte jurisdiksjoner og blant disse er spillisenser fra spillmyndighetene p\u00e5 Malta, Gibraltar og Storbritannia. Hovedkontoret ligger p\u00e5 Malta, men selskapet har ogs\u00e5 kontorer i Krakow og Stockholm.<\/p>\n\n\n\n  <div class=\"top-sites-wrap\">\n\t\t<div class=\"top-sites-row top-sites-heading\"><div class=\"casinocol \">\tCasino<\/div><div class=\"featcol\">Fordeler<\/div><div  class=\"depcol\">Bonus<\/div><div  class=\"ratecol\">Omtale<\/div><div class=\"visitcol \">Spill<\/div>\n       <\/div>\n\n<div class=\"top-sites-row top-sites-body row-1 \">\n         <div  class=\"casinocol\"><span class=\"rankcir\">1<\/span>\n\t\t <a target=\"_blank\" href=\"https:\/\/gamblingsam.com\/no\/go\/casumo\">\n\t\t  <img loading=\"lazy\" decoding=\"async\" width=\"175\" height=\"105\" src=\"https:\/\/gamblingsam.com\/no\/wp-content\/media\/sites\/3\/2020\/04\/casumo.png\" class=\"logocomp wp-post-image\" alt=\"\" \/>\n\t\t\t<\/a>\n\t\t<\/div><div class=\"featcol\"><ul><li>God bonus <\/li><li> Casino eventyr <\/li><li> Mange casinospill<\/li><\/ul>\t<\/div><div class=\"depcol\"><span class=\"hilite\">\u20ac2000<\/span><\/div><div  class=\"ratecol\"><span class=\"rate cen\"> <span class=\"ratetotal\" style=\"width: 98%\"><\/span><\/span><a href=\"https:\/\/gamblingsam.com\/no\/anmeldelse\/casumo\/\" class=\"revlink\">Recension<\/a> <\/div><div class=\"visitcol\"><a target=\"_blank\" href=\"https:\/\/gamblingsam.com\/no\/go\/casumo\" class=\"visbutton\">Spill<\/a><\/div>\n <\/div>\n<div class=\"termsrow\">\n<small>* 18+ | Spela ansvarsfullt | <a href=\"http:\/\/www.stodlinjen.se\" target=\"_blank\" rel=\"nofollow noopener\">St\u00f6dlinjen.se<\/a> | <a href=\"https:\/\/www.spelpaus.se\" target=\"_blank\" rel=\"nofollow noopener\">Spelpaus.se.se<\/a> | <a href=\"\" target=\"_blank\" rel=\"nofollow noopener\">Regler &amp; villkor g\u00e4ller<\/a><\/small><\/div>\n<div class=\"top-sites-row top-sites-body row-2 \">\n         <div  class=\"casinocol\"><span class=\"rankcir\">2<\/span>\n\t\t <a target=\"_blank\" href=\"https:\/\/gamblingsam.com\/no\/go\/mrgreen\">\n\t\t  <img loading=\"lazy\" decoding=\"async\" width=\"300\" height=\"86\" src=\"https:\/\/gamblingsam.com\/no\/wp-content\/media\/sites\/3\/2019\/11\/mr-green-300x86.png\" class=\"logocomp wp-post-image\" alt=\"\" srcset=\"https:\/\/gamblingsam.com\/no\/wp-content\/media\/sites\/3\/2019\/11\/mr-green-300x86.png 300w, https:\/\/gamblingsam.com\/no\/wp-content\/media\/sites\/3\/2019\/11\/mr-green.png 700w\" sizes=\"auto, (max-width: 300px) 100vw, 300px\" \/>\n\t\t\t<\/a>\n\t\t<\/div><div class=\"featcol\"><ul><li>Mange free spins <\/li><li> Godt spillutvalg <\/li><li> Norskspr\u00e5klig kundeservice<\/li><\/ul>\t<\/div><div class=\"depcol\"><span class=\"hilite\">2000 KR<\/span><\/div><div  class=\"ratecol\"><span class=\"rate cen\"> <span class=\"ratetotal\" style=\"width: 96%\"><\/span><\/span><a href=\"https:\/\/gamblingsam.com\/no\/anmeldelse\/mr-green\/\" class=\"revlink\">Recension<\/a> <\/div><div class=\"visitcol\"><a target=\"_blank\" href=\"https:\/\/gamblingsam.com\/no\/go\/mrgreen\" class=\"visbutton\">Spill<\/a><\/div>\n <\/div>\n<div class=\"termsrow\">\n<small>* 18+ | Spela ansvarsfullt | <a href=\"http:\/\/www.stodlinjen.se\" target=\"_blank\" rel=\"nofollow noopener\">St\u00f6dlinjen.se<\/a> | <a href=\"https:\/\/www.spelpaus.se\" target=\"_blank\" rel=\"nofollow noopener\">Spelpaus.se.se<\/a> | <a href=\"\" target=\"_blank\" rel=\"nofollow noopener\">Regler &amp; villkor g\u00e4ller<\/a><\/small><\/div><\/div>\n\n\n\n<h2 class=\"wp-block-heading\">God kvalitet p\u00e5 spill og programvare<\/h2>\n\n\n\n<p>En viktig grunn til Yggdrasils store suksess er kvaliteten p\u00e5 spillene som utvikles. Selskapets slots er unike p\u00e5 grunn av forbl\u00f8ffende grafikk, lydeffekter og funksjoner som gj\u00f8r spillene mer dynamiske. Selskapets fokus er p\u00e5 spilleautomater inkludert automatene med progressive jackpotter, selv om det som nevnt ogs\u00e5 blir utviklet lottospill, skrapelodd og bingospill. N\u00e5r det gjelder bordspill har heller ikke selskapet markert seg. De har v\u00e6rt beskjedne og har forel\u00f8pig kun ett bordspill i katalogene sin. Det er blackjack-spillet Sonya <a href=\"https:\/\/gamblingsam.com\/no\/blackjack\">Blackjack<\/a>. Imidlertid er dette et s\u00e6rdeles imponerende spill med flott grafikk i 3D.<\/p>\n\n\n\n<p>Selv om det ene bordspillet imponerer, s\u00e5 er det <a href=\"https:\/\/gamblingsam.com\/no\/slots\">slots<\/a> som hittil har v\u00e6rt Yggdrasils store satsningsomr\u00e5de. Det betyr blant annet moderne og avanserte videoautomater. Disse automatene har b\u00e5de grafikk i 3D og bonusfunksjoner. Frem til n\u00e5 har Yggdrasil utviklet over 60 forskjellige spill. Sammenlignet med mange av de store konkurrentene er det beskjedent, men selskapet har i h\u00f8yeste grad markert seg med kvaliteten p\u00e5 spillene. P\u00e5 det omr\u00e5det kan de uten tvil spise kirseb\u00e6r med de store.<\/p>\n\n\n\n<h3 class=\"wp-block-heading\">Yggdrasil p\u00e5 mobile enheter<\/h3>\n\n\n\n<p>Sammen med veksten i casinoindustrien har teknologien ogs\u00e5 utviklet seg. Hos Yggdrasil har de ikke ligget p\u00e5 latsiden n\u00e5r det gjelder <a href=\"https:\/\/gamblingsam.com\/no\/mobil-casino\">mobil casino<\/a>. De har teknologi som gj\u00f8r det \u00e5 spille n\u00e5r man er p\u00e5 farten til en lek. Med selskapets touch-teknologi er Yggdrasils automater like tilgjengelige p\u00e5 mobile enheter som p\u00e5 en PC. Denne teknologien gj\u00f8r at det ikke er noen utfordring \u00e5 styre spillene p\u00e5 en touch-skjerm. Det eneste som forhindrer mobil casino er flatt batteri og manglende nettdekning.<\/p>\n\n\n\n<h3 class=\"wp-block-heading\">Mange gode spilleautomater fra Yggdrasil Gaming<\/h3>\n\n\n\n<p>De mest kjente casinospillene fra Yggdrasil er i kategorien slots. Blant norske casinospillere er flere av spillutviklerens moderne spilleautomater for lengst blitt noen av favorittene. Dette er moderne videoautomater som man finner hos de fleste nettcasinoene hvor nordmenn stort sett velger \u00e5 spille. Blant spilleautomatene i katalogen til Yggdrasil finner du popul\u00e6re spill som Vikings Go Wild, Beauty and the Beast, Reef Run, Casino Zeppelin, Casino Cosmos, Jungle Books, Nirvana, Gem Rocks. Nitro Circus og Jokerizer.<\/p>\n\n\n\n<p>En av de kanskje mest popul\u00e6re spilleautomatene fra Yggdrasil ert automaten med vikingetematikk, Vikings Go Wild. Den kom p\u00e5 markedet i 2015 og helt i tr\u00e5d med vikingenes popularitet for tiden ble den fort en liten folkefavoritt. N\u00e5r man spiller p\u00e5 denne automaten reiser man ut p\u00e5 tokt med vikingene og kan med bonusfunksjoner som gratisspinn, wilds og bonusspill f\u00e5 et godt utbytte p\u00e5 toktet. Jokerizer er et annet anerkjent og popul\u00e6rt spill fra samme spillutvikler. Jokerautomater har alltid v\u00e6rt popul\u00e6re og Jokerizer er en moderne variant av de klassiske jokerautomatene. Automaten har moderne grafikk samt heftige spesialeffekter og bonusspill.<\/p>\n\n\n<div class=\"wp-block-image\">\n<figure class=\"aligncenter size-large\"><img loading=\"lazy\" decoding=\"async\" width=\"956\" height=\"258\" src=\"https:\/\/gamblingsam.com\/no\/wp-content\/media\/sites\/3\/2020\/01\/yggdrasillog.png\" alt=\"Yggdrasil - Spinn i vei p\u00e5 automater fra Yggdrasil\" class=\"wp-image-125\" srcset=\"https:\/\/gamblingsam.com\/no\/wp-content\/media\/sites\/3\/2020\/01\/yggdrasillog.png 956w, https:\/\/gamblingsam.com\/no\/wp-content\/media\/sites\/3\/2020\/01\/yggdrasillog-300x81.png 300w, https:\/\/gamblingsam.com\/no\/wp-content\/media\/sites\/3\/2020\/01\/yggdrasillog-768x207.png 768w\" sizes=\"auto, (max-width: 956px) 100vw, 956px\" \/><\/figure><\/div>\n\n\n<h3 class=\"wp-block-heading\">Yggdrasil byr p\u00e5 flotte jackpot-automater<\/h3>\n\n\n\n<p>De som dr\u00f8mmer om de store gevinstene f\u00e5r sjansen til \u00e5 ordne dette p\u00e5 noen av automatene med progressive jackpotter som Yggdrasil har utviklet. Generelt er jackpot-automater popul\u00e6re hos casinospillere og dermed vokser jo ogs\u00e5 jackpottene raskt til astronomiske summer. To kjente automater som kan gj\u00f8re spillerne rike er Joker Millions og Empire Fortune. I tillegg til muligheten for \u00e5 bli uforskammet rik p\u00e5 dem, s\u00e5 har disse to automatene ogs\u00e5 mange andre funksjoner som man kanskje f\u00e5r glede av mens man jakter p\u00e5 jackpotten. Det er funksjoner som gratisspinn, multiplikatorer, bonusspill, bonusrunder og andre spesialfunksjoner.<\/p>\n","protected":false},"excerpt":{"rendered":"<p>Yggdrasil &#8211; Spinn i vei p\u00e5 automater fra Yggdrasil Yggdrasil Gaming er et svensk selskap som ble etablert i 2013 og som utvikler spill for casinospill p\u00e5 nettet. Selskapet hovedfokus <a href=\"https:\/\/gamblingsam.com\/no\/yggdrasil\/\">&#8230;.<\/a><\/p>\n","protected":false},"author":1,"featured_media":0,"parent":0,"menu_order":0,"comment_status":"closed","ping_status":"closed","template":"","meta":{"footnotes":""},"class_list":["post-49","page","type-page","status-publish","hentry"],"yoast_head":"<!-- This site is optimized with the Yoast SEO plugin v27.5 - https:\/\/yoast.com\/product\/yoast-seo-wordpress\/ -->\n<title>Yggdrasil - Spinn i vei p\u00e5 automater fra Yggdrasil<\/title>\n<meta name=\"description\" content=\"Bes\u00f8k et nettcasino i dag og spill casinospill fra Yggdrasil. Les mer her om Yggdrasil og hva som kjennetegner spillutviklerens automater n\u00e5r det kommer til kvalitet og design.\" \/>\n<meta name=\"robots\" content=\"index, follow, max-snippet:-1, max-image-preview:large, max-video-preview:-1\" \/>\n<link rel=\"canonical\" href=\"https:\/\/gamblingsam.com\/no\/yggdrasil\/\" \/>\n<meta property=\"og:locale\" content=\"nb_NO\" \/>\n<meta property=\"og:type\" content=\"article\" \/>\n<meta property=\"og:title\" content=\"Yggdrasil - Spinn i vei p\u00e5 automater fra Yggdrasil\" \/>\n<meta property=\"og:description\" content=\"Bes\u00f8k et nettcasino i dag og spill casinospill fra Yggdrasil. Les mer her om Yggdrasil og hva som kjennetegner spillutviklerens automater n\u00e5r det kommer til kvalitet og design.\" \/>\n<meta property=\"og:url\" content=\"https:\/\/gamblingsam.com\/no\/yggdrasil\/\" \/>\n<meta property=\"og:site_name\" content=\"GamblingSam.com\" \/>\n<meta property=\"article:modified_time\" content=\"2023-09-19T14:09:35+00:00\" \/>\n<meta property=\"og:image\" content=\"https:\/\/gamblingsam.com\/no\/wp-content\/media\/sites\/3\/2020\/01\/yggdrasillog.png\" \/>\n<meta name=\"twitter:card\" content=\"summary_large_image\" \/>\n<meta name=\"twitter:label1\" content=\"Ansl. lesetid\" \/>\n\t<meta name=\"twitter:data1\" content=\"4 minutter\" \/>\n<script type=\"application\/ld+json\" class=\"yoast-schema-graph\">{\"@context\":\"https:\\\/\\\/schema.org\",\"@graph\":[{\"@type\":\"WebPage\",\"@id\":\"https:\\\/\\\/gamblingsam.com\\\/no\\\/yggdrasil\\\/\",\"url\":\"https:\\\/\\\/gamblingsam.com\\\/no\\\/yggdrasil\\\/\",\"name\":\"Yggdrasil - Spinn i vei p\u00e5 automater fra Yggdrasil\",\"isPartOf\":{\"@id\":\"https:\\\/\\\/gamblingsam.com\\\/no\\\/#website\"},\"primaryImageOfPage\":{\"@id\":\"https:\\\/\\\/gamblingsam.com\\\/no\\\/yggdrasil\\\/#primaryimage\"},\"image\":{\"@id\":\"https:\\\/\\\/gamblingsam.com\\\/no\\\/yggdrasil\\\/#primaryimage\"},\"thumbnailUrl\":\"https:\\\/\\\/gamblingsam.com\\\/no\\\/wp-content\\\/media\\\/sites\\\/3\\\/2020\\\/01\\\/yggdrasillog.png\",\"datePublished\":\"2019-11-13T08:15:09+00:00\",\"dateModified\":\"2023-09-19T14:09:35+00:00\",\"description\":\"Bes\u00f8k et nettcasino i dag og spill casinospill fra Yggdrasil. Les mer her om Yggdrasil og hva som kjennetegner spillutviklerens automater n\u00e5r det kommer til kvalitet og design.\",\"breadcrumb\":{\"@id\":\"https:\\\/\\\/gamblingsam.com\\\/no\\\/yggdrasil\\\/#breadcrumb\"},\"inLanguage\":\"nb-NO\",\"potentialAction\":[{\"@type\":\"ReadAction\",\"target\":[\"https:\\\/\\\/gamblingsam.com\\\/no\\\/yggdrasil\\\/\"]}]},{\"@type\":\"ImageObject\",\"inLanguage\":\"nb-NO\",\"@id\":\"https:\\\/\\\/gamblingsam.com\\\/no\\\/yggdrasil\\\/#primaryimage\",\"url\":\"https:\\\/\\\/gamblingsam.com\\\/no\\\/wp-content\\\/media\\\/sites\\\/3\\\/2020\\\/01\\\/yggdrasillog.png\",\"contentUrl\":\"https:\\\/\\\/gamblingsam.com\\\/no\\\/wp-content\\\/media\\\/sites\\\/3\\\/2020\\\/01\\\/yggdrasillog.png\",\"width\":956,\"height\":258},{\"@type\":\"BreadcrumbList\",\"@id\":\"https:\\\/\\\/gamblingsam.com\\\/no\\\/yggdrasil\\\/#breadcrumb\",\"itemListElement\":[{\"@type\":\"ListItem\",\"position\":1,\"name\":\"Home\",\"item\":\"https:\\\/\\\/gamblingsam.com\\\/no\\\/\"},{\"@type\":\"ListItem\",\"position\":2,\"name\":\"Yggdrasil\"}]},{\"@type\":\"WebSite\",\"@id\":\"https:\\\/\\\/gamblingsam.com\\\/no\\\/#website\",\"url\":\"https:\\\/\\\/gamblingsam.com\\\/no\\\/\",\"name\":\"GamblingSam.com\",\"description\":\"\",\"potentialAction\":[{\"@type\":\"SearchAction\",\"target\":{\"@type\":\"EntryPoint\",\"urlTemplate\":\"https:\\\/\\\/gamblingsam.com\\\/no\\\/?s={search_term_string}\"},\"query-input\":{\"@type\":\"PropertyValueSpecification\",\"valueRequired\":true,\"valueName\":\"search_term_string\"}}],\"inLanguage\":\"nb-NO\"}]}<\/script>\n<!-- \/ Yoast SEO plugin. -->","yoast_head_json":{"title":"Yggdrasil - Spinn i vei p\u00e5 automater fra Yggdrasil","description":"Bes\u00f8k et nettcasino i dag og spill casinospill fra Yggdrasil. Les mer her om Yggdrasil og hva som kjennetegner spillutviklerens automater n\u00e5r det kommer til kvalitet og design.","robots":{"index":"index","follow":"follow","max-snippet":"max-snippet:-1","max-image-preview":"max-image-preview:large","max-video-preview":"max-video-preview:-1"},"canonical":"https:\/\/gamblingsam.com\/no\/yggdrasil\/","og_locale":"nb_NO","og_type":"article","og_title":"Yggdrasil - Spinn i vei p\u00e5 automater fra Yggdrasil","og_description":"Bes\u00f8k et nettcasino i dag og spill casinospill fra Yggdrasil. Les mer her om Yggdrasil og hva som kjennetegner spillutviklerens automater n\u00e5r det kommer til kvalitet og design.","og_url":"https:\/\/gamblingsam.com\/no\/yggdrasil\/","og_site_name":"GamblingSam.com","article_modified_time":"2023-09-19T14:09:35+00:00","og_image":[{"url":"https:\/\/gamblingsam.com\/no\/wp-content\/media\/sites\/3\/2020\/01\/yggdrasillog.png","type":"","width":"","height":""}],"twitter_card":"summary_large_image","twitter_misc":{"Ansl. lesetid":"4 minutter"},"schema":{"@context":"https:\/\/schema.org","@graph":[{"@type":"WebPage","@id":"https:\/\/gamblingsam.com\/no\/yggdrasil\/","url":"https:\/\/gamblingsam.com\/no\/yggdrasil\/","name":"Yggdrasil - Spinn i vei p\u00e5 automater fra Yggdrasil","isPartOf":{"@id":"https:\/\/gamblingsam.com\/no\/#website"},"primaryImageOfPage":{"@id":"https:\/\/gamblingsam.com\/no\/yggdrasil\/#primaryimage"},"image":{"@id":"https:\/\/gamblingsam.com\/no\/yggdrasil\/#primaryimage"},"thumbnailUrl":"https:\/\/gamblingsam.com\/no\/wp-content\/media\/sites\/3\/2020\/01\/yggdrasillog.png","datePublished":"2019-11-13T08:15:09+00:00","dateModified":"2023-09-19T14:09:35+00:00","description":"Bes\u00f8k et nettcasino i dag og spill casinospill fra Yggdrasil. Les mer her om Yggdrasil og hva som kjennetegner spillutviklerens automater n\u00e5r det kommer til kvalitet og design.","breadcrumb":{"@id":"https:\/\/gamblingsam.com\/no\/yggdrasil\/#breadcrumb"},"inLanguage":"nb-NO","potentialAction":[{"@type":"ReadAction","target":["https:\/\/gamblingsam.com\/no\/yggdrasil\/"]}]},{"@type":"ImageObject","inLanguage":"nb-NO","@id":"https:\/\/gamblingsam.com\/no\/yggdrasil\/#primaryimage","url":"https:\/\/gamblingsam.com\/no\/wp-content\/media\/sites\/3\/2020\/01\/yggdrasillog.png","contentUrl":"https:\/\/gamblingsam.com\/no\/wp-content\/media\/sites\/3\/2020\/01\/yggdrasillog.png","width":956,"height":258},{"@type":"BreadcrumbList","@id":"https:\/\/gamblingsam.com\/no\/yggdrasil\/#breadcrumb","itemListElement":[{"@type":"ListItem","position":1,"name":"Home","item":"https:\/\/gamblingsam.com\/no\/"},{"@type":"ListItem","position":2,"name":"Yggdrasil"}]},{"@type":"WebSite","@id":"https:\/\/gamblingsam.com\/no\/#website","url":"https:\/\/gamblingsam.com\/no\/","name":"GamblingSam.com","description":"","potentialAction":[{"@type":"SearchAction","target":{"@type":"EntryPoint","urlTemplate":"https:\/\/gamblingsam.com\/no\/?s={search_term_string}"},"query-input":{"@type":"PropertyValueSpecification","valueRequired":true,"valueName":"search_term_string"}}],"inLanguage":"nb-NO"}]}},"_links":{"self":[{"href":"https:\/\/gamblingsam.com\/no\/wp-json\/wp\/v2\/pages\/49","targetHints":{"allow":["GET"]}}],"collection":[{"href":"https:\/\/gamblingsam.com\/no\/wp-json\/wp\/v2\/pages"}],"about":[{"href":"https:\/\/gamblingsam.com\/no\/wp-json\/wp\/v2\/types\/page"}],"author":[{"embeddable":true,"href":"https:\/\/gamblingsam.com\/no\/wp-json\/wp\/v2\/users\/1"}],"replies":[{"embeddable":true,"href":"https:\/\/gamblingsam.com\/no\/wp-json\/wp\/v2\/comments?post=49"}],"version-history":[{"count":5,"href":"https:\/\/gamblingsam.com\/no\/wp-json\/wp\/v2\/pages\/49\/revisions"}],"predecessor-version":[{"id":309,"href":"https:\/\/gamblingsam.com\/no\/wp-json\/wp\/v2\/pages\/49\/revisions\/309"}],"wp:attachment":[{"href":"https:\/\/gamblingsam.com\/no\/wp-json\/wp\/v2\/media?parent=49"}],"curies":[{"name":"wp","href":"https:\/\/api.w.org\/{rel}","templated":true}]}}