{"id":54,"date":"2019-11-13T08:20:10","date_gmt":"2019-11-13T08:20:10","guid":{"rendered":"https:\/\/gamblingsam.com\/no\/?page_id=54"},"modified":"2023-09-19T14:08:47","modified_gmt":"2023-09-19T14:08:47","slug":"microgaming","status":"publish","type":"page","link":"https:\/\/gamblingsam.com\/no\/microgaming\/","title":{"rendered":"Microgaming"},"content":{"rendered":"\n<h1 class=\"wp-block-heading\">Microgaming &#8211; Test ut spill fra Microgaming hos casinoer online<\/h1>\n\n\n\n<p>Det finnes mange store spilleverand\u00f8rer innenfor casinoindustrien og mange selskaper leverer en mengde casinospill i flere kategorier. Dette gj\u00f8r at spillerne kan velge mellom spill som er forskjellige siden alle akt\u00f8rer gjerne utvikler spill som skal skille dem noe fra konkurrentene. Noen akt\u00f8rer har v\u00e6rt med i mange \u00e5r, mens andre spillutviklere som et resultat av den kraftige veksten innenfor <a href=\"https:\/\/gamblingsam.com\/no\/\">casinospill p\u00e5 nett<\/a>, er kommet til med \u00e5rene. Det er derfor et assortert utvalg av spillutviklere b\u00e5de n\u00e5r det gjelder st\u00f8rrelse og antall \u00e5r innenfor industrien.<\/p>\n\n\n\n  <div class=\"top-sites-wrap\">\n\t\t<div class=\"top-sites-row top-sites-heading\"><div class=\"casinocol \">\tCasino<\/div><div class=\"featcol\">Fordeler<\/div><div  class=\"depcol\">Bonus<\/div><div  class=\"ratecol\">Omtale<\/div><div class=\"visitcol \">Spill<\/div>\n       <\/div>\n\n<div class=\"top-sites-row top-sites-body row-1 \">\n         <div  class=\"casinocol\"><span class=\"rankcir\">1<\/span>\n\t\t <a target=\"_blank\" href=\"https:\/\/gamblingsam.com\/no\/go\/casumo\">\n\t\t  <img loading=\"lazy\" decoding=\"async\" width=\"175\" height=\"105\" src=\"https:\/\/gamblingsam.com\/no\/wp-content\/media\/sites\/3\/2020\/04\/casumo.png\" class=\"logocomp wp-post-image\" alt=\"\" \/>\n\t\t\t<\/a>\n\t\t<\/div><div class=\"featcol\"><ul><li>God bonus <\/li><li> Casino eventyr <\/li><li> Mange casinospill<\/li><\/ul>\t<\/div><div class=\"depcol\"><span class=\"hilite\">\u20ac2000<\/span><\/div><div  class=\"ratecol\"><span class=\"rate cen\"> <span class=\"ratetotal\" style=\"width: 98%\"><\/span><\/span><a href=\"https:\/\/gamblingsam.com\/no\/anmeldelse\/casumo\/\" class=\"revlink\">Recension<\/a> <\/div><div class=\"visitcol\"><a target=\"_blank\" href=\"https:\/\/gamblingsam.com\/no\/go\/casumo\" class=\"visbutton\">Spill<\/a><\/div>\n <\/div>\n<div class=\"termsrow\">\n<small>* 18+ | Spela ansvarsfullt | <a href=\"http:\/\/www.stodlinjen.se\" target=\"_blank\" rel=\"nofollow noopener\">St\u00f6dlinjen.se<\/a> | <a href=\"https:\/\/www.spelpaus.se\" target=\"_blank\" rel=\"nofollow noopener\">Spelpaus.se.se<\/a> | <a href=\"\" target=\"_blank\" rel=\"nofollow noopener\">Regler &amp; villkor g\u00e4ller<\/a><\/small><\/div>\n<div class=\"top-sites-row top-sites-body row-2 \">\n         <div  class=\"casinocol\"><span class=\"rankcir\">2<\/span>\n\t\t <a target=\"_blank\" href=\"https:\/\/gamblingsam.com\/no\/go\/mrgreen\">\n\t\t  <img loading=\"lazy\" decoding=\"async\" width=\"300\" height=\"86\" src=\"https:\/\/gamblingsam.com\/no\/wp-content\/media\/sites\/3\/2019\/11\/mr-green-300x86.png\" class=\"logocomp wp-post-image\" alt=\"\" srcset=\"https:\/\/gamblingsam.com\/no\/wp-content\/media\/sites\/3\/2019\/11\/mr-green-300x86.png 300w, https:\/\/gamblingsam.com\/no\/wp-content\/media\/sites\/3\/2019\/11\/mr-green.png 700w\" sizes=\"auto, (max-width: 300px) 100vw, 300px\" \/>\n\t\t\t<\/a>\n\t\t<\/div><div class=\"featcol\"><ul><li>Mange free spins <\/li><li> Godt spillutvalg <\/li><li> Norskspr\u00e5klig kundeservice<\/li><\/ul>\t<\/div><div class=\"depcol\"><span class=\"hilite\">2000 KR<\/span><\/div><div  class=\"ratecol\"><span class=\"rate cen\"> <span class=\"ratetotal\" style=\"width: 96%\"><\/span><\/span><a href=\"https:\/\/gamblingsam.com\/no\/anmeldelse\/mr-green\/\" class=\"revlink\">Recension<\/a> <\/div><div class=\"visitcol\"><a target=\"_blank\" href=\"https:\/\/gamblingsam.com\/no\/go\/mrgreen\" class=\"visbutton\">Spill<\/a><\/div>\n <\/div>\n<div class=\"termsrow\">\n<small>* 18+ | Spela ansvarsfullt | <a href=\"http:\/\/www.stodlinjen.se\" target=\"_blank\" rel=\"nofollow noopener\">St\u00f6dlinjen.se<\/a> | <a href=\"https:\/\/www.spelpaus.se\" target=\"_blank\" rel=\"nofollow noopener\">Spelpaus.se.se<\/a> | <a href=\"\" target=\"_blank\" rel=\"nofollow noopener\">Regler &amp; villkor g\u00e4ller<\/a><\/small><\/div><\/div>\n\n\n\n<h2 class=\"wp-block-heading\">Microgaming er den st\u00f8rste spillutvikleren<\/h2>\n\n\n\n<p>N\u00e5r det kommer til utviklere av spill innenfor iGaming er det Microgaming som er den st\u00f8rste akt\u00f8ren. I dag har selskapet base p\u00e5 Isle Of Man. Selskapets fulle navn er Microgaming Software Systems Limited, og det privateide selskapet ble grunnlagt for mange \u00e5r siden. If\u00f8lge selskapet utviklet de verdens f\u00f8rste virkelige casinoprogramvare for spill p\u00e5 nettet i 1994. Selskapets programvare er prisbel\u00f8nnet flere ganger og i dag leverer Microgaming programvaren sin til ledende operat\u00f8rer over hele verden. Det vil si spill og plattformer innenfor mange casinokategorier som casinospill, Live Casino, sport, bingo, poker. I tillegg kommer ogs\u00e5 fysiske spill til landbaserte casinoer. Selskapet driver ogs\u00e5 MPN. Det er et pokernettverk for spill online.<\/p>\n\n\n\n<p>Mange spillere har gjennom \u00e5rene vunnet sm\u00e5 og store gevinster p\u00e5 spillene fra Microgaming. En av disse var en britisk spiller som vant mer enn 13,2 millioner britiske pund p\u00e5 en av selskapets jackpot-automater i oktober i 2015. Dette er verdensrekord for gevinster vunnet p\u00e5 automater. Som den st\u00f8rste akt\u00f8ren som opererer over hele verden, har ogs\u00e5 Microgaming mange casinolisenser fra anerkjente lisensutstedere. Det kan ogs\u00e5 nevnes at hos Microgaming er fokuset stort p\u00e5 rettferdig spill og sikkerhet n\u00e5r casinospillerne skal se om de har hellet med seg p\u00e5 noen av selskapets spill.<\/p>\n\n\n\n<h3 class=\"wp-block-heading\">Noen av spillene fra Microgaming<\/h3>\n\n\n\n<p>Frem til n\u00e5 har Microgaming utviklet og gitt markedet mer enn 850 forskjellige spill. Ikke overraskende er det i kategorien spilleautomater at man finner flest av disse. Totalt er det utvikletover 650 forskjellige slots av Microgaming. Drevne casinospillere vil garantert kjenne igjen navn som Hot Nudge, Who Wants to Be a Millionaire, Moby Dick, Jungle Jim El Dorado, Fruits, Highlander, Bonanza, Thunderstruck og Mot\u00f6rhead.<\/p>\n\n\n\n<p>Den f\u00f8rste <a href=\"https:\/\/gamblingsam.com\/no\/slots\">spilleautomaten<\/a> med progressiv jackpot som Microgaming lanserte var Cash Splash. Det skjedde i 1998. Senere har de gitt de som liker jackpot-automater spill som Mega Moolah ISIS, Major Millions, King Cashalot og Treasure Nile. Selvsagt kommer man heller ikke forbi verdensrekordautomaten Mega Moolah.<\/p>\n\n\n\n<h3 class=\"wp-block-heading\">Microgaming var f\u00f8rst ute med lisensierte spill<\/h3>\n\n\n\n<p>Lisensierte spill er ingen sjeldenhet i dagens casinomarked, men i 2004 skrev Microgaming historie med selskapets f\u00f8rste kommersielle lisensierte spilleautomat. Det var Lara Croft: Tomb Raider. Lisensierte spill er automater som designes med tematikk hvor andre sitter p\u00e5 rettighetene til merkevaren. Etter det f\u00f8rste spillet er det kommet flere av disse og det betyr titler som Game of Thrones, Jurassic World, Terminator 2, Jurassic Park og Lara Croft: Temples and Tombs.<\/p>\n\n\n\n<h3 class=\"wp-block-heading\">Bordspill fra Microgaming<\/h3>\n\n\n\n<p>De som liker bordspill vet ogs\u00e5 at Microgaming har utviklet godt med spill innenfor <a href=\"https:\/\/gamblingsam.com\/no\/blackjack\">blackjack<\/a>, baccarat, poker og <a href=\"https:\/\/gamblingsam.com\/no\/roulette\">roulette<\/a>. I selskapets katalog finner man varianter som Pai Gow Poker, Craps, European Blackjack, Triple Card Poker, Roulette Royal, Texas Hold\u00b4em, Vegas Downtown, Classic Blackjack, Multi Hand Blackjack, Hi-Lo 13 European Blackjack og Atlantic City Blackjack.<\/p>\n\n\n<div class=\"wp-block-image\">\n<figure class=\"aligncenter size-large\"><img loading=\"lazy\" decoding=\"async\" width=\"1024\" height=\"262\" src=\"https:\/\/gamblingsam.com\/no\/wp-content\/media\/sites\/3\/2020\/01\/Microgaming--1024x262.png\" alt=\"Microgaming - Test ut spill fra Microgaming hos casinoer online\" class=\"wp-image-129\" srcset=\"https:\/\/gamblingsam.com\/no\/wp-content\/media\/sites\/3\/2020\/01\/Microgaming--1024x262.png 1024w, https:\/\/gamblingsam.com\/no\/wp-content\/media\/sites\/3\/2020\/01\/Microgaming--300x77.png 300w, https:\/\/gamblingsam.com\/no\/wp-content\/media\/sites\/3\/2020\/01\/Microgaming--768x197.png 768w, https:\/\/gamblingsam.com\/no\/wp-content\/media\/sites\/3\/2020\/01\/Microgaming-.png 1382w\" sizes=\"auto, (max-width: 1024px) 100vw, 1024px\" \/><\/figure><\/div>\n\n\n<h3 class=\"wp-block-heading\">Microgaming Live Casino<\/h3>\n\n\n\n<p>De f\u00f8rste livespillene fra Microgaming kom i 2001. Dermed var selskapet f\u00f8rst p\u00e5 markedet med denne typen spill. De spillerne som \u00f8nsker \u00e5 pr\u00f8ve lykken p\u00e5 livespillene fra Microgaming f\u00e5r god anledning til det i dag. Fra fire forskjellige studioer kan man spille mot ekte givere p\u00e5 over tyve forskjellige spill. Dette betyr de klassiske kort- og bordspillene blackjack, poker roulette og baccarat. Alle livebord fra Microgaming streames i HD s\u00e5 livespillene deres gir virkelig spillerne en virkelighetsn\u00e6r opplevelse. Fra 2004 har selskapet ogs\u00e5 utviklet spill for mobil casino og i dag er det enkelt \u00e5 spille b\u00e5de casinospill og livespill p\u00e5 mobile enheter. Det betyr at uansett hvor man er s\u00e5 er et Microgaming-spill aldri langt unna.<\/p>\n","protected":false},"excerpt":{"rendered":"<p>Microgaming &#8211; Test ut spill fra Microgaming hos casinoer online Det finnes mange store spilleverand\u00f8rer innenfor casinoindustrien og mange selskaper leverer en mengde casinospill i flere kategorier. Dette gj\u00f8r at <a href=\"https:\/\/gamblingsam.com\/no\/microgaming\/\">&#8230;.<\/a><\/p>\n","protected":false},"author":1,"featured_media":0,"parent":0,"menu_order":0,"comment_status":"closed","ping_status":"closed","template":"","meta":{"footnotes":""},"class_list":["post-54","page","type-page","status-publish","hentry"],"yoast_head":"<!-- This site is optimized with the Yoast SEO plugin v27.5 - https:\/\/yoast.com\/product\/yoast-seo-wordpress\/ -->\n<title>Microgaming - Test ut spill fra Microgaming hos casinoer online<\/title>\n<meta name=\"description\" content=\"Finn et nettcasino med spill fra Microgaming og test vinnerlykken. Her kan du lese mer om spillutvikleren Microgaming, hvilke typer spill de utvikler og at du finner disse hos nettcasinoer.\" \/>\n<meta name=\"robots\" content=\"index, follow, max-snippet:-1, max-image-preview:large, max-video-preview:-1\" \/>\n<link rel=\"canonical\" href=\"https:\/\/gamblingsam.com\/no\/microgaming\/\" \/>\n<meta property=\"og:locale\" content=\"nb_NO\" \/>\n<meta property=\"og:type\" content=\"article\" \/>\n<meta property=\"og:title\" content=\"Microgaming - Test ut spill fra Microgaming hos casinoer online\" \/>\n<meta property=\"og:description\" content=\"Finn et nettcasino med spill fra Microgaming og test vinnerlykken. Her kan du lese mer om spillutvikleren Microgaming, hvilke typer spill de utvikler og at du finner disse hos nettcasinoer.\" \/>\n<meta property=\"og:url\" content=\"https:\/\/gamblingsam.com\/no\/microgaming\/\" \/>\n<meta property=\"og:site_name\" content=\"GamblingSam.com\" \/>\n<meta property=\"article:modified_time\" content=\"2023-09-19T14:08:47+00:00\" \/>\n<meta property=\"og:image\" content=\"https:\/\/gamblingsam.com\/no\/wp-content\/media\/sites\/3\/2020\/01\/Microgaming--1024x262.png\" \/>\n<meta name=\"twitter:card\" content=\"summary_large_image\" \/>\n<meta name=\"twitter:label1\" content=\"Ansl. lesetid\" \/>\n\t<meta name=\"twitter:data1\" content=\"4 minutter\" \/>\n<script type=\"application\/ld+json\" class=\"yoast-schema-graph\">{\"@context\":\"https:\\\/\\\/schema.org\",\"@graph\":[{\"@type\":\"WebPage\",\"@id\":\"https:\\\/\\\/gamblingsam.com\\\/no\\\/microgaming\\\/\",\"url\":\"https:\\\/\\\/gamblingsam.com\\\/no\\\/microgaming\\\/\",\"name\":\"Microgaming - Test ut spill fra Microgaming hos casinoer online\",\"isPartOf\":{\"@id\":\"https:\\\/\\\/gamblingsam.com\\\/no\\\/#website\"},\"primaryImageOfPage\":{\"@id\":\"https:\\\/\\\/gamblingsam.com\\\/no\\\/microgaming\\\/#primaryimage\"},\"image\":{\"@id\":\"https:\\\/\\\/gamblingsam.com\\\/no\\\/microgaming\\\/#primaryimage\"},\"thumbnailUrl\":\"https:\\\/\\\/gamblingsam.com\\\/no\\\/wp-content\\\/media\\\/sites\\\/3\\\/2020\\\/01\\\/Microgaming--1024x262.png\",\"datePublished\":\"2019-11-13T08:20:10+00:00\",\"dateModified\":\"2023-09-19T14:08:47+00:00\",\"description\":\"Finn et nettcasino med spill fra Microgaming og test vinnerlykken. Her kan du lese mer om spillutvikleren Microgaming, hvilke typer spill de utvikler og at du finner disse hos nettcasinoer.\",\"breadcrumb\":{\"@id\":\"https:\\\/\\\/gamblingsam.com\\\/no\\\/microgaming\\\/#breadcrumb\"},\"inLanguage\":\"nb-NO\",\"potentialAction\":[{\"@type\":\"ReadAction\",\"target\":[\"https:\\\/\\\/gamblingsam.com\\\/no\\\/microgaming\\\/\"]}]},{\"@type\":\"ImageObject\",\"inLanguage\":\"nb-NO\",\"@id\":\"https:\\\/\\\/gamblingsam.com\\\/no\\\/microgaming\\\/#primaryimage\",\"url\":\"https:\\\/\\\/gamblingsam.com\\\/no\\\/wp-content\\\/media\\\/sites\\\/3\\\/2020\\\/01\\\/Microgaming-.png\",\"contentUrl\":\"https:\\\/\\\/gamblingsam.com\\\/no\\\/wp-content\\\/media\\\/sites\\\/3\\\/2020\\\/01\\\/Microgaming-.png\",\"width\":1382,\"height\":354},{\"@type\":\"BreadcrumbList\",\"@id\":\"https:\\\/\\\/gamblingsam.com\\\/no\\\/microgaming\\\/#breadcrumb\",\"itemListElement\":[{\"@type\":\"ListItem\",\"position\":1,\"name\":\"Home\",\"item\":\"https:\\\/\\\/gamblingsam.com\\\/no\\\/\"},{\"@type\":\"ListItem\",\"position\":2,\"name\":\"Microgaming\"}]},{\"@type\":\"WebSite\",\"@id\":\"https:\\\/\\\/gamblingsam.com\\\/no\\\/#website\",\"url\":\"https:\\\/\\\/gamblingsam.com\\\/no\\\/\",\"name\":\"GamblingSam.com\",\"description\":\"\",\"potentialAction\":[{\"@type\":\"SearchAction\",\"target\":{\"@type\":\"EntryPoint\",\"urlTemplate\":\"https:\\\/\\\/gamblingsam.com\\\/no\\\/?s={search_term_string}\"},\"query-input\":{\"@type\":\"PropertyValueSpecification\",\"valueRequired\":true,\"valueName\":\"search_term_string\"}}],\"inLanguage\":\"nb-NO\"}]}<\/script>\n<!-- \/ Yoast SEO plugin. -->","yoast_head_json":{"title":"Microgaming - Test ut spill fra Microgaming hos casinoer online","description":"Finn et nettcasino med spill fra Microgaming og test vinnerlykken. Her kan du lese mer om spillutvikleren Microgaming, hvilke typer spill de utvikler og at du finner disse hos nettcasinoer.","robots":{"index":"index","follow":"follow","max-snippet":"max-snippet:-1","max-image-preview":"max-image-preview:large","max-video-preview":"max-video-preview:-1"},"canonical":"https:\/\/gamblingsam.com\/no\/microgaming\/","og_locale":"nb_NO","og_type":"article","og_title":"Microgaming - Test ut spill fra Microgaming hos casinoer online","og_description":"Finn et nettcasino med spill fra Microgaming og test vinnerlykken. Her kan du lese mer om spillutvikleren Microgaming, hvilke typer spill de utvikler og at du finner disse hos nettcasinoer.","og_url":"https:\/\/gamblingsam.com\/no\/microgaming\/","og_site_name":"GamblingSam.com","article_modified_time":"2023-09-19T14:08:47+00:00","og_image":[{"url":"https:\/\/gamblingsam.com\/no\/wp-content\/media\/sites\/3\/2020\/01\/Microgaming--1024x262.png","type":"","width":"","height":""}],"twitter_card":"summary_large_image","twitter_misc":{"Ansl. lesetid":"4 minutter"},"schema":{"@context":"https:\/\/schema.org","@graph":[{"@type":"WebPage","@id":"https:\/\/gamblingsam.com\/no\/microgaming\/","url":"https:\/\/gamblingsam.com\/no\/microgaming\/","name":"Microgaming - Test ut spill fra Microgaming hos casinoer online","isPartOf":{"@id":"https:\/\/gamblingsam.com\/no\/#website"},"primaryImageOfPage":{"@id":"https:\/\/gamblingsam.com\/no\/microgaming\/#primaryimage"},"image":{"@id":"https:\/\/gamblingsam.com\/no\/microgaming\/#primaryimage"},"thumbnailUrl":"https:\/\/gamblingsam.com\/no\/wp-content\/media\/sites\/3\/2020\/01\/Microgaming--1024x262.png","datePublished":"2019-11-13T08:20:10+00:00","dateModified":"2023-09-19T14:08:47+00:00","description":"Finn et nettcasino med spill fra Microgaming og test vinnerlykken. Her kan du lese mer om spillutvikleren Microgaming, hvilke typer spill de utvikler og at du finner disse hos nettcasinoer.","breadcrumb":{"@id":"https:\/\/gamblingsam.com\/no\/microgaming\/#breadcrumb"},"inLanguage":"nb-NO","potentialAction":[{"@type":"ReadAction","target":["https:\/\/gamblingsam.com\/no\/microgaming\/"]}]},{"@type":"ImageObject","inLanguage":"nb-NO","@id":"https:\/\/gamblingsam.com\/no\/microgaming\/#primaryimage","url":"https:\/\/gamblingsam.com\/no\/wp-content\/media\/sites\/3\/2020\/01\/Microgaming-.png","contentUrl":"https:\/\/gamblingsam.com\/no\/wp-content\/media\/sites\/3\/2020\/01\/Microgaming-.png","width":1382,"height":354},{"@type":"BreadcrumbList","@id":"https:\/\/gamblingsam.com\/no\/microgaming\/#breadcrumb","itemListElement":[{"@type":"ListItem","position":1,"name":"Home","item":"https:\/\/gamblingsam.com\/no\/"},{"@type":"ListItem","position":2,"name":"Microgaming"}]},{"@type":"WebSite","@id":"https:\/\/gamblingsam.com\/no\/#website","url":"https:\/\/gamblingsam.com\/no\/","name":"GamblingSam.com","description":"","potentialAction":[{"@type":"SearchAction","target":{"@type":"EntryPoint","urlTemplate":"https:\/\/gamblingsam.com\/no\/?s={search_term_string}"},"query-input":{"@type":"PropertyValueSpecification","valueRequired":true,"valueName":"search_term_string"}}],"inLanguage":"nb-NO"}]}},"_links":{"self":[{"href":"https:\/\/gamblingsam.com\/no\/wp-json\/wp\/v2\/pages\/54","targetHints":{"allow":["GET"]}}],"collection":[{"href":"https:\/\/gamblingsam.com\/no\/wp-json\/wp\/v2\/pages"}],"about":[{"href":"https:\/\/gamblingsam.com\/no\/wp-json\/wp\/v2\/types\/page"}],"author":[{"embeddable":true,"href":"https:\/\/gamblingsam.com\/no\/wp-json\/wp\/v2\/users\/1"}],"replies":[{"embeddable":true,"href":"https:\/\/gamblingsam.com\/no\/wp-json\/wp\/v2\/comments?post=54"}],"version-history":[{"count":5,"href":"https:\/\/gamblingsam.com\/no\/wp-json\/wp\/v2\/pages\/54\/revisions"}],"predecessor-version":[{"id":306,"href":"https:\/\/gamblingsam.com\/no\/wp-json\/wp\/v2\/pages\/54\/revisions\/306"}],"wp:attachment":[{"href":"https:\/\/gamblingsam.com\/no\/wp-json\/wp\/v2\/media?parent=54"}],"curies":[{"name":"wp","href":"https:\/\/api.w.org\/{rel}","templated":true}]}}