{"id":9,"date":"2019-11-11T12:19:10","date_gmt":"2019-11-11T12:19:10","guid":{"rendered":"https:\/\/gamblingsam.com\/no\/?page_id=9"},"modified":"2023-09-19T14:03:56","modified_gmt":"2023-09-19T14:03:56","slug":"casino-bonus","status":"publish","type":"page","link":"https:\/\/gamblingsam.com\/no\/casino-bonus\/","title":{"rendered":"Casino bonus"},"content":{"rendered":"\n<h1 class=\"wp-block-heading\">Casino bonus &#8211; Hent casino bonus hos casinoer p\u00e5 nettet<\/h1>\n\n\n\n<p>I dag finnes det mange <a href=\"https:\/\/gamblingsam.com\/no\/nye-casinoer\">nettcasinoer<\/a> og spillerne har mye \u00e5 velge blant n\u00e5r de skal bestemme seg for et sted \u00e5 spille. Mange legger vekt p\u00e5 spillutvalget og velger casinoer med en stor og variert portef\u00f8lje av spill fra mange leverand\u00f8rer. For noen er det viktig at casinoet er trygt og sikkert og at de har bra kundeservice. Atter andre legger vekt p\u00e5 velfungerende nettsider og godt mobilcasino. Likevel er det nok slik at ved siden av alle spillmulighetene, s\u00e5 er det hva casinoet tilbyr av casinobonuser og andre bel\u00f8nninger som i stor grad avgj\u00f8r hvilket nettcasino man velger \u00e5 spille hos.<\/p>\n\n\n\n  <div class=\"top-sites-wrap\">\n\t\t<div class=\"top-sites-row top-sites-heading\"><div class=\"casinocol \">\tCasino<\/div><div class=\"featcol\">Fordeler<\/div><div  class=\"depcol\">Bonus<\/div><div  class=\"ratecol\">Omtale<\/div><div class=\"visitcol \">Spill<\/div>\n       <\/div>\n\n<div class=\"top-sites-row top-sites-body row-1 \">\n         <div  class=\"casinocol\"><span class=\"rankcir\">1<\/span>\n\t\t <a target=\"_blank\" href=\"https:\/\/gamblingsam.com\/no\/go\/casumo\">\n\t\t  <img loading=\"lazy\" decoding=\"async\" width=\"175\" height=\"105\" src=\"https:\/\/gamblingsam.com\/no\/wp-content\/media\/sites\/3\/2020\/04\/casumo.png\" class=\"logocomp wp-post-image\" alt=\"\" \/>\n\t\t\t<\/a>\n\t\t<\/div><div class=\"featcol\"><ul><li>God bonus <\/li><li> Casino eventyr <\/li><li> Mange casinospill<\/li><\/ul>\t<\/div><div class=\"depcol\"><span class=\"hilite\">\u20ac2000<\/span><\/div><div  class=\"ratecol\"><span class=\"rate cen\"> <span class=\"ratetotal\" style=\"width: 98%\"><\/span><\/span><a href=\"https:\/\/gamblingsam.com\/no\/anmeldelse\/casumo\/\" class=\"revlink\">Recension<\/a> <\/div><div class=\"visitcol\"><a target=\"_blank\" href=\"https:\/\/gamblingsam.com\/no\/go\/casumo\" class=\"visbutton\">Spill<\/a><\/div>\n <\/div>\n<div class=\"termsrow\">\n<small>* 18+ | Spela ansvarsfullt | <a href=\"http:\/\/www.stodlinjen.se\" target=\"_blank\" rel=\"nofollow noopener\">St\u00f6dlinjen.se<\/a> | <a href=\"https:\/\/www.spelpaus.se\" target=\"_blank\" rel=\"nofollow noopener\">Spelpaus.se.se<\/a> | <a href=\"\" target=\"_blank\" rel=\"nofollow noopener\">Regler &amp; villkor g\u00e4ller<\/a><\/small><\/div>\n<div class=\"top-sites-row top-sites-body row-2 \">\n         <div  class=\"casinocol\"><span class=\"rankcir\">2<\/span>\n\t\t <a target=\"_blank\" href=\"https:\/\/gamblingsam.com\/no\/go\/mrgreen\">\n\t\t  <img loading=\"lazy\" decoding=\"async\" width=\"300\" height=\"86\" src=\"https:\/\/gamblingsam.com\/no\/wp-content\/media\/sites\/3\/2019\/11\/mr-green-300x86.png\" class=\"logocomp wp-post-image\" alt=\"\" srcset=\"https:\/\/gamblingsam.com\/no\/wp-content\/media\/sites\/3\/2019\/11\/mr-green-300x86.png 300w, https:\/\/gamblingsam.com\/no\/wp-content\/media\/sites\/3\/2019\/11\/mr-green.png 700w\" sizes=\"auto, (max-width: 300px) 100vw, 300px\" \/>\n\t\t\t<\/a>\n\t\t<\/div><div class=\"featcol\"><ul><li>Mange free spins <\/li><li> Godt spillutvalg <\/li><li> Norskspr\u00e5klig kundeservice<\/li><\/ul>\t<\/div><div class=\"depcol\"><span class=\"hilite\">2000 KR<\/span><\/div><div  class=\"ratecol\"><span class=\"rate cen\"> <span class=\"ratetotal\" style=\"width: 96%\"><\/span><\/span><a href=\"https:\/\/gamblingsam.com\/no\/anmeldelse\/mr-green\/\" class=\"revlink\">Recension<\/a> <\/div><div class=\"visitcol\"><a target=\"_blank\" href=\"https:\/\/gamblingsam.com\/no\/go\/mrgreen\" class=\"visbutton\">Spill<\/a><\/div>\n <\/div>\n<div class=\"termsrow\">\n<small>* 18+ | Spela ansvarsfullt | <a href=\"http:\/\/www.stodlinjen.se\" target=\"_blank\" rel=\"nofollow noopener\">St\u00f6dlinjen.se<\/a> | <a href=\"https:\/\/www.spelpaus.se\" target=\"_blank\" rel=\"nofollow noopener\">Spelpaus.se.se<\/a> | <a href=\"\" target=\"_blank\" rel=\"nofollow noopener\">Regler &amp; villkor g\u00e4ller<\/a><\/small><\/div><\/div>\n\n\n\n<h2 class=\"wp-block-heading\">Hvorfor deler nettcasinoene ut casino bonuser?<\/h2>\n\n\n\n<p>For den som ikke er s\u00e5 bevandret i casinoverdenen virker det kanskje litt rart at det brukes bonuser og andre lokketilbud, men p\u00e5 bakgrunn av hvordan bransjer er, er ikke det det minste rart. Den teknologiske utviklingen har medf\u00f8rt at det er ganske enkelt \u00e5 skape og lansere et nettcasino, og som resultat av dette er det etterhvert blitt mange nettcasinoer. Konkurransen i bransjen er dermed t\u00f8ff og det kjempes en hard kamp om \u00e5 overleve. Noen klarer ikke konkurransen og forsvinner ut av markedet, mens andre blir kj\u00f8pt opp av en av konkurrentene. For \u00e5 klare seg i markedet brukes derfor casinobonuser og andre tilbud som et meget aktivt virkemiddel overfor b\u00e5de nye spillere og de som allerede er kunder.<\/p>\n\n\n\n<h3 class=\"wp-block-heading\">Casino bonus til nye spillere<\/h3>\n\n\n\n<p>For \u00e5 tiltrekke seg nye spillere slik at de ikke velger \u00e5 registrere seg hos en av konkurrentene er <a href=\"https:\/\/gamblingsam.com\/no\">casino<\/a> bonus et mye brukt verkt\u00f8y. Med velkomsttilbud h\u00e5per man \u00e5 bli foretrukket som nytt nettcasino. Noen deler ut free spins og gratispenger bare for en registrering, men de aller fleste har et velkomsttilbud i forbindelse med det f\u00f8rste eller flere av de f\u00f8rste innskuddene man gj\u00f8r p\u00e5 spillekontoen sin.<\/p>\n\n\n\n<p>Sv\u00e6rt ofte er det <a href=\"https:\/\/casinoer.org\/casino-bonus\/\">en matchende bonus p\u00e5 det f\u00f8rste innskuddet<\/a>. Det vil si en velkomstbonus p\u00e5 100% opptil 1000-3000 kroner. Noen ganger kan bonusen v\u00e6re st\u00f8rre i prosent, men da er gjerne bonusbel\u00f8pet mindre. Et eksempel p\u00e5 dette kan v\u00e6re en bonus p\u00e5 200% hvor en 1000-lapp gir en opptil 2000 kroner fra casinoet. En klassiker er bonusen p\u00e5 500% opptil 500 kroner. Det betyr at en hundrelapp gir 600 kroner til bruk p\u00e5 casinospill. En god del nettcasinoer gir bonuser p\u00e5 flere av de f\u00f8rste innskuddene. Noen til og med for det femte innskuddet. Ofte kombineres casinobonusene ogs\u00e5 med gratisspinn, og dermed kan noen velkomstpakker komme opp i bonusbel\u00f8p mellom 40 og 70 tusen kroner og flere hundre frispinn.<\/p>\n\n\n\n<h3 class=\"wp-block-heading\">Casinobonuser til etablerte spillere<\/h3>\n\n\n\n<p>Velkomstbonuser er viktig for \u00e5 tiltrekke seg nye spillere i den harde konkurransen, men det er ogs\u00e5 viktig med gode tilbud til de spillerne som allerede er kunder. B\u00e5de for \u00e5 holde dem aktive, og ikke minst s\u00f8rge for at de ikke spaserer ut casinod\u00f8ren og inn hos en av de andre akt\u00f8rene i markedet. Til dette form\u00e5let brukes det ogs\u00e5 generelle tilbud og kampanjer. I tillegg kan inaktive spillere f\u00e5 et personlig tilbud om en casinobonus p\u00e5 e-post eller SMS. Det siste er for \u00e5 reaktivere dem og f\u00e5 dem opp i sadelen igjen. Slike tilbud kan gjelde b\u00e5de innskuddsbonuser og cashback. Innskuddsbonuser kalles ogs\u00e5 p\u00e5fyllingsbonuser og de fungere p\u00e5 samme m\u00e5te som velkomstbonuser. Det vil si at de gis i prosent av et innskudd opptil et visst bonusbel\u00f8p. Etablerte spillere kan ogs\u00e5 f\u00e5 bonuser gjennom deltagelse i konkurranser og turneringer.<\/p>\n\n\n<div class=\"wp-block-image\">\n<figure class=\"aligncenter size-large is-resized\"><img decoding=\"async\" src=\"https:\/\/gamblingsam.com\/no\/wp-content\/media\/sites\/3\/2020\/01\/dreamstime_s_146937205-1.jpg\" alt=\"Casino bonus - Hent casino bonus hos casinoer p\u00e5 nettet\" class=\"wp-image-157\" style=\"width:999px\" width=\"999\" srcset=\"https:\/\/gamblingsam.com\/no\/wp-content\/media\/sites\/3\/2020\/01\/dreamstime_s_146937205-1.jpg 800w, https:\/\/gamblingsam.com\/no\/wp-content\/media\/sites\/3\/2020\/01\/dreamstime_s_146937205-1-300x90.jpg 300w, https:\/\/gamblingsam.com\/no\/wp-content\/media\/sites\/3\/2020\/01\/dreamstime_s_146937205-1-768x230.jpg 768w\" sizes=\"(max-width: 800px) 100vw, 800px\" \/><\/figure><\/div>\n\n\n<p>Cashback er en bonus som gis til spillere som ikke har hatt lykken med seg i spillet den siste perioden. Denne casinobonusen er mest vanlig til etablerte spillere, men kan ogs\u00e5 gis som en del av en <a href=\"https:\/\/gamblingsam.com\/no\/free-spins\">velkomstpakke<\/a>. Cashback gis i prosent av nettotapet den siste uken eller m\u00e5neden, og det betyr at man f\u00e5r bonuspenger tilbake fra nettcasinoet. Vanligvis er denne p\u00e5 10% av nettotapet opptil et bonusbel\u00f8p mellom 1000 og 4000 kroner. Har nettotapet v\u00e6rt p\u00e5 30.000 kroner den siste m\u00e5neden inneb\u00e6rer en caschback p\u00e5 10% at man f\u00e5r en bonus p\u00e5 3000 kroner.<\/p>\n","protected":false},"excerpt":{"rendered":"<p>Casino bonus &#8211; Hent casino bonus hos casinoer p\u00e5 nettet I dag finnes det mange nettcasinoer og spillerne har mye \u00e5 velge blant n\u00e5r de skal bestemme seg for et <a href=\"https:\/\/gamblingsam.com\/no\/casino-bonus\/\">&#8230;.<\/a><\/p>\n","protected":false},"author":1,"featured_media":0,"parent":0,"menu_order":0,"comment_status":"closed","ping_status":"closed","template":"","meta":{"footnotes":""},"class_list":["post-9","page","type-page","status-publish","hentry"],"yoast_head":"<!-- This site is optimized with the Yoast SEO plugin v27.5 - https:\/\/yoast.com\/product\/yoast-seo-wordpress\/ -->\n<title>Casino bonus - Hent casino bonus hos casinoer p\u00e5 nettet<\/title>\n<meta name=\"description\" content=\"Casino bonuser gir ekstra vinnermuligheter. Her leser du mer om hvilke bonuser som finnes hos nettcasinoene og hvorfor casinoene bruker casinobonuser.\" \/>\n<meta name=\"robots\" content=\"index, follow, max-snippet:-1, max-image-preview:large, max-video-preview:-1\" \/>\n<link rel=\"canonical\" href=\"https:\/\/gamblingsam.com\/no\/casino-bonus\/\" \/>\n<meta property=\"og:locale\" content=\"nb_NO\" \/>\n<meta property=\"og:type\" content=\"article\" \/>\n<meta property=\"og:title\" content=\"Casino bonus - Hent casino bonus hos casinoer p\u00e5 nettet\" \/>\n<meta property=\"og:description\" content=\"Casino bonuser gir ekstra vinnermuligheter. Her leser du mer om hvilke bonuser som finnes hos nettcasinoene og hvorfor casinoene bruker casinobonuser.\" \/>\n<meta property=\"og:url\" content=\"https:\/\/gamblingsam.com\/no\/casino-bonus\/\" \/>\n<meta property=\"og:site_name\" content=\"GamblingSam.com\" \/>\n<meta property=\"article:modified_time\" content=\"2023-09-19T14:03:56+00:00\" \/>\n<meta property=\"og:image\" content=\"https:\/\/gamblingsam.com\/no\/wp-content\/media\/sites\/3\/2020\/01\/dreamstime_s_146937205-1.jpg\" \/>\n<meta name=\"twitter:card\" content=\"summary_large_image\" \/>\n<meta name=\"twitter:label1\" content=\"Ansl. lesetid\" \/>\n\t<meta name=\"twitter:data1\" content=\"4 minutter\" \/>\n<script type=\"application\/ld+json\" class=\"yoast-schema-graph\">{\"@context\":\"https:\\\/\\\/schema.org\",\"@graph\":[{\"@type\":\"WebPage\",\"@id\":\"https:\\\/\\\/gamblingsam.com\\\/no\\\/casino-bonus\\\/\",\"url\":\"https:\\\/\\\/gamblingsam.com\\\/no\\\/casino-bonus\\\/\",\"name\":\"Casino bonus - Hent casino bonus hos casinoer p\u00e5 nettet\",\"isPartOf\":{\"@id\":\"https:\\\/\\\/gamblingsam.com\\\/no\\\/#website\"},\"primaryImageOfPage\":{\"@id\":\"https:\\\/\\\/gamblingsam.com\\\/no\\\/casino-bonus\\\/#primaryimage\"},\"image\":{\"@id\":\"https:\\\/\\\/gamblingsam.com\\\/no\\\/casino-bonus\\\/#primaryimage\"},\"thumbnailUrl\":\"https:\\\/\\\/gamblingsam.com\\\/no\\\/wp-content\\\/media\\\/sites\\\/3\\\/2020\\\/01\\\/dreamstime_s_146937205-1.jpg\",\"datePublished\":\"2019-11-11T12:19:10+00:00\",\"dateModified\":\"2023-09-19T14:03:56+00:00\",\"description\":\"Casino bonuser gir ekstra vinnermuligheter. Her leser du mer om hvilke bonuser som finnes hos nettcasinoene og hvorfor casinoene bruker casinobonuser.\",\"breadcrumb\":{\"@id\":\"https:\\\/\\\/gamblingsam.com\\\/no\\\/casino-bonus\\\/#breadcrumb\"},\"inLanguage\":\"nb-NO\",\"potentialAction\":[{\"@type\":\"ReadAction\",\"target\":[\"https:\\\/\\\/gamblingsam.com\\\/no\\\/casino-bonus\\\/\"]}]},{\"@type\":\"ImageObject\",\"inLanguage\":\"nb-NO\",\"@id\":\"https:\\\/\\\/gamblingsam.com\\\/no\\\/casino-bonus\\\/#primaryimage\",\"url\":\"https:\\\/\\\/gamblingsam.com\\\/no\\\/wp-content\\\/media\\\/sites\\\/3\\\/2020\\\/01\\\/dreamstime_s_146937205-1.jpg\",\"contentUrl\":\"https:\\\/\\\/gamblingsam.com\\\/no\\\/wp-content\\\/media\\\/sites\\\/3\\\/2020\\\/01\\\/dreamstime_s_146937205-1.jpg\",\"width\":800,\"height\":240},{\"@type\":\"BreadcrumbList\",\"@id\":\"https:\\\/\\\/gamblingsam.com\\\/no\\\/casino-bonus\\\/#breadcrumb\",\"itemListElement\":[{\"@type\":\"ListItem\",\"position\":1,\"name\":\"Home\",\"item\":\"https:\\\/\\\/gamblingsam.com\\\/no\\\/\"},{\"@type\":\"ListItem\",\"position\":2,\"name\":\"Casino bonus\"}]},{\"@type\":\"WebSite\",\"@id\":\"https:\\\/\\\/gamblingsam.com\\\/no\\\/#website\",\"url\":\"https:\\\/\\\/gamblingsam.com\\\/no\\\/\",\"name\":\"GamblingSam.com\",\"description\":\"\",\"potentialAction\":[{\"@type\":\"SearchAction\",\"target\":{\"@type\":\"EntryPoint\",\"urlTemplate\":\"https:\\\/\\\/gamblingsam.com\\\/no\\\/?s={search_term_string}\"},\"query-input\":{\"@type\":\"PropertyValueSpecification\",\"valueRequired\":true,\"valueName\":\"search_term_string\"}}],\"inLanguage\":\"nb-NO\"}]}<\/script>\n<!-- \/ Yoast SEO plugin. -->","yoast_head_json":{"title":"Casino bonus - Hent casino bonus hos casinoer p\u00e5 nettet","description":"Casino bonuser gir ekstra vinnermuligheter. Her leser du mer om hvilke bonuser som finnes hos nettcasinoene og hvorfor casinoene bruker casinobonuser.","robots":{"index":"index","follow":"follow","max-snippet":"max-snippet:-1","max-image-preview":"max-image-preview:large","max-video-preview":"max-video-preview:-1"},"canonical":"https:\/\/gamblingsam.com\/no\/casino-bonus\/","og_locale":"nb_NO","og_type":"article","og_title":"Casino bonus - Hent casino bonus hos casinoer p\u00e5 nettet","og_description":"Casino bonuser gir ekstra vinnermuligheter. Her leser du mer om hvilke bonuser som finnes hos nettcasinoene og hvorfor casinoene bruker casinobonuser.","og_url":"https:\/\/gamblingsam.com\/no\/casino-bonus\/","og_site_name":"GamblingSam.com","article_modified_time":"2023-09-19T14:03:56+00:00","og_image":[{"url":"https:\/\/gamblingsam.com\/no\/wp-content\/media\/sites\/3\/2020\/01\/dreamstime_s_146937205-1.jpg","type":"","width":"","height":""}],"twitter_card":"summary_large_image","twitter_misc":{"Ansl. lesetid":"4 minutter"},"schema":{"@context":"https:\/\/schema.org","@graph":[{"@type":"WebPage","@id":"https:\/\/gamblingsam.com\/no\/casino-bonus\/","url":"https:\/\/gamblingsam.com\/no\/casino-bonus\/","name":"Casino bonus - Hent casino bonus hos casinoer p\u00e5 nettet","isPartOf":{"@id":"https:\/\/gamblingsam.com\/no\/#website"},"primaryImageOfPage":{"@id":"https:\/\/gamblingsam.com\/no\/casino-bonus\/#primaryimage"},"image":{"@id":"https:\/\/gamblingsam.com\/no\/casino-bonus\/#primaryimage"},"thumbnailUrl":"https:\/\/gamblingsam.com\/no\/wp-content\/media\/sites\/3\/2020\/01\/dreamstime_s_146937205-1.jpg","datePublished":"2019-11-11T12:19:10+00:00","dateModified":"2023-09-19T14:03:56+00:00","description":"Casino bonuser gir ekstra vinnermuligheter. Her leser du mer om hvilke bonuser som finnes hos nettcasinoene og hvorfor casinoene bruker casinobonuser.","breadcrumb":{"@id":"https:\/\/gamblingsam.com\/no\/casino-bonus\/#breadcrumb"},"inLanguage":"nb-NO","potentialAction":[{"@type":"ReadAction","target":["https:\/\/gamblingsam.com\/no\/casino-bonus\/"]}]},{"@type":"ImageObject","inLanguage":"nb-NO","@id":"https:\/\/gamblingsam.com\/no\/casino-bonus\/#primaryimage","url":"https:\/\/gamblingsam.com\/no\/wp-content\/media\/sites\/3\/2020\/01\/dreamstime_s_146937205-1.jpg","contentUrl":"https:\/\/gamblingsam.com\/no\/wp-content\/media\/sites\/3\/2020\/01\/dreamstime_s_146937205-1.jpg","width":800,"height":240},{"@type":"BreadcrumbList","@id":"https:\/\/gamblingsam.com\/no\/casino-bonus\/#breadcrumb","itemListElement":[{"@type":"ListItem","position":1,"name":"Home","item":"https:\/\/gamblingsam.com\/no\/"},{"@type":"ListItem","position":2,"name":"Casino bonus"}]},{"@type":"WebSite","@id":"https:\/\/gamblingsam.com\/no\/#website","url":"https:\/\/gamblingsam.com\/no\/","name":"GamblingSam.com","description":"","potentialAction":[{"@type":"SearchAction","target":{"@type":"EntryPoint","urlTemplate":"https:\/\/gamblingsam.com\/no\/?s={search_term_string}"},"query-input":{"@type":"PropertyValueSpecification","valueRequired":true,"valueName":"search_term_string"}}],"inLanguage":"nb-NO"}]}},"_links":{"self":[{"href":"https:\/\/gamblingsam.com\/no\/wp-json\/wp\/v2\/pages\/9","targetHints":{"allow":["GET"]}}],"collection":[{"href":"https:\/\/gamblingsam.com\/no\/wp-json\/wp\/v2\/pages"}],"about":[{"href":"https:\/\/gamblingsam.com\/no\/wp-json\/wp\/v2\/types\/page"}],"author":[{"embeddable":true,"href":"https:\/\/gamblingsam.com\/no\/wp-json\/wp\/v2\/users\/1"}],"replies":[{"embeddable":true,"href":"https:\/\/gamblingsam.com\/no\/wp-json\/wp\/v2\/comments?post=9"}],"version-history":[{"count":9,"href":"https:\/\/gamblingsam.com\/no\/wp-json\/wp\/v2\/pages\/9\/revisions"}],"predecessor-version":[{"id":290,"href":"https:\/\/gamblingsam.com\/no\/wp-json\/wp\/v2\/pages\/9\/revisions\/290"}],"wp:attachment":[{"href":"https:\/\/gamblingsam.com\/no\/wp-json\/wp\/v2\/media?parent=9"}],"curies":[{"name":"wp","href":"https:\/\/api.w.org\/{rel}","templated":true}]}}