{"id":155,"date":"2020-01-12T12:26:45","date_gmt":"2020-01-12T12:26:45","guid":{"rendered":"https:\/\/gamblingsam.com\/sv\/?page_id=155"},"modified":"2021-11-02T11:43:25","modified_gmt":"2021-11-02T11:43:25","slug":"sportsbetting","status":"publish","type":"page","link":"https:\/\/gamblingsam.com\/sv\/sportsbetting\/","title":{"rendered":"Sportsbetting &#8211; Sveriges b\u00e4sta odds, spelbolag och bonusar"},"content":{"rendered":"\n<h1 class=\"wp-block-heading\">Sportsbetting &#8211; Sveriges b\u00e4sta odds, spelbolag och bonusar <\/h1>\n\n\n\n<p>P\u00e5 GamblingSam \u00e4lskar vi alla former av odds och betting. Det \u00e4r inte bara ett s\u00e4tt att koppla av efter en h\u00e5rd arbetsvecka, utan \u00e4ven ett s\u00e4tt att k\u00e4nna sig mer involverad i favoritlaget. I Sverige \u00e4r intresset f\u00f6r betting p\u00e5 sport enormt, och det \u00e4r inte ovanligt att h\u00f6ras talas om riktigt stora vinster och ov\u00e4ntade kombinationer som g\u00e5r igenom. <br><br>Tekniken g\u00e5r fram\u00e5t i snabba steg och spelbolagen ser till att f\u00f6lja j\u00e4mna steg. Oddsen blir mer intressanta, utbudet v\u00e4xer och inkluderar numer \u00e4ven E-sport och betting p\u00e5 andra events \u00e4n sport. Detta kan inkludera bland annat politik och stora h\u00e4ndelser runt om i v\u00e4rlden. Betting p\u00e5 surfplattor och mobiltelefoner \u00e4r mer regel \u00e4n ett undantag, och live betting med cashout funktion \u00e4r n\u00e4stan ett m\u00e5ste. Det finns ingen tvekan om att sportsbetting \u00e4r st\u00f6rre \u00e4n det n\u00e5gonsin tidigare varit. F\u00f6lj med oss n\u00e4r vi dyker ner i bettingens v\u00e4rld!<\/p>\n\n\n\n  <div class=\"top-sites-wrap\">\n\t\t<div class=\"top-sites-row top-sites-heading\"><div class=\"casinocol \">\tCasino<\/div><div class=\"featcol\">F\u00f6rdelar<\/div><div  class=\"depcol\">Bonus<\/div><div  class=\"ratecol\">Betyg<\/div><div class=\"visitcol \">Spela<\/div>\n       <\/div>\n\n<div class=\"top-sites-row top-sites-body row-1 \">\n         <div  class=\"casinocol\"><span class=\"rankcir\">1<\/span>\n\t\t <a target=\"_blank\" href=\"https:\/\/gamblingsam.com\/sv\/go\/casumo\">\n\t\t  <img loading=\"lazy\" decoding=\"async\" width=\"150\" height=\"76\" src=\"https:\/\/gamblingsam.com\/sv\/wp-content\/media\/sites\/2\/2019\/11\/casumo.png\" class=\"logocomp wp-post-image\" alt=\"\" \/>\n\t\t\t<\/a>\n\t\t<\/div><div class=\"featcol\"><ul><li>Grym bonus <\/li><li> BankID <\/li><li> Swish<\/li><\/ul>\t<\/div><div class=\"depcol\"><span class=\"hilite\">500 kr<\/span><\/div><div  class=\"ratecol\"><span class=\"rate cen\"> <span class=\"ratetotal\" style=\"width: 96%\"><\/span><\/span><a href=\"https:\/\/gamblingsam.com\/sv\/spelbolag\/casumo\/\" class=\"revlink\">Recension<\/a> <\/div><div class=\"visitcol\"><a target=\"_blank\" href=\"https:\/\/gamblingsam.com\/sv\/go\/casumo\" class=\"visbutton\">Spela<\/a><\/div>\n <\/div>\n<div class=\"termsrow\">\n<small>* 18+ | Spela ansvarsfullt | <a href=\"http:\/\/www.stodlinjen.se\" target=\"_blank\" rel=\"nofollow noopener\">St\u00f6dlinjen.se<\/a> | <a href=\"https:\/\/www.spelpaus.se\" target=\"_blank\" rel=\"nofollow noopener\">Spelpaus.se.se<\/a> | <a href=\"\" target=\"_blank\" rel=\"nofollow noopener\">Regler &amp; villkor g\u00e4ller<\/a><\/small><\/div>\n<div class=\"top-sites-row top-sites-body row-2 \">\n         <div  class=\"casinocol\"><span class=\"rankcir\">2<\/span>\n\t\t <a target=\"_blank\" href=\"https:\/\/gamblingsam.com\/sv\/go\/mrgreen\">\n\t\t  <img loading=\"lazy\" decoding=\"async\" width=\"300\" height=\"86\" src=\"https:\/\/gamblingsam.com\/sv\/wp-content\/media\/sites\/2\/2019\/12\/mr-green.png\" class=\"logocomp wp-post-image\" alt=\"\" \/>\n\t\t\t<\/a>\n\t\t<\/div><div class=\"featcol\"><ul><li>Bonus + free spins <\/li><li> Gr\u00f6nt spel <\/li><li> Massor med spel<\/li><\/ul>\t<\/div><div class=\"depcol\"><span class=\"hilite\">100% upp till 1000 kr<\/span><\/div><div  class=\"ratecol\"><span class=\"rate cen\"> <span class=\"ratetotal\" style=\"width: 92%\"><\/span><\/span><a href=\"https:\/\/gamblingsam.com\/sv\/spelbolag\/mr-green\/\" class=\"revlink\">Recension<\/a> <\/div><div class=\"visitcol\"><a target=\"_blank\" href=\"https:\/\/gamblingsam.com\/sv\/go\/mrgreen\" class=\"visbutton\">Spela<\/a><\/div>\n <\/div>\n<div class=\"termsrow\">\n<small>* 18+ | Spela ansvarsfullt | <a href=\"http:\/\/www.stodlinjen.se\" target=\"_blank\" rel=\"nofollow noopener\">St\u00f6dlinjen.se<\/a> | <a href=\"https:\/\/www.spelpaus.se\" target=\"_blank\" rel=\"nofollow noopener\">Spelpaus.se.se<\/a> | <a href=\"\" target=\"_blank\" rel=\"nofollow noopener\">Regler &amp; villkor g\u00e4ller<\/a><\/small><\/div>\n<div class=\"top-sites-row top-sites-body row-3 \">\n         <div  class=\"casinocol\"><span class=\"rankcir\">3<\/span>\n\t\t <a target=\"_blank\" href=\"https:\/\/gamblingsam.com\/sv\/go\/betsson\">\n\t\t  <img loading=\"lazy\" decoding=\"async\" width=\"146\" height=\"76\" src=\"https:\/\/gamblingsam.com\/sv\/wp-content\/media\/sites\/2\/2020\/03\/1.jpg\" class=\"logocomp wp-post-image\" alt=\"\" \/>\n\t\t\t<\/a>\n\t\t<\/div><div class=\"featcol\"><ul><li>L\u00e5ng erfarnhet <\/li><li> Bra bonus <\/li><li> Swish & Trustly<\/li><\/ul>\t<\/div><div class=\"depcol\"><span class=\"hilite\">500 kr + 100 free spins<\/span><\/div><div  class=\"ratecol\"><span class=\"rate cen\"> <span class=\"ratetotal\" style=\"width: 94%\"><\/span><\/span><a href=\"https:\/\/gamblingsam.com\/sv\/spelbolag\/betsson\/\" class=\"revlink\">Recension<\/a> <\/div><div class=\"visitcol\"><a target=\"_blank\" href=\"https:\/\/gamblingsam.com\/sv\/go\/betsson\" class=\"visbutton\">Spela<\/a><\/div>\n <\/div>\n<div class=\"termsrow\">\n<small>* 18+ | Spela ansvarsfullt | <a href=\"http:\/\/www.stodlinjen.se\" target=\"_blank\" rel=\"nofollow noopener\">St\u00f6dlinjen.se<\/a> | <a href=\"https:\/\/www.spelpaus.se\" target=\"_blank\" rel=\"nofollow noopener\">Spelpaus.se.se<\/a> | <a href=\"\" target=\"_blank\" rel=\"nofollow noopener\">Regler &amp; villkor g\u00e4ller<\/a><\/small><\/div>\n<div class=\"top-sites-row top-sites-body row-4 \">\n         <div  class=\"casinocol\"><span class=\"rankcir\">4<\/span>\n\t\t <a target=\"_blank\" href=\"https:\/\/gamblingsam.com\/sv\/go\/snabbare\">\n\t\t  <img loading=\"lazy\" decoding=\"async\" width=\"175\" height=\"105\" src=\"https:\/\/gamblingsam.com\/sv\/wp-content\/media\/sites\/2\/2019\/11\/snabbare_trans.png\" class=\"logocomp wp-post-image\" alt=\"\" \/>\n\t\t\t<\/a>\n\t\t<\/div><div class=\"featcol\"><ul><li>Massor med spel <\/li><li> Spela med BankID <\/li><li> Tillh\u00f6r ComeOn<\/li><\/ul>\t<\/div><div class=\"depcol\"><span class=\"hilite\">2000 kr<\/span><\/div><div  class=\"ratecol\"><span class=\"rate cen\"> <span class=\"ratetotal\" style=\"width: 94%\"><\/span><\/span><a href=\"https:\/\/gamblingsam.com\/sv\/spelbolag\/snabbare\/\" class=\"revlink\">Recension<\/a> <\/div><div class=\"visitcol\"><a target=\"_blank\" href=\"https:\/\/gamblingsam.com\/sv\/go\/snabbare\" class=\"visbutton\">Spela<\/a><\/div>\n <\/div>\n<div class=\"termsrow\">\n<small>* 18+ | Spela ansvarsfullt | <a href=\"http:\/\/www.stodlinjen.se\" target=\"_blank\" rel=\"nofollow noopener\">St\u00f6dlinjen.se<\/a> | <a href=\"https:\/\/www.spelpaus.se\" target=\"_blank\" rel=\"nofollow noopener\">Spelpaus.se.se<\/a> | <a href=\"\" target=\"_blank\" rel=\"nofollow noopener\">Regler &amp; villkor g\u00e4ller<\/a><\/small><\/div><\/div>\n\n\n\n<h2 class=\"wp-block-heading\">Hur fungerar odds och betting egentligen?<\/h2>\n\n\n\n<p>F\u00f6r en inbiten betting veteran kan detta k\u00e4nnas givet, men f\u00f6r en nyb\u00f6rjare kan betting k\u00e4nnas v\u00e4ldigt omfattande och f\u00f6rvirrande. Men som tur \u00e4r s\u00e5 \u00e4r det v\u00e4ldigt enkelt att s\u00e4tta ig\u00e5ng. F\u00f6r varje avslutat bet kommer du ocks\u00e5 k\u00e4nna dig mycket mer s\u00e4ker och kunnig. <\/p>\n\n\n\n<p>Det som avg\u00f6r om du \u00e4r framg\u00e5ngsrik inom betting \u00e4r givetvis huvudsakligen din kunskap. Sitter du p\u00e5 information eller fakta som kanske inte alla vet om, eller om du har v\u00e4ldigt bra koll p\u00e5 ett lag och spelarna s\u00e5 kommer du ha en stor f\u00f6rdel. Men hur omvandlar du denna kunskap till pengar genom framg\u00e5ngsrik sportsbetting?<\/p>\n\n\n\n<p>Simpelt f\u00f6rklarat s\u00e5 inneb\u00e4r oddsen sannolikheten f\u00f6r att n\u00e5gonting ska h\u00e4nda. Det kan handla om allting fr\u00e5n vem som vinner en match, till hur m\u00e5nga m\u00e5l som skjuts, eller hur m\u00e5nga utvisningar det blir i en match. M\u00f6jligheterna \u00e4r n\u00e4stan obegr\u00e4nsade, och det enda som s\u00e4tter gr\u00e4nserna \u00e4r spelbolagets fantasi. Om sannolikheten \u00e4r h\u00f6g betyder det att oddsen \u00e4r l\u00e5ga och din vinst inte blir lika stor. Om resultatet inte \u00e4r s\u00e5 troligt kommer oddsen vara h\u00f6ga och din vinst st\u00f6rre. Detta \u00e4r anledningen till att kombinationsbet och systembet ger mer pengar. Det \u00e4r helt enkelt mindre chans att de g\u00e5r in!<\/p>\n\n\n\n<div class=\"wp-block-image\"><figure class=\"alignright size-large is-resized\"><img loading=\"lazy\" decoding=\"async\" src=\"https:\/\/gamblingsam.com\/sv\/wp-content\/media\/sites\/2\/2020\/01\/iStock-532275536-1024x683.jpg\" alt=\"L\u00e4r dig mer om spelbolag, bonusar, olika odds och betting i allm\u00e4nhet.\" class=\"wp-image-171\" width=\"310\" height=\"206\" srcset=\"https:\/\/gamblingsam.com\/sv\/wp-content\/media\/sites\/2\/2020\/01\/iStock-532275536-1024x683.jpg 1024w, https:\/\/gamblingsam.com\/sv\/wp-content\/media\/sites\/2\/2020\/01\/iStock-532275536-300x200.jpg 300w, https:\/\/gamblingsam.com\/sv\/wp-content\/media\/sites\/2\/2020\/01\/iStock-532275536-768x512.jpg 768w, https:\/\/gamblingsam.com\/sv\/wp-content\/media\/sites\/2\/2020\/01\/iStock-532275536.jpg 1254w\" sizes=\"auto, (max-width: 310px) 100vw, 310px\" \/><\/figure><\/div>\n\n\n\n<h3 class=\"wp-block-heading\">Odds och betting &#8211; De olika typerna<\/h3>\n\n\n\n<p>Det finns fyra olika typer av odds som du kan st\u00f6ta p\u00e5, Europeiska, Amerikanska, Engelska och Asiatiska. Naturligtvis \u00e4r Europeiska att rekommendera d\u00e5 de vanligtvis \u00e4r mest logiska f\u00f6r oss Svenskar. <\/p>\n\n\n\n<ul class=\"wp-block-list\"><li><strong>Europeiska odds<\/strong> \u00e4r i decimalform, till exempel 2.0. Den h\u00e4r typen av odds erbjuds p\u00e5 samtliga spelbolag du hittar med Svensk licens. <\/li><\/ul>\n\n\n\n<ul class=\"wp-block-list\"><li><strong>Engelska odds<\/strong> visas upp i br\u00e5kform, till exempel 3\/5. <\/li><\/ul>\n\n\n\n<ul class=\"wp-block-list\"><li><strong>Amerikanska odds<\/strong> g\u00e5r ut p\u00e5 plus eller minus, och visar antingen hur mycket du beh\u00f6ver betta f\u00f6r att f\u00e5 en vinst p\u00e5 10 dollar, eller hur mycket du vinner om du satsar 10 dollar.&nbsp;<\/li><\/ul>\n\n\n\n<ul class=\"wp-block-list\"><li><strong>Asiatiska odds<\/strong> \u00e4r ocks\u00e5 i decimalform, men de visar den m\u00f6jliga nettovinsten. Allts\u00e5 vinsten utan insatsen.&nbsp;<\/li><\/ul>\n\n\n\n<p>N\u00e4r du har valt vilken av dessa former av odds du f\u00f6redrar s\u00e5 finns det tre huvudsakliga typer av spel du kan l\u00e4gga:<\/p>\n\n\n\n<ul class=\"wp-block-list\"><li><strong>Singel<\/strong><br>Precis som det l\u00e5ter s\u00e5 \u00e4r en singel ett bet p\u00e5 en match eller ett event. Du kan s\u00e5klart l\u00e4gga flera singlar samtidigt om du \u00e4r lite os\u00e4ker. Men spelare som k\u00e4nner sig lite s\u00e4krare i sitt spel l\u00e4gger oftast hellre kombinationsspel eller systemspel.<\/li><\/ul>\n\n\n\n<ul class=\"wp-block-list\"><li><strong>Kombination<\/strong><br>Ett kombinationsspel inneb\u00e4r att du l\u00e4gger en insats p\u00e5 flera matcher i samma bet. Du m\u00e5ste ha samtliga r\u00e4tt f\u00f6r att ditt spel ska g\u00e5 hem. <\/li><\/ul>\n\n\n\n<ul class=\"wp-block-list\"><li><strong>System<\/strong><br>Ett systemspel fungerar ungef\u00e4r som ett kombinationsspel, men h\u00e4r beh\u00f6ver du inte ha samtliga r\u00e4tt f\u00f6r att ditt spel ska g\u00e5 hem.&nbsp;<\/li><\/ul>\n\n\n\n<h3 class=\"wp-block-heading\">Betting bonus &#8211; Spelbolaget ger dig mer f\u00f6r pengarna<\/h3>\n\n\n\n<p>N\u00e4r du registrerar dig hos ett spelbolag \u00e4r det f\u00f6rsta du kan g\u00f6ra att h\u00e4mta ut en <a href=\"https:\/\/gamblingsam.com\/sv\/betting-bonus\/\">betting bonus<\/a>. Innan den Svenska licensen inf\u00f6rdes i b\u00f6rjan av 2019 fick vi spelare regelbundna bonusar f\u00f6r casino och betting, men nu \u00e4r det en bonus vid registrering som g\u00e4ller. Den svenska licensen har dock lett till att spelbolagen \u00e4r s\u00e4krare och mer r\u00e4ttvisa \u00e4n n\u00e5gonsin, samt att den initiala bonusen \u00e4r mycket b\u00e4ttre \u00e4n tidigare. Det finns lite olika typer av bonusar som du kan st\u00f6ta p\u00e5 och vi t\u00e4nkte g\u00e5 igenom n\u00e5gra av de vanligaste nu. Gl\u00f6m inte att du kan h\u00e4mta en bonus hos varje spelbolag du registrerar dig hos.&nbsp;Hos vissa spelbolag kan du \u00e4ven hitta <a href=\"https:\/\/gamblingsam.com\/sv\/casino-bonus\">bonusar f\u00f6r casino<\/a> och betting utan krav p\u00e5 ins\u00e4ttning.<\/p>\n\n\n\n<ul class=\"wp-block-list\"><li><strong>Matchad ins\u00e4ttning<\/strong><br>Detta \u00e4r den vanligaste formen av <a href=\"https:\/\/spelsajter.online\/odds-bonus\/\">betting bonus<\/a>, och du f\u00e5r den oftast i kombination med en annan bonus. Vad detta inneb\u00e4r \u00e4r helt enkelt att spelbolaget matchar din ins\u00e4ttning upp till en viss procent. Om du s\u00e4tter in 1000 kr och v\u00e4lkomstbonusen ger dig 100% p\u00e5 din f\u00f6rsta ins\u00e4ttning s\u00e5 kommer du ha 2000 kr att betta f\u00f6r.<\/li><\/ul>\n\n\n\n<ul class=\"wp-block-list\"><li><strong>Gratisspel<\/strong><br>Du f\u00e5r en summa som spelbolaget best\u00e4mt som du kan anv\u00e4nda till ett gratisspel. Ibland kan den h\u00e4r typ av bonus vara limiterad till exempelvis vissa sporter, eller betting p\u00e5 mobilen.&nbsp;<\/li><\/ul>\n\n\n\n<ul class=\"wp-block-list\"><li><strong>Riskfria spel<\/strong><br>P\u00e5minner om gratisspel, men h\u00e4r anv\u00e4nder du dina egna pengar ist\u00e4llet f\u00f6r en summa du f\u00e5tt ditt <a href=\"https:\/\/gamblingsam.com\/sv\/\">spelbolag<\/a>. Om ditt spel inte g\u00e5r in f\u00e5r du med ett riskfritt spel helt enkelt pengarna tillbaka fr\u00e5n spelbolaget.&nbsp;<\/li><\/ul>\n\n\n\n<ul class=\"wp-block-list\"><li><strong>Boostade odds<\/strong><br>Boostade odds eller \u201cprofitboost\u201d som det ibland kallas inneb\u00e4r att du f\u00f6rb\u00e4ttrar dina odds i en match som du t\u00e4nkt spela p\u00e5. Detta \u00e4r ett s\u00e4tt att g\u00f6ra en match lite mer sp\u00e4nnande.<\/li><\/ul>\n\n\n\n<div class=\"wp-block-image\"><figure class=\"aligncenter size-large\"><img loading=\"lazy\" decoding=\"async\" width=\"1024\" height=\"476\" src=\"https:\/\/gamblingsam.com\/sv\/wp-content\/media\/sites\/2\/2020\/01\/iStock-466880225-2-1024x476.png\" alt=\"Sveriges b\u00e4sta odds, spelbolag och bonusar\" class=\"wp-image-170\" srcset=\"https:\/\/gamblingsam.com\/sv\/wp-content\/media\/sites\/2\/2020\/01\/iStock-466880225-2-1024x476.png 1024w, https:\/\/gamblingsam.com\/sv\/wp-content\/media\/sites\/2\/2020\/01\/iStock-466880225-2-300x139.png 300w, https:\/\/gamblingsam.com\/sv\/wp-content\/media\/sites\/2\/2020\/01\/iStock-466880225-2-768x357.png 768w, https:\/\/gamblingsam.com\/sv\/wp-content\/media\/sites\/2\/2020\/01\/iStock-466880225-2.png 1332w\" sizes=\"auto, (max-width: 1024px) 100vw, 1024px\" \/><\/figure><\/div>\n\n\n\n<h3 class=\"wp-block-heading\">Live betting &#8211; F\u00f6lj sp\u00e4nningen i realtid<\/h3>\n\n\n\n<p>Live betting \u00e4r mer popul\u00e4rt \u00e4n n\u00e5gonsin. Precis som det l\u00e5ter inneb\u00e4r detta att du spelar p\u00e5 en match i realtid. Detta kombineras mer \u00e4n g\u00e4rna av en live stream hos spelbolaget d\u00e4r du kan f\u00f6lja matchen och l\u00e4gga fler spel. Detta kan \u00e4ven inneb\u00e4ra att du har gratis tillg\u00e5ng till matcher som du annars f\u00e5tt betala f\u00f6r att s\u00e5 p\u00e5 pay-per-view. I dessa fall har spelbolaget k\u00f6pt r\u00e4ttigheterna till att s\u00e4nda matchen till alla sina betalande kunder.<\/p>\n\n\n\n<p>Cashout \u00e4r en sp\u00e4nnande funktion som du kan anv\u00e4nda n\u00e4r du bettar live. Den h\u00e4r funktionen ger dig en m\u00f6jlighet att st\u00e4nga ditt spel innan matchen \u00e4r \u00f6ver och ditt spel \u00e4r avgjort. Du kan anv\u00e4nda funktionen f\u00f6r att f\u00e5 en del av din insats tillbaka om du misst\u00e4nker att ditt spel kommer f\u00f6rlora.&nbsp;<\/p>\n","protected":false},"excerpt":{"rendered":"<p>Sportsbetting &#8211; Sveriges b\u00e4sta odds, spelbolag och bonusar P\u00e5 GamblingSam \u00e4lskar vi alla former av odds och betting. Det \u00e4r inte bara ett s\u00e4tt att koppla av efter en h\u00e5rd <a href=\"https:\/\/gamblingsam.com\/sv\/sportsbetting\/\">&#8230;.<\/a><\/p>\n","protected":false},"author":1,"featured_media":0,"parent":0,"menu_order":0,"comment_status":"closed","ping_status":"closed","template":"","meta":{"footnotes":""},"class_list":["post-155","page","type-page","status-publish","hentry"],"yoast_head":"<!-- This site is optimized with the Yoast SEO plugin v27.5 - https:\/\/yoast.com\/product\/yoast-seo-wordpress\/ -->\n<title>Sportsbetting - Sveriges b\u00e4sta odds, spelbolag och bonusar<\/title>\n<meta name=\"description\" content=\"GamblingSam hj\u00e4lper dig navigera igenom den underbara v\u00e4rld som \u00e4r sportsbetting. L\u00e4r dig mer om spelbolag, bonusar, olika odds och betting i allm\u00e4nhet.\" \/>\n<meta name=\"robots\" content=\"index, follow, max-snippet:-1, max-image-preview:large, max-video-preview:-1\" \/>\n<link rel=\"canonical\" href=\"https:\/\/gamblingsam.com\/sv\/sportsbetting\/\" \/>\n<meta property=\"og:locale\" content=\"sv_SE\" \/>\n<meta property=\"og:type\" content=\"article\" \/>\n<meta property=\"og:title\" content=\"Sportsbetting - Sveriges b\u00e4sta odds, spelbolag och bonusar\" \/>\n<meta property=\"og:description\" content=\"GamblingSam hj\u00e4lper dig navigera igenom den underbara v\u00e4rld som \u00e4r sportsbetting. L\u00e4r dig mer om spelbolag, bonusar, olika odds och betting i allm\u00e4nhet.\" \/>\n<meta property=\"og:url\" content=\"https:\/\/gamblingsam.com\/sv\/sportsbetting\/\" \/>\n<meta property=\"og:site_name\" content=\"GamblingSam.com\" \/>\n<meta property=\"article:modified_time\" content=\"2021-11-02T11:43:25+00:00\" \/>\n<meta property=\"og:image\" content=\"https:\/\/gamblingsam.com\/sv\/wp-content\/media\/sites\/2\/2020\/01\/iStock-532275536-1024x683.jpg\" \/>\n<meta name=\"twitter:card\" content=\"summary_large_image\" \/>\n<meta name=\"twitter:label1\" content=\"Ber\u00e4knad l\u00e4stid\" \/>\n\t<meta name=\"twitter:data1\" content=\"5 minuter\" \/>\n<script type=\"application\/ld+json\" class=\"yoast-schema-graph\">{\"@context\":\"https:\\\/\\\/schema.org\",\"@graph\":[{\"@type\":\"WebPage\",\"@id\":\"https:\\\/\\\/gamblingsam.com\\\/sv\\\/sportsbetting\\\/\",\"url\":\"https:\\\/\\\/gamblingsam.com\\\/sv\\\/sportsbetting\\\/\",\"name\":\"Sportsbetting - Sveriges b\u00e4sta odds, spelbolag och bonusar\",\"isPartOf\":{\"@id\":\"https:\\\/\\\/gamblingsam.com\\\/sv\\\/#website\"},\"primaryImageOfPage\":{\"@id\":\"https:\\\/\\\/gamblingsam.com\\\/sv\\\/sportsbetting\\\/#primaryimage\"},\"image\":{\"@id\":\"https:\\\/\\\/gamblingsam.com\\\/sv\\\/sportsbetting\\\/#primaryimage\"},\"thumbnailUrl\":\"https:\\\/\\\/gamblingsam.com\\\/sv\\\/wp-content\\\/media\\\/sites\\\/2\\\/2020\\\/01\\\/iStock-532275536-1024x683.jpg\",\"datePublished\":\"2020-01-12T12:26:45+00:00\",\"dateModified\":\"2021-11-02T11:43:25+00:00\",\"description\":\"GamblingSam hj\u00e4lper dig navigera igenom den underbara v\u00e4rld som \u00e4r sportsbetting. L\u00e4r dig mer om spelbolag, bonusar, olika odds och betting i allm\u00e4nhet.\",\"breadcrumb\":{\"@id\":\"https:\\\/\\\/gamblingsam.com\\\/sv\\\/sportsbetting\\\/#breadcrumb\"},\"inLanguage\":\"sv-SE\",\"potentialAction\":[{\"@type\":\"ReadAction\",\"target\":[\"https:\\\/\\\/gamblingsam.com\\\/sv\\\/sportsbetting\\\/\"]}]},{\"@type\":\"ImageObject\",\"inLanguage\":\"sv-SE\",\"@id\":\"https:\\\/\\\/gamblingsam.com\\\/sv\\\/sportsbetting\\\/#primaryimage\",\"url\":\"https:\\\/\\\/gamblingsam.com\\\/sv\\\/wp-content\\\/media\\\/sites\\\/2\\\/2020\\\/01\\\/iStock-532275536.jpg\",\"contentUrl\":\"https:\\\/\\\/gamblingsam.com\\\/sv\\\/wp-content\\\/media\\\/sites\\\/2\\\/2020\\\/01\\\/iStock-532275536.jpg\",\"width\":1254,\"height\":836},{\"@type\":\"BreadcrumbList\",\"@id\":\"https:\\\/\\\/gamblingsam.com\\\/sv\\\/sportsbetting\\\/#breadcrumb\",\"itemListElement\":[{\"@type\":\"ListItem\",\"position\":1,\"name\":\"Home\",\"item\":\"https:\\\/\\\/gamblingsam.com\\\/sv\\\/\"},{\"@type\":\"ListItem\",\"position\":2,\"name\":\"Sportsbetting &#8211; Sveriges b\u00e4sta odds, spelbolag och bonusar\"}]},{\"@type\":\"WebSite\",\"@id\":\"https:\\\/\\\/gamblingsam.com\\\/sv\\\/#website\",\"url\":\"https:\\\/\\\/gamblingsam.com\\\/sv\\\/\",\"name\":\"GamblingSam.com\",\"description\":\"\",\"potentialAction\":[{\"@type\":\"SearchAction\",\"target\":{\"@type\":\"EntryPoint\",\"urlTemplate\":\"https:\\\/\\\/gamblingsam.com\\\/sv\\\/?s={search_term_string}\"},\"query-input\":{\"@type\":\"PropertyValueSpecification\",\"valueRequired\":true,\"valueName\":\"search_term_string\"}}],\"inLanguage\":\"sv-SE\"}]}<\/script>\n<!-- \/ Yoast SEO plugin. -->","yoast_head_json":{"title":"Sportsbetting - Sveriges b\u00e4sta odds, spelbolag och bonusar","description":"GamblingSam hj\u00e4lper dig navigera igenom den underbara v\u00e4rld som \u00e4r sportsbetting. L\u00e4r dig mer om spelbolag, bonusar, olika odds och betting i allm\u00e4nhet.","robots":{"index":"index","follow":"follow","max-snippet":"max-snippet:-1","max-image-preview":"max-image-preview:large","max-video-preview":"max-video-preview:-1"},"canonical":"https:\/\/gamblingsam.com\/sv\/sportsbetting\/","og_locale":"sv_SE","og_type":"article","og_title":"Sportsbetting - Sveriges b\u00e4sta odds, spelbolag och bonusar","og_description":"GamblingSam hj\u00e4lper dig navigera igenom den underbara v\u00e4rld som \u00e4r sportsbetting. L\u00e4r dig mer om spelbolag, bonusar, olika odds och betting i allm\u00e4nhet.","og_url":"https:\/\/gamblingsam.com\/sv\/sportsbetting\/","og_site_name":"GamblingSam.com","article_modified_time":"2021-11-02T11:43:25+00:00","og_image":[{"url":"https:\/\/gamblingsam.com\/sv\/wp-content\/media\/sites\/2\/2020\/01\/iStock-532275536-1024x683.jpg","type":"","width":"","height":""}],"twitter_card":"summary_large_image","twitter_misc":{"Ber\u00e4knad l\u00e4stid":"5 minuter"},"schema":{"@context":"https:\/\/schema.org","@graph":[{"@type":"WebPage","@id":"https:\/\/gamblingsam.com\/sv\/sportsbetting\/","url":"https:\/\/gamblingsam.com\/sv\/sportsbetting\/","name":"Sportsbetting - Sveriges b\u00e4sta odds, spelbolag och bonusar","isPartOf":{"@id":"https:\/\/gamblingsam.com\/sv\/#website"},"primaryImageOfPage":{"@id":"https:\/\/gamblingsam.com\/sv\/sportsbetting\/#primaryimage"},"image":{"@id":"https:\/\/gamblingsam.com\/sv\/sportsbetting\/#primaryimage"},"thumbnailUrl":"https:\/\/gamblingsam.com\/sv\/wp-content\/media\/sites\/2\/2020\/01\/iStock-532275536-1024x683.jpg","datePublished":"2020-01-12T12:26:45+00:00","dateModified":"2021-11-02T11:43:25+00:00","description":"GamblingSam hj\u00e4lper dig navigera igenom den underbara v\u00e4rld som \u00e4r sportsbetting. L\u00e4r dig mer om spelbolag, bonusar, olika odds och betting i allm\u00e4nhet.","breadcrumb":{"@id":"https:\/\/gamblingsam.com\/sv\/sportsbetting\/#breadcrumb"},"inLanguage":"sv-SE","potentialAction":[{"@type":"ReadAction","target":["https:\/\/gamblingsam.com\/sv\/sportsbetting\/"]}]},{"@type":"ImageObject","inLanguage":"sv-SE","@id":"https:\/\/gamblingsam.com\/sv\/sportsbetting\/#primaryimage","url":"https:\/\/gamblingsam.com\/sv\/wp-content\/media\/sites\/2\/2020\/01\/iStock-532275536.jpg","contentUrl":"https:\/\/gamblingsam.com\/sv\/wp-content\/media\/sites\/2\/2020\/01\/iStock-532275536.jpg","width":1254,"height":836},{"@type":"BreadcrumbList","@id":"https:\/\/gamblingsam.com\/sv\/sportsbetting\/#breadcrumb","itemListElement":[{"@type":"ListItem","position":1,"name":"Home","item":"https:\/\/gamblingsam.com\/sv\/"},{"@type":"ListItem","position":2,"name":"Sportsbetting &#8211; Sveriges b\u00e4sta odds, spelbolag och bonusar"}]},{"@type":"WebSite","@id":"https:\/\/gamblingsam.com\/sv\/#website","url":"https:\/\/gamblingsam.com\/sv\/","name":"GamblingSam.com","description":"","potentialAction":[{"@type":"SearchAction","target":{"@type":"EntryPoint","urlTemplate":"https:\/\/gamblingsam.com\/sv\/?s={search_term_string}"},"query-input":{"@type":"PropertyValueSpecification","valueRequired":true,"valueName":"search_term_string"}}],"inLanguage":"sv-SE"}]}},"_links":{"self":[{"href":"https:\/\/gamblingsam.com\/sv\/wp-json\/wp\/v2\/pages\/155","targetHints":{"allow":["GET"]}}],"collection":[{"href":"https:\/\/gamblingsam.com\/sv\/wp-json\/wp\/v2\/pages"}],"about":[{"href":"https:\/\/gamblingsam.com\/sv\/wp-json\/wp\/v2\/types\/page"}],"author":[{"embeddable":true,"href":"https:\/\/gamblingsam.com\/sv\/wp-json\/wp\/v2\/users\/1"}],"replies":[{"embeddable":true,"href":"https:\/\/gamblingsam.com\/sv\/wp-json\/wp\/v2\/comments?post=155"}],"version-history":[{"count":8,"href":"https:\/\/gamblingsam.com\/sv\/wp-json\/wp\/v2\/pages\/155\/revisions"}],"predecessor-version":[{"id":377,"href":"https:\/\/gamblingsam.com\/sv\/wp-json\/wp\/v2\/pages\/155\/revisions\/377"}],"wp:attachment":[{"href":"https:\/\/gamblingsam.com\/sv\/wp-json\/wp\/v2\/media?parent=155"}],"curies":[{"name":"wp","href":"https:\/\/api.w.org\/{rel}","templated":true}]}}