{"id":20,"date":"2019-11-12T12:45:04","date_gmt":"2019-11-12T12:45:04","guid":{"rendered":"https:\/\/gamblingsam.com\/sv\/?page_id=20"},"modified":"2021-11-02T11:38:46","modified_gmt":"2021-11-02T11:38:46","slug":"casino-med-faktura","status":"publish","type":"page","link":"https:\/\/gamblingsam.com\/sv\/casino-med-faktura\/","title":{"rendered":"Casino med faktura"},"content":{"rendered":"\n<h1 class=\"wp-block-heading\">Casino med faktura &#8211; Spela nu och betala sen<\/h1>\n\n\n\n<p>Att <a href=\"https:\/\/gamblingsam.com\/sv\/\">spela casino<\/a> med faktura medf\u00f6r m\u00e5nga risker och \u00e4r inte till\u00e5tet hos svenska online casinon sedan svensk licens inf\u00f6rdes. D\u00e4remot finns det betalningsmetoder som erbjuder fakturabetalning och som du kan koppla till ett n\u00e4tcasino. Innan svensk licens inf\u00f6rdes var det v\u00e4ldigt vanligt med tj\u00e4nster som erbj\u00f6d casino p\u00e5 faktura. Idag ser det dock annorlunda ut \u00e4ven om det finns kvar. N\u00e5gra av de mest k\u00e4nda \u00e4r Zimpler och Klarna. B\u00e5da f\u00f6retagen \u00e4r svenska och finns som alternativ hos flera casinon p\u00e5 n\u00e4tet.<\/p>\n\n\n\n  <div class=\"top-sites-wrap\">\n\t\t<div class=\"top-sites-row top-sites-heading\"><div class=\"casinocol \">\tCasino<\/div><div class=\"featcol\">F\u00f6rdelar<\/div><div  class=\"depcol\">Bonus<\/div><div  class=\"ratecol\">Betyg<\/div><div class=\"visitcol \">Spela<\/div>\n       <\/div>\n\n<div class=\"top-sites-row top-sites-body row-1 \">\n         <div  class=\"casinocol\"><span class=\"rankcir\">1<\/span>\n\t\t <a target=\"_blank\" href=\"https:\/\/gamblingsam.com\/sv\/go\/casumo\">\n\t\t  <img loading=\"lazy\" decoding=\"async\" width=\"150\" height=\"76\" src=\"https:\/\/gamblingsam.com\/sv\/wp-content\/media\/sites\/2\/2019\/11\/casumo.png\" class=\"logocomp wp-post-image\" alt=\"\" \/>\n\t\t\t<\/a>\n\t\t<\/div><div class=\"featcol\"><ul><li>Grym bonus <\/li><li> BankID <\/li><li> Swish<\/li><\/ul>\t<\/div><div class=\"depcol\"><span class=\"hilite\">500 kr<\/span><\/div><div  class=\"ratecol\"><span class=\"rate cen\"> <span class=\"ratetotal\" style=\"width: 96%\"><\/span><\/span><a href=\"https:\/\/gamblingsam.com\/sv\/spelbolag\/casumo\/\" class=\"revlink\">Recension<\/a> <\/div><div class=\"visitcol\"><a target=\"_blank\" href=\"https:\/\/gamblingsam.com\/sv\/go\/casumo\" class=\"visbutton\">Spela<\/a><\/div>\n <\/div>\n<div class=\"termsrow\">\n<small>* 18+ | Spela ansvarsfullt | <a href=\"http:\/\/www.stodlinjen.se\" target=\"_blank\" rel=\"nofollow noopener\">St\u00f6dlinjen.se<\/a> | <a href=\"https:\/\/www.spelpaus.se\" target=\"_blank\" rel=\"nofollow noopener\">Spelpaus.se.se<\/a> | <a href=\"\" target=\"_blank\" rel=\"nofollow noopener\">Regler &amp; villkor g\u00e4ller<\/a><\/small><\/div>\n<div class=\"top-sites-row top-sites-body row-2 \">\n         <div  class=\"casinocol\"><span class=\"rankcir\">2<\/span>\n\t\t <a target=\"_blank\" href=\"https:\/\/gamblingsam.com\/sv\/go\/mrgreen\">\n\t\t  <img loading=\"lazy\" decoding=\"async\" width=\"300\" height=\"86\" src=\"https:\/\/gamblingsam.com\/sv\/wp-content\/media\/sites\/2\/2019\/12\/mr-green.png\" class=\"logocomp wp-post-image\" alt=\"\" \/>\n\t\t\t<\/a>\n\t\t<\/div><div class=\"featcol\"><ul><li>Bonus + free spins <\/li><li> Gr\u00f6nt spel <\/li><li> Massor med spel<\/li><\/ul>\t<\/div><div class=\"depcol\"><span class=\"hilite\">100% upp till 1000 kr<\/span><\/div><div  class=\"ratecol\"><span class=\"rate cen\"> <span class=\"ratetotal\" style=\"width: 92%\"><\/span><\/span><a href=\"https:\/\/gamblingsam.com\/sv\/spelbolag\/mr-green\/\" class=\"revlink\">Recension<\/a> <\/div><div class=\"visitcol\"><a target=\"_blank\" href=\"https:\/\/gamblingsam.com\/sv\/go\/mrgreen\" class=\"visbutton\">Spela<\/a><\/div>\n <\/div>\n<div class=\"termsrow\">\n<small>* 18+ | Spela ansvarsfullt | <a href=\"http:\/\/www.stodlinjen.se\" target=\"_blank\" rel=\"nofollow noopener\">St\u00f6dlinjen.se<\/a> | <a href=\"https:\/\/www.spelpaus.se\" target=\"_blank\" rel=\"nofollow noopener\">Spelpaus.se.se<\/a> | <a href=\"\" target=\"_blank\" rel=\"nofollow noopener\">Regler &amp; villkor g\u00e4ller<\/a><\/small><\/div>\n<div class=\"top-sites-row top-sites-body row-3 \">\n         <div  class=\"casinocol\"><span class=\"rankcir\">3<\/span>\n\t\t <a target=\"_blank\" href=\"https:\/\/gamblingsam.com\/sv\/go\/betsson\">\n\t\t  <img loading=\"lazy\" decoding=\"async\" width=\"146\" height=\"76\" src=\"https:\/\/gamblingsam.com\/sv\/wp-content\/media\/sites\/2\/2020\/03\/1.jpg\" class=\"logocomp wp-post-image\" alt=\"\" \/>\n\t\t\t<\/a>\n\t\t<\/div><div class=\"featcol\"><ul><li>L\u00e5ng erfarnhet <\/li><li> Bra bonus <\/li><li> Swish & Trustly<\/li><\/ul>\t<\/div><div class=\"depcol\"><span class=\"hilite\">500 kr + 100 free spins<\/span><\/div><div  class=\"ratecol\"><span class=\"rate cen\"> <span class=\"ratetotal\" style=\"width: 94%\"><\/span><\/span><a href=\"https:\/\/gamblingsam.com\/sv\/spelbolag\/betsson\/\" class=\"revlink\">Recension<\/a> <\/div><div class=\"visitcol\"><a target=\"_blank\" href=\"https:\/\/gamblingsam.com\/sv\/go\/betsson\" class=\"visbutton\">Spela<\/a><\/div>\n <\/div>\n<div class=\"termsrow\">\n<small>* 18+ | Spela ansvarsfullt | <a href=\"http:\/\/www.stodlinjen.se\" target=\"_blank\" rel=\"nofollow noopener\">St\u00f6dlinjen.se<\/a> | <a href=\"https:\/\/www.spelpaus.se\" target=\"_blank\" rel=\"nofollow noopener\">Spelpaus.se.se<\/a> | <a href=\"\" target=\"_blank\" rel=\"nofollow noopener\">Regler &amp; villkor g\u00e4ller<\/a><\/small><\/div>\n<div class=\"top-sites-row top-sites-body row-4 \">\n         <div  class=\"casinocol\"><span class=\"rankcir\">4<\/span>\n\t\t <a target=\"_blank\" href=\"https:\/\/gamblingsam.com\/sv\/go\/snabbare\">\n\t\t  <img loading=\"lazy\" decoding=\"async\" width=\"175\" height=\"105\" src=\"https:\/\/gamblingsam.com\/sv\/wp-content\/media\/sites\/2\/2019\/11\/snabbare_trans.png\" class=\"logocomp wp-post-image\" alt=\"\" \/>\n\t\t\t<\/a>\n\t\t<\/div><div class=\"featcol\"><ul><li>Massor med spel <\/li><li> Spela med BankID <\/li><li> Tillh\u00f6r ComeOn<\/li><\/ul>\t<\/div><div class=\"depcol\"><span class=\"hilite\">2000 kr<\/span><\/div><div  class=\"ratecol\"><span class=\"rate cen\"> <span class=\"ratetotal\" style=\"width: 94%\"><\/span><\/span><a href=\"https:\/\/gamblingsam.com\/sv\/spelbolag\/snabbare\/\" class=\"revlink\">Recension<\/a> <\/div><div class=\"visitcol\"><a target=\"_blank\" href=\"https:\/\/gamblingsam.com\/sv\/go\/snabbare\" class=\"visbutton\">Spela<\/a><\/div>\n <\/div>\n<div class=\"termsrow\">\n<small>* 18+ | Spela ansvarsfullt | <a href=\"http:\/\/www.stodlinjen.se\" target=\"_blank\" rel=\"nofollow noopener\">St\u00f6dlinjen.se<\/a> | <a href=\"https:\/\/www.spelpaus.se\" target=\"_blank\" rel=\"nofollow noopener\">Spelpaus.se.se<\/a> | <a href=\"\" target=\"_blank\" rel=\"nofollow noopener\">Regler &amp; villkor g\u00e4ller<\/a><\/small><\/div>\n<div class=\"top-sites-row top-sites-body row-5 \">\n         <div  class=\"casinocol\"><span class=\"rankcir\">5<\/span>\n\t\t <a target=\"_blank\" href=\"https:\/\/gamblingsam.com\/sv\/go\/bethard\">\n\t\t  <img loading=\"lazy\" decoding=\"async\" width=\"150\" height=\"75\" src=\"https:\/\/gamblingsam.com\/sv\/wp-content\/media\/sites\/2\/2020\/04\/bethard.png\" class=\"logocomp wp-post-image\" alt=\"\" \/>\n\t\t\t<\/a>\n\t\t<\/div><div class=\"featcol\"><ul><li>Ambassad\u00f6r: Zlatan <\/li><li> Grymt spelutbud <\/li><li> Bra bonusar<\/li><\/ul>\t<\/div><div class=\"depcol\"><span class=\"hilite\">100% uppt till 500 kr<\/span><\/div><div  class=\"ratecol\"><span class=\"rate cen\"> <span class=\"ratetotal\" style=\"width: 88%\"><\/span><\/span><a href=\"https:\/\/gamblingsam.com\/sv\/spelbolag\/bethard\/\" class=\"revlink\">Recension<\/a> <\/div><div class=\"visitcol\"><a target=\"_blank\" href=\"https:\/\/gamblingsam.com\/sv\/go\/bethard\" class=\"visbutton\">Spela<\/a><\/div>\n <\/div>\n<div class=\"termsrow\">\n<small>* 18+ | Spela ansvarsfullt | <a href=\"http:\/\/www.stodlinjen.se\" target=\"_blank\" rel=\"nofollow noopener\">St\u00f6dlinjen.se<\/a> | <a href=\"https:\/\/www.spelpaus.se\" target=\"_blank\" rel=\"nofollow noopener\">Spelpaus.se.se<\/a> | <a href=\"\" target=\"_blank\" rel=\"nofollow noopener\">Regler &amp; villkor g\u00e4ller<\/a><\/small><\/div><\/div>\n\n\n\n<h2 class=\"wp-block-heading\">Casino med faktura inte till\u00e5tet hos svenska casinon<\/h2>\n\n\n\n<p>Den 1 januari var ett historiskt datum i svensk spelhistoria. Det var d\u00e5 svensk licens inf\u00f6rdes vilket inneb\u00e4r krav p\u00e5 online casinon att ha en svensk nationell licens. Annars f\u00e5r de inte bedriva verksamhet i Sverige. Detta inf\u00f6rdes f\u00f6r att ge en tryggare och s\u00e4krare marknad i alla l\u00e4gen. Resultatet har blivit enast\u00e5ende d\u00e5 spelarna k\u00e4nner sig s\u00e4krare idag j\u00e4mf\u00f6rt med tidigare. Spelinspektionen beslutade att spel mot faktura skulle f\u00f6rbjudas. S\u00e5 \u00e4r ocks\u00e5 fallet idag och d\u00e4rf\u00f6r kan spelbolagen inte l\u00e5ta dig krita pengar f\u00f6r att spela casinon.<\/p>\n\n\n\n<h3 class=\"wp-block-heading\">Vilka betalningstj\u00e4nster erbjuder fakturabetalning hos online casino?<\/h3>\n\n\n\n<p>Det finns en rad olika tj\u00e4nster som erbjuder fakturabetalning n\u00e4r du ska spela online casino. Kom dock ih\u00e5g att alltid vara extremt f\u00f6rsiktig n\u00e4r du spelar mot faktura. V\u00e5r rekommendation \u00e4r egentligen att du h\u00e5ller dig till vanligt casino utan faktura. Ska du spela mot faktura se till att kolla igenom betalningsvillkoren s\u00e5 du inte \u00e5ker p\u00e5 ov\u00e4ntade r\u00e4ntor eller liknande.<\/p>\n\n\n\n<h3 class=\"wp-block-heading\">Zimpler Casino &#8211; Den svenska betall\u00f6sningen har blivit \u00e4lskad av m\u00e5nga<\/h3>\n\n\n\n<p>2012 grundades Zimpler och sedan dess har man gjort stor succ\u00e9 p\u00e5 den marknaden hos n\u00e4tcasinon. F\u00f6retagets m\u00e5l vid lansering var att ta fram en betaltj\u00e4nst som skulle g\u00f6ra mobila betalningar betydligt smidigare. Samtidigt ingick det i visionen att f\u00f6retaget ville vara schyssta och hj\u00e4lpa sina anv\u00e4ndare.<\/p>\n\n\n\n<p>Idag kan man lugnt s\u00e4ga att de lyckades. Med en <a href=\"https:\/\/gamblingsam.com\/sv\/mobilcasino\">mobil<\/a> pl\u00e5nbok f\u00e5r du moderna betalningar samtidigt som du alltid har en komplett \u00f6verblick \u00f6ver din konsumtion. Du kan s\u00e4tta dina egna gr\u00e4nser f\u00f6r hur mycket du ska spendera. Detta \u00e4r perfekt f\u00f6r casinospelaren. D\u00e5 best\u00e4mmer du hur mycket du har r\u00e5d att f\u00f6rlora och spelar aldrig f\u00f6r mer \u00e4n det. Du kan koppla ditt bankkort eller be om att f\u00e5 en faktura. S\u00e5 l\u00e4nge du betalar inom 14 dagar \u00e4r det inga avgifter alls.<\/p>\n\n\n\n<h3 class=\"wp-block-heading\">Klarna Casino &#8211; Sveriges dominans forts\u00e4tter<\/h3>\n\n\n\n<p>Klarna g\u00e5r fr\u00e5n klarhet till klarhet. F\u00f6retaget har genom \u00e5ren blivit extremt popul\u00e4ra och anv\u00e4nds idag av miljontals svenskar. Tj\u00e4nsten har ocks\u00e5 spridit sig utanf\u00f6r Sveriges gr\u00e4nser. Bland annat finns Klarna i v\u00e5ra nordiska grannl\u00e4nder och stornationer som Tyskland, \u00d6sterrike, Storbritannien och USA.<\/p>\n\n\n\n<p>N\u00e4r det kommer till casino p\u00e5 n\u00e4tet \u00e4r Klarna riktigt bra att anv\u00e4nda. Eftersom tj\u00e4nsten \u00e4r trov\u00e4rdig och p\u00e5litlig kan du f\u00e5 ut mer av ditt spelande genom att anv\u00e4nda Klarna som betalningsmetod. Prova sj\u00e4lv hos ett n\u00e4tcasino idag och se hur smidig tj\u00e4nsten \u00e4r med egna \u00f6gon. Numera kan du ocks\u00e5 skaffa Klarna-kortet som \u00e4r ett Mastercard. Det g\u00f6r hela upplevelsen \u00e4nnu b\u00e4ttre.<\/p>\n\n\n\n<h3 class=\"wp-block-heading\">Paylevo &#8211; Den k\u00e4ndaste metoden internationellt f\u00f6r casino med faktura<\/h3>\n\n\n\n<p>Om du inte h\u00f6rt talas om Paylevo har du s\u00e4kert h\u00f6rt talas om det gamla namnet Kriita. Tj\u00e4nsten \u00e4r extremt popul\u00e4r och extra bra eftersom den \u00e4r s\u00e5 enkel att anv\u00e4nda. Du beh\u00f6ver inte registrera dig eller n\u00e5got s\u00e5dant. Ist\u00e4llet \u00e4r din mobil nyckeln till alla betalningar. N\u00e4r du ska anv\u00e4nda tj\u00e4nsten f\u00f6rsta g\u00e5ngen g\u00f6rs en kreditupplysning p\u00e5 dig. Sedan \u00e4r det bara att ta del av allt det magiska som finns hos ett casino p\u00e5 n\u00e4tet.<\/p>\n\n\n\n<h3 class=\"wp-block-heading\">SIRU mobil<\/h3>\n\n\n\n<p>Det finska f\u00f6retaget har blivit hyllat i Sverige och flera andra l\u00e4nder ocks\u00e5. H\u00e4r f\u00e5r du en trygg och s\u00e4ker betalningsmetod trots att det \u00e4r p\u00e5 faktura. SIRU till\u00e5tet n\u00e4mligen inte n\u00e5gra enorma belopp n\u00e4r du spelar. Max 200 kronor \u00e5t g\u00e5ngen och 2000 kronor i veckan. Det bidrar till ansvarsfullt spelande vilket vi uppskattar v\u00e4ldigt mycket. Prova att spela casino med SIRU mobil om du \u00e4r taggad.<\/p>\n\n\n\n<div class=\"wp-block-image\"><figure class=\"aligncenter size-large\"><img loading=\"lazy\" decoding=\"async\" width=\"1024\" height=\"543\" src=\"https:\/\/gamblingsam.com\/sv\/wp-content\/media\/sites\/2\/2020\/01\/iStock-923079848-2-1024x543.png\" alt=\"Casino med faktura - Spela casino nu och betala vid ett annat tillf\u00e4lle\" class=\"wp-image-203\" srcset=\"https:\/\/gamblingsam.com\/sv\/wp-content\/media\/sites\/2\/2020\/01\/iStock-923079848-2-1024x543.png 1024w, https:\/\/gamblingsam.com\/sv\/wp-content\/media\/sites\/2\/2020\/01\/iStock-923079848-2-300x159.png 300w, https:\/\/gamblingsam.com\/sv\/wp-content\/media\/sites\/2\/2020\/01\/iStock-923079848-2-768x407.png 768w, https:\/\/gamblingsam.com\/sv\/wp-content\/media\/sites\/2\/2020\/01\/iStock-923079848-2.png 1325w\" sizes=\"auto, (max-width: 1024px) 100vw, 1024px\" \/><\/figure><\/div>\n\n\n\n<h3 class=\"wp-block-heading\">Var f\u00f6rsiktig d\u00e5 casino p\u00e5 faktura \u00e4r f\u00f6renat med m\u00e5nga risker<\/h3>\n\n\n\n<p>Vi kan inte nog po\u00e4ngtera att faktura och casino \u00e4r f\u00f6renat med m\u00e5nga risker. Se d\u00e4rf\u00f6r till att vara extremt f\u00f6rsiktig n\u00e4r du spelar hos ett casino p\u00e5 n\u00e4tet med faktura. Spela inte f\u00f6r pengar du inte kan betala tillbaka och v\u00e4lj helst n\u00e5got annat s\u00e4tt \u00e4n att spela med faktura.<\/p>\n","protected":false},"excerpt":{"rendered":"<p>Casino med faktura &#8211; Spela nu och betala sen Att spela casino med faktura medf\u00f6r m\u00e5nga risker och \u00e4r inte till\u00e5tet hos svenska online casinon sedan svensk licens inf\u00f6rdes. D\u00e4remot <a href=\"https:\/\/gamblingsam.com\/sv\/casino-med-faktura\/\">&#8230;.<\/a><\/p>\n","protected":false},"author":1,"featured_media":0,"parent":0,"menu_order":0,"comment_status":"closed","ping_status":"closed","template":"","meta":{"footnotes":""},"class_list":["post-20","page","type-page","status-publish","hentry"],"yoast_head":"<!-- This site is optimized with the Yoast SEO plugin v27.5 - https:\/\/yoast.com\/product\/yoast-seo-wordpress\/ -->\n<title>Casino med faktura - Spela casino nu och betala vid ett annat tillf\u00e4lle<\/title>\n<meta name=\"description\" content=\"Casino med faktura \u00e4r kanske en av de mest kontroversiella betalningsmetoderna som finns. Men om man kan hantera det, varf\u00f6r inte?\" \/>\n<meta name=\"robots\" content=\"index, follow, max-snippet:-1, max-image-preview:large, max-video-preview:-1\" \/>\n<link rel=\"canonical\" href=\"https:\/\/gamblingsam.com\/sv\/casino-med-faktura\/\" \/>\n<meta property=\"og:locale\" content=\"sv_SE\" \/>\n<meta property=\"og:type\" content=\"article\" \/>\n<meta property=\"og:title\" content=\"Casino med faktura - Spela casino nu och betala vid ett annat tillf\u00e4lle\" \/>\n<meta property=\"og:description\" content=\"Casino med faktura \u00e4r kanske en av de mest kontroversiella betalningsmetoderna som finns. Men om man kan hantera det, varf\u00f6r inte?\" \/>\n<meta property=\"og:url\" content=\"https:\/\/gamblingsam.com\/sv\/casino-med-faktura\/\" \/>\n<meta property=\"og:site_name\" content=\"GamblingSam.com\" \/>\n<meta property=\"article:modified_time\" content=\"2021-11-02T11:38:46+00:00\" \/>\n<meta property=\"og:image\" content=\"https:\/\/gamblingsam.com\/sv\/wp-content\/media\/sites\/2\/2020\/01\/iStock-923079848-2-1024x543.png\" \/>\n<meta name=\"twitter:card\" content=\"summary_large_image\" \/>\n<meta name=\"twitter:label1\" content=\"Ber\u00e4knad l\u00e4stid\" \/>\n\t<meta name=\"twitter:data1\" content=\"4 minuter\" \/>\n<script type=\"application\/ld+json\" class=\"yoast-schema-graph\">{\"@context\":\"https:\\\/\\\/schema.org\",\"@graph\":[{\"@type\":\"WebPage\",\"@id\":\"https:\\\/\\\/gamblingsam.com\\\/sv\\\/casino-med-faktura\\\/\",\"url\":\"https:\\\/\\\/gamblingsam.com\\\/sv\\\/casino-med-faktura\\\/\",\"name\":\"Casino med faktura - Spela casino nu och betala vid ett annat tillf\u00e4lle\",\"isPartOf\":{\"@id\":\"https:\\\/\\\/gamblingsam.com\\\/sv\\\/#website\"},\"primaryImageOfPage\":{\"@id\":\"https:\\\/\\\/gamblingsam.com\\\/sv\\\/casino-med-faktura\\\/#primaryimage\"},\"image\":{\"@id\":\"https:\\\/\\\/gamblingsam.com\\\/sv\\\/casino-med-faktura\\\/#primaryimage\"},\"thumbnailUrl\":\"https:\\\/\\\/gamblingsam.com\\\/sv\\\/wp-content\\\/media\\\/sites\\\/2\\\/2020\\\/01\\\/iStock-923079848-2-1024x543.png\",\"datePublished\":\"2019-11-12T12:45:04+00:00\",\"dateModified\":\"2021-11-02T11:38:46+00:00\",\"description\":\"Casino med faktura \u00e4r kanske en av de mest kontroversiella betalningsmetoderna som finns. Men om man kan hantera det, varf\u00f6r inte?\",\"breadcrumb\":{\"@id\":\"https:\\\/\\\/gamblingsam.com\\\/sv\\\/casino-med-faktura\\\/#breadcrumb\"},\"inLanguage\":\"sv-SE\",\"potentialAction\":[{\"@type\":\"ReadAction\",\"target\":[\"https:\\\/\\\/gamblingsam.com\\\/sv\\\/casino-med-faktura\\\/\"]}]},{\"@type\":\"ImageObject\",\"inLanguage\":\"sv-SE\",\"@id\":\"https:\\\/\\\/gamblingsam.com\\\/sv\\\/casino-med-faktura\\\/#primaryimage\",\"url\":\"https:\\\/\\\/gamblingsam.com\\\/sv\\\/wp-content\\\/media\\\/sites\\\/2\\\/2020\\\/01\\\/iStock-923079848-2.png\",\"contentUrl\":\"https:\\\/\\\/gamblingsam.com\\\/sv\\\/wp-content\\\/media\\\/sites\\\/2\\\/2020\\\/01\\\/iStock-923079848-2.png\",\"width\":1325,\"height\":702},{\"@type\":\"BreadcrumbList\",\"@id\":\"https:\\\/\\\/gamblingsam.com\\\/sv\\\/casino-med-faktura\\\/#breadcrumb\",\"itemListElement\":[{\"@type\":\"ListItem\",\"position\":1,\"name\":\"Home\",\"item\":\"https:\\\/\\\/gamblingsam.com\\\/sv\\\/\"},{\"@type\":\"ListItem\",\"position\":2,\"name\":\"Casino med faktura\"}]},{\"@type\":\"WebSite\",\"@id\":\"https:\\\/\\\/gamblingsam.com\\\/sv\\\/#website\",\"url\":\"https:\\\/\\\/gamblingsam.com\\\/sv\\\/\",\"name\":\"GamblingSam.com\",\"description\":\"\",\"potentialAction\":[{\"@type\":\"SearchAction\",\"target\":{\"@type\":\"EntryPoint\",\"urlTemplate\":\"https:\\\/\\\/gamblingsam.com\\\/sv\\\/?s={search_term_string}\"},\"query-input\":{\"@type\":\"PropertyValueSpecification\",\"valueRequired\":true,\"valueName\":\"search_term_string\"}}],\"inLanguage\":\"sv-SE\"}]}<\/script>\n<!-- \/ Yoast SEO plugin. -->","yoast_head_json":{"title":"Casino med faktura - Spela casino nu och betala vid ett annat tillf\u00e4lle","description":"Casino med faktura \u00e4r kanske en av de mest kontroversiella betalningsmetoderna som finns. Men om man kan hantera det, varf\u00f6r inte?","robots":{"index":"index","follow":"follow","max-snippet":"max-snippet:-1","max-image-preview":"max-image-preview:large","max-video-preview":"max-video-preview:-1"},"canonical":"https:\/\/gamblingsam.com\/sv\/casino-med-faktura\/","og_locale":"sv_SE","og_type":"article","og_title":"Casino med faktura - Spela casino nu och betala vid ett annat tillf\u00e4lle","og_description":"Casino med faktura \u00e4r kanske en av de mest kontroversiella betalningsmetoderna som finns. Men om man kan hantera det, varf\u00f6r inte?","og_url":"https:\/\/gamblingsam.com\/sv\/casino-med-faktura\/","og_site_name":"GamblingSam.com","article_modified_time":"2021-11-02T11:38:46+00:00","og_image":[{"url":"https:\/\/gamblingsam.com\/sv\/wp-content\/media\/sites\/2\/2020\/01\/iStock-923079848-2-1024x543.png","type":"","width":"","height":""}],"twitter_card":"summary_large_image","twitter_misc":{"Ber\u00e4knad l\u00e4stid":"4 minuter"},"schema":{"@context":"https:\/\/schema.org","@graph":[{"@type":"WebPage","@id":"https:\/\/gamblingsam.com\/sv\/casino-med-faktura\/","url":"https:\/\/gamblingsam.com\/sv\/casino-med-faktura\/","name":"Casino med faktura - Spela casino nu och betala vid ett annat tillf\u00e4lle","isPartOf":{"@id":"https:\/\/gamblingsam.com\/sv\/#website"},"primaryImageOfPage":{"@id":"https:\/\/gamblingsam.com\/sv\/casino-med-faktura\/#primaryimage"},"image":{"@id":"https:\/\/gamblingsam.com\/sv\/casino-med-faktura\/#primaryimage"},"thumbnailUrl":"https:\/\/gamblingsam.com\/sv\/wp-content\/media\/sites\/2\/2020\/01\/iStock-923079848-2-1024x543.png","datePublished":"2019-11-12T12:45:04+00:00","dateModified":"2021-11-02T11:38:46+00:00","description":"Casino med faktura \u00e4r kanske en av de mest kontroversiella betalningsmetoderna som finns. Men om man kan hantera det, varf\u00f6r inte?","breadcrumb":{"@id":"https:\/\/gamblingsam.com\/sv\/casino-med-faktura\/#breadcrumb"},"inLanguage":"sv-SE","potentialAction":[{"@type":"ReadAction","target":["https:\/\/gamblingsam.com\/sv\/casino-med-faktura\/"]}]},{"@type":"ImageObject","inLanguage":"sv-SE","@id":"https:\/\/gamblingsam.com\/sv\/casino-med-faktura\/#primaryimage","url":"https:\/\/gamblingsam.com\/sv\/wp-content\/media\/sites\/2\/2020\/01\/iStock-923079848-2.png","contentUrl":"https:\/\/gamblingsam.com\/sv\/wp-content\/media\/sites\/2\/2020\/01\/iStock-923079848-2.png","width":1325,"height":702},{"@type":"BreadcrumbList","@id":"https:\/\/gamblingsam.com\/sv\/casino-med-faktura\/#breadcrumb","itemListElement":[{"@type":"ListItem","position":1,"name":"Home","item":"https:\/\/gamblingsam.com\/sv\/"},{"@type":"ListItem","position":2,"name":"Casino med faktura"}]},{"@type":"WebSite","@id":"https:\/\/gamblingsam.com\/sv\/#website","url":"https:\/\/gamblingsam.com\/sv\/","name":"GamblingSam.com","description":"","potentialAction":[{"@type":"SearchAction","target":{"@type":"EntryPoint","urlTemplate":"https:\/\/gamblingsam.com\/sv\/?s={search_term_string}"},"query-input":{"@type":"PropertyValueSpecification","valueRequired":true,"valueName":"search_term_string"}}],"inLanguage":"sv-SE"}]}},"_links":{"self":[{"href":"https:\/\/gamblingsam.com\/sv\/wp-json\/wp\/v2\/pages\/20","targetHints":{"allow":["GET"]}}],"collection":[{"href":"https:\/\/gamblingsam.com\/sv\/wp-json\/wp\/v2\/pages"}],"about":[{"href":"https:\/\/gamblingsam.com\/sv\/wp-json\/wp\/v2\/types\/page"}],"author":[{"embeddable":true,"href":"https:\/\/gamblingsam.com\/sv\/wp-json\/wp\/v2\/users\/1"}],"replies":[{"embeddable":true,"href":"https:\/\/gamblingsam.com\/sv\/wp-json\/wp\/v2\/comments?post=20"}],"version-history":[{"count":5,"href":"https:\/\/gamblingsam.com\/sv\/wp-json\/wp\/v2\/pages\/20\/revisions"}],"predecessor-version":[{"id":371,"href":"https:\/\/gamblingsam.com\/sv\/wp-json\/wp\/v2\/pages\/20\/revisions\/371"}],"wp:attachment":[{"href":"https:\/\/gamblingsam.com\/sv\/wp-json\/wp\/v2\/media?parent=20"}],"curies":[{"name":"wp","href":"https:\/\/api.w.org\/{rel}","templated":true}]}}