{"id":247,"date":"2020-02-04T20:12:37","date_gmt":"2020-02-04T20:12:37","guid":{"rendered":"https:\/\/gamblingsam.com\/sv\/?page_id=247"},"modified":"2021-11-02T11:32:52","modified_gmt":"2021-11-02T11:32:52","slug":"casino-med-swish","status":"publish","type":"page","link":"https:\/\/gamblingsam.com\/sv\/casino-med-swish\/","title":{"rendered":"Casino med swish"},"content":{"rendered":"\n<h1 class=\"wp-block-heading\">Casino med Swish &#8211; Omedelbar betalning f\u00f6r svenskar<\/h1>\n\n\n\n<p>Den svenska spellicensen har debatterats m\u00e5ngt och mycket. De olika \u00e5sikterna samt f\u00f6r- och nackdelarna bollas fram och tillbaka. Men en sak vi kan vara helt enade om \u00e4r att det har varit ett mirakel f\u00f6r verifieringar och betall\u00f6sningar.<\/p>\n\n\n\n<p><a href=\"https:\/\/gamblingsam.com\/sv\/svenska-casinon\/\">Svenska casinon<\/a> med licens har ett krav p\u00e5 sig om att BankID ska g\u00e4lla f\u00f6r svenska spelare. Du kanske undrar varf\u00f6r det \u00e4r s\u00e5 m\u00e4rkv\u00e4rdigt? Jo, det \u00e4r n\u00e4mligen s\u00e5 att det \u00e4r tack vare BankID som vi slipper registrera konton, skicka in adressbevis, bilder p\u00e5 legitimation och s\u00e5 vidare. Det \u00e4r ocks\u00e5 BankID som g\u00f6r det m\u00f6jligt f\u00f6r oss att sk\u00f6ta betalningar med Swish. Sedan den svenska licensen och BankID kravet s\u00e5 accepterar nu i princip alla licensierade online casinon Swish som betalmetod. Tack vare Swish har vi svenskar bland de snabbaste och mest s\u00e4kra \u00f6verf\u00f6ringarna till- och fr\u00e5n casinon i v\u00e4rlden. Dessutom \u00e4r \u00f6verf\u00f6ringarna med Swish helt avgiftsfria! Du beh\u00f6ver inte fundera \u00f6ver diverse eWallets och att registrera dig och g\u00f6ra \u00f6verf\u00f6ringar till en tredjepart. Swish &#8211; S\u00e5 \u00e4r \u00f6verf\u00f6ringen klar.<\/p>\n\n\n\n  <div class=\"top-sites-wrap\">\n\t\t<div class=\"top-sites-row top-sites-heading\"><div class=\"casinocol \">\tCasino<\/div><div class=\"featcol\">F\u00f6rdelar<\/div><div  class=\"depcol\">Bonus<\/div><div  class=\"ratecol\">Betyg<\/div><div class=\"visitcol \">Spela<\/div>\n       <\/div>\n\n<div class=\"top-sites-row top-sites-body row-1 \">\n         <div  class=\"casinocol\"><span class=\"rankcir\">1<\/span>\n\t\t <a target=\"_blank\" href=\"https:\/\/gamblingsam.com\/sv\/go\/casumo\">\n\t\t  <img loading=\"lazy\" decoding=\"async\" width=\"150\" height=\"76\" src=\"https:\/\/gamblingsam.com\/sv\/wp-content\/media\/sites\/2\/2019\/11\/casumo.png\" class=\"logocomp wp-post-image\" alt=\"\" \/>\n\t\t\t<\/a>\n\t\t<\/div><div class=\"featcol\"><ul><li>Grym bonus <\/li><li> BankID <\/li><li> Swish<\/li><\/ul>\t<\/div><div class=\"depcol\"><span class=\"hilite\">500 kr<\/span><\/div><div  class=\"ratecol\"><span class=\"rate cen\"> <span class=\"ratetotal\" style=\"width: 96%\"><\/span><\/span><a href=\"https:\/\/gamblingsam.com\/sv\/spelbolag\/casumo\/\" class=\"revlink\">Recension<\/a> <\/div><div class=\"visitcol\"><a target=\"_blank\" href=\"https:\/\/gamblingsam.com\/sv\/go\/casumo\" class=\"visbutton\">Spela<\/a><\/div>\n <\/div>\n<div class=\"termsrow\">\n<small>* 18+ | Spela ansvarsfullt | <a href=\"http:\/\/www.stodlinjen.se\" target=\"_blank\" rel=\"nofollow noopener\">St\u00f6dlinjen.se<\/a> | <a href=\"https:\/\/www.spelpaus.se\" target=\"_blank\" rel=\"nofollow noopener\">Spelpaus.se.se<\/a> | <a href=\"\" target=\"_blank\" rel=\"nofollow noopener\">Regler &amp; villkor g\u00e4ller<\/a><\/small><\/div>\n<div class=\"top-sites-row top-sites-body row-2 \">\n         <div  class=\"casinocol\"><span class=\"rankcir\">2<\/span>\n\t\t <a target=\"_blank\" href=\"https:\/\/gamblingsam.com\/sv\/go\/mrgreen\">\n\t\t  <img loading=\"lazy\" decoding=\"async\" width=\"300\" height=\"86\" src=\"https:\/\/gamblingsam.com\/sv\/wp-content\/media\/sites\/2\/2019\/12\/mr-green.png\" class=\"logocomp wp-post-image\" alt=\"\" \/>\n\t\t\t<\/a>\n\t\t<\/div><div class=\"featcol\"><ul><li>Bonus + free spins <\/li><li> Gr\u00f6nt spel <\/li><li> Massor med spel<\/li><\/ul>\t<\/div><div class=\"depcol\"><span class=\"hilite\">100% upp till 1000 kr<\/span><\/div><div  class=\"ratecol\"><span class=\"rate cen\"> <span class=\"ratetotal\" style=\"width: 92%\"><\/span><\/span><a href=\"https:\/\/gamblingsam.com\/sv\/spelbolag\/mr-green\/\" class=\"revlink\">Recension<\/a> <\/div><div class=\"visitcol\"><a target=\"_blank\" href=\"https:\/\/gamblingsam.com\/sv\/go\/mrgreen\" class=\"visbutton\">Spela<\/a><\/div>\n <\/div>\n<div class=\"termsrow\">\n<small>* 18+ | Spela ansvarsfullt | <a href=\"http:\/\/www.stodlinjen.se\" target=\"_blank\" rel=\"nofollow noopener\">St\u00f6dlinjen.se<\/a> | <a href=\"https:\/\/www.spelpaus.se\" target=\"_blank\" rel=\"nofollow noopener\">Spelpaus.se.se<\/a> | <a href=\"\" target=\"_blank\" rel=\"nofollow noopener\">Regler &amp; villkor g\u00e4ller<\/a><\/small><\/div>\n<div class=\"top-sites-row top-sites-body row-3 \">\n         <div  class=\"casinocol\"><span class=\"rankcir\">3<\/span>\n\t\t <a target=\"_blank\" href=\"https:\/\/gamblingsam.com\/sv\/go\/betsson\">\n\t\t  <img loading=\"lazy\" decoding=\"async\" width=\"146\" height=\"76\" src=\"https:\/\/gamblingsam.com\/sv\/wp-content\/media\/sites\/2\/2020\/03\/1.jpg\" class=\"logocomp wp-post-image\" alt=\"\" \/>\n\t\t\t<\/a>\n\t\t<\/div><div class=\"featcol\"><ul><li>L\u00e5ng erfarnhet <\/li><li> Bra bonus <\/li><li> Swish & Trustly<\/li><\/ul>\t<\/div><div class=\"depcol\"><span class=\"hilite\">500 kr + 100 free spins<\/span><\/div><div  class=\"ratecol\"><span class=\"rate cen\"> <span class=\"ratetotal\" style=\"width: 94%\"><\/span><\/span><a href=\"https:\/\/gamblingsam.com\/sv\/spelbolag\/betsson\/\" class=\"revlink\">Recension<\/a> <\/div><div class=\"visitcol\"><a target=\"_blank\" href=\"https:\/\/gamblingsam.com\/sv\/go\/betsson\" class=\"visbutton\">Spela<\/a><\/div>\n <\/div>\n<div class=\"termsrow\">\n<small>* 18+ | Spela ansvarsfullt | <a href=\"http:\/\/www.stodlinjen.se\" target=\"_blank\" rel=\"nofollow noopener\">St\u00f6dlinjen.se<\/a> | <a href=\"https:\/\/www.spelpaus.se\" target=\"_blank\" rel=\"nofollow noopener\">Spelpaus.se.se<\/a> | <a href=\"\" target=\"_blank\" rel=\"nofollow noopener\">Regler &amp; villkor g\u00e4ller<\/a><\/small><\/div>\n<div class=\"top-sites-row top-sites-body row-4 \">\n         <div  class=\"casinocol\"><span class=\"rankcir\">4<\/span>\n\t\t <a target=\"_blank\" href=\"https:\/\/gamblingsam.com\/sv\/go\/snabbare\">\n\t\t  <img loading=\"lazy\" decoding=\"async\" width=\"175\" height=\"105\" src=\"https:\/\/gamblingsam.com\/sv\/wp-content\/media\/sites\/2\/2019\/11\/snabbare_trans.png\" class=\"logocomp wp-post-image\" alt=\"\" \/>\n\t\t\t<\/a>\n\t\t<\/div><div class=\"featcol\"><ul><li>Massor med spel <\/li><li> Spela med BankID <\/li><li> Tillh\u00f6r ComeOn<\/li><\/ul>\t<\/div><div class=\"depcol\"><span class=\"hilite\">2000 kr<\/span><\/div><div  class=\"ratecol\"><span class=\"rate cen\"> <span class=\"ratetotal\" style=\"width: 94%\"><\/span><\/span><a href=\"https:\/\/gamblingsam.com\/sv\/spelbolag\/snabbare\/\" class=\"revlink\">Recension<\/a> <\/div><div class=\"visitcol\"><a target=\"_blank\" href=\"https:\/\/gamblingsam.com\/sv\/go\/snabbare\" class=\"visbutton\">Spela<\/a><\/div>\n <\/div>\n<div class=\"termsrow\">\n<small>* 18+ | Spela ansvarsfullt | <a href=\"http:\/\/www.stodlinjen.se\" target=\"_blank\" rel=\"nofollow noopener\">St\u00f6dlinjen.se<\/a> | <a href=\"https:\/\/www.spelpaus.se\" target=\"_blank\" rel=\"nofollow noopener\">Spelpaus.se.se<\/a> | <a href=\"\" target=\"_blank\" rel=\"nofollow noopener\">Regler &amp; villkor g\u00e4ller<\/a><\/small><\/div>\n<div class=\"top-sites-row top-sites-body row-5 \">\n         <div  class=\"casinocol\"><span class=\"rankcir\">5<\/span>\n\t\t <a target=\"_blank\" href=\"https:\/\/gamblingsam.com\/sv\/go\/bethard\">\n\t\t  <img loading=\"lazy\" decoding=\"async\" width=\"150\" height=\"75\" src=\"https:\/\/gamblingsam.com\/sv\/wp-content\/media\/sites\/2\/2020\/04\/bethard.png\" class=\"logocomp wp-post-image\" alt=\"\" \/>\n\t\t\t<\/a>\n\t\t<\/div><div class=\"featcol\"><ul><li>Ambassad\u00f6r: Zlatan <\/li><li> Grymt spelutbud <\/li><li> Bra bonusar<\/li><\/ul>\t<\/div><div class=\"depcol\"><span class=\"hilite\">100% uppt till 500 kr<\/span><\/div><div  class=\"ratecol\"><span class=\"rate cen\"> <span class=\"ratetotal\" style=\"width: 88%\"><\/span><\/span><a href=\"https:\/\/gamblingsam.com\/sv\/spelbolag\/bethard\/\" class=\"revlink\">Recension<\/a> <\/div><div class=\"visitcol\"><a target=\"_blank\" href=\"https:\/\/gamblingsam.com\/sv\/go\/bethard\" class=\"visbutton\">Spela<\/a><\/div>\n <\/div>\n<div class=\"termsrow\">\n<small>* 18+ | Spela ansvarsfullt | <a href=\"http:\/\/www.stodlinjen.se\" target=\"_blank\" rel=\"nofollow noopener\">St\u00f6dlinjen.se<\/a> | <a href=\"https:\/\/www.spelpaus.se\" target=\"_blank\" rel=\"nofollow noopener\">Spelpaus.se.se<\/a> | <a href=\"\" target=\"_blank\" rel=\"nofollow noopener\">Regler &amp; villkor g\u00e4ller<\/a><\/small><\/div><\/div>\n\n\n\n<h2 class=\"wp-block-heading\">Hur fungerar Swish p\u00e5 online casino?<\/h2>\n\n\n\n<p>Att anv\u00e4nda Swish som betalmetod p\u00e5 ett <a href=\"https:\/\/gamblingsam.com\/sv\/nya-casinon\/\">online casino<\/a> \u00e4r busenkelt. I vanlig ordning \u00e4r det f\u00f6rsta du g\u00f6r att bes\u00f6ka casinots webbsida och registrera dig. \u00c5ter igen, tack vare BankID beh\u00f6ver vi svenskar egentligen inte ens registrera oss. Vi klickar helt enkelt bara p\u00e5 &#8221;logga in&#8221;, &#8221;\u00f6ppna konto&#8221; eller vad det nu kan st\u00e5, och v\u00e4ljer &#8221;legitimera dig med BankID&#8221;. Du \u00e4r nu registrerad. Tack vare att b\u00e5de BankID och Swish samarbetar med samtliga st\u00f6rre banker i Sverige \u00e4r du nu redan verifierad och klar. Ingen mer information beh\u00f6ver \u00e5terges.<\/p>\n\n\n\n<p>Sedan g\u00f6r du helt enkelt bara en ins\u00e4ttning och v\u00e4ljer Swish som din betalmetod. Fyll i summan du vill f\u00f6ra \u00f6ver, och din Swish app kommer att \u00f6ppnas s\u00e5 att du kan kontrollera summan och mottagaren. Om allting ser r\u00e4tt och riktigt ut legitimerar du dig bara med ditt BankID. Sen \u00e4r saken klar! Precis s\u00e5 enkelt \u00e4r det att g\u00f6ra en ins\u00e4ttning med Swish som betalmetod.<\/p>\n\n\n\n<h3 class=\"wp-block-heading\">Casino bonus med Swish som betalmetod<\/h3>\n\n\n\n<p>Tack vare den svenska licensen, BankID kravet och betall\u00f6sningar som Swish s\u00e5 har det aldrig varit enklare f\u00f6r svenska spelare att spela p\u00e5 online casinon. D\u00e4rf\u00f6r \u00e4r det m\u00e5nga som har b\u00f6rjar registrera sig hos ett flertal olika <a href=\"https:\/\/gamblingsam.com\/sv\/\">casinon<\/a>, ist\u00e4llet f\u00f6r ett. Detta f\u00f6r att kunna ta emot s\u00e5 m\u00e5nga v\u00e4lkomstbonusar som m\u00f6jligt. N\u00e4r bonusen \u00e4r slut, g\u00e5r de helt enkelt vidare till n\u00e4sta casino och h\u00e4mtar en ny bonus. \u00c4ven om det \u00e4r en bonus per casino och kund som g\u00e4ller, s\u00e5 finns det gott om online casinon d\u00e4r ute, och d\u00e4rf\u00f6r lika gott om bonusar.<\/p>\n\n\n\n<p>Som du s\u00e4kert redan vet s\u00e5 \u00e4r inte alltid samtliga betall\u00f6sningar giltiga f\u00f6r att ta emot en bonus p\u00e5 de olika casinona. Detta kan bero p\u00e5 att vissa metoder \u00e4r avgiftsbelagda och liknande. Som tur \u00e4r beh\u00f6ver du i regel inte oroa dig \u00f6ver detta n\u00e4r det kommer till Swish. Swish g\u00f6r att du snabbt och enkelt kan ta g\u00f6ra ins\u00e4ttningar och ta emot din v\u00e4lkomstbonus.<\/p>\n\n\n\n<h3 class=\"wp-block-heading\">Nackdelar med Swish p\u00e5 casinon<\/h3>\n\n\n\n<p>Vi kan nog konstatera att f\u00f6rdelarna med att anv\u00e4nda Swish f\u00f6r betalningar p\u00e5 online casinon \u00e4r mycket fler \u00e4n nackdelarna. Men det finns \u00e4nd\u00e5 n\u00e5gra stycken. Eftersom att Swish \u00e4r en betall\u00f6sning och inte en bank kan du inte g\u00f6ra uttag med metoden. N\u00e4r du ska ta ut dina vinster efter att ha gjort en ins\u00e4ttning med Swish beh\u00f6ver du d\u00e4rf\u00f6r ta ut dem med en vanlig bank\u00f6verf\u00f6ring, eWallet eller liknande.<\/p>\n\n\n\n<p>Swishbetalningar ger dig inte heller returr\u00e4tt som du hade haft vid kortbetalning. En annan nackdel \u00e4r att de mindre bankerna inte n\u00f6dv\u00e4ndigtvis har avtal med Swish. D\u00e4rf\u00f6r \u00e4r betalmetoden enbart relevant om du \u00e4r kund hos en bank som har avtal med Swish.<\/p>\n\n\n\n<h3 class=\"wp-block-heading\">F\u00f6ljande banker har avtal med Swish<\/h3>\n\n\n\n<ul class=\"wp-block-list\"><li>Nordea<\/li><li>SEB<\/li><li>Skandia<\/li><li>ICA Banken<\/li><li>Handelsbanken<\/li><li>\u00c5landsbanken<\/li><li>Swedbank<\/li><li>Marginalen Bank<\/li><li>Forex Bank<\/li><li>Sparbanken Syd<\/li><li>L\u00e4nsf\u00f6rs\u00e4kringar<\/li><li>Danske Bank<\/li><\/ul>\n\n\n\n<p>Lyckligtvis \u00e4r de flesta svenskarna kund hos en eller flera av dessa banker. Faktum \u00e4r att \u00f6ver Swish enligt deras egna uppgifter har \u00f6ver 7 miljoner anv\u00e4ndare. Betalmetoden \u00e4r perfekt utformad f\u00f6r mobila betalningar och passar d\u00e4rf\u00f6r \u00e4ven utm\u00e4rkt till mobilcasino b\u00e5de p\u00e5 din smartphone och surfplatta. Vi skulle nog v\u00e5ga p\u00e5st\u00e5 att Swish kan vara den absolut smidigaste, enklaste och b\u00e4sta betalmetoden f\u00f6r dig som spelar casino och bettar online i Sverige!<\/p>\n","protected":false},"excerpt":{"rendered":"<p>Casino med Swish &#8211; Omedelbar betalning f\u00f6r svenskar Den svenska spellicensen har debatterats m\u00e5ngt och mycket. De olika \u00e5sikterna samt f\u00f6r- och nackdelarna bollas fram och tillbaka. Men en sak <a href=\"https:\/\/gamblingsam.com\/sv\/casino-med-swish\/\">&#8230;.<\/a><\/p>\n","protected":false},"author":1,"featured_media":0,"parent":0,"menu_order":0,"comment_status":"closed","ping_status":"closed","template":"","meta":{"footnotes":""},"class_list":["post-247","page","type-page","status-publish","hentry"],"yoast_head":"<!-- This site is optimized with the Yoast SEO plugin v27.5 - https:\/\/yoast.com\/product\/yoast-seo-wordpress\/ -->\n<title>Casino med Swish - Vill du s\u00e4tta in pengar p\u00e5 ditt casino med Swish?<\/title>\n<meta name=\"description\" content=\"Casino med Swish \u00e4r v\u00e4ldigt eftertraktat och popul\u00e4rt. Vi visar dig vilka online casinon som erbjuder casino med betall\u00f6sningen Swish.\" \/>\n<meta name=\"robots\" content=\"index, follow, max-snippet:-1, max-image-preview:large, max-video-preview:-1\" \/>\n<link rel=\"canonical\" href=\"https:\/\/gamblingsam.com\/sv\/casino-med-swish\/\" \/>\n<meta property=\"og:locale\" content=\"sv_SE\" \/>\n<meta property=\"og:type\" content=\"article\" \/>\n<meta property=\"og:title\" content=\"Casino med Swish - Vill du s\u00e4tta in pengar p\u00e5 ditt casino med Swish?\" \/>\n<meta property=\"og:description\" content=\"Casino med Swish \u00e4r v\u00e4ldigt eftertraktat och popul\u00e4rt. Vi visar dig vilka online casinon som erbjuder casino med betall\u00f6sningen Swish.\" \/>\n<meta property=\"og:url\" content=\"https:\/\/gamblingsam.com\/sv\/casino-med-swish\/\" \/>\n<meta property=\"og:site_name\" content=\"GamblingSam.com\" \/>\n<meta property=\"article:modified_time\" content=\"2021-11-02T11:32:52+00:00\" \/>\n<meta name=\"twitter:card\" content=\"summary_large_image\" \/>\n<meta name=\"twitter:label1\" content=\"Ber\u00e4knad l\u00e4stid\" \/>\n\t<meta name=\"twitter:data1\" content=\"4 minuter\" \/>\n<script type=\"application\/ld+json\" class=\"yoast-schema-graph\">{\"@context\":\"https:\\\/\\\/schema.org\",\"@graph\":[{\"@type\":\"WebPage\",\"@id\":\"https:\\\/\\\/gamblingsam.com\\\/sv\\\/casino-med-swish\\\/\",\"url\":\"https:\\\/\\\/gamblingsam.com\\\/sv\\\/casino-med-swish\\\/\",\"name\":\"Casino med Swish - Vill du s\u00e4tta in pengar p\u00e5 ditt casino med Swish?\",\"isPartOf\":{\"@id\":\"https:\\\/\\\/gamblingsam.com\\\/sv\\\/#website\"},\"datePublished\":\"2020-02-04T20:12:37+00:00\",\"dateModified\":\"2021-11-02T11:32:52+00:00\",\"description\":\"Casino med Swish \u00e4r v\u00e4ldigt eftertraktat och popul\u00e4rt. Vi visar dig vilka online casinon som erbjuder casino med betall\u00f6sningen Swish.\",\"breadcrumb\":{\"@id\":\"https:\\\/\\\/gamblingsam.com\\\/sv\\\/casino-med-swish\\\/#breadcrumb\"},\"inLanguage\":\"sv-SE\",\"potentialAction\":[{\"@type\":\"ReadAction\",\"target\":[\"https:\\\/\\\/gamblingsam.com\\\/sv\\\/casino-med-swish\\\/\"]}]},{\"@type\":\"BreadcrumbList\",\"@id\":\"https:\\\/\\\/gamblingsam.com\\\/sv\\\/casino-med-swish\\\/#breadcrumb\",\"itemListElement\":[{\"@type\":\"ListItem\",\"position\":1,\"name\":\"Home\",\"item\":\"https:\\\/\\\/gamblingsam.com\\\/sv\\\/\"},{\"@type\":\"ListItem\",\"position\":2,\"name\":\"Casino med swish\"}]},{\"@type\":\"WebSite\",\"@id\":\"https:\\\/\\\/gamblingsam.com\\\/sv\\\/#website\",\"url\":\"https:\\\/\\\/gamblingsam.com\\\/sv\\\/\",\"name\":\"GamblingSam.com\",\"description\":\"\",\"potentialAction\":[{\"@type\":\"SearchAction\",\"target\":{\"@type\":\"EntryPoint\",\"urlTemplate\":\"https:\\\/\\\/gamblingsam.com\\\/sv\\\/?s={search_term_string}\"},\"query-input\":{\"@type\":\"PropertyValueSpecification\",\"valueRequired\":true,\"valueName\":\"search_term_string\"}}],\"inLanguage\":\"sv-SE\"}]}<\/script>\n<!-- \/ Yoast SEO plugin. -->","yoast_head_json":{"title":"Casino med Swish - Vill du s\u00e4tta in pengar p\u00e5 ditt casino med Swish?","description":"Casino med Swish \u00e4r v\u00e4ldigt eftertraktat och popul\u00e4rt. Vi visar dig vilka online casinon som erbjuder casino med betall\u00f6sningen Swish.","robots":{"index":"index","follow":"follow","max-snippet":"max-snippet:-1","max-image-preview":"max-image-preview:large","max-video-preview":"max-video-preview:-1"},"canonical":"https:\/\/gamblingsam.com\/sv\/casino-med-swish\/","og_locale":"sv_SE","og_type":"article","og_title":"Casino med Swish - Vill du s\u00e4tta in pengar p\u00e5 ditt casino med Swish?","og_description":"Casino med Swish \u00e4r v\u00e4ldigt eftertraktat och popul\u00e4rt. Vi visar dig vilka online casinon som erbjuder casino med betall\u00f6sningen Swish.","og_url":"https:\/\/gamblingsam.com\/sv\/casino-med-swish\/","og_site_name":"GamblingSam.com","article_modified_time":"2021-11-02T11:32:52+00:00","twitter_card":"summary_large_image","twitter_misc":{"Ber\u00e4knad l\u00e4stid":"4 minuter"},"schema":{"@context":"https:\/\/schema.org","@graph":[{"@type":"WebPage","@id":"https:\/\/gamblingsam.com\/sv\/casino-med-swish\/","url":"https:\/\/gamblingsam.com\/sv\/casino-med-swish\/","name":"Casino med Swish - Vill du s\u00e4tta in pengar p\u00e5 ditt casino med Swish?","isPartOf":{"@id":"https:\/\/gamblingsam.com\/sv\/#website"},"datePublished":"2020-02-04T20:12:37+00:00","dateModified":"2021-11-02T11:32:52+00:00","description":"Casino med Swish \u00e4r v\u00e4ldigt eftertraktat och popul\u00e4rt. Vi visar dig vilka online casinon som erbjuder casino med betall\u00f6sningen Swish.","breadcrumb":{"@id":"https:\/\/gamblingsam.com\/sv\/casino-med-swish\/#breadcrumb"},"inLanguage":"sv-SE","potentialAction":[{"@type":"ReadAction","target":["https:\/\/gamblingsam.com\/sv\/casino-med-swish\/"]}]},{"@type":"BreadcrumbList","@id":"https:\/\/gamblingsam.com\/sv\/casino-med-swish\/#breadcrumb","itemListElement":[{"@type":"ListItem","position":1,"name":"Home","item":"https:\/\/gamblingsam.com\/sv\/"},{"@type":"ListItem","position":2,"name":"Casino med swish"}]},{"@type":"WebSite","@id":"https:\/\/gamblingsam.com\/sv\/#website","url":"https:\/\/gamblingsam.com\/sv\/","name":"GamblingSam.com","description":"","potentialAction":[{"@type":"SearchAction","target":{"@type":"EntryPoint","urlTemplate":"https:\/\/gamblingsam.com\/sv\/?s={search_term_string}"},"query-input":{"@type":"PropertyValueSpecification","valueRequired":true,"valueName":"search_term_string"}}],"inLanguage":"sv-SE"}]}},"_links":{"self":[{"href":"https:\/\/gamblingsam.com\/sv\/wp-json\/wp\/v2\/pages\/247","targetHints":{"allow":["GET"]}}],"collection":[{"href":"https:\/\/gamblingsam.com\/sv\/wp-json\/wp\/v2\/pages"}],"about":[{"href":"https:\/\/gamblingsam.com\/sv\/wp-json\/wp\/v2\/types\/page"}],"author":[{"embeddable":true,"href":"https:\/\/gamblingsam.com\/sv\/wp-json\/wp\/v2\/users\/1"}],"replies":[{"embeddable":true,"href":"https:\/\/gamblingsam.com\/sv\/wp-json\/wp\/v2\/comments?post=247"}],"version-history":[{"count":3,"href":"https:\/\/gamblingsam.com\/sv\/wp-json\/wp\/v2\/pages\/247\/revisions"}],"predecessor-version":[{"id":363,"href":"https:\/\/gamblingsam.com\/sv\/wp-json\/wp\/v2\/pages\/247\/revisions\/363"}],"wp:attachment":[{"href":"https:\/\/gamblingsam.com\/sv\/wp-json\/wp\/v2\/media?parent=247"}],"curies":[{"name":"wp","href":"https:\/\/api.w.org\/{rel}","templated":true}]}}