{"id":26,"date":"2019-11-12T14:47:44","date_gmt":"2019-11-12T14:47:44","guid":{"rendered":"https:\/\/gamblingsam.com\/sv\/?page_id=26"},"modified":"2021-11-02T11:31:09","modified_gmt":"2021-11-02T11:31:09","slug":"nya-casinon","status":"publish","type":"page","link":"https:\/\/gamblingsam.com\/sv\/nya-casinon\/","title":{"rendered":"Nya casinon"},"content":{"rendered":"\n<h1 class=\"wp-block-heading\">Nya casinon &#8211; Trenderna forts\u00e4tter att utvecklas bland online casinon<\/h1>\n\n\n\n<p>Att spela hos nya casinon \u00e4r n\u00e5got som alla spelare borde prova p\u00e5. Det finns m\u00e5nga f\u00f6rdelar med att v\u00e4lja ett nytt casino. \u00c4r du ute efter en modern spelupplevelse finns det inte m\u00e5nga alternativ som sl\u00e5r att ett nytt fr\u00e4scht casino p\u00e5 n\u00e4tet . Du kan hitta ett rykande f\u00e4rskt spelbolag och komma ig\u00e5ng p\u00e5 direkten. F\u00e5 saker kommer ge dig samma h\u00e4rliga spelupplevelse som k\u00e4nslan av nya casinon.<\/p>\n\n\n\n  <div class=\"top-sites-wrap\">\n\t\t<div class=\"top-sites-row top-sites-heading\"><div class=\"casinocol \">\tCasino<\/div><div class=\"featcol\">F\u00f6rdelar<\/div><div  class=\"depcol\">Bonus<\/div><div  class=\"ratecol\">Betyg<\/div><div class=\"visitcol \">Spela<\/div>\n       <\/div>\n\n<div class=\"top-sites-row top-sites-body row-1 \">\n         <div  class=\"casinocol\"><span class=\"rankcir\">1<\/span>\n\t\t <a target=\"_blank\" href=\"https:\/\/gamblingsam.com\/sv\/go\/casumo\">\n\t\t  <img loading=\"lazy\" decoding=\"async\" width=\"150\" height=\"76\" src=\"https:\/\/gamblingsam.com\/sv\/wp-content\/media\/sites\/2\/2019\/11\/casumo.png\" class=\"logocomp wp-post-image\" alt=\"\" \/>\n\t\t\t<\/a>\n\t\t<\/div><div class=\"featcol\"><ul><li>Grym bonus <\/li><li> BankID <\/li><li> Swish<\/li><\/ul>\t<\/div><div class=\"depcol\"><span class=\"hilite\">500 kr<\/span><\/div><div  class=\"ratecol\"><span class=\"rate cen\"> <span class=\"ratetotal\" style=\"width: 96%\"><\/span><\/span><a href=\"https:\/\/gamblingsam.com\/sv\/spelbolag\/casumo\/\" class=\"revlink\">Recension<\/a> <\/div><div class=\"visitcol\"><a target=\"_blank\" href=\"https:\/\/gamblingsam.com\/sv\/go\/casumo\" class=\"visbutton\">Spela<\/a><\/div>\n <\/div>\n<div class=\"termsrow\">\n<small>* 18+ | Spela ansvarsfullt | <a href=\"http:\/\/www.stodlinjen.se\" target=\"_blank\" rel=\"nofollow noopener\">St\u00f6dlinjen.se<\/a> | <a href=\"https:\/\/www.spelpaus.se\" target=\"_blank\" rel=\"nofollow noopener\">Spelpaus.se.se<\/a> | <a href=\"\" target=\"_blank\" rel=\"nofollow noopener\">Regler &amp; villkor g\u00e4ller<\/a><\/small><\/div>\n<div class=\"top-sites-row top-sites-body row-2 \">\n         <div  class=\"casinocol\"><span class=\"rankcir\">2<\/span>\n\t\t <a target=\"_blank\" href=\"https:\/\/gamblingsam.com\/sv\/go\/mrgreen\">\n\t\t  <img loading=\"lazy\" decoding=\"async\" width=\"300\" height=\"86\" src=\"https:\/\/gamblingsam.com\/sv\/wp-content\/media\/sites\/2\/2019\/12\/mr-green.png\" class=\"logocomp wp-post-image\" alt=\"\" \/>\n\t\t\t<\/a>\n\t\t<\/div><div class=\"featcol\"><ul><li>Bonus + free spins <\/li><li> Gr\u00f6nt spel <\/li><li> Massor med spel<\/li><\/ul>\t<\/div><div class=\"depcol\"><span class=\"hilite\">100% upp till 1000 kr<\/span><\/div><div  class=\"ratecol\"><span class=\"rate cen\"> <span class=\"ratetotal\" style=\"width: 92%\"><\/span><\/span><a href=\"https:\/\/gamblingsam.com\/sv\/spelbolag\/mr-green\/\" class=\"revlink\">Recension<\/a> <\/div><div class=\"visitcol\"><a target=\"_blank\" href=\"https:\/\/gamblingsam.com\/sv\/go\/mrgreen\" class=\"visbutton\">Spela<\/a><\/div>\n <\/div>\n<div class=\"termsrow\">\n<small>* 18+ | Spela ansvarsfullt | <a href=\"http:\/\/www.stodlinjen.se\" target=\"_blank\" rel=\"nofollow noopener\">St\u00f6dlinjen.se<\/a> | <a href=\"https:\/\/www.spelpaus.se\" target=\"_blank\" rel=\"nofollow noopener\">Spelpaus.se.se<\/a> | <a href=\"\" target=\"_blank\" rel=\"nofollow noopener\">Regler &amp; villkor g\u00e4ller<\/a><\/small><\/div>\n<div class=\"top-sites-row top-sites-body row-3 \">\n         <div  class=\"casinocol\"><span class=\"rankcir\">3<\/span>\n\t\t <a target=\"_blank\" href=\"https:\/\/gamblingsam.com\/sv\/go\/betsson\">\n\t\t  <img loading=\"lazy\" decoding=\"async\" width=\"146\" height=\"76\" src=\"https:\/\/gamblingsam.com\/sv\/wp-content\/media\/sites\/2\/2020\/03\/1.jpg\" class=\"logocomp wp-post-image\" alt=\"\" \/>\n\t\t\t<\/a>\n\t\t<\/div><div class=\"featcol\"><ul><li>L\u00e5ng erfarnhet <\/li><li> Bra bonus <\/li><li> Swish & Trustly<\/li><\/ul>\t<\/div><div class=\"depcol\"><span class=\"hilite\">500 kr + 100 free spins<\/span><\/div><div  class=\"ratecol\"><span class=\"rate cen\"> <span class=\"ratetotal\" style=\"width: 94%\"><\/span><\/span><a href=\"https:\/\/gamblingsam.com\/sv\/spelbolag\/betsson\/\" class=\"revlink\">Recension<\/a> <\/div><div class=\"visitcol\"><a target=\"_blank\" href=\"https:\/\/gamblingsam.com\/sv\/go\/betsson\" class=\"visbutton\">Spela<\/a><\/div>\n <\/div>\n<div class=\"termsrow\">\n<small>* 18+ | Spela ansvarsfullt | <a href=\"http:\/\/www.stodlinjen.se\" target=\"_blank\" rel=\"nofollow noopener\">St\u00f6dlinjen.se<\/a> | <a href=\"https:\/\/www.spelpaus.se\" target=\"_blank\" rel=\"nofollow noopener\">Spelpaus.se.se<\/a> | <a href=\"\" target=\"_blank\" rel=\"nofollow noopener\">Regler &amp; villkor g\u00e4ller<\/a><\/small><\/div>\n<div class=\"top-sites-row top-sites-body row-4 \">\n         <div  class=\"casinocol\"><span class=\"rankcir\">4<\/span>\n\t\t <a target=\"_blank\" href=\"https:\/\/gamblingsam.com\/sv\/go\/snabbare\">\n\t\t  <img loading=\"lazy\" decoding=\"async\" width=\"175\" height=\"105\" src=\"https:\/\/gamblingsam.com\/sv\/wp-content\/media\/sites\/2\/2019\/11\/snabbare_trans.png\" class=\"logocomp wp-post-image\" alt=\"\" \/>\n\t\t\t<\/a>\n\t\t<\/div><div class=\"featcol\"><ul><li>Massor med spel <\/li><li> Spela med BankID <\/li><li> Tillh\u00f6r ComeOn<\/li><\/ul>\t<\/div><div class=\"depcol\"><span class=\"hilite\">2000 kr<\/span><\/div><div  class=\"ratecol\"><span class=\"rate cen\"> <span class=\"ratetotal\" style=\"width: 94%\"><\/span><\/span><a href=\"https:\/\/gamblingsam.com\/sv\/spelbolag\/snabbare\/\" class=\"revlink\">Recension<\/a> <\/div><div class=\"visitcol\"><a target=\"_blank\" href=\"https:\/\/gamblingsam.com\/sv\/go\/snabbare\" class=\"visbutton\">Spela<\/a><\/div>\n <\/div>\n<div class=\"termsrow\">\n<small>* 18+ | Spela ansvarsfullt | <a href=\"http:\/\/www.stodlinjen.se\" target=\"_blank\" rel=\"nofollow noopener\">St\u00f6dlinjen.se<\/a> | <a href=\"https:\/\/www.spelpaus.se\" target=\"_blank\" rel=\"nofollow noopener\">Spelpaus.se.se<\/a> | <a href=\"\" target=\"_blank\" rel=\"nofollow noopener\">Regler &amp; villkor g\u00e4ller<\/a><\/small><\/div>\n<div class=\"top-sites-row top-sites-body row-5 \">\n         <div  class=\"casinocol\"><span class=\"rankcir\">5<\/span>\n\t\t <a target=\"_blank\" href=\"https:\/\/gamblingsam.com\/sv\/go\/bethard\">\n\t\t  <img loading=\"lazy\" decoding=\"async\" width=\"150\" height=\"75\" src=\"https:\/\/gamblingsam.com\/sv\/wp-content\/media\/sites\/2\/2020\/04\/bethard.png\" class=\"logocomp wp-post-image\" alt=\"\" \/>\n\t\t\t<\/a>\n\t\t<\/div><div class=\"featcol\"><ul><li>Ambassad\u00f6r: Zlatan <\/li><li> Grymt spelutbud <\/li><li> Bra bonusar<\/li><\/ul>\t<\/div><div class=\"depcol\"><span class=\"hilite\">100% uppt till 500 kr<\/span><\/div><div  class=\"ratecol\"><span class=\"rate cen\"> <span class=\"ratetotal\" style=\"width: 88%\"><\/span><\/span><a href=\"https:\/\/gamblingsam.com\/sv\/spelbolag\/bethard\/\" class=\"revlink\">Recension<\/a> <\/div><div class=\"visitcol\"><a target=\"_blank\" href=\"https:\/\/gamblingsam.com\/sv\/go\/bethard\" class=\"visbutton\">Spela<\/a><\/div>\n <\/div>\n<div class=\"termsrow\">\n<small>* 18+ | Spela ansvarsfullt | <a href=\"http:\/\/www.stodlinjen.se\" target=\"_blank\" rel=\"nofollow noopener\">St\u00f6dlinjen.se<\/a> | <a href=\"https:\/\/www.spelpaus.se\" target=\"_blank\" rel=\"nofollow noopener\">Spelpaus.se.se<\/a> | <a href=\"\" target=\"_blank\" rel=\"nofollow noopener\">Regler &amp; villkor g\u00e4ller<\/a><\/small><\/div><\/div>\n\n\n\n<h2 class=\"wp-block-heading\">Casino utan registrering vanligt hos nya casinon<\/h2>\n\n\n\n<p>De flesta nya <a href=\"https:\/\/gamblingsam.com\/sv\/\">casinon<\/a> som sl\u00e4pps erbjuder casino utan registrering. Det inneb\u00e4r att du inte beh\u00f6ver skapa ett konto genom att fylla i massa formul\u00e4r vid registrering. Ist\u00e4llet signar du upp genom mobilt BankID. Som spelare sparar du enormt mycket tid och kommer ig\u00e5ng snabbare. Allt som beh\u00f6vs \u00e4r din E-legitimation och du kan njuta av det enorma spelutbud som v\u00e4ntar av <a href=\"https:\/\/gamblingsam.com\/sv\/slots\">slots<\/a>, bordsspel och live casino.<\/p>\n\n\n\n<p>N\u00e4r du slipper registrera dig medf\u00f6ljer ocks\u00e5 snabbare uttag. Casino utan registrering \u00e4r k\u00e4nda f\u00f6r snabba uttag. Du anv\u00e4nder dig av Trustly och f\u00e5r s\u00e5ledes vinsterna utbetala p\u00e5 n\u00e5gra minuter. Den absoluta majoriteten av nya casinon p\u00e5 n\u00e4tet har sett till att erbjuda Trustly och mobilt BankID. Det ger en spelupplevelse som \u00e4r n\u00e5got alldeles extra. Men f\u00f6rutom detta finns s\u00e5 klart de &#8221;gamla&#8221; betalningsmetoderna som <a href=\"https:\/\/gamblingsam.com\/sv\/skrill\">Skrill<\/a> och VISA\/Mastercard kvar.<\/p>\n\n\n\n<h3 class=\"wp-block-heading\">Den mobila spelupplevelsen forts\u00e4tter att utvecklas<\/h3>\n\n\n\n<p>Utvecklingen kring <a href=\"https:\/\/gamblingsam.com\/sv\/mobilcasino\">mobilcasino<\/a> de senaste \u00e5ren \u00e4r spektakul\u00e4r. Spelarna vill idag kunna ta med sig casinot p\u00e5 fickan vart de \u00e4n befinner sig. D\u00e4rf\u00f6r \u00e4r det viktigt f\u00f6r online casinon att erbjuda en bra mobil spelupplevelse. De st\u00f6rsta akt\u00f6rerna har olika appar f\u00f6r casino och live casino. Andra v\u00e4ljer att enbart k\u00f6ra via mobila webbl\u00e4sare.<\/p>\n\n\n\n<h3 class=\"wp-block-heading\">Mobilt BankID \u00f6kar det mobila spelandet<\/h3>\n\n\n\n<p>I takt med att mobilt BankID blivit standard vid registrering, inlogg och uttag \u00e4r det betydligt smidigare att spela fr\u00e5n mobilen. Det har gjort att fler spelare anv\u00e4nder mobilen som fr\u00e4msta enhet n\u00e4r det g\u00e4ller att spela hos ett casino p\u00e5 n\u00e4tet. Tidigare var datorn den fr\u00e4msta enheten men det har f\u00f6r\u00e4ndrats och l\u00e4r forts\u00e4tta g\u00e5 \u00e5t det mobila h\u00e5llet i framtiden. Det m\u00e4rks extra tydligt bland nya casinon som alltid erbjuder den perfekta mobila plattformen.<\/p>\n\n\n\n<h3 class=\"wp-block-heading\">VR-Casino \u00e4r ett nytt och modernt s\u00e4tt att spela casino p\u00e5<\/h3>\n\n\n\n<p>Den virtuella v\u00e4rlden blir allt st\u00f6rre i takt med att digitaliseringens framfart forts\u00e4tter. Idag g\u00e5r det att f\u00e5 ett par VR-glas\u00f6gon f\u00f6r n\u00e5gra hundralappar. Det kan det vara v\u00e4rt om man vill ta sin spelstund till n\u00e4sta niv\u00e5. Bland annat finns det VR-varianter som NetEnt lanserat av Starburst, Gonzo\u2019s Quest och Jack and the Beanstalk. V\u00e4ljer du dem tar du din spelupplevelse till n\u00e4sta niv\u00e5.<\/p>\n\n\n\n<p>Live beyond live \u00e4r ocks\u00e5 ett virtuellt casino fr\u00e5n NetEnt. Den h\u00e4r g\u00e5ngen \u00e4r det live casino som g\u00e4ller och man lanserade succ\u00e9n hos den hyllade spelsidan Mr Green. G\u00e5 runt p\u00e5 en fet takterass i Los Angeles och interagera med de andra spelarna. V\u00e4lj mellan tv\u00e5 varianter av roulette och blackjack. En mer modern spelupplevelse \u00e4r sv\u00e5r att f\u00e5.<\/p>\n\n\n\n<h3 class=\"wp-block-heading\">Alltid de hetaste och senaste spelen hos nya casinon<\/h3>\n\n\n\n<p>N\u00e4r du spelar hos nya casinon f\u00e5r du som regel alltid de senaste spelen. De \u00e4r v\u00e4ldigt m\u00e5na om att erbjuda nya spel eftersom de villa vara ett modernt casino. P\u00e5 s\u00e5 s\u00e4tt kan du alltid ta del av de senaste spelsl\u00e4ppen. Bland annat lanserar NetEnt och Microgaming nya spel p\u00e5 l\u00f6pande band. Har du inte provat en ny spelautomat rekommenderar vi att du g\u00f6r det.<\/p>\n\n\n\n<h3 class=\"wp-block-heading\">Nytt casino inneb\u00e4r ny bonus<\/h3>\n\n\n\n<p>En f\u00f6rdel med att spela hos nya casinon \u00e4r ocks\u00e5 att du kan ta emot en ny v\u00e4lkomstbonus. Idag \u00e4r det v\u00e4ldigt vanligt med oms\u00e4ttningsfria bonusar. Det kan r\u00f6ra sig om cash spins som \u00e4r free spins utan oms\u00e4ttningskrav. Eller om en kontant bonus d\u00e4r du slipper oms\u00e4tta dina vinster. Vissa online casinon har oms\u00e4ttningskrav men har s\u00e4nkt dem rej\u00e4lt. Vi rekommenderar att du aldrig tar emot en bonus d\u00e4r oms\u00e4ttningskraven \u00e4r h\u00f6gre \u00e4n 35x pengarna. D\u00e5 \u00e4r sannolikheten stor att du hinner spela bort pengarna innan kraven \u00e4r uppfyllda<\/p>\n\n\n\n<div class=\"wp-block-image\"><figure class=\"aligncenter size-large\"><img loading=\"lazy\" decoding=\"async\" width=\"1024\" height=\"483\" src=\"https:\/\/gamblingsam.com\/sv\/wp-content\/media\/sites\/2\/2020\/01\/iStock-177414992-2-1024x483.png\" alt=\"Spela hos nya innovativa svenska casinon\" class=\"wp-image-185\" srcset=\"https:\/\/gamblingsam.com\/sv\/wp-content\/media\/sites\/2\/2020\/01\/iStock-177414992-2-1024x483.png 1024w, https:\/\/gamblingsam.com\/sv\/wp-content\/media\/sites\/2\/2020\/01\/iStock-177414992-2-300x141.png 300w, https:\/\/gamblingsam.com\/sv\/wp-content\/media\/sites\/2\/2020\/01\/iStock-177414992-2-768x362.png 768w, https:\/\/gamblingsam.com\/sv\/wp-content\/media\/sites\/2\/2020\/01\/iStock-177414992-2.png 1315w\" sizes=\"auto, (max-width: 1024px) 100vw, 1024px\" \/><\/figure><\/div>\n\n\n\n<h3 class=\"wp-block-heading\">Spela ansvarsfullt hos nya casinon<\/h3>\n\n\n\n<p>Nya casinon tar ansvarsfullt spelande p\u00e5 st\u00f6rsta allvar. Detta eftersom Spelinspektionen st\u00e4ller h\u00f6ga krav. Om ett nytt casino vill bedriva verksamhet i Sverige m\u00e5ste de f\u00e5 sin licensans\u00f6kan godk\u00e4nd av Spelinspektionen. D\u00e4rf\u00f6r \u00e4r det endast nya och seri\u00f6sa akt\u00f6rer som sl\u00e4pps fram. Vi rekommenderar dig att alltid spela ansvarsfullt och v\u00e4lja ett casino med svensk licens.<\/p>\n","protected":false},"excerpt":{"rendered":"<p>Nya casinon &#8211; Trenderna forts\u00e4tter att utvecklas bland online casinon Att spela hos nya casinon \u00e4r n\u00e5got som alla spelare borde prova p\u00e5. Det finns m\u00e5nga f\u00f6rdelar med att v\u00e4lja <a href=\"https:\/\/gamblingsam.com\/sv\/nya-casinon\/\">&#8230;.<\/a><\/p>\n","protected":false},"author":1,"featured_media":0,"parent":0,"menu_order":0,"comment_status":"closed","ping_status":"closed","template":"","meta":{"footnotes":""},"class_list":["post-26","page","type-page","status-publish","hentry"],"yoast_head":"<!-- This site is optimized with the Yoast SEO plugin v27.5 - https:\/\/yoast.com\/product\/yoast-seo-wordpress\/ -->\n<title>Nya casinon - Spela hos nya innovativa svenska casinon<\/title>\n<meta name=\"description\" content=\"Nya casinon dyker upp med j\u00e4mna mellanrum. Om du vill hitta de senaste bolagen i Sverige b\u00f6r du bes\u00f6ka GamblingSam som listar det b\u00e4sta!\" \/>\n<meta name=\"robots\" content=\"index, follow, max-snippet:-1, max-image-preview:large, max-video-preview:-1\" \/>\n<link rel=\"canonical\" href=\"https:\/\/gamblingsam.com\/sv\/nya-casinon\/\" \/>\n<meta property=\"og:locale\" content=\"sv_SE\" \/>\n<meta property=\"og:type\" content=\"article\" \/>\n<meta property=\"og:title\" content=\"Nya casinon - Spela hos nya innovativa svenska casinon\" \/>\n<meta property=\"og:description\" content=\"Nya casinon dyker upp med j\u00e4mna mellanrum. Om du vill hitta de senaste bolagen i Sverige b\u00f6r du bes\u00f6ka GamblingSam som listar det b\u00e4sta!\" \/>\n<meta property=\"og:url\" content=\"https:\/\/gamblingsam.com\/sv\/nya-casinon\/\" \/>\n<meta property=\"og:site_name\" content=\"GamblingSam.com\" \/>\n<meta property=\"article:modified_time\" content=\"2021-11-02T11:31:09+00:00\" \/>\n<meta property=\"og:image\" content=\"https:\/\/gamblingsam.com\/sv\/wp-content\/media\/sites\/2\/2020\/01\/iStock-177414992-2-1024x483.png\" \/>\n<meta name=\"twitter:card\" content=\"summary_large_image\" \/>\n<meta name=\"twitter:label1\" content=\"Ber\u00e4knad l\u00e4stid\" \/>\n\t<meta name=\"twitter:data1\" content=\"4 minuter\" \/>\n<script type=\"application\/ld+json\" class=\"yoast-schema-graph\">{\"@context\":\"https:\\\/\\\/schema.org\",\"@graph\":[{\"@type\":\"WebPage\",\"@id\":\"https:\\\/\\\/gamblingsam.com\\\/sv\\\/nya-casinon\\\/\",\"url\":\"https:\\\/\\\/gamblingsam.com\\\/sv\\\/nya-casinon\\\/\",\"name\":\"Nya casinon - Spela hos nya innovativa svenska casinon\",\"isPartOf\":{\"@id\":\"https:\\\/\\\/gamblingsam.com\\\/sv\\\/#website\"},\"primaryImageOfPage\":{\"@id\":\"https:\\\/\\\/gamblingsam.com\\\/sv\\\/nya-casinon\\\/#primaryimage\"},\"image\":{\"@id\":\"https:\\\/\\\/gamblingsam.com\\\/sv\\\/nya-casinon\\\/#primaryimage\"},\"thumbnailUrl\":\"https:\\\/\\\/gamblingsam.com\\\/sv\\\/wp-content\\\/media\\\/sites\\\/2\\\/2020\\\/01\\\/iStock-177414992-2-1024x483.png\",\"datePublished\":\"2019-11-12T14:47:44+00:00\",\"dateModified\":\"2021-11-02T11:31:09+00:00\",\"description\":\"Nya casinon dyker upp med j\u00e4mna mellanrum. Om du vill hitta de senaste bolagen i Sverige b\u00f6r du bes\u00f6ka GamblingSam som listar det b\u00e4sta!\",\"breadcrumb\":{\"@id\":\"https:\\\/\\\/gamblingsam.com\\\/sv\\\/nya-casinon\\\/#breadcrumb\"},\"inLanguage\":\"sv-SE\",\"potentialAction\":[{\"@type\":\"ReadAction\",\"target\":[\"https:\\\/\\\/gamblingsam.com\\\/sv\\\/nya-casinon\\\/\"]}]},{\"@type\":\"ImageObject\",\"inLanguage\":\"sv-SE\",\"@id\":\"https:\\\/\\\/gamblingsam.com\\\/sv\\\/nya-casinon\\\/#primaryimage\",\"url\":\"https:\\\/\\\/gamblingsam.com\\\/sv\\\/wp-content\\\/media\\\/sites\\\/2\\\/2020\\\/01\\\/iStock-177414992-2.png\",\"contentUrl\":\"https:\\\/\\\/gamblingsam.com\\\/sv\\\/wp-content\\\/media\\\/sites\\\/2\\\/2020\\\/01\\\/iStock-177414992-2.png\",\"width\":1315,\"height\":620},{\"@type\":\"BreadcrumbList\",\"@id\":\"https:\\\/\\\/gamblingsam.com\\\/sv\\\/nya-casinon\\\/#breadcrumb\",\"itemListElement\":[{\"@type\":\"ListItem\",\"position\":1,\"name\":\"Home\",\"item\":\"https:\\\/\\\/gamblingsam.com\\\/sv\\\/\"},{\"@type\":\"ListItem\",\"position\":2,\"name\":\"Nya casinon\"}]},{\"@type\":\"WebSite\",\"@id\":\"https:\\\/\\\/gamblingsam.com\\\/sv\\\/#website\",\"url\":\"https:\\\/\\\/gamblingsam.com\\\/sv\\\/\",\"name\":\"GamblingSam.com\",\"description\":\"\",\"potentialAction\":[{\"@type\":\"SearchAction\",\"target\":{\"@type\":\"EntryPoint\",\"urlTemplate\":\"https:\\\/\\\/gamblingsam.com\\\/sv\\\/?s={search_term_string}\"},\"query-input\":{\"@type\":\"PropertyValueSpecification\",\"valueRequired\":true,\"valueName\":\"search_term_string\"}}],\"inLanguage\":\"sv-SE\"}]}<\/script>\n<!-- \/ Yoast SEO plugin. -->","yoast_head_json":{"title":"Nya casinon - Spela hos nya innovativa svenska casinon","description":"Nya casinon dyker upp med j\u00e4mna mellanrum. Om du vill hitta de senaste bolagen i Sverige b\u00f6r du bes\u00f6ka GamblingSam som listar det b\u00e4sta!","robots":{"index":"index","follow":"follow","max-snippet":"max-snippet:-1","max-image-preview":"max-image-preview:large","max-video-preview":"max-video-preview:-1"},"canonical":"https:\/\/gamblingsam.com\/sv\/nya-casinon\/","og_locale":"sv_SE","og_type":"article","og_title":"Nya casinon - Spela hos nya innovativa svenska casinon","og_description":"Nya casinon dyker upp med j\u00e4mna mellanrum. Om du vill hitta de senaste bolagen i Sverige b\u00f6r du bes\u00f6ka GamblingSam som listar det b\u00e4sta!","og_url":"https:\/\/gamblingsam.com\/sv\/nya-casinon\/","og_site_name":"GamblingSam.com","article_modified_time":"2021-11-02T11:31:09+00:00","og_image":[{"url":"https:\/\/gamblingsam.com\/sv\/wp-content\/media\/sites\/2\/2020\/01\/iStock-177414992-2-1024x483.png","type":"","width":"","height":""}],"twitter_card":"summary_large_image","twitter_misc":{"Ber\u00e4knad l\u00e4stid":"4 minuter"},"schema":{"@context":"https:\/\/schema.org","@graph":[{"@type":"WebPage","@id":"https:\/\/gamblingsam.com\/sv\/nya-casinon\/","url":"https:\/\/gamblingsam.com\/sv\/nya-casinon\/","name":"Nya casinon - Spela hos nya innovativa svenska casinon","isPartOf":{"@id":"https:\/\/gamblingsam.com\/sv\/#website"},"primaryImageOfPage":{"@id":"https:\/\/gamblingsam.com\/sv\/nya-casinon\/#primaryimage"},"image":{"@id":"https:\/\/gamblingsam.com\/sv\/nya-casinon\/#primaryimage"},"thumbnailUrl":"https:\/\/gamblingsam.com\/sv\/wp-content\/media\/sites\/2\/2020\/01\/iStock-177414992-2-1024x483.png","datePublished":"2019-11-12T14:47:44+00:00","dateModified":"2021-11-02T11:31:09+00:00","description":"Nya casinon dyker upp med j\u00e4mna mellanrum. Om du vill hitta de senaste bolagen i Sverige b\u00f6r du bes\u00f6ka GamblingSam som listar det b\u00e4sta!","breadcrumb":{"@id":"https:\/\/gamblingsam.com\/sv\/nya-casinon\/#breadcrumb"},"inLanguage":"sv-SE","potentialAction":[{"@type":"ReadAction","target":["https:\/\/gamblingsam.com\/sv\/nya-casinon\/"]}]},{"@type":"ImageObject","inLanguage":"sv-SE","@id":"https:\/\/gamblingsam.com\/sv\/nya-casinon\/#primaryimage","url":"https:\/\/gamblingsam.com\/sv\/wp-content\/media\/sites\/2\/2020\/01\/iStock-177414992-2.png","contentUrl":"https:\/\/gamblingsam.com\/sv\/wp-content\/media\/sites\/2\/2020\/01\/iStock-177414992-2.png","width":1315,"height":620},{"@type":"BreadcrumbList","@id":"https:\/\/gamblingsam.com\/sv\/nya-casinon\/#breadcrumb","itemListElement":[{"@type":"ListItem","position":1,"name":"Home","item":"https:\/\/gamblingsam.com\/sv\/"},{"@type":"ListItem","position":2,"name":"Nya casinon"}]},{"@type":"WebSite","@id":"https:\/\/gamblingsam.com\/sv\/#website","url":"https:\/\/gamblingsam.com\/sv\/","name":"GamblingSam.com","description":"","potentialAction":[{"@type":"SearchAction","target":{"@type":"EntryPoint","urlTemplate":"https:\/\/gamblingsam.com\/sv\/?s={search_term_string}"},"query-input":{"@type":"PropertyValueSpecification","valueRequired":true,"valueName":"search_term_string"}}],"inLanguage":"sv-SE"}]}},"_links":{"self":[{"href":"https:\/\/gamblingsam.com\/sv\/wp-json\/wp\/v2\/pages\/26","targetHints":{"allow":["GET"]}}],"collection":[{"href":"https:\/\/gamblingsam.com\/sv\/wp-json\/wp\/v2\/pages"}],"about":[{"href":"https:\/\/gamblingsam.com\/sv\/wp-json\/wp\/v2\/types\/page"}],"author":[{"embeddable":true,"href":"https:\/\/gamblingsam.com\/sv\/wp-json\/wp\/v2\/users\/1"}],"replies":[{"embeddable":true,"href":"https:\/\/gamblingsam.com\/sv\/wp-json\/wp\/v2\/comments?post=26"}],"version-history":[{"count":5,"href":"https:\/\/gamblingsam.com\/sv\/wp-json\/wp\/v2\/pages\/26\/revisions"}],"predecessor-version":[{"id":362,"href":"https:\/\/gamblingsam.com\/sv\/wp-json\/wp\/v2\/pages\/26\/revisions\/362"}],"wp:attachment":[{"href":"https:\/\/gamblingsam.com\/sv\/wp-json\/wp\/v2\/media?parent=26"}],"curies":[{"name":"wp","href":"https:\/\/api.w.org\/{rel}","templated":true}]}}