{"id":30,"date":"2019-11-12T15:01:58","date_gmt":"2019-11-12T15:01:58","guid":{"rendered":"https:\/\/gamblingsam.com\/sv\/?page_id=30"},"modified":"2021-11-02T11:34:59","modified_gmt":"2021-11-02T11:34:59","slug":"svenska-casinon","status":"publish","type":"page","link":"https:\/\/gamblingsam.com\/sv\/svenska-casinon\/","title":{"rendered":"Svenska casinon"},"content":{"rendered":"\n<h1 class=\"wp-block-heading\">Svenska casinon &#8211; V\u00e4lj ett svenskt casino p\u00e5 n\u00e4tet<\/h1>\n\n\n\n<p>Sverige \u00e4r ett enormt land n\u00e4r det kommer till online casinon. Vi har flera giganter bland spelbolagen men ocks\u00e5 bland speltillverkarna och betalningsmetoderna. Med tanke p\u00e5 v\u00e5rt lands storlek \u00e4r det anm\u00e4rkningsv\u00e4rt vilken roll svenska f\u00f6retag har inom casino och betting. Resultatet har blivit att svenska spelare genomg\u00e5ende har f\u00e5tt den b\u00e4sta m\u00f6jliga spelupplevelsen tillg\u00e4nglig.<\/p>\n\n\n\n  <div class=\"top-sites-wrap\">\n\t\t<div class=\"top-sites-row top-sites-heading\"><div class=\"casinocol \">\tCasino<\/div><div class=\"featcol\">F\u00f6rdelar<\/div><div  class=\"depcol\">Bonus<\/div><div  class=\"ratecol\">Betyg<\/div><div class=\"visitcol \">Spela<\/div>\n       <\/div>\n\n<div class=\"top-sites-row top-sites-body row-1 \">\n         <div  class=\"casinocol\"><span class=\"rankcir\">1<\/span>\n\t\t <a target=\"_blank\" href=\"https:\/\/gamblingsam.com\/sv\/go\/casumo\">\n\t\t  <img loading=\"lazy\" decoding=\"async\" width=\"150\" height=\"76\" src=\"https:\/\/gamblingsam.com\/sv\/wp-content\/media\/sites\/2\/2019\/11\/casumo.png\" class=\"logocomp wp-post-image\" alt=\"\" \/>\n\t\t\t<\/a>\n\t\t<\/div><div class=\"featcol\"><ul><li>Grym bonus <\/li><li> BankID <\/li><li> Swish<\/li><\/ul>\t<\/div><div class=\"depcol\"><span class=\"hilite\">500 kr<\/span><\/div><div  class=\"ratecol\"><span class=\"rate cen\"> <span class=\"ratetotal\" style=\"width: 96%\"><\/span><\/span><a href=\"https:\/\/gamblingsam.com\/sv\/spelbolag\/casumo\/\" class=\"revlink\">Recension<\/a> <\/div><div class=\"visitcol\"><a target=\"_blank\" href=\"https:\/\/gamblingsam.com\/sv\/go\/casumo\" class=\"visbutton\">Spela<\/a><\/div>\n <\/div>\n<div class=\"termsrow\">\n<small>* 18+ | Spela ansvarsfullt | <a href=\"http:\/\/www.stodlinjen.se\" target=\"_blank\" rel=\"nofollow noopener\">St\u00f6dlinjen.se<\/a> | <a href=\"https:\/\/www.spelpaus.se\" target=\"_blank\" rel=\"nofollow noopener\">Spelpaus.se.se<\/a> | <a href=\"\" target=\"_blank\" rel=\"nofollow noopener\">Regler &amp; villkor g\u00e4ller<\/a><\/small><\/div>\n<div class=\"top-sites-row top-sites-body row-2 \">\n         <div  class=\"casinocol\"><span class=\"rankcir\">2<\/span>\n\t\t <a target=\"_blank\" href=\"https:\/\/gamblingsam.com\/sv\/go\/mrgreen\">\n\t\t  <img loading=\"lazy\" decoding=\"async\" width=\"300\" height=\"86\" src=\"https:\/\/gamblingsam.com\/sv\/wp-content\/media\/sites\/2\/2019\/12\/mr-green.png\" class=\"logocomp wp-post-image\" alt=\"\" \/>\n\t\t\t<\/a>\n\t\t<\/div><div class=\"featcol\"><ul><li>Bonus + free spins <\/li><li> Gr\u00f6nt spel <\/li><li> Massor med spel<\/li><\/ul>\t<\/div><div class=\"depcol\"><span class=\"hilite\">100% upp till 1000 kr<\/span><\/div><div  class=\"ratecol\"><span class=\"rate cen\"> <span class=\"ratetotal\" style=\"width: 92%\"><\/span><\/span><a href=\"https:\/\/gamblingsam.com\/sv\/spelbolag\/mr-green\/\" class=\"revlink\">Recension<\/a> <\/div><div class=\"visitcol\"><a target=\"_blank\" href=\"https:\/\/gamblingsam.com\/sv\/go\/mrgreen\" class=\"visbutton\">Spela<\/a><\/div>\n <\/div>\n<div class=\"termsrow\">\n<small>* 18+ | Spela ansvarsfullt | <a href=\"http:\/\/www.stodlinjen.se\" target=\"_blank\" rel=\"nofollow noopener\">St\u00f6dlinjen.se<\/a> | <a href=\"https:\/\/www.spelpaus.se\" target=\"_blank\" rel=\"nofollow noopener\">Spelpaus.se.se<\/a> | <a href=\"\" target=\"_blank\" rel=\"nofollow noopener\">Regler &amp; villkor g\u00e4ller<\/a><\/small><\/div>\n<div class=\"top-sites-row top-sites-body row-3 \">\n         <div  class=\"casinocol\"><span class=\"rankcir\">3<\/span>\n\t\t <a target=\"_blank\" href=\"https:\/\/gamblingsam.com\/sv\/go\/betsson\">\n\t\t  <img loading=\"lazy\" decoding=\"async\" width=\"146\" height=\"76\" src=\"https:\/\/gamblingsam.com\/sv\/wp-content\/media\/sites\/2\/2020\/03\/1.jpg\" class=\"logocomp wp-post-image\" alt=\"\" \/>\n\t\t\t<\/a>\n\t\t<\/div><div class=\"featcol\"><ul><li>L\u00e5ng erfarnhet <\/li><li> Bra bonus <\/li><li> Swish & Trustly<\/li><\/ul>\t<\/div><div class=\"depcol\"><span class=\"hilite\">500 kr + 100 free spins<\/span><\/div><div  class=\"ratecol\"><span class=\"rate cen\"> <span class=\"ratetotal\" style=\"width: 94%\"><\/span><\/span><a href=\"https:\/\/gamblingsam.com\/sv\/spelbolag\/betsson\/\" class=\"revlink\">Recension<\/a> <\/div><div class=\"visitcol\"><a target=\"_blank\" href=\"https:\/\/gamblingsam.com\/sv\/go\/betsson\" class=\"visbutton\">Spela<\/a><\/div>\n <\/div>\n<div class=\"termsrow\">\n<small>* 18+ | Spela ansvarsfullt | <a href=\"http:\/\/www.stodlinjen.se\" target=\"_blank\" rel=\"nofollow noopener\">St\u00f6dlinjen.se<\/a> | <a href=\"https:\/\/www.spelpaus.se\" target=\"_blank\" rel=\"nofollow noopener\">Spelpaus.se.se<\/a> | <a href=\"\" target=\"_blank\" rel=\"nofollow noopener\">Regler &amp; villkor g\u00e4ller<\/a><\/small><\/div>\n<div class=\"top-sites-row top-sites-body row-4 \">\n         <div  class=\"casinocol\"><span class=\"rankcir\">4<\/span>\n\t\t <a target=\"_blank\" href=\"https:\/\/gamblingsam.com\/sv\/go\/snabbare\">\n\t\t  <img loading=\"lazy\" decoding=\"async\" width=\"175\" height=\"105\" src=\"https:\/\/gamblingsam.com\/sv\/wp-content\/media\/sites\/2\/2019\/11\/snabbare_trans.png\" class=\"logocomp wp-post-image\" alt=\"\" \/>\n\t\t\t<\/a>\n\t\t<\/div><div class=\"featcol\"><ul><li>Massor med spel <\/li><li> Spela med BankID <\/li><li> Tillh\u00f6r ComeOn<\/li><\/ul>\t<\/div><div class=\"depcol\"><span class=\"hilite\">2000 kr<\/span><\/div><div  class=\"ratecol\"><span class=\"rate cen\"> <span class=\"ratetotal\" style=\"width: 94%\"><\/span><\/span><a href=\"https:\/\/gamblingsam.com\/sv\/spelbolag\/snabbare\/\" class=\"revlink\">Recension<\/a> <\/div><div class=\"visitcol\"><a target=\"_blank\" href=\"https:\/\/gamblingsam.com\/sv\/go\/snabbare\" class=\"visbutton\">Spela<\/a><\/div>\n <\/div>\n<div class=\"termsrow\">\n<small>* 18+ | Spela ansvarsfullt | <a href=\"http:\/\/www.stodlinjen.se\" target=\"_blank\" rel=\"nofollow noopener\">St\u00f6dlinjen.se<\/a> | <a href=\"https:\/\/www.spelpaus.se\" target=\"_blank\" rel=\"nofollow noopener\">Spelpaus.se.se<\/a> | <a href=\"\" target=\"_blank\" rel=\"nofollow noopener\">Regler &amp; villkor g\u00e4ller<\/a><\/small><\/div>\n<div class=\"top-sites-row top-sites-body row-5 \">\n         <div  class=\"casinocol\"><span class=\"rankcir\">5<\/span>\n\t\t <a target=\"_blank\" href=\"https:\/\/gamblingsam.com\/sv\/go\/bethard\">\n\t\t  <img loading=\"lazy\" decoding=\"async\" width=\"150\" height=\"75\" src=\"https:\/\/gamblingsam.com\/sv\/wp-content\/media\/sites\/2\/2020\/04\/bethard.png\" class=\"logocomp wp-post-image\" alt=\"\" \/>\n\t\t\t<\/a>\n\t\t<\/div><div class=\"featcol\"><ul><li>Ambassad\u00f6r: Zlatan <\/li><li> Grymt spelutbud <\/li><li> Bra bonusar<\/li><\/ul>\t<\/div><div class=\"depcol\"><span class=\"hilite\">100% uppt till 500 kr<\/span><\/div><div  class=\"ratecol\"><span class=\"rate cen\"> <span class=\"ratetotal\" style=\"width: 88%\"><\/span><\/span><a href=\"https:\/\/gamblingsam.com\/sv\/spelbolag\/bethard\/\" class=\"revlink\">Recension<\/a> <\/div><div class=\"visitcol\"><a target=\"_blank\" href=\"https:\/\/gamblingsam.com\/sv\/go\/bethard\" class=\"visbutton\">Spela<\/a><\/div>\n <\/div>\n<div class=\"termsrow\">\n<small>* 18+ | Spela ansvarsfullt | <a href=\"http:\/\/www.stodlinjen.se\" target=\"_blank\" rel=\"nofollow noopener\">St\u00f6dlinjen.se<\/a> | <a href=\"https:\/\/www.spelpaus.se\" target=\"_blank\" rel=\"nofollow noopener\">Spelpaus.se.se<\/a> | <a href=\"\" target=\"_blank\" rel=\"nofollow noopener\">Regler &amp; villkor g\u00e4ller<\/a><\/small><\/div><\/div>\n\n\n\n<h2 class=\"wp-block-heading\">Vissa utl\u00e4ndska casinon \u00e4r ocks\u00e5 popul\u00e4ra<\/h2>\n\n\n\n<p>Det finns en del utl\u00e4ndska casinon som \u00e4r popul\u00e4ra i Sverige. Till exempel \u00e4r Bet365 eller 888casino fr\u00e5n Storbritannien och Tyskland. Dock beh\u00f6ver \u00e4ven utl\u00e4ndska spelsidor svensk licens f\u00f6r att f\u00e5 bedriva verksamhet i Sverige. Det g\u00f6r att alla <a href=\"https:\/\/gamblingsam.com\/sv\/\">casinon med svensk licens<\/a> &#8211; svenska som utl\u00e4ndska &#8211; har svensktalande kundtj\u00e4nst, svensk hemsida och har m\u00f6jlighet att erbjuda mobilt BankID. V\u00e4lj alltid ett casino med svensk licens. D\u00e5 har du ett skyddsn\u00e4t genom Spelinspektionen men f\u00e5r ocks\u00e5 alla vinster helt skattefritt.<\/p>\n\n\n\n<h3 class=\"wp-block-heading\">Svenska speltillverkare &#8211; NetEnt dominerar totalt<\/h3>\n\n\n\n<p>Bland svenska casinon \u00e4r spel fr\u00e5n NetEnt v\u00e4ldigt popul\u00e4ra. NetEnt brukar beskrivas som v\u00e4rldens st\u00f6rsta och mest innovativa speltillverkare n\u00e4r det kommer till spel f\u00f6r casino online. Vi \u00e4r beredda att h\u00e5lla med. Genom \u00e5ren har de bjudit p\u00e5 flera sp\u00e4nnande och \u00e4lskv\u00e4rda spel. St\u00f6rsta succ\u00e9n \u00e4r Starburst, v\u00e4rldens mest spelade slot. \u00c4ven Gonzo\u2019s Quest, Jack and the Beanstalk, Jumanji, Narcos och Vikings \u00e4r hyllade titlar.<\/p>\n\n\n\n<p><a href=\"https:\/\/gamblingsam.com\/sv\/netent\">NetEnt<\/a> har ocks\u00e5 en del progressiva jackpottar som spelarna \u00e4lskar att snurra p\u00e5. Bland annat Hall of Gods, Arabian Nights och givetvis dunderspelet Mega Fortune. D\u00e4r finns det mycket sp\u00e4nnande att h\u00e4mta och rekordet p\u00e5 en utbetalning ligger p\u00e5 \u00f6ver 180 miljoner kronor. F\u00f6rutom NetEnt finns det ocks\u00e5 andra popul\u00e4ra speltillverkare som till exempel Yggdrasil Gaming och Evolution Gaming &#8211; kungarna av live casino.<\/p>\n\n\n\n<h3 class=\"wp-block-heading\">Svenska online casinon finns det gott om<\/h3>\n\n\n\n<p>Listan p\u00e5 <a href=\"https:\/\/gamblingsam.com\/sv\/svenska-casinon\">svenska online casinon<\/a> kan g\u00f6ras l\u00e5ng. Det finns hur som helst en del akt\u00f6rer som \u00e4r st\u00f6rre och mer k\u00e4nda \u00e4n andra. Vi har gr\u00e4vt djupare p\u00e5 n\u00e5gra av de st\u00f6rsta bland v\u00e5ra favoriter.<\/p>\n\n\n\n<h3 class=\"wp-block-heading\">Betsson &#8211; En gigant som funnits med sen starten<\/h3>\n\n\n\n<p>T\u00e4nker man p\u00e5 svenska online casinon och spelbolag \u00e4r Betsson ett av de f\u00f6rsta som kommer p\u00e5 tals. Genom \u00e5ren har f\u00f6retaget tagit en stor plats bland svenska casinon p\u00e5 n\u00e4tet. N\u00e4r det kommer till spelutbud inom casino och sport \u00e4r Betsson n\u00e5got extra. De har alltid legat i framkant med ambassad\u00f6rer och satsat stort p\u00e5 att ha en l\u00e4ttnavigerad och anv\u00e4ndarv\u00e4nlig hemsida. Betsson har alltid ett h\u00e4rligt v\u00e4lkomsterbjudande ocks\u00e5. Testa det om du inte redan varit medlem.<\/p>\n\n\n\n<h3 class=\"wp-block-heading\">Nordicbet &#8211; Nordisk feeling p\u00e5 detta hyllade casino<\/h3>\n\n\n\n<p>Med ett spelutbud som \u00e4r n\u00e5got extra och fokus p\u00e5 nordiska casinospel \u00e4r Nordicbet ett spelbolag att tycka om. H\u00e4r hittar du slots, bordsspel och live casino i en h\u00e4rlig blandning. Online casinot har genom \u00e5ren betalat ut flera jackpottar och forts\u00e4tter att ta andelar p\u00e5 den svenska marknaden. Det g\u00f6r att du har m\u00f6jligheten att f\u00e5 en makal\u00f6s spelupplevelse n\u00e4r du spelar hos Nordicbet. Har du inte varit medlem tidigare kan du ocks\u00e5 ta emot en v\u00e4lkomstbonus hos online casinot. Det \u00e4r n\u00e5got vi verkligen rekommenderar.<\/p>\n\n\n\n<p>Tidigare delade Nordicbet och Betsson licens men idag har de olika spellicenser. Det g\u00f6r att du kan ta del av v\u00e4lkomsterbjudandet hos b\u00e5de internet casinona.<\/p>\n\n\n\n<div class=\"wp-block-image\"><figure class=\"aligncenter size-large\"><img loading=\"lazy\" decoding=\"async\" width=\"1024\" height=\"220\" src=\"https:\/\/gamblingsam.com\/sv\/wp-content\/media\/sites\/2\/2020\/01\/Swedish-License-1024x220.png\" alt=\"Sveriges b\u00e4sta online casinon med svensk licens\" class=\"wp-image-166\" srcset=\"https:\/\/gamblingsam.com\/sv\/wp-content\/media\/sites\/2\/2020\/01\/Swedish-License-1024x220.png 1024w, https:\/\/gamblingsam.com\/sv\/wp-content\/media\/sites\/2\/2020\/01\/Swedish-License-300x64.png 300w, https:\/\/gamblingsam.com\/sv\/wp-content\/media\/sites\/2\/2020\/01\/Swedish-License-768x165.png 768w, https:\/\/gamblingsam.com\/sv\/wp-content\/media\/sites\/2\/2020\/01\/Swedish-License.png 1216w\" sizes=\"auto, (max-width: 1024px) 100vw, 1024px\" \/><\/figure><\/div>\n\n\n\n<h3 class=\"wp-block-heading\">LeoVegas &#8211; Nummer 1 i mobilen och i m\u00e5nga svenska hj\u00e4rtan<\/h3>\n\n\n\n<p>2012 grundades detta magnifika spelbolag som forts\u00e4tter att g\u00e5 fr\u00e5n klarhet till klarhet. Framf\u00f6rallt \u00e4r LeoVegas kungar av den mobila spelupplevelsen. De har flera olika appar beroende p\u00e5 vilken kategori du f\u00f6redrar. Spelutbudet \u00e4r det heller inget fel p\u00e5 med \u00f6ver 1000 olika casinospel. Dessutom har LeoVegas alltid ett gediget v\u00e4lkomsterbjudande f\u00f6r nya kunder. V\u00e4ljer du att ta del av det f\u00e5r du ut mycket mer av ditt spelande.<\/p>\n\n\n\n<h3 class=\"wp-block-heading\">V\u00e4lj alltid ett casino med svensk licens<\/h3>\n\n\n\n<p>N\u00e4r du ska spela hos ett n\u00e4tcasino ska du alltid v\u00e4lja ett casino med svensk licens. D\u00e5 \u00e4r du garanterad att Spelinspektionen \u00f6vervakar och ser till att allt g\u00e5r r\u00e4tt till. Ett svenskt casino m\u00e5ste ha svensk licens om de ska f\u00e5 bedriva verksamhet i Sverige. N\u00e4r du v\u00e4ljer ett casino med svensk licens f\u00e5r du dessutom alltid skattefria vinster. Med Trustly och mobilt BankID har du pengarna p\u00e5 n\u00e5gra minuter om du v\u00e4ljer ett casino utan konto. Det erbjuder de flesta casinon med svensk licens idag. H\u00e5ll dig inom det svenska licensverket f\u00f6r att vara garanterad trygghet.<\/p>\n","protected":false},"excerpt":{"rendered":"<p>Svenska casinon &#8211; V\u00e4lj ett svenskt casino p\u00e5 n\u00e4tet Sverige \u00e4r ett enormt land n\u00e4r det kommer till online casinon. Vi har flera giganter bland spelbolagen men ocks\u00e5 bland speltillverkarna <a href=\"https:\/\/gamblingsam.com\/sv\/svenska-casinon\/\">&#8230;.<\/a><\/p>\n","protected":false},"author":1,"featured_media":0,"parent":0,"menu_order":0,"comment_status":"closed","ping_status":"closed","template":"","meta":{"footnotes":""},"class_list":["post-30","page","type-page","status-publish","hentry"],"yoast_head":"<!-- This site is optimized with the Yoast SEO plugin v27.5 - https:\/\/yoast.com\/product\/yoast-seo-wordpress\/ -->\n<title>Svenska casinon - Sveriges b\u00e4sta online casinon med svensk licens<\/title>\n<meta name=\"description\" content=\"Svenska casinon har allt som oftast ett gott rykte om sig. Vi tycker att du skall spela hos svenska casinon och de finner du enklast hos oss!\" \/>\n<meta name=\"robots\" content=\"index, follow, max-snippet:-1, max-image-preview:large, max-video-preview:-1\" \/>\n<link rel=\"canonical\" href=\"https:\/\/gamblingsam.com\/sv\/svenska-casinon\/\" \/>\n<meta property=\"og:locale\" content=\"sv_SE\" \/>\n<meta property=\"og:type\" content=\"article\" \/>\n<meta property=\"og:title\" content=\"Svenska casinon - Sveriges b\u00e4sta online casinon med svensk licens\" \/>\n<meta property=\"og:description\" content=\"Svenska casinon har allt som oftast ett gott rykte om sig. Vi tycker att du skall spela hos svenska casinon och de finner du enklast hos oss!\" \/>\n<meta property=\"og:url\" content=\"https:\/\/gamblingsam.com\/sv\/svenska-casinon\/\" \/>\n<meta property=\"og:site_name\" content=\"GamblingSam.com\" \/>\n<meta property=\"article:modified_time\" content=\"2021-11-02T11:34:59+00:00\" \/>\n<meta property=\"og:image\" content=\"https:\/\/gamblingsam.com\/sv\/wp-content\/media\/sites\/2\/2020\/01\/Swedish-License-1024x220.png\" \/>\n<meta name=\"twitter:card\" content=\"summary_large_image\" \/>\n<meta name=\"twitter:label1\" content=\"Ber\u00e4knad l\u00e4stid\" \/>\n\t<meta name=\"twitter:data1\" content=\"4 minuter\" \/>\n<script type=\"application\/ld+json\" class=\"yoast-schema-graph\">{\"@context\":\"https:\\\/\\\/schema.org\",\"@graph\":[{\"@type\":\"WebPage\",\"@id\":\"https:\\\/\\\/gamblingsam.com\\\/sv\\\/svenska-casinon\\\/\",\"url\":\"https:\\\/\\\/gamblingsam.com\\\/sv\\\/svenska-casinon\\\/\",\"name\":\"Svenska casinon - Sveriges b\u00e4sta online casinon med svensk licens\",\"isPartOf\":{\"@id\":\"https:\\\/\\\/gamblingsam.com\\\/sv\\\/#website\"},\"primaryImageOfPage\":{\"@id\":\"https:\\\/\\\/gamblingsam.com\\\/sv\\\/svenska-casinon\\\/#primaryimage\"},\"image\":{\"@id\":\"https:\\\/\\\/gamblingsam.com\\\/sv\\\/svenska-casinon\\\/#primaryimage\"},\"thumbnailUrl\":\"https:\\\/\\\/gamblingsam.com\\\/sv\\\/wp-content\\\/media\\\/sites\\\/2\\\/2020\\\/01\\\/Swedish-License-1024x220.png\",\"datePublished\":\"2019-11-12T15:01:58+00:00\",\"dateModified\":\"2021-11-02T11:34:59+00:00\",\"description\":\"Svenska casinon har allt som oftast ett gott rykte om sig. Vi tycker att du skall spela hos svenska casinon och de finner du enklast hos oss!\",\"breadcrumb\":{\"@id\":\"https:\\\/\\\/gamblingsam.com\\\/sv\\\/svenska-casinon\\\/#breadcrumb\"},\"inLanguage\":\"sv-SE\",\"potentialAction\":[{\"@type\":\"ReadAction\",\"target\":[\"https:\\\/\\\/gamblingsam.com\\\/sv\\\/svenska-casinon\\\/\"]}]},{\"@type\":\"ImageObject\",\"inLanguage\":\"sv-SE\",\"@id\":\"https:\\\/\\\/gamblingsam.com\\\/sv\\\/svenska-casinon\\\/#primaryimage\",\"url\":\"https:\\\/\\\/gamblingsam.com\\\/sv\\\/wp-content\\\/media\\\/sites\\\/2\\\/2020\\\/01\\\/Swedish-License.png\",\"contentUrl\":\"https:\\\/\\\/gamblingsam.com\\\/sv\\\/wp-content\\\/media\\\/sites\\\/2\\\/2020\\\/01\\\/Swedish-License.png\",\"width\":1216,\"height\":261},{\"@type\":\"BreadcrumbList\",\"@id\":\"https:\\\/\\\/gamblingsam.com\\\/sv\\\/svenska-casinon\\\/#breadcrumb\",\"itemListElement\":[{\"@type\":\"ListItem\",\"position\":1,\"name\":\"Home\",\"item\":\"https:\\\/\\\/gamblingsam.com\\\/sv\\\/\"},{\"@type\":\"ListItem\",\"position\":2,\"name\":\"Svenska casinon\"}]},{\"@type\":\"WebSite\",\"@id\":\"https:\\\/\\\/gamblingsam.com\\\/sv\\\/#website\",\"url\":\"https:\\\/\\\/gamblingsam.com\\\/sv\\\/\",\"name\":\"GamblingSam.com\",\"description\":\"\",\"potentialAction\":[{\"@type\":\"SearchAction\",\"target\":{\"@type\":\"EntryPoint\",\"urlTemplate\":\"https:\\\/\\\/gamblingsam.com\\\/sv\\\/?s={search_term_string}\"},\"query-input\":{\"@type\":\"PropertyValueSpecification\",\"valueRequired\":true,\"valueName\":\"search_term_string\"}}],\"inLanguage\":\"sv-SE\"}]}<\/script>\n<!-- \/ Yoast SEO plugin. -->","yoast_head_json":{"title":"Svenska casinon - Sveriges b\u00e4sta online casinon med svensk licens","description":"Svenska casinon har allt som oftast ett gott rykte om sig. Vi tycker att du skall spela hos svenska casinon och de finner du enklast hos oss!","robots":{"index":"index","follow":"follow","max-snippet":"max-snippet:-1","max-image-preview":"max-image-preview:large","max-video-preview":"max-video-preview:-1"},"canonical":"https:\/\/gamblingsam.com\/sv\/svenska-casinon\/","og_locale":"sv_SE","og_type":"article","og_title":"Svenska casinon - Sveriges b\u00e4sta online casinon med svensk licens","og_description":"Svenska casinon har allt som oftast ett gott rykte om sig. Vi tycker att du skall spela hos svenska casinon och de finner du enklast hos oss!","og_url":"https:\/\/gamblingsam.com\/sv\/svenska-casinon\/","og_site_name":"GamblingSam.com","article_modified_time":"2021-11-02T11:34:59+00:00","og_image":[{"url":"https:\/\/gamblingsam.com\/sv\/wp-content\/media\/sites\/2\/2020\/01\/Swedish-License-1024x220.png","type":"","width":"","height":""}],"twitter_card":"summary_large_image","twitter_misc":{"Ber\u00e4knad l\u00e4stid":"4 minuter"},"schema":{"@context":"https:\/\/schema.org","@graph":[{"@type":"WebPage","@id":"https:\/\/gamblingsam.com\/sv\/svenska-casinon\/","url":"https:\/\/gamblingsam.com\/sv\/svenska-casinon\/","name":"Svenska casinon - Sveriges b\u00e4sta online casinon med svensk licens","isPartOf":{"@id":"https:\/\/gamblingsam.com\/sv\/#website"},"primaryImageOfPage":{"@id":"https:\/\/gamblingsam.com\/sv\/svenska-casinon\/#primaryimage"},"image":{"@id":"https:\/\/gamblingsam.com\/sv\/svenska-casinon\/#primaryimage"},"thumbnailUrl":"https:\/\/gamblingsam.com\/sv\/wp-content\/media\/sites\/2\/2020\/01\/Swedish-License-1024x220.png","datePublished":"2019-11-12T15:01:58+00:00","dateModified":"2021-11-02T11:34:59+00:00","description":"Svenska casinon har allt som oftast ett gott rykte om sig. Vi tycker att du skall spela hos svenska casinon och de finner du enklast hos oss!","breadcrumb":{"@id":"https:\/\/gamblingsam.com\/sv\/svenska-casinon\/#breadcrumb"},"inLanguage":"sv-SE","potentialAction":[{"@type":"ReadAction","target":["https:\/\/gamblingsam.com\/sv\/svenska-casinon\/"]}]},{"@type":"ImageObject","inLanguage":"sv-SE","@id":"https:\/\/gamblingsam.com\/sv\/svenska-casinon\/#primaryimage","url":"https:\/\/gamblingsam.com\/sv\/wp-content\/media\/sites\/2\/2020\/01\/Swedish-License.png","contentUrl":"https:\/\/gamblingsam.com\/sv\/wp-content\/media\/sites\/2\/2020\/01\/Swedish-License.png","width":1216,"height":261},{"@type":"BreadcrumbList","@id":"https:\/\/gamblingsam.com\/sv\/svenska-casinon\/#breadcrumb","itemListElement":[{"@type":"ListItem","position":1,"name":"Home","item":"https:\/\/gamblingsam.com\/sv\/"},{"@type":"ListItem","position":2,"name":"Svenska casinon"}]},{"@type":"WebSite","@id":"https:\/\/gamblingsam.com\/sv\/#website","url":"https:\/\/gamblingsam.com\/sv\/","name":"GamblingSam.com","description":"","potentialAction":[{"@type":"SearchAction","target":{"@type":"EntryPoint","urlTemplate":"https:\/\/gamblingsam.com\/sv\/?s={search_term_string}"},"query-input":{"@type":"PropertyValueSpecification","valueRequired":true,"valueName":"search_term_string"}}],"inLanguage":"sv-SE"}]}},"_links":{"self":[{"href":"https:\/\/gamblingsam.com\/sv\/wp-json\/wp\/v2\/pages\/30","targetHints":{"allow":["GET"]}}],"collection":[{"href":"https:\/\/gamblingsam.com\/sv\/wp-json\/wp\/v2\/pages"}],"about":[{"href":"https:\/\/gamblingsam.com\/sv\/wp-json\/wp\/v2\/types\/page"}],"author":[{"embeddable":true,"href":"https:\/\/gamblingsam.com\/sv\/wp-json\/wp\/v2\/users\/1"}],"replies":[{"embeddable":true,"href":"https:\/\/gamblingsam.com\/sv\/wp-json\/wp\/v2\/comments?post=30"}],"version-history":[{"count":6,"href":"https:\/\/gamblingsam.com\/sv\/wp-json\/wp\/v2\/pages\/30\/revisions"}],"predecessor-version":[{"id":365,"href":"https:\/\/gamblingsam.com\/sv\/wp-json\/wp\/v2\/pages\/30\/revisions\/365"}],"wp:attachment":[{"href":"https:\/\/gamblingsam.com\/sv\/wp-json\/wp\/v2\/media?parent=30"}],"curies":[{"name":"wp","href":"https:\/\/api.w.org\/{rel}","templated":true}]}}