{"id":320,"date":"2020-04-29T07:32:27","date_gmt":"2020-04-29T07:32:27","guid":{"rendered":"https:\/\/gamblingsam.com\/sv\/?page_id=320"},"modified":"2021-11-02T11:44:06","modified_gmt":"2021-11-02T11:44:06","slug":"betting-bonus","status":"publish","type":"page","link":"https:\/\/gamblingsam.com\/sv\/betting-bonus\/","title":{"rendered":"Betting bonus"},"content":{"rendered":"\n<h1 class=\"wp-block-heading\">Betting Bonus &#8211; Svenska odds bonusar<\/h1>\n\n\n\n<p>Det finns en hel del f\u00f6rdelar att anv\u00e4nda sig av andra spelbolag \u00e4n statliga Svenska Spel. En av dessa f\u00f6rdelar \u00e4r att du f\u00e5r en v\u00e4lkomstbonus n\u00e4r du b\u00f6rjar spela hos ett nytt spelbolag. N\u00e4r den svenska spellicensen inf\u00f6rdes 2019 s\u00e5 minskades <a href=\"https:\/\/gamblingsam.com\/sv\/casino-bonus\">casinobonusarna<\/a> ganska kraftigt, tyv\u00e4rr. Men som tur \u00e4r g\u00e4llde inte det betting bonusar. Betting bonusarna \u00e4r i stort sett likadana som de var innan licensen inf\u00f6rdes.<\/p>\n\n\n\n  <div class=\"top-sites-wrap\">\n\t\t<div class=\"top-sites-row top-sites-heading\"><div class=\"casinocol \">\tCasino<\/div><div class=\"featcol\">F\u00f6rdelar<\/div><div  class=\"depcol\">Bonus<\/div><div  class=\"ratecol\">Betyg<\/div><div class=\"visitcol \">Spela<\/div>\n       <\/div>\n\n<div class=\"top-sites-row top-sites-body row-1 \">\n         <div  class=\"casinocol\"><span class=\"rankcir\">1<\/span>\n\t\t <a target=\"_blank\" href=\"https:\/\/gamblingsam.com\/sv\/go\/casumo\">\n\t\t  <img loading=\"lazy\" decoding=\"async\" width=\"150\" height=\"76\" src=\"https:\/\/gamblingsam.com\/sv\/wp-content\/media\/sites\/2\/2019\/11\/casumo.png\" class=\"logocomp wp-post-image\" alt=\"\" \/>\n\t\t\t<\/a>\n\t\t<\/div><div class=\"featcol\"><ul><li>Grym bonus <\/li><li> BankID <\/li><li> Swish<\/li><\/ul>\t<\/div><div class=\"depcol\"><span class=\"hilite\">500 kr<\/span><\/div><div  class=\"ratecol\"><span class=\"rate cen\"> <span class=\"ratetotal\" style=\"width: 96%\"><\/span><\/span><a href=\"https:\/\/gamblingsam.com\/sv\/spelbolag\/casumo\/\" class=\"revlink\">Recension<\/a> <\/div><div class=\"visitcol\"><a target=\"_blank\" href=\"https:\/\/gamblingsam.com\/sv\/go\/casumo\" class=\"visbutton\">Spela<\/a><\/div>\n <\/div>\n<div class=\"termsrow\">\n<small>* 18+ | Spela ansvarsfullt | <a href=\"http:\/\/www.stodlinjen.se\" target=\"_blank\" rel=\"nofollow noopener\">St\u00f6dlinjen.se<\/a> | <a href=\"https:\/\/www.spelpaus.se\" target=\"_blank\" rel=\"nofollow noopener\">Spelpaus.se.se<\/a> | <a href=\"\" target=\"_blank\" rel=\"nofollow noopener\">Regler &amp; villkor g\u00e4ller<\/a><\/small><\/div>\n<div class=\"top-sites-row top-sites-body row-2 \">\n         <div  class=\"casinocol\"><span class=\"rankcir\">2<\/span>\n\t\t <a target=\"_blank\" href=\"https:\/\/gamblingsam.com\/sv\/go\/mrgreen\">\n\t\t  <img loading=\"lazy\" decoding=\"async\" width=\"300\" height=\"86\" src=\"https:\/\/gamblingsam.com\/sv\/wp-content\/media\/sites\/2\/2019\/12\/mr-green.png\" class=\"logocomp wp-post-image\" alt=\"\" \/>\n\t\t\t<\/a>\n\t\t<\/div><div class=\"featcol\"><ul><li>Bonus + free spins <\/li><li> Gr\u00f6nt spel <\/li><li> Massor med spel<\/li><\/ul>\t<\/div><div class=\"depcol\"><span class=\"hilite\">100% upp till 1000 kr<\/span><\/div><div  class=\"ratecol\"><span class=\"rate cen\"> <span class=\"ratetotal\" style=\"width: 92%\"><\/span><\/span><a href=\"https:\/\/gamblingsam.com\/sv\/spelbolag\/mr-green\/\" class=\"revlink\">Recension<\/a> <\/div><div class=\"visitcol\"><a target=\"_blank\" href=\"https:\/\/gamblingsam.com\/sv\/go\/mrgreen\" class=\"visbutton\">Spela<\/a><\/div>\n <\/div>\n<div class=\"termsrow\">\n<small>* 18+ | Spela ansvarsfullt | <a href=\"http:\/\/www.stodlinjen.se\" target=\"_blank\" rel=\"nofollow noopener\">St\u00f6dlinjen.se<\/a> | <a href=\"https:\/\/www.spelpaus.se\" target=\"_blank\" rel=\"nofollow noopener\">Spelpaus.se.se<\/a> | <a href=\"\" target=\"_blank\" rel=\"nofollow noopener\">Regler &amp; villkor g\u00e4ller<\/a><\/small><\/div>\n<div class=\"top-sites-row top-sites-body row-3 \">\n         <div  class=\"casinocol\"><span class=\"rankcir\">3<\/span>\n\t\t <a target=\"_blank\" href=\"https:\/\/gamblingsam.com\/sv\/go\/betsson\">\n\t\t  <img loading=\"lazy\" decoding=\"async\" width=\"146\" height=\"76\" src=\"https:\/\/gamblingsam.com\/sv\/wp-content\/media\/sites\/2\/2020\/03\/1.jpg\" class=\"logocomp wp-post-image\" alt=\"\" \/>\n\t\t\t<\/a>\n\t\t<\/div><div class=\"featcol\"><ul><li>L\u00e5ng erfarnhet <\/li><li> Bra bonus <\/li><li> Swish & Trustly<\/li><\/ul>\t<\/div><div class=\"depcol\"><span class=\"hilite\">500 kr + 100 free spins<\/span><\/div><div  class=\"ratecol\"><span class=\"rate cen\"> <span class=\"ratetotal\" style=\"width: 94%\"><\/span><\/span><a href=\"https:\/\/gamblingsam.com\/sv\/spelbolag\/betsson\/\" class=\"revlink\">Recension<\/a> <\/div><div class=\"visitcol\"><a target=\"_blank\" href=\"https:\/\/gamblingsam.com\/sv\/go\/betsson\" class=\"visbutton\">Spela<\/a><\/div>\n <\/div>\n<div class=\"termsrow\">\n<small>* 18+ | Spela ansvarsfullt | <a href=\"http:\/\/www.stodlinjen.se\" target=\"_blank\" rel=\"nofollow noopener\">St\u00f6dlinjen.se<\/a> | <a href=\"https:\/\/www.spelpaus.se\" target=\"_blank\" rel=\"nofollow noopener\">Spelpaus.se.se<\/a> | <a href=\"\" target=\"_blank\" rel=\"nofollow noopener\">Regler &amp; villkor g\u00e4ller<\/a><\/small><\/div>\n<div class=\"top-sites-row top-sites-body row-4 \">\n         <div  class=\"casinocol\"><span class=\"rankcir\">4<\/span>\n\t\t <a target=\"_blank\" href=\"https:\/\/gamblingsam.com\/sv\/go\/snabbare\">\n\t\t  <img loading=\"lazy\" decoding=\"async\" width=\"175\" height=\"105\" src=\"https:\/\/gamblingsam.com\/sv\/wp-content\/media\/sites\/2\/2019\/11\/snabbare_trans.png\" class=\"logocomp wp-post-image\" alt=\"\" \/>\n\t\t\t<\/a>\n\t\t<\/div><div class=\"featcol\"><ul><li>Massor med spel <\/li><li> Spela med BankID <\/li><li> Tillh\u00f6r ComeOn<\/li><\/ul>\t<\/div><div class=\"depcol\"><span class=\"hilite\">2000 kr<\/span><\/div><div  class=\"ratecol\"><span class=\"rate cen\"> <span class=\"ratetotal\" style=\"width: 94%\"><\/span><\/span><a href=\"https:\/\/gamblingsam.com\/sv\/spelbolag\/snabbare\/\" class=\"revlink\">Recension<\/a> <\/div><div class=\"visitcol\"><a target=\"_blank\" href=\"https:\/\/gamblingsam.com\/sv\/go\/snabbare\" class=\"visbutton\">Spela<\/a><\/div>\n <\/div>\n<div class=\"termsrow\">\n<small>* 18+ | Spela ansvarsfullt | <a href=\"http:\/\/www.stodlinjen.se\" target=\"_blank\" rel=\"nofollow noopener\">St\u00f6dlinjen.se<\/a> | <a href=\"https:\/\/www.spelpaus.se\" target=\"_blank\" rel=\"nofollow noopener\">Spelpaus.se.se<\/a> | <a href=\"\" target=\"_blank\" rel=\"nofollow noopener\">Regler &amp; villkor g\u00e4ller<\/a><\/small><\/div><\/div>\n\n\n\n<h2 class=\"wp-block-heading\">Den traditionella ins\u00e4ttningsbonusen<\/h2>\n\n\n\n<p>Den vanligaste formen av <a href=\"https:\/\/bettingbonus.me\">oddsbonusar<\/a> \u00e4r den s\u00e5 kallade ins\u00e4ttningsbonusen. En ins\u00e4ttningsbonus betyder att spelbolaget \u00f6kar din f\u00f6rsta ins\u00e4ttning upp till en viss summa med en fast procentsats. Oftast brukar det handla om 100 % upp till 1000 kronor p\u00e5 din f\u00f6rsta ins\u00e4ttning. Det betyder att om du s\u00e4tter in 1000 kronor s\u00e5 har du 2000 kronor att spela f\u00f6r. Detta kan vara v\u00e4ldigt n\u00f6dv\u00e4ndiga extrapengar f\u00f6r dig som vill ha en lite st\u00f6rre bankroll n\u00e4r du kommer ig\u00e5ng och spelar. Normalt sett brukar ins\u00e4ttningsbonusarna hos de svenska spelbolagen ligga p\u00e5 mellan 500 kr till 3000 kr.<\/p>\n\n\n\n<h3 class=\"wp-block-heading\">Riskfritt spel \u00e4r en annan bonus<\/h3>\n\n\n\n<p>En annan form av bonus, kanske inte lika vanligt som ins\u00e4ttningsbonus, \u00e4r riskfritt spel. Det \u00e4r precis vad det l\u00e5ter som, ett spel utan n\u00e5gon risk! Du f\u00e5r ett gratisspel upp till en viss summa. Till exempel ger spelbolaget dig m\u00f6jlighet att s\u00e4tta in 250 kronor som du f\u00e5r satsa p\u00e5 en kupong. Lyckas du vinna s\u00e5 f\u00e5r du beh\u00e5lla vinsten, om du f\u00f6rlorar s\u00e5 f\u00e5r du tillbaka pengarna! N\u00e4r det g\u00e4ller riskfria spel \u00e4r det inte vanligt med lika stora summor som betting bonusarna. Oftast handlar det om n\u00e5gra hundralappar men ibland finns det spelbolag som \u00e4ven ger riskfria spel runt tusenlappen.<\/p>\n\n\n\n<h3 class=\"wp-block-heading\">Oms\u00e4ttningskrav \u00e4r vanligt<\/h3>\n\n\n\n<p>Ett spelbolag ger s\u00e4llan ut en odds bonus utan n\u00e5gra f\u00f6rbeh\u00e5ll. F\u00f6rbeh\u00e5llen stavas oms\u00e4ttningskrav n\u00e4r det g\u00e4ller spel p\u00e5 n\u00e4tet. En typiskt oms\u00e4ttningskrav f\u00f6r en betting bonus brukar ligga p\u00e5 x4. Det betyder att du m\u00e5ste oms\u00e4tta din bonus 4 g\u00e5nger, med andra ord spela f\u00f6r. S\u00e5 om du har f\u00e5tt en bonus p\u00e5 1000 kronor m\u00e5ste du satsa 4000 kronor p\u00e5 olika bets innan du kan genomf\u00f6ra ett uttag till ditt bankkonto.<\/p>\n\n\n\n<p>Men det slutar inte d\u00e4r. N\u00e5got du \u00e4ven b\u00f6r ha koll p\u00e5 \u00e4r &#8221;minsta odds&#8221;. Spelbolagen accepterar inte f\u00f6r l\u00e5ga odds p\u00e5 kupongerna, i s\u00e5dana fall r\u00e4knas det inte. Normalt sett brukar spelbolagen s\u00e4tta en gr\u00e4ns mellan 1.50 &#8211; 2.00 g\u00e5nger pengarna. Detta tycker vi faktiskt \u00e4r ganska rimligt och helt \u00f6verkomligt. <\/p>\n\n\n\n<p>Till sist finns det \u00e4ven en giltighetstid du m\u00e5ste ha koll p\u00e5. Alla bonusar kommer med en giltighetstid och det betyder att du m\u00e5ste uppfylla oms\u00e4ttningskravet inom en viss tid. Om du inte lyckas att oms\u00e4tta bonusen inom denna tid s\u00e5 f\u00f6rsvinner oftast bonusen tillsammans med alla vinstpengar som bonusen har genererat. <\/p>\n\n\n\n<h3 class=\"wp-block-heading\">M\u00e5nga betting bonusar att v\u00e4lja mellan<\/h3>\n\n\n\n<p>Som du f\u00f6rst\u00e5r finns det en hel del att h\u00e5lla koll p\u00e5 n\u00e4r du tar emot en betting bonus fr\u00e5n ett spelbolag. Det \u00e4r viktigt att du l\u00e4ser genom regler och villkor s\u00e5 att du har full koll. I Sverige finns det m\u00e5nga bra <a href=\"https:\/\/gamblingsam.com\/sv\">spelbolag<\/a> och de allra flesta erbjuder betting bonusar. Om vi skall rekommendera n\u00e5gra bra bettingbolag med v\u00e4lkomstbonusar s\u00e5 \u00e4r det <a href=\"https:\/\/gamblingsam.com\/sv\/leo-vegas\">Leo Vegas<\/a>, Betsson &amp; Nordicbet. Dessa bolag har en svensk spellicens, ett bra spelutbud och sjyssta villkor f\u00f6r sina bonusar.<\/p>\n","protected":false},"excerpt":{"rendered":"<p>Betting Bonus &#8211; Svenska odds bonusar Det finns en hel del f\u00f6rdelar att anv\u00e4nda sig av andra spelbolag \u00e4n statliga Svenska Spel. En av dessa f\u00f6rdelar \u00e4r att du f\u00e5r <a href=\"https:\/\/gamblingsam.com\/sv\/betting-bonus\/\">&#8230;.<\/a><\/p>\n","protected":false},"author":1,"featured_media":0,"parent":0,"menu_order":0,"comment_status":"closed","ping_status":"closed","template":"","meta":{"footnotes":""},"class_list":["post-320","page","type-page","status-publish","hentry"],"yoast_head":"<!-- This site is optimized with the Yoast SEO plugin v27.6 - https:\/\/yoast.com\/product\/yoast-seo-wordpress\/ -->\n<title>Betting Bonus - H\u00e4mta Sveriges b\u00e4sta odds bonusar<\/title>\n<meta name=\"description\" content=\"\u00c4r du p\u00e5 jakt efter en betting bonus? Vi f\u00f6rklarar allt du skall t\u00e4nka p\u00e5 f\u00f6r att hitta en bra odds bonus. Kom in och h\u00e4mta din bonus idag!\" \/>\n<meta name=\"robots\" content=\"index, follow, max-snippet:-1, max-image-preview:large, max-video-preview:-1\" \/>\n<link rel=\"canonical\" href=\"https:\/\/gamblingsam.com\/sv\/betting-bonus\/\" \/>\n<meta property=\"og:locale\" content=\"sv_SE\" \/>\n<meta property=\"og:type\" content=\"article\" \/>\n<meta property=\"og:title\" content=\"Betting Bonus - H\u00e4mta Sveriges b\u00e4sta odds bonusar\" \/>\n<meta property=\"og:description\" content=\"\u00c4r du p\u00e5 jakt efter en betting bonus? Vi f\u00f6rklarar allt du skall t\u00e4nka p\u00e5 f\u00f6r att hitta en bra odds bonus. Kom in och h\u00e4mta din bonus idag!\" \/>\n<meta property=\"og:url\" content=\"https:\/\/gamblingsam.com\/sv\/betting-bonus\/\" \/>\n<meta property=\"og:site_name\" content=\"GamblingSam.com\" \/>\n<meta property=\"article:modified_time\" content=\"2021-11-02T11:44:06+00:00\" \/>\n<meta name=\"twitter:card\" content=\"summary_large_image\" \/>\n<meta name=\"twitter:label1\" content=\"Ber\u00e4knad l\u00e4stid\" \/>\n\t<meta name=\"twitter:data1\" content=\"3 minuter\" \/>\n<script type=\"application\/ld+json\" class=\"yoast-schema-graph\">{\"@context\":\"https:\\\/\\\/schema.org\",\"@graph\":[{\"@type\":\"WebPage\",\"@id\":\"https:\\\/\\\/gamblingsam.com\\\/sv\\\/betting-bonus\\\/\",\"url\":\"https:\\\/\\\/gamblingsam.com\\\/sv\\\/betting-bonus\\\/\",\"name\":\"Betting Bonus - H\u00e4mta Sveriges b\u00e4sta odds bonusar\",\"isPartOf\":{\"@id\":\"https:\\\/\\\/gamblingsam.com\\\/sv\\\/#website\"},\"datePublished\":\"2020-04-29T07:32:27+00:00\",\"dateModified\":\"2021-11-02T11:44:06+00:00\",\"description\":\"\u00c4r du p\u00e5 jakt efter en betting bonus? Vi f\u00f6rklarar allt du skall t\u00e4nka p\u00e5 f\u00f6r att hitta en bra odds bonus. Kom in och h\u00e4mta din bonus idag!\",\"breadcrumb\":{\"@id\":\"https:\\\/\\\/gamblingsam.com\\\/sv\\\/betting-bonus\\\/#breadcrumb\"},\"inLanguage\":\"sv-SE\",\"potentialAction\":[{\"@type\":\"ReadAction\",\"target\":[\"https:\\\/\\\/gamblingsam.com\\\/sv\\\/betting-bonus\\\/\"]}]},{\"@type\":\"BreadcrumbList\",\"@id\":\"https:\\\/\\\/gamblingsam.com\\\/sv\\\/betting-bonus\\\/#breadcrumb\",\"itemListElement\":[{\"@type\":\"ListItem\",\"position\":1,\"name\":\"Home\",\"item\":\"https:\\\/\\\/gamblingsam.com\\\/sv\\\/\"},{\"@type\":\"ListItem\",\"position\":2,\"name\":\"Betting bonus\"}]},{\"@type\":\"WebSite\",\"@id\":\"https:\\\/\\\/gamblingsam.com\\\/sv\\\/#website\",\"url\":\"https:\\\/\\\/gamblingsam.com\\\/sv\\\/\",\"name\":\"GamblingSam.com\",\"description\":\"\",\"potentialAction\":[{\"@type\":\"SearchAction\",\"target\":{\"@type\":\"EntryPoint\",\"urlTemplate\":\"https:\\\/\\\/gamblingsam.com\\\/sv\\\/?s={search_term_string}\"},\"query-input\":{\"@type\":\"PropertyValueSpecification\",\"valueRequired\":true,\"valueName\":\"search_term_string\"}}],\"inLanguage\":\"sv-SE\"}]}<\/script>\n<!-- \/ Yoast SEO plugin. -->","yoast_head_json":{"title":"Betting Bonus - H\u00e4mta Sveriges b\u00e4sta odds bonusar","description":"\u00c4r du p\u00e5 jakt efter en betting bonus? Vi f\u00f6rklarar allt du skall t\u00e4nka p\u00e5 f\u00f6r att hitta en bra odds bonus. Kom in och h\u00e4mta din bonus idag!","robots":{"index":"index","follow":"follow","max-snippet":"max-snippet:-1","max-image-preview":"max-image-preview:large","max-video-preview":"max-video-preview:-1"},"canonical":"https:\/\/gamblingsam.com\/sv\/betting-bonus\/","og_locale":"sv_SE","og_type":"article","og_title":"Betting Bonus - H\u00e4mta Sveriges b\u00e4sta odds bonusar","og_description":"\u00c4r du p\u00e5 jakt efter en betting bonus? Vi f\u00f6rklarar allt du skall t\u00e4nka p\u00e5 f\u00f6r att hitta en bra odds bonus. Kom in och h\u00e4mta din bonus idag!","og_url":"https:\/\/gamblingsam.com\/sv\/betting-bonus\/","og_site_name":"GamblingSam.com","article_modified_time":"2021-11-02T11:44:06+00:00","twitter_card":"summary_large_image","twitter_misc":{"Ber\u00e4knad l\u00e4stid":"3 minuter"},"schema":{"@context":"https:\/\/schema.org","@graph":[{"@type":"WebPage","@id":"https:\/\/gamblingsam.com\/sv\/betting-bonus\/","url":"https:\/\/gamblingsam.com\/sv\/betting-bonus\/","name":"Betting Bonus - H\u00e4mta Sveriges b\u00e4sta odds bonusar","isPartOf":{"@id":"https:\/\/gamblingsam.com\/sv\/#website"},"datePublished":"2020-04-29T07:32:27+00:00","dateModified":"2021-11-02T11:44:06+00:00","description":"\u00c4r du p\u00e5 jakt efter en betting bonus? Vi f\u00f6rklarar allt du skall t\u00e4nka p\u00e5 f\u00f6r att hitta en bra odds bonus. Kom in och h\u00e4mta din bonus idag!","breadcrumb":{"@id":"https:\/\/gamblingsam.com\/sv\/betting-bonus\/#breadcrumb"},"inLanguage":"sv-SE","potentialAction":[{"@type":"ReadAction","target":["https:\/\/gamblingsam.com\/sv\/betting-bonus\/"]}]},{"@type":"BreadcrumbList","@id":"https:\/\/gamblingsam.com\/sv\/betting-bonus\/#breadcrumb","itemListElement":[{"@type":"ListItem","position":1,"name":"Home","item":"https:\/\/gamblingsam.com\/sv\/"},{"@type":"ListItem","position":2,"name":"Betting bonus"}]},{"@type":"WebSite","@id":"https:\/\/gamblingsam.com\/sv\/#website","url":"https:\/\/gamblingsam.com\/sv\/","name":"GamblingSam.com","description":"","potentialAction":[{"@type":"SearchAction","target":{"@type":"EntryPoint","urlTemplate":"https:\/\/gamblingsam.com\/sv\/?s={search_term_string}"},"query-input":{"@type":"PropertyValueSpecification","valueRequired":true,"valueName":"search_term_string"}}],"inLanguage":"sv-SE"}]}},"_links":{"self":[{"href":"https:\/\/gamblingsam.com\/sv\/wp-json\/wp\/v2\/pages\/320","targetHints":{"allow":["GET"]}}],"collection":[{"href":"https:\/\/gamblingsam.com\/sv\/wp-json\/wp\/v2\/pages"}],"about":[{"href":"https:\/\/gamblingsam.com\/sv\/wp-json\/wp\/v2\/types\/page"}],"author":[{"embeddable":true,"href":"https:\/\/gamblingsam.com\/sv\/wp-json\/wp\/v2\/users\/1"}],"replies":[{"embeddable":true,"href":"https:\/\/gamblingsam.com\/sv\/wp-json\/wp\/v2\/comments?post=320"}],"version-history":[{"count":5,"href":"https:\/\/gamblingsam.com\/sv\/wp-json\/wp\/v2\/pages\/320\/revisions"}],"predecessor-version":[{"id":378,"href":"https:\/\/gamblingsam.com\/sv\/wp-json\/wp\/v2\/pages\/320\/revisions\/378"}],"wp:attachment":[{"href":"https:\/\/gamblingsam.com\/sv\/wp-json\/wp\/v2\/media?parent=320"}],"curies":[{"name":"wp","href":"https:\/\/api.w.org\/{rel}","templated":true}]}}