{"id":33,"date":"2019-11-12T15:33:09","date_gmt":"2019-11-12T15:33:09","guid":{"rendered":"https:\/\/gamblingsam.com\/sv\/?page_id=33"},"modified":"2021-11-02T11:35:41","modified_gmt":"2021-11-02T11:35:41","slug":"blackjack","status":"publish","type":"page","link":"https:\/\/gamblingsam.com\/sv\/blackjack\/","title":{"rendered":"Blackjack"},"content":{"rendered":"\n<h1 class=\"wp-block-heading\">Blackjack &#8211; Ett av de mest klassiska bordsspelen hos ett casino<\/h1>\n\n\n\n<p>Historien om Blackjack str\u00e4cker sig s\u00e5 l\u00e5ngt bak som till franska 1700-talet. Sedan dess har det varit en upp\u00e5tg\u00e5ende spiral f\u00f6r det popul\u00e4ra bordsspelet. Genom \u00e5ren har Blackjack dykt upp i m\u00e4ngder av filmer och tv-serier, plus att det \u00e4r en viktig del av ett casino, b\u00e5de landbaserat och n\u00e4tcasino.<\/p>\n\n\n\n<p>I Blackjack g\u00e4ller det att hamna s\u00e5 n\u00e4ra siffran 21 som m\u00f6jligt. Samtidigt vill du ha b\u00e4ttre kort \u00e4n dealern. Blackjack finns hos varenda online casino vi listat p\u00e5 v\u00e5r hemsida. Du kan v\u00e4lja om du vill spela mot en slumpgenerator eller live mot en riktig dealer. Vi rekommenderar det sistn\u00e4mnda om du vill ha ut maximalt av din spelupplevelse.<\/p>\n\n\n\n  <div class=\"top-sites-wrap\">\n\t\t<div class=\"top-sites-row top-sites-heading\"><div class=\"casinocol \">\tCasino<\/div><div class=\"featcol\">F\u00f6rdelar<\/div><div  class=\"depcol\">Bonus<\/div><div  class=\"ratecol\">Betyg<\/div><div class=\"visitcol \">Spela<\/div>\n       <\/div>\n\n<div class=\"top-sites-row top-sites-body row-1 \">\n         <div  class=\"casinocol\"><span class=\"rankcir\">1<\/span>\n\t\t <a target=\"_blank\" href=\"https:\/\/gamblingsam.com\/sv\/go\/casumo\">\n\t\t  <img loading=\"lazy\" decoding=\"async\" width=\"150\" height=\"76\" src=\"https:\/\/gamblingsam.com\/sv\/wp-content\/media\/sites\/2\/2019\/11\/casumo.png\" class=\"logocomp wp-post-image\" alt=\"\" \/>\n\t\t\t<\/a>\n\t\t<\/div><div class=\"featcol\"><ul><li>Grym bonus <\/li><li> BankID <\/li><li> Swish<\/li><\/ul>\t<\/div><div class=\"depcol\"><span class=\"hilite\">500 kr<\/span><\/div><div  class=\"ratecol\"><span class=\"rate cen\"> <span class=\"ratetotal\" style=\"width: 96%\"><\/span><\/span><a href=\"https:\/\/gamblingsam.com\/sv\/spelbolag\/casumo\/\" class=\"revlink\">Recension<\/a> <\/div><div class=\"visitcol\"><a target=\"_blank\" href=\"https:\/\/gamblingsam.com\/sv\/go\/casumo\" class=\"visbutton\">Spela<\/a><\/div>\n <\/div>\n<div class=\"termsrow\">\n<small>* 18+ | Spela ansvarsfullt | <a href=\"http:\/\/www.stodlinjen.se\" target=\"_blank\" rel=\"nofollow noopener\">St\u00f6dlinjen.se<\/a> | <a href=\"https:\/\/www.spelpaus.se\" target=\"_blank\" rel=\"nofollow noopener\">Spelpaus.se.se<\/a> | <a href=\"\" target=\"_blank\" rel=\"nofollow noopener\">Regler &amp; villkor g\u00e4ller<\/a><\/small><\/div>\n<div class=\"top-sites-row top-sites-body row-2 \">\n         <div  class=\"casinocol\"><span class=\"rankcir\">2<\/span>\n\t\t <a target=\"_blank\" href=\"https:\/\/gamblingsam.com\/sv\/go\/mrgreen\">\n\t\t  <img loading=\"lazy\" decoding=\"async\" width=\"300\" height=\"86\" src=\"https:\/\/gamblingsam.com\/sv\/wp-content\/media\/sites\/2\/2019\/12\/mr-green.png\" class=\"logocomp wp-post-image\" alt=\"\" \/>\n\t\t\t<\/a>\n\t\t<\/div><div class=\"featcol\"><ul><li>Bonus + free spins <\/li><li> Gr\u00f6nt spel <\/li><li> Massor med spel<\/li><\/ul>\t<\/div><div class=\"depcol\"><span class=\"hilite\">100% upp till 1000 kr<\/span><\/div><div  class=\"ratecol\"><span class=\"rate cen\"> <span class=\"ratetotal\" style=\"width: 92%\"><\/span><\/span><a href=\"https:\/\/gamblingsam.com\/sv\/spelbolag\/mr-green\/\" class=\"revlink\">Recension<\/a> <\/div><div class=\"visitcol\"><a target=\"_blank\" href=\"https:\/\/gamblingsam.com\/sv\/go\/mrgreen\" class=\"visbutton\">Spela<\/a><\/div>\n <\/div>\n<div class=\"termsrow\">\n<small>* 18+ | Spela ansvarsfullt | <a href=\"http:\/\/www.stodlinjen.se\" target=\"_blank\" rel=\"nofollow noopener\">St\u00f6dlinjen.se<\/a> | <a href=\"https:\/\/www.spelpaus.se\" target=\"_blank\" rel=\"nofollow noopener\">Spelpaus.se.se<\/a> | <a href=\"\" target=\"_blank\" rel=\"nofollow noopener\">Regler &amp; villkor g\u00e4ller<\/a><\/small><\/div>\n<div class=\"top-sites-row top-sites-body row-3 \">\n         <div  class=\"casinocol\"><span class=\"rankcir\">3<\/span>\n\t\t <a target=\"_blank\" href=\"https:\/\/gamblingsam.com\/sv\/go\/betsson\">\n\t\t  <img loading=\"lazy\" decoding=\"async\" width=\"146\" height=\"76\" src=\"https:\/\/gamblingsam.com\/sv\/wp-content\/media\/sites\/2\/2020\/03\/1.jpg\" class=\"logocomp wp-post-image\" alt=\"\" \/>\n\t\t\t<\/a>\n\t\t<\/div><div class=\"featcol\"><ul><li>L\u00e5ng erfarnhet <\/li><li> Bra bonus <\/li><li> Swish & Trustly<\/li><\/ul>\t<\/div><div class=\"depcol\"><span class=\"hilite\">500 kr + 100 free spins<\/span><\/div><div  class=\"ratecol\"><span class=\"rate cen\"> <span class=\"ratetotal\" style=\"width: 94%\"><\/span><\/span><a href=\"https:\/\/gamblingsam.com\/sv\/spelbolag\/betsson\/\" class=\"revlink\">Recension<\/a> <\/div><div class=\"visitcol\"><a target=\"_blank\" href=\"https:\/\/gamblingsam.com\/sv\/go\/betsson\" class=\"visbutton\">Spela<\/a><\/div>\n <\/div>\n<div class=\"termsrow\">\n<small>* 18+ | Spela ansvarsfullt | <a href=\"http:\/\/www.stodlinjen.se\" target=\"_blank\" rel=\"nofollow noopener\">St\u00f6dlinjen.se<\/a> | <a href=\"https:\/\/www.spelpaus.se\" target=\"_blank\" rel=\"nofollow noopener\">Spelpaus.se.se<\/a> | <a href=\"\" target=\"_blank\" rel=\"nofollow noopener\">Regler &amp; villkor g\u00e4ller<\/a><\/small><\/div>\n<div class=\"top-sites-row top-sites-body row-4 \">\n         <div  class=\"casinocol\"><span class=\"rankcir\">4<\/span>\n\t\t <a target=\"_blank\" href=\"https:\/\/gamblingsam.com\/sv\/go\/snabbare\">\n\t\t  <img loading=\"lazy\" decoding=\"async\" width=\"175\" height=\"105\" src=\"https:\/\/gamblingsam.com\/sv\/wp-content\/media\/sites\/2\/2019\/11\/snabbare_trans.png\" class=\"logocomp wp-post-image\" alt=\"\" \/>\n\t\t\t<\/a>\n\t\t<\/div><div class=\"featcol\"><ul><li>Massor med spel <\/li><li> Spela med BankID <\/li><li> Tillh\u00f6r ComeOn<\/li><\/ul>\t<\/div><div class=\"depcol\"><span class=\"hilite\">2000 kr<\/span><\/div><div  class=\"ratecol\"><span class=\"rate cen\"> <span class=\"ratetotal\" style=\"width: 94%\"><\/span><\/span><a href=\"https:\/\/gamblingsam.com\/sv\/spelbolag\/snabbare\/\" class=\"revlink\">Recension<\/a> <\/div><div class=\"visitcol\"><a target=\"_blank\" href=\"https:\/\/gamblingsam.com\/sv\/go\/snabbare\" class=\"visbutton\">Spela<\/a><\/div>\n <\/div>\n<div class=\"termsrow\">\n<small>* 18+ | Spela ansvarsfullt | <a href=\"http:\/\/www.stodlinjen.se\" target=\"_blank\" rel=\"nofollow noopener\">St\u00f6dlinjen.se<\/a> | <a href=\"https:\/\/www.spelpaus.se\" target=\"_blank\" rel=\"nofollow noopener\">Spelpaus.se.se<\/a> | <a href=\"\" target=\"_blank\" rel=\"nofollow noopener\">Regler &amp; villkor g\u00e4ller<\/a><\/small><\/div>\n<div class=\"top-sites-row top-sites-body row-5 \">\n         <div  class=\"casinocol\"><span class=\"rankcir\">5<\/span>\n\t\t <a target=\"_blank\" href=\"https:\/\/gamblingsam.com\/sv\/go\/bethard\">\n\t\t  <img loading=\"lazy\" decoding=\"async\" width=\"150\" height=\"75\" src=\"https:\/\/gamblingsam.com\/sv\/wp-content\/media\/sites\/2\/2020\/04\/bethard.png\" class=\"logocomp wp-post-image\" alt=\"\" \/>\n\t\t\t<\/a>\n\t\t<\/div><div class=\"featcol\"><ul><li>Ambassad\u00f6r: Zlatan <\/li><li> Grymt spelutbud <\/li><li> Bra bonusar<\/li><\/ul>\t<\/div><div class=\"depcol\"><span class=\"hilite\">100% uppt till 500 kr<\/span><\/div><div  class=\"ratecol\"><span class=\"rate cen\"> <span class=\"ratetotal\" style=\"width: 88%\"><\/span><\/span><a href=\"https:\/\/gamblingsam.com\/sv\/spelbolag\/bethard\/\" class=\"revlink\">Recension<\/a> <\/div><div class=\"visitcol\"><a target=\"_blank\" href=\"https:\/\/gamblingsam.com\/sv\/go\/bethard\" class=\"visbutton\">Spela<\/a><\/div>\n <\/div>\n<div class=\"termsrow\">\n<small>* 18+ | Spela ansvarsfullt | <a href=\"http:\/\/www.stodlinjen.se\" target=\"_blank\" rel=\"nofollow noopener\">St\u00f6dlinjen.se<\/a> | <a href=\"https:\/\/www.spelpaus.se\" target=\"_blank\" rel=\"nofollow noopener\">Spelpaus.se.se<\/a> | <a href=\"\" target=\"_blank\" rel=\"nofollow noopener\">Regler &amp; villkor g\u00e4ller<\/a><\/small><\/div><\/div>\n\n\n\n<h2 class=\"wp-block-heading\">Historien om Blackjack &#8211; S\u00e5 n\u00e5dde spelet casinon<\/h2>\n\n\n\n<p>Som vi n\u00e4mnde \u00e4r det fr\u00e5n Frankrike spelet h\u00e4rstammar. P\u00e5 den tiden hette spelet \u201dVingt-et-Un\u201d som kort och gott betyder 21 p\u00e5 franska. N\u00e4r franska immigranter sedan n\u00e5dde Amerika tog det spelet med sig. Det dr\u00f6jde inte l\u00e4nge innan Blackjack b\u00f6rjade dyka upp hos casinon i Las Vegas. Reglerna fr\u00e5n det franska spelet var inte samma som dagens Blackjack. Tidigare fick du till exempel inte 1,5x vinsten om du fick 21 p\u00e5 dina tv\u00e5 f\u00f6rsta kort.<\/p>\n\n\n\n<p>Genom \u00e5ren har spelet fortsatt att utvecklats och modifieras. Efter att casinot p\u00e5 n\u00e4tet blivit verklighet i andra halvan av 90-talet har Blackjack varit en stor och viktig del av detta. D\u00e4rf\u00f6r \u00e4r det kul att se att spelarna fortsatt tycker mycket om spelet \u00e4ven nu f\u00f6r tiden.<\/p>\n\n\n\n<h3 class=\"wp-block-heading\">Blackjack online &#8211; att spela p\u00e5 n\u00e4tet har m\u00e5nga f\u00f6rdelar<\/h3>\n\n\n\n<p>De flesta spelarna hittar vi p\u00e5 n\u00e4tet idag. Eftersom vi blir allt mer bekv\u00e4ma f\u00f6redrar vi att sitta hemma i soffan med v\u00e5r laptop eller n\u00e5gon annanstans med v\u00e5r mobil. Visst, n\u00e5gon g\u00e5ng b\u00f6r du uppleva Las Vegas, Monte Carlo, Macau, Melbourne eller n\u00e5got annat av de stora landbaserade casinona ute i v\u00e4rlden. Men det \u00e4r inte alltid du har m\u00f6jlighet. D\u00e5 \u00e4r n\u00e4tet betydligt b\u00e4ttre och Blackjack \u00e4r ett perfekt spel f\u00f6r en paus i vardagen.<\/p>\n\n\n\n<h3 class=\"wp-block-heading\">Slumpgenerator g\u00f6r att du f\u00e5r samma odds som p\u00e5 ett riktigt casino<\/h3>\n\n\n\n<p><a href=\"https:\/\/gamblingsam.com\/sv\/netent\">NetEnt<\/a>, <a href=\"https:\/\/gamblingsam.com\/sv\/microgaming\">Microgaming<\/a> och flera andra speltillverkare har lanserat h\u00e4ftiga Blackjackbord p\u00e5 n\u00e4tet. D\u00e5 \u00e4r det en slumpgenerator som best\u00e4mmer vilka kort du f\u00e5r. D\u00e4rmed \u00e4r det samma odds som n\u00e4r du spelar hos ett landbaserat casino. Skillnaden \u00e4r att slumpgeneratorn avg\u00f6r utg\u00e5ngen ist\u00e4llet f\u00f6r en dealer.<\/p>\n\n\n\n<h3 class=\"wp-block-heading\">En live dealer ger en mer autentisk Blackjack-upplevelse<\/h3>\n\n\n\n<p>De flesta idag tycker om att spela Blackjack online i ett live casino. D\u00e5 \u00e4r det riktiga bord och en livs levande croupier som delar ut h\u00e4nderna. En mer autentisk spelupplevelse f\u00e5r du inte hos ett <a href=\"https:\/\/gamblingsam.com\/sv\/\">online casino<\/a>. Allting filmas i 4k eller full HD beroende p\u00e5 vilket casino och live dealerspel du v\u00e4ljer.<\/p>\n\n\n\n<p>F\u00f6rdelarna med live casino \u00e4r att du spelar p\u00e5 riktiga bord och d\u00e4rmed f\u00e5r en mer verklighetstrogen spelstund. Evolution Gaming \u00e4r de som dominerar tillverkningen av spel f\u00f6r live casinot. De har flera olika varianter av Blackjack live som du m\u00e5ste prova. Ser du live spel fr\u00e5n Evolution Gaming vet du att det \u00e4r ett bra casino p\u00e5 n\u00e4tet. Spel fr\u00e5n f\u00f6retaget \u00e4r definitivt en kvalitetsst\u00e4mpel.<\/p>\n\n\n\n<h3 class=\"wp-block-heading\">Med en bonus f\u00e5r du mer spelande f\u00f6r pengarna<\/h3>\n\n\n\n<p>Flera online casinon erbjuder en bonus f\u00f6r nya spelare. Vanligtvis anv\u00e4nder du bonusen p\u00e5 en spelautomat men det finns bonusar f\u00f6r bordsspel ocks\u00e5. Ibland kan du anv\u00e4nda din vanliga ins\u00e4ttningsbonus p\u00e5 Blackjack. Dock brukar det inte bidra med lika mycket till oms\u00e4ttningskraven som slots. Men samtidigt har du betydligt b\u00e4ttre odds p\u00e5 blackjack online j\u00e4mf\u00f6rt med spelautomater.<\/p>\n\n\n\n<p>Vissa n\u00e4tcasinon erbjuder ocks\u00e5 en renodlad live casino bonus. D\u00e5 g\u00e4ller bonusen endast p\u00e5 live delaerspelen. Detta \u00e4r d\u00e4rmed en perfekt bonus f\u00f6r dig som vill spela Blackjack. Har du aldrig prova p\u00e5 Blackjack tidigare \u00e4r det smart att starta med en live casino bonus. D\u00e5 f\u00e5r du mer blackjack f\u00f6r pengarna och har samtidigt mindre risk.<\/p>\n\n\n\n<div class=\"wp-block-image\"><figure class=\"aligncenter size-large\"><img loading=\"lazy\" decoding=\"async\" width=\"1024\" height=\"275\" src=\"https:\/\/gamblingsam.com\/sv\/wp-content\/media\/sites\/2\/2020\/01\/iStock-172777372-2-1024x275.png\" alt=\"Blackjack online - Spela blackjack p\u00e5 n\u00e4tet hos svenska casinon\" class=\"wp-image-211\" srcset=\"https:\/\/gamblingsam.com\/sv\/wp-content\/media\/sites\/2\/2020\/01\/iStock-172777372-2-1024x275.png 1024w, https:\/\/gamblingsam.com\/sv\/wp-content\/media\/sites\/2\/2020\/01\/iStock-172777372-2-300x80.png 300w, https:\/\/gamblingsam.com\/sv\/wp-content\/media\/sites\/2\/2020\/01\/iStock-172777372-2-768x206.png 768w, https:\/\/gamblingsam.com\/sv\/wp-content\/media\/sites\/2\/2020\/01\/iStock-172777372-2.png 1328w\" sizes=\"auto, (max-width: 1024px) 100vw, 1024px\" \/><\/figure><\/div>\n\n\n\n<h3 class=\"wp-block-heading\">Ha koll p\u00e5 reglerna n\u00e4r du ska spela Blackjack<\/h3>\n\n\n\n<p>Eftersom Blackjack inte \u00e4r komplicerat \u00e4r det bara att s\u00e4tta ig\u00e5ng direkt. F\u00f6rst b\u00f6r du dock skumma igenom reglerna s\u00e5 att du har koll. Det \u00e4r v\u00e4ldigt enkla regler och l\u00e4tt att h\u00e5lla reda p\u00e5 men samtidigt m\u00e5ste du veta vad det \u00e4r som g\u00e4ller. Annars vet du till exempel inte om du m\u00e5ste ta ett nytt kort eller stanna.<\/p>\n","protected":false},"excerpt":{"rendered":"<p>Blackjack &#8211; Ett av de mest klassiska bordsspelen hos ett casino Historien om Blackjack str\u00e4cker sig s\u00e5 l\u00e5ngt bak som till franska 1700-talet. Sedan dess har det varit en upp\u00e5tg\u00e5ende <a href=\"https:\/\/gamblingsam.com\/sv\/blackjack\/\">&#8230;.<\/a><\/p>\n","protected":false},"author":1,"featured_media":0,"parent":0,"menu_order":0,"comment_status":"closed","ping_status":"closed","template":"","meta":{"footnotes":""},"class_list":["post-33","page","type-page","status-publish","hentry"],"yoast_head":"<!-- This site is optimized with the Yoast SEO plugin v27.5 - https:\/\/yoast.com\/product\/yoast-seo-wordpress\/ -->\n<title>Blackjack online - Spela blackjack p\u00e5 n\u00e4tet hos svenska casinon<\/title>\n<meta name=\"description\" content=\"Blackjack \u00e4r ett mycket trevligt casinospel som g\u00e5r att spela p\u00e5 n\u00e4tet. Om du vill testa att spela blackjack online s\u00e5 visar vi hur du g\u00e5r tillv\u00e4ga!\" \/>\n<meta name=\"robots\" content=\"index, follow, max-snippet:-1, max-image-preview:large, max-video-preview:-1\" \/>\n<link rel=\"canonical\" href=\"https:\/\/gamblingsam.com\/sv\/blackjack\/\" \/>\n<meta property=\"og:locale\" content=\"sv_SE\" \/>\n<meta property=\"og:type\" content=\"article\" \/>\n<meta property=\"og:title\" content=\"Blackjack online - Spela blackjack p\u00e5 n\u00e4tet hos svenska casinon\" \/>\n<meta property=\"og:description\" content=\"Blackjack \u00e4r ett mycket trevligt casinospel som g\u00e5r att spela p\u00e5 n\u00e4tet. Om du vill testa att spela blackjack online s\u00e5 visar vi hur du g\u00e5r tillv\u00e4ga!\" \/>\n<meta property=\"og:url\" content=\"https:\/\/gamblingsam.com\/sv\/blackjack\/\" \/>\n<meta property=\"og:site_name\" content=\"GamblingSam.com\" \/>\n<meta property=\"article:modified_time\" content=\"2021-11-02T11:35:41+00:00\" \/>\n<meta property=\"og:image\" content=\"https:\/\/gamblingsam.com\/sv\/wp-content\/media\/sites\/2\/2020\/01\/iStock-172777372-2-1024x275.png\" \/>\n<meta name=\"twitter:card\" content=\"summary_large_image\" \/>\n<meta name=\"twitter:label1\" content=\"Ber\u00e4knad l\u00e4stid\" \/>\n\t<meta name=\"twitter:data1\" content=\"4 minuter\" \/>\n<script type=\"application\/ld+json\" class=\"yoast-schema-graph\">{\"@context\":\"https:\\\/\\\/schema.org\",\"@graph\":[{\"@type\":\"WebPage\",\"@id\":\"https:\\\/\\\/gamblingsam.com\\\/sv\\\/blackjack\\\/\",\"url\":\"https:\\\/\\\/gamblingsam.com\\\/sv\\\/blackjack\\\/\",\"name\":\"Blackjack online - Spela blackjack p\u00e5 n\u00e4tet hos svenska casinon\",\"isPartOf\":{\"@id\":\"https:\\\/\\\/gamblingsam.com\\\/sv\\\/#website\"},\"primaryImageOfPage\":{\"@id\":\"https:\\\/\\\/gamblingsam.com\\\/sv\\\/blackjack\\\/#primaryimage\"},\"image\":{\"@id\":\"https:\\\/\\\/gamblingsam.com\\\/sv\\\/blackjack\\\/#primaryimage\"},\"thumbnailUrl\":\"https:\\\/\\\/gamblingsam.com\\\/sv\\\/wp-content\\\/media\\\/sites\\\/2\\\/2020\\\/01\\\/iStock-172777372-2-1024x275.png\",\"datePublished\":\"2019-11-12T15:33:09+00:00\",\"dateModified\":\"2021-11-02T11:35:41+00:00\",\"description\":\"Blackjack \u00e4r ett mycket trevligt casinospel som g\u00e5r att spela p\u00e5 n\u00e4tet. Om du vill testa att spela blackjack online s\u00e5 visar vi hur du g\u00e5r tillv\u00e4ga!\",\"breadcrumb\":{\"@id\":\"https:\\\/\\\/gamblingsam.com\\\/sv\\\/blackjack\\\/#breadcrumb\"},\"inLanguage\":\"sv-SE\",\"potentialAction\":[{\"@type\":\"ReadAction\",\"target\":[\"https:\\\/\\\/gamblingsam.com\\\/sv\\\/blackjack\\\/\"]}]},{\"@type\":\"ImageObject\",\"inLanguage\":\"sv-SE\",\"@id\":\"https:\\\/\\\/gamblingsam.com\\\/sv\\\/blackjack\\\/#primaryimage\",\"url\":\"https:\\\/\\\/gamblingsam.com\\\/sv\\\/wp-content\\\/media\\\/sites\\\/2\\\/2020\\\/01\\\/iStock-172777372-2.png\",\"contentUrl\":\"https:\\\/\\\/gamblingsam.com\\\/sv\\\/wp-content\\\/media\\\/sites\\\/2\\\/2020\\\/01\\\/iStock-172777372-2.png\",\"width\":1328,\"height\":356},{\"@type\":\"BreadcrumbList\",\"@id\":\"https:\\\/\\\/gamblingsam.com\\\/sv\\\/blackjack\\\/#breadcrumb\",\"itemListElement\":[{\"@type\":\"ListItem\",\"position\":1,\"name\":\"Home\",\"item\":\"https:\\\/\\\/gamblingsam.com\\\/sv\\\/\"},{\"@type\":\"ListItem\",\"position\":2,\"name\":\"Blackjack\"}]},{\"@type\":\"WebSite\",\"@id\":\"https:\\\/\\\/gamblingsam.com\\\/sv\\\/#website\",\"url\":\"https:\\\/\\\/gamblingsam.com\\\/sv\\\/\",\"name\":\"GamblingSam.com\",\"description\":\"\",\"potentialAction\":[{\"@type\":\"SearchAction\",\"target\":{\"@type\":\"EntryPoint\",\"urlTemplate\":\"https:\\\/\\\/gamblingsam.com\\\/sv\\\/?s={search_term_string}\"},\"query-input\":{\"@type\":\"PropertyValueSpecification\",\"valueRequired\":true,\"valueName\":\"search_term_string\"}}],\"inLanguage\":\"sv-SE\"}]}<\/script>\n<!-- \/ Yoast SEO plugin. -->","yoast_head_json":{"title":"Blackjack online - Spela blackjack p\u00e5 n\u00e4tet hos svenska casinon","description":"Blackjack \u00e4r ett mycket trevligt casinospel som g\u00e5r att spela p\u00e5 n\u00e4tet. Om du vill testa att spela blackjack online s\u00e5 visar vi hur du g\u00e5r tillv\u00e4ga!","robots":{"index":"index","follow":"follow","max-snippet":"max-snippet:-1","max-image-preview":"max-image-preview:large","max-video-preview":"max-video-preview:-1"},"canonical":"https:\/\/gamblingsam.com\/sv\/blackjack\/","og_locale":"sv_SE","og_type":"article","og_title":"Blackjack online - Spela blackjack p\u00e5 n\u00e4tet hos svenska casinon","og_description":"Blackjack \u00e4r ett mycket trevligt casinospel som g\u00e5r att spela p\u00e5 n\u00e4tet. Om du vill testa att spela blackjack online s\u00e5 visar vi hur du g\u00e5r tillv\u00e4ga!","og_url":"https:\/\/gamblingsam.com\/sv\/blackjack\/","og_site_name":"GamblingSam.com","article_modified_time":"2021-11-02T11:35:41+00:00","og_image":[{"url":"https:\/\/gamblingsam.com\/sv\/wp-content\/media\/sites\/2\/2020\/01\/iStock-172777372-2-1024x275.png","type":"","width":"","height":""}],"twitter_card":"summary_large_image","twitter_misc":{"Ber\u00e4knad l\u00e4stid":"4 minuter"},"schema":{"@context":"https:\/\/schema.org","@graph":[{"@type":"WebPage","@id":"https:\/\/gamblingsam.com\/sv\/blackjack\/","url":"https:\/\/gamblingsam.com\/sv\/blackjack\/","name":"Blackjack online - Spela blackjack p\u00e5 n\u00e4tet hos svenska casinon","isPartOf":{"@id":"https:\/\/gamblingsam.com\/sv\/#website"},"primaryImageOfPage":{"@id":"https:\/\/gamblingsam.com\/sv\/blackjack\/#primaryimage"},"image":{"@id":"https:\/\/gamblingsam.com\/sv\/blackjack\/#primaryimage"},"thumbnailUrl":"https:\/\/gamblingsam.com\/sv\/wp-content\/media\/sites\/2\/2020\/01\/iStock-172777372-2-1024x275.png","datePublished":"2019-11-12T15:33:09+00:00","dateModified":"2021-11-02T11:35:41+00:00","description":"Blackjack \u00e4r ett mycket trevligt casinospel som g\u00e5r att spela p\u00e5 n\u00e4tet. Om du vill testa att spela blackjack online s\u00e5 visar vi hur du g\u00e5r tillv\u00e4ga!","breadcrumb":{"@id":"https:\/\/gamblingsam.com\/sv\/blackjack\/#breadcrumb"},"inLanguage":"sv-SE","potentialAction":[{"@type":"ReadAction","target":["https:\/\/gamblingsam.com\/sv\/blackjack\/"]}]},{"@type":"ImageObject","inLanguage":"sv-SE","@id":"https:\/\/gamblingsam.com\/sv\/blackjack\/#primaryimage","url":"https:\/\/gamblingsam.com\/sv\/wp-content\/media\/sites\/2\/2020\/01\/iStock-172777372-2.png","contentUrl":"https:\/\/gamblingsam.com\/sv\/wp-content\/media\/sites\/2\/2020\/01\/iStock-172777372-2.png","width":1328,"height":356},{"@type":"BreadcrumbList","@id":"https:\/\/gamblingsam.com\/sv\/blackjack\/#breadcrumb","itemListElement":[{"@type":"ListItem","position":1,"name":"Home","item":"https:\/\/gamblingsam.com\/sv\/"},{"@type":"ListItem","position":2,"name":"Blackjack"}]},{"@type":"WebSite","@id":"https:\/\/gamblingsam.com\/sv\/#website","url":"https:\/\/gamblingsam.com\/sv\/","name":"GamblingSam.com","description":"","potentialAction":[{"@type":"SearchAction","target":{"@type":"EntryPoint","urlTemplate":"https:\/\/gamblingsam.com\/sv\/?s={search_term_string}"},"query-input":{"@type":"PropertyValueSpecification","valueRequired":true,"valueName":"search_term_string"}}],"inLanguage":"sv-SE"}]}},"_links":{"self":[{"href":"https:\/\/gamblingsam.com\/sv\/wp-json\/wp\/v2\/pages\/33","targetHints":{"allow":["GET"]}}],"collection":[{"href":"https:\/\/gamblingsam.com\/sv\/wp-json\/wp\/v2\/pages"}],"about":[{"href":"https:\/\/gamblingsam.com\/sv\/wp-json\/wp\/v2\/types\/page"}],"author":[{"embeddable":true,"href":"https:\/\/gamblingsam.com\/sv\/wp-json\/wp\/v2\/users\/1"}],"replies":[{"embeddable":true,"href":"https:\/\/gamblingsam.com\/sv\/wp-json\/wp\/v2\/comments?post=33"}],"version-history":[{"count":5,"href":"https:\/\/gamblingsam.com\/sv\/wp-json\/wp\/v2\/pages\/33\/revisions"}],"predecessor-version":[{"id":367,"href":"https:\/\/gamblingsam.com\/sv\/wp-json\/wp\/v2\/pages\/33\/revisions\/367"}],"wp:attachment":[{"href":"https:\/\/gamblingsam.com\/sv\/wp-json\/wp\/v2\/media?parent=33"}],"curies":[{"name":"wp","href":"https:\/\/api.w.org\/{rel}","templated":true}]}}