{"id":37,"date":"2019-11-12T16:22:38","date_gmt":"2019-11-12T16:22:38","guid":{"rendered":"https:\/\/gamblingsam.com\/sv\/?page_id=37"},"modified":"2021-11-02T11:37:13","modified_gmt":"2021-11-02T11:37:13","slug":"roulette","status":"publish","type":"page","link":"https:\/\/gamblingsam.com\/sv\/roulette\/","title":{"rendered":"Roulette"},"content":{"rendered":"\n<h1 class=\"wp-block-heading\">Roulette &#8211; Upplev magin kring det klassiska hjulet<\/h1>\n\n\n\n<p>N\u00e4r du spelar p\u00e5 roulette lirar du p\u00e5 ett casinospel som har anor s\u00e5 l\u00e5ngt tillbaka som 1600-talet. Precis som <a href=\"https:\/\/gamblingsam.com\/sv\/blackjack\">Blackjack<\/a> h\u00e4rstammar roulette fr\u00e5n Frankrike men spelet \u00e4r k\u00e4nt \u00f6ver hela v\u00e4rlden. Roulette finns idag hos varenda online casino med svensk licens. Antingen kan du spela via en slumpgenerator eller mot en riktig dealer i live casinot. Vad du f\u00f6redrar vet du nog sj\u00e4lv b\u00e4st men f\u00f6r en mer autentisk spelupplevelse \u00e4r live casinot perfekt.<\/p>\n\n\n\n<p>Dessutom ska du i den m\u00e5n du kan f\u00f6rs\u00f6ka v\u00e4lja fransk och europeisk roulette. Undvik amerikansk roulette om det g\u00e5r. Det kommer vi f\u00f6rklara mer om l\u00e4ngre ned i artikeln. Har du aldrig provat p\u00e5 roulette tidigare hoppas vi att du g\u00f6r det snart. F\u00e5 spel \u00e4r n\u00e4mligen lika underh\u00e5llande som det klassiska turspelet.<\/p>\n\n\n\n  <div class=\"top-sites-wrap\">\n\t\t<div class=\"top-sites-row top-sites-heading\"><div class=\"casinocol \">\tCasino<\/div><div class=\"featcol\">F\u00f6rdelar<\/div><div  class=\"depcol\">Bonus<\/div><div  class=\"ratecol\">Betyg<\/div><div class=\"visitcol \">Spela<\/div>\n       <\/div>\n\n<div class=\"top-sites-row top-sites-body row-1 \">\n         <div  class=\"casinocol\"><span class=\"rankcir\">1<\/span>\n\t\t <a target=\"_blank\" href=\"https:\/\/gamblingsam.com\/sv\/go\/casumo\">\n\t\t  <img loading=\"lazy\" decoding=\"async\" width=\"150\" height=\"76\" src=\"https:\/\/gamblingsam.com\/sv\/wp-content\/media\/sites\/2\/2019\/11\/casumo.png\" class=\"logocomp wp-post-image\" alt=\"\" \/>\n\t\t\t<\/a>\n\t\t<\/div><div class=\"featcol\"><ul><li>Grym bonus <\/li><li> BankID <\/li><li> Swish<\/li><\/ul>\t<\/div><div class=\"depcol\"><span class=\"hilite\">500 kr<\/span><\/div><div  class=\"ratecol\"><span class=\"rate cen\"> <span class=\"ratetotal\" style=\"width: 96%\"><\/span><\/span><a href=\"https:\/\/gamblingsam.com\/sv\/spelbolag\/casumo\/\" class=\"revlink\">Recension<\/a> <\/div><div class=\"visitcol\"><a target=\"_blank\" href=\"https:\/\/gamblingsam.com\/sv\/go\/casumo\" class=\"visbutton\">Spela<\/a><\/div>\n <\/div>\n<div class=\"termsrow\">\n<small>* 18+ | Spela ansvarsfullt | <a href=\"http:\/\/www.stodlinjen.se\" target=\"_blank\" rel=\"nofollow noopener\">St\u00f6dlinjen.se<\/a> | <a href=\"https:\/\/www.spelpaus.se\" target=\"_blank\" rel=\"nofollow noopener\">Spelpaus.se.se<\/a> | <a href=\"\" target=\"_blank\" rel=\"nofollow noopener\">Regler &amp; villkor g\u00e4ller<\/a><\/small><\/div>\n<div class=\"top-sites-row top-sites-body row-2 \">\n         <div  class=\"casinocol\"><span class=\"rankcir\">2<\/span>\n\t\t <a target=\"_blank\" href=\"https:\/\/gamblingsam.com\/sv\/go\/mrgreen\">\n\t\t  <img loading=\"lazy\" decoding=\"async\" width=\"300\" height=\"86\" src=\"https:\/\/gamblingsam.com\/sv\/wp-content\/media\/sites\/2\/2019\/12\/mr-green.png\" class=\"logocomp wp-post-image\" alt=\"\" \/>\n\t\t\t<\/a>\n\t\t<\/div><div class=\"featcol\"><ul><li>Bonus + free spins <\/li><li> Gr\u00f6nt spel <\/li><li> Massor med spel<\/li><\/ul>\t<\/div><div class=\"depcol\"><span class=\"hilite\">100% upp till 1000 kr<\/span><\/div><div  class=\"ratecol\"><span class=\"rate cen\"> <span class=\"ratetotal\" style=\"width: 92%\"><\/span><\/span><a href=\"https:\/\/gamblingsam.com\/sv\/spelbolag\/mr-green\/\" class=\"revlink\">Recension<\/a> <\/div><div class=\"visitcol\"><a target=\"_blank\" href=\"https:\/\/gamblingsam.com\/sv\/go\/mrgreen\" class=\"visbutton\">Spela<\/a><\/div>\n <\/div>\n<div class=\"termsrow\">\n<small>* 18+ | Spela ansvarsfullt | <a href=\"http:\/\/www.stodlinjen.se\" target=\"_blank\" rel=\"nofollow noopener\">St\u00f6dlinjen.se<\/a> | <a href=\"https:\/\/www.spelpaus.se\" target=\"_blank\" rel=\"nofollow noopener\">Spelpaus.se.se<\/a> | <a href=\"\" target=\"_blank\" rel=\"nofollow noopener\">Regler &amp; villkor g\u00e4ller<\/a><\/small><\/div>\n<div class=\"top-sites-row top-sites-body row-3 \">\n         <div  class=\"casinocol\"><span class=\"rankcir\">3<\/span>\n\t\t <a target=\"_blank\" href=\"https:\/\/gamblingsam.com\/sv\/go\/betsson\">\n\t\t  <img loading=\"lazy\" decoding=\"async\" width=\"146\" height=\"76\" src=\"https:\/\/gamblingsam.com\/sv\/wp-content\/media\/sites\/2\/2020\/03\/1.jpg\" class=\"logocomp wp-post-image\" alt=\"\" \/>\n\t\t\t<\/a>\n\t\t<\/div><div class=\"featcol\"><ul><li>L\u00e5ng erfarnhet <\/li><li> Bra bonus <\/li><li> Swish & Trustly<\/li><\/ul>\t<\/div><div class=\"depcol\"><span class=\"hilite\">500 kr + 100 free spins<\/span><\/div><div  class=\"ratecol\"><span class=\"rate cen\"> <span class=\"ratetotal\" style=\"width: 94%\"><\/span><\/span><a href=\"https:\/\/gamblingsam.com\/sv\/spelbolag\/betsson\/\" class=\"revlink\">Recension<\/a> <\/div><div class=\"visitcol\"><a target=\"_blank\" href=\"https:\/\/gamblingsam.com\/sv\/go\/betsson\" class=\"visbutton\">Spela<\/a><\/div>\n <\/div>\n<div class=\"termsrow\">\n<small>* 18+ | Spela ansvarsfullt | <a href=\"http:\/\/www.stodlinjen.se\" target=\"_blank\" rel=\"nofollow noopener\">St\u00f6dlinjen.se<\/a> | <a href=\"https:\/\/www.spelpaus.se\" target=\"_blank\" rel=\"nofollow noopener\">Spelpaus.se.se<\/a> | <a href=\"\" target=\"_blank\" rel=\"nofollow noopener\">Regler &amp; villkor g\u00e4ller<\/a><\/small><\/div>\n<div class=\"top-sites-row top-sites-body row-4 \">\n         <div  class=\"casinocol\"><span class=\"rankcir\">4<\/span>\n\t\t <a target=\"_blank\" href=\"https:\/\/gamblingsam.com\/sv\/go\/snabbare\">\n\t\t  <img loading=\"lazy\" decoding=\"async\" width=\"175\" height=\"105\" src=\"https:\/\/gamblingsam.com\/sv\/wp-content\/media\/sites\/2\/2019\/11\/snabbare_trans.png\" class=\"logocomp wp-post-image\" alt=\"\" \/>\n\t\t\t<\/a>\n\t\t<\/div><div class=\"featcol\"><ul><li>Massor med spel <\/li><li> Spela med BankID <\/li><li> Tillh\u00f6r ComeOn<\/li><\/ul>\t<\/div><div class=\"depcol\"><span class=\"hilite\">2000 kr<\/span><\/div><div  class=\"ratecol\"><span class=\"rate cen\"> <span class=\"ratetotal\" style=\"width: 94%\"><\/span><\/span><a href=\"https:\/\/gamblingsam.com\/sv\/spelbolag\/snabbare\/\" class=\"revlink\">Recension<\/a> <\/div><div class=\"visitcol\"><a target=\"_blank\" href=\"https:\/\/gamblingsam.com\/sv\/go\/snabbare\" class=\"visbutton\">Spela<\/a><\/div>\n <\/div>\n<div class=\"termsrow\">\n<small>* 18+ | Spela ansvarsfullt | <a href=\"http:\/\/www.stodlinjen.se\" target=\"_blank\" rel=\"nofollow noopener\">St\u00f6dlinjen.se<\/a> | <a href=\"https:\/\/www.spelpaus.se\" target=\"_blank\" rel=\"nofollow noopener\">Spelpaus.se.se<\/a> | <a href=\"\" target=\"_blank\" rel=\"nofollow noopener\">Regler &amp; villkor g\u00e4ller<\/a><\/small><\/div>\n<div class=\"top-sites-row top-sites-body row-5 \">\n         <div  class=\"casinocol\"><span class=\"rankcir\">5<\/span>\n\t\t <a target=\"_blank\" href=\"https:\/\/gamblingsam.com\/sv\/go\/bethard\">\n\t\t  <img loading=\"lazy\" decoding=\"async\" width=\"150\" height=\"75\" src=\"https:\/\/gamblingsam.com\/sv\/wp-content\/media\/sites\/2\/2020\/04\/bethard.png\" class=\"logocomp wp-post-image\" alt=\"\" \/>\n\t\t\t<\/a>\n\t\t<\/div><div class=\"featcol\"><ul><li>Ambassad\u00f6r: Zlatan <\/li><li> Grymt spelutbud <\/li><li> Bra bonusar<\/li><\/ul>\t<\/div><div class=\"depcol\"><span class=\"hilite\">100% uppt till 500 kr<\/span><\/div><div  class=\"ratecol\"><span class=\"rate cen\"> <span class=\"ratetotal\" style=\"width: 88%\"><\/span><\/span><a href=\"https:\/\/gamblingsam.com\/sv\/spelbolag\/bethard\/\" class=\"revlink\">Recension<\/a> <\/div><div class=\"visitcol\"><a target=\"_blank\" href=\"https:\/\/gamblingsam.com\/sv\/go\/bethard\" class=\"visbutton\">Spela<\/a><\/div>\n <\/div>\n<div class=\"termsrow\">\n<small>* 18+ | Spela ansvarsfullt | <a href=\"http:\/\/www.stodlinjen.se\" target=\"_blank\" rel=\"nofollow noopener\">St\u00f6dlinjen.se<\/a> | <a href=\"https:\/\/www.spelpaus.se\" target=\"_blank\" rel=\"nofollow noopener\">Spelpaus.se.se<\/a> | <a href=\"\" target=\"_blank\" rel=\"nofollow noopener\">Regler &amp; villkor g\u00e4ller<\/a><\/small><\/div><\/div>\n\n\n\n<h2 class=\"wp-block-heading\">S\u00e5 fungerar roulette &#8211; En snabb genomg\u00e5ng<\/h2>\n\n\n\n<p>Hjulet \u00e4r uppbyggt med 37 olika numrerande fack. Vartannat fack \u00e4r r\u00f6tt och vartannat \u00e4r svart. Dessutom finns det en gr\u00f6n nolla. Om kulan hamnar h\u00e4r vinner huset, i \u00f6vrigt \u00e4r det 50\/50 n\u00e4r du satsar p\u00e5 svart eller r\u00f6tt. D\u00e4rf\u00f6r hoppas ingen f\u00f6rutom casinot att kulan inte hamnar p\u00e5 gr\u00f6n eftersom d\u00e5 tappar alla spelare sina pengar.<\/p>\n\n\n\n<p>F\u00f6rutom att du kan satsa p\u00e5 r\u00f6tt\/svart g\u00e5r det ocks\u00e5 bra att satsa p\u00e5 specifika nummer, \u00f6ver\/under eller flera nummer samtidigt. Vanligast \u00e4r hur som helst att satsa svart eller r\u00f6tt. Om du f\u00e5r r\u00e4tt dubblar du din insats. Spelet avg\u00f6rs genom att dealern snurrar p\u00e5 hjulet \u00e5t ett h\u00e5ll och sedan snurrar han en kula inuti hjulet i motsatt riktning. Sedan hamnar kulan i ett fack och den som gissat r\u00e4tt fack, f\u00e4rg eller v\u00e4rde vinner. Olika kombinationer ger olika vinster. Fr\u00e5ga din dealer eller kundtj\u00e4nst om du \u00e4r os\u00e4ker.<\/p>\n\n\n\n<h3 class=\"wp-block-heading\">Spela mer med en casino bonus p\u00e5 det hyllade bordsspelet<\/h3>\n\n\n\n<p>F\u00f6r att f\u00e5 ut \u00e4nnu mer roulette f\u00f6r dina pengar kan du ta emot en v\u00e4lkomstbonus. Den kan du anv\u00e4nda till att spela \u00e4nnu mer roulette. Vanligtvis g\u00e4ller visserligen en <a href=\"https:\/\/gamblingsam.com\/sv\/casino-bonus\">casino bonus<\/a> p\u00e5 slots men den brukar ocks\u00e5 g\u00e5 att anv\u00e4nda p\u00e5 roulette. Det enda \u00e4r att oms\u00e4ttningskraven eventuellt blir h\u00f6gre n\u00e4r du v\u00e4ljer att spela p\u00e5 roulette. H\u00e5ll alltid koll p\u00e5 oms\u00e4ttningskrav innan du tar emot ett erbjudande.<\/p>\n\n\n\n<p>Det g\u00e5r ocks\u00e5 att f\u00e5 en live casino bonus. D\u00e5 g\u00e4ller bonusen endast p\u00e5 live dealerspelen d\u00e4r roulette \u00e4r en viktig del. Njut av professionella dealers samtidigt som du kan spela mer roulette f\u00f6r din insats n\u00e4r du har tagit emot en bonus. Det \u00e4r n\u00e5got du m\u00e5ste prova helt enkelt.<\/p>\n\n\n\n<h3 class=\"wp-block-heading\">Roulette \u00e4r utm\u00e4rkt i live casinot med en riktig dealer<\/h3>\n\n\n\n<p>Visst kan du spela via en slumpgenerator i det vanliga online casinot. Men v\u00e5r rekommendation \u00e4r definitivt att spela i live casinot d\u00e4r du ocks\u00e5 st\u00e4lls mot en riktig dealer. D\u00e5 f\u00e5r du dessutom \u00e4kta casino-bord och en mer autentisk spelstund.<\/p>\n\n\n\n<p>Evolution Gaming \u00e4r definitivt den stora dominanten n\u00e4r det kommer till skapandet av live dealerspel. Deras roulette-bord har vunnit flertalet priser genom \u00e5ren och \u00e4r definitivt v\u00e4rt att testa. Vi vet inte mycket som sl\u00e5r en riktigt trevlig spelstund med roulette i live casinot.<\/p>\n\n\n\n<h3 class=\"wp-block-heading\">Olika varianter av roulette<\/h3>\n\n\n\n<p>Det finns tre olika varianter av roulette hos ett <a href=\"https:\/\/gamblingsam.com\/sv\/\">casino<\/a>. Det handlar om fransk, europeisk och amerikansk roulette. Det \u00e4r egentligen en v\u00e4ldigt liten skillnad men den \u00e4r \u00e4nd\u00e5 d\u00e4r. Vid amerikansk roulette \u00e4r det en extra gr\u00f6n dubbelnolla ut\u00f6ver den vanliga nollan. Det g\u00f6r att huset har n\u00e5got st\u00f6rre f\u00f6rdel i amerikansk roulette j\u00e4mf\u00f6rt med de \u00f6vriga tv\u00e5.<\/p>\n\n\n\n<div class=\"wp-block-image\"><figure class=\"aligncenter size-large\"><img loading=\"lazy\" decoding=\"async\" width=\"997\" height=\"329\" src=\"https:\/\/gamblingsam.com\/sv\/wp-content\/media\/sites\/2\/2020\/01\/dreamstime_s_60332863-2.png\" alt=\"Spela roulette snabbt och smidigt hos svenska casinon\" class=\"wp-image-181\" srcset=\"https:\/\/gamblingsam.com\/sv\/wp-content\/media\/sites\/2\/2020\/01\/dreamstime_s_60332863-2.png 997w, https:\/\/gamblingsam.com\/sv\/wp-content\/media\/sites\/2\/2020\/01\/dreamstime_s_60332863-2-300x99.png 300w, https:\/\/gamblingsam.com\/sv\/wp-content\/media\/sites\/2\/2020\/01\/dreamstime_s_60332863-2-768x253.png 768w\" sizes=\"auto, (max-width: 997px) 100vw, 997px\" \/><\/figure><\/div>\n\n\n\n<p>D\u00e4rf\u00f6r rekommenderar vi dig som spelar online att v\u00e4lja ett franskt eller europeiskt bord. D\u00e5 har du n\u00e5got b\u00e4ttre odds men samma vinstsumma. Det finns ocks\u00e5 olika niv\u00e5er p\u00e5 insatserna beroende var du spelar. Vissa VIP-bord har h\u00f6gre minimum-insats och en h\u00f6gre maxinsats f\u00f6r till exempel high rollers. Andra bord \u00e4r f\u00f6r nyb\u00f6rjare med betydligt mindre insatser. Hitta ett bord som passar dig.<\/p>\n\n\n\n<h3 class=\"wp-block-heading\">Spela roulette i mobilen<\/h3>\n\n\n\n<p>Givetvis g\u00e5r det ocks\u00e5 att spela roulette fr\u00e5n din smartphone eller surfplatta. Ladda hem en app till ett online casino eller k\u00f6r direkt fr\u00e5n webbl\u00e4saren i din telefon. Oavsett vilket finns roulette alltid n\u00e4ra till hands om du vill det. Roulette \u00e4r ett spel som \u00e4r utm\u00e4rkt f\u00f6r mobila enheter.<\/p>\n","protected":false},"excerpt":{"rendered":"<p>Roulette &#8211; Upplev magin kring det klassiska hjulet N\u00e4r du spelar p\u00e5 roulette lirar du p\u00e5 ett casinospel som har anor s\u00e5 l\u00e5ngt tillbaka som 1600-talet. Precis som Blackjack h\u00e4rstammar <a href=\"https:\/\/gamblingsam.com\/sv\/roulette\/\">&#8230;.<\/a><\/p>\n","protected":false},"author":1,"featured_media":0,"parent":0,"menu_order":0,"comment_status":"closed","ping_status":"closed","template":"","meta":{"footnotes":""},"class_list":["post-37","page","type-page","status-publish","hentry"],"yoast_head":"<!-- This site is optimized with the Yoast SEO plugin v27.5 - https:\/\/yoast.com\/product\/yoast-seo-wordpress\/ -->\n<title>Roulette online - Spela roulette snabbt och smidigt hos svenska casinon<\/title>\n<meta name=\"description\" content=\"Roulette \u00e4r ett klassiskt casinospel som faktiskt \u00e4r ganska popul\u00e4rt p\u00e5 n\u00e4tet. Om du vill spela roulette online s\u00e5 visar vi dig hur du skall g\u00e5 till v\u00e4ga!\" \/>\n<meta name=\"robots\" content=\"index, follow, max-snippet:-1, max-image-preview:large, max-video-preview:-1\" \/>\n<link rel=\"canonical\" href=\"https:\/\/gamblingsam.com\/sv\/roulette\/\" \/>\n<meta property=\"og:locale\" content=\"sv_SE\" \/>\n<meta property=\"og:type\" content=\"article\" \/>\n<meta property=\"og:title\" content=\"Roulette online - Spela roulette snabbt och smidigt hos svenska casinon\" \/>\n<meta property=\"og:description\" content=\"Roulette \u00e4r ett klassiskt casinospel som faktiskt \u00e4r ganska popul\u00e4rt p\u00e5 n\u00e4tet. Om du vill spela roulette online s\u00e5 visar vi dig hur du skall g\u00e5 till v\u00e4ga!\" \/>\n<meta property=\"og:url\" content=\"https:\/\/gamblingsam.com\/sv\/roulette\/\" \/>\n<meta property=\"og:site_name\" content=\"GamblingSam.com\" \/>\n<meta property=\"article:modified_time\" content=\"2021-11-02T11:37:13+00:00\" \/>\n<meta property=\"og:image\" content=\"https:\/\/gamblingsam.com\/sv\/wp-content\/media\/sites\/2\/2020\/01\/dreamstime_s_60332863-2.png\" \/>\n<meta name=\"twitter:card\" content=\"summary_large_image\" \/>\n<meta name=\"twitter:label1\" content=\"Ber\u00e4knad l\u00e4stid\" \/>\n\t<meta name=\"twitter:data1\" content=\"4 minuter\" \/>\n<script type=\"application\/ld+json\" class=\"yoast-schema-graph\">{\"@context\":\"https:\\\/\\\/schema.org\",\"@graph\":[{\"@type\":\"WebPage\",\"@id\":\"https:\\\/\\\/gamblingsam.com\\\/sv\\\/roulette\\\/\",\"url\":\"https:\\\/\\\/gamblingsam.com\\\/sv\\\/roulette\\\/\",\"name\":\"Roulette online - Spela roulette snabbt och smidigt hos svenska casinon\",\"isPartOf\":{\"@id\":\"https:\\\/\\\/gamblingsam.com\\\/sv\\\/#website\"},\"primaryImageOfPage\":{\"@id\":\"https:\\\/\\\/gamblingsam.com\\\/sv\\\/roulette\\\/#primaryimage\"},\"image\":{\"@id\":\"https:\\\/\\\/gamblingsam.com\\\/sv\\\/roulette\\\/#primaryimage\"},\"thumbnailUrl\":\"https:\\\/\\\/gamblingsam.com\\\/sv\\\/wp-content\\\/media\\\/sites\\\/2\\\/2020\\\/01\\\/dreamstime_s_60332863-2.png\",\"datePublished\":\"2019-11-12T16:22:38+00:00\",\"dateModified\":\"2021-11-02T11:37:13+00:00\",\"description\":\"Roulette \u00e4r ett klassiskt casinospel som faktiskt \u00e4r ganska popul\u00e4rt p\u00e5 n\u00e4tet. Om du vill spela roulette online s\u00e5 visar vi dig hur du skall g\u00e5 till v\u00e4ga!\",\"breadcrumb\":{\"@id\":\"https:\\\/\\\/gamblingsam.com\\\/sv\\\/roulette\\\/#breadcrumb\"},\"inLanguage\":\"sv-SE\",\"potentialAction\":[{\"@type\":\"ReadAction\",\"target\":[\"https:\\\/\\\/gamblingsam.com\\\/sv\\\/roulette\\\/\"]}]},{\"@type\":\"ImageObject\",\"inLanguage\":\"sv-SE\",\"@id\":\"https:\\\/\\\/gamblingsam.com\\\/sv\\\/roulette\\\/#primaryimage\",\"url\":\"https:\\\/\\\/gamblingsam.com\\\/sv\\\/wp-content\\\/media\\\/sites\\\/2\\\/2020\\\/01\\\/dreamstime_s_60332863-2.png\",\"contentUrl\":\"https:\\\/\\\/gamblingsam.com\\\/sv\\\/wp-content\\\/media\\\/sites\\\/2\\\/2020\\\/01\\\/dreamstime_s_60332863-2.png\",\"width\":997,\"height\":329},{\"@type\":\"BreadcrumbList\",\"@id\":\"https:\\\/\\\/gamblingsam.com\\\/sv\\\/roulette\\\/#breadcrumb\",\"itemListElement\":[{\"@type\":\"ListItem\",\"position\":1,\"name\":\"Home\",\"item\":\"https:\\\/\\\/gamblingsam.com\\\/sv\\\/\"},{\"@type\":\"ListItem\",\"position\":2,\"name\":\"Roulette\"}]},{\"@type\":\"WebSite\",\"@id\":\"https:\\\/\\\/gamblingsam.com\\\/sv\\\/#website\",\"url\":\"https:\\\/\\\/gamblingsam.com\\\/sv\\\/\",\"name\":\"GamblingSam.com\",\"description\":\"\",\"potentialAction\":[{\"@type\":\"SearchAction\",\"target\":{\"@type\":\"EntryPoint\",\"urlTemplate\":\"https:\\\/\\\/gamblingsam.com\\\/sv\\\/?s={search_term_string}\"},\"query-input\":{\"@type\":\"PropertyValueSpecification\",\"valueRequired\":true,\"valueName\":\"search_term_string\"}}],\"inLanguage\":\"sv-SE\"}]}<\/script>\n<!-- \/ Yoast SEO plugin. -->","yoast_head_json":{"title":"Roulette online - Spela roulette snabbt och smidigt hos svenska casinon","description":"Roulette \u00e4r ett klassiskt casinospel som faktiskt \u00e4r ganska popul\u00e4rt p\u00e5 n\u00e4tet. Om du vill spela roulette online s\u00e5 visar vi dig hur du skall g\u00e5 till v\u00e4ga!","robots":{"index":"index","follow":"follow","max-snippet":"max-snippet:-1","max-image-preview":"max-image-preview:large","max-video-preview":"max-video-preview:-1"},"canonical":"https:\/\/gamblingsam.com\/sv\/roulette\/","og_locale":"sv_SE","og_type":"article","og_title":"Roulette online - Spela roulette snabbt och smidigt hos svenska casinon","og_description":"Roulette \u00e4r ett klassiskt casinospel som faktiskt \u00e4r ganska popul\u00e4rt p\u00e5 n\u00e4tet. Om du vill spela roulette online s\u00e5 visar vi dig hur du skall g\u00e5 till v\u00e4ga!","og_url":"https:\/\/gamblingsam.com\/sv\/roulette\/","og_site_name":"GamblingSam.com","article_modified_time":"2021-11-02T11:37:13+00:00","og_image":[{"url":"https:\/\/gamblingsam.com\/sv\/wp-content\/media\/sites\/2\/2020\/01\/dreamstime_s_60332863-2.png","type":"","width":"","height":""}],"twitter_card":"summary_large_image","twitter_misc":{"Ber\u00e4knad l\u00e4stid":"4 minuter"},"schema":{"@context":"https:\/\/schema.org","@graph":[{"@type":"WebPage","@id":"https:\/\/gamblingsam.com\/sv\/roulette\/","url":"https:\/\/gamblingsam.com\/sv\/roulette\/","name":"Roulette online - Spela roulette snabbt och smidigt hos svenska casinon","isPartOf":{"@id":"https:\/\/gamblingsam.com\/sv\/#website"},"primaryImageOfPage":{"@id":"https:\/\/gamblingsam.com\/sv\/roulette\/#primaryimage"},"image":{"@id":"https:\/\/gamblingsam.com\/sv\/roulette\/#primaryimage"},"thumbnailUrl":"https:\/\/gamblingsam.com\/sv\/wp-content\/media\/sites\/2\/2020\/01\/dreamstime_s_60332863-2.png","datePublished":"2019-11-12T16:22:38+00:00","dateModified":"2021-11-02T11:37:13+00:00","description":"Roulette \u00e4r ett klassiskt casinospel som faktiskt \u00e4r ganska popul\u00e4rt p\u00e5 n\u00e4tet. Om du vill spela roulette online s\u00e5 visar vi dig hur du skall g\u00e5 till v\u00e4ga!","breadcrumb":{"@id":"https:\/\/gamblingsam.com\/sv\/roulette\/#breadcrumb"},"inLanguage":"sv-SE","potentialAction":[{"@type":"ReadAction","target":["https:\/\/gamblingsam.com\/sv\/roulette\/"]}]},{"@type":"ImageObject","inLanguage":"sv-SE","@id":"https:\/\/gamblingsam.com\/sv\/roulette\/#primaryimage","url":"https:\/\/gamblingsam.com\/sv\/wp-content\/media\/sites\/2\/2020\/01\/dreamstime_s_60332863-2.png","contentUrl":"https:\/\/gamblingsam.com\/sv\/wp-content\/media\/sites\/2\/2020\/01\/dreamstime_s_60332863-2.png","width":997,"height":329},{"@type":"BreadcrumbList","@id":"https:\/\/gamblingsam.com\/sv\/roulette\/#breadcrumb","itemListElement":[{"@type":"ListItem","position":1,"name":"Home","item":"https:\/\/gamblingsam.com\/sv\/"},{"@type":"ListItem","position":2,"name":"Roulette"}]},{"@type":"WebSite","@id":"https:\/\/gamblingsam.com\/sv\/#website","url":"https:\/\/gamblingsam.com\/sv\/","name":"GamblingSam.com","description":"","potentialAction":[{"@type":"SearchAction","target":{"@type":"EntryPoint","urlTemplate":"https:\/\/gamblingsam.com\/sv\/?s={search_term_string}"},"query-input":{"@type":"PropertyValueSpecification","valueRequired":true,"valueName":"search_term_string"}}],"inLanguage":"sv-SE"}]}},"_links":{"self":[{"href":"https:\/\/gamblingsam.com\/sv\/wp-json\/wp\/v2\/pages\/37","targetHints":{"allow":["GET"]}}],"collection":[{"href":"https:\/\/gamblingsam.com\/sv\/wp-json\/wp\/v2\/pages"}],"about":[{"href":"https:\/\/gamblingsam.com\/sv\/wp-json\/wp\/v2\/types\/page"}],"author":[{"embeddable":true,"href":"https:\/\/gamblingsam.com\/sv\/wp-json\/wp\/v2\/users\/1"}],"replies":[{"embeddable":true,"href":"https:\/\/gamblingsam.com\/sv\/wp-json\/wp\/v2\/comments?post=37"}],"version-history":[{"count":5,"href":"https:\/\/gamblingsam.com\/sv\/wp-json\/wp\/v2\/pages\/37\/revisions"}],"predecessor-version":[{"id":369,"href":"https:\/\/gamblingsam.com\/sv\/wp-json\/wp\/v2\/pages\/37\/revisions\/369"}],"wp:attachment":[{"href":"https:\/\/gamblingsam.com\/sv\/wp-json\/wp\/v2\/media?parent=37"}],"curies":[{"name":"wp","href":"https:\/\/api.w.org\/{rel}","templated":true}]}}