{"id":43,"date":"2019-11-12T16:52:29","date_gmt":"2019-11-12T16:52:29","guid":{"rendered":"https:\/\/gamblingsam.com\/sv\/?page_id=43"},"modified":"2021-11-02T11:35:17","modified_gmt":"2021-11-02T11:35:17","slug":"mobilcasino","status":"publish","type":"page","link":"https:\/\/gamblingsam.com\/sv\/mobilcasino\/","title":{"rendered":"Mobilcasino"},"content":{"rendered":"\n<h1 class=\"wp-block-heading\">Mobil casino &#8211; Spela casino fr\u00e5n mobilen f\u00f6r en mer flexibel upplevelse<\/h1>\n\n\n\n<p>Att spelarna v\u00e4ljer casino i mobilen idag \u00e4r inte s\u00e4rskilt konstigt. F\u00e5 saker ger samma flexibilitet som att kunna spela vart man \u00e4n \u00f6nskar. Visst \u00e4r sk\u00e4rmen st\u00f6rre p\u00e5 en dator men att plocka fram en dator f\u00f6r att spela casino p\u00e5 t.ex bussen \u00e4r inte s\u00e4rskilt roligt. D\u00e5 \u00e4r det betydligt smidigare med en mobil enhet eller en surfplatta. Just det flexibla att kunna spela vart man vill \u00e4r den fr\u00e4msta anledningen till att <a href=\"http:\/\/www.mobilcasino.biz\">mobilcasinon<\/a> gjort stor succ\u00e9 och idag blivit en del av spelarnas vardag.<\/p>\n\n\n\n<p>Om ett online casino inte erbjuder ett bra mobilcasino anses det vara f\u00f6r\u00e5ldrat. Spelarna kr\u00e4ver ett bra mobil casino, annars g\u00e5r de vidare till en annan akt\u00f6r. Detta vet casinon med svensk licens om och d\u00e4rf\u00f6r satsar de stort p\u00e5 att fram en optimal mobil spelupplevelse till sina kunder.<\/p>\n\n\n\n  <div class=\"top-sites-wrap\">\n\t\t<div class=\"top-sites-row top-sites-heading\"><div class=\"casinocol \">\tCasino<\/div><div class=\"featcol\">F\u00f6rdelar<\/div><div  class=\"depcol\">Bonus<\/div><div  class=\"ratecol\">Betyg<\/div><div class=\"visitcol \">Spela<\/div>\n       <\/div>\n\n<div class=\"top-sites-row top-sites-body row-1 \">\n         <div  class=\"casinocol\"><span class=\"rankcir\">1<\/span>\n\t\t <a target=\"_blank\" href=\"https:\/\/gamblingsam.com\/sv\/go\/casumo\">\n\t\t  <img loading=\"lazy\" decoding=\"async\" width=\"150\" height=\"76\" src=\"https:\/\/gamblingsam.com\/sv\/wp-content\/media\/sites\/2\/2019\/11\/casumo.png\" class=\"logocomp wp-post-image\" alt=\"\" \/>\n\t\t\t<\/a>\n\t\t<\/div><div class=\"featcol\"><ul><li>Grym bonus <\/li><li> BankID <\/li><li> Swish<\/li><\/ul>\t<\/div><div class=\"depcol\"><span class=\"hilite\">500 kr<\/span><\/div><div  class=\"ratecol\"><span class=\"rate cen\"> <span class=\"ratetotal\" style=\"width: 96%\"><\/span><\/span><a href=\"https:\/\/gamblingsam.com\/sv\/spelbolag\/casumo\/\" class=\"revlink\">Recension<\/a> <\/div><div class=\"visitcol\"><a target=\"_blank\" href=\"https:\/\/gamblingsam.com\/sv\/go\/casumo\" class=\"visbutton\">Spela<\/a><\/div>\n <\/div>\n<div class=\"termsrow\">\n<small>* 18+ | Spela ansvarsfullt | <a href=\"http:\/\/www.stodlinjen.se\" target=\"_blank\" rel=\"nofollow noopener\">St\u00f6dlinjen.se<\/a> | <a href=\"https:\/\/www.spelpaus.se\" target=\"_blank\" rel=\"nofollow noopener\">Spelpaus.se.se<\/a> | <a href=\"\" target=\"_blank\" rel=\"nofollow noopener\">Regler &amp; villkor g\u00e4ller<\/a><\/small><\/div>\n<div class=\"top-sites-row top-sites-body row-2 \">\n         <div  class=\"casinocol\"><span class=\"rankcir\">2<\/span>\n\t\t <a target=\"_blank\" href=\"https:\/\/gamblingsam.com\/sv\/go\/mrgreen\">\n\t\t  <img loading=\"lazy\" decoding=\"async\" width=\"300\" height=\"86\" src=\"https:\/\/gamblingsam.com\/sv\/wp-content\/media\/sites\/2\/2019\/12\/mr-green.png\" class=\"logocomp wp-post-image\" alt=\"\" \/>\n\t\t\t<\/a>\n\t\t<\/div><div class=\"featcol\"><ul><li>Bonus + free spins <\/li><li> Gr\u00f6nt spel <\/li><li> Massor med spel<\/li><\/ul>\t<\/div><div class=\"depcol\"><span class=\"hilite\">100% upp till 1000 kr<\/span><\/div><div  class=\"ratecol\"><span class=\"rate cen\"> <span class=\"ratetotal\" style=\"width: 92%\"><\/span><\/span><a href=\"https:\/\/gamblingsam.com\/sv\/spelbolag\/mr-green\/\" class=\"revlink\">Recension<\/a> <\/div><div class=\"visitcol\"><a target=\"_blank\" href=\"https:\/\/gamblingsam.com\/sv\/go\/mrgreen\" class=\"visbutton\">Spela<\/a><\/div>\n <\/div>\n<div class=\"termsrow\">\n<small>* 18+ | Spela ansvarsfullt | <a href=\"http:\/\/www.stodlinjen.se\" target=\"_blank\" rel=\"nofollow noopener\">St\u00f6dlinjen.se<\/a> | <a href=\"https:\/\/www.spelpaus.se\" target=\"_blank\" rel=\"nofollow noopener\">Spelpaus.se.se<\/a> | <a href=\"\" target=\"_blank\" rel=\"nofollow noopener\">Regler &amp; villkor g\u00e4ller<\/a><\/small><\/div>\n<div class=\"top-sites-row top-sites-body row-3 \">\n         <div  class=\"casinocol\"><span class=\"rankcir\">3<\/span>\n\t\t <a target=\"_blank\" href=\"https:\/\/gamblingsam.com\/sv\/go\/betsson\">\n\t\t  <img loading=\"lazy\" decoding=\"async\" width=\"146\" height=\"76\" src=\"https:\/\/gamblingsam.com\/sv\/wp-content\/media\/sites\/2\/2020\/03\/1.jpg\" class=\"logocomp wp-post-image\" alt=\"\" \/>\n\t\t\t<\/a>\n\t\t<\/div><div class=\"featcol\"><ul><li>L\u00e5ng erfarnhet <\/li><li> Bra bonus <\/li><li> Swish & Trustly<\/li><\/ul>\t<\/div><div class=\"depcol\"><span class=\"hilite\">500 kr + 100 free spins<\/span><\/div><div  class=\"ratecol\"><span class=\"rate cen\"> <span class=\"ratetotal\" style=\"width: 94%\"><\/span><\/span><a href=\"https:\/\/gamblingsam.com\/sv\/spelbolag\/betsson\/\" class=\"revlink\">Recension<\/a> <\/div><div class=\"visitcol\"><a target=\"_blank\" href=\"https:\/\/gamblingsam.com\/sv\/go\/betsson\" class=\"visbutton\">Spela<\/a><\/div>\n <\/div>\n<div class=\"termsrow\">\n<small>* 18+ | Spela ansvarsfullt | <a href=\"http:\/\/www.stodlinjen.se\" target=\"_blank\" rel=\"nofollow noopener\">St\u00f6dlinjen.se<\/a> | <a href=\"https:\/\/www.spelpaus.se\" target=\"_blank\" rel=\"nofollow noopener\">Spelpaus.se.se<\/a> | <a href=\"\" target=\"_blank\" rel=\"nofollow noopener\">Regler &amp; villkor g\u00e4ller<\/a><\/small><\/div>\n<div class=\"top-sites-row top-sites-body row-4 \">\n         <div  class=\"casinocol\"><span class=\"rankcir\">4<\/span>\n\t\t <a target=\"_blank\" href=\"https:\/\/gamblingsam.com\/sv\/go\/snabbare\">\n\t\t  <img loading=\"lazy\" decoding=\"async\" width=\"175\" height=\"105\" src=\"https:\/\/gamblingsam.com\/sv\/wp-content\/media\/sites\/2\/2019\/11\/snabbare_trans.png\" class=\"logocomp wp-post-image\" alt=\"\" \/>\n\t\t\t<\/a>\n\t\t<\/div><div class=\"featcol\"><ul><li>Massor med spel <\/li><li> Spela med BankID <\/li><li> Tillh\u00f6r ComeOn<\/li><\/ul>\t<\/div><div class=\"depcol\"><span class=\"hilite\">2000 kr<\/span><\/div><div  class=\"ratecol\"><span class=\"rate cen\"> <span class=\"ratetotal\" style=\"width: 94%\"><\/span><\/span><a href=\"https:\/\/gamblingsam.com\/sv\/spelbolag\/snabbare\/\" class=\"revlink\">Recension<\/a> <\/div><div class=\"visitcol\"><a target=\"_blank\" href=\"https:\/\/gamblingsam.com\/sv\/go\/snabbare\" class=\"visbutton\">Spela<\/a><\/div>\n <\/div>\n<div class=\"termsrow\">\n<small>* 18+ | Spela ansvarsfullt | <a href=\"http:\/\/www.stodlinjen.se\" target=\"_blank\" rel=\"nofollow noopener\">St\u00f6dlinjen.se<\/a> | <a href=\"https:\/\/www.spelpaus.se\" target=\"_blank\" rel=\"nofollow noopener\">Spelpaus.se.se<\/a> | <a href=\"\" target=\"_blank\" rel=\"nofollow noopener\">Regler &amp; villkor g\u00e4ller<\/a><\/small><\/div>\n<div class=\"top-sites-row top-sites-body row-5 \">\n         <div  class=\"casinocol\"><span class=\"rankcir\">5<\/span>\n\t\t <a target=\"_blank\" href=\"https:\/\/gamblingsam.com\/sv\/go\/bethard\">\n\t\t  <img loading=\"lazy\" decoding=\"async\" width=\"150\" height=\"75\" src=\"https:\/\/gamblingsam.com\/sv\/wp-content\/media\/sites\/2\/2020\/04\/bethard.png\" class=\"logocomp wp-post-image\" alt=\"\" \/>\n\t\t\t<\/a>\n\t\t<\/div><div class=\"featcol\"><ul><li>Ambassad\u00f6r: Zlatan <\/li><li> Grymt spelutbud <\/li><li> Bra bonusar<\/li><\/ul>\t<\/div><div class=\"depcol\"><span class=\"hilite\">100% uppt till 500 kr<\/span><\/div><div  class=\"ratecol\"><span class=\"rate cen\"> <span class=\"ratetotal\" style=\"width: 88%\"><\/span><\/span><a href=\"https:\/\/gamblingsam.com\/sv\/spelbolag\/bethard\/\" class=\"revlink\">Recension<\/a> <\/div><div class=\"visitcol\"><a target=\"_blank\" href=\"https:\/\/gamblingsam.com\/sv\/go\/bethard\" class=\"visbutton\">Spela<\/a><\/div>\n <\/div>\n<div class=\"termsrow\">\n<small>* 18+ | Spela ansvarsfullt | <a href=\"http:\/\/www.stodlinjen.se\" target=\"_blank\" rel=\"nofollow noopener\">St\u00f6dlinjen.se<\/a> | <a href=\"https:\/\/www.spelpaus.se\" target=\"_blank\" rel=\"nofollow noopener\">Spelpaus.se.se<\/a> | <a href=\"\" target=\"_blank\" rel=\"nofollow noopener\">Regler &amp; villkor g\u00e4ller<\/a><\/small><\/div><\/div>\n\n\n\n<h2 class=\"wp-block-heading\">LeoVegas \u00e4r nummer 1 i mobilen enligt m\u00e5nga<\/h2>\n\n\n\n<p>LeoVegas \u00e4r ett <a href=\"https:\/\/gamblingsam.com\/sv\/svenska-casinon\">svenskt casino<\/a> som grundades 2012. Genom \u00e5ren har de f\u00e5tt motta flera priser f\u00f6r sitt fenomenala mobilcasino. Bland annat har de vunnit v\u00e4rldens b\u00e4sta mobilcasino flera g\u00e5nger, ett extremt \u00e5tr\u00e5v\u00e4rt pris i branschen. LeoVegas har olika appar f\u00f6r olika kategorier och har snabbast laddningstider i mobilen. Dessutom g\u00f6r navigationen och anv\u00e4ndarv\u00e4nligheten det extremt l\u00e4tt att spela fr\u00e5n en liten sk\u00e4rm. D\u00e4rf\u00f6r \u00e4r vi beredda att h\u00e5lla med s\u00e5v\u00e4l spelare som experter. LeoVegas har v\u00e4rldens b\u00e4sta mobilcasino!<\/p>\n\n\n\n<h3 class=\"wp-block-heading\">App vs mobil webbl\u00e4sare &#8211; vad \u00e4r egentligen b\u00e4st?<\/h3>\n\n\n\n<p>Vissa <a href=\"https:\/\/gamblingsam.com\/sv\/\">online casinon<\/a> har egna appar, andra erbjuder bara casino i mobilen via en webbl\u00e4sare. Det \u00e4r ingen st\u00f6rre skillnad p\u00e5 sj\u00e4lva upplevelsen. D\u00e4remot drar en app n\u00e5got mindre mobildata. Den som \u00e4r sn\u00e5l och beh\u00f6ver spara in p\u00e5 sina GB g\u00f6r d\u00e4rmed b\u00e4st att lira i en app.<\/p>\n\n\n\n<p>Om casinot har en app eller inte s\u00e4ger ocks\u00e5 n\u00e5got om storleken p\u00e5 n\u00e4tcasinot. De st\u00f6rsta och mest etablerade akt\u00f6rerna har olika appar beroende p\u00e5 kategori. D\u00e5 kan du f\u00e5 en app f\u00f6r casino, en f\u00f6r live casino och en f\u00f6r betting. Beroende p\u00e5 vad du f\u00f6redrar f\u00e5r du en app anpassad efter dina behov. Andra spelsidor k\u00f6r en gemensam app f\u00f6r casino, live casino och odds. Vissa skippar en app helt och h\u00e5llet och erbjuder bara spel via mobil webbl\u00e4sare.<\/p>\n\n\n\n<h3 class=\"wp-block-heading\">iPhone vs Android Casino &#8211; vad \u00e4r b\u00e4st f\u00f6r spelarna?<\/h3>\n\n\n\n<p>Det spelar egentligen ingen roll om du spelar p\u00e5 ett iPhone Casino eller Android Casino. Alla casinon p\u00e5 n\u00e4tet \u00e4r kompatibla med b\u00e5de iOS och Android. D\u00e4rf\u00f6r spelar det mindre roll om du har en One+, iPhone, Samsung Galaxy eller en kinatelefon fr\u00e5n Huawei. Du kan spela online casino oavsett vilket.<\/p>\n\n\n\n<p>Detsamma g\u00e4ller om du spelar p\u00e5 en smartphone eller surfplatta. Har du en iPad eller n\u00e5gon annan tabloid ska du l\u00e4tt k\u00f6ra fr\u00e5n den. D\u00e5 \u00e4r sk\u00e4rmen en hel del st\u00f6rre vilket \u00f6kar upplevelsen ytterligare. Samtidigt har du kvar flexibiliteten att kunna ta med casinot vart du \u00e4n ska.<\/p>\n\n\n\n<p>P\u00e5 fr\u00e5gan vad som egentligen \u00e4r b\u00e4st f\u00f6r spelarna av iPhone eller Android casino finns det egentligen inget svar. B\u00e5da fungerar lika utm\u00e4rkt hos casinon p\u00e5 n\u00e4tet. Dock ska det till\u00e4ggas att i b\u00f6rjan av mobilcasinots historia var det Apple som dominerade. D\u00e5 gick det inte ens att spela hos vissa online casinon via Android. Idag ser det som sagt helt annorlunda ut.<\/p>\n\n\n\n<h3 class=\"wp-block-heading\">HTML5-teknologi g\u00f6r att alla spel finns tillg\u00e4ngliga i mobilen<\/h3>\n\n\n\n<p>Idag skapas det inga nya spel som inte \u00e4r kompatibla till mobilen ocks\u00e5. Det \u00e4r gl\u00e4djande f\u00f6r spelarna som d\u00e4rmed inte beh\u00f6ver bli begr\u00e4nsade bara f\u00f6r att de inte har en dator. Med HTML5-teknologi s\u00e5 anpassar sig spelet oberoende av storleken p\u00e5 sk\u00e4rmen. D\u00e4rf\u00f6r f\u00e5r du samma unika k\u00e4nsla oavsett om du spelar via din TV p\u00e5 70 tum eller din iPhone. Alla spel skapas idag med HTML5!<\/p>\n\n\n\n<div class=\"wp-block-image\"><figure class=\"aligncenter size-large\"><img loading=\"lazy\" decoding=\"async\" width=\"1024\" height=\"474\" src=\"https:\/\/gamblingsam.com\/sv\/wp-content\/media\/sites\/2\/2020\/01\/iStock-656362370-Copy-2-1024x474.png\" alt=\"Mobilcasino - Spela casino i mobilen hos Sverigs b\u00e4sta mobilcasinon\" class=\"wp-image-190\" srcset=\"https:\/\/gamblingsam.com\/sv\/wp-content\/media\/sites\/2\/2020\/01\/iStock-656362370-Copy-2-1024x474.png 1024w, https:\/\/gamblingsam.com\/sv\/wp-content\/media\/sites\/2\/2020\/01\/iStock-656362370-Copy-2-300x139.png 300w, https:\/\/gamblingsam.com\/sv\/wp-content\/media\/sites\/2\/2020\/01\/iStock-656362370-Copy-2-768x355.png 768w, https:\/\/gamblingsam.com\/sv\/wp-content\/media\/sites\/2\/2020\/01\/iStock-656362370-Copy-2.png 1332w\" sizes=\"auto, (max-width: 1024px) 100vw, 1024px\" \/><\/figure><\/div>\n\n\n\n<h3 class=\"wp-block-heading\">Mer disciplin kr\u00e4vs av dig med st\u00f6rre tillg\u00e4nglighet<\/h3>\n\n\n\n<p>Ansvarsfullt spelande \u00e4r alltid p\u00e5 tapeten och det med all r\u00e4tt. Att spela ansvarsfullt \u00e4r A och O f\u00f6r att du ska kunna bli en framg\u00e5ngsrik spelare i l\u00e4ngden. Med mobilcasino har du alltid casinot tillg\u00e4ngligt. Det g\u00f6r att du som spelare m\u00e5ste h\u00e5lla disciplinen uppe och spela ansvarsfullt. Med mer l\u00e4ttillg\u00e4nglighet kommer ocks\u00e5 h\u00f6gre risker. Detta m\u00e5ste du som spelar mobilcasino vara medveten om. Spela d\u00e4rf\u00f6r alltid ansvarsfullt f\u00f6r din egen och din omgivnings skull.<\/p>\n","protected":false},"excerpt":{"rendered":"<p>Mobil casino &#8211; Spela casino fr\u00e5n mobilen f\u00f6r en mer flexibel upplevelse Att spelarna v\u00e4ljer casino i mobilen idag \u00e4r inte s\u00e4rskilt konstigt. F\u00e5 saker ger samma flexibilitet som att <a href=\"https:\/\/gamblingsam.com\/sv\/mobilcasino\/\">&#8230;.<\/a><\/p>\n","protected":false},"author":1,"featured_media":0,"parent":0,"menu_order":0,"comment_status":"closed","ping_status":"closed","template":"","meta":{"footnotes":""},"class_list":["post-43","page","type-page","status-publish","hentry"],"yoast_head":"<!-- This site is optimized with the Yoast SEO plugin v27.5 - https:\/\/yoast.com\/product\/yoast-seo-wordpress\/ -->\n<title>Mobilcasino - Spela casino i mobilen hos Sverigs b\u00e4sta mobilcasinon<\/title>\n<meta name=\"description\" content=\"Fler och fler skippar datorn och spelar casino direkt i sin mobiltelefon. Kom in till oss s\u00e5 visar vi Sveriges b\u00e4sta mobilcasinon.\" \/>\n<meta name=\"robots\" content=\"index, follow, max-snippet:-1, max-image-preview:large, max-video-preview:-1\" \/>\n<link rel=\"canonical\" href=\"https:\/\/gamblingsam.com\/sv\/mobilcasino\/\" \/>\n<meta property=\"og:locale\" content=\"sv_SE\" \/>\n<meta property=\"og:type\" content=\"article\" \/>\n<meta property=\"og:title\" content=\"Mobilcasino - Spela casino i mobilen hos Sverigs b\u00e4sta mobilcasinon\" \/>\n<meta property=\"og:description\" content=\"Fler och fler skippar datorn och spelar casino direkt i sin mobiltelefon. Kom in till oss s\u00e5 visar vi Sveriges b\u00e4sta mobilcasinon.\" \/>\n<meta property=\"og:url\" content=\"https:\/\/gamblingsam.com\/sv\/mobilcasino\/\" \/>\n<meta property=\"og:site_name\" content=\"GamblingSam.com\" \/>\n<meta property=\"article:modified_time\" content=\"2021-11-02T11:35:17+00:00\" \/>\n<meta property=\"og:image\" content=\"https:\/\/gamblingsam.com\/sv\/wp-content\/media\/sites\/2\/2020\/01\/iStock-656362370-Copy-2-1024x474.png\" \/>\n<meta name=\"twitter:card\" content=\"summary_large_image\" \/>\n<meta name=\"twitter:label1\" content=\"Ber\u00e4knad l\u00e4stid\" \/>\n\t<meta name=\"twitter:data1\" content=\"4 minuter\" \/>\n<script type=\"application\/ld+json\" class=\"yoast-schema-graph\">{\"@context\":\"https:\\\/\\\/schema.org\",\"@graph\":[{\"@type\":\"WebPage\",\"@id\":\"https:\\\/\\\/gamblingsam.com\\\/sv\\\/mobilcasino\\\/\",\"url\":\"https:\\\/\\\/gamblingsam.com\\\/sv\\\/mobilcasino\\\/\",\"name\":\"Mobilcasino - Spela casino i mobilen hos Sverigs b\u00e4sta mobilcasinon\",\"isPartOf\":{\"@id\":\"https:\\\/\\\/gamblingsam.com\\\/sv\\\/#website\"},\"primaryImageOfPage\":{\"@id\":\"https:\\\/\\\/gamblingsam.com\\\/sv\\\/mobilcasino\\\/#primaryimage\"},\"image\":{\"@id\":\"https:\\\/\\\/gamblingsam.com\\\/sv\\\/mobilcasino\\\/#primaryimage\"},\"thumbnailUrl\":\"https:\\\/\\\/gamblingsam.com\\\/sv\\\/wp-content\\\/media\\\/sites\\\/2\\\/2020\\\/01\\\/iStock-656362370-Copy-2-1024x474.png\",\"datePublished\":\"2019-11-12T16:52:29+00:00\",\"dateModified\":\"2021-11-02T11:35:17+00:00\",\"description\":\"Fler och fler skippar datorn och spelar casino direkt i sin mobiltelefon. Kom in till oss s\u00e5 visar vi Sveriges b\u00e4sta mobilcasinon.\",\"breadcrumb\":{\"@id\":\"https:\\\/\\\/gamblingsam.com\\\/sv\\\/mobilcasino\\\/#breadcrumb\"},\"inLanguage\":\"sv-SE\",\"potentialAction\":[{\"@type\":\"ReadAction\",\"target\":[\"https:\\\/\\\/gamblingsam.com\\\/sv\\\/mobilcasino\\\/\"]}]},{\"@type\":\"ImageObject\",\"inLanguage\":\"sv-SE\",\"@id\":\"https:\\\/\\\/gamblingsam.com\\\/sv\\\/mobilcasino\\\/#primaryimage\",\"url\":\"https:\\\/\\\/gamblingsam.com\\\/sv\\\/wp-content\\\/media\\\/sites\\\/2\\\/2020\\\/01\\\/iStock-656362370-Copy-2.png\",\"contentUrl\":\"https:\\\/\\\/gamblingsam.com\\\/sv\\\/wp-content\\\/media\\\/sites\\\/2\\\/2020\\\/01\\\/iStock-656362370-Copy-2.png\",\"width\":1332,\"height\":616},{\"@type\":\"BreadcrumbList\",\"@id\":\"https:\\\/\\\/gamblingsam.com\\\/sv\\\/mobilcasino\\\/#breadcrumb\",\"itemListElement\":[{\"@type\":\"ListItem\",\"position\":1,\"name\":\"Home\",\"item\":\"https:\\\/\\\/gamblingsam.com\\\/sv\\\/\"},{\"@type\":\"ListItem\",\"position\":2,\"name\":\"Mobilcasino\"}]},{\"@type\":\"WebSite\",\"@id\":\"https:\\\/\\\/gamblingsam.com\\\/sv\\\/#website\",\"url\":\"https:\\\/\\\/gamblingsam.com\\\/sv\\\/\",\"name\":\"GamblingSam.com\",\"description\":\"\",\"potentialAction\":[{\"@type\":\"SearchAction\",\"target\":{\"@type\":\"EntryPoint\",\"urlTemplate\":\"https:\\\/\\\/gamblingsam.com\\\/sv\\\/?s={search_term_string}\"},\"query-input\":{\"@type\":\"PropertyValueSpecification\",\"valueRequired\":true,\"valueName\":\"search_term_string\"}}],\"inLanguage\":\"sv-SE\"}]}<\/script>\n<!-- \/ Yoast SEO plugin. -->","yoast_head_json":{"title":"Mobilcasino - Spela casino i mobilen hos Sverigs b\u00e4sta mobilcasinon","description":"Fler och fler skippar datorn och spelar casino direkt i sin mobiltelefon. Kom in till oss s\u00e5 visar vi Sveriges b\u00e4sta mobilcasinon.","robots":{"index":"index","follow":"follow","max-snippet":"max-snippet:-1","max-image-preview":"max-image-preview:large","max-video-preview":"max-video-preview:-1"},"canonical":"https:\/\/gamblingsam.com\/sv\/mobilcasino\/","og_locale":"sv_SE","og_type":"article","og_title":"Mobilcasino - Spela casino i mobilen hos Sverigs b\u00e4sta mobilcasinon","og_description":"Fler och fler skippar datorn och spelar casino direkt i sin mobiltelefon. Kom in till oss s\u00e5 visar vi Sveriges b\u00e4sta mobilcasinon.","og_url":"https:\/\/gamblingsam.com\/sv\/mobilcasino\/","og_site_name":"GamblingSam.com","article_modified_time":"2021-11-02T11:35:17+00:00","og_image":[{"url":"https:\/\/gamblingsam.com\/sv\/wp-content\/media\/sites\/2\/2020\/01\/iStock-656362370-Copy-2-1024x474.png","type":"","width":"","height":""}],"twitter_card":"summary_large_image","twitter_misc":{"Ber\u00e4knad l\u00e4stid":"4 minuter"},"schema":{"@context":"https:\/\/schema.org","@graph":[{"@type":"WebPage","@id":"https:\/\/gamblingsam.com\/sv\/mobilcasino\/","url":"https:\/\/gamblingsam.com\/sv\/mobilcasino\/","name":"Mobilcasino - Spela casino i mobilen hos Sverigs b\u00e4sta mobilcasinon","isPartOf":{"@id":"https:\/\/gamblingsam.com\/sv\/#website"},"primaryImageOfPage":{"@id":"https:\/\/gamblingsam.com\/sv\/mobilcasino\/#primaryimage"},"image":{"@id":"https:\/\/gamblingsam.com\/sv\/mobilcasino\/#primaryimage"},"thumbnailUrl":"https:\/\/gamblingsam.com\/sv\/wp-content\/media\/sites\/2\/2020\/01\/iStock-656362370-Copy-2-1024x474.png","datePublished":"2019-11-12T16:52:29+00:00","dateModified":"2021-11-02T11:35:17+00:00","description":"Fler och fler skippar datorn och spelar casino direkt i sin mobiltelefon. Kom in till oss s\u00e5 visar vi Sveriges b\u00e4sta mobilcasinon.","breadcrumb":{"@id":"https:\/\/gamblingsam.com\/sv\/mobilcasino\/#breadcrumb"},"inLanguage":"sv-SE","potentialAction":[{"@type":"ReadAction","target":["https:\/\/gamblingsam.com\/sv\/mobilcasino\/"]}]},{"@type":"ImageObject","inLanguage":"sv-SE","@id":"https:\/\/gamblingsam.com\/sv\/mobilcasino\/#primaryimage","url":"https:\/\/gamblingsam.com\/sv\/wp-content\/media\/sites\/2\/2020\/01\/iStock-656362370-Copy-2.png","contentUrl":"https:\/\/gamblingsam.com\/sv\/wp-content\/media\/sites\/2\/2020\/01\/iStock-656362370-Copy-2.png","width":1332,"height":616},{"@type":"BreadcrumbList","@id":"https:\/\/gamblingsam.com\/sv\/mobilcasino\/#breadcrumb","itemListElement":[{"@type":"ListItem","position":1,"name":"Home","item":"https:\/\/gamblingsam.com\/sv\/"},{"@type":"ListItem","position":2,"name":"Mobilcasino"}]},{"@type":"WebSite","@id":"https:\/\/gamblingsam.com\/sv\/#website","url":"https:\/\/gamblingsam.com\/sv\/","name":"GamblingSam.com","description":"","potentialAction":[{"@type":"SearchAction","target":{"@type":"EntryPoint","urlTemplate":"https:\/\/gamblingsam.com\/sv\/?s={search_term_string}"},"query-input":{"@type":"PropertyValueSpecification","valueRequired":true,"valueName":"search_term_string"}}],"inLanguage":"sv-SE"}]}},"_links":{"self":[{"href":"https:\/\/gamblingsam.com\/sv\/wp-json\/wp\/v2\/pages\/43","targetHints":{"allow":["GET"]}}],"collection":[{"href":"https:\/\/gamblingsam.com\/sv\/wp-json\/wp\/v2\/pages"}],"about":[{"href":"https:\/\/gamblingsam.com\/sv\/wp-json\/wp\/v2\/types\/page"}],"author":[{"embeddable":true,"href":"https:\/\/gamblingsam.com\/sv\/wp-json\/wp\/v2\/users\/1"}],"replies":[{"embeddable":true,"href":"https:\/\/gamblingsam.com\/sv\/wp-json\/wp\/v2\/comments?post=43"}],"version-history":[{"count":6,"href":"https:\/\/gamblingsam.com\/sv\/wp-json\/wp\/v2\/pages\/43\/revisions"}],"predecessor-version":[{"id":366,"href":"https:\/\/gamblingsam.com\/sv\/wp-json\/wp\/v2\/pages\/43\/revisions\/366"}],"wp:attachment":[{"href":"https:\/\/gamblingsam.com\/sv\/wp-json\/wp\/v2\/media?parent=43"}],"curies":[{"name":"wp","href":"https:\/\/api.w.org\/{rel}","templated":true}]}}