{"id":50,"date":"2019-11-12T19:34:36","date_gmt":"2019-11-12T19:34:36","guid":{"rendered":"https:\/\/gamblingsam.com\/sv\/?page_id=50"},"modified":"2021-11-02T11:40:00","modified_gmt":"2021-11-02T11:40:00","slug":"microgaming","status":"publish","type":"page","link":"https:\/\/gamblingsam.com\/sv\/microgaming\/","title":{"rendered":"Microgaming"},"content":{"rendered":"\n<h1 class=\"wp-block-heading\">Microgaming &#8211; En gigant till speltillverkare<\/h1>\n\n\n\n<p>Fr\u00e5n Storbritannien kommer Microgaming och n\u00e4r man pratar om rutin kommer speltillverkaren ofta p\u00e5 tals. Den brittiska speltillverkaren grundades redan 1994 och sedan dess har mjukvaruutvecklaren varit en stor del av vardagen f\u00f6r svenska och utl\u00e4ndska spelare. Idag har i princip alla online casinon spel fr\u00e5n Microgaming. N\u00e5gra av de mest k\u00e4nda \u00e4r <a href=\"https:\/\/gamblingsam.com\/sv\/leo-vegas\">LeoVegas<\/a> och Betsson.<\/p>\n\n\n\n<p>Microgaming har flera g\u00e5nger f\u00e5tt ber\u00f6m f\u00f6r att de satsat stort p\u00e5 ansvarsfullt spelande. Bland annat genom konceptet Green Gaming. M\u00e5nga tror att online casinon sj\u00e4lva tillverkar sina egna spel. Men s\u00e5 \u00e4r allts\u00e5 inte fallet vilket Microgaming \u00e4r ett levande bevis p\u00e5. Speltillverkaren \u00e4r 100% fri fr\u00e5n konstigheter och \u00e4r ett av f\u00f6retagen med b\u00e4st rykte i hela branschen.<\/p>\n\n\n\n  <div class=\"top-sites-wrap\">\n\t\t<div class=\"top-sites-row top-sites-heading\"><div class=\"casinocol \">\tCasino<\/div><div class=\"featcol\">F\u00f6rdelar<\/div><div  class=\"depcol\">Bonus<\/div><div  class=\"ratecol\">Betyg<\/div><div class=\"visitcol \">Spela<\/div>\n       <\/div>\n\n<div class=\"top-sites-row top-sites-body row-1 \">\n         <div  class=\"casinocol\"><span class=\"rankcir\">1<\/span>\n\t\t <a target=\"_blank\" href=\"https:\/\/gamblingsam.com\/sv\/go\/casumo\">\n\t\t  <img loading=\"lazy\" decoding=\"async\" width=\"150\" height=\"76\" src=\"https:\/\/gamblingsam.com\/sv\/wp-content\/media\/sites\/2\/2019\/11\/casumo.png\" class=\"logocomp wp-post-image\" alt=\"\" \/>\n\t\t\t<\/a>\n\t\t<\/div><div class=\"featcol\"><ul><li>Grym bonus <\/li><li> BankID <\/li><li> Swish<\/li><\/ul>\t<\/div><div class=\"depcol\"><span class=\"hilite\">500 kr<\/span><\/div><div  class=\"ratecol\"><span class=\"rate cen\"> <span class=\"ratetotal\" style=\"width: 96%\"><\/span><\/span><a href=\"https:\/\/gamblingsam.com\/sv\/spelbolag\/casumo\/\" class=\"revlink\">Recension<\/a> <\/div><div class=\"visitcol\"><a target=\"_blank\" href=\"https:\/\/gamblingsam.com\/sv\/go\/casumo\" class=\"visbutton\">Spela<\/a><\/div>\n <\/div>\n<div class=\"termsrow\">\n<small>* 18+ | Spela ansvarsfullt | <a href=\"http:\/\/www.stodlinjen.se\" target=\"_blank\" rel=\"nofollow noopener\">St\u00f6dlinjen.se<\/a> | <a href=\"https:\/\/www.spelpaus.se\" target=\"_blank\" rel=\"nofollow noopener\">Spelpaus.se.se<\/a> | <a href=\"\" target=\"_blank\" rel=\"nofollow noopener\">Regler &amp; villkor g\u00e4ller<\/a><\/small><\/div>\n<div class=\"top-sites-row top-sites-body row-2 \">\n         <div  class=\"casinocol\"><span class=\"rankcir\">2<\/span>\n\t\t <a target=\"_blank\" href=\"https:\/\/gamblingsam.com\/sv\/go\/mrgreen\">\n\t\t  <img loading=\"lazy\" decoding=\"async\" width=\"300\" height=\"86\" src=\"https:\/\/gamblingsam.com\/sv\/wp-content\/media\/sites\/2\/2019\/12\/mr-green.png\" class=\"logocomp wp-post-image\" alt=\"\" \/>\n\t\t\t<\/a>\n\t\t<\/div><div class=\"featcol\"><ul><li>Bonus + free spins <\/li><li> Gr\u00f6nt spel <\/li><li> Massor med spel<\/li><\/ul>\t<\/div><div class=\"depcol\"><span class=\"hilite\">100% upp till 1000 kr<\/span><\/div><div  class=\"ratecol\"><span class=\"rate cen\"> <span class=\"ratetotal\" style=\"width: 92%\"><\/span><\/span><a href=\"https:\/\/gamblingsam.com\/sv\/spelbolag\/mr-green\/\" class=\"revlink\">Recension<\/a> <\/div><div class=\"visitcol\"><a target=\"_blank\" href=\"https:\/\/gamblingsam.com\/sv\/go\/mrgreen\" class=\"visbutton\">Spela<\/a><\/div>\n <\/div>\n<div class=\"termsrow\">\n<small>* 18+ | Spela ansvarsfullt | <a href=\"http:\/\/www.stodlinjen.se\" target=\"_blank\" rel=\"nofollow noopener\">St\u00f6dlinjen.se<\/a> | <a href=\"https:\/\/www.spelpaus.se\" target=\"_blank\" rel=\"nofollow noopener\">Spelpaus.se.se<\/a> | <a href=\"\" target=\"_blank\" rel=\"nofollow noopener\">Regler &amp; villkor g\u00e4ller<\/a><\/small><\/div>\n<div class=\"top-sites-row top-sites-body row-3 \">\n         <div  class=\"casinocol\"><span class=\"rankcir\">3<\/span>\n\t\t <a target=\"_blank\" href=\"https:\/\/gamblingsam.com\/sv\/go\/betsson\">\n\t\t  <img loading=\"lazy\" decoding=\"async\" width=\"146\" height=\"76\" src=\"https:\/\/gamblingsam.com\/sv\/wp-content\/media\/sites\/2\/2020\/03\/1.jpg\" class=\"logocomp wp-post-image\" alt=\"\" \/>\n\t\t\t<\/a>\n\t\t<\/div><div class=\"featcol\"><ul><li>L\u00e5ng erfarnhet <\/li><li> Bra bonus <\/li><li> Swish & Trustly<\/li><\/ul>\t<\/div><div class=\"depcol\"><span class=\"hilite\">500 kr + 100 free spins<\/span><\/div><div  class=\"ratecol\"><span class=\"rate cen\"> <span class=\"ratetotal\" style=\"width: 94%\"><\/span><\/span><a href=\"https:\/\/gamblingsam.com\/sv\/spelbolag\/betsson\/\" class=\"revlink\">Recension<\/a> <\/div><div class=\"visitcol\"><a target=\"_blank\" href=\"https:\/\/gamblingsam.com\/sv\/go\/betsson\" class=\"visbutton\">Spela<\/a><\/div>\n <\/div>\n<div class=\"termsrow\">\n<small>* 18+ | Spela ansvarsfullt | <a href=\"http:\/\/www.stodlinjen.se\" target=\"_blank\" rel=\"nofollow noopener\">St\u00f6dlinjen.se<\/a> | <a href=\"https:\/\/www.spelpaus.se\" target=\"_blank\" rel=\"nofollow noopener\">Spelpaus.se.se<\/a> | <a href=\"\" target=\"_blank\" rel=\"nofollow noopener\">Regler &amp; villkor g\u00e4ller<\/a><\/small><\/div>\n<div class=\"top-sites-row top-sites-body row-4 \">\n         <div  class=\"casinocol\"><span class=\"rankcir\">4<\/span>\n\t\t <a target=\"_blank\" href=\"https:\/\/gamblingsam.com\/sv\/go\/snabbare\">\n\t\t  <img loading=\"lazy\" decoding=\"async\" width=\"175\" height=\"105\" src=\"https:\/\/gamblingsam.com\/sv\/wp-content\/media\/sites\/2\/2019\/11\/snabbare_trans.png\" class=\"logocomp wp-post-image\" alt=\"\" \/>\n\t\t\t<\/a>\n\t\t<\/div><div class=\"featcol\"><ul><li>Massor med spel <\/li><li> Spela med BankID <\/li><li> Tillh\u00f6r ComeOn<\/li><\/ul>\t<\/div><div class=\"depcol\"><span class=\"hilite\">2000 kr<\/span><\/div><div  class=\"ratecol\"><span class=\"rate cen\"> <span class=\"ratetotal\" style=\"width: 94%\"><\/span><\/span><a href=\"https:\/\/gamblingsam.com\/sv\/spelbolag\/snabbare\/\" class=\"revlink\">Recension<\/a> <\/div><div class=\"visitcol\"><a target=\"_blank\" href=\"https:\/\/gamblingsam.com\/sv\/go\/snabbare\" class=\"visbutton\">Spela<\/a><\/div>\n <\/div>\n<div class=\"termsrow\">\n<small>* 18+ | Spela ansvarsfullt | <a href=\"http:\/\/www.stodlinjen.se\" target=\"_blank\" rel=\"nofollow noopener\">St\u00f6dlinjen.se<\/a> | <a href=\"https:\/\/www.spelpaus.se\" target=\"_blank\" rel=\"nofollow noopener\">Spelpaus.se.se<\/a> | <a href=\"\" target=\"_blank\" rel=\"nofollow noopener\">Regler &amp; villkor g\u00e4ller<\/a><\/small><\/div>\n<div class=\"top-sites-row top-sites-body row-5 \">\n         <div  class=\"casinocol\"><span class=\"rankcir\">5<\/span>\n\t\t <a target=\"_blank\" href=\"https:\/\/gamblingsam.com\/sv\/go\/bethard\">\n\t\t  <img loading=\"lazy\" decoding=\"async\" width=\"150\" height=\"75\" src=\"https:\/\/gamblingsam.com\/sv\/wp-content\/media\/sites\/2\/2020\/04\/bethard.png\" class=\"logocomp wp-post-image\" alt=\"\" \/>\n\t\t\t<\/a>\n\t\t<\/div><div class=\"featcol\"><ul><li>Ambassad\u00f6r: Zlatan <\/li><li> Grymt spelutbud <\/li><li> Bra bonusar<\/li><\/ul>\t<\/div><div class=\"depcol\"><span class=\"hilite\">100% uppt till 500 kr<\/span><\/div><div  class=\"ratecol\"><span class=\"rate cen\"> <span class=\"ratetotal\" style=\"width: 88%\"><\/span><\/span><a href=\"https:\/\/gamblingsam.com\/sv\/spelbolag\/bethard\/\" class=\"revlink\">Recension<\/a> <\/div><div class=\"visitcol\"><a target=\"_blank\" href=\"https:\/\/gamblingsam.com\/sv\/go\/bethard\" class=\"visbutton\">Spela<\/a><\/div>\n <\/div>\n<div class=\"termsrow\">\n<small>* 18+ | Spela ansvarsfullt | <a href=\"http:\/\/www.stodlinjen.se\" target=\"_blank\" rel=\"nofollow noopener\">St\u00f6dlinjen.se<\/a> | <a href=\"https:\/\/www.spelpaus.se\" target=\"_blank\" rel=\"nofollow noopener\">Spelpaus.se.se<\/a> | <a href=\"\" target=\"_blank\" rel=\"nofollow noopener\">Regler &amp; villkor g\u00e4ller<\/a><\/small><\/div><\/div>\n\n\n\n<h2 class=\"wp-block-heading\">Flera licenserade spel s\u00e4ger n\u00e5got om speltillverkarens storlek och rykte<\/h2>\n\n\n\n<p>Tack vare samarbeten med stora f\u00f6retag har Microgaming genom \u00e5ren lanserat v\u00e4rldsk\u00e4nda slots med tema. Bland annat \u00e4r samarbetet med Universal det som g\u00f6r att Microgamings spel sticker ut. Sj\u00e4lva f\u00f6retaget Universal beh\u00f6ver nog ingen st\u00f6rre beskrivning men f\u00f6r den som mot f\u00f6rmodan inte h\u00f6rt talas om f\u00f6retaget \u00e4r det en filmdistribut\u00f6r som ligger i Hollywood.<\/p>\n\n\n\n<p>Det har gjort att n\u00e5gra av titlarna som Microgaming lanserat \u00e4r E.T, Jurassic Park och Grinchen. Ett annat som du kan prova \u00e4r Playboy. Bland annat kan du f\u00e5 live dealers fr\u00e5n Playboy-brudarna. Det ger en en sexig spelupplevelse som helt klart \u00e4r v\u00e4rd att prova. Eftersom Microgaming \u00e4r s\u00e5 pass etablerade fungerar f\u00f6retaget ocks\u00e5 som en s\u00e4kerhetsst\u00e4mpel. Om ett casino har spel fr\u00e5n Microgaming kan du k\u00e4nna dig s\u00e4ker n\u00e4r du spelar. Speltillverkaren skulle aldrig ha ett samarbete med ett oseri\u00f6st casino p\u00e5 n\u00e4tet.<\/p>\n\n\n\n<h3 class=\"wp-block-heading\">Vilka slots har Microgaming skapat?<\/h3>\n\n\n\n<p>Genom \u00e5ren har det blivit flera hundra, n\u00e4rmre tusen, olika spelautomater fr\u00e5n Microgaming. Det g\u00f6r att du minst sagt kan f\u00e5 variation om du snurrar p\u00e5 en slot fr\u00e5n f\u00f6retaget. Bland annat \u00e4r spelautomater fr\u00e5n speltillverkaren k\u00e4nda f\u00f6r att de har m\u00e5nga vinstlinjer. Vissa har 243 vinstlinjer, andra har \u00e4nnu fler. En av v\u00e5ra favoriter bland spelautomaterna \u00e4r Terminator med Arnold Schwarzenegger. Men det finns betydligt fler underh\u00e5llande slots \u00e4n s\u00e5.<\/p>\n\n\n\n<p>Kung Arthur och hans jakt p\u00e5 den heliga graalen \u00e4r en bra id\u00e9. Eller varf\u00f6r inte Jurassic World baserad p\u00e5 den popul\u00e4ra filmen fr\u00e5n Steven Spielberg. Det \u00e4r inte bara filmslots som finns i utbudet men vi p\u00e5 Gambling Sam tycker v\u00e4ldigt mycket om n\u00e4r det finns olika teman p\u00e5 slots.<\/p>\n\n\n\n<h3 class=\"wp-block-heading\">Progressiva jackpottar fr\u00e5n det brittiska f\u00f6retaget har gjort stor succ\u00e9<\/h3>\n\n\n\n<p>Att snurra och f\u00e5 miljoner in p\u00e5 kontot \u00e4r n\u00e5got alla spelare dr\u00f6mmer om. Folk som spelat hos Microgamings progressiva jackpottar har vid flera tillf\u00e4llen blivit miljon\u00e4rer. Faktum \u00e4r att en progressiv jackpott fr\u00e5n Microgaming ocks\u00e5 har rekordet p\u00e5 h\u00f6gsta vinsten genom tiderna. Det var p\u00e5 Mega Moolag och det var en brittisk f\u00f6re detta soldat som vann. \u00d6ver 180 miljoner blev det f\u00f6r Mr Heywood som \u00e4n idag lever gott av sin vinst.<\/p>\n\n\n\n<p>Vi kan ocks\u00e5 rekommendera King Cashalot som har en enorm jackpott den ocks\u00e5. Totalt finns det \u00f6ver \u20ac50 miljoner p\u00e5 de progressiva jackpottarna fr\u00e5n Microgaming. Enorma pengar helt enkelt!<\/p>\n\n\n\n<h3 class=\"wp-block-heading\">Andra spel fr\u00e5n Microgaming &#8211; bordsspel levereras ocks\u00e5<\/h3>\n\n\n\n<p>Det \u00e4r inte bra slots i olika former som finns att njuta av fr\u00e5n Microgaming. <a href=\"https:\/\/gamblingsam.com\/sv\/blackjack\">Blackjack<\/a>, Roulette och Baccarat. Bland annat finns det 11 olika Blackjack-bord med massa olika funktioner. V\u00e4lj mellan tema fr\u00e5n Las Vegas eller Atlantic. N\u00e4r du spelar roulette fr\u00e5n Microgaming rekommenderar vi att du v\u00e4ljer fransk eller europeisk roulette. V\u00e4ljer du amerikansk <a href=\"https:\/\/gamblingsam.com\/sv\/roulette\">roulette<\/a> har du n\u00e5got mindre vinstchans eftersom det finns en extra dubbelnolla som ger huset st\u00f6rre f\u00f6rdel.<\/p>\n\n\n\n<div class=\"wp-block-image\"><figure class=\"aligncenter size-large\"><img loading=\"lazy\" decoding=\"async\" width=\"1024\" height=\"262\" src=\"https:\/\/gamblingsam.com\/sv\/wp-content\/media\/sites\/2\/2020\/01\/Microgaming--1024x262.png\" alt=\"Microgaming - En av v\u00e4rldens st\u00f6rsta speltillverkare\" class=\"wp-image-192\" srcset=\"https:\/\/gamblingsam.com\/sv\/wp-content\/media\/sites\/2\/2020\/01\/Microgaming--1024x262.png 1024w, https:\/\/gamblingsam.com\/sv\/wp-content\/media\/sites\/2\/2020\/01\/Microgaming--300x77.png 300w, https:\/\/gamblingsam.com\/sv\/wp-content\/media\/sites\/2\/2020\/01\/Microgaming--768x197.png 768w, https:\/\/gamblingsam.com\/sv\/wp-content\/media\/sites\/2\/2020\/01\/Microgaming-.png 1382w\" sizes=\"auto, (max-width: 1024px) 100vw, 1024px\" \/><\/figure><\/div>\n\n\n\n<p>Totalt finns det n\u00e4rmre tusen olika varianter av casinospel som Microgaming lanserat genom \u00e5ren. Den brittiska tillverkaren \u00e4r k\u00e4nda f\u00f6r kvalitet samtidigt som det lanseras nya titlar p\u00e5 l\u00f6pande band. Prova ett av spelen idag om du vill vara s\u00e4ker p\u00e5 en bra och rolig spelupplevelse.<\/p>\n\n\n\n<h3 class=\"wp-block-heading\">Microgaming har live casino f\u00f6r en mer autentisk spelupplevelse<\/h3>\n\n\n\n<p>Till sist vill vi lyfta fram Microgamings live casino. D\u00e4r st\u00e4lls du mot en riktig dealer och f\u00e5r s\u00e5ledes ut en betydligt mer verklig spelupplevelse Microgaming kanske inte \u00e4r lika dominanta p\u00e5 live <a href=\"https:\/\/gamblingsam.com\/sv\/\">casino<\/a> som Evolution Gaming. Samtidigt h\u00e5ller spelen fortfarande en v\u00e4ldigt h\u00f6g niv\u00e5 oavsett vad du v\u00e4ljer f\u00f6r spel. Prova live casinot till Microgaming f\u00f6r en avkopplande men sp\u00e4nnande stund.<\/p>\n","protected":false},"excerpt":{"rendered":"<p>Microgaming &#8211; En gigant till speltillverkare Fr\u00e5n Storbritannien kommer Microgaming och n\u00e4r man pratar om rutin kommer speltillverkaren ofta p\u00e5 tals. Den brittiska speltillverkaren grundades redan 1994 och sedan dess <a href=\"https:\/\/gamblingsam.com\/sv\/microgaming\/\">&#8230;.<\/a><\/p>\n","protected":false},"author":1,"featured_media":0,"parent":0,"menu_order":0,"comment_status":"closed","ping_status":"closed","template":"","meta":{"footnotes":""},"class_list":["post-50","page","type-page","status-publish","hentry"],"yoast_head":"<!-- This site is optimized with the Yoast SEO plugin v27.5 - https:\/\/yoast.com\/product\/yoast-seo-wordpress\/ -->\n<title>Microgaming - En av v\u00e4rldens st\u00f6rsta speltillverkare<\/title>\n<meta name=\"description\" content=\"Microgaming \u00e4r en av de absolut st\u00f6rsta speltillverkarna n\u00e4r det kommer till casinospel. Denna j\u00e4tte ligger bakom spel som Mega Moolah &amp; Mega Millions.\" \/>\n<meta name=\"robots\" content=\"index, follow, max-snippet:-1, max-image-preview:large, max-video-preview:-1\" \/>\n<link rel=\"canonical\" href=\"https:\/\/gamblingsam.com\/sv\/microgaming\/\" \/>\n<meta property=\"og:locale\" content=\"sv_SE\" \/>\n<meta property=\"og:type\" content=\"article\" \/>\n<meta property=\"og:title\" content=\"Microgaming - En av v\u00e4rldens st\u00f6rsta speltillverkare\" \/>\n<meta property=\"og:description\" content=\"Microgaming \u00e4r en av de absolut st\u00f6rsta speltillverkarna n\u00e4r det kommer till casinospel. Denna j\u00e4tte ligger bakom spel som Mega Moolah &amp; Mega Millions.\" \/>\n<meta property=\"og:url\" content=\"https:\/\/gamblingsam.com\/sv\/microgaming\/\" \/>\n<meta property=\"og:site_name\" content=\"GamblingSam.com\" \/>\n<meta property=\"article:modified_time\" content=\"2021-11-02T11:40:00+00:00\" \/>\n<meta property=\"og:image\" content=\"https:\/\/gamblingsam.com\/sv\/wp-content\/media\/sites\/2\/2020\/01\/Microgaming--1024x262.png\" \/>\n<meta name=\"twitter:card\" content=\"summary_large_image\" \/>\n<meta name=\"twitter:label1\" content=\"Ber\u00e4knad l\u00e4stid\" \/>\n\t<meta name=\"twitter:data1\" content=\"4 minuter\" \/>\n<script type=\"application\/ld+json\" class=\"yoast-schema-graph\">{\"@context\":\"https:\\\/\\\/schema.org\",\"@graph\":[{\"@type\":\"WebPage\",\"@id\":\"https:\\\/\\\/gamblingsam.com\\\/sv\\\/microgaming\\\/\",\"url\":\"https:\\\/\\\/gamblingsam.com\\\/sv\\\/microgaming\\\/\",\"name\":\"Microgaming - En av v\u00e4rldens st\u00f6rsta speltillverkare\",\"isPartOf\":{\"@id\":\"https:\\\/\\\/gamblingsam.com\\\/sv\\\/#website\"},\"primaryImageOfPage\":{\"@id\":\"https:\\\/\\\/gamblingsam.com\\\/sv\\\/microgaming\\\/#primaryimage\"},\"image\":{\"@id\":\"https:\\\/\\\/gamblingsam.com\\\/sv\\\/microgaming\\\/#primaryimage\"},\"thumbnailUrl\":\"https:\\\/\\\/gamblingsam.com\\\/sv\\\/wp-content\\\/media\\\/sites\\\/2\\\/2020\\\/01\\\/Microgaming--1024x262.png\",\"datePublished\":\"2019-11-12T19:34:36+00:00\",\"dateModified\":\"2021-11-02T11:40:00+00:00\",\"description\":\"Microgaming \u00e4r en av de absolut st\u00f6rsta speltillverkarna n\u00e4r det kommer till casinospel. Denna j\u00e4tte ligger bakom spel som Mega Moolah & Mega Millions.\",\"breadcrumb\":{\"@id\":\"https:\\\/\\\/gamblingsam.com\\\/sv\\\/microgaming\\\/#breadcrumb\"},\"inLanguage\":\"sv-SE\",\"potentialAction\":[{\"@type\":\"ReadAction\",\"target\":[\"https:\\\/\\\/gamblingsam.com\\\/sv\\\/microgaming\\\/\"]}]},{\"@type\":\"ImageObject\",\"inLanguage\":\"sv-SE\",\"@id\":\"https:\\\/\\\/gamblingsam.com\\\/sv\\\/microgaming\\\/#primaryimage\",\"url\":\"https:\\\/\\\/gamblingsam.com\\\/sv\\\/wp-content\\\/media\\\/sites\\\/2\\\/2020\\\/01\\\/Microgaming-.png\",\"contentUrl\":\"https:\\\/\\\/gamblingsam.com\\\/sv\\\/wp-content\\\/media\\\/sites\\\/2\\\/2020\\\/01\\\/Microgaming-.png\",\"width\":1382,\"height\":354},{\"@type\":\"BreadcrumbList\",\"@id\":\"https:\\\/\\\/gamblingsam.com\\\/sv\\\/microgaming\\\/#breadcrumb\",\"itemListElement\":[{\"@type\":\"ListItem\",\"position\":1,\"name\":\"Home\",\"item\":\"https:\\\/\\\/gamblingsam.com\\\/sv\\\/\"},{\"@type\":\"ListItem\",\"position\":2,\"name\":\"Microgaming\"}]},{\"@type\":\"WebSite\",\"@id\":\"https:\\\/\\\/gamblingsam.com\\\/sv\\\/#website\",\"url\":\"https:\\\/\\\/gamblingsam.com\\\/sv\\\/\",\"name\":\"GamblingSam.com\",\"description\":\"\",\"potentialAction\":[{\"@type\":\"SearchAction\",\"target\":{\"@type\":\"EntryPoint\",\"urlTemplate\":\"https:\\\/\\\/gamblingsam.com\\\/sv\\\/?s={search_term_string}\"},\"query-input\":{\"@type\":\"PropertyValueSpecification\",\"valueRequired\":true,\"valueName\":\"search_term_string\"}}],\"inLanguage\":\"sv-SE\"}]}<\/script>\n<!-- \/ Yoast SEO plugin. -->","yoast_head_json":{"title":"Microgaming - En av v\u00e4rldens st\u00f6rsta speltillverkare","description":"Microgaming \u00e4r en av de absolut st\u00f6rsta speltillverkarna n\u00e4r det kommer till casinospel. Denna j\u00e4tte ligger bakom spel som Mega Moolah & Mega Millions.","robots":{"index":"index","follow":"follow","max-snippet":"max-snippet:-1","max-image-preview":"max-image-preview:large","max-video-preview":"max-video-preview:-1"},"canonical":"https:\/\/gamblingsam.com\/sv\/microgaming\/","og_locale":"sv_SE","og_type":"article","og_title":"Microgaming - En av v\u00e4rldens st\u00f6rsta speltillverkare","og_description":"Microgaming \u00e4r en av de absolut st\u00f6rsta speltillverkarna n\u00e4r det kommer till casinospel. Denna j\u00e4tte ligger bakom spel som Mega Moolah & Mega Millions.","og_url":"https:\/\/gamblingsam.com\/sv\/microgaming\/","og_site_name":"GamblingSam.com","article_modified_time":"2021-11-02T11:40:00+00:00","og_image":[{"url":"https:\/\/gamblingsam.com\/sv\/wp-content\/media\/sites\/2\/2020\/01\/Microgaming--1024x262.png","type":"","width":"","height":""}],"twitter_card":"summary_large_image","twitter_misc":{"Ber\u00e4knad l\u00e4stid":"4 minuter"},"schema":{"@context":"https:\/\/schema.org","@graph":[{"@type":"WebPage","@id":"https:\/\/gamblingsam.com\/sv\/microgaming\/","url":"https:\/\/gamblingsam.com\/sv\/microgaming\/","name":"Microgaming - En av v\u00e4rldens st\u00f6rsta speltillverkare","isPartOf":{"@id":"https:\/\/gamblingsam.com\/sv\/#website"},"primaryImageOfPage":{"@id":"https:\/\/gamblingsam.com\/sv\/microgaming\/#primaryimage"},"image":{"@id":"https:\/\/gamblingsam.com\/sv\/microgaming\/#primaryimage"},"thumbnailUrl":"https:\/\/gamblingsam.com\/sv\/wp-content\/media\/sites\/2\/2020\/01\/Microgaming--1024x262.png","datePublished":"2019-11-12T19:34:36+00:00","dateModified":"2021-11-02T11:40:00+00:00","description":"Microgaming \u00e4r en av de absolut st\u00f6rsta speltillverkarna n\u00e4r det kommer till casinospel. Denna j\u00e4tte ligger bakom spel som Mega Moolah & Mega Millions.","breadcrumb":{"@id":"https:\/\/gamblingsam.com\/sv\/microgaming\/#breadcrumb"},"inLanguage":"sv-SE","potentialAction":[{"@type":"ReadAction","target":["https:\/\/gamblingsam.com\/sv\/microgaming\/"]}]},{"@type":"ImageObject","inLanguage":"sv-SE","@id":"https:\/\/gamblingsam.com\/sv\/microgaming\/#primaryimage","url":"https:\/\/gamblingsam.com\/sv\/wp-content\/media\/sites\/2\/2020\/01\/Microgaming-.png","contentUrl":"https:\/\/gamblingsam.com\/sv\/wp-content\/media\/sites\/2\/2020\/01\/Microgaming-.png","width":1382,"height":354},{"@type":"BreadcrumbList","@id":"https:\/\/gamblingsam.com\/sv\/microgaming\/#breadcrumb","itemListElement":[{"@type":"ListItem","position":1,"name":"Home","item":"https:\/\/gamblingsam.com\/sv\/"},{"@type":"ListItem","position":2,"name":"Microgaming"}]},{"@type":"WebSite","@id":"https:\/\/gamblingsam.com\/sv\/#website","url":"https:\/\/gamblingsam.com\/sv\/","name":"GamblingSam.com","description":"","potentialAction":[{"@type":"SearchAction","target":{"@type":"EntryPoint","urlTemplate":"https:\/\/gamblingsam.com\/sv\/?s={search_term_string}"},"query-input":{"@type":"PropertyValueSpecification","valueRequired":true,"valueName":"search_term_string"}}],"inLanguage":"sv-SE"}]}},"_links":{"self":[{"href":"https:\/\/gamblingsam.com\/sv\/wp-json\/wp\/v2\/pages\/50","targetHints":{"allow":["GET"]}}],"collection":[{"href":"https:\/\/gamblingsam.com\/sv\/wp-json\/wp\/v2\/pages"}],"about":[{"href":"https:\/\/gamblingsam.com\/sv\/wp-json\/wp\/v2\/types\/page"}],"author":[{"embeddable":true,"href":"https:\/\/gamblingsam.com\/sv\/wp-json\/wp\/v2\/users\/1"}],"replies":[{"embeddable":true,"href":"https:\/\/gamblingsam.com\/sv\/wp-json\/wp\/v2\/comments?post=50"}],"version-history":[{"count":5,"href":"https:\/\/gamblingsam.com\/sv\/wp-json\/wp\/v2\/pages\/50\/revisions"}],"predecessor-version":[{"id":373,"href":"https:\/\/gamblingsam.com\/sv\/wp-json\/wp\/v2\/pages\/50\/revisions\/373"}],"wp:attachment":[{"href":"https:\/\/gamblingsam.com\/sv\/wp-json\/wp\/v2\/media?parent=50"}],"curies":[{"name":"wp","href":"https:\/\/api.w.org\/{rel}","templated":true}]}}