{"id":8,"date":"2019-11-11T12:48:29","date_gmt":"2019-11-11T12:48:29","guid":{"rendered":"https:\/\/gamblingsam.com\/sv\/?page_id=8"},"modified":"2022-03-13T12:13:08","modified_gmt":"2022-03-13T12:13:08","slug":"casino-bonus","status":"publish","type":"page","link":"https:\/\/gamblingsam.com\/sv\/casino-bonus\/","title":{"rendered":"Casino bonus"},"content":{"rendered":"\n<h1 class=\"wp-block-heading\">Casino bonus &#8211; Med en v\u00e4lkomstbonus \u00e4r dr\u00f6mstarten ett faktum<\/h1>\n\n\n\n<p>En stor del av kulturen kring casinon p\u00e5 n\u00e4tet handlar om casino bonus och dess olika varianter. N\u00e4r du blir ny medlem hos ett n\u00e4tcasino kan du som regel ta emot en casino bonus. Inte alla erbjuder en bonus men majoriteten g\u00f6r det. Idag \u00e4r det till\u00e5tet att emot en bonus per spelare och licens. Det har gjort att svenska licenstagare satsar stort p\u00e5 att erbjuda en lukrativ v\u00e4lkomstbonus. Hitta en bonus som passar dig och f\u00e5 ut mer av ditt spelande. Mer casino f\u00f6r pengarna helt enkelt!<\/p>\n\n\n\n  <div class=\"top-sites-wrap\">\n\t\t<div class=\"top-sites-row top-sites-heading\"><div class=\"casinocol \">\tCasino<\/div><div class=\"featcol\">F\u00f6rdelar<\/div><div  class=\"depcol\">Bonus<\/div><div  class=\"ratecol\">Betyg<\/div><div class=\"visitcol \">Spela<\/div>\n       <\/div>\n\n<div class=\"top-sites-row top-sites-body row-1 \">\n         <div  class=\"casinocol\"><span class=\"rankcir\">1<\/span>\n\t\t <a target=\"_blank\" href=\"https:\/\/gamblingsam.com\/sv\/go\/casumo\">\n\t\t  <img loading=\"lazy\" decoding=\"async\" width=\"150\" height=\"76\" src=\"https:\/\/gamblingsam.com\/sv\/wp-content\/media\/sites\/2\/2019\/11\/casumo.png\" class=\"logocomp wp-post-image\" alt=\"\" \/>\n\t\t\t<\/a>\n\t\t<\/div><div class=\"featcol\"><ul><li>Grym bonus <\/li><li> BankID <\/li><li> Swish<\/li><\/ul>\t<\/div><div class=\"depcol\"><span class=\"hilite\">500 kr<\/span><\/div><div  class=\"ratecol\"><span class=\"rate cen\"> <span class=\"ratetotal\" style=\"width: 96%\"><\/span><\/span><a href=\"https:\/\/gamblingsam.com\/sv\/spelbolag\/casumo\/\" class=\"revlink\">Recension<\/a> <\/div><div class=\"visitcol\"><a target=\"_blank\" href=\"https:\/\/gamblingsam.com\/sv\/go\/casumo\" class=\"visbutton\">Spela<\/a><\/div>\n <\/div>\n<div class=\"termsrow\">\n<small>* 18+ | Spela ansvarsfullt | <a href=\"http:\/\/www.stodlinjen.se\" target=\"_blank\" rel=\"nofollow noopener\">St\u00f6dlinjen.se<\/a> | <a href=\"https:\/\/www.spelpaus.se\" target=\"_blank\" rel=\"nofollow noopener\">Spelpaus.se.se<\/a> | <a href=\"\" target=\"_blank\" rel=\"nofollow noopener\">Regler &amp; villkor g\u00e4ller<\/a><\/small><\/div>\n<div class=\"top-sites-row top-sites-body row-2 \">\n         <div  class=\"casinocol\"><span class=\"rankcir\">2<\/span>\n\t\t <a target=\"_blank\" href=\"https:\/\/gamblingsam.com\/sv\/go\/mrgreen\">\n\t\t  <img loading=\"lazy\" decoding=\"async\" width=\"300\" height=\"86\" src=\"https:\/\/gamblingsam.com\/sv\/wp-content\/media\/sites\/2\/2019\/12\/mr-green.png\" class=\"logocomp wp-post-image\" alt=\"\" \/>\n\t\t\t<\/a>\n\t\t<\/div><div class=\"featcol\"><ul><li>Bonus + free spins <\/li><li> Gr\u00f6nt spel <\/li><li> Massor med spel<\/li><\/ul>\t<\/div><div class=\"depcol\"><span class=\"hilite\">100% upp till 1000 kr<\/span><\/div><div  class=\"ratecol\"><span class=\"rate cen\"> <span class=\"ratetotal\" style=\"width: 92%\"><\/span><\/span><a href=\"https:\/\/gamblingsam.com\/sv\/spelbolag\/mr-green\/\" class=\"revlink\">Recension<\/a> <\/div><div class=\"visitcol\"><a target=\"_blank\" href=\"https:\/\/gamblingsam.com\/sv\/go\/mrgreen\" class=\"visbutton\">Spela<\/a><\/div>\n <\/div>\n<div class=\"termsrow\">\n<small>* 18+ | Spela ansvarsfullt | <a href=\"http:\/\/www.stodlinjen.se\" target=\"_blank\" rel=\"nofollow noopener\">St\u00f6dlinjen.se<\/a> | <a href=\"https:\/\/www.spelpaus.se\" target=\"_blank\" rel=\"nofollow noopener\">Spelpaus.se.se<\/a> | <a href=\"\" target=\"_blank\" rel=\"nofollow noopener\">Regler &amp; villkor g\u00e4ller<\/a><\/small><\/div>\n<div class=\"top-sites-row top-sites-body row-3 \">\n         <div  class=\"casinocol\"><span class=\"rankcir\">3<\/span>\n\t\t <a target=\"_blank\" href=\"https:\/\/gamblingsam.com\/sv\/go\/betsson\">\n\t\t  <img loading=\"lazy\" decoding=\"async\" width=\"146\" height=\"76\" src=\"https:\/\/gamblingsam.com\/sv\/wp-content\/media\/sites\/2\/2020\/03\/1.jpg\" class=\"logocomp wp-post-image\" alt=\"\" \/>\n\t\t\t<\/a>\n\t\t<\/div><div class=\"featcol\"><ul><li>L\u00e5ng erfarnhet <\/li><li> Bra bonus <\/li><li> Swish & Trustly<\/li><\/ul>\t<\/div><div class=\"depcol\"><span class=\"hilite\">500 kr + 100 free spins<\/span><\/div><div  class=\"ratecol\"><span class=\"rate cen\"> <span class=\"ratetotal\" style=\"width: 94%\"><\/span><\/span><a href=\"https:\/\/gamblingsam.com\/sv\/spelbolag\/betsson\/\" class=\"revlink\">Recension<\/a> <\/div><div class=\"visitcol\"><a target=\"_blank\" href=\"https:\/\/gamblingsam.com\/sv\/go\/betsson\" class=\"visbutton\">Spela<\/a><\/div>\n <\/div>\n<div class=\"termsrow\">\n<small>* 18+ | Spela ansvarsfullt | <a href=\"http:\/\/www.stodlinjen.se\" target=\"_blank\" rel=\"nofollow noopener\">St\u00f6dlinjen.se<\/a> | <a href=\"https:\/\/www.spelpaus.se\" target=\"_blank\" rel=\"nofollow noopener\">Spelpaus.se.se<\/a> | <a href=\"\" target=\"_blank\" rel=\"nofollow noopener\">Regler &amp; villkor g\u00e4ller<\/a><\/small><\/div>\n<div class=\"top-sites-row top-sites-body row-4 \">\n         <div  class=\"casinocol\"><span class=\"rankcir\">4<\/span>\n\t\t <a target=\"_blank\" href=\"https:\/\/gamblingsam.com\/sv\/go\/snabbare\">\n\t\t  <img loading=\"lazy\" decoding=\"async\" width=\"175\" height=\"105\" src=\"https:\/\/gamblingsam.com\/sv\/wp-content\/media\/sites\/2\/2019\/11\/snabbare_trans.png\" class=\"logocomp wp-post-image\" alt=\"\" \/>\n\t\t\t<\/a>\n\t\t<\/div><div class=\"featcol\"><ul><li>Massor med spel <\/li><li> Spela med BankID <\/li><li> Tillh\u00f6r ComeOn<\/li><\/ul>\t<\/div><div class=\"depcol\"><span class=\"hilite\">2000 kr<\/span><\/div><div  class=\"ratecol\"><span class=\"rate cen\"> <span class=\"ratetotal\" style=\"width: 94%\"><\/span><\/span><a href=\"https:\/\/gamblingsam.com\/sv\/spelbolag\/snabbare\/\" class=\"revlink\">Recension<\/a> <\/div><div class=\"visitcol\"><a target=\"_blank\" href=\"https:\/\/gamblingsam.com\/sv\/go\/snabbare\" class=\"visbutton\">Spela<\/a><\/div>\n <\/div>\n<div class=\"termsrow\">\n<small>* 18+ | Spela ansvarsfullt | <a href=\"http:\/\/www.stodlinjen.se\" target=\"_blank\" rel=\"nofollow noopener\">St\u00f6dlinjen.se<\/a> | <a href=\"https:\/\/www.spelpaus.se\" target=\"_blank\" rel=\"nofollow noopener\">Spelpaus.se.se<\/a> | <a href=\"\" target=\"_blank\" rel=\"nofollow noopener\">Regler &amp; villkor g\u00e4ller<\/a><\/small><\/div>\n<div class=\"top-sites-row top-sites-body row-5 \">\n         <div  class=\"casinocol\"><span class=\"rankcir\">5<\/span>\n\t\t <a target=\"_blank\" href=\"https:\/\/gamblingsam.com\/sv\/go\/bethard\">\n\t\t  <img loading=\"lazy\" decoding=\"async\" width=\"150\" height=\"75\" src=\"https:\/\/gamblingsam.com\/sv\/wp-content\/media\/sites\/2\/2020\/04\/bethard.png\" class=\"logocomp wp-post-image\" alt=\"\" \/>\n\t\t\t<\/a>\n\t\t<\/div><div class=\"featcol\"><ul><li>Ambassad\u00f6r: Zlatan <\/li><li> Grymt spelutbud <\/li><li> Bra bonusar<\/li><\/ul>\t<\/div><div class=\"depcol\"><span class=\"hilite\">100% uppt till 500 kr<\/span><\/div><div  class=\"ratecol\"><span class=\"rate cen\"> <span class=\"ratetotal\" style=\"width: 88%\"><\/span><\/span><a href=\"https:\/\/gamblingsam.com\/sv\/spelbolag\/bethard\/\" class=\"revlink\">Recension<\/a> <\/div><div class=\"visitcol\"><a target=\"_blank\" href=\"https:\/\/gamblingsam.com\/sv\/go\/bethard\" class=\"visbutton\">Spela<\/a><\/div>\n <\/div>\n<div class=\"termsrow\">\n<small>* 18+ | Spela ansvarsfullt | <a href=\"http:\/\/www.stodlinjen.se\" target=\"_blank\" rel=\"nofollow noopener\">St\u00f6dlinjen.se<\/a> | <a href=\"https:\/\/www.spelpaus.se\" target=\"_blank\" rel=\"nofollow noopener\">Spelpaus.se.se<\/a> | <a href=\"\" target=\"_blank\" rel=\"nofollow noopener\">Regler &amp; villkor g\u00e4ller<\/a><\/small><\/div><\/div>\n\n\n\n<h2 class=\"wp-block-heading\">Varf\u00f6r ska jag ta emot en casino bonus?<\/h2>\n\n\n\n<p>Med en casino bonus minskar risken avsev\u00e4rt. N\u00e4r du inte beh\u00f6ver spela f\u00f6r dina egna pengar \u00e4r det casinots pengar du anv\u00e4nder. Samtidigt har du kvar chansen att vinna riktiga pengar. Spelarna f\u00e5r ut mer av sitt spelande med en bonus samtidigt som casinot har chans till nya l\u00e5ngsiktiga kunder. Resultatet blir en \u201dperfect match\u201d d\u00e4r spelarna kan v\u00e4lja och vraka bland hundratals olika bonusar. Exakt hur en bonus ser ut varierar fr\u00e5n casino till <a href=\"https:\/\/gamblingsam.com\/sv\/\">casino<\/a>. Ett tips \u00e4r d\u00e4rf\u00f6r att kolla igenom regler och villkor s\u00e5som oms\u00e4ttningskrav. D\u00e5 har du full \u00f6verblick p\u00e5 vad det \u00e4r som g\u00e4ller i alla l\u00e4gen.<\/p>\n\n\n\n<h3 class=\"wp-block-heading\">Vilka casino bonusar finns det egentligen?<\/h3>\n\n\n\n<p>Det finns m\u00e5nga olika casino bonusar idag. Vi har listat de mest popul\u00e4ra p\u00e5 den svenska marknaden just nu.<\/p>\n\n\n\n<h3 class=\"wp-block-heading\">Ins\u00e4ttningsbonus \u00e4r klassisk<\/h3>\n\n\n\n<p>Inneb\u00e4r att online casinot matchar din f\u00f6rsta ins\u00e4ttning. Till exempel kan en bonus vara 100% upp till 3000 kronor. G\u00f6r du d\u00e5 en ins\u00e4ttning p\u00e5 3000 kronor f\u00e5r du totalt 6000 kronor att spela f\u00f6r. En ins\u00e4ttningsbonus \u00e4r den vanligaste typen av <a href=\"https:\/\/xn--vlkomstbonusar-5hb.com\/\">v\u00e4lkomstbonus som finns hos online casinon<\/a> idag. Som regel brukar det tillkomma oms\u00e4ttningskrav n\u00e4r du tar emot en ins\u00e4ttningsbonus. Dock har dessa blivit avsev\u00e4rt mycket l\u00e4gre hos flertalet casinon sedan svensk licens inf\u00f6rdes. Vissa online casinon har till och med tagit bort oms\u00e4ttningskraven helt.<\/p>\n\n\n\n<h3 class=\"wp-block-heading\">Free spins &#8211; Kanske den mest popul\u00e4ra bonusen av de alla<\/h3>\n\n\n\n<p>Att snurra gratis p\u00e5 en slot samtidigt som man har chans att vinna p\u00e5 varje snurr \u00e4r anledningen till att free spins \u00e4r s\u00e5 popul\u00e4ra. Om det \u00e4r n\u00e5got spelare till n\u00e4tcasinon tycker om \u00e4r det free spins. Vissa online casinon erbjuder free spins utan ins\u00e4ttning, andra erbjuder cash spins &#8211; free spins utan oms\u00e4ttningskrav. Det finns ocks\u00e5 super spins som \u00e4r free spins fast med ett h\u00f6gre myntv\u00e4rde. <a href=\"https:\/\/gamblingsam.com\/sv\/free-spins\">Free spins<\/a> i n\u00e5gon form \u00e4r kanske den vanligaste delen av en casino bonus i Sverige och utomlands.<\/p>\n\n\n\n<h3 class=\"wp-block-heading\">Cashback &#8211; En underskattad bonus f\u00f6r den l\u00e5ngsiktiga<\/h3>\n\n\n\n<p>Att f\u00e5 cashback \u00e4r v\u00e4ldigt uppskattat. Vissa tycker att bonusen \u00e4r n\u00e5got tr\u00e5kigt men i l\u00e4ngden \u00e4r det v\u00e4ldigt bra med cashback. Det inneb\u00e4r n\u00e4mligen att du f\u00e5r tillbaka en viss procent p\u00e5 dina f\u00f6rluster. Till exempel om online casinot erbjuder 25% cashback f\u00e5r du tillbaka 250 kronor om du skulle spela bort 1000 kronor. Ibland \u00e4r det som rena bonuspengar, ibland oms\u00e4ttningsfria cash. Det beror p\u00e5 vilket casino du v\u00e4ljer men det sistn\u00e4mnda \u00e4r givetvis att f\u00f6redra.<\/p>\n\n\n\n<h3 class=\"wp-block-heading\">Reload bonus &#8211; Inte till\u00e5tet i Sverige l\u00e4ngre<\/h3>\n\n\n\n<p>En bonus som var mycket popul\u00e4r f\u00f6rr \u00e4r reload bonus. Det fungerar som en ins\u00e4ttningsbonus men sker p\u00e5 din andra, tredje och fj\u00e4rde ins\u00e4ttning etc. N\u00e4r svensk licens inf\u00f6rdes blev det endast till\u00e5tet med en bonus per spelare och licens. D\u00e4rf\u00f6r \u00e4r reload bonusar inte m\u00f6jliga l\u00e4ngre. D\u00e4remot finns det m\u00e5nga andra bonusar att v\u00e4lja mellan som du garanterat kommer uppskatta.<\/p>\n\n\n\n<h3 class=\"wp-block-heading\">Ha koll p\u00e5 oms\u00e4ttningskraven<\/h3>\n\n\n\n<p>Att det tillkommer oms\u00e4ttningskrav till en bonus har vi full f\u00f6rst\u00e5else f\u00f6r. D\u00e4remot ska du aldrig ta emot en bonus med f\u00f6r h\u00f6ga oms\u00e4ttningskrav. D\u00e5 \u00e4r chansen att f\u00e5 ut dina vinster minimal. En tumregel \u00e4r att aldrig ta emot en bonus d\u00e4r bonussumman beh\u00f6ver oms\u00e4ttas mer \u00e4n 35 g\u00e5nger.<\/p>\n\n\n\n<div class=\"wp-block-image\"><figure class=\"aligncenter size-large is-resized\"><img decoding=\"async\" src=\"https:\/\/gamblingsam.com\/sv\/wp-content\/media\/sites\/2\/2020\/01\/SEK-1024x503.png\" alt=\"Casino bonus - Med en v\u00e4lkomstbonus \u00e4r dr\u00f6mstarten ett faktum\" class=\"wp-image-207\" width=\"999\" srcset=\"https:\/\/gamblingsam.com\/sv\/wp-content\/media\/sites\/2\/2020\/01\/SEK-1024x503.png 1024w, https:\/\/gamblingsam.com\/sv\/wp-content\/media\/sites\/2\/2020\/01\/SEK-300x147.png 300w, https:\/\/gamblingsam.com\/sv\/wp-content\/media\/sites\/2\/2020\/01\/SEK-768x377.png 768w, https:\/\/gamblingsam.com\/sv\/wp-content\/media\/sites\/2\/2020\/01\/SEK.png 1330w\" sizes=\"(max-width: 1024px) 100vw, 1024px\" \/><\/figure><\/div>\n\n\n\n<h3 class=\"wp-block-heading\">Bonusar utan oms\u00e4ttningskrav \u00e4r \u00e4nnu b\u00e4ttre<\/h3>\n\n\n\n<p>Vissa erbjuder oms\u00e4ttningsfria bonusar och free spins utan krav p\u00e5 oms\u00e4ttning. F\u00f6rdelen d\u00e5 \u00e4r att alla vinster \u00e4r uttagbara p\u00e5 direkten. D\u00e5 beh\u00f6ver du inte spela f\u00f6r dina vinster och riskera att tappa dem p\u00e5 grund av h\u00f6ga oms\u00e4ttningskrav. Ist\u00e4llet \u00e4r alla pengar alltid p\u00e5 ditt konto p\u00e5 n\u00e5gra minuter s\u00e5 l\u00e4nge du v\u00e4ljer ett casino som har Trustly som betalningsmetod. Bonusar utan oms\u00e4ttningskrav \u00e4r utan tvekan v\u00e5r favorit n\u00e4r det kommer till en casino bonus. <\/p>\n","protected":false},"excerpt":{"rendered":"<p>Casino bonus &#8211; Med en v\u00e4lkomstbonus \u00e4r dr\u00f6mstarten ett faktum En stor del av kulturen kring casinon p\u00e5 n\u00e4tet handlar om casino bonus och dess olika varianter. N\u00e4r du blir <a href=\"https:\/\/gamblingsam.com\/sv\/casino-bonus\/\">&#8230;.<\/a><\/p>\n","protected":false},"author":1,"featured_media":0,"parent":0,"menu_order":0,"comment_status":"closed","ping_status":"closed","template":"","meta":{"footnotes":""},"class_list":["post-8","page","type-page","status-publish","hentry"],"yoast_head":"<!-- This site is optimized with the Yoast SEO plugin v27.5 - https:\/\/yoast.com\/product\/yoast-seo-wordpress\/ -->\n<title>Casino bonus - Med en v\u00e4lkomstbonus \u00e4r dr\u00f6mstarten ett faktum<\/title>\n<meta name=\"description\" content=\"Mer eller mindre alla online casinon erbjuder en casino bonus men det finns lite att ha koll p\u00e5. GamblingSam hj\u00e4lper dig att reda ut begreppen!\" \/>\n<meta name=\"robots\" content=\"index, follow, max-snippet:-1, max-image-preview:large, max-video-preview:-1\" \/>\n<link rel=\"canonical\" href=\"https:\/\/gamblingsam.com\/sv\/casino-bonus\/\" \/>\n<meta property=\"og:locale\" content=\"sv_SE\" \/>\n<meta property=\"og:type\" content=\"article\" \/>\n<meta property=\"og:title\" content=\"Casino bonus - Med en v\u00e4lkomstbonus \u00e4r dr\u00f6mstarten ett faktum\" \/>\n<meta property=\"og:description\" content=\"Mer eller mindre alla online casinon erbjuder en casino bonus men det finns lite att ha koll p\u00e5. GamblingSam hj\u00e4lper dig att reda ut begreppen!\" \/>\n<meta property=\"og:url\" content=\"https:\/\/gamblingsam.com\/sv\/casino-bonus\/\" \/>\n<meta property=\"og:site_name\" content=\"GamblingSam.com\" \/>\n<meta property=\"article:modified_time\" content=\"2022-03-13T12:13:08+00:00\" \/>\n<meta property=\"og:image\" content=\"https:\/\/gamblingsam.com\/sv\/wp-content\/media\/sites\/2\/2020\/01\/SEK-1024x503.png\" \/>\n<meta name=\"twitter:card\" content=\"summary_large_image\" \/>\n<meta name=\"twitter:label1\" content=\"Ber\u00e4knad l\u00e4stid\" \/>\n\t<meta name=\"twitter:data1\" content=\"4 minuter\" \/>\n<script type=\"application\/ld+json\" class=\"yoast-schema-graph\">{\"@context\":\"https:\\\/\\\/schema.org\",\"@graph\":[{\"@type\":\"WebPage\",\"@id\":\"https:\\\/\\\/gamblingsam.com\\\/sv\\\/casino-bonus\\\/\",\"url\":\"https:\\\/\\\/gamblingsam.com\\\/sv\\\/casino-bonus\\\/\",\"name\":\"Casino bonus - Med en v\u00e4lkomstbonus \u00e4r dr\u00f6mstarten ett faktum\",\"isPartOf\":{\"@id\":\"https:\\\/\\\/gamblingsam.com\\\/sv\\\/#website\"},\"primaryImageOfPage\":{\"@id\":\"https:\\\/\\\/gamblingsam.com\\\/sv\\\/casino-bonus\\\/#primaryimage\"},\"image\":{\"@id\":\"https:\\\/\\\/gamblingsam.com\\\/sv\\\/casino-bonus\\\/#primaryimage\"},\"thumbnailUrl\":\"https:\\\/\\\/gamblingsam.com\\\/sv\\\/wp-content\\\/media\\\/sites\\\/2\\\/2020\\\/01\\\/SEK-1024x503.png\",\"datePublished\":\"2019-11-11T12:48:29+00:00\",\"dateModified\":\"2022-03-13T12:13:08+00:00\",\"description\":\"Mer eller mindre alla online casinon erbjuder en casino bonus men det finns lite att ha koll p\u00e5. GamblingSam hj\u00e4lper dig att reda ut begreppen!\",\"breadcrumb\":{\"@id\":\"https:\\\/\\\/gamblingsam.com\\\/sv\\\/casino-bonus\\\/#breadcrumb\"},\"inLanguage\":\"sv-SE\",\"potentialAction\":[{\"@type\":\"ReadAction\",\"target\":[\"https:\\\/\\\/gamblingsam.com\\\/sv\\\/casino-bonus\\\/\"]}]},{\"@type\":\"ImageObject\",\"inLanguage\":\"sv-SE\",\"@id\":\"https:\\\/\\\/gamblingsam.com\\\/sv\\\/casino-bonus\\\/#primaryimage\",\"url\":\"https:\\\/\\\/gamblingsam.com\\\/sv\\\/wp-content\\\/media\\\/sites\\\/2\\\/2020\\\/01\\\/SEK.png\",\"contentUrl\":\"https:\\\/\\\/gamblingsam.com\\\/sv\\\/wp-content\\\/media\\\/sites\\\/2\\\/2020\\\/01\\\/SEK.png\",\"width\":1330,\"height\":653},{\"@type\":\"BreadcrumbList\",\"@id\":\"https:\\\/\\\/gamblingsam.com\\\/sv\\\/casino-bonus\\\/#breadcrumb\",\"itemListElement\":[{\"@type\":\"ListItem\",\"position\":1,\"name\":\"Home\",\"item\":\"https:\\\/\\\/gamblingsam.com\\\/sv\\\/\"},{\"@type\":\"ListItem\",\"position\":2,\"name\":\"Casino bonus\"}]},{\"@type\":\"WebSite\",\"@id\":\"https:\\\/\\\/gamblingsam.com\\\/sv\\\/#website\",\"url\":\"https:\\\/\\\/gamblingsam.com\\\/sv\\\/\",\"name\":\"GamblingSam.com\",\"description\":\"\",\"potentialAction\":[{\"@type\":\"SearchAction\",\"target\":{\"@type\":\"EntryPoint\",\"urlTemplate\":\"https:\\\/\\\/gamblingsam.com\\\/sv\\\/?s={search_term_string}\"},\"query-input\":{\"@type\":\"PropertyValueSpecification\",\"valueRequired\":true,\"valueName\":\"search_term_string\"}}],\"inLanguage\":\"sv-SE\"}]}<\/script>\n<!-- \/ Yoast SEO plugin. -->","yoast_head_json":{"title":"Casino bonus - Med en v\u00e4lkomstbonus \u00e4r dr\u00f6mstarten ett faktum","description":"Mer eller mindre alla online casinon erbjuder en casino bonus men det finns lite att ha koll p\u00e5. GamblingSam hj\u00e4lper dig att reda ut begreppen!","robots":{"index":"index","follow":"follow","max-snippet":"max-snippet:-1","max-image-preview":"max-image-preview:large","max-video-preview":"max-video-preview:-1"},"canonical":"https:\/\/gamblingsam.com\/sv\/casino-bonus\/","og_locale":"sv_SE","og_type":"article","og_title":"Casino bonus - Med en v\u00e4lkomstbonus \u00e4r dr\u00f6mstarten ett faktum","og_description":"Mer eller mindre alla online casinon erbjuder en casino bonus men det finns lite att ha koll p\u00e5. GamblingSam hj\u00e4lper dig att reda ut begreppen!","og_url":"https:\/\/gamblingsam.com\/sv\/casino-bonus\/","og_site_name":"GamblingSam.com","article_modified_time":"2022-03-13T12:13:08+00:00","og_image":[{"url":"https:\/\/gamblingsam.com\/sv\/wp-content\/media\/sites\/2\/2020\/01\/SEK-1024x503.png","type":"","width":"","height":""}],"twitter_card":"summary_large_image","twitter_misc":{"Ber\u00e4knad l\u00e4stid":"4 minuter"},"schema":{"@context":"https:\/\/schema.org","@graph":[{"@type":"WebPage","@id":"https:\/\/gamblingsam.com\/sv\/casino-bonus\/","url":"https:\/\/gamblingsam.com\/sv\/casino-bonus\/","name":"Casino bonus - Med en v\u00e4lkomstbonus \u00e4r dr\u00f6mstarten ett faktum","isPartOf":{"@id":"https:\/\/gamblingsam.com\/sv\/#website"},"primaryImageOfPage":{"@id":"https:\/\/gamblingsam.com\/sv\/casino-bonus\/#primaryimage"},"image":{"@id":"https:\/\/gamblingsam.com\/sv\/casino-bonus\/#primaryimage"},"thumbnailUrl":"https:\/\/gamblingsam.com\/sv\/wp-content\/media\/sites\/2\/2020\/01\/SEK-1024x503.png","datePublished":"2019-11-11T12:48:29+00:00","dateModified":"2022-03-13T12:13:08+00:00","description":"Mer eller mindre alla online casinon erbjuder en casino bonus men det finns lite att ha koll p\u00e5. GamblingSam hj\u00e4lper dig att reda ut begreppen!","breadcrumb":{"@id":"https:\/\/gamblingsam.com\/sv\/casino-bonus\/#breadcrumb"},"inLanguage":"sv-SE","potentialAction":[{"@type":"ReadAction","target":["https:\/\/gamblingsam.com\/sv\/casino-bonus\/"]}]},{"@type":"ImageObject","inLanguage":"sv-SE","@id":"https:\/\/gamblingsam.com\/sv\/casino-bonus\/#primaryimage","url":"https:\/\/gamblingsam.com\/sv\/wp-content\/media\/sites\/2\/2020\/01\/SEK.png","contentUrl":"https:\/\/gamblingsam.com\/sv\/wp-content\/media\/sites\/2\/2020\/01\/SEK.png","width":1330,"height":653},{"@type":"BreadcrumbList","@id":"https:\/\/gamblingsam.com\/sv\/casino-bonus\/#breadcrumb","itemListElement":[{"@type":"ListItem","position":1,"name":"Home","item":"https:\/\/gamblingsam.com\/sv\/"},{"@type":"ListItem","position":2,"name":"Casino bonus"}]},{"@type":"WebSite","@id":"https:\/\/gamblingsam.com\/sv\/#website","url":"https:\/\/gamblingsam.com\/sv\/","name":"GamblingSam.com","description":"","potentialAction":[{"@type":"SearchAction","target":{"@type":"EntryPoint","urlTemplate":"https:\/\/gamblingsam.com\/sv\/?s={search_term_string}"},"query-input":{"@type":"PropertyValueSpecification","valueRequired":true,"valueName":"search_term_string"}}],"inLanguage":"sv-SE"}]}},"_links":{"self":[{"href":"https:\/\/gamblingsam.com\/sv\/wp-json\/wp\/v2\/pages\/8","targetHints":{"allow":["GET"]}}],"collection":[{"href":"https:\/\/gamblingsam.com\/sv\/wp-json\/wp\/v2\/pages"}],"about":[{"href":"https:\/\/gamblingsam.com\/sv\/wp-json\/wp\/v2\/types\/page"}],"author":[{"embeddable":true,"href":"https:\/\/gamblingsam.com\/sv\/wp-json\/wp\/v2\/users\/1"}],"replies":[{"embeddable":true,"href":"https:\/\/gamblingsam.com\/sv\/wp-json\/wp\/v2\/comments?post=8"}],"version-history":[{"count":7,"href":"https:\/\/gamblingsam.com\/sv\/wp-json\/wp\/v2\/pages\/8\/revisions"}],"predecessor-version":[{"id":385,"href":"https:\/\/gamblingsam.com\/sv\/wp-json\/wp\/v2\/pages\/8\/revisions\/385"}],"wp:attachment":[{"href":"https:\/\/gamblingsam.com\/sv\/wp-json\/wp\/v2\/media?parent=8"}],"curies":[{"name":"wp","href":"https:\/\/api.w.org\/{rel}","templated":true}]}}