{"id":81,"date":"2019-11-14T18:03:05","date_gmt":"2019-11-14T18:03:05","guid":{"rendered":"https:\/\/gamblingsam.com\/sv\/?page_id=81"},"modified":"2021-11-02T11:33:33","modified_gmt":"2021-11-02T11:33:33","slug":"casino-utan-registrering","status":"publish","type":"page","link":"https:\/\/gamblingsam.com\/sv\/casino-utan-registrering\/","title":{"rendered":"Casino utan registrering"},"content":{"rendered":"\n<h1 class=\"wp-block-heading\">Casino utan registrering &#8211; Spela casino utan konto<\/h1>\n\n\n\n<p>N\u00e4r du spelar casino utan registrering \u00e4r det som att allt det negativa med online casinon bara \u00e4r bortbl\u00e5st. Du slipper delvis registreringen vilket givetvis \u00e4r j\u00e4ttesk\u00f6nt. D\u00e4rmed beh\u00f6ver du inte ha ett konto hos online casinot. Men det b\u00e4sta \u00e4r framf\u00f6rallt de snabba uttagen. Det \u00e4r utan tvekan den st\u00f6rsta positiva f\u00f6r\u00e4ndringen som kommer tack vare casino utan konto. Spelarna och alla andra \u00e4lskar de nya tiderna och i framtiden l\u00e4r vi f\u00e5 se \u00e4nnu fler hoppa p\u00e5 t\u00e5get. V\u00e4lkommen till den magiska v\u00e4rld som casino utan kr\u00e5ngel bjudit in dig till.<\/p>\n\n\n\n  <div class=\"top-sites-wrap\">\n\t\t<div class=\"top-sites-row top-sites-heading\"><div class=\"casinocol \">\tCasino<\/div><div class=\"featcol\">F\u00f6rdelar<\/div><div  class=\"depcol\">Bonus<\/div><div  class=\"ratecol\">Betyg<\/div><div class=\"visitcol \">Spela<\/div>\n       <\/div>\n\n<div class=\"top-sites-row top-sites-body row-1 \">\n         <div  class=\"casinocol\"><span class=\"rankcir\">1<\/span>\n\t\t <a target=\"_blank\" href=\"https:\/\/gamblingsam.com\/sv\/go\/casumo\">\n\t\t  <img loading=\"lazy\" decoding=\"async\" width=\"150\" height=\"76\" src=\"https:\/\/gamblingsam.com\/sv\/wp-content\/media\/sites\/2\/2019\/11\/casumo.png\" class=\"logocomp wp-post-image\" alt=\"\" \/>\n\t\t\t<\/a>\n\t\t<\/div><div class=\"featcol\"><ul><li>Grym bonus <\/li><li> BankID <\/li><li> Swish<\/li><\/ul>\t<\/div><div class=\"depcol\"><span class=\"hilite\">500 kr<\/span><\/div><div  class=\"ratecol\"><span class=\"rate cen\"> <span class=\"ratetotal\" style=\"width: 96%\"><\/span><\/span><a href=\"https:\/\/gamblingsam.com\/sv\/spelbolag\/casumo\/\" class=\"revlink\">Recension<\/a> <\/div><div class=\"visitcol\"><a target=\"_blank\" href=\"https:\/\/gamblingsam.com\/sv\/go\/casumo\" class=\"visbutton\">Spela<\/a><\/div>\n <\/div>\n<div class=\"termsrow\">\n<small>* 18+ | Spela ansvarsfullt | <a href=\"http:\/\/www.stodlinjen.se\" target=\"_blank\" rel=\"nofollow noopener\">St\u00f6dlinjen.se<\/a> | <a href=\"https:\/\/www.spelpaus.se\" target=\"_blank\" rel=\"nofollow noopener\">Spelpaus.se.se<\/a> | <a href=\"\" target=\"_blank\" rel=\"nofollow noopener\">Regler &amp; villkor g\u00e4ller<\/a><\/small><\/div>\n<div class=\"top-sites-row top-sites-body row-2 \">\n         <div  class=\"casinocol\"><span class=\"rankcir\">2<\/span>\n\t\t <a target=\"_blank\" href=\"https:\/\/gamblingsam.com\/sv\/go\/mrgreen\">\n\t\t  <img loading=\"lazy\" decoding=\"async\" width=\"300\" height=\"86\" src=\"https:\/\/gamblingsam.com\/sv\/wp-content\/media\/sites\/2\/2019\/12\/mr-green.png\" class=\"logocomp wp-post-image\" alt=\"\" \/>\n\t\t\t<\/a>\n\t\t<\/div><div class=\"featcol\"><ul><li>Bonus + free spins <\/li><li> Gr\u00f6nt spel <\/li><li> Massor med spel<\/li><\/ul>\t<\/div><div class=\"depcol\"><span class=\"hilite\">100% upp till 1000 kr<\/span><\/div><div  class=\"ratecol\"><span class=\"rate cen\"> <span class=\"ratetotal\" style=\"width: 92%\"><\/span><\/span><a href=\"https:\/\/gamblingsam.com\/sv\/spelbolag\/mr-green\/\" class=\"revlink\">Recension<\/a> <\/div><div class=\"visitcol\"><a target=\"_blank\" href=\"https:\/\/gamblingsam.com\/sv\/go\/mrgreen\" class=\"visbutton\">Spela<\/a><\/div>\n <\/div>\n<div class=\"termsrow\">\n<small>* 18+ | Spela ansvarsfullt | <a href=\"http:\/\/www.stodlinjen.se\" target=\"_blank\" rel=\"nofollow noopener\">St\u00f6dlinjen.se<\/a> | <a href=\"https:\/\/www.spelpaus.se\" target=\"_blank\" rel=\"nofollow noopener\">Spelpaus.se.se<\/a> | <a href=\"\" target=\"_blank\" rel=\"nofollow noopener\">Regler &amp; villkor g\u00e4ller<\/a><\/small><\/div>\n<div class=\"top-sites-row top-sites-body row-3 \">\n         <div  class=\"casinocol\"><span class=\"rankcir\">3<\/span>\n\t\t <a target=\"_blank\" href=\"https:\/\/gamblingsam.com\/sv\/go\/betsson\">\n\t\t  <img loading=\"lazy\" decoding=\"async\" width=\"146\" height=\"76\" src=\"https:\/\/gamblingsam.com\/sv\/wp-content\/media\/sites\/2\/2020\/03\/1.jpg\" class=\"logocomp wp-post-image\" alt=\"\" \/>\n\t\t\t<\/a>\n\t\t<\/div><div class=\"featcol\"><ul><li>L\u00e5ng erfarnhet <\/li><li> Bra bonus <\/li><li> Swish & Trustly<\/li><\/ul>\t<\/div><div class=\"depcol\"><span class=\"hilite\">500 kr + 100 free spins<\/span><\/div><div  class=\"ratecol\"><span class=\"rate cen\"> <span class=\"ratetotal\" style=\"width: 94%\"><\/span><\/span><a href=\"https:\/\/gamblingsam.com\/sv\/spelbolag\/betsson\/\" class=\"revlink\">Recension<\/a> <\/div><div class=\"visitcol\"><a target=\"_blank\" href=\"https:\/\/gamblingsam.com\/sv\/go\/betsson\" class=\"visbutton\">Spela<\/a><\/div>\n <\/div>\n<div class=\"termsrow\">\n<small>* 18+ | Spela ansvarsfullt | <a href=\"http:\/\/www.stodlinjen.se\" target=\"_blank\" rel=\"nofollow noopener\">St\u00f6dlinjen.se<\/a> | <a href=\"https:\/\/www.spelpaus.se\" target=\"_blank\" rel=\"nofollow noopener\">Spelpaus.se.se<\/a> | <a href=\"\" target=\"_blank\" rel=\"nofollow noopener\">Regler &amp; villkor g\u00e4ller<\/a><\/small><\/div>\n<div class=\"top-sites-row top-sites-body row-4 \">\n         <div  class=\"casinocol\"><span class=\"rankcir\">4<\/span>\n\t\t <a target=\"_blank\" href=\"https:\/\/gamblingsam.com\/sv\/go\/snabbare\">\n\t\t  <img loading=\"lazy\" decoding=\"async\" width=\"175\" height=\"105\" src=\"https:\/\/gamblingsam.com\/sv\/wp-content\/media\/sites\/2\/2019\/11\/snabbare_trans.png\" class=\"logocomp wp-post-image\" alt=\"\" \/>\n\t\t\t<\/a>\n\t\t<\/div><div class=\"featcol\"><ul><li>Massor med spel <\/li><li> Spela med BankID <\/li><li> Tillh\u00f6r ComeOn<\/li><\/ul>\t<\/div><div class=\"depcol\"><span class=\"hilite\">2000 kr<\/span><\/div><div  class=\"ratecol\"><span class=\"rate cen\"> <span class=\"ratetotal\" style=\"width: 94%\"><\/span><\/span><a href=\"https:\/\/gamblingsam.com\/sv\/spelbolag\/snabbare\/\" class=\"revlink\">Recension<\/a> <\/div><div class=\"visitcol\"><a target=\"_blank\" href=\"https:\/\/gamblingsam.com\/sv\/go\/snabbare\" class=\"visbutton\">Spela<\/a><\/div>\n <\/div>\n<div class=\"termsrow\">\n<small>* 18+ | Spela ansvarsfullt | <a href=\"http:\/\/www.stodlinjen.se\" target=\"_blank\" rel=\"nofollow noopener\">St\u00f6dlinjen.se<\/a> | <a href=\"https:\/\/www.spelpaus.se\" target=\"_blank\" rel=\"nofollow noopener\">Spelpaus.se.se<\/a> | <a href=\"\" target=\"_blank\" rel=\"nofollow noopener\">Regler &amp; villkor g\u00e4ller<\/a><\/small><\/div>\n<div class=\"top-sites-row top-sites-body row-5 \">\n         <div  class=\"casinocol\"><span class=\"rankcir\">5<\/span>\n\t\t <a target=\"_blank\" href=\"https:\/\/gamblingsam.com\/sv\/go\/bethard\">\n\t\t  <img loading=\"lazy\" decoding=\"async\" width=\"150\" height=\"75\" src=\"https:\/\/gamblingsam.com\/sv\/wp-content\/media\/sites\/2\/2020\/04\/bethard.png\" class=\"logocomp wp-post-image\" alt=\"\" \/>\n\t\t\t<\/a>\n\t\t<\/div><div class=\"featcol\"><ul><li>Ambassad\u00f6r: Zlatan <\/li><li> Grymt spelutbud <\/li><li> Bra bonusar<\/li><\/ul>\t<\/div><div class=\"depcol\"><span class=\"hilite\">100% uppt till 500 kr<\/span><\/div><div  class=\"ratecol\"><span class=\"rate cen\"> <span class=\"ratetotal\" style=\"width: 88%\"><\/span><\/span><a href=\"https:\/\/gamblingsam.com\/sv\/spelbolag\/bethard\/\" class=\"revlink\">Recension<\/a> <\/div><div class=\"visitcol\"><a target=\"_blank\" href=\"https:\/\/gamblingsam.com\/sv\/go\/bethard\" class=\"visbutton\">Spela<\/a><\/div>\n <\/div>\n<div class=\"termsrow\">\n<small>* 18+ | Spela ansvarsfullt | <a href=\"http:\/\/www.stodlinjen.se\" target=\"_blank\" rel=\"nofollow noopener\">St\u00f6dlinjen.se<\/a> | <a href=\"https:\/\/www.spelpaus.se\" target=\"_blank\" rel=\"nofollow noopener\">Spelpaus.se.se<\/a> | <a href=\"\" target=\"_blank\" rel=\"nofollow noopener\">Regler &amp; villkor g\u00e4ller<\/a><\/small><\/div><\/div>\n\n\n\n<h2 class=\"wp-block-heading\">Slipp formul\u00e4ren med casino utan registrering<\/h2>\n\n\n\n<p>Du slipper registreringen helt n\u00e4r du spelar hos ett casino utan konto. Tidigare beh\u00f6vde du fylla i flera sidor med olika formul\u00e4r. F\u00f6rutom att det var tidskr\u00e4vande var det heller inte s\u00e4rskilt kul att dela med sig av alla sina personuppgifter. Idag \u00e4r dessa tider tack och lov bortbl\u00e5sta. Endast f\u00f6r\u00e5ldrade <a href=\"https:\/\/gamblingsam.com\/sv\/\">casinon<\/a> har kvar den gamla processen ist\u00e4llet f\u00f6r casino utan kr\u00e5ngel.<\/p>\n\n\n\n<p>F\u00f6r att slippa registreringen \u00e4r BankID nyckeln till allting. Det \u00e4r genom din E-legitimation som du verifierar dig. Naturligtvis g\u00e5r det betydligt snabbare att fylla i sin sexsiffriga kod j\u00e4mf\u00f6rt med att fylla i 2-4 sidor med personliga uppgifter.<\/p>\n\n\n\n<h3 class=\"wp-block-heading\">De snabba uttagen \u00e4r den st\u00f6rsta revolutionen<\/h3>\n\n\n\n<p>Tack vare Trustly g\u00e5r det nu att f\u00e5 casino utan registrering med blixtsnabba uttag. Mardr\u00f6mmen som infann sig tidigare hos spelarna vid uttag \u00e4r d\u00e4rmed borta f\u00f6r de flesta. S\u00e5 l\u00e4nge du v\u00e4ljer ett casino med Trustly och utan konto har du pengarna p\u00e5 n\u00e5gra minuter. Du minns s\u00e4kert n\u00e4r du skulle skicka in flera dokument till online casinot f\u00f6r att f\u00e5 ut dina pengar. Kopia av ID\/Pass, adressbevis, kontoutdrag, kopia av bankkort och andra dokument kunde kr\u00e4vas.<\/p>\n\n\n\n<p>Idag \u00e4r alla de dokumenten ersatta med mobilt BankID. Du kan nog sj\u00e4lv avg\u00f6ra vad som \u00e4r smidigast. Med Trustly och BankID har du alltid pengarna inom en kvart, f\u00f6rmodligen \u00e4nnu fortare \u00e4n s\u00e5.<\/p>\n\n\n\n<h3 class=\"wp-block-heading\">Prova p\u00e5 fler casinon n\u00e4r du slipper skapa nytt konto<\/h3>\n\n\n\n<p>F\u00f6r variationens skull kan det vara kul att prova p\u00e5 flera olika casinon. Varje casino p\u00e5 n\u00e4tet \u00e4r unikt och d\u00e4rmed kanske du vill testa n\u00e5got nytt. Tidigare kunde spelarna tycka det var jobbigt n\u00e4r de skulle byta casino. Alla uppgifter beh\u00f6vdes fyllas i g\u00e5ng p\u00e5 g\u00e5ng samtidigt som uttagen skulle verifieras. Det kunde ta dagar om inte veckor.<\/p>\n\n\n\n<p>Nu d\u00e4remot kan du prova ett nytt online casino p\u00e5 bara en minut. Vinner du f\u00e5r du ut pengarna p\u00e5 direkten. Det \u00e4r s\u00e5ledes typ som att g\u00e5 runt p\u00e5 The Strip i Las Vegas och v\u00e4xla mellan olika casinon. D\u00e4r f\u00e5r du alltid pengarna p\u00e5 direkten och tacksamt nog b\u00f6rjar detta bli verkligheten f\u00f6r casinon online ocks\u00e5.<\/p>\n\n\n\n<h3 class=\"wp-block-heading\">M\u00e5ste jag v\u00e4lja ett casino med svensk licens?<\/h3>\n\n\n\n<p>Om du vill spela casino utan registrering eller casino utan konto m\u00e5ste du v\u00e4lja ett <a href=\"https:\/\/gamblingsam.com\/sv\/svenska-casinon\">casino med svensk licens<\/a>. Vi rekommenderar dig oavsett att alltid g\u00f6ra detta eftersom det ger en \u00f6kad trygghet och s\u00e4kerhet. Hur som helst finns det casino utan svensk licens men d\u00e4r g\u00e5r det inte att spela utan registrering.<\/p>\n\n\n\n<p>BankID \u00e4r det som \u00e4r nyckeln f\u00f6r alla casinon utan konto. Du kan gissa vem som \u00e4ger BankID, det \u00e4r givetvis Sveriges banker. De har blockerat alla transaktioner till casinon utan svensk licens. D\u00e4rf\u00f6r finns det ingen m\u00f6jlighet att f\u00e5 den h\u00e4r typen av smidigt spelande om du ocks\u00e5 vill l\u00e4mna det svenska licenssystemet.<\/p>\n\n\n\n<div class=\"wp-block-image\"><figure class=\"aligncenter size-large\"><img loading=\"lazy\" decoding=\"async\" width=\"999\" height=\"276\" src=\"https:\/\/gamblingsam.com\/sv\/wp-content\/media\/sites\/2\/2020\/01\/B\u00e4staSvenskaCasinon.png\" alt=\"Casino utan registrering - Spela casino utan att \u00f6ppna ett konto\" class=\"wp-image-201\" srcset=\"https:\/\/gamblingsam.com\/sv\/wp-content\/media\/sites\/2\/2020\/01\/B\u00e4staSvenskaCasinon.png 999w, https:\/\/gamblingsam.com\/sv\/wp-content\/media\/sites\/2\/2020\/01\/B\u00e4staSvenskaCasinon-300x83.png 300w, https:\/\/gamblingsam.com\/sv\/wp-content\/media\/sites\/2\/2020\/01\/B\u00e4staSvenskaCasinon-768x212.png 768w\" sizes=\"auto, (max-width: 999px) 100vw, 999px\" \/><\/figure><\/div>\n\n\n\n<h3 class=\"wp-block-heading\">Casino utan oms\u00e4ttningskrav vanligt n\u00e4r du slipper registrera sig<\/h3>\n\n\n\n<p>Det g\u00e5r fortfarande att ta emot en <a href=\"https:\/\/gamblingsam.com\/sv\/casino-bonus\">casino bonus<\/a> hos de flesta sidorna idag, \u00e4ven bland de som erbjuder casino utan konto. Eftersom deras m\u00e5l \u00e4r att erbjuda en smidig spelupplevelse utan kr\u00e5ngel vill de inte ha n\u00e5gra oms\u00e4ttningskrav. Detta g\u00e5r emot deras policy och d\u00e4rf\u00f6r har casino utan konto som ocks\u00e5 har en bonus oftast oms\u00e4ttningsfria erbjudanden.<\/p>\n","protected":false},"excerpt":{"rendered":"<p>Casino utan registrering &#8211; Spela casino utan konto N\u00e4r du spelar casino utan registrering \u00e4r det som att allt det negativa med online casinon bara \u00e4r bortbl\u00e5st. Du slipper delvis <a href=\"https:\/\/gamblingsam.com\/sv\/casino-utan-registrering\/\">&#8230;.<\/a><\/p>\n","protected":false},"author":1,"featured_media":0,"parent":0,"menu_order":0,"comment_status":"closed","ping_status":"closed","template":"","meta":{"footnotes":""},"class_list":["post-81","page","type-page","status-publish","hentry"],"yoast_head":"<!-- This site is optimized with the Yoast SEO plugin v27.5 - https:\/\/yoast.com\/product\/yoast-seo-wordpress\/ -->\n<title>Casino utan registrering - Spela casino utan att \u00f6ppna ett konto<\/title>\n<meta name=\"description\" content=\"Tack vare BankID kan man nu spela casino utan konto hos svenska casinon. Du slipper allts\u00e5 en % kr\u00e5nglig registrering med andra ord.\" \/>\n<meta name=\"robots\" content=\"index, follow, max-snippet:-1, max-image-preview:large, max-video-preview:-1\" \/>\n<link rel=\"canonical\" href=\"https:\/\/gamblingsam.com\/sv\/casino-utan-registrering\/\" \/>\n<meta property=\"og:locale\" content=\"sv_SE\" \/>\n<meta property=\"og:type\" content=\"article\" \/>\n<meta property=\"og:title\" content=\"Casino utan registrering - Spela casino utan att \u00f6ppna ett konto\" \/>\n<meta property=\"og:description\" content=\"Tack vare BankID kan man nu spela casino utan konto hos svenska casinon. Du slipper allts\u00e5 en % kr\u00e5nglig registrering med andra ord.\" \/>\n<meta property=\"og:url\" content=\"https:\/\/gamblingsam.com\/sv\/casino-utan-registrering\/\" \/>\n<meta property=\"og:site_name\" content=\"GamblingSam.com\" \/>\n<meta property=\"article:modified_time\" content=\"2021-11-02T11:33:33+00:00\" \/>\n<meta name=\"twitter:card\" content=\"summary_large_image\" \/>\n<meta name=\"twitter:label1\" content=\"Ber\u00e4knad l\u00e4stid\" \/>\n\t<meta name=\"twitter:data1\" content=\"4 minuter\" \/>\n<script type=\"application\/ld+json\" class=\"yoast-schema-graph\">{\"@context\":\"https:\\\/\\\/schema.org\",\"@graph\":[{\"@type\":\"WebPage\",\"@id\":\"https:\\\/\\\/gamblingsam.com\\\/sv\\\/casino-utan-registrering\\\/\",\"url\":\"https:\\\/\\\/gamblingsam.com\\\/sv\\\/casino-utan-registrering\\\/\",\"name\":\"Casino utan registrering - Spela casino utan att \u00f6ppna ett konto\",\"isPartOf\":{\"@id\":\"https:\\\/\\\/gamblingsam.com\\\/sv\\\/#website\"},\"datePublished\":\"2019-11-14T18:03:05+00:00\",\"dateModified\":\"2021-11-02T11:33:33+00:00\",\"description\":\"Tack vare BankID kan man nu spela casino utan konto hos svenska casinon. Du slipper allts\u00e5 en % kr\u00e5nglig registrering med andra ord.\",\"breadcrumb\":{\"@id\":\"https:\\\/\\\/gamblingsam.com\\\/sv\\\/casino-utan-registrering\\\/#breadcrumb\"},\"inLanguage\":\"sv-SE\",\"potentialAction\":[{\"@type\":\"ReadAction\",\"target\":[\"https:\\\/\\\/gamblingsam.com\\\/sv\\\/casino-utan-registrering\\\/\"]}]},{\"@type\":\"BreadcrumbList\",\"@id\":\"https:\\\/\\\/gamblingsam.com\\\/sv\\\/casino-utan-registrering\\\/#breadcrumb\",\"itemListElement\":[{\"@type\":\"ListItem\",\"position\":1,\"name\":\"Home\",\"item\":\"https:\\\/\\\/gamblingsam.com\\\/sv\\\/\"},{\"@type\":\"ListItem\",\"position\":2,\"name\":\"Casino utan registrering\"}]},{\"@type\":\"WebSite\",\"@id\":\"https:\\\/\\\/gamblingsam.com\\\/sv\\\/#website\",\"url\":\"https:\\\/\\\/gamblingsam.com\\\/sv\\\/\",\"name\":\"GamblingSam.com\",\"description\":\"\",\"potentialAction\":[{\"@type\":\"SearchAction\",\"target\":{\"@type\":\"EntryPoint\",\"urlTemplate\":\"https:\\\/\\\/gamblingsam.com\\\/sv\\\/?s={search_term_string}\"},\"query-input\":{\"@type\":\"PropertyValueSpecification\",\"valueRequired\":true,\"valueName\":\"search_term_string\"}}],\"inLanguage\":\"sv-SE\"}]}<\/script>\n<!-- \/ Yoast SEO plugin. -->","yoast_head_json":{"title":"Casino utan registrering - Spela casino utan att \u00f6ppna ett konto","description":"Tack vare BankID kan man nu spela casino utan konto hos svenska casinon. Du slipper allts\u00e5 en % kr\u00e5nglig registrering med andra ord.","robots":{"index":"index","follow":"follow","max-snippet":"max-snippet:-1","max-image-preview":"max-image-preview:large","max-video-preview":"max-video-preview:-1"},"canonical":"https:\/\/gamblingsam.com\/sv\/casino-utan-registrering\/","og_locale":"sv_SE","og_type":"article","og_title":"Casino utan registrering - Spela casino utan att \u00f6ppna ett konto","og_description":"Tack vare BankID kan man nu spela casino utan konto hos svenska casinon. Du slipper allts\u00e5 en % kr\u00e5nglig registrering med andra ord.","og_url":"https:\/\/gamblingsam.com\/sv\/casino-utan-registrering\/","og_site_name":"GamblingSam.com","article_modified_time":"2021-11-02T11:33:33+00:00","twitter_card":"summary_large_image","twitter_misc":{"Ber\u00e4knad l\u00e4stid":"4 minuter"},"schema":{"@context":"https:\/\/schema.org","@graph":[{"@type":"WebPage","@id":"https:\/\/gamblingsam.com\/sv\/casino-utan-registrering\/","url":"https:\/\/gamblingsam.com\/sv\/casino-utan-registrering\/","name":"Casino utan registrering - Spela casino utan att \u00f6ppna ett konto","isPartOf":{"@id":"https:\/\/gamblingsam.com\/sv\/#website"},"datePublished":"2019-11-14T18:03:05+00:00","dateModified":"2021-11-02T11:33:33+00:00","description":"Tack vare BankID kan man nu spela casino utan konto hos svenska casinon. Du slipper allts\u00e5 en % kr\u00e5nglig registrering med andra ord.","breadcrumb":{"@id":"https:\/\/gamblingsam.com\/sv\/casino-utan-registrering\/#breadcrumb"},"inLanguage":"sv-SE","potentialAction":[{"@type":"ReadAction","target":["https:\/\/gamblingsam.com\/sv\/casino-utan-registrering\/"]}]},{"@type":"BreadcrumbList","@id":"https:\/\/gamblingsam.com\/sv\/casino-utan-registrering\/#breadcrumb","itemListElement":[{"@type":"ListItem","position":1,"name":"Home","item":"https:\/\/gamblingsam.com\/sv\/"},{"@type":"ListItem","position":2,"name":"Casino utan registrering"}]},{"@type":"WebSite","@id":"https:\/\/gamblingsam.com\/sv\/#website","url":"https:\/\/gamblingsam.com\/sv\/","name":"GamblingSam.com","description":"","potentialAction":[{"@type":"SearchAction","target":{"@type":"EntryPoint","urlTemplate":"https:\/\/gamblingsam.com\/sv\/?s={search_term_string}"},"query-input":{"@type":"PropertyValueSpecification","valueRequired":true,"valueName":"search_term_string"}}],"inLanguage":"sv-SE"}]}},"_links":{"self":[{"href":"https:\/\/gamblingsam.com\/sv\/wp-json\/wp\/v2\/pages\/81","targetHints":{"allow":["GET"]}}],"collection":[{"href":"https:\/\/gamblingsam.com\/sv\/wp-json\/wp\/v2\/pages"}],"about":[{"href":"https:\/\/gamblingsam.com\/sv\/wp-json\/wp\/v2\/types\/page"}],"author":[{"embeddable":true,"href":"https:\/\/gamblingsam.com\/sv\/wp-json\/wp\/v2\/users\/1"}],"replies":[{"embeddable":true,"href":"https:\/\/gamblingsam.com\/sv\/wp-json\/wp\/v2\/comments?post=81"}],"version-history":[{"count":5,"href":"https:\/\/gamblingsam.com\/sv\/wp-json\/wp\/v2\/pages\/81\/revisions"}],"predecessor-version":[{"id":364,"href":"https:\/\/gamblingsam.com\/sv\/wp-json\/wp\/v2\/pages\/81\/revisions\/364"}],"wp:attachment":[{"href":"https:\/\/gamblingsam.com\/sv\/wp-json\/wp\/v2\/media?parent=81"}],"curies":[{"name":"wp","href":"https:\/\/api.w.org\/{rel}","templated":true}]}}