{"id":84,"date":"2019-11-14T18:10:44","date_gmt":"2019-11-14T18:10:44","guid":{"rendered":"https:\/\/gamblingsam.com\/sv\/?page_id=84"},"modified":"2021-11-02T11:39:07","modified_gmt":"2021-11-02T11:39:07","slug":"skrill","status":"publish","type":"page","link":"https:\/\/gamblingsam.com\/sv\/skrill\/","title":{"rendered":"Skrill"},"content":{"rendered":"\n<h1 class=\"wp-block-heading\">Skrill casino &#8211; S\u00e4tt in &amp; ta ut pengar med Skrill<\/h1>\n\n\n\n<p>N\u00e4r du spelar casino med Skrill g\u00f6r du det med vetskapen att det \u00e4r en E-wallet av rang. F\u00e5 betalningsmetoder har samma effektiva \u00f6verf\u00f6ringar b\u00e5de in och ut. N\u00e4r du anv\u00e4nder dig av Skrill f\u00e5r du in pengarna p\u00e5 ditt spelsaldo direkt. Vid uttag g\u00e5r det lika snabbt, pengarna \u00e4r hos dig p\u00e5 nolltid. Skrill \u00e4r en av de mer uppskattade betalningsmetoderna hos casinon online idag. Ut\u00f6ver det anv\u00e4nds Skrill flitigt av folk som handlar p\u00e5 n\u00e4tet och skickar pengar mellan v\u00e4nner. Det \u00e4r dock till casino som betaltj\u00e4nsten \u00e4r som mest l\u00e4mpad.<\/p>\n\n\n\n  <div class=\"top-sites-wrap\">\n\t\t<div class=\"top-sites-row top-sites-heading\"><div class=\"casinocol \">\tCasino<\/div><div class=\"featcol\">F\u00f6rdelar<\/div><div  class=\"depcol\">Bonus<\/div><div  class=\"ratecol\">Betyg<\/div><div class=\"visitcol \">Spela<\/div>\n       <\/div>\n\n<div class=\"top-sites-row top-sites-body row-1 \">\n         <div  class=\"casinocol\"><span class=\"rankcir\">1<\/span>\n\t\t <a target=\"_blank\" href=\"https:\/\/gamblingsam.com\/sv\/go\/casumo\">\n\t\t  <img loading=\"lazy\" decoding=\"async\" width=\"150\" height=\"76\" src=\"https:\/\/gamblingsam.com\/sv\/wp-content\/media\/sites\/2\/2019\/11\/casumo.png\" class=\"logocomp wp-post-image\" alt=\"\" \/>\n\t\t\t<\/a>\n\t\t<\/div><div class=\"featcol\"><ul><li>Grym bonus <\/li><li> BankID <\/li><li> Swish<\/li><\/ul>\t<\/div><div class=\"depcol\"><span class=\"hilite\">500 kr<\/span><\/div><div  class=\"ratecol\"><span class=\"rate cen\"> <span class=\"ratetotal\" style=\"width: 96%\"><\/span><\/span><a href=\"https:\/\/gamblingsam.com\/sv\/spelbolag\/casumo\/\" class=\"revlink\">Recension<\/a> <\/div><div class=\"visitcol\"><a target=\"_blank\" href=\"https:\/\/gamblingsam.com\/sv\/go\/casumo\" class=\"visbutton\">Spela<\/a><\/div>\n <\/div>\n<div class=\"termsrow\">\n<small>* 18+ | Spela ansvarsfullt | <a href=\"http:\/\/www.stodlinjen.se\" target=\"_blank\" rel=\"nofollow noopener\">St\u00f6dlinjen.se<\/a> | <a href=\"https:\/\/www.spelpaus.se\" target=\"_blank\" rel=\"nofollow noopener\">Spelpaus.se.se<\/a> | <a href=\"\" target=\"_blank\" rel=\"nofollow noopener\">Regler &amp; villkor g\u00e4ller<\/a><\/small><\/div>\n<div class=\"top-sites-row top-sites-body row-2 \">\n         <div  class=\"casinocol\"><span class=\"rankcir\">2<\/span>\n\t\t <a target=\"_blank\" href=\"https:\/\/gamblingsam.com\/sv\/go\/mrgreen\">\n\t\t  <img loading=\"lazy\" decoding=\"async\" width=\"300\" height=\"86\" src=\"https:\/\/gamblingsam.com\/sv\/wp-content\/media\/sites\/2\/2019\/12\/mr-green.png\" class=\"logocomp wp-post-image\" alt=\"\" \/>\n\t\t\t<\/a>\n\t\t<\/div><div class=\"featcol\"><ul><li>Bonus + free spins <\/li><li> Gr\u00f6nt spel <\/li><li> Massor med spel<\/li><\/ul>\t<\/div><div class=\"depcol\"><span class=\"hilite\">100% upp till 1000 kr<\/span><\/div><div  class=\"ratecol\"><span class=\"rate cen\"> <span class=\"ratetotal\" style=\"width: 92%\"><\/span><\/span><a href=\"https:\/\/gamblingsam.com\/sv\/spelbolag\/mr-green\/\" class=\"revlink\">Recension<\/a> <\/div><div class=\"visitcol\"><a target=\"_blank\" href=\"https:\/\/gamblingsam.com\/sv\/go\/mrgreen\" class=\"visbutton\">Spela<\/a><\/div>\n <\/div>\n<div class=\"termsrow\">\n<small>* 18+ | Spela ansvarsfullt | <a href=\"http:\/\/www.stodlinjen.se\" target=\"_blank\" rel=\"nofollow noopener\">St\u00f6dlinjen.se<\/a> | <a href=\"https:\/\/www.spelpaus.se\" target=\"_blank\" rel=\"nofollow noopener\">Spelpaus.se.se<\/a> | <a href=\"\" target=\"_blank\" rel=\"nofollow noopener\">Regler &amp; villkor g\u00e4ller<\/a><\/small><\/div>\n<div class=\"top-sites-row top-sites-body row-3 \">\n         <div  class=\"casinocol\"><span class=\"rankcir\">3<\/span>\n\t\t <a target=\"_blank\" href=\"https:\/\/gamblingsam.com\/sv\/go\/betsson\">\n\t\t  <img loading=\"lazy\" decoding=\"async\" width=\"146\" height=\"76\" src=\"https:\/\/gamblingsam.com\/sv\/wp-content\/media\/sites\/2\/2020\/03\/1.jpg\" class=\"logocomp wp-post-image\" alt=\"\" \/>\n\t\t\t<\/a>\n\t\t<\/div><div class=\"featcol\"><ul><li>L\u00e5ng erfarnhet <\/li><li> Bra bonus <\/li><li> Swish & Trustly<\/li><\/ul>\t<\/div><div class=\"depcol\"><span class=\"hilite\">500 kr + 100 free spins<\/span><\/div><div  class=\"ratecol\"><span class=\"rate cen\"> <span class=\"ratetotal\" style=\"width: 94%\"><\/span><\/span><a href=\"https:\/\/gamblingsam.com\/sv\/spelbolag\/betsson\/\" class=\"revlink\">Recension<\/a> <\/div><div class=\"visitcol\"><a target=\"_blank\" href=\"https:\/\/gamblingsam.com\/sv\/go\/betsson\" class=\"visbutton\">Spela<\/a><\/div>\n <\/div>\n<div class=\"termsrow\">\n<small>* 18+ | Spela ansvarsfullt | <a href=\"http:\/\/www.stodlinjen.se\" target=\"_blank\" rel=\"nofollow noopener\">St\u00f6dlinjen.se<\/a> | <a href=\"https:\/\/www.spelpaus.se\" target=\"_blank\" rel=\"nofollow noopener\">Spelpaus.se.se<\/a> | <a href=\"\" target=\"_blank\" rel=\"nofollow noopener\">Regler &amp; villkor g\u00e4ller<\/a><\/small><\/div>\n<div class=\"top-sites-row top-sites-body row-4 \">\n         <div  class=\"casinocol\"><span class=\"rankcir\">4<\/span>\n\t\t <a target=\"_blank\" href=\"https:\/\/gamblingsam.com\/sv\/go\/snabbare\">\n\t\t  <img loading=\"lazy\" decoding=\"async\" width=\"175\" height=\"105\" src=\"https:\/\/gamblingsam.com\/sv\/wp-content\/media\/sites\/2\/2019\/11\/snabbare_trans.png\" class=\"logocomp wp-post-image\" alt=\"\" \/>\n\t\t\t<\/a>\n\t\t<\/div><div class=\"featcol\"><ul><li>Massor med spel <\/li><li> Spela med BankID <\/li><li> Tillh\u00f6r ComeOn<\/li><\/ul>\t<\/div><div class=\"depcol\"><span class=\"hilite\">2000 kr<\/span><\/div><div  class=\"ratecol\"><span class=\"rate cen\"> <span class=\"ratetotal\" style=\"width: 94%\"><\/span><\/span><a href=\"https:\/\/gamblingsam.com\/sv\/spelbolag\/snabbare\/\" class=\"revlink\">Recension<\/a> <\/div><div class=\"visitcol\"><a target=\"_blank\" href=\"https:\/\/gamblingsam.com\/sv\/go\/snabbare\" class=\"visbutton\">Spela<\/a><\/div>\n <\/div>\n<div class=\"termsrow\">\n<small>* 18+ | Spela ansvarsfullt | <a href=\"http:\/\/www.stodlinjen.se\" target=\"_blank\" rel=\"nofollow noopener\">St\u00f6dlinjen.se<\/a> | <a href=\"https:\/\/www.spelpaus.se\" target=\"_blank\" rel=\"nofollow noopener\">Spelpaus.se.se<\/a> | <a href=\"\" target=\"_blank\" rel=\"nofollow noopener\">Regler &amp; villkor g\u00e4ller<\/a><\/small><\/div>\n<div class=\"top-sites-row top-sites-body row-5 \">\n         <div  class=\"casinocol\"><span class=\"rankcir\">5<\/span>\n\t\t <a target=\"_blank\" href=\"https:\/\/gamblingsam.com\/sv\/go\/bethard\">\n\t\t  <img loading=\"lazy\" decoding=\"async\" width=\"150\" height=\"75\" src=\"https:\/\/gamblingsam.com\/sv\/wp-content\/media\/sites\/2\/2020\/04\/bethard.png\" class=\"logocomp wp-post-image\" alt=\"\" \/>\n\t\t\t<\/a>\n\t\t<\/div><div class=\"featcol\"><ul><li>Ambassad\u00f6r: Zlatan <\/li><li> Grymt spelutbud <\/li><li> Bra bonusar<\/li><\/ul>\t<\/div><div class=\"depcol\"><span class=\"hilite\">100% uppt till 500 kr<\/span><\/div><div  class=\"ratecol\"><span class=\"rate cen\"> <span class=\"ratetotal\" style=\"width: 88%\"><\/span><\/span><a href=\"https:\/\/gamblingsam.com\/sv\/spelbolag\/bethard\/\" class=\"revlink\">Recension<\/a> <\/div><div class=\"visitcol\"><a target=\"_blank\" href=\"https:\/\/gamblingsam.com\/sv\/go\/bethard\" class=\"visbutton\">Spela<\/a><\/div>\n <\/div>\n<div class=\"termsrow\">\n<small>* 18+ | Spela ansvarsfullt | <a href=\"http:\/\/www.stodlinjen.se\" target=\"_blank\" rel=\"nofollow noopener\">St\u00f6dlinjen.se<\/a> | <a href=\"https:\/\/www.spelpaus.se\" target=\"_blank\" rel=\"nofollow noopener\">Spelpaus.se.se<\/a> | <a href=\"\" target=\"_blank\" rel=\"nofollow noopener\">Regler &amp; villkor g\u00e4ller<\/a><\/small><\/div><\/div>\n\n\n\n<h2 class=\"wp-block-heading\">Best\u00e4ll ett gratis Skrill Mastercard f\u00f6r att anv\u00e4nda dina vinster p\u00e5 direkten<\/h2>\n\n\n\n<p>Du kan koppla ett Mastercard till ditt Skrill-konto. Detta \u00e4r definitivt n\u00e5got vi rekommenderar. D\u00e5 \u00e4r du fri och kan anv\u00e4nda dina pengar \u00f6verallt. Det g\u00e5r ocks\u00e5 att anv\u00e4nda Skrill direkt p\u00e5 n\u00e4tet eller att s\u00e4tta in pengarna till ditt bankkonto. Men \u00f6verf\u00f6ringstiden ligger p\u00e5 1-3 dagar om du ska ha in pengarna p\u00e5 din svenska bank, vilket g\u00f6r att det g\u00e5r snabbare om du har ett Mastercard kopplat.<\/p>\n\n\n\n<p>Att skaffa ett Mastercard hos Skrill \u00e4r helt gratis. Du kan sj\u00e4lv st\u00e4lla in din pin-kod eller \u00e4ndra den vid behov. Det \u00e4r perfekt om du till exempel ska ut och festa en kv\u00e4ll. Bara s\u00e4tt in valt belopp p\u00e5 ditt pre paid card och du har en fast budget att h\u00e5lla dig till. Skrill \u00e4r en otroligt smidig tj\u00e4nst som underl\u00e4ttar rej\u00e4lt i vardagen.<\/p>\n\n\n\n<h3 class=\"wp-block-heading\">\u00c4r Skrill en s\u00e4ker betalningsmetod?<\/h3>\n\n\n\n<p>Eftersom det \u00e4r spel och pengar involverande kanske du k\u00e4nner dig n\u00e5got nerv\u00f6s n\u00e4r du ska v\u00e4lja en betalningsmetod du inte k\u00e4nner till. Dock \u00e4r det s\u00e5 att Skrill \u00e4r 100% s\u00e4ker. I Storbritannien hittar vi f\u00f6retaget Financial Services Authority. De ser till s\u00e5 att Skrill uppfyller de h\u00f6gt st\u00e4llda krav som alla tj\u00e4nster som sysslar med transaktioner m\u00e5ste g\u00f6ra. Det g\u00f6r att oavsett om du s\u00e4tter in pengar eller tar ut vinster fr\u00e5n ett <a href=\"https:\/\/gamblingsam.com\/sv\/\">online casino<\/a>, \u00e4r dina kontanter i trygga h\u00e4nder.<\/p>\n\n\n\n<p>Eftersom Skrill \u00e4r s\u00e5 s\u00e4kert har m\u00e5nga g\u00e5tt \u00f6ver till metoden. PayPal \u00e4r en tj\u00e4nst som folk annars t\u00e4nker p\u00e5 n\u00e4r det kommer till betalningsl\u00f6sningar online. Vi tycker Skrill \u00e4r betydligt b\u00e4ttre, framf\u00f6rallt n\u00e4r det kommer till casinon p\u00e5 n\u00e4tet. Vad som \u00e4r extra bra med Skrill \u00e4r att flera olika valutor \u00e4r kompatibla. Betalningsmetoden har ocks\u00e5 blivit omtyckt p\u00e5 grund av deras gedigna kundtj\u00e4nst som g\u00f6r allt f\u00f6r kunderna. Den \u00e4r tillg\u00e4nglig 24\/7 \u00e5ret om.<\/p>\n\n\n\n<h3 class=\"wp-block-heading\">Snabba ins\u00e4ttningar och uttag p\u00e5 direkten<\/h3>\n\n\n\n<p>V\u00e4ntetider \u00e4r inte s\u00e4rskilt modernt i den v\u00e4rld vi befinner oss i. D\u00e4rf\u00f6r \u00e4r det sk\u00f6nt att Skrills \u00f6verf\u00f6ringar g\u00e5r p\u00e5 sekunden. N\u00e4r du g\u00f6r en ins\u00e4ttning hos ett online casino hinner du inte blinka f\u00f6re pengarna \u00e4r inne. Detsamma g\u00e4ller vid uttag, hela beloppet kommer in p\u00e5 direkten. D\u00e4rmed var man f\u00f6re sin tid med de snabba uttagen fr\u00e5n internet casinon.<\/p>\n\n\n\n<p>Med Skrill slipper du allt som oftast avgifter, n\u00e5got du som spelare g\u00e4rna undviker. Ska du \u00e5ka p\u00e5 en avgift hos Skrill \u00e4r det endast n\u00e4r du g\u00f6r en kortins\u00e4ttning. I \u00f6vrigt \u00e4r det helt gratis att s\u00e4tta in eller ta ut pengar fr\u00e5n ett online casino med Skrill. Om du vill f\u00f6ra \u00f6ver pengarna till din bank kan det ocks\u00e5 g\u00f6ras mot en avgift.<\/p>\n\n\n\n<h3 class=\"wp-block-heading\">Kan jag ta emot en bonus med Skrill?<\/h3>\n\n\n\n<p>Det \u00e4r en lite mer knepig fr\u00e5ga. Tyv\u00e4rr \u00e4r det s\u00e5 att m\u00e5nga casinon inte till\u00e5ter Skrill om man samtidigt vill ta emot en bonus. Det kan k\u00e4nnas lite l\u00f6jligt men s\u00e5 \u00e4r faktiskt fallet. Flera online casinon som erbjuder Skrill g\u00f6r det bara om du inte vill ha en <a href=\"https:\/\/gamblingsam.com\/sv\/casino-bonus\">casino bonus<\/a>. Samtidigt finns det undantag och vissa casinon p\u00e5 n\u00e4tet till\u00e5ter en bonus med Skrill.<\/p>\n\n\n\n<div class=\"wp-block-image\"><figure class=\"aligncenter size-large is-resized\"><img decoding=\"async\" src=\"https:\/\/gamblingsam.com\/sv\/wp-content\/media\/sites\/2\/2020\/01\/Bordspill-p\u00e5-nett.jpg\" alt=\"S\u00e4tt in och ta ut pengar med n\u00e4tpl\u00e5nboken Skrill\" class=\"wp-image-178\" width=\"1200\" srcset=\"https:\/\/gamblingsam.com\/sv\/wp-content\/media\/sites\/2\/2020\/01\/Bordspill-p\u00e5-nett.jpg 792w, https:\/\/gamblingsam.com\/sv\/wp-content\/media\/sites\/2\/2020\/01\/Bordspill-p\u00e5-nett-300x103.jpg 300w, https:\/\/gamblingsam.com\/sv\/wp-content\/media\/sites\/2\/2020\/01\/Bordspill-p\u00e5-nett-768x263.jpg 768w\" sizes=\"(max-width: 792px) 100vw, 792px\" \/><\/figure><\/div>\n\n\n\n<p>D\u00e4rf\u00f6r \u00e4r fr\u00e5gan inte helt l\u00e4tt att besvara. Ja du kan ta emot en bonus p\u00e5 Skrill men om du har 10 spelbolag framf\u00f6r dig kanske ett casino till\u00e5ter det.<\/p>\n\n\n\n<h3 class=\"wp-block-heading\">Kom ig\u00e5ng med Skrill idag<\/h3>\n\n\n\n<p>Att signa upp sig hos Skrill g\u00e5r p\u00e5 nolltid. Du beh\u00f6ver bara fylla i lite uppgifter och d\u00e4refter \u00e4r du ig\u00e5ng p\u00e5 n\u00e5gra minuter. Att skicka pengar mellan andra anv\u00e4ndare g\u00e5r p\u00e5 direkten och samma sak n\u00e4r du handlar. Den enda g\u00e5ngen du har lite v\u00e4ntetid \u00e4r n\u00e4r du ska f\u00f6ra \u00f6ver till ditt bankkonto. I \u00f6vrigt \u00e4r det en helt sm\u00e4rtfri tj\u00e4nst.<\/p>\n","protected":false},"excerpt":{"rendered":"<p>Skrill casino &#8211; S\u00e4tt in &amp; ta ut pengar med Skrill N\u00e4r du spelar casino med Skrill g\u00f6r du det med vetskapen att det \u00e4r en E-wallet av rang. F\u00e5 <a href=\"https:\/\/gamblingsam.com\/sv\/skrill\/\">&#8230;.<\/a><\/p>\n","protected":false},"author":1,"featured_media":0,"parent":0,"menu_order":0,"comment_status":"closed","ping_status":"closed","template":"","meta":{"footnotes":""},"class_list":["post-84","page","type-page","status-publish","hentry"],"yoast_head":"<!-- This site is optimized with the Yoast SEO plugin v27.5 - https:\/\/yoast.com\/product\/yoast-seo-wordpress\/ -->\n<title>Skrill casino - S\u00e4tt in och ta ut pengar med n\u00e4tpl\u00e5nboken Skrill<\/title>\n<meta name=\"description\" content=\"Skrill \u00e4r en mycket popul\u00e4r och smidig n\u00e4tpl\u00e5nbok. Vill du hitta online casinon som erbjuder Skrill som betalningsmetod s\u00e5 b\u00f6r du titta in hos GamblingSam!\" \/>\n<meta name=\"robots\" content=\"index, follow, max-snippet:-1, max-image-preview:large, max-video-preview:-1\" \/>\n<link rel=\"canonical\" href=\"https:\/\/gamblingsam.com\/sv\/skrill\/\" \/>\n<meta property=\"og:locale\" content=\"sv_SE\" \/>\n<meta property=\"og:type\" content=\"article\" \/>\n<meta property=\"og:title\" content=\"Skrill casino - S\u00e4tt in och ta ut pengar med n\u00e4tpl\u00e5nboken Skrill\" \/>\n<meta property=\"og:description\" content=\"Skrill \u00e4r en mycket popul\u00e4r och smidig n\u00e4tpl\u00e5nbok. Vill du hitta online casinon som erbjuder Skrill som betalningsmetod s\u00e5 b\u00f6r du titta in hos GamblingSam!\" \/>\n<meta property=\"og:url\" content=\"https:\/\/gamblingsam.com\/sv\/skrill\/\" \/>\n<meta property=\"og:site_name\" content=\"GamblingSam.com\" \/>\n<meta property=\"article:modified_time\" content=\"2021-11-02T11:39:07+00:00\" \/>\n<meta name=\"twitter:card\" content=\"summary_large_image\" \/>\n<meta name=\"twitter:label1\" content=\"Ber\u00e4knad l\u00e4stid\" \/>\n\t<meta name=\"twitter:data1\" content=\"4 minuter\" \/>\n<script type=\"application\/ld+json\" class=\"yoast-schema-graph\">{\"@context\":\"https:\\\/\\\/schema.org\",\"@graph\":[{\"@type\":\"WebPage\",\"@id\":\"https:\\\/\\\/gamblingsam.com\\\/sv\\\/skrill\\\/\",\"url\":\"https:\\\/\\\/gamblingsam.com\\\/sv\\\/skrill\\\/\",\"name\":\"Skrill casino - S\u00e4tt in och ta ut pengar med n\u00e4tpl\u00e5nboken Skrill\",\"isPartOf\":{\"@id\":\"https:\\\/\\\/gamblingsam.com\\\/sv\\\/#website\"},\"datePublished\":\"2019-11-14T18:10:44+00:00\",\"dateModified\":\"2021-11-02T11:39:07+00:00\",\"description\":\"Skrill \u00e4r en mycket popul\u00e4r och smidig n\u00e4tpl\u00e5nbok. Vill du hitta online casinon som erbjuder Skrill som betalningsmetod s\u00e5 b\u00f6r du titta in hos GamblingSam!\",\"breadcrumb\":{\"@id\":\"https:\\\/\\\/gamblingsam.com\\\/sv\\\/skrill\\\/#breadcrumb\"},\"inLanguage\":\"sv-SE\",\"potentialAction\":[{\"@type\":\"ReadAction\",\"target\":[\"https:\\\/\\\/gamblingsam.com\\\/sv\\\/skrill\\\/\"]}]},{\"@type\":\"BreadcrumbList\",\"@id\":\"https:\\\/\\\/gamblingsam.com\\\/sv\\\/skrill\\\/#breadcrumb\",\"itemListElement\":[{\"@type\":\"ListItem\",\"position\":1,\"name\":\"Home\",\"item\":\"https:\\\/\\\/gamblingsam.com\\\/sv\\\/\"},{\"@type\":\"ListItem\",\"position\":2,\"name\":\"Skrill\"}]},{\"@type\":\"WebSite\",\"@id\":\"https:\\\/\\\/gamblingsam.com\\\/sv\\\/#website\",\"url\":\"https:\\\/\\\/gamblingsam.com\\\/sv\\\/\",\"name\":\"GamblingSam.com\",\"description\":\"\",\"potentialAction\":[{\"@type\":\"SearchAction\",\"target\":{\"@type\":\"EntryPoint\",\"urlTemplate\":\"https:\\\/\\\/gamblingsam.com\\\/sv\\\/?s={search_term_string}\"},\"query-input\":{\"@type\":\"PropertyValueSpecification\",\"valueRequired\":true,\"valueName\":\"search_term_string\"}}],\"inLanguage\":\"sv-SE\"}]}<\/script>\n<!-- \/ Yoast SEO plugin. -->","yoast_head_json":{"title":"Skrill casino - S\u00e4tt in och ta ut pengar med n\u00e4tpl\u00e5nboken Skrill","description":"Skrill \u00e4r en mycket popul\u00e4r och smidig n\u00e4tpl\u00e5nbok. Vill du hitta online casinon som erbjuder Skrill som betalningsmetod s\u00e5 b\u00f6r du titta in hos GamblingSam!","robots":{"index":"index","follow":"follow","max-snippet":"max-snippet:-1","max-image-preview":"max-image-preview:large","max-video-preview":"max-video-preview:-1"},"canonical":"https:\/\/gamblingsam.com\/sv\/skrill\/","og_locale":"sv_SE","og_type":"article","og_title":"Skrill casino - S\u00e4tt in och ta ut pengar med n\u00e4tpl\u00e5nboken Skrill","og_description":"Skrill \u00e4r en mycket popul\u00e4r och smidig n\u00e4tpl\u00e5nbok. Vill du hitta online casinon som erbjuder Skrill som betalningsmetod s\u00e5 b\u00f6r du titta in hos GamblingSam!","og_url":"https:\/\/gamblingsam.com\/sv\/skrill\/","og_site_name":"GamblingSam.com","article_modified_time":"2021-11-02T11:39:07+00:00","twitter_card":"summary_large_image","twitter_misc":{"Ber\u00e4knad l\u00e4stid":"4 minuter"},"schema":{"@context":"https:\/\/schema.org","@graph":[{"@type":"WebPage","@id":"https:\/\/gamblingsam.com\/sv\/skrill\/","url":"https:\/\/gamblingsam.com\/sv\/skrill\/","name":"Skrill casino - S\u00e4tt in och ta ut pengar med n\u00e4tpl\u00e5nboken Skrill","isPartOf":{"@id":"https:\/\/gamblingsam.com\/sv\/#website"},"datePublished":"2019-11-14T18:10:44+00:00","dateModified":"2021-11-02T11:39:07+00:00","description":"Skrill \u00e4r en mycket popul\u00e4r och smidig n\u00e4tpl\u00e5nbok. Vill du hitta online casinon som erbjuder Skrill som betalningsmetod s\u00e5 b\u00f6r du titta in hos GamblingSam!","breadcrumb":{"@id":"https:\/\/gamblingsam.com\/sv\/skrill\/#breadcrumb"},"inLanguage":"sv-SE","potentialAction":[{"@type":"ReadAction","target":["https:\/\/gamblingsam.com\/sv\/skrill\/"]}]},{"@type":"BreadcrumbList","@id":"https:\/\/gamblingsam.com\/sv\/skrill\/#breadcrumb","itemListElement":[{"@type":"ListItem","position":1,"name":"Home","item":"https:\/\/gamblingsam.com\/sv\/"},{"@type":"ListItem","position":2,"name":"Skrill"}]},{"@type":"WebSite","@id":"https:\/\/gamblingsam.com\/sv\/#website","url":"https:\/\/gamblingsam.com\/sv\/","name":"GamblingSam.com","description":"","potentialAction":[{"@type":"SearchAction","target":{"@type":"EntryPoint","urlTemplate":"https:\/\/gamblingsam.com\/sv\/?s={search_term_string}"},"query-input":{"@type":"PropertyValueSpecification","valueRequired":true,"valueName":"search_term_string"}}],"inLanguage":"sv-SE"}]}},"_links":{"self":[{"href":"https:\/\/gamblingsam.com\/sv\/wp-json\/wp\/v2\/pages\/84","targetHints":{"allow":["GET"]}}],"collection":[{"href":"https:\/\/gamblingsam.com\/sv\/wp-json\/wp\/v2\/pages"}],"about":[{"href":"https:\/\/gamblingsam.com\/sv\/wp-json\/wp\/v2\/types\/page"}],"author":[{"embeddable":true,"href":"https:\/\/gamblingsam.com\/sv\/wp-json\/wp\/v2\/users\/1"}],"replies":[{"embeddable":true,"href":"https:\/\/gamblingsam.com\/sv\/wp-json\/wp\/v2\/comments?post=84"}],"version-history":[{"count":6,"href":"https:\/\/gamblingsam.com\/sv\/wp-json\/wp\/v2\/pages\/84\/revisions"}],"predecessor-version":[{"id":372,"href":"https:\/\/gamblingsam.com\/sv\/wp-json\/wp\/v2\/pages\/84\/revisions\/372"}],"wp:attachment":[{"href":"https:\/\/gamblingsam.com\/sv\/wp-json\/wp\/v2\/media?parent=84"}],"curies":[{"name":"wp","href":"https:\/\/api.w.org\/{rel}","templated":true}]}}