{"id":87,"date":"2019-11-14T19:01:27","date_gmt":"2019-11-14T19:01:27","guid":{"rendered":"https:\/\/gamblingsam.com\/sv\/?page_id=87"},"modified":"2021-11-02T11:42:23","modified_gmt":"2021-11-02T11:42:23","slug":"yggdrasil","status":"publish","type":"page","link":"https:\/\/gamblingsam.com\/sv\/yggdrasil\/","title":{"rendered":"Yggdrasil"},"content":{"rendered":"\n<h1 class=\"wp-block-heading\">Yggdrasil &#8211; En speltillverkare med m\u00e5nga bra casinospel<\/h1>\n\n\n\n<p>En av de mer uppskattade speltillverkarna hos casinon p\u00e5 n\u00e4tet just nu \u00e4r Yggdrasil Gaming. Visst har f\u00f6retaget en bit kvar upp till samma niv\u00e5 som NetEnt och Microgaming men man n\u00e4rmar sig. Namnet Yggdrasil h\u00e4rstammar fr\u00e5n den nordiska mytologin. Om vi delar upp ordet f\u00e5r vi v\u00e5r f\u00f6rklaring. Ygg \u00e4r ett smeknamn p\u00e5 Odin medan Drasil betyder h\u00e4st p\u00e5 isl\u00e4ndska. Kort och gott Odins h\u00e4st!<\/p>\n\n\n\n  <div class=\"top-sites-wrap\">\n\t\t<div class=\"top-sites-row top-sites-heading\"><div class=\"casinocol \">\tCasino<\/div><div class=\"featcol\">F\u00f6rdelar<\/div><div  class=\"depcol\">Bonus<\/div><div  class=\"ratecol\">Betyg<\/div><div class=\"visitcol \">Spela<\/div>\n       <\/div>\n\n<div class=\"top-sites-row top-sites-body row-1 \">\n         <div  class=\"casinocol\"><span class=\"rankcir\">1<\/span>\n\t\t <a target=\"_blank\" href=\"https:\/\/gamblingsam.com\/sv\/go\/casumo\">\n\t\t  <img loading=\"lazy\" decoding=\"async\" width=\"150\" height=\"76\" src=\"https:\/\/gamblingsam.com\/sv\/wp-content\/media\/sites\/2\/2019\/11\/casumo.png\" class=\"logocomp wp-post-image\" alt=\"\" \/>\n\t\t\t<\/a>\n\t\t<\/div><div class=\"featcol\"><ul><li>Grym bonus <\/li><li> BankID <\/li><li> Swish<\/li><\/ul>\t<\/div><div class=\"depcol\"><span class=\"hilite\">500 kr<\/span><\/div><div  class=\"ratecol\"><span class=\"rate cen\"> <span class=\"ratetotal\" style=\"width: 96%\"><\/span><\/span><a href=\"https:\/\/gamblingsam.com\/sv\/spelbolag\/casumo\/\" class=\"revlink\">Recension<\/a> <\/div><div class=\"visitcol\"><a target=\"_blank\" href=\"https:\/\/gamblingsam.com\/sv\/go\/casumo\" class=\"visbutton\">Spela<\/a><\/div>\n <\/div>\n<div class=\"termsrow\">\n<small>* 18+ | Spela ansvarsfullt | <a href=\"http:\/\/www.stodlinjen.se\" target=\"_blank\" rel=\"nofollow noopener\">St\u00f6dlinjen.se<\/a> | <a href=\"https:\/\/www.spelpaus.se\" target=\"_blank\" rel=\"nofollow noopener\">Spelpaus.se.se<\/a> | <a href=\"\" target=\"_blank\" rel=\"nofollow noopener\">Regler &amp; villkor g\u00e4ller<\/a><\/small><\/div>\n<div class=\"top-sites-row top-sites-body row-2 \">\n         <div  class=\"casinocol\"><span class=\"rankcir\">2<\/span>\n\t\t <a target=\"_blank\" href=\"https:\/\/gamblingsam.com\/sv\/go\/mrgreen\">\n\t\t  <img loading=\"lazy\" decoding=\"async\" width=\"300\" height=\"86\" src=\"https:\/\/gamblingsam.com\/sv\/wp-content\/media\/sites\/2\/2019\/12\/mr-green.png\" class=\"logocomp wp-post-image\" alt=\"\" \/>\n\t\t\t<\/a>\n\t\t<\/div><div class=\"featcol\"><ul><li>Bonus + free spins <\/li><li> Gr\u00f6nt spel <\/li><li> Massor med spel<\/li><\/ul>\t<\/div><div class=\"depcol\"><span class=\"hilite\">100% upp till 1000 kr<\/span><\/div><div  class=\"ratecol\"><span class=\"rate cen\"> <span class=\"ratetotal\" style=\"width: 92%\"><\/span><\/span><a href=\"https:\/\/gamblingsam.com\/sv\/spelbolag\/mr-green\/\" class=\"revlink\">Recension<\/a> <\/div><div class=\"visitcol\"><a target=\"_blank\" href=\"https:\/\/gamblingsam.com\/sv\/go\/mrgreen\" class=\"visbutton\">Spela<\/a><\/div>\n <\/div>\n<div class=\"termsrow\">\n<small>* 18+ | Spela ansvarsfullt | <a href=\"http:\/\/www.stodlinjen.se\" target=\"_blank\" rel=\"nofollow noopener\">St\u00f6dlinjen.se<\/a> | <a href=\"https:\/\/www.spelpaus.se\" target=\"_blank\" rel=\"nofollow noopener\">Spelpaus.se.se<\/a> | <a href=\"\" target=\"_blank\" rel=\"nofollow noopener\">Regler &amp; villkor g\u00e4ller<\/a><\/small><\/div>\n<div class=\"top-sites-row top-sites-body row-3 \">\n         <div  class=\"casinocol\"><span class=\"rankcir\">3<\/span>\n\t\t <a target=\"_blank\" href=\"https:\/\/gamblingsam.com\/sv\/go\/betsson\">\n\t\t  <img loading=\"lazy\" decoding=\"async\" width=\"146\" height=\"76\" src=\"https:\/\/gamblingsam.com\/sv\/wp-content\/media\/sites\/2\/2020\/03\/1.jpg\" class=\"logocomp wp-post-image\" alt=\"\" \/>\n\t\t\t<\/a>\n\t\t<\/div><div class=\"featcol\"><ul><li>L\u00e5ng erfarnhet <\/li><li> Bra bonus <\/li><li> Swish & Trustly<\/li><\/ul>\t<\/div><div class=\"depcol\"><span class=\"hilite\">500 kr + 100 free spins<\/span><\/div><div  class=\"ratecol\"><span class=\"rate cen\"> <span class=\"ratetotal\" style=\"width: 94%\"><\/span><\/span><a href=\"https:\/\/gamblingsam.com\/sv\/spelbolag\/betsson\/\" class=\"revlink\">Recension<\/a> <\/div><div class=\"visitcol\"><a target=\"_blank\" href=\"https:\/\/gamblingsam.com\/sv\/go\/betsson\" class=\"visbutton\">Spela<\/a><\/div>\n <\/div>\n<div class=\"termsrow\">\n<small>* 18+ | Spela ansvarsfullt | <a href=\"http:\/\/www.stodlinjen.se\" target=\"_blank\" rel=\"nofollow noopener\">St\u00f6dlinjen.se<\/a> | <a href=\"https:\/\/www.spelpaus.se\" target=\"_blank\" rel=\"nofollow noopener\">Spelpaus.se.se<\/a> | <a href=\"\" target=\"_blank\" rel=\"nofollow noopener\">Regler &amp; villkor g\u00e4ller<\/a><\/small><\/div>\n<div class=\"top-sites-row top-sites-body row-4 \">\n         <div  class=\"casinocol\"><span class=\"rankcir\">4<\/span>\n\t\t <a target=\"_blank\" href=\"https:\/\/gamblingsam.com\/sv\/go\/snabbare\">\n\t\t  <img loading=\"lazy\" decoding=\"async\" width=\"175\" height=\"105\" src=\"https:\/\/gamblingsam.com\/sv\/wp-content\/media\/sites\/2\/2019\/11\/snabbare_trans.png\" class=\"logocomp wp-post-image\" alt=\"\" \/>\n\t\t\t<\/a>\n\t\t<\/div><div class=\"featcol\"><ul><li>Massor med spel <\/li><li> Spela med BankID <\/li><li> Tillh\u00f6r ComeOn<\/li><\/ul>\t<\/div><div class=\"depcol\"><span class=\"hilite\">2000 kr<\/span><\/div><div  class=\"ratecol\"><span class=\"rate cen\"> <span class=\"ratetotal\" style=\"width: 94%\"><\/span><\/span><a href=\"https:\/\/gamblingsam.com\/sv\/spelbolag\/snabbare\/\" class=\"revlink\">Recension<\/a> <\/div><div class=\"visitcol\"><a target=\"_blank\" href=\"https:\/\/gamblingsam.com\/sv\/go\/snabbare\" class=\"visbutton\">Spela<\/a><\/div>\n <\/div>\n<div class=\"termsrow\">\n<small>* 18+ | Spela ansvarsfullt | <a href=\"http:\/\/www.stodlinjen.se\" target=\"_blank\" rel=\"nofollow noopener\">St\u00f6dlinjen.se<\/a> | <a href=\"https:\/\/www.spelpaus.se\" target=\"_blank\" rel=\"nofollow noopener\">Spelpaus.se.se<\/a> | <a href=\"\" target=\"_blank\" rel=\"nofollow noopener\">Regler &amp; villkor g\u00e4ller<\/a><\/small><\/div>\n<div class=\"top-sites-row top-sites-body row-5 \">\n         <div  class=\"casinocol\"><span class=\"rankcir\">5<\/span>\n\t\t <a target=\"_blank\" href=\"https:\/\/gamblingsam.com\/sv\/go\/bethard\">\n\t\t  <img loading=\"lazy\" decoding=\"async\" width=\"150\" height=\"75\" src=\"https:\/\/gamblingsam.com\/sv\/wp-content\/media\/sites\/2\/2020\/04\/bethard.png\" class=\"logocomp wp-post-image\" alt=\"\" \/>\n\t\t\t<\/a>\n\t\t<\/div><div class=\"featcol\"><ul><li>Ambassad\u00f6r: Zlatan <\/li><li> Grymt spelutbud <\/li><li> Bra bonusar<\/li><\/ul>\t<\/div><div class=\"depcol\"><span class=\"hilite\">100% uppt till 500 kr<\/span><\/div><div  class=\"ratecol\"><span class=\"rate cen\"> <span class=\"ratetotal\" style=\"width: 88%\"><\/span><\/span><a href=\"https:\/\/gamblingsam.com\/sv\/spelbolag\/bethard\/\" class=\"revlink\">Recension<\/a> <\/div><div class=\"visitcol\"><a target=\"_blank\" href=\"https:\/\/gamblingsam.com\/sv\/go\/bethard\" class=\"visbutton\">Spela<\/a><\/div>\n <\/div>\n<div class=\"termsrow\">\n<small>* 18+ | Spela ansvarsfullt | <a href=\"http:\/\/www.stodlinjen.se\" target=\"_blank\" rel=\"nofollow noopener\">St\u00f6dlinjen.se<\/a> | <a href=\"https:\/\/www.spelpaus.se\" target=\"_blank\" rel=\"nofollow noopener\">Spelpaus.se.se<\/a> | <a href=\"\" target=\"_blank\" rel=\"nofollow noopener\">Regler &amp; villkor g\u00e4ller<\/a><\/small><\/div><\/div>\n\n\n\n<h2 class=\"wp-block-heading\">P\u00e5 rekordkort tid har Yggdrasil gjort sig ett namn<\/h2>\n\n\n\n<p>Sedan lanseringen 2013 har Yggdrasil g\u00e5tt fr\u00e5n klarhet till klarhet. Idag \u00e4r deras spel extremt popul\u00e4ra och finns i flera olika kategorier. N\u00e4r m\u00e5nga andra speltillverkare g\u00e5r direkt p\u00e5 <a href=\"https:\/\/gamblingsam.com\/sv\/slots\">spelautomater<\/a> valde Yggdrasil en annan v\u00e4g. F\u00f6rst ut var det skraplotter, bingo och andra lotterier. Idag \u00e4r det slots och video banditer som dominerar utbudet. \u00d6ver 80 av de mest omtyckta spelbolagen har Yggdrasil i sitt spelutbud idag.<\/p>\n\n\n\n<p>Idag \u00e4gs Yggdrasil av Cherry-gruppen till st\u00f6rsta del. Det \u00e4r f\u00f6retaget bakom succ\u00e9n Cherry Casino. Speltillverkaren forts\u00e4tter att v\u00e4xa f\u00f6r varje dag som g\u00e5r och blir allt b\u00e4ttre med tiden. F\u00f6rhoppningsvis tar man \u00e4nnu st\u00f6rre steg snart om det \u00e4r m\u00f6jligt.<\/p>\n\n\n\n<h3 class=\"wp-block-heading\">Bra kvalit\u00e9 p\u00e5 b\u00e5de spel och programvara bland slots<\/h3>\n\n\n\n<p>En av de st\u00f6rsta anledningarna till Yggdrasils stora succ\u00e9 \u00e4r givetvis kvalit\u00e9n p\u00e5 spelen som tillverkas. Utan bra spel kommer man inte s\u00e4rskilt l\u00e5ngt som speltillverkare \u00e5t <a href=\"https:\/\/gamblingsam.com\/sv\/\">online casinon<\/a>. Spelautomaterna fr\u00e5n f\u00f6retaget \u00e4r unika genom att du f\u00e5r en bed\u00e5rande grafik och makal\u00f6sa ljudeffekter. Detta g\u00f6r spelautomaterna \u00e4nnu b\u00e4ttre.<\/p>\n\n\n\n<p>Fokus ligger idag p\u00e5 slots men det finns mycket mer att h\u00e4mta hos Yggdrasil. Lotto, skraplotter och bingo var s\u00e5 det startade och vi tycker definitivt du ska prova detta ocks\u00e5, om du inte redan gjort det. N\u00e5gra av v\u00e5ra favoriter bland slots fr\u00e5n Yggdrasil \u00e4r Wild Robo Factory, Niagara Falls och Champions of Rome. Vi m\u00e5ste ocks\u00e5 n\u00e4mna \u201dJungle Books\u201d baserat p\u00e5 historien om Mowgli.<\/p>\n\n\n\n<h3 class=\"wp-block-heading\">Progressiva jackpottar och bordsspel finns ocks\u00e5 hos Yggdrasil<\/h3>\n\n\n\n<p>Har du inte provat en progressiv jackpott fr\u00e5n Yggdrasil \u00e4r det h\u00f6g tid att g\u00f6ra det. D\u00e5 tar f\u00f6retaget en del av oms\u00e4ttningen och l\u00e4gger i en jackpott. Denna v\u00e4xer sig st\u00f6rre och starkare fram tills dess att n\u00e5gon vinner. En progressiv jackpott \u00e4r d\u00e4r det finns st\u00f6rst m\u00f6jlighet till riktigt stora vinster. Prova n\u00e5gon av jackpott-spelen fr\u00e5n Yggdrasil<\/p>\n\n\n\n<p>Bland bordsspelen \u00e4r det Baccarat, <a href=\"https:\/\/gamblingsam.com\/sv\/roulette\">Roulette<\/a> och Blackjack som g\u00e4ller. Man har kanske inte samma status som Evolution Gaming n\u00e4r det kommer till live casino men bordsspel klarar man av galant. Prova n\u00e5got av alla Yggdrasils bordsspel och vi tror med s\u00e4kerhet att du kommer bli n\u00f6jd.<\/p>\n\n\n\n<h3 class=\"wp-block-heading\">Yggdrasil i mobilen &#8211; blir mer flexibel i ditt spelande<\/h3>\n\n\n\n<p>Alla spel fr\u00e5n Yggdrasil \u00e4r idag kompatibla med mobilen och surfplattan ocks\u00e5. Som en modern speltillverkare m\u00e5ste man ha spel tillg\u00e4ngliga oavsett storlek p\u00e5 sk\u00e4rmen. D\u00e4rf\u00f6r anv\u00e4nder sig f\u00f6retaget av HTML5-teknologi som g\u00f6r att spelet anpassar sig oberoende av vad det \u00e4r f\u00f6r storlek p\u00e5 sk\u00e4rmen.<\/p>\n\n\n\n<p>N\u00e4r du spelar mobilcasino fr\u00e5n Yggdrasil \u00e4r det som att en ny v\u00e4rld \u00f6ppnar sig. Att bli mer flexibel \u00e4r n\u00e5got vi alla str\u00e4var efter och casino i mobilen ger den h\u00e4rliga k\u00e4nslan. Vad du \u00e4n \u00e4r kan du spela Yggdrasils spel fr\u00e5n din smartphone eller surfplatta. Givetvis \u00e4r spelen kompatibla med b\u00e5de iOS och Android. D\u00e4rmed kan vi spara diskussionen om vilket som \u00e4r b\u00e4st av iPhone och Samsung Galaxy.<\/p>\n\n\n\n<h3 class=\"wp-block-heading\">Tre popul\u00e4ra spelautomater fr\u00e5n Yggdrasil<\/h3>\n\n\n\n<p>Trolls Bridge &#8211; En av de mer klassiska spelautomaterna fr\u00e5n Yggdrasil. H\u00e4r g\u00e4ller det att inte bli r\u00e4dd f\u00f6r trollen utan ist\u00e4llet f\u00f6rs\u00f6ka ta sig \u00f6ver bron. Om du lyckas har du chans p\u00e5 storvinsten. Spelet sl\u00e4pptes i januari 2019 men har redan etablerat sig stort. Om du vill prova spelet gratis kan du testa i demol\u00e4ge.<\/p>\n\n\n\n<div class=\"wp-block-image\"><figure class=\"aligncenter size-large\"><img loading=\"lazy\" decoding=\"async\" width=\"956\" height=\"258\" src=\"https:\/\/gamblingsam.com\/sv\/wp-content\/media\/sites\/2\/2020\/01\/yggdrasillog.png\" alt=\"Yggdrasil - En speltillverkare med flera gymma casinospel i bagaget\" class=\"wp-image-194\" srcset=\"https:\/\/gamblingsam.com\/sv\/wp-content\/media\/sites\/2\/2020\/01\/yggdrasillog.png 956w, https:\/\/gamblingsam.com\/sv\/wp-content\/media\/sites\/2\/2020\/01\/yggdrasillog-300x81.png 300w, https:\/\/gamblingsam.com\/sv\/wp-content\/media\/sites\/2\/2020\/01\/yggdrasillog-768x207.png 768w\" sizes=\"auto, (max-width: 956px) 100vw, 956px\" \/><\/figure><\/div>\n\n\n\n<h3 class=\"wp-block-heading\">Beauty and the Beast<\/h3>\n\n\n\n<p>Den klassiska sagan som blev filmatiserad och omgjord av Disney \u00e4r en sann klassiker. Som spelautomat fick Yggdrasil \u00e4ran att skapa m\u00e4sterverket. Resultatet \u00e4r enast\u00e5ende med slumpade wild-symboler och ett free spins mode att sukta efter. D\u00e5 kan du dessutom aktivera multiplikatorn och f\u00e5 dina vinster multiplicerade.<\/p>\n\n\n\n<h3 class=\"wp-block-heading\">Vikings Go Berserk<\/h3>\n\n\n\n<p>Slots med viking-tema finns det gott om i dagens samh\u00e4lle. En av v\u00e5ra favoriter \u00e4r Vikings Go Berzerk. Prova den idag och kanske har du tur att aktivera free spins-l\u00e4get. Det du ska str\u00e4va efter \u00e4r Ragnar\u00f6k Free Spins, d\u00e5 \u00e4r det bara att h\u00e4mta hem pengarna.<\/p>\n","protected":false},"excerpt":{"rendered":"<p>Yggdrasil &#8211; En speltillverkare med m\u00e5nga bra casinospel En av de mer uppskattade speltillverkarna hos casinon p\u00e5 n\u00e4tet just nu \u00e4r Yggdrasil Gaming. Visst har f\u00f6retaget en bit kvar upp <a href=\"https:\/\/gamblingsam.com\/sv\/yggdrasil\/\">&#8230;.<\/a><\/p>\n","protected":false},"author":1,"featured_media":0,"parent":0,"menu_order":0,"comment_status":"closed","ping_status":"closed","template":"","meta":{"footnotes":""},"class_list":["post-87","page","type-page","status-publish","hentry"],"yoast_head":"<!-- This site is optimized with the Yoast SEO plugin v27.5 - https:\/\/yoast.com\/product\/yoast-seo-wordpress\/ -->\n<title>Yggdrasil - En speltillverkare med flera gymma casinospel i bagaget<\/title>\n<meta name=\"description\" content=\"Yggdrasil \u00e4r en speltillverkare som har varit med ett tag nu och vet hur man f\u00e5r till perfekta casinospel. Bes\u00f6k oss s\u00e5 visar vi dig Yggdrasils b\u00e4sta spel!\" \/>\n<meta name=\"robots\" content=\"index, follow, max-snippet:-1, max-image-preview:large, max-video-preview:-1\" \/>\n<link rel=\"canonical\" href=\"https:\/\/gamblingsam.com\/sv\/yggdrasil\/\" \/>\n<meta property=\"og:locale\" content=\"sv_SE\" \/>\n<meta property=\"og:type\" content=\"article\" \/>\n<meta property=\"og:title\" content=\"Yggdrasil - En speltillverkare med flera gymma casinospel i bagaget\" \/>\n<meta property=\"og:description\" content=\"Yggdrasil \u00e4r en speltillverkare som har varit med ett tag nu och vet hur man f\u00e5r till perfekta casinospel. Bes\u00f6k oss s\u00e5 visar vi dig Yggdrasils b\u00e4sta spel!\" \/>\n<meta property=\"og:url\" content=\"https:\/\/gamblingsam.com\/sv\/yggdrasil\/\" \/>\n<meta property=\"og:site_name\" content=\"GamblingSam.com\" \/>\n<meta property=\"article:modified_time\" content=\"2021-11-02T11:42:23+00:00\" \/>\n<meta property=\"og:image\" content=\"https:\/\/gamblingsam.com\/sv\/wp-content\/media\/sites\/2\/2020\/01\/yggdrasillog.png\" \/>\n<meta name=\"twitter:card\" content=\"summary_large_image\" \/>\n<meta name=\"twitter:label1\" content=\"Ber\u00e4knad l\u00e4stid\" \/>\n\t<meta name=\"twitter:data1\" content=\"4 minuter\" \/>\n<script type=\"application\/ld+json\" class=\"yoast-schema-graph\">{\"@context\":\"https:\\\/\\\/schema.org\",\"@graph\":[{\"@type\":\"WebPage\",\"@id\":\"https:\\\/\\\/gamblingsam.com\\\/sv\\\/yggdrasil\\\/\",\"url\":\"https:\\\/\\\/gamblingsam.com\\\/sv\\\/yggdrasil\\\/\",\"name\":\"Yggdrasil - En speltillverkare med flera gymma casinospel i bagaget\",\"isPartOf\":{\"@id\":\"https:\\\/\\\/gamblingsam.com\\\/sv\\\/#website\"},\"primaryImageOfPage\":{\"@id\":\"https:\\\/\\\/gamblingsam.com\\\/sv\\\/yggdrasil\\\/#primaryimage\"},\"image\":{\"@id\":\"https:\\\/\\\/gamblingsam.com\\\/sv\\\/yggdrasil\\\/#primaryimage\"},\"thumbnailUrl\":\"https:\\\/\\\/gamblingsam.com\\\/sv\\\/wp-content\\\/media\\\/sites\\\/2\\\/2020\\\/01\\\/yggdrasillog.png\",\"datePublished\":\"2019-11-14T19:01:27+00:00\",\"dateModified\":\"2021-11-02T11:42:23+00:00\",\"description\":\"Yggdrasil \u00e4r en speltillverkare som har varit med ett tag nu och vet hur man f\u00e5r till perfekta casinospel. Bes\u00f6k oss s\u00e5 visar vi dig Yggdrasils b\u00e4sta spel!\",\"breadcrumb\":{\"@id\":\"https:\\\/\\\/gamblingsam.com\\\/sv\\\/yggdrasil\\\/#breadcrumb\"},\"inLanguage\":\"sv-SE\",\"potentialAction\":[{\"@type\":\"ReadAction\",\"target\":[\"https:\\\/\\\/gamblingsam.com\\\/sv\\\/yggdrasil\\\/\"]}]},{\"@type\":\"ImageObject\",\"inLanguage\":\"sv-SE\",\"@id\":\"https:\\\/\\\/gamblingsam.com\\\/sv\\\/yggdrasil\\\/#primaryimage\",\"url\":\"https:\\\/\\\/gamblingsam.com\\\/sv\\\/wp-content\\\/media\\\/sites\\\/2\\\/2020\\\/01\\\/yggdrasillog.png\",\"contentUrl\":\"https:\\\/\\\/gamblingsam.com\\\/sv\\\/wp-content\\\/media\\\/sites\\\/2\\\/2020\\\/01\\\/yggdrasillog.png\",\"width\":956,\"height\":258},{\"@type\":\"BreadcrumbList\",\"@id\":\"https:\\\/\\\/gamblingsam.com\\\/sv\\\/yggdrasil\\\/#breadcrumb\",\"itemListElement\":[{\"@type\":\"ListItem\",\"position\":1,\"name\":\"Home\",\"item\":\"https:\\\/\\\/gamblingsam.com\\\/sv\\\/\"},{\"@type\":\"ListItem\",\"position\":2,\"name\":\"Yggdrasil\"}]},{\"@type\":\"WebSite\",\"@id\":\"https:\\\/\\\/gamblingsam.com\\\/sv\\\/#website\",\"url\":\"https:\\\/\\\/gamblingsam.com\\\/sv\\\/\",\"name\":\"GamblingSam.com\",\"description\":\"\",\"potentialAction\":[{\"@type\":\"SearchAction\",\"target\":{\"@type\":\"EntryPoint\",\"urlTemplate\":\"https:\\\/\\\/gamblingsam.com\\\/sv\\\/?s={search_term_string}\"},\"query-input\":{\"@type\":\"PropertyValueSpecification\",\"valueRequired\":true,\"valueName\":\"search_term_string\"}}],\"inLanguage\":\"sv-SE\"}]}<\/script>\n<!-- \/ Yoast SEO plugin. -->","yoast_head_json":{"title":"Yggdrasil - En speltillverkare med flera gymma casinospel i bagaget","description":"Yggdrasil \u00e4r en speltillverkare som har varit med ett tag nu och vet hur man f\u00e5r till perfekta casinospel. Bes\u00f6k oss s\u00e5 visar vi dig Yggdrasils b\u00e4sta spel!","robots":{"index":"index","follow":"follow","max-snippet":"max-snippet:-1","max-image-preview":"max-image-preview:large","max-video-preview":"max-video-preview:-1"},"canonical":"https:\/\/gamblingsam.com\/sv\/yggdrasil\/","og_locale":"sv_SE","og_type":"article","og_title":"Yggdrasil - En speltillverkare med flera gymma casinospel i bagaget","og_description":"Yggdrasil \u00e4r en speltillverkare som har varit med ett tag nu och vet hur man f\u00e5r till perfekta casinospel. Bes\u00f6k oss s\u00e5 visar vi dig Yggdrasils b\u00e4sta spel!","og_url":"https:\/\/gamblingsam.com\/sv\/yggdrasil\/","og_site_name":"GamblingSam.com","article_modified_time":"2021-11-02T11:42:23+00:00","og_image":[{"url":"https:\/\/gamblingsam.com\/sv\/wp-content\/media\/sites\/2\/2020\/01\/yggdrasillog.png","type":"","width":"","height":""}],"twitter_card":"summary_large_image","twitter_misc":{"Ber\u00e4knad l\u00e4stid":"4 minuter"},"schema":{"@context":"https:\/\/schema.org","@graph":[{"@type":"WebPage","@id":"https:\/\/gamblingsam.com\/sv\/yggdrasil\/","url":"https:\/\/gamblingsam.com\/sv\/yggdrasil\/","name":"Yggdrasil - En speltillverkare med flera gymma casinospel i bagaget","isPartOf":{"@id":"https:\/\/gamblingsam.com\/sv\/#website"},"primaryImageOfPage":{"@id":"https:\/\/gamblingsam.com\/sv\/yggdrasil\/#primaryimage"},"image":{"@id":"https:\/\/gamblingsam.com\/sv\/yggdrasil\/#primaryimage"},"thumbnailUrl":"https:\/\/gamblingsam.com\/sv\/wp-content\/media\/sites\/2\/2020\/01\/yggdrasillog.png","datePublished":"2019-11-14T19:01:27+00:00","dateModified":"2021-11-02T11:42:23+00:00","description":"Yggdrasil \u00e4r en speltillverkare som har varit med ett tag nu och vet hur man f\u00e5r till perfekta casinospel. Bes\u00f6k oss s\u00e5 visar vi dig Yggdrasils b\u00e4sta spel!","breadcrumb":{"@id":"https:\/\/gamblingsam.com\/sv\/yggdrasil\/#breadcrumb"},"inLanguage":"sv-SE","potentialAction":[{"@type":"ReadAction","target":["https:\/\/gamblingsam.com\/sv\/yggdrasil\/"]}]},{"@type":"ImageObject","inLanguage":"sv-SE","@id":"https:\/\/gamblingsam.com\/sv\/yggdrasil\/#primaryimage","url":"https:\/\/gamblingsam.com\/sv\/wp-content\/media\/sites\/2\/2020\/01\/yggdrasillog.png","contentUrl":"https:\/\/gamblingsam.com\/sv\/wp-content\/media\/sites\/2\/2020\/01\/yggdrasillog.png","width":956,"height":258},{"@type":"BreadcrumbList","@id":"https:\/\/gamblingsam.com\/sv\/yggdrasil\/#breadcrumb","itemListElement":[{"@type":"ListItem","position":1,"name":"Home","item":"https:\/\/gamblingsam.com\/sv\/"},{"@type":"ListItem","position":2,"name":"Yggdrasil"}]},{"@type":"WebSite","@id":"https:\/\/gamblingsam.com\/sv\/#website","url":"https:\/\/gamblingsam.com\/sv\/","name":"GamblingSam.com","description":"","potentialAction":[{"@type":"SearchAction","target":{"@type":"EntryPoint","urlTemplate":"https:\/\/gamblingsam.com\/sv\/?s={search_term_string}"},"query-input":{"@type":"PropertyValueSpecification","valueRequired":true,"valueName":"search_term_string"}}],"inLanguage":"sv-SE"}]}},"_links":{"self":[{"href":"https:\/\/gamblingsam.com\/sv\/wp-json\/wp\/v2\/pages\/87","targetHints":{"allow":["GET"]}}],"collection":[{"href":"https:\/\/gamblingsam.com\/sv\/wp-json\/wp\/v2\/pages"}],"about":[{"href":"https:\/\/gamblingsam.com\/sv\/wp-json\/wp\/v2\/types\/page"}],"author":[{"embeddable":true,"href":"https:\/\/gamblingsam.com\/sv\/wp-json\/wp\/v2\/users\/1"}],"replies":[{"embeddable":true,"href":"https:\/\/gamblingsam.com\/sv\/wp-json\/wp\/v2\/comments?post=87"}],"version-history":[{"count":5,"href":"https:\/\/gamblingsam.com\/sv\/wp-json\/wp\/v2\/pages\/87\/revisions"}],"predecessor-version":[{"id":376,"href":"https:\/\/gamblingsam.com\/sv\/wp-json\/wp\/v2\/pages\/87\/revisions\/376"}],"wp:attachment":[{"href":"https:\/\/gamblingsam.com\/sv\/wp-json\/wp\/v2\/media?parent=87"}],"curies":[{"name":"wp","href":"https:\/\/api.w.org\/{rel}","templated":true}]}}